

{"id":50956,"date":"2020-04-22T17:09:04","date_gmt":"2020-04-22T15:09:04","guid":{"rendered":"https:\/\/teslafm.net\/?page_id=50956"},"modified":"2021-04-05T16:53:36","modified_gmt":"2021-04-05T14:53:36","slug":"sferics","status":"publish","type":"page","link":"https:\/\/teslafm.net\/en\/sferics\/","title":{"rendered":"Sferics"},"content":{"rendered":"<div data-elementor-type=\"wp-page\" data-elementor-id=\"50956\" class=\"elementor elementor-50956\">\n\t\t\t\t\t\t<section class=\"elementor-section elementor-top-section elementor-element elementor-element-039b6a5 elementor-section-boxed elementor-section-height-default elementor-section-height-default\" data-id=\"039b6a5\" data-element_type=\"section\" data-e-type=\"section\">\n\t\t\t\t\t\t<div class=\"elementor-container elementor-column-gap-default\">\n\t\t\t\t\t<div class=\"elementor-column elementor-col-33 elementor-top-column elementor-element elementor-element-73d8f60\" data-id=\"73d8f60\" data-element_type=\"column\" data-e-type=\"column\">\n\t\t\t<div class=\"elementor-widget-wrap elementor-element-populated\">\n\t\t\t\t\t\t<div class=\"elementor-element elementor-element-5d96407 elementor-widget elementor-widget-image\" data-id=\"5d96407\" data-element_type=\"widget\" data-e-type=\"widget\" data-widget_type=\"image.default\">\n\t\t\t\t<div class=\"elementor-widget-container\">\n\t\t\t\t\t\t\t\t\t\t\t\t\t\t\t<img fetchpriority=\"high\" decoding=\"async\" width=\"300\" height=\"300\" src=\"https:\/\/teslafm.net\/wp-content\/uploads\/2020\/05\/Julio-cesar-palacio-300x300.jpg\" class=\"attachment-medium size-medium wp-image-51963\" alt=\"\" srcset=\"https:\/\/teslafm.net\/wp-content\/uploads\/2020\/05\/Julio-cesar-palacio-300x300.jpg 300w, https:\/\/teslafm.net\/wp-content\/uploads\/2020\/05\/Julio-cesar-palacio-150x150.jpg 150w, https:\/\/teslafm.net\/wp-content\/uploads\/2020\/05\/Julio-cesar-palacio.jpg 450w\" sizes=\"(max-width: 300px) 100vw, 300px\" \/>\t\t\t\t\t\t\t\t\t\t\t\t\t\t\t<\/div>\n\t\t\t\t<\/div>\n\t\t\t\t\t<\/div>\n\t\t<\/div>\n\t\t\t\t<div class=\"elementor-column elementor-col-33 elementor-top-column elementor-element elementor-element-e73603a\" data-id=\"e73603a\" data-element_type=\"column\" data-e-type=\"column\" data-settings=\"{&quot;background_background&quot;:&quot;classic&quot;}\">\n\t\t\t<div class=\"elementor-widget-wrap elementor-element-populated\">\n\t\t\t\t\t\t<div class=\"elementor-element elementor-element-cc71567 elementor-widget elementor-widget-heading\" data-id=\"cc71567\" data-element_type=\"widget\" data-e-type=\"widget\" data-widget_type=\"heading.default\">\n\t\t\t\t<div class=\"elementor-widget-container\">\n\t\t\t\t\t<h2 class=\"elementor-heading-title elementor-size-default\">JULIO C\u00c9SAR PALACIO<\/h2>\t\t\t\t<\/div>\n\t\t\t\t<\/div>\n\t\t\t\t<div class=\"elementor-element elementor-element-b5cae1e elementor-widget elementor-widget-text-editor\" data-id=\"b5cae1e\" data-element_type=\"widget\" data-e-type=\"widget\" data-widget_type=\"text-editor.default\">\n\t\t\t\t<div class=\"elementor-widget-container\">\n\t\t\t\t\t\t\t\t\t<p>Born in Venezuela but based in Barcelona, this sound explorer uses a mixture of analog sound, field recordings and digital processing to compose abstract and arrhythmic music, microtonal compositions, acoustic otoemissions, echolocation and a wide range of frequencies, dynamics, vibrations and sound reflections that interact with the performance space with a dedicated use of sound spatialization.<\/p><p><a href=\"http:\/\/suncolor.info\/\" target=\"_blank\" rel=\"noopener\"><strong>Sun Color<\/strong><\/a><\/p>\t\t\t\t\t\t\t\t<\/div>\n\t\t\t\t<\/div>\n\t\t\t\t\t<\/div>\n\t\t<\/div>\n\t\t\t\t<div class=\"elementor-column elementor-col-33 elementor-top-column elementor-element elementor-element-149067a\" data-id=\"149067a\" data-element_type=\"column\" data-e-type=\"column\" data-settings=\"{&quot;background_background&quot;:&quot;classic&quot;}\">\n\t\t\t<div class=\"elementor-widget-wrap elementor-element-populated\">\n\t\t\t\t\t\t<div class=\"elementor-element elementor-element-95183b8 elementor-widget elementor-widget-heading\" data-id=\"95183b8\" data-element_type=\"widget\" data-e-type=\"widget\" data-widget_type=\"heading.default\">\n\t\t\t\t<div class=\"elementor-widget-container\">\n\t\t\t\t\t<h2 class=\"elementor-heading-title elementor-size-default\">SFERICS<\/h2>\t\t\t\t<\/div>\n\t\t\t\t<\/div>\n\t\t\t\t<div class=\"elementor-element elementor-element-d5108a0 elementor-widget elementor-widget-text-editor\" data-id=\"d5108a0\" data-element_type=\"widget\" data-e-type=\"widget\" data-widget_type=\"text-editor.default\">\n\t\t\t\t<div class=\"elementor-widget-container\">\n\t\t\t\t\t\t\t\t\t<p><span style=\"color: #808080;\">Sferics (named after Alvin Lucier's piece) is a collaboration for TeslaFM.<\/span><\/p><p><span style=\"color: #808080;\">Produced by <strong>Julio C\u00e9sar Palacio.<\/strong><\/span><\/p>\t\t\t\t\t\t\t\t<\/div>\n\t\t\t\t<\/div>\n\t\t\t\t\t<\/div>\n\t\t<\/div>\n\t\t\t\t\t<\/div>\n\t\t<\/section>\n\t\t\t\t<section class=\"elementor-section elementor-top-section elementor-element elementor-element-0a6a5ec elementor-section-boxed elementor-section-height-default elementor-section-height-default\" data-id=\"0a6a5ec\" data-element_type=\"section\" data-e-type=\"section\">\n\t\t\t\t\t\t<div class=\"elementor-container elementor-column-gap-default\">\n\t\t\t\t\t<div class=\"elementor-column elementor-col-100 elementor-top-column elementor-element elementor-element-d514b3f\" data-id=\"d514b3f\" data-element_type=\"column\" data-e-type=\"column\">\n\t\t\t<div class=\"elementor-widget-wrap elementor-element-populated\">\n\t\t\t\t\t\t<div class=\"elementor-element elementor-element-a8a8f0e elementor-widget elementor-widget-spacer\" data-id=\"a8a8f0e\" data-element_type=\"widget\" data-e-type=\"widget\" data-widget_type=\"spacer.default\">\n\t\t\t\t<div class=\"elementor-widget-container\">\n\t\t\t\t\t\t\t<div class=\"elementor-spacer\">\n\t\t\t<div class=\"elementor-spacer-inner\"><\/div>\n\t\t<\/div>\n\t\t\t\t\t\t<\/div>\n\t\t\t\t<\/div>\n\t\t\t\t\t<\/div>\n\t\t<\/div>\n\t\t\t\t\t<\/div>\n\t\t<\/section>\n\t\t\t\t<section class=\"elementor-section elementor-top-section elementor-element elementor-element-2219455 elementor-section-boxed elementor-section-height-default elementor-section-height-default\" data-id=\"2219455\" data-element_type=\"section\" data-e-type=\"section\">\n\t\t\t\t\t\t<div class=\"elementor-container elementor-column-gap-default\">\n\t\t\t\t\t<div class=\"elementor-column elementor-col-100 elementor-top-column elementor-element elementor-element-1b2c2e1c\" data-id=\"1b2c2e1c\" data-element_type=\"column\" data-e-type=\"column\">\n\t\t\t<div class=\"elementor-widget-wrap elementor-element-populated\">\n\t\t\t\t\t\t<div class=\"elementor-element elementor-element-6e412477 elementor-widget elementor-widget-text-editor\" data-id=\"6e412477\" data-element_type=\"widget\" data-e-type=\"widget\" data-widget_type=\"text-editor.default\">\n\t\t\t\t<div class=\"elementor-widget-container\">\n\t\t\t\t\t\t\t\t\t<p><a href=\"https:\/\/teslafm.net\/en\/sferics-4\/\"><strong>Sferics #4 \/ + info\u00a0<\/strong><\/a> <span style=\"color: #808080;\"><em>July 2020<\/em><\/span><\/p><p><iframe src=\"https:\/\/www.mixcloud.com\/widget\/iframe\/?hide_cover=1&amp;feed=%2FTeslafm_net%2Fsferics-4-julio-cesar-palacio%2F\" width=\"100%\" height=\"120\" frameborder=\"0\"><\/iframe><\/p><p><a href=\"https:\/\/teslafm.net\/en\/sferics-3\/\"><strong>Sferics #3 \/ + info<\/strong><\/a> <span style=\"color: #808080;\"><em>June 2020<\/em><\/span><\/p><p><iframe src=\"https:\/\/www.mixcloud.com\/widget\/iframe\/?hide_cover=1&amp;feed=%2FTeslafm_net%2Fsferics-3-julio-c%C3%A9sar-palacio%2F\" width=\"100%\" height=\"120\" frameborder=\"0\"><\/iframe><\/p><p><a href=\"https:\/\/teslafm.net\/en\/sferics-2\/\"><strong>Sferics #2 \/ + info<\/strong> <\/a><span style=\"color: #808080;\"><em>May 2020<\/em><\/span><\/p><p><iframe src=\"https:\/\/www.mixcloud.com\/widget\/iframe\/?hide_cover=1&amp;feed=%2FTeslafm_net%2Fsferics-2-julio-c%C3%A9sar-palacio%2F\" width=\"100%\" height=\"120\" frameborder=\"0\"><\/iframe><\/p><p><a href=\"https:\/\/teslafm.net\/en\/sferics-1\/\"><strong>Sferics #1 \/ + info <\/strong><\/a><span style=\"color: #808080;\"><em>April 2020<\/em><\/span><\/p><p><iframe src=\"https:\/\/www.mixcloud.com\/widget\/iframe\/?hide_cover=1&amp;feed=%2FTeslafm_net%2Fsferics-1-julio-c%C3%A9sar-palacio%2F\" width=\"100%\" height=\"120\" frameborder=\"0\"><\/iframe><\/p>\t\t\t\t\t\t\t\t<\/div>\n\t\t\t\t<\/div>\n\t\t\t\t\t<\/div>\n\t\t<\/div>\n\t\t\t\t\t<\/div>\n\t\t<\/section>\n\t\t\t\t<\/div>","protected":false},"excerpt":{"rendered":"<p>JULIO C\u00c9SAR PALACIO Nacido en Venezuela pero afincado en Barcelona, este explorador sonoro utiliza una mezcla de sonido anal\u00f3gico, grabaciones de campo y procesamiento digital para componer m\u00fasica abstracta y arr\u00edtmica, composiciones microtonales, otoemisiones ac\u00fasticas, ecolocalizaci\u00f3n y una amplia gama de frecuencias, din\u00e1micas, vibraciones y reflejos de sonido que interact\u00faan con el espacio de actuaci\u00f3n [&hellip;]<\/p>\n","protected":false},"author":19,"featured_media":0,"parent":0,"menu_order":0,"comment_status":"closed","ping_status":"closed","template":"","meta":{"footnotes":""},"class_list":["post-50956","page","type-page","status-publish","hentry"],"yoast_head":"<!-- This site is optimized with the Yoast SEO plugin v27.4 - https:\/\/yoast.com\/product\/yoast-seo-wordpress\/ -->\n<title>Sferics -<\/title>\n<meta name=\"robots\" content=\"index, follow, max-snippet:-1, max-image-preview:large, max-video-preview:-1\" \/>\n<link rel=\"canonical\" href=\"https:\/\/teslafm.net\/en\/sferics\/\" \/>\n<meta property=\"og:locale\" content=\"en_US\" \/>\n<meta property=\"og:type\" content=\"article\" \/>\n<meta property=\"og:title\" content=\"Sferics -\" \/>\n<meta property=\"og:description\" content=\"JULIO C\u00c9SAR PALACIO Nacido en Venezuela pero afincado en Barcelona, este explorador sonoro utiliza una mezcla de sonido anal\u00f3gico, grabaciones de campo y procesamiento digital para componer m\u00fasica abstracta y arr\u00edtmica, composiciones microtonales, otoemisiones ac\u00fasticas, ecolocalizaci\u00f3n y una amplia gama de frecuencias, din\u00e1micas, vibraciones y reflejos de sonido que interact\u00faan con el espacio de actuaci\u00f3n [&hellip;]\" \/>\n<meta property=\"og:url\" content=\"https:\/\/teslafm.net\/en\/sferics\/\" \/>\n<meta property=\"article:publisher\" content=\"https:\/\/www.facebook.com\/teslafm.net\" \/>\n<meta property=\"article:modified_time\" content=\"2021-04-05T14:53:36+00:00\" \/>\n<meta property=\"og:image\" content=\"https:\/\/teslafm.net\/wp-content\/uploads\/2020\/05\/Julio-cesar-palacio-300x300.jpg\" \/>\n<meta name=\"twitter:card\" content=\"summary_large_image\" \/>\n<meta name=\"twitter:site\" content=\"@teslafm\" \/>\n<meta name=\"twitter:label1\" content=\"Est. reading time\" \/>\n\t<meta name=\"twitter:data1\" content=\"1 minute\" \/>\n<script type=\"application\/ld+json\" class=\"yoast-schema-graph\">{\"@context\":\"https:\\\/\\\/schema.org\",\"@graph\":[{\"@type\":\"WebPage\",\"@id\":\"https:\\\/\\\/teslafm.net\\\/sferics\\\/\",\"url\":\"https:\\\/\\\/teslafm.net\\\/sferics\\\/\",\"name\":\"Sferics -\",\"isPartOf\":{\"@id\":\"https:\\\/\\\/teslafm.net\\\/#website\"},\"primaryImageOfPage\":{\"@id\":\"https:\\\/\\\/teslafm.net\\\/sferics\\\/#primaryimage\"},\"image\":{\"@id\":\"https:\\\/\\\/teslafm.net\\\/sferics\\\/#primaryimage\"},\"thumbnailUrl\":\"https:\\\/\\\/teslafm.net\\\/wp-content\\\/uploads\\\/2020\\\/05\\\/Julio-cesar-palacio-300x300.jpg\",\"datePublished\":\"2020-04-22T15:09:04+00:00\",\"dateModified\":\"2021-04-05T14:53:36+00:00\",\"breadcrumb\":{\"@id\":\"https:\\\/\\\/teslafm.net\\\/sferics\\\/#breadcrumb\"},\"inLanguage\":\"en-US\",\"potentialAction\":[{\"@type\":\"ReadAction\",\"target\":[\"https:\\\/\\\/teslafm.net\\\/sferics\\\/\"]}]},{\"@type\":\"ImageObject\",\"inLanguage\":\"en-US\",\"@id\":\"https:\\\/\\\/teslafm.net\\\/sferics\\\/#primaryimage\",\"url\":\"https:\\\/\\\/teslafm.net\\\/wp-content\\\/uploads\\\/2020\\\/05\\\/Julio-cesar-palacio-300x300.jpg\",\"contentUrl\":\"https:\\\/\\\/teslafm.net\\\/wp-content\\\/uploads\\\/2020\\\/05\\\/Julio-cesar-palacio-300x300.jpg\"},{\"@type\":\"BreadcrumbList\",\"@id\":\"https:\\\/\\\/teslafm.net\\\/sferics\\\/#breadcrumb\",\"itemListElement\":[{\"@type\":\"ListItem\",\"position\":1,\"name\":\"Portada\",\"item\":\"https:\\\/\\\/teslafm.net\\\/\"},{\"@type\":\"ListItem\",\"position\":2,\"name\":\"Sferics\"}]},{\"@type\":\"WebSite\",\"@id\":\"https:\\\/\\\/teslafm.net\\\/#website\",\"url\":\"https:\\\/\\\/teslafm.net\\\/\",\"name\":\"TeslaFM\",\"description\":\"An experimental and creative radio\",\"publisher\":{\"@id\":\"https:\\\/\\\/teslafm.net\\\/#organization\"},\"potentialAction\":[{\"@type\":\"SearchAction\",\"target\":{\"@type\":\"EntryPoint\",\"urlTemplate\":\"https:\\\/\\\/teslafm.net\\\/?s={search_term_string}\"},\"query-input\":{\"@type\":\"PropertyValueSpecification\",\"valueRequired\":true,\"valueName\":\"search_term_string\"}}],\"inLanguage\":\"en-US\"},{\"@type\":\"Organization\",\"@id\":\"https:\\\/\\\/teslafm.net\\\/#organization\",\"name\":\"TeslaFM\",\"url\":\"https:\\\/\\\/teslafm.net\\\/\",\"logo\":{\"@type\":\"ImageObject\",\"inLanguage\":\"en-US\",\"@id\":\"https:\\\/\\\/teslafm.net\\\/#\\\/schema\\\/logo\\\/image\\\/\",\"url\":\"https:\\\/\\\/teslafm.net\\\/wp-content\\\/uploads\\\/2020\\\/06\\\/logo-tesla.png\",\"contentUrl\":\"https:\\\/\\\/teslafm.net\\\/wp-content\\\/uploads\\\/2020\\\/06\\\/logo-tesla.png\",\"width\":512,\"height\":512,\"caption\":\"TeslaFM\"},\"image\":{\"@id\":\"https:\\\/\\\/teslafm.net\\\/#\\\/schema\\\/logo\\\/image\\\/\"},\"sameAs\":[\"https:\\\/\\\/www.facebook.com\\\/teslafm.net\",\"https:\\\/\\\/x.com\\\/teslafm\"]}]}<\/script>\n<!-- \/ Yoast SEO plugin. -->","yoast_head_json":{"title":"Sferics -","robots":{"index":"index","follow":"follow","max-snippet":"max-snippet:-1","max-image-preview":"max-image-preview:large","max-video-preview":"max-video-preview:-1"},"canonical":"https:\/\/teslafm.net\/en\/sferics\/","og_locale":"en_US","og_type":"article","og_title":"Sferics -","og_description":"JULIO C\u00c9SAR PALACIO Nacido en Venezuela pero afincado en Barcelona, este explorador sonoro utiliza una mezcla de sonido anal\u00f3gico, grabaciones de campo y procesamiento digital para componer m\u00fasica abstracta y arr\u00edtmica, composiciones microtonales, otoemisiones ac\u00fasticas, ecolocalizaci\u00f3n y una amplia gama de frecuencias, din\u00e1micas, vibraciones y reflejos de sonido que interact\u00faan con el espacio de actuaci\u00f3n [&hellip;]","og_url":"https:\/\/teslafm.net\/en\/sferics\/","article_publisher":"https:\/\/www.facebook.com\/teslafm.net","article_modified_time":"2021-04-05T14:53:36+00:00","og_image":[{"url":"https:\/\/teslafm.net\/wp-content\/uploads\/2020\/05\/Julio-cesar-palacio-300x300.jpg","type":"","width":"","height":""}],"twitter_card":"summary_large_image","twitter_site":"@teslafm","twitter_misc":{"Est. reading time":"1 minute"},"schema":{"@context":"https:\/\/schema.org","@graph":[{"@type":"WebPage","@id":"https:\/\/teslafm.net\/sferics\/","url":"https:\/\/teslafm.net\/sferics\/","name":"Sferics -","isPartOf":{"@id":"https:\/\/teslafm.net\/#website"},"primaryImageOfPage":{"@id":"https:\/\/teslafm.net\/sferics\/#primaryimage"},"image":{"@id":"https:\/\/teslafm.net\/sferics\/#primaryimage"},"thumbnailUrl":"https:\/\/teslafm.net\/wp-content\/uploads\/2020\/05\/Julio-cesar-palacio-300x300.jpg","datePublished":"2020-04-22T15:09:04+00:00","dateModified":"2021-04-05T14:53:36+00:00","breadcrumb":{"@id":"https:\/\/teslafm.net\/sferics\/#breadcrumb"},"inLanguage":"en-US","potentialAction":[{"@type":"ReadAction","target":["https:\/\/teslafm.net\/sferics\/"]}]},{"@type":"ImageObject","inLanguage":"en-US","@id":"https:\/\/teslafm.net\/sferics\/#primaryimage","url":"https:\/\/teslafm.net\/wp-content\/uploads\/2020\/05\/Julio-cesar-palacio-300x300.jpg","contentUrl":"https:\/\/teslafm.net\/wp-content\/uploads\/2020\/05\/Julio-cesar-palacio-300x300.jpg"},{"@type":"BreadcrumbList","@id":"https:\/\/teslafm.net\/sferics\/#breadcrumb","itemListElement":[{"@type":"ListItem","position":1,"name":"Portada","item":"https:\/\/teslafm.net\/"},{"@type":"ListItem","position":2,"name":"Sferics"}]},{"@type":"WebSite","@id":"https:\/\/teslafm.net\/#website","url":"https:\/\/teslafm.net\/","name":"TeslaFM","description":"An experimental and creative radio","publisher":{"@id":"https:\/\/teslafm.net\/#organization"},"potentialAction":[{"@type":"SearchAction","target":{"@type":"EntryPoint","urlTemplate":"https:\/\/teslafm.net\/?s={search_term_string}"},"query-input":{"@type":"PropertyValueSpecification","valueRequired":true,"valueName":"search_term_string"}}],"inLanguage":"en-US"},{"@type":"Organization","@id":"https:\/\/teslafm.net\/#organization","name":"TeslaFM","url":"https:\/\/teslafm.net\/","logo":{"@type":"ImageObject","inLanguage":"en-US","@id":"https:\/\/teslafm.net\/#\/schema\/logo\/image\/","url":"https:\/\/teslafm.net\/wp-content\/uploads\/2020\/06\/logo-tesla.png","contentUrl":"https:\/\/teslafm.net\/wp-content\/uploads\/2020\/06\/logo-tesla.png","width":512,"height":512,"caption":"TeslaFM"},"image":{"@id":"https:\/\/teslafm.net\/#\/schema\/logo\/image\/"},"sameAs":["https:\/\/www.facebook.com\/teslafm.net","https:\/\/x.com\/teslafm"]}]}},"rttpg_featured_image_url":null,"rttpg_author":{"display_name":"Ishak","author_link":"https:\/\/teslafm.net\/en\/author\/cravan\/"},"rttpg_comment":0,"rttpg_category":null,"rttpg_excerpt":"JULIO C\u00c9SAR PALACIO Nacido en Venezuela pero afincado en Barcelona, este explorador sonoro utiliza una mezcla de sonido anal\u00f3gico, grabaciones de campo y procesamiento digital para componer m\u00fasica abstracta y arr\u00edtmica, composiciones microtonales, otoemisiones ac\u00fasticas, ecolocalizaci\u00f3n y una amplia gama de frecuencias, din\u00e1micas, vibraciones y reflejos de sonido que interact\u00faan con el espacio de actuaci\u00f3n&hellip;","_links":{"self":[{"href":"https:\/\/teslafm.net\/en\/wp-json\/wp\/v2\/pages\/50956","targetHints":{"allow":["GET"]}}],"collection":[{"href":"https:\/\/teslafm.net\/en\/wp-json\/wp\/v2\/pages"}],"about":[{"href":"https:\/\/teslafm.net\/en\/wp-json\/wp\/v2\/types\/page"}],"author":[{"embeddable":true,"href":"https:\/\/teslafm.net\/en\/wp-json\/wp\/v2\/users\/19"}],"replies":[{"embeddable":true,"href":"https:\/\/teslafm.net\/en\/wp-json\/wp\/v2\/comments?post=50956"}],"version-history":[{"count":18,"href":"https:\/\/teslafm.net\/en\/wp-json\/wp\/v2\/pages\/50956\/revisions"}],"predecessor-version":[{"id":57786,"href":"https:\/\/teslafm.net\/en\/wp-json\/wp\/v2\/pages\/50956\/revisions\/57786"}],"wp:attachment":[{"href":"https:\/\/teslafm.net\/en\/wp-json\/wp\/v2\/media?parent=50956"}],"curies":[{"name":"wp","href":"https:\/\/api.w.org\/{rel}","templated":true}]}}