

{"id":50990,"date":"2020-04-28T17:18:04","date_gmt":"2020-04-28T15:18:04","guid":{"rendered":"https:\/\/teslafm.net\/?page_id=50990"},"modified":"2021-03-13T12:25:47","modified_gmt":"2021-03-13T11:25:47","slug":"space-oddity-recollection-10","status":"publish","type":"page","link":"https:\/\/teslafm.net\/en\/space-oddity-recollection-10\/","title":{"rendered":"Space Oddity Recollection #10"},"content":{"rendered":"<h2><span style=\"color: #ffffff;\"><strong>Space Oddity Recollection #10<\/strong><\/span><\/h2>\n<p><span style=\"color: #808080;\"><em>April 2020<\/em><\/span><\/p>\n<p><iframe src=\"https:\/\/www.mixcloud.com\/widget\/iframe\/?hide_cover=1&amp;feed=%2FTeslafm_net%2Fspace-oddity-recollection-10-monikapich%2F\" width=\"100%\" height=\"120\" frameborder=\"0\"><\/iframe><\/p>\n<p><img fetchpriority=\"high\" decoding=\"async\" class=\"alignnone wp-image-50991 size-full\" src=\"https:\/\/teslafm.net\/wp-content\/uploads\/2020\/04\/image_10_space_oddity_rec.jpg\" alt=\"\" width=\"886\" height=\"886\" srcset=\"https:\/\/teslafm.net\/wp-content\/uploads\/2020\/04\/image_10_space_oddity_rec.jpg 1080w, https:\/\/teslafm.net\/wp-content\/uploads\/2020\/04\/image_10_space_oddity_rec-300x300.jpg 300w, https:\/\/teslafm.net\/wp-content\/uploads\/2020\/04\/image_10_space_oddity_rec-1024x1024.jpg 1024w, https:\/\/teslafm.net\/wp-content\/uploads\/2020\/04\/image_10_space_oddity_rec-150x150.jpg 150w, https:\/\/teslafm.net\/wp-content\/uploads\/2020\/04\/image_10_space_oddity_rec-768x768.jpg 768w\" sizes=\"(max-width: 886px) 100vw, 886px\" \/><\/p>\n<p><span style=\"color: #808080;\"><strong>Lidia Zieli\u0144ska<br \/>\n<\/strong><\/span><\/p>\n<p><span style=\"color: #808080;\">Thanks to the kindness of Lidia Zieli\u0144ska, Polish composer and teacher at the Academy of Music in Pozna\u0144, we have the opportunity to hear her piece entitled 'Musica Humana or How Symphonies Are Born' (29'57\" ) recorded on cassette tape in 1989.  The piece contains homemade sounds from that era.<\/span><\/p>\n<p><a href=\"https:\/\/lidiazielinska.wordpress.com\/\" target=\"_blank\" rel=\"noopener noreferrer\">lidiazielinska.wordpress.com\/<\/a><br \/>\n<a href=\"https:\/\/soundcloud.com\/lidia_zielinska\" target=\"_blank\" rel=\"noopener noreferrer\">soundcloud.com\/lidia_zielinska<\/a><\/p>\n<p><span style=\"color: #808080;\">Enjoy the mix. March 2020. P<\/span><span style=\"color: #808080;\">roduced by <strong>monikapich<\/strong>.<\/span><\/p>","protected":false},"excerpt":{"rendered":"<p>Space Oddity Recollection #10 Abril 2020 Lidia Zieli\u0144ska Gracias a la amabilidad de Lidia Zieli\u0144ska, compositora y profesora polaca en la Academia de M\u00fasica en Pozna\u0144, tenemos la oportunidad de oir su pieza titulada &#8216;Musica Humana or How Symphonies Are Born&#8217; (29\u201957\u201c )\u00a0 grabadas en cinta de cassette en 1989.\u00a0 La pieza contiene sonidos caseros [&hellip;]<\/p>\n","protected":false},"author":19,"featured_media":0,"parent":0,"menu_order":0,"comment_status":"closed","ping_status":"closed","template":"","meta":{"footnotes":""},"class_list":["post-50990","page","type-page","status-publish","hentry"],"yoast_head":"<!-- This site is optimized with the Yoast SEO plugin v27.2 - https:\/\/yoast.com\/product\/yoast-seo-wordpress\/ -->\n<title>Space Oddity Recollection #10 -<\/title>\n<meta name=\"robots\" content=\"index, follow, max-snippet:-1, max-image-preview:large, max-video-preview:-1\" \/>\n<link rel=\"canonical\" href=\"https:\/\/teslafm.net\/en\/space-oddity-recollection-10\/\" \/>\n<meta property=\"og:locale\" content=\"en_US\" \/>\n<meta property=\"og:type\" content=\"article\" \/>\n<meta property=\"og:title\" content=\"Space Oddity Recollection #10 -\" \/>\n<meta property=\"og:description\" content=\"Space Oddity Recollection #10 Abril 2020 Lidia Zieli\u0144ska Gracias a la amabilidad de Lidia Zieli\u0144ska, compositora y profesora polaca en la Academia de M\u00fasica en Pozna\u0144, tenemos la oportunidad de oir su pieza titulada &#8216;Musica Humana or How Symphonies Are Born&#8217; (29\u201957\u201c )\u00a0 grabadas en cinta de cassette en 1989.\u00a0 La pieza contiene sonidos caseros [&hellip;]\" \/>\n<meta property=\"og:url\" content=\"https:\/\/teslafm.net\/en\/space-oddity-recollection-10\/\" \/>\n<meta property=\"article:publisher\" content=\"https:\/\/www.facebook.com\/teslafm.net\" \/>\n<meta property=\"article:modified_time\" content=\"2021-03-13T11:25:47+00:00\" \/>\n<meta property=\"og:image\" content=\"https:\/\/teslafm.net\/wp-content\/uploads\/2020\/04\/image_10_space_oddity_rec.jpg\" \/>\n<meta name=\"twitter:card\" content=\"summary_large_image\" \/>\n<meta name=\"twitter:site\" content=\"@teslafm\" \/>\n<meta name=\"twitter:label1\" content=\"Est. reading time\" \/>\n\t<meta name=\"twitter:data1\" content=\"1 minute\" \/>\n<script type=\"application\/ld+json\" class=\"yoast-schema-graph\">{\"@context\":\"https:\/\/schema.org\",\"@graph\":[{\"@type\":\"WebPage\",\"@id\":\"https:\/\/teslafm.net\/space-oddity-recollection-10\/\",\"url\":\"https:\/\/teslafm.net\/space-oddity-recollection-10\/\",\"name\":\"Space Oddity Recollection #10 -\",\"isPartOf\":{\"@id\":\"https:\/\/teslafm.net\/#website\"},\"primaryImageOfPage\":{\"@id\":\"https:\/\/teslafm.net\/space-oddity-recollection-10\/#primaryimage\"},\"image\":{\"@id\":\"https:\/\/teslafm.net\/space-oddity-recollection-10\/#primaryimage\"},\"thumbnailUrl\":\"https:\/\/teslafm.net\/wp-content\/uploads\/2020\/04\/image_10_space_oddity_rec.jpg\",\"datePublished\":\"2020-04-28T15:18:04+00:00\",\"dateModified\":\"2021-03-13T11:25:47+00:00\",\"breadcrumb\":{\"@id\":\"https:\/\/teslafm.net\/space-oddity-recollection-10\/#breadcrumb\"},\"inLanguage\":\"en-US\",\"potentialAction\":[{\"@type\":\"ReadAction\",\"target\":[\"https:\/\/teslafm.net\/space-oddity-recollection-10\/\"]}]},{\"@type\":\"ImageObject\",\"inLanguage\":\"en-US\",\"@id\":\"https:\/\/teslafm.net\/space-oddity-recollection-10\/#primaryimage\",\"url\":\"https:\/\/teslafm.net\/wp-content\/uploads\/2020\/04\/image_10_space_oddity_rec.jpg\",\"contentUrl\":\"https:\/\/teslafm.net\/wp-content\/uploads\/2020\/04\/image_10_space_oddity_rec.jpg\"},{\"@type\":\"BreadcrumbList\",\"@id\":\"https:\/\/teslafm.net\/space-oddity-recollection-10\/#breadcrumb\",\"itemListElement\":[{\"@type\":\"ListItem\",\"position\":1,\"name\":\"Portada\",\"item\":\"https:\/\/teslafm.net\/\"},{\"@type\":\"ListItem\",\"position\":2,\"name\":\"Space Oddity Recollection #10\"}]},{\"@type\":\"WebSite\",\"@id\":\"https:\/\/teslafm.net\/#website\",\"url\":\"https:\/\/teslafm.net\/\",\"name\":\"TeslaFM\",\"description\":\"An experimental and creative radio\",\"publisher\":{\"@id\":\"https:\/\/teslafm.net\/#organization\"},\"potentialAction\":[{\"@type\":\"SearchAction\",\"target\":{\"@type\":\"EntryPoint\",\"urlTemplate\":\"https:\/\/teslafm.net\/?s={search_term_string}\"},\"query-input\":{\"@type\":\"PropertyValueSpecification\",\"valueRequired\":true,\"valueName\":\"search_term_string\"}}],\"inLanguage\":\"en-US\"},{\"@type\":\"Organization\",\"@id\":\"https:\/\/teslafm.net\/#organization\",\"name\":\"TeslaFM\",\"url\":\"https:\/\/teslafm.net\/\",\"logo\":{\"@type\":\"ImageObject\",\"inLanguage\":\"en-US\",\"@id\":\"https:\/\/teslafm.net\/#\/schema\/logo\/image\/\",\"url\":\"https:\/\/teslafm.net\/wp-content\/uploads\/2020\/06\/logo-tesla.png\",\"contentUrl\":\"https:\/\/teslafm.net\/wp-content\/uploads\/2020\/06\/logo-tesla.png\",\"width\":512,\"height\":512,\"caption\":\"TeslaFM\"},\"image\":{\"@id\":\"https:\/\/teslafm.net\/#\/schema\/logo\/image\/\"},\"sameAs\":[\"https:\/\/www.facebook.com\/teslafm.net\",\"https:\/\/x.com\/teslafm\"]}]}<\/script>\n<!-- \/ Yoast SEO plugin. -->","yoast_head_json":{"title":"Space Oddity Recollection #10 -","robots":{"index":"index","follow":"follow","max-snippet":"max-snippet:-1","max-image-preview":"max-image-preview:large","max-video-preview":"max-video-preview:-1"},"canonical":"https:\/\/teslafm.net\/en\/space-oddity-recollection-10\/","og_locale":"en_US","og_type":"article","og_title":"Space Oddity Recollection #10 -","og_description":"Space Oddity Recollection #10 Abril 2020 Lidia Zieli\u0144ska Gracias a la amabilidad de Lidia Zieli\u0144ska, compositora y profesora polaca en la Academia de M\u00fasica en Pozna\u0144, tenemos la oportunidad de oir su pieza titulada &#8216;Musica Humana or How Symphonies Are Born&#8217; (29\u201957\u201c )\u00a0 grabadas en cinta de cassette en 1989.\u00a0 La pieza contiene sonidos caseros [&hellip;]","og_url":"https:\/\/teslafm.net\/en\/space-oddity-recollection-10\/","article_publisher":"https:\/\/www.facebook.com\/teslafm.net","article_modified_time":"2021-03-13T11:25:47+00:00","og_image":[{"url":"https:\/\/teslafm.net\/wp-content\/uploads\/2020\/04\/image_10_space_oddity_rec.jpg","type":"","width":"","height":""}],"twitter_card":"summary_large_image","twitter_site":"@teslafm","twitter_misc":{"Est. reading time":"1 minute"},"schema":{"@context":"https:\/\/schema.org","@graph":[{"@type":"WebPage","@id":"https:\/\/teslafm.net\/space-oddity-recollection-10\/","url":"https:\/\/teslafm.net\/space-oddity-recollection-10\/","name":"Space Oddity Recollection #10 -","isPartOf":{"@id":"https:\/\/teslafm.net\/#website"},"primaryImageOfPage":{"@id":"https:\/\/teslafm.net\/space-oddity-recollection-10\/#primaryimage"},"image":{"@id":"https:\/\/teslafm.net\/space-oddity-recollection-10\/#primaryimage"},"thumbnailUrl":"https:\/\/teslafm.net\/wp-content\/uploads\/2020\/04\/image_10_space_oddity_rec.jpg","datePublished":"2020-04-28T15:18:04+00:00","dateModified":"2021-03-13T11:25:47+00:00","breadcrumb":{"@id":"https:\/\/teslafm.net\/space-oddity-recollection-10\/#breadcrumb"},"inLanguage":"en-US","potentialAction":[{"@type":"ReadAction","target":["https:\/\/teslafm.net\/space-oddity-recollection-10\/"]}]},{"@type":"ImageObject","inLanguage":"en-US","@id":"https:\/\/teslafm.net\/space-oddity-recollection-10\/#primaryimage","url":"https:\/\/teslafm.net\/wp-content\/uploads\/2020\/04\/image_10_space_oddity_rec.jpg","contentUrl":"https:\/\/teslafm.net\/wp-content\/uploads\/2020\/04\/image_10_space_oddity_rec.jpg"},{"@type":"BreadcrumbList","@id":"https:\/\/teslafm.net\/space-oddity-recollection-10\/#breadcrumb","itemListElement":[{"@type":"ListItem","position":1,"name":"Portada","item":"https:\/\/teslafm.net\/"},{"@type":"ListItem","position":2,"name":"Space Oddity Recollection #10"}]},{"@type":"WebSite","@id":"https:\/\/teslafm.net\/#website","url":"https:\/\/teslafm.net\/","name":"TeslaFM","description":"An experimental and creative radio","publisher":{"@id":"https:\/\/teslafm.net\/#organization"},"potentialAction":[{"@type":"SearchAction","target":{"@type":"EntryPoint","urlTemplate":"https:\/\/teslafm.net\/?s={search_term_string}"},"query-input":{"@type":"PropertyValueSpecification","valueRequired":true,"valueName":"search_term_string"}}],"inLanguage":"en-US"},{"@type":"Organization","@id":"https:\/\/teslafm.net\/#organization","name":"TeslaFM","url":"https:\/\/teslafm.net\/","logo":{"@type":"ImageObject","inLanguage":"en-US","@id":"https:\/\/teslafm.net\/#\/schema\/logo\/image\/","url":"https:\/\/teslafm.net\/wp-content\/uploads\/2020\/06\/logo-tesla.png","contentUrl":"https:\/\/teslafm.net\/wp-content\/uploads\/2020\/06\/logo-tesla.png","width":512,"height":512,"caption":"TeslaFM"},"image":{"@id":"https:\/\/teslafm.net\/#\/schema\/logo\/image\/"},"sameAs":["https:\/\/www.facebook.com\/teslafm.net","https:\/\/x.com\/teslafm"]}]}},"rttpg_featured_image_url":null,"rttpg_author":{"display_name":"Ishak","author_link":"https:\/\/teslafm.net\/en\/author\/cravan\/"},"rttpg_comment":0,"rttpg_category":null,"rttpg_excerpt":"Space Oddity Recollection #10 Abril 2020 Lidia Zieli\u0144ska Gracias a la amabilidad de Lidia Zieli\u0144ska, compositora y profesora polaca en la Academia de M\u00fasica en Pozna\u0144, tenemos la oportunidad de oir su pieza titulada &#8216;Musica Humana or How Symphonies Are Born&#8217; (29\u201957\u201c )\u00a0 grabadas en cinta de cassette en 1989.\u00a0 La pieza contiene sonidos caseros&hellip;","_links":{"self":[{"href":"https:\/\/teslafm.net\/en\/wp-json\/wp\/v2\/pages\/50990","targetHints":{"allow":["GET"]}}],"collection":[{"href":"https:\/\/teslafm.net\/en\/wp-json\/wp\/v2\/pages"}],"about":[{"href":"https:\/\/teslafm.net\/en\/wp-json\/wp\/v2\/types\/page"}],"author":[{"embeddable":true,"href":"https:\/\/teslafm.net\/en\/wp-json\/wp\/v2\/users\/19"}],"replies":[{"embeddable":true,"href":"https:\/\/teslafm.net\/en\/wp-json\/wp\/v2\/comments?post=50990"}],"version-history":[{"count":5,"href":"https:\/\/teslafm.net\/en\/wp-json\/wp\/v2\/pages\/50990\/revisions"}],"predecessor-version":[{"id":57526,"href":"https:\/\/teslafm.net\/en\/wp-json\/wp\/v2\/pages\/50990\/revisions\/57526"}],"wp:attachment":[{"href":"https:\/\/teslafm.net\/en\/wp-json\/wp\/v2\/media?parent=50990"}],"curies":[{"name":"wp","href":"https:\/\/api.w.org\/{rel}","templated":true}]}}