

{"id":51415,"date":"2020-05-12T17:27:58","date_gmt":"2020-05-12T15:27:58","guid":{"rendered":"http:\/\/teslafm.net\/?page_id=51415"},"modified":"2021-03-06T16:05:14","modified_gmt":"2021-03-06T15:05:14","slug":"ananke-19","status":"publish","type":"page","link":"https:\/\/teslafm.net\/en\/ananke-19\/","title":{"rendered":"Anank\u00e9 #19"},"content":{"rendered":"<h2><span style=\"color: #ffffff;\"><strong>Anank\u00e9 Chapter XIX<\/strong><\/span><\/h2>\n<p><span style=\"color: #808080;\"><em>May 2020<\/em><\/span><\/p>\n<p><iframe src=\"https:\/\/www.mixcloud.com\/widget\/iframe\/?hide_cover=1&amp;feed=%2FTeslafm_net%2Fanank%C3%A9-19-jaco%2F\" width=\"100%\" height=\"120\" frameborder=\"0\"><\/iframe><\/p>\n<p><span style=\"color: #808080;\">01. <strong>Ian William Craig<\/strong> - Mountains Astray - Red Sun Through Smoke (130701, 2020)<\/span><br \/>\n<span style=\"color: #808080;\">02. <strong>Ann Margaret Hogan<\/strong> - Within - Honeysuckle Burials (Downwards, 2020)<\/span><br \/>\n<span style=\"color: #808080;\">03. <strong>F\u00e9licia Atkinson<\/strong> - Everything Evaporate - Everything Evaporate (Shelter Press, 2020)<\/span><br \/>\n<span style=\"color: #808080;\">04. <strong>Clarice Jensen<\/strong> - Final - The Experience of Repetition as Death (130701, 2020)<\/span><br \/>\n<span style=\"color: #808080;\">05. <strong>LAW<\/strong> - Flesh - Flood Dream (NNA Tapes, 2020)<\/span><br \/>\n<span style=\"color: #808080;\">06. <strong>Ben Bertrand<\/strong> - Morton and Gy\u00f6rgy in the Battista Mist - Manes (STROOM, 2020)<\/span><br \/>\n<span style=\"color: #808080;\">07. <strong>The Naturals<\/strong> - Muscle Chamber - Avon Garde (Avon Terror Corps, 2020)<\/span><br \/>\n<span style=\"color: #808080;\">08. <strong>Matt Elliott<\/strong> - Bye Now - Farewell to All We Know (Ici d'ailleurs, 2020)<\/span><br \/>\n<span style=\"color: #808080;\">09. <strong>Windy &amp; Carl<\/strong> - The Stranger - Allegiance and Conviction (Kranky, 2020)<\/span><br \/>\n<span style=\"color: #808080;\">10. <strong>Midwife<\/strong> - Anyone Can Play Guitar - Forever (The Flenser, 2020)<\/span><br \/>\n<span style=\"color: #808080;\">11. <strong>Muhal Richard Abrams<\/strong> - Spihumonesty - Celestial Birds (Karl, 2020)<\/span><br \/>\n<span style=\"color: #808080;\">12. <strong>Kedama<\/strong> - Honey Moon - The Complete Collection (Castle Face, 2020)<\/span><br \/>\n<span style=\"color: #808080;\">13. <strong>Cardevore<\/strong> - The Wheel of Life (excerpt Side B) - The Good and the Bad (Crystal Mine, 2020)<\/span><br \/>\n<span style=\"color: #808080;\">14. <strong>Dean Blunt &amp; Joanne Robertson<\/strong> - Nitro Girls 4 - Roaches 2012-2019 (World Music, 2020)<\/span><br \/>\n<span style=\"color: #808080;\">15. <strong>Gezan<\/strong> - \u8a13\u544a - KLUE (\u5341\u4e09\u6708, 2020)<\/span><br \/>\n<span style=\"color: #808080;\">16. <strong>Maria Zerfall<\/strong> - Totenstille - Anthology 1983-1993 (Vinyl-on-Demand, 2020)<\/span><br \/>\n<span style=\"color: #808080;\">17. <strong>Necter Low<\/strong> - Artificial One - Vanity Music (Vinyl-on-Demand, 2020)<\/span><br \/>\n<span style=\"color: #808080;\">18. <strong>Walya<\/strong> - Shed - Avon Garde (Avon Terror Corps, 2020)<\/span><br \/>\n<span style=\"color: #808080;\">19 - Burden &amp; Dali de Saint Paul - Countenance - Avon Garde (Avon Terror Corps, 2020)<\/span><br \/>\n<span style=\"color: #808080;\">20. <strong>Child<\/strong> - DonaBonBon (feat. Salvador Herrera) - Mutual Aid 2020 by Bokeh Allstars (Bokeh Versions, 2020)<\/span><br \/>\n<span style=\"color: #808080;\">21. <strong>Nicole Oberle<\/strong> - Stay With Me - Skin (Withed Sepulchre, 2020)<\/span><br \/>\n<span style=\"color: #808080;\">22. <strong>Kaitlyn Aurelia Smith<\/strong> - The Steady Heart - The Mosaic of Transformation (Ghostly International, 2020)<\/span><br \/>\n<span style=\"color: #808080;\">23. <strong>Louise Bock<\/strong> - Jute Sketch for Winter VII - Abyss: For Cello (Geographic North, 2020)<\/span><br \/>\n<span style=\"color: #808080;\">24. <strong>Asha Puthli<\/strong> - Space Talk - The Devil Is Loose (CBS, 1976)<\/span><\/p>","protected":false},"excerpt":{"rendered":"<p>Anank\u00e9 Cap\u00edtulo XIX Mayo 2020 01. Ian William Craig &#8211; Mountains Astray &#8211; Red Sun Through Smoke (130701, 2020) 02. Ann Margaret Hogan &#8211; Within &#8211; Honeysuckle Burials (Downwards, 2020) 03. F\u00e9licia Atkinson &#8211; Everything Evaporate &#8211; Everything Evaporate (Shelter Press, 2020) 04. Clarice Jensen &#8211; Final &#8211; The Experience of Repetition as Death (130701, [&hellip;]<\/p>\n","protected":false},"author":19,"featured_media":0,"parent":0,"menu_order":0,"comment_status":"closed","ping_status":"closed","template":"","meta":{"footnotes":""},"class_list":["post-51415","page","type-page","status-publish","hentry"],"yoast_head":"<!-- This site is optimized with the Yoast SEO plugin v27.2 - https:\/\/yoast.com\/product\/yoast-seo-wordpress\/ -->\n<title>Anank\u00e9 #19 -<\/title>\n<meta name=\"robots\" content=\"index, follow, max-snippet:-1, max-image-preview:large, max-video-preview:-1\" \/>\n<link rel=\"canonical\" href=\"https:\/\/teslafm.net\/en\/ananke-19\/\" \/>\n<meta property=\"og:locale\" content=\"en_US\" \/>\n<meta property=\"og:type\" content=\"article\" \/>\n<meta property=\"og:title\" content=\"Anank\u00e9 #19 -\" \/>\n<meta property=\"og:description\" content=\"Anank\u00e9 Cap\u00edtulo XIX Mayo 2020 01. Ian William Craig &#8211; Mountains Astray &#8211; Red Sun Through Smoke (130701, 2020) 02. Ann Margaret Hogan &#8211; Within &#8211; Honeysuckle Burials (Downwards, 2020) 03. F\u00e9licia Atkinson &#8211; Everything Evaporate &#8211; Everything Evaporate (Shelter Press, 2020) 04. Clarice Jensen &#8211; Final &#8211; The Experience of Repetition as Death (130701, [&hellip;]\" \/>\n<meta property=\"og:url\" content=\"https:\/\/teslafm.net\/en\/ananke-19\/\" \/>\n<meta property=\"article:publisher\" content=\"https:\/\/www.facebook.com\/teslafm.net\" \/>\n<meta property=\"article:modified_time\" content=\"2021-03-06T15:05:14+00:00\" \/>\n<meta property=\"og:image\" content=\"https:\/\/teslafm.net\/wp-content\/uploads\/2022\/09\/header-image-4-temp.png\" \/>\n\t<meta property=\"og:image:width\" content=\"1274\" \/>\n\t<meta property=\"og:image:height\" content=\"818\" \/>\n\t<meta property=\"og:image:type\" content=\"image\/png\" \/>\n<meta name=\"twitter:card\" content=\"summary_large_image\" \/>\n<meta name=\"twitter:site\" content=\"@teslafm\" \/>\n<meta name=\"twitter:label1\" content=\"Est. reading time\" \/>\n\t<meta name=\"twitter:data1\" content=\"2 minutes\" \/>\n<script type=\"application\/ld+json\" class=\"yoast-schema-graph\">{\"@context\":\"https:\/\/schema.org\",\"@graph\":[{\"@type\":\"WebPage\",\"@id\":\"https:\/\/teslafm.net\/ananke-19\/\",\"url\":\"https:\/\/teslafm.net\/ananke-19\/\",\"name\":\"Anank\u00e9 #19 -\",\"isPartOf\":{\"@id\":\"https:\/\/teslafm.net\/#website\"},\"datePublished\":\"2020-05-12T15:27:58+00:00\",\"dateModified\":\"2021-03-06T15:05:14+00:00\",\"breadcrumb\":{\"@id\":\"https:\/\/teslafm.net\/ananke-19\/#breadcrumb\"},\"inLanguage\":\"en-US\",\"potentialAction\":[{\"@type\":\"ReadAction\",\"target\":[\"https:\/\/teslafm.net\/ananke-19\/\"]}]},{\"@type\":\"BreadcrumbList\",\"@id\":\"https:\/\/teslafm.net\/ananke-19\/#breadcrumb\",\"itemListElement\":[{\"@type\":\"ListItem\",\"position\":1,\"name\":\"Portada\",\"item\":\"https:\/\/teslafm.net\/\"},{\"@type\":\"ListItem\",\"position\":2,\"name\":\"Anank\u00e9 #19\"}]},{\"@type\":\"WebSite\",\"@id\":\"https:\/\/teslafm.net\/#website\",\"url\":\"https:\/\/teslafm.net\/\",\"name\":\"TeslaFM\",\"description\":\"An experimental and creative radio\",\"publisher\":{\"@id\":\"https:\/\/teslafm.net\/#organization\"},\"potentialAction\":[{\"@type\":\"SearchAction\",\"target\":{\"@type\":\"EntryPoint\",\"urlTemplate\":\"https:\/\/teslafm.net\/?s={search_term_string}\"},\"query-input\":{\"@type\":\"PropertyValueSpecification\",\"valueRequired\":true,\"valueName\":\"search_term_string\"}}],\"inLanguage\":\"en-US\"},{\"@type\":\"Organization\",\"@id\":\"https:\/\/teslafm.net\/#organization\",\"name\":\"TeslaFM\",\"url\":\"https:\/\/teslafm.net\/\",\"logo\":{\"@type\":\"ImageObject\",\"inLanguage\":\"en-US\",\"@id\":\"https:\/\/teslafm.net\/#\/schema\/logo\/image\/\",\"url\":\"https:\/\/teslafm.net\/wp-content\/uploads\/2020\/06\/logo-tesla.png\",\"contentUrl\":\"https:\/\/teslafm.net\/wp-content\/uploads\/2020\/06\/logo-tesla.png\",\"width\":512,\"height\":512,\"caption\":\"TeslaFM\"},\"image\":{\"@id\":\"https:\/\/teslafm.net\/#\/schema\/logo\/image\/\"},\"sameAs\":[\"https:\/\/www.facebook.com\/teslafm.net\",\"https:\/\/x.com\/teslafm\"]}]}<\/script>\n<!-- \/ Yoast SEO plugin. -->","yoast_head_json":{"title":"Anank\u00e9 #19 -","robots":{"index":"index","follow":"follow","max-snippet":"max-snippet:-1","max-image-preview":"max-image-preview:large","max-video-preview":"max-video-preview:-1"},"canonical":"https:\/\/teslafm.net\/en\/ananke-19\/","og_locale":"en_US","og_type":"article","og_title":"Anank\u00e9 #19 -","og_description":"Anank\u00e9 Cap\u00edtulo XIX Mayo 2020 01. Ian William Craig &#8211; Mountains Astray &#8211; Red Sun Through Smoke (130701, 2020) 02. Ann Margaret Hogan &#8211; Within &#8211; Honeysuckle Burials (Downwards, 2020) 03. F\u00e9licia Atkinson &#8211; Everything Evaporate &#8211; Everything Evaporate (Shelter Press, 2020) 04. Clarice Jensen &#8211; Final &#8211; The Experience of Repetition as Death (130701, [&hellip;]","og_url":"https:\/\/teslafm.net\/en\/ananke-19\/","article_publisher":"https:\/\/www.facebook.com\/teslafm.net","article_modified_time":"2021-03-06T15:05:14+00:00","og_image":[{"width":1274,"height":818,"url":"https:\/\/teslafm.net\/wp-content\/uploads\/2022\/09\/header-image-4-temp.png","type":"image\/png"}],"twitter_card":"summary_large_image","twitter_site":"@teslafm","twitter_misc":{"Est. reading time":"2 minutes"},"schema":{"@context":"https:\/\/schema.org","@graph":[{"@type":"WebPage","@id":"https:\/\/teslafm.net\/ananke-19\/","url":"https:\/\/teslafm.net\/ananke-19\/","name":"Anank\u00e9 #19 -","isPartOf":{"@id":"https:\/\/teslafm.net\/#website"},"datePublished":"2020-05-12T15:27:58+00:00","dateModified":"2021-03-06T15:05:14+00:00","breadcrumb":{"@id":"https:\/\/teslafm.net\/ananke-19\/#breadcrumb"},"inLanguage":"en-US","potentialAction":[{"@type":"ReadAction","target":["https:\/\/teslafm.net\/ananke-19\/"]}]},{"@type":"BreadcrumbList","@id":"https:\/\/teslafm.net\/ananke-19\/#breadcrumb","itemListElement":[{"@type":"ListItem","position":1,"name":"Portada","item":"https:\/\/teslafm.net\/"},{"@type":"ListItem","position":2,"name":"Anank\u00e9 #19"}]},{"@type":"WebSite","@id":"https:\/\/teslafm.net\/#website","url":"https:\/\/teslafm.net\/","name":"TeslaFM","description":"An experimental and creative radio","publisher":{"@id":"https:\/\/teslafm.net\/#organization"},"potentialAction":[{"@type":"SearchAction","target":{"@type":"EntryPoint","urlTemplate":"https:\/\/teslafm.net\/?s={search_term_string}"},"query-input":{"@type":"PropertyValueSpecification","valueRequired":true,"valueName":"search_term_string"}}],"inLanguage":"en-US"},{"@type":"Organization","@id":"https:\/\/teslafm.net\/#organization","name":"TeslaFM","url":"https:\/\/teslafm.net\/","logo":{"@type":"ImageObject","inLanguage":"en-US","@id":"https:\/\/teslafm.net\/#\/schema\/logo\/image\/","url":"https:\/\/teslafm.net\/wp-content\/uploads\/2020\/06\/logo-tesla.png","contentUrl":"https:\/\/teslafm.net\/wp-content\/uploads\/2020\/06\/logo-tesla.png","width":512,"height":512,"caption":"TeslaFM"},"image":{"@id":"https:\/\/teslafm.net\/#\/schema\/logo\/image\/"},"sameAs":["https:\/\/www.facebook.com\/teslafm.net","https:\/\/x.com\/teslafm"]}]}},"rttpg_featured_image_url":null,"rttpg_author":{"display_name":"Ishak","author_link":"https:\/\/teslafm.net\/en\/author\/cravan\/"},"rttpg_comment":0,"rttpg_category":null,"rttpg_excerpt":"Anank\u00e9 Cap\u00edtulo XIX Mayo 2020 01. Ian William Craig &#8211; Mountains Astray &#8211; Red Sun Through Smoke (130701, 2020) 02. Ann Margaret Hogan &#8211; Within &#8211; Honeysuckle Burials (Downwards, 2020) 03. F\u00e9licia Atkinson &#8211; Everything Evaporate &#8211; Everything Evaporate (Shelter Press, 2020) 04. Clarice Jensen &#8211; Final &#8211; The Experience of Repetition as Death (130701,&hellip;","_links":{"self":[{"href":"https:\/\/teslafm.net\/en\/wp-json\/wp\/v2\/pages\/51415","targetHints":{"allow":["GET"]}}],"collection":[{"href":"https:\/\/teslafm.net\/en\/wp-json\/wp\/v2\/pages"}],"about":[{"href":"https:\/\/teslafm.net\/en\/wp-json\/wp\/v2\/types\/page"}],"author":[{"embeddable":true,"href":"https:\/\/teslafm.net\/en\/wp-json\/wp\/v2\/users\/19"}],"replies":[{"embeddable":true,"href":"https:\/\/teslafm.net\/en\/wp-json\/wp\/v2\/comments?post=51415"}],"version-history":[{"count":5,"href":"https:\/\/teslafm.net\/en\/wp-json\/wp\/v2\/pages\/51415\/revisions"}],"predecessor-version":[{"id":57132,"href":"https:\/\/teslafm.net\/en\/wp-json\/wp\/v2\/pages\/51415\/revisions\/57132"}],"wp:attachment":[{"href":"https:\/\/teslafm.net\/en\/wp-json\/wp\/v2\/media?parent=51415"}],"curies":[{"name":"wp","href":"https:\/\/api.w.org\/{rel}","templated":true}]}}