

{"id":52315,"date":"2020-05-18T12:41:35","date_gmt":"2020-05-18T10:41:35","guid":{"rendered":"http:\/\/teslafm.net\/?page_id=52315"},"modified":"2020-07-10T03:23:48","modified_gmt":"2020-07-10T01:23:48","slug":"los-archivos-phonos-1","status":"publish","type":"page","link":"https:\/\/teslafm.net\/en\/los-archivos-phonos-1\/","title":{"rendered":"Phonos Files #1"},"content":{"rendered":"<h2><span style=\"color: #ffffff;\"><strong>Phonos Files #1<\/strong><\/span><\/h2>\n<p><span style=\"color: #808080;\"><em>May 2020<\/em><\/span><\/p>\n<p><iframe src=\"https:\/\/www.mixcloud.com\/widget\/iframe\/?hide_cover=1&amp;feed=%2FTeslafm_net%2Flos-archivos-phonos-1-%C3%A1ngel-faraldo%2F\" width=\"100%\" height=\"120\" frameborder=\"0\"><\/iframe><\/p>\n<p><img fetchpriority=\"high\" decoding=\"async\" class=\"alignnone size-full wp-image-52316\" src=\"http:\/\/teslafm.net\/wp-content\/uploads\/2020\/05\/Screenshot-2020-05-17-at-13.27.11.png\" alt=\"\" width=\"1311\" height=\"1230\" srcset=\"https:\/\/teslafm.net\/wp-content\/uploads\/2020\/05\/Screenshot-2020-05-17-at-13.27.11.png 1151w, https:\/\/teslafm.net\/wp-content\/uploads\/2020\/05\/Screenshot-2020-05-17-at-13.27.11-300x281.png 300w, https:\/\/teslafm.net\/wp-content\/uploads\/2020\/05\/Screenshot-2020-05-17-at-13.27.11-1024x961.png 1024w, https:\/\/teslafm.net\/wp-content\/uploads\/2020\/05\/Screenshot-2020-05-17-at-13.27.11-768x721.png 768w\" sizes=\"(max-width: 1311px) 100vw, 1311px\" \/><\/p>\n<p><span style=\"color: #808080;\">In this installment we reconstruct the first part of the first official concert of the Phonos Electronic Music Laboratory at the Joan Mir\u00f3 Foundation in Barcelona, on October 19, 1976:<\/span><\/p>\n<p><span style=\"color: #808080;\">00:00 Introduction to the program and Phonos<\/span><br \/>\n<span style=\"color: #808080;\">04:11 Stockos IV<\/span><br \/>\n<span style=\"color: #808080;\">09:30 Espai Sonor I (Espais Residuals) of <strong>Lloren\u00e7 Balsach <\/strong><\/span><br \/>\n<span style=\"color: #808080;\">22:28 Espai Sonor II de <strong>Llu\u00eds Callejo<\/strong><\/span><br \/>\n<span style=\"color: #808080;\">29:18 Espai Sonor III de <strong>Eduardo Polonio<\/strong><\/span><br \/>\n<span style=\"color: #808080;\">44:13 Espai Sonor IV (joc) de <strong>Andr\u00e9s Lewin-Richter<\/strong><\/span><br \/>\n<span style=\"color: #808080;\">55:35 Farewell (Stockos IV)<\/span><\/p>","protected":false},"excerpt":{"rendered":"<p>Los Archivos Phonos #1 Mayo 2020 En esta entrega reconstruimos la primera parte del primer concierto oficial del Laboratorio de M\u00fasica Electr\u00f3nica Phonos en la Fundaci\u00f3n Joan Mir\u00f3 de Barcelona, el 19 de Octubre de 1976: 00:00 Introducci\u00f3n al programa y a Phonos 04:11 Stockos IV 09:30 Espai Sonor I (Espais Residuals) de Lloren\u00e7 Balsach [&hellip;]<\/p>\n","protected":false},"author":19,"featured_media":0,"parent":0,"menu_order":0,"comment_status":"closed","ping_status":"closed","template":"","meta":{"footnotes":""},"class_list":["post-52315","page","type-page","status-publish","hentry"],"yoast_head":"<!-- This site is optimized with the Yoast SEO plugin v27.2 - https:\/\/yoast.com\/product\/yoast-seo-wordpress\/ -->\n<title>Los Archivos Phonos #1 -<\/title>\n<meta name=\"robots\" content=\"index, follow, max-snippet:-1, max-image-preview:large, max-video-preview:-1\" \/>\n<link rel=\"canonical\" href=\"https:\/\/teslafm.net\/en\/los-archivos-phonos-1\/\" \/>\n<meta property=\"og:locale\" content=\"en_US\" \/>\n<meta property=\"og:type\" content=\"article\" \/>\n<meta property=\"og:title\" content=\"Los Archivos Phonos #1 -\" \/>\n<meta property=\"og:description\" content=\"Los Archivos Phonos #1 Mayo 2020 En esta entrega reconstruimos la primera parte del primer concierto oficial del Laboratorio de M\u00fasica Electr\u00f3nica Phonos en la Fundaci\u00f3n Joan Mir\u00f3 de Barcelona, el 19 de Octubre de 1976: 00:00 Introducci\u00f3n al programa y a Phonos 04:11 Stockos IV 09:30 Espai Sonor I (Espais Residuals) de Lloren\u00e7 Balsach [&hellip;]\" \/>\n<meta property=\"og:url\" content=\"https:\/\/teslafm.net\/en\/los-archivos-phonos-1\/\" \/>\n<meta property=\"article:publisher\" content=\"https:\/\/www.facebook.com\/teslafm.net\" \/>\n<meta property=\"article:modified_time\" content=\"2020-07-10T01:23:48+00:00\" \/>\n<meta property=\"og:image\" content=\"http:\/\/teslafm.net\/wp-content\/uploads\/2020\/05\/Screenshot-2020-05-17-at-13.27.11.png\" \/>\n<meta name=\"twitter:card\" content=\"summary_large_image\" \/>\n<meta name=\"twitter:site\" content=\"@teslafm\" \/>\n<script type=\"application\/ld+json\" class=\"yoast-schema-graph\">{\"@context\":\"https:\/\/schema.org\",\"@graph\":[{\"@type\":\"WebPage\",\"@id\":\"https:\/\/teslafm.net\/los-archivos-phonos-1\/\",\"url\":\"https:\/\/teslafm.net\/los-archivos-phonos-1\/\",\"name\":\"Los Archivos Phonos #1 -\",\"isPartOf\":{\"@id\":\"https:\/\/teslafm.net\/#website\"},\"primaryImageOfPage\":{\"@id\":\"https:\/\/teslafm.net\/los-archivos-phonos-1\/#primaryimage\"},\"image\":{\"@id\":\"https:\/\/teslafm.net\/los-archivos-phonos-1\/#primaryimage\"},\"thumbnailUrl\":\"http:\/\/teslafm.net\/wp-content\/uploads\/2020\/05\/Screenshot-2020-05-17-at-13.27.11.png\",\"datePublished\":\"2020-05-18T10:41:35+00:00\",\"dateModified\":\"2020-07-10T01:23:48+00:00\",\"breadcrumb\":{\"@id\":\"https:\/\/teslafm.net\/los-archivos-phonos-1\/#breadcrumb\"},\"inLanguage\":\"en-US\",\"potentialAction\":[{\"@type\":\"ReadAction\",\"target\":[\"https:\/\/teslafm.net\/los-archivos-phonos-1\/\"]}]},{\"@type\":\"ImageObject\",\"inLanguage\":\"en-US\",\"@id\":\"https:\/\/teslafm.net\/los-archivos-phonos-1\/#primaryimage\",\"url\":\"http:\/\/teslafm.net\/wp-content\/uploads\/2020\/05\/Screenshot-2020-05-17-at-13.27.11.png\",\"contentUrl\":\"http:\/\/teslafm.net\/wp-content\/uploads\/2020\/05\/Screenshot-2020-05-17-at-13.27.11.png\"},{\"@type\":\"BreadcrumbList\",\"@id\":\"https:\/\/teslafm.net\/los-archivos-phonos-1\/#breadcrumb\",\"itemListElement\":[{\"@type\":\"ListItem\",\"position\":1,\"name\":\"Portada\",\"item\":\"https:\/\/teslafm.net\/\"},{\"@type\":\"ListItem\",\"position\":2,\"name\":\"Los Archivos Phonos #1\"}]},{\"@type\":\"WebSite\",\"@id\":\"https:\/\/teslafm.net\/#website\",\"url\":\"https:\/\/teslafm.net\/\",\"name\":\"TeslaFM\",\"description\":\"An experimental and creative radio\",\"publisher\":{\"@id\":\"https:\/\/teslafm.net\/#organization\"},\"potentialAction\":[{\"@type\":\"SearchAction\",\"target\":{\"@type\":\"EntryPoint\",\"urlTemplate\":\"https:\/\/teslafm.net\/?s={search_term_string}\"},\"query-input\":{\"@type\":\"PropertyValueSpecification\",\"valueRequired\":true,\"valueName\":\"search_term_string\"}}],\"inLanguage\":\"en-US\"},{\"@type\":\"Organization\",\"@id\":\"https:\/\/teslafm.net\/#organization\",\"name\":\"TeslaFM\",\"url\":\"https:\/\/teslafm.net\/\",\"logo\":{\"@type\":\"ImageObject\",\"inLanguage\":\"en-US\",\"@id\":\"https:\/\/teslafm.net\/#\/schema\/logo\/image\/\",\"url\":\"https:\/\/teslafm.net\/wp-content\/uploads\/2020\/06\/logo-tesla.png\",\"contentUrl\":\"https:\/\/teslafm.net\/wp-content\/uploads\/2020\/06\/logo-tesla.png\",\"width\":512,\"height\":512,\"caption\":\"TeslaFM\"},\"image\":{\"@id\":\"https:\/\/teslafm.net\/#\/schema\/logo\/image\/\"},\"sameAs\":[\"https:\/\/www.facebook.com\/teslafm.net\",\"https:\/\/x.com\/teslafm\"]}]}<\/script>\n<!-- \/ Yoast SEO plugin. -->","yoast_head_json":{"title":"Phonos Files #1 - Phonos Files #1 - Phonos Files #1 - Phonos Files #1","robots":{"index":"index","follow":"follow","max-snippet":"max-snippet:-1","max-image-preview":"max-image-preview:large","max-video-preview":"max-video-preview:-1"},"canonical":"https:\/\/teslafm.net\/en\/los-archivos-phonos-1\/","og_locale":"en_US","og_type":"article","og_title":"Los Archivos Phonos #1 -","og_description":"Los Archivos Phonos #1 Mayo 2020 En esta entrega reconstruimos la primera parte del primer concierto oficial del Laboratorio de M\u00fasica Electr\u00f3nica Phonos en la Fundaci\u00f3n Joan Mir\u00f3 de Barcelona, el 19 de Octubre de 1976: 00:00 Introducci\u00f3n al programa y a Phonos 04:11 Stockos IV 09:30 Espai Sonor I (Espais Residuals) de Lloren\u00e7 Balsach [&hellip;]","og_url":"https:\/\/teslafm.net\/en\/los-archivos-phonos-1\/","article_publisher":"https:\/\/www.facebook.com\/teslafm.net","article_modified_time":"2020-07-10T01:23:48+00:00","og_image":[{"url":"http:\/\/teslafm.net\/wp-content\/uploads\/2020\/05\/Screenshot-2020-05-17-at-13.27.11.png","type":"","width":"","height":""}],"twitter_card":"summary_large_image","twitter_site":"@teslafm","schema":{"@context":"https:\/\/schema.org","@graph":[{"@type":"WebPage","@id":"https:\/\/teslafm.net\/los-archivos-phonos-1\/","url":"https:\/\/teslafm.net\/los-archivos-phonos-1\/","name":"Phonos Files #1 - Phonos Files #1 - Phonos Files #1 - Phonos Files #1","isPartOf":{"@id":"https:\/\/teslafm.net\/#website"},"primaryImageOfPage":{"@id":"https:\/\/teslafm.net\/los-archivos-phonos-1\/#primaryimage"},"image":{"@id":"https:\/\/teslafm.net\/los-archivos-phonos-1\/#primaryimage"},"thumbnailUrl":"http:\/\/teslafm.net\/wp-content\/uploads\/2020\/05\/Screenshot-2020-05-17-at-13.27.11.png","datePublished":"2020-05-18T10:41:35+00:00","dateModified":"2020-07-10T01:23:48+00:00","breadcrumb":{"@id":"https:\/\/teslafm.net\/los-archivos-phonos-1\/#breadcrumb"},"inLanguage":"en-US","potentialAction":[{"@type":"ReadAction","target":["https:\/\/teslafm.net\/los-archivos-phonos-1\/"]}]},{"@type":"ImageObject","inLanguage":"en-US","@id":"https:\/\/teslafm.net\/los-archivos-phonos-1\/#primaryimage","url":"http:\/\/teslafm.net\/wp-content\/uploads\/2020\/05\/Screenshot-2020-05-17-at-13.27.11.png","contentUrl":"http:\/\/teslafm.net\/wp-content\/uploads\/2020\/05\/Screenshot-2020-05-17-at-13.27.11.png"},{"@type":"BreadcrumbList","@id":"https:\/\/teslafm.net\/los-archivos-phonos-1\/#breadcrumb","itemListElement":[{"@type":"ListItem","position":1,"name":"Portada","item":"https:\/\/teslafm.net\/"},{"@type":"ListItem","position":2,"name":"Los Archivos Phonos #1"}]},{"@type":"WebSite","@id":"https:\/\/teslafm.net\/#website","url":"https:\/\/teslafm.net\/","name":"TeslaFM","description":"An experimental and creative radio","publisher":{"@id":"https:\/\/teslafm.net\/#organization"},"potentialAction":[{"@type":"SearchAction","target":{"@type":"EntryPoint","urlTemplate":"https:\/\/teslafm.net\/?s={search_term_string}"},"query-input":{"@type":"PropertyValueSpecification","valueRequired":true,"valueName":"search_term_string"}}],"inLanguage":"en-US"},{"@type":"Organization","@id":"https:\/\/teslafm.net\/#organization","name":"TeslaFM","url":"https:\/\/teslafm.net\/","logo":{"@type":"ImageObject","inLanguage":"en-US","@id":"https:\/\/teslafm.net\/#\/schema\/logo\/image\/","url":"https:\/\/teslafm.net\/wp-content\/uploads\/2020\/06\/logo-tesla.png","contentUrl":"https:\/\/teslafm.net\/wp-content\/uploads\/2020\/06\/logo-tesla.png","width":512,"height":512,"caption":"TeslaFM"},"image":{"@id":"https:\/\/teslafm.net\/#\/schema\/logo\/image\/"},"sameAs":["https:\/\/www.facebook.com\/teslafm.net","https:\/\/x.com\/teslafm"]}]}},"rttpg_featured_image_url":null,"rttpg_author":{"display_name":"Ishak","author_link":"https:\/\/teslafm.net\/en\/author\/cravan\/"},"rttpg_comment":0,"rttpg_category":null,"rttpg_excerpt":"Los Archivos Phonos #1 Mayo 2020 En esta entrega reconstruimos la primera parte del primer concierto oficial del Laboratorio de M\u00fasica Electr\u00f3nica Phonos en la Fundaci\u00f3n Joan Mir\u00f3 de Barcelona, el 19 de Octubre de 1976: 00:00 Introducci\u00f3n al programa y a Phonos 04:11 Stockos IV 09:30 Espai Sonor I (Espais Residuals) de Lloren\u00e7 Balsach&hellip;","_links":{"self":[{"href":"https:\/\/teslafm.net\/en\/wp-json\/wp\/v2\/pages\/52315","targetHints":{"allow":["GET"]}}],"collection":[{"href":"https:\/\/teslafm.net\/en\/wp-json\/wp\/v2\/pages"}],"about":[{"href":"https:\/\/teslafm.net\/en\/wp-json\/wp\/v2\/types\/page"}],"author":[{"embeddable":true,"href":"https:\/\/teslafm.net\/en\/wp-json\/wp\/v2\/users\/19"}],"replies":[{"embeddable":true,"href":"https:\/\/teslafm.net\/en\/wp-json\/wp\/v2\/comments?post=52315"}],"version-history":[{"count":4,"href":"https:\/\/teslafm.net\/en\/wp-json\/wp\/v2\/pages\/52315\/revisions"}],"predecessor-version":[{"id":54386,"href":"https:\/\/teslafm.net\/en\/wp-json\/wp\/v2\/pages\/52315\/revisions\/54386"}],"wp:attachment":[{"href":"https:\/\/teslafm.net\/en\/wp-json\/wp\/v2\/media?parent=52315"}],"curies":[{"name":"wp","href":"https:\/\/api.w.org\/{rel}","templated":true}]}}