

{"id":52722,"date":"2020-04-23T17:27:54","date_gmt":"2020-04-23T15:27:54","guid":{"rendered":"http:\/\/teslafm.net\/?page_id=52722"},"modified":"2021-03-06T16:26:49","modified_gmt":"2021-03-06T15:26:49","slug":"despues-del-mundo-3","status":"publish","type":"page","link":"https:\/\/teslafm.net\/en\/despues-del-mundo-3\/","title":{"rendered":"After the World #3"},"content":{"rendered":"<h2><span style=\"color: #ffffff;\"><strong>After the World #3<\/strong><\/span><\/h2>\n<p><span style=\"color: #808080;\"><em>May 2020<\/em><\/span><\/p>\n<p><iframe src=\"https:\/\/www.mixcloud.com\/widget\/iframe\/?hide_cover=1&amp;feed=%2FTeslafm_net%2Fdespu%C3%A9s-del-mundo-3-atractores-extra%C3%B1os%2F\" width=\"100%\" height=\"120\" frameborder=\"0\"><\/iframe><\/p>\n<p dir=\"ltr\"><span style=\"color: #808080;\">- 1'32'' - 9'32''<\/span><br \/>\n<span style=\"color: #808080;\"><strong>Little Symbolic Trip<\/strong> - text by <strong>Selu Herraiz<\/strong>\u00a0<\/span><\/p>\n<p><span style=\"color: #808080;\">\u00a0- 04'16' '- 22'48''<\/span><br \/>\n<span style=\"color: #808080;\"><strong>Lilith'21<\/strong> - The House of the Eye<\/span><\/p>\n<p><span style=\"color: #808080;\">\u00a0- 22'04'' - 44'20'<\/span><br \/>\n<span style=\"color: #808080;\">Those Eyes of Mine - Strange Attractors (<strong>Carlos Suarez<\/strong> + <strong>Selu Herraiz<\/strong>) - includes deconstructed poem by Federico Garc\u00eda Lorca.<\/span><\/p>\n<p><span style=\"color: #808080;\">\u00a0- 44'20'' - 60'00'<\/span><br \/>\n<span style=\"color: #808080;\"><strong>Vulkana<\/strong> aka <strong>Elena Azzed\u00edn<\/strong> - Breakslow\u00a0<\/span><\/p>\n<p dir=\"ltr\"><span style=\"color: #808080;\">Soundscape - breakfast with <strong>Maurin Donneaud<\/strong> - sound letter to P.B. Preciado on 03\/28\/2020 - Stolen guitar from <strong>Pia Achternkamp<\/strong>, recorded with cell phone in January 2018, modified mix and raw.<\/span><\/p>","protected":false},"excerpt":{"rendered":"<p>Despu\u00e9s del Mundo #3 Mayo 2020 \u00b7 1\u201932\u2019\u2019 &#8211; 9\u201932\u2019\u2019 Little Simbolic Trip &#8211; texto de Selu Herraiz\u00a0 \u00a0\u00b7 04\u201916\u2019 \u2019- 22\u201948\u2019\u2019 Lilith\u201921 &#8211; La Casa del Ojo \u00a0\u00b7 22\u201904\u2019\u2019 &#8211; 44\u201920\u2019 Aquellos Ojos Mios &#8211; Atractores Extra\u00f1os (Carlos Su\u00e1rez + Selu Herraiz) &#8211; incluye poema deconstruido de Federico Garc\u00eda Lorca. \u00a0\u00b7 44\u201920\u2019\u2019 &#8211; 60\u201900\u2019 [&hellip;]<\/p>\n","protected":false},"author":19,"featured_media":0,"parent":0,"menu_order":0,"comment_status":"closed","ping_status":"closed","template":"","meta":{"footnotes":""},"class_list":["post-52722","page","type-page","status-publish","hentry"],"yoast_head":"<!-- This site is optimized with the Yoast SEO plugin v27.2 - https:\/\/yoast.com\/product\/yoast-seo-wordpress\/ -->\n<title>Despu\u00e9s del Mundo #3 -<\/title>\n<meta name=\"robots\" content=\"index, follow, max-snippet:-1, max-image-preview:large, max-video-preview:-1\" \/>\n<link rel=\"canonical\" href=\"https:\/\/teslafm.net\/en\/despues-del-mundo-3\/\" \/>\n<meta property=\"og:locale\" content=\"en_US\" \/>\n<meta property=\"og:type\" content=\"article\" \/>\n<meta property=\"og:title\" content=\"Despu\u00e9s del Mundo #3 -\" \/>\n<meta property=\"og:description\" content=\"Despu\u00e9s del Mundo #3 Mayo 2020 \u00b7 1\u201932\u2019\u2019 &#8211; 9\u201932\u2019\u2019 Little Simbolic Trip &#8211; texto de Selu Herraiz\u00a0 \u00a0\u00b7 04\u201916\u2019 \u2019- 22\u201948\u2019\u2019 Lilith\u201921 &#8211; La Casa del Ojo \u00a0\u00b7 22\u201904\u2019\u2019 &#8211; 44\u201920\u2019 Aquellos Ojos Mios &#8211; Atractores Extra\u00f1os (Carlos Su\u00e1rez + Selu Herraiz) &#8211; incluye poema deconstruido de Federico Garc\u00eda Lorca. \u00a0\u00b7 44\u201920\u2019\u2019 &#8211; 60\u201900\u2019 [&hellip;]\" \/>\n<meta property=\"og:url\" content=\"https:\/\/teslafm.net\/en\/despues-del-mundo-3\/\" \/>\n<meta property=\"article:publisher\" content=\"https:\/\/www.facebook.com\/teslafm.net\" \/>\n<meta property=\"article:modified_time\" content=\"2021-03-06T15:26:49+00:00\" \/>\n<meta property=\"og:image\" content=\"https:\/\/teslafm.net\/wp-content\/uploads\/2022\/09\/header-image-4-temp.png\" \/>\n\t<meta property=\"og:image:width\" content=\"1274\" \/>\n\t<meta property=\"og:image:height\" content=\"818\" \/>\n\t<meta property=\"og:image:type\" content=\"image\/png\" \/>\n<meta name=\"twitter:card\" content=\"summary_large_image\" \/>\n<meta name=\"twitter:site\" content=\"@teslafm\" \/>\n<meta name=\"twitter:label1\" content=\"Est. reading time\" \/>\n\t<meta name=\"twitter:data1\" content=\"1 minute\" \/>\n<script type=\"application\/ld+json\" class=\"yoast-schema-graph\">{\"@context\":\"https:\/\/schema.org\",\"@graph\":[{\"@type\":\"WebPage\",\"@id\":\"https:\/\/teslafm.net\/despues-del-mundo-3\/\",\"url\":\"https:\/\/teslafm.net\/despues-del-mundo-3\/\",\"name\":\"Despu\u00e9s del Mundo #3 -\",\"isPartOf\":{\"@id\":\"https:\/\/teslafm.net\/#website\"},\"datePublished\":\"2020-04-23T15:27:54+00:00\",\"dateModified\":\"2021-03-06T15:26:49+00:00\",\"breadcrumb\":{\"@id\":\"https:\/\/teslafm.net\/despues-del-mundo-3\/#breadcrumb\"},\"inLanguage\":\"en-US\",\"potentialAction\":[{\"@type\":\"ReadAction\",\"target\":[\"https:\/\/teslafm.net\/despues-del-mundo-3\/\"]}]},{\"@type\":\"BreadcrumbList\",\"@id\":\"https:\/\/teslafm.net\/despues-del-mundo-3\/#breadcrumb\",\"itemListElement\":[{\"@type\":\"ListItem\",\"position\":1,\"name\":\"Portada\",\"item\":\"https:\/\/teslafm.net\/\"},{\"@type\":\"ListItem\",\"position\":2,\"name\":\"Despu\u00e9s del Mundo #3\"}]},{\"@type\":\"WebSite\",\"@id\":\"https:\/\/teslafm.net\/#website\",\"url\":\"https:\/\/teslafm.net\/\",\"name\":\"TeslaFM\",\"description\":\"An experimental and creative radio\",\"publisher\":{\"@id\":\"https:\/\/teslafm.net\/#organization\"},\"potentialAction\":[{\"@type\":\"SearchAction\",\"target\":{\"@type\":\"EntryPoint\",\"urlTemplate\":\"https:\/\/teslafm.net\/?s={search_term_string}\"},\"query-input\":{\"@type\":\"PropertyValueSpecification\",\"valueRequired\":true,\"valueName\":\"search_term_string\"}}],\"inLanguage\":\"en-US\"},{\"@type\":\"Organization\",\"@id\":\"https:\/\/teslafm.net\/#organization\",\"name\":\"TeslaFM\",\"url\":\"https:\/\/teslafm.net\/\",\"logo\":{\"@type\":\"ImageObject\",\"inLanguage\":\"en-US\",\"@id\":\"https:\/\/teslafm.net\/#\/schema\/logo\/image\/\",\"url\":\"https:\/\/teslafm.net\/wp-content\/uploads\/2020\/06\/logo-tesla.png\",\"contentUrl\":\"https:\/\/teslafm.net\/wp-content\/uploads\/2020\/06\/logo-tesla.png\",\"width\":512,\"height\":512,\"caption\":\"TeslaFM\"},\"image\":{\"@id\":\"https:\/\/teslafm.net\/#\/schema\/logo\/image\/\"},\"sameAs\":[\"https:\/\/www.facebook.com\/teslafm.net\",\"https:\/\/x.com\/teslafm\"]}]}<\/script>\n<!-- \/ Yoast SEO plugin. -->","yoast_head_json":{"title":"Despu\u00e9s del Mundo #3 -","robots":{"index":"index","follow":"follow","max-snippet":"max-snippet:-1","max-image-preview":"max-image-preview:large","max-video-preview":"max-video-preview:-1"},"canonical":"https:\/\/teslafm.net\/en\/despues-del-mundo-3\/","og_locale":"en_US","og_type":"article","og_title":"Despu\u00e9s del Mundo #3 -","og_description":"Despu\u00e9s del Mundo #3 Mayo 2020 \u00b7 1\u201932\u2019\u2019 &#8211; 9\u201932\u2019\u2019 Little Simbolic Trip &#8211; texto de Selu Herraiz\u00a0 \u00a0\u00b7 04\u201916\u2019 \u2019- 22\u201948\u2019\u2019 Lilith\u201921 &#8211; La Casa del Ojo \u00a0\u00b7 22\u201904\u2019\u2019 &#8211; 44\u201920\u2019 Aquellos Ojos Mios &#8211; Atractores Extra\u00f1os (Carlos Su\u00e1rez + Selu Herraiz) &#8211; incluye poema deconstruido de Federico Garc\u00eda Lorca. \u00a0\u00b7 44\u201920\u2019\u2019 &#8211; 60\u201900\u2019 [&hellip;]","og_url":"https:\/\/teslafm.net\/en\/despues-del-mundo-3\/","article_publisher":"https:\/\/www.facebook.com\/teslafm.net","article_modified_time":"2021-03-06T15:26:49+00:00","og_image":[{"width":1274,"height":818,"url":"https:\/\/teslafm.net\/wp-content\/uploads\/2022\/09\/header-image-4-temp.png","type":"image\/png"}],"twitter_card":"summary_large_image","twitter_site":"@teslafm","twitter_misc":{"Est. reading time":"1 minute"},"schema":{"@context":"https:\/\/schema.org","@graph":[{"@type":"WebPage","@id":"https:\/\/teslafm.net\/despues-del-mundo-3\/","url":"https:\/\/teslafm.net\/despues-del-mundo-3\/","name":"Despu\u00e9s del Mundo #3 -","isPartOf":{"@id":"https:\/\/teslafm.net\/#website"},"datePublished":"2020-04-23T15:27:54+00:00","dateModified":"2021-03-06T15:26:49+00:00","breadcrumb":{"@id":"https:\/\/teslafm.net\/despues-del-mundo-3\/#breadcrumb"},"inLanguage":"en-US","potentialAction":[{"@type":"ReadAction","target":["https:\/\/teslafm.net\/despues-del-mundo-3\/"]}]},{"@type":"BreadcrumbList","@id":"https:\/\/teslafm.net\/despues-del-mundo-3\/#breadcrumb","itemListElement":[{"@type":"ListItem","position":1,"name":"Portada","item":"https:\/\/teslafm.net\/"},{"@type":"ListItem","position":2,"name":"Despu\u00e9s del Mundo #3"}]},{"@type":"WebSite","@id":"https:\/\/teslafm.net\/#website","url":"https:\/\/teslafm.net\/","name":"TeslaFM","description":"An experimental and creative radio","publisher":{"@id":"https:\/\/teslafm.net\/#organization"},"potentialAction":[{"@type":"SearchAction","target":{"@type":"EntryPoint","urlTemplate":"https:\/\/teslafm.net\/?s={search_term_string}"},"query-input":{"@type":"PropertyValueSpecification","valueRequired":true,"valueName":"search_term_string"}}],"inLanguage":"en-US"},{"@type":"Organization","@id":"https:\/\/teslafm.net\/#organization","name":"TeslaFM","url":"https:\/\/teslafm.net\/","logo":{"@type":"ImageObject","inLanguage":"en-US","@id":"https:\/\/teslafm.net\/#\/schema\/logo\/image\/","url":"https:\/\/teslafm.net\/wp-content\/uploads\/2020\/06\/logo-tesla.png","contentUrl":"https:\/\/teslafm.net\/wp-content\/uploads\/2020\/06\/logo-tesla.png","width":512,"height":512,"caption":"TeslaFM"},"image":{"@id":"https:\/\/teslafm.net\/#\/schema\/logo\/image\/"},"sameAs":["https:\/\/www.facebook.com\/teslafm.net","https:\/\/x.com\/teslafm"]}]}},"rttpg_featured_image_url":null,"rttpg_author":{"display_name":"Ishak","author_link":"https:\/\/teslafm.net\/en\/author\/cravan\/"},"rttpg_comment":0,"rttpg_category":null,"rttpg_excerpt":"Despu\u00e9s del Mundo #3 Mayo 2020 \u00b7 1\u201932\u2019\u2019 &#8211; 9\u201932\u2019\u2019 Little Simbolic Trip &#8211; texto de Selu Herraiz\u00a0 \u00a0\u00b7 04\u201916\u2019 \u2019- 22\u201948\u2019\u2019 Lilith\u201921 &#8211; La Casa del Ojo \u00a0\u00b7 22\u201904\u2019\u2019 &#8211; 44\u201920\u2019 Aquellos Ojos Mios &#8211; Atractores Extra\u00f1os (Carlos Su\u00e1rez + Selu Herraiz) &#8211; incluye poema deconstruido de Federico Garc\u00eda Lorca. \u00a0\u00b7 44\u201920\u2019\u2019 &#8211; 60\u201900\u2019&hellip;","_links":{"self":[{"href":"https:\/\/teslafm.net\/en\/wp-json\/wp\/v2\/pages\/52722","targetHints":{"allow":["GET"]}}],"collection":[{"href":"https:\/\/teslafm.net\/en\/wp-json\/wp\/v2\/pages"}],"about":[{"href":"https:\/\/teslafm.net\/en\/wp-json\/wp\/v2\/types\/page"}],"author":[{"embeddable":true,"href":"https:\/\/teslafm.net\/en\/wp-json\/wp\/v2\/users\/19"}],"replies":[{"embeddable":true,"href":"https:\/\/teslafm.net\/en\/wp-json\/wp\/v2\/comments?post=52722"}],"version-history":[{"count":6,"href":"https:\/\/teslafm.net\/en\/wp-json\/wp\/v2\/pages\/52722\/revisions"}],"predecessor-version":[{"id":57146,"href":"https:\/\/teslafm.net\/en\/wp-json\/wp\/v2\/pages\/52722\/revisions\/57146"}],"wp:attachment":[{"href":"https:\/\/teslafm.net\/en\/wp-json\/wp\/v2\/media?parent=52722"}],"curies":[{"name":"wp","href":"https:\/\/api.w.org\/{rel}","templated":true}]}}