

{"id":52764,"date":"2020-05-21T09:12:32","date_gmt":"2020-05-21T07:12:32","guid":{"rendered":"http:\/\/teslafm.net\/?page_id=52764"},"modified":"2021-03-06T17:37:58","modified_gmt":"2021-03-06T16:37:58","slug":"flushing-toilets-14","status":"publish","type":"page","link":"https:\/\/teslafm.net\/en\/flushing-toilets-14\/","title":{"rendered":"Flushing Toilets #14"},"content":{"rendered":"<h2><span style=\"color: #ffffff;\"><strong>Flushing Toilets #14<\/strong><\/span><\/h2>\n<p><span style=\"color: #808080;\"><em>May 2020<\/em><\/span><\/p>\n<p><iframe src=\"https:\/\/www.mixcloud.com\/widget\/iframe\/?hide_cover=1&amp;feed=%2FTeslafm_net%2Fflushing-toilets-14-pilar-talavera%2F\" width=\"100%\" height=\"120\" frameborder=\"0\"><\/iframe><\/p>\n<p><img fetchpriority=\"high\" decoding=\"async\" src=\"http:\/\/teslafm.net\/wp-content\/uploads\/2020\/05\/flushing-toilets-14.jpg\" alt=\"\" width=\"2048\" height=\"2048\" \/><\/p>\n<p><span style=\"color: #808080;\">The Untamed Beards_.<strong>Enrique del Castillo<\/strong><\/span><\/p>\n<p><span style=\"color: #808080;\">01. Passacaglia of the Peruvian demons_The untamed beards_The night swimmer (2020)<\/span><br \/>\n<span style=\"color: #808080;\">*** Presentation of the project Las barbas ind\u00f3mitas, how long has it existed, and how would you define it?<\/span><\/p>\n<p><span style=\"color: #808080;\">02. Eosphorus the cooing_The untamed beards_The night swimmer (2020)<\/span><\/p>\n<p><span style=\"color: #808080;\">03. Vacuum cleaner detective_The untamed beards_The night swimmer (2020)<\/span><br \/>\n<span style=\"color: #808080;\">*** Being a totally DIY project (because it is, isn't it?) how is the composition \/ recording process?<\/span><\/p>\n<p><span style=\"color: #808080;\">04. The Day Achieved_The Untamed Beards_The Night Swimmer (2020)<\/span><\/p>\n<p><span style=\"color: #808080;\">05. Aerial_Enrique del Castillo_Untitled (2020)<\/span><\/p>\n<p><span style=\"color: #808080;\">06. El mar de los sargazos_Enrique del Castillo_Untitled (2020)<\/span><br \/>\n<span style=\"color: #808080;\">*** What would be your biggest musical influences? Or in any case, which artists do you think have helped you shape the sound of your project?<\/span><\/p>\n<p><span style=\"color: #808080;\">07. Nivea_TETENAL_Untitled (2020)<\/span><\/p>\n<p><span style=\"color: #808080;\">08. Motorcycle squall_TETENAL_Untitled (2020)<\/span><\/p>\n<p><span style=\"color: #808080;\">09.  Minuet, dance of the resol_Enrique del Castillo_Suite de la parra (2019).<\/span><\/p>\n<p><span style=\"color: #808080;\">10. Trip_The untamed beards_Trying to fix it ended up breaking it altogether (2018).<\/span><\/p>\n<p><span style=\"color: #808080;\">11. Guatin\u00e9_TETENAL_Untitled (2020)<\/span><br \/>\n<span style=\"color: #808080;\">*** Listening to the last three albums, I can notice that there is a plastic and poetic component in them, as if they were inspired by film images and, in the case of the poetic, because of the titles themselves, they are like small poems... Within your influences, would you highlight any director, a specific film or any book or author?<\/span><\/p>\n<p><span style=\"color: #808080;\">12. Miss america learns to soar in the air_Oniropompo_Miss America lost in the jungle (2016).<\/span><\/p>\n<p><span style=\"color: #808080;\">13. Miss america lost in the jungle_Oniropompo_Miss America lost in the jungle (2016).<\/span><\/p>\n<p><span style=\"color: #808080;\">14. The virgin of the sewer drinks the blood of miss america_Oniropompo_Miss America lost in the jungle (2016).<\/span><br \/>\n<span style=\"color: #808080;\">***About the instruments used and the construction of these instruments<\/span><\/p>\n<p><span style=\"color: #808080;\">15. Coda melindrosa_Enrique del Castillo_Suite de la parra (2019).<\/span><\/p>\n<p><span style=\"color: #808080;\">16. Ritmo vodo 4_V00D0_Untitled (2020)<\/span><\/p>\n<p><span style=\"color: #808080;\">17. Sumurrut, my slave_The untamed beards_Trying to fix it ended up breaking it altogether (2018).<\/span><\/p>\n<p><span style=\"color: #808080;\">18. Sonoran Desert_Enrique del Castillo_Untitled (2020)<\/span><\/p>\n<p><span style=\"color: #808080;\">19. La isla de los can\u00edbales_Enrique del Castillo_Not yet titled (2020)<\/span><\/p>\n<p><span style=\"color: #808080;\">20. Iwate_Enrique del Castillo_Not yet titled (2020)<\/span><\/p>\n<p><span style=\"color: #808080;\">***All projects are made up solely of <strong>Enrique del Castillo<\/strong><\/span><\/p>","protected":false},"excerpt":{"rendered":"<p>Flushing Toilets #14 Mayo 2020 Las Barbas Ind\u00f3mitas_Enrique del Castillo 01. Pasacalles de los demonios peruvianos_Las barbas ind\u00f3mitas_El nadador nocturno (2020) *** Presentaci\u00f3n del proyecto Las barbas ind\u00f3mitas, hace cu\u00e1nto que existe, y c\u00f3mo lo definir\u00edas 02. E\u00f3sforo el arrulante_Las barbas ind\u00f3mitas_El nadador nocturno (2020) 03. Aspiradora detective_Las barbas ind\u00f3mitas_El nadador nocturno (2020) *** Al [&hellip;]<\/p>\n","protected":false},"author":19,"featured_media":0,"parent":0,"menu_order":0,"comment_status":"closed","ping_status":"closed","template":"","meta":{"footnotes":""},"class_list":["post-52764","page","type-page","status-publish","hentry"],"yoast_head":"<!-- This site is optimized with the Yoast SEO plugin v27.4 - https:\/\/yoast.com\/product\/yoast-seo-wordpress\/ -->\n<title>Flushing Toilets #14 -<\/title>\n<meta name=\"robots\" content=\"index, follow, max-snippet:-1, max-image-preview:large, max-video-preview:-1\" \/>\n<link rel=\"canonical\" href=\"https:\/\/teslafm.net\/en\/flushing-toilets-14\/\" \/>\n<meta property=\"og:locale\" content=\"en_US\" \/>\n<meta property=\"og:type\" content=\"article\" \/>\n<meta property=\"og:title\" content=\"Flushing Toilets #14 -\" \/>\n<meta property=\"og:description\" content=\"Flushing Toilets #14 Mayo 2020 Las Barbas Ind\u00f3mitas_Enrique del Castillo 01. Pasacalles de los demonios peruvianos_Las barbas ind\u00f3mitas_El nadador nocturno (2020) *** Presentaci\u00f3n del proyecto Las barbas ind\u00f3mitas, hace cu\u00e1nto que existe, y c\u00f3mo lo definir\u00edas 02. E\u00f3sforo el arrulante_Las barbas ind\u00f3mitas_El nadador nocturno (2020) 03. Aspiradora detective_Las barbas ind\u00f3mitas_El nadador nocturno (2020) *** Al [&hellip;]\" \/>\n<meta property=\"og:url\" content=\"https:\/\/teslafm.net\/en\/flushing-toilets-14\/\" \/>\n<meta property=\"article:publisher\" content=\"https:\/\/www.facebook.com\/teslafm.net\" \/>\n<meta property=\"article:modified_time\" content=\"2021-03-06T16:37:58+00:00\" \/>\n<meta property=\"og:image\" content=\"http:\/\/teslafm.net\/wp-content\/uploads\/2020\/05\/flushing-toilets-14.jpg\" \/>\n<meta name=\"twitter:card\" content=\"summary_large_image\" \/>\n<meta name=\"twitter:site\" content=\"@teslafm\" \/>\n<meta name=\"twitter:label1\" content=\"Est. reading time\" \/>\n\t<meta name=\"twitter:data1\" content=\"2 minutes\" \/>\n<script type=\"application\/ld+json\" class=\"yoast-schema-graph\">{\"@context\":\"https:\\\/\\\/schema.org\",\"@graph\":[{\"@type\":\"WebPage\",\"@id\":\"https:\\\/\\\/teslafm.net\\\/flushing-toilets-14\\\/\",\"url\":\"https:\\\/\\\/teslafm.net\\\/flushing-toilets-14\\\/\",\"name\":\"Flushing Toilets #14 -\",\"isPartOf\":{\"@id\":\"https:\\\/\\\/teslafm.net\\\/#website\"},\"primaryImageOfPage\":{\"@id\":\"https:\\\/\\\/teslafm.net\\\/flushing-toilets-14\\\/#primaryimage\"},\"image\":{\"@id\":\"https:\\\/\\\/teslafm.net\\\/flushing-toilets-14\\\/#primaryimage\"},\"thumbnailUrl\":\"http:\\\/\\\/teslafm.net\\\/wp-content\\\/uploads\\\/2020\\\/05\\\/flushing-toilets-14.jpg\",\"datePublished\":\"2020-05-21T07:12:32+00:00\",\"dateModified\":\"2021-03-06T16:37:58+00:00\",\"breadcrumb\":{\"@id\":\"https:\\\/\\\/teslafm.net\\\/flushing-toilets-14\\\/#breadcrumb\"},\"inLanguage\":\"en-US\",\"potentialAction\":[{\"@type\":\"ReadAction\",\"target\":[\"https:\\\/\\\/teslafm.net\\\/flushing-toilets-14\\\/\"]}]},{\"@type\":\"ImageObject\",\"inLanguage\":\"en-US\",\"@id\":\"https:\\\/\\\/teslafm.net\\\/flushing-toilets-14\\\/#primaryimage\",\"url\":\"http:\\\/\\\/teslafm.net\\\/wp-content\\\/uploads\\\/2020\\\/05\\\/flushing-toilets-14.jpg\",\"contentUrl\":\"http:\\\/\\\/teslafm.net\\\/wp-content\\\/uploads\\\/2020\\\/05\\\/flushing-toilets-14.jpg\"},{\"@type\":\"BreadcrumbList\",\"@id\":\"https:\\\/\\\/teslafm.net\\\/flushing-toilets-14\\\/#breadcrumb\",\"itemListElement\":[{\"@type\":\"ListItem\",\"position\":1,\"name\":\"Portada\",\"item\":\"https:\\\/\\\/teslafm.net\\\/\"},{\"@type\":\"ListItem\",\"position\":2,\"name\":\"Flushing Toilets #14\"}]},{\"@type\":\"WebSite\",\"@id\":\"https:\\\/\\\/teslafm.net\\\/#website\",\"url\":\"https:\\\/\\\/teslafm.net\\\/\",\"name\":\"TeslaFM\",\"description\":\"An experimental and creative radio\",\"publisher\":{\"@id\":\"https:\\\/\\\/teslafm.net\\\/#organization\"},\"potentialAction\":[{\"@type\":\"SearchAction\",\"target\":{\"@type\":\"EntryPoint\",\"urlTemplate\":\"https:\\\/\\\/teslafm.net\\\/?s={search_term_string}\"},\"query-input\":{\"@type\":\"PropertyValueSpecification\",\"valueRequired\":true,\"valueName\":\"search_term_string\"}}],\"inLanguage\":\"en-US\"},{\"@type\":\"Organization\",\"@id\":\"https:\\\/\\\/teslafm.net\\\/#organization\",\"name\":\"TeslaFM\",\"url\":\"https:\\\/\\\/teslafm.net\\\/\",\"logo\":{\"@type\":\"ImageObject\",\"inLanguage\":\"en-US\",\"@id\":\"https:\\\/\\\/teslafm.net\\\/#\\\/schema\\\/logo\\\/image\\\/\",\"url\":\"https:\\\/\\\/teslafm.net\\\/wp-content\\\/uploads\\\/2020\\\/06\\\/logo-tesla.png\",\"contentUrl\":\"https:\\\/\\\/teslafm.net\\\/wp-content\\\/uploads\\\/2020\\\/06\\\/logo-tesla.png\",\"width\":512,\"height\":512,\"caption\":\"TeslaFM\"},\"image\":{\"@id\":\"https:\\\/\\\/teslafm.net\\\/#\\\/schema\\\/logo\\\/image\\\/\"},\"sameAs\":[\"https:\\\/\\\/www.facebook.com\\\/teslafm.net\",\"https:\\\/\\\/x.com\\\/teslafm\"]}]}<\/script>\n<!-- \/ Yoast SEO plugin. -->","yoast_head_json":{"title":"Flushing Toilets #14 -","robots":{"index":"index","follow":"follow","max-snippet":"max-snippet:-1","max-image-preview":"max-image-preview:large","max-video-preview":"max-video-preview:-1"},"canonical":"https:\/\/teslafm.net\/en\/flushing-toilets-14\/","og_locale":"en_US","og_type":"article","og_title":"Flushing Toilets #14 -","og_description":"Flushing Toilets #14 Mayo 2020 Las Barbas Ind\u00f3mitas_Enrique del Castillo 01. Pasacalles de los demonios peruvianos_Las barbas ind\u00f3mitas_El nadador nocturno (2020) *** Presentaci\u00f3n del proyecto Las barbas ind\u00f3mitas, hace cu\u00e1nto que existe, y c\u00f3mo lo definir\u00edas 02. E\u00f3sforo el arrulante_Las barbas ind\u00f3mitas_El nadador nocturno (2020) 03. Aspiradora detective_Las barbas ind\u00f3mitas_El nadador nocturno (2020) *** Al [&hellip;]","og_url":"https:\/\/teslafm.net\/en\/flushing-toilets-14\/","article_publisher":"https:\/\/www.facebook.com\/teslafm.net","article_modified_time":"2021-03-06T16:37:58+00:00","og_image":[{"url":"http:\/\/teslafm.net\/wp-content\/uploads\/2020\/05\/flushing-toilets-14.jpg","type":"","width":"","height":""}],"twitter_card":"summary_large_image","twitter_site":"@teslafm","twitter_misc":{"Est. reading time":"2 minutes"},"schema":{"@context":"https:\/\/schema.org","@graph":[{"@type":"WebPage","@id":"https:\/\/teslafm.net\/flushing-toilets-14\/","url":"https:\/\/teslafm.net\/flushing-toilets-14\/","name":"Flushing Toilets #14 -","isPartOf":{"@id":"https:\/\/teslafm.net\/#website"},"primaryImageOfPage":{"@id":"https:\/\/teslafm.net\/flushing-toilets-14\/#primaryimage"},"image":{"@id":"https:\/\/teslafm.net\/flushing-toilets-14\/#primaryimage"},"thumbnailUrl":"http:\/\/teslafm.net\/wp-content\/uploads\/2020\/05\/flushing-toilets-14.jpg","datePublished":"2020-05-21T07:12:32+00:00","dateModified":"2021-03-06T16:37:58+00:00","breadcrumb":{"@id":"https:\/\/teslafm.net\/flushing-toilets-14\/#breadcrumb"},"inLanguage":"en-US","potentialAction":[{"@type":"ReadAction","target":["https:\/\/teslafm.net\/flushing-toilets-14\/"]}]},{"@type":"ImageObject","inLanguage":"en-US","@id":"https:\/\/teslafm.net\/flushing-toilets-14\/#primaryimage","url":"http:\/\/teslafm.net\/wp-content\/uploads\/2020\/05\/flushing-toilets-14.jpg","contentUrl":"http:\/\/teslafm.net\/wp-content\/uploads\/2020\/05\/flushing-toilets-14.jpg"},{"@type":"BreadcrumbList","@id":"https:\/\/teslafm.net\/flushing-toilets-14\/#breadcrumb","itemListElement":[{"@type":"ListItem","position":1,"name":"Portada","item":"https:\/\/teslafm.net\/"},{"@type":"ListItem","position":2,"name":"Flushing Toilets #14"}]},{"@type":"WebSite","@id":"https:\/\/teslafm.net\/#website","url":"https:\/\/teslafm.net\/","name":"TeslaFM","description":"An experimental and creative radio","publisher":{"@id":"https:\/\/teslafm.net\/#organization"},"potentialAction":[{"@type":"SearchAction","target":{"@type":"EntryPoint","urlTemplate":"https:\/\/teslafm.net\/?s={search_term_string}"},"query-input":{"@type":"PropertyValueSpecification","valueRequired":true,"valueName":"search_term_string"}}],"inLanguage":"en-US"},{"@type":"Organization","@id":"https:\/\/teslafm.net\/#organization","name":"TeslaFM","url":"https:\/\/teslafm.net\/","logo":{"@type":"ImageObject","inLanguage":"en-US","@id":"https:\/\/teslafm.net\/#\/schema\/logo\/image\/","url":"https:\/\/teslafm.net\/wp-content\/uploads\/2020\/06\/logo-tesla.png","contentUrl":"https:\/\/teslafm.net\/wp-content\/uploads\/2020\/06\/logo-tesla.png","width":512,"height":512,"caption":"TeslaFM"},"image":{"@id":"https:\/\/teslafm.net\/#\/schema\/logo\/image\/"},"sameAs":["https:\/\/www.facebook.com\/teslafm.net","https:\/\/x.com\/teslafm"]}]}},"rttpg_featured_image_url":null,"rttpg_author":{"display_name":"Ishak","author_link":"https:\/\/teslafm.net\/en\/author\/cravan\/"},"rttpg_comment":0,"rttpg_category":null,"rttpg_excerpt":"Flushing Toilets #14 Mayo 2020 Las Barbas Ind\u00f3mitas_Enrique del Castillo 01. Pasacalles de los demonios peruvianos_Las barbas ind\u00f3mitas_El nadador nocturno (2020) *** Presentaci\u00f3n del proyecto Las barbas ind\u00f3mitas, hace cu\u00e1nto que existe, y c\u00f3mo lo definir\u00edas 02. E\u00f3sforo el arrulante_Las barbas ind\u00f3mitas_El nadador nocturno (2020) 03. Aspiradora detective_Las barbas ind\u00f3mitas_El nadador nocturno (2020) *** Al&hellip;","_links":{"self":[{"href":"https:\/\/teslafm.net\/en\/wp-json\/wp\/v2\/pages\/52764","targetHints":{"allow":["GET"]}}],"collection":[{"href":"https:\/\/teslafm.net\/en\/wp-json\/wp\/v2\/pages"}],"about":[{"href":"https:\/\/teslafm.net\/en\/wp-json\/wp\/v2\/types\/page"}],"author":[{"embeddable":true,"href":"https:\/\/teslafm.net\/en\/wp-json\/wp\/v2\/users\/19"}],"replies":[{"embeddable":true,"href":"https:\/\/teslafm.net\/en\/wp-json\/wp\/v2\/comments?post=52764"}],"version-history":[{"count":10,"href":"https:\/\/teslafm.net\/en\/wp-json\/wp\/v2\/pages\/52764\/revisions"}],"predecessor-version":[{"id":57208,"href":"https:\/\/teslafm.net\/en\/wp-json\/wp\/v2\/pages\/52764\/revisions\/57208"}],"wp:attachment":[{"href":"https:\/\/teslafm.net\/en\/wp-json\/wp\/v2\/media?parent=52764"}],"curies":[{"name":"wp","href":"https:\/\/api.w.org\/{rel}","templated":true}]}}