

{"id":53458,"date":"2020-05-25T21:21:50","date_gmt":"2020-05-25T19:21:50","guid":{"rendered":"http:\/\/teslafm.net\/?page_id=53458"},"modified":"2021-03-06T16:00:04","modified_gmt":"2021-03-06T15:00:04","slug":"todo-lo-que-vibra-es-musica-chantal-maillard","status":"publish","type":"page","link":"https:\/\/teslafm.net\/en\/todo-lo-que-vibra-es-musica-chantal-maillard\/","title":{"rendered":"Is everything that vibrates music? - Chantal Maillard"},"content":{"rendered":"<h2><span style=\"color: #ffffff;\">Is everything that vibrates music? - Chantal Maillard<\/span><\/h2>\n<p><iframe src=\"https:\/\/www.mixcloud.com\/widget\/iframe\/?hide_cover=1&amp;feed=%2FTeslafm_net%2Ftodo-lo-que-vibra-es-m%C3%BAsica-chantal-maillard%2F\" width=\"100%\" height=\"120\" frameborder=\"0\"><\/iframe><\/p>\n<p><img fetchpriority=\"high\" decoding=\"async\" class=\"aligncenter\" src=\"https:\/\/teslafm.net\/wp-content\/uploads\/2020\/05\/chantal-maillard.jpg\" sizes=\"(max-width: 759px) 100vw, 759px\" srcset=\"https:\/\/teslafm.net\/wp-content\/uploads\/2020\/05\/chantal-maillard.jpg 759w, https:\/\/teslafm.net\/wp-content\/uploads\/2020\/05\/chantal-maillard-300x168.jpg 300w\" alt=\"\" width=\"759\" height=\"426\" \/><\/p>\n<p><span style=\"color: #808080;\"><strong>Chantal Maillard<\/strong>, <em>Poet and philosopher, explorer of the interdisciplinary nature of the arts, National Poetry Prize (2004) and National Critics Prize (2008).<\/em><\/span><\/p>\n<p><span style=\"color: #808080;\">Interweaving reading and reflection, along the lines of the work itself. <i>(The Standing Woman, The Difficult Compassion, The Wound on the Tongue)<\/i> and with the help of some non-Western sources such as Indian cosmology and its theory of dramaturgy, he will introduce us to an understanding of the universe as vibration and resonance, a worldview that can be deduced from both the latest postulates of physics <i>-from quantum to string theory<\/i> as well as some of the most ancient intuitions bequeathed to us by other civilizations. If the universe is sonorous, will the mind that perceives it also be sonorous? This is one of the questions that will lead us to consider the urgent need to learn to listen.<\/span><\/p>\n<p><span style=\"color: #808080;\">March 2, 2020, Palau de la M\u00fasica.<\/span><\/p>","protected":false},"excerpt":{"rendered":"<p>\u00bfTodo lo que vibra es m\u00fasica? &#8211; Chantal Maillard Chantal Maillard, Poeta y fil\u00f3sofa, exploradora de la interdisciplinariedad de las artes, Premio Nacional de Poes\u00eda (2004) y Premio Nacional de la Cr\u00edtica (2008) Entretejiendo lectura y reflexi\u00f3n, al hilo de la propia obra (La mujer de pie, La compasi\u00f3n dif\u00edcil, La herida en la lengua) [&hellip;]<\/p>\n","protected":false},"author":19,"featured_media":0,"parent":0,"menu_order":0,"comment_status":"closed","ping_status":"closed","template":"","meta":{"footnotes":""},"class_list":["post-53458","page","type-page","status-publish","hentry"],"yoast_head":"<!-- This site is optimized with the Yoast SEO plugin v27.2 - https:\/\/yoast.com\/product\/yoast-seo-wordpress\/ -->\n<title>\u00bfTodo lo que vibra es m\u00fasica? - Chantal Maillard -<\/title>\n<meta name=\"robots\" content=\"index, follow, max-snippet:-1, max-image-preview:large, max-video-preview:-1\" \/>\n<link rel=\"canonical\" href=\"https:\/\/teslafm.net\/en\/todo-lo-que-vibra-es-musica-chantal-maillard\/\" \/>\n<meta property=\"og:locale\" content=\"en_US\" \/>\n<meta property=\"og:type\" content=\"article\" \/>\n<meta property=\"og:title\" content=\"\u00bfTodo lo que vibra es m\u00fasica? - Chantal Maillard -\" \/>\n<meta property=\"og:description\" content=\"\u00bfTodo lo que vibra es m\u00fasica? &#8211; Chantal Maillard Chantal Maillard, Poeta y fil\u00f3sofa, exploradora de la interdisciplinariedad de las artes, Premio Nacional de Poes\u00eda (2004) y Premio Nacional de la Cr\u00edtica (2008) Entretejiendo lectura y reflexi\u00f3n, al hilo de la propia obra (La mujer de pie, La compasi\u00f3n dif\u00edcil, La herida en la lengua) [&hellip;]\" \/>\n<meta property=\"og:url\" content=\"https:\/\/teslafm.net\/en\/todo-lo-que-vibra-es-musica-chantal-maillard\/\" \/>\n<meta property=\"article:publisher\" content=\"https:\/\/www.facebook.com\/teslafm.net\" \/>\n<meta property=\"article:modified_time\" content=\"2021-03-06T15:00:04+00:00\" \/>\n<meta property=\"og:image\" content=\"https:\/\/teslafm.net\/wp-content\/uploads\/2020\/05\/chantal-maillard.jpg\" \/>\n<meta name=\"twitter:card\" content=\"summary_large_image\" \/>\n<meta name=\"twitter:site\" content=\"@teslafm\" \/>\n<meta name=\"twitter:label1\" content=\"Est. reading time\" \/>\n\t<meta name=\"twitter:data1\" content=\"1 minute\" \/>\n<script type=\"application\/ld+json\" class=\"yoast-schema-graph\">{\"@context\":\"https:\/\/schema.org\",\"@graph\":[{\"@type\":\"WebPage\",\"@id\":\"https:\/\/teslafm.net\/todo-lo-que-vibra-es-musica-chantal-maillard\/\",\"url\":\"https:\/\/teslafm.net\/todo-lo-que-vibra-es-musica-chantal-maillard\/\",\"name\":\"\u00bfTodo lo que vibra es m\u00fasica? - Chantal Maillard -\",\"isPartOf\":{\"@id\":\"https:\/\/teslafm.net\/#website\"},\"primaryImageOfPage\":{\"@id\":\"https:\/\/teslafm.net\/todo-lo-que-vibra-es-musica-chantal-maillard\/#primaryimage\"},\"image\":{\"@id\":\"https:\/\/teslafm.net\/todo-lo-que-vibra-es-musica-chantal-maillard\/#primaryimage\"},\"thumbnailUrl\":\"https:\/\/teslafm.net\/wp-content\/uploads\/2020\/05\/chantal-maillard.jpg\",\"datePublished\":\"2020-05-25T19:21:50+00:00\",\"dateModified\":\"2021-03-06T15:00:04+00:00\",\"breadcrumb\":{\"@id\":\"https:\/\/teslafm.net\/todo-lo-que-vibra-es-musica-chantal-maillard\/#breadcrumb\"},\"inLanguage\":\"en-US\",\"potentialAction\":[{\"@type\":\"ReadAction\",\"target\":[\"https:\/\/teslafm.net\/todo-lo-que-vibra-es-musica-chantal-maillard\/\"]}]},{\"@type\":\"ImageObject\",\"inLanguage\":\"en-US\",\"@id\":\"https:\/\/teslafm.net\/todo-lo-que-vibra-es-musica-chantal-maillard\/#primaryimage\",\"url\":\"https:\/\/teslafm.net\/wp-content\/uploads\/2020\/05\/chantal-maillard.jpg\",\"contentUrl\":\"https:\/\/teslafm.net\/wp-content\/uploads\/2020\/05\/chantal-maillard.jpg\"},{\"@type\":\"BreadcrumbList\",\"@id\":\"https:\/\/teslafm.net\/todo-lo-que-vibra-es-musica-chantal-maillard\/#breadcrumb\",\"itemListElement\":[{\"@type\":\"ListItem\",\"position\":1,\"name\":\"Portada\",\"item\":\"https:\/\/teslafm.net\/\"},{\"@type\":\"ListItem\",\"position\":2,\"name\":\"\u00bfTodo lo que vibra es m\u00fasica? &#8211; Chantal Maillard\"}]},{\"@type\":\"WebSite\",\"@id\":\"https:\/\/teslafm.net\/#website\",\"url\":\"https:\/\/teslafm.net\/\",\"name\":\"TeslaFM\",\"description\":\"An experimental and creative radio\",\"publisher\":{\"@id\":\"https:\/\/teslafm.net\/#organization\"},\"potentialAction\":[{\"@type\":\"SearchAction\",\"target\":{\"@type\":\"EntryPoint\",\"urlTemplate\":\"https:\/\/teslafm.net\/?s={search_term_string}\"},\"query-input\":{\"@type\":\"PropertyValueSpecification\",\"valueRequired\":true,\"valueName\":\"search_term_string\"}}],\"inLanguage\":\"en-US\"},{\"@type\":\"Organization\",\"@id\":\"https:\/\/teslafm.net\/#organization\",\"name\":\"TeslaFM\",\"url\":\"https:\/\/teslafm.net\/\",\"logo\":{\"@type\":\"ImageObject\",\"inLanguage\":\"en-US\",\"@id\":\"https:\/\/teslafm.net\/#\/schema\/logo\/image\/\",\"url\":\"https:\/\/teslafm.net\/wp-content\/uploads\/2020\/06\/logo-tesla.png\",\"contentUrl\":\"https:\/\/teslafm.net\/wp-content\/uploads\/2020\/06\/logo-tesla.png\",\"width\":512,\"height\":512,\"caption\":\"TeslaFM\"},\"image\":{\"@id\":\"https:\/\/teslafm.net\/#\/schema\/logo\/image\/\"},\"sameAs\":[\"https:\/\/www.facebook.com\/teslafm.net\",\"https:\/\/x.com\/teslafm\"]}]}<\/script>\n<!-- \/ Yoast SEO plugin. -->","yoast_head_json":{"title":"Is everything that vibrates music? - Chantal Maillard -","robots":{"index":"index","follow":"follow","max-snippet":"max-snippet:-1","max-image-preview":"max-image-preview:large","max-video-preview":"max-video-preview:-1"},"canonical":"https:\/\/teslafm.net\/en\/todo-lo-que-vibra-es-musica-chantal-maillard\/","og_locale":"en_US","og_type":"article","og_title":"\u00bfTodo lo que vibra es m\u00fasica? - Chantal Maillard -","og_description":"\u00bfTodo lo que vibra es m\u00fasica? &#8211; Chantal Maillard Chantal Maillard, Poeta y fil\u00f3sofa, exploradora de la interdisciplinariedad de las artes, Premio Nacional de Poes\u00eda (2004) y Premio Nacional de la Cr\u00edtica (2008) Entretejiendo lectura y reflexi\u00f3n, al hilo de la propia obra (La mujer de pie, La compasi\u00f3n dif\u00edcil, La herida en la lengua) [&hellip;]","og_url":"https:\/\/teslafm.net\/en\/todo-lo-que-vibra-es-musica-chantal-maillard\/","article_publisher":"https:\/\/www.facebook.com\/teslafm.net","article_modified_time":"2021-03-06T15:00:04+00:00","og_image":[{"url":"https:\/\/teslafm.net\/wp-content\/uploads\/2020\/05\/chantal-maillard.jpg","type":"","width":"","height":""}],"twitter_card":"summary_large_image","twitter_site":"@teslafm","twitter_misc":{"Est. reading time":"1 minute"},"schema":{"@context":"https:\/\/schema.org","@graph":[{"@type":"WebPage","@id":"https:\/\/teslafm.net\/todo-lo-que-vibra-es-musica-chantal-maillard\/","url":"https:\/\/teslafm.net\/todo-lo-que-vibra-es-musica-chantal-maillard\/","name":"Is everything that vibrates music? - Chantal Maillard -","isPartOf":{"@id":"https:\/\/teslafm.net\/#website"},"primaryImageOfPage":{"@id":"https:\/\/teslafm.net\/todo-lo-que-vibra-es-musica-chantal-maillard\/#primaryimage"},"image":{"@id":"https:\/\/teslafm.net\/todo-lo-que-vibra-es-musica-chantal-maillard\/#primaryimage"},"thumbnailUrl":"https:\/\/teslafm.net\/wp-content\/uploads\/2020\/05\/chantal-maillard.jpg","datePublished":"2020-05-25T19:21:50+00:00","dateModified":"2021-03-06T15:00:04+00:00","breadcrumb":{"@id":"https:\/\/teslafm.net\/todo-lo-que-vibra-es-musica-chantal-maillard\/#breadcrumb"},"inLanguage":"en-US","potentialAction":[{"@type":"ReadAction","target":["https:\/\/teslafm.net\/todo-lo-que-vibra-es-musica-chantal-maillard\/"]}]},{"@type":"ImageObject","inLanguage":"en-US","@id":"https:\/\/teslafm.net\/todo-lo-que-vibra-es-musica-chantal-maillard\/#primaryimage","url":"https:\/\/teslafm.net\/wp-content\/uploads\/2020\/05\/chantal-maillard.jpg","contentUrl":"https:\/\/teslafm.net\/wp-content\/uploads\/2020\/05\/chantal-maillard.jpg"},{"@type":"BreadcrumbList","@id":"https:\/\/teslafm.net\/todo-lo-que-vibra-es-musica-chantal-maillard\/#breadcrumb","itemListElement":[{"@type":"ListItem","position":1,"name":"Portada","item":"https:\/\/teslafm.net\/"},{"@type":"ListItem","position":2,"name":"\u00bfTodo lo que vibra es m\u00fasica? &#8211; Chantal Maillard"}]},{"@type":"WebSite","@id":"https:\/\/teslafm.net\/#website","url":"https:\/\/teslafm.net\/","name":"TeslaFM","description":"An experimental and creative radio","publisher":{"@id":"https:\/\/teslafm.net\/#organization"},"potentialAction":[{"@type":"SearchAction","target":{"@type":"EntryPoint","urlTemplate":"https:\/\/teslafm.net\/?s={search_term_string}"},"query-input":{"@type":"PropertyValueSpecification","valueRequired":true,"valueName":"search_term_string"}}],"inLanguage":"en-US"},{"@type":"Organization","@id":"https:\/\/teslafm.net\/#organization","name":"TeslaFM","url":"https:\/\/teslafm.net\/","logo":{"@type":"ImageObject","inLanguage":"en-US","@id":"https:\/\/teslafm.net\/#\/schema\/logo\/image\/","url":"https:\/\/teslafm.net\/wp-content\/uploads\/2020\/06\/logo-tesla.png","contentUrl":"https:\/\/teslafm.net\/wp-content\/uploads\/2020\/06\/logo-tesla.png","width":512,"height":512,"caption":"TeslaFM"},"image":{"@id":"https:\/\/teslafm.net\/#\/schema\/logo\/image\/"},"sameAs":["https:\/\/www.facebook.com\/teslafm.net","https:\/\/x.com\/teslafm"]}]}},"rttpg_featured_image_url":null,"rttpg_author":{"display_name":"Ishak","author_link":"https:\/\/teslafm.net\/en\/author\/cravan\/"},"rttpg_comment":0,"rttpg_category":null,"rttpg_excerpt":"\u00bfTodo lo que vibra es m\u00fasica? &#8211; Chantal Maillard Chantal Maillard, Poeta y fil\u00f3sofa, exploradora de la interdisciplinariedad de las artes, Premio Nacional de Poes\u00eda (2004) y Premio Nacional de la Cr\u00edtica (2008) Entretejiendo lectura y reflexi\u00f3n, al hilo de la propia obra (La mujer de pie, La compasi\u00f3n dif\u00edcil, La herida en la lengua)&hellip;","_links":{"self":[{"href":"https:\/\/teslafm.net\/en\/wp-json\/wp\/v2\/pages\/53458","targetHints":{"allow":["GET"]}}],"collection":[{"href":"https:\/\/teslafm.net\/en\/wp-json\/wp\/v2\/pages"}],"about":[{"href":"https:\/\/teslafm.net\/en\/wp-json\/wp\/v2\/types\/page"}],"author":[{"embeddable":true,"href":"https:\/\/teslafm.net\/en\/wp-json\/wp\/v2\/users\/19"}],"replies":[{"embeddable":true,"href":"https:\/\/teslafm.net\/en\/wp-json\/wp\/v2\/comments?post=53458"}],"version-history":[{"count":7,"href":"https:\/\/teslafm.net\/en\/wp-json\/wp\/v2\/pages\/53458\/revisions"}],"predecessor-version":[{"id":57129,"href":"https:\/\/teslafm.net\/en\/wp-json\/wp\/v2\/pages\/53458\/revisions\/57129"}],"wp:attachment":[{"href":"https:\/\/teslafm.net\/en\/wp-json\/wp\/v2\/media?parent=53458"}],"curies":[{"name":"wp","href":"https:\/\/api.w.org\/{rel}","templated":true}]}}