

{"id":53468,"date":"2020-05-26T20:03:01","date_gmt":"2020-05-26T18:03:01","guid":{"rendered":"http:\/\/teslafm.net\/?page_id=53468"},"modified":"2021-03-13T12:26:33","modified_gmt":"2021-03-13T11:26:33","slug":"space-oddity-recollection-11","status":"publish","type":"page","link":"https:\/\/teslafm.net\/en\/space-oddity-recollection-11\/","title":{"rendered":"Space Oddity Recollection #11"},"content":{"rendered":"<h2><span style=\"color: #ffffff;\"><strong>Space Oddity Recollection #11<\/strong><\/span><\/h2>\n<p><span style=\"color: #808080;\"><em>May 2020<\/em><\/span><\/p>\n<p><iframe src=\"https:\/\/www.mixcloud.com\/widget\/iframe\/?hide_cover=1&amp;feed=%2FTeslafm_net%2Fspace-oddity-recollection-11-monikapich%2F\" width=\"100%\" height=\"120\" frameborder=\"0\"><\/iframe><\/p>\n<p><span style=\"color: #808080;\"><b>Voices Of The Cosmos<\/b><\/span><\/p>\n<p><span style=\"color: #808080;\"><strong>VOICES OF THE COSMOS<\/strong>. Project created by Polish sound artists. <strong>Rafa\u0142 Iwa\u0144ski<\/strong> and\u00a0<strong>Wojciech Zi\u0119ba<\/strong>in cooperation with astronomer <strong>Sebastian Soberski<\/strong>.<\/span><\/p>\n<p><span style=\"color: #808080;\">The project uses original signals and sounds of extraterrestrial origin obtained from radio telescopes (pulsars, planetary magnetospheres, the Sun, the aurora borealis), as well as archival recordings from space missions and other signals from space. Instrumental tracks have been created using electronic instruments, both digital and analog, and various acoustic objects.<\/span><\/p>\n<p><span style=\"color: #808080;\">The project consists of three albums\u00a0 <em>\"Voices of the Cosmos\"<\/em> (2011), <em>\"Voices of the Cosmos II\"<\/em> (2013) y <em>\"Voices of the Cosmos III\"<\/em> (2019).<\/span><\/p>\n<p><span style=\"color: #808080;\">The mixtrack contains pieces from the albums listed above:<\/span><\/p>\n<p><span style=\"color: #808080;\">1. START (Mercury-Atlas 7)<\/span><br \/>\n<span style=\"color: #808080;\">2. PSR 0950+08 (Close Encounter with an Alien Ghost)<\/span><br \/>\n<span style=\"color: #808080;\">03. THE ASTROPHYSICS (1952-1960)<\/span><br \/>\n<span style=\"color: #808080;\">05. PULSE 5, 6, 7 and 8 (Jupiter, Saturn, Uranus and Neptune)<\/span><\/p>\n<p><span style=\"color: #808080;\">II<\/span><br \/>\n<span style=\"color: #808080;\">01. NORTHERN LIGHTS<\/span><br \/>\n<span style=\"color: #808080;\">03. SOLAR WIND<\/span><br \/>\n<span style=\"color: #808080;\">06. IN AURORA POINT<\/span><br \/>\n<span style=\"color: #808080;\">08. WHITE DWARF B<\/span><\/p>\n<p><span style=\"color: #808080;\">III<\/span><br \/>\n<span style=\"color: #808080;\">6-ELECTRIC URANUS &amp; X-NAVI.ET-Voices of the Cosmos III-Solar Burst<\/span><br \/>\n<span style=\"color: #808080;\">1-ELECTRIC URANUS &amp; X-NAVI.ET-Voices of the Cosmos III-Saturn<\/span><br \/>\n<span style=\"color: #808080;\">4-ELECTRIC URANUS &amp; X-NAVI.ET-Voices of the Cosmos III-White Dwarf Dance<\/span><br \/>\n<span style=\"color: #808080;\">7-ELECTRIC URANUS &amp; X-NAVI.ET-Voices of the Cosmos III-Star Quake Voice<\/span><\/p>\n<p><a href=\"https:\/\/voicesofthecosmos.bandcamp.com\/album\/voices-of-the-cosmos\" target=\"_blank\" rel=\"noopener noreferrer\">voicesofthecosmos.bandcamp.com\/album\/voices-of-the-cosmos<\/a><\/p>\n<p><span style=\"color: #808080;\">Enjoy the mix. May 2020. Produced by <strong>monikapich<\/strong>.<\/span><\/p>","protected":false},"excerpt":{"rendered":"<p>Space Oddity Recollection #11 Mayo 2020 Voices Of The Cosmos VOICES OF THE COSMOS. Proyecto creado por los artistas sonoros polacos. Rafa\u0142 Iwa\u0144ski y\u00a0Wojciech Zi\u0119ba, en cooperaci\u00f3n con el astr\u00f3nomo Sebastian Soberski. El proyecto utiliza se\u00f1ales y sonidos originales de origen extraterrestre obtenidos a trav\u00e9s de radiotelescopios (p\u00falsares, magnetosferas planetarias, el Sol, la aurora boreal), [&hellip;]<\/p>\n","protected":false},"author":19,"featured_media":0,"parent":0,"menu_order":0,"comment_status":"closed","ping_status":"closed","template":"","meta":{"footnotes":""},"class_list":["post-53468","page","type-page","status-publish","hentry"],"yoast_head":"<!-- This site is optimized with the Yoast SEO plugin v27.4 - https:\/\/yoast.com\/product\/yoast-seo-wordpress\/ -->\n<title>Space Oddity Recollection #11 -<\/title>\n<meta name=\"robots\" content=\"index, follow, max-snippet:-1, max-image-preview:large, max-video-preview:-1\" \/>\n<link rel=\"canonical\" href=\"https:\/\/teslafm.net\/en\/space-oddity-recollection-11\/\" \/>\n<meta property=\"og:locale\" content=\"en_US\" \/>\n<meta property=\"og:type\" content=\"article\" \/>\n<meta property=\"og:title\" content=\"Space Oddity Recollection #11 -\" \/>\n<meta property=\"og:description\" content=\"Space Oddity Recollection #11 Mayo 2020 Voices Of The Cosmos VOICES OF THE COSMOS. Proyecto creado por los artistas sonoros polacos. Rafa\u0142 Iwa\u0144ski y\u00a0Wojciech Zi\u0119ba, en cooperaci\u00f3n con el astr\u00f3nomo Sebastian Soberski. El proyecto utiliza se\u00f1ales y sonidos originales de origen extraterrestre obtenidos a trav\u00e9s de radiotelescopios (p\u00falsares, magnetosferas planetarias, el Sol, la aurora boreal), [&hellip;]\" \/>\n<meta property=\"og:url\" content=\"https:\/\/teslafm.net\/en\/space-oddity-recollection-11\/\" \/>\n<meta property=\"article:publisher\" content=\"https:\/\/www.facebook.com\/teslafm.net\" \/>\n<meta property=\"article:modified_time\" content=\"2021-03-13T11:26:33+00:00\" \/>\n<meta property=\"og:image\" content=\"https:\/\/teslafm.net\/wp-content\/uploads\/2022\/09\/header-image-4-temp.png\" \/>\n\t<meta property=\"og:image:width\" content=\"1274\" \/>\n\t<meta property=\"og:image:height\" content=\"818\" \/>\n\t<meta property=\"og:image:type\" content=\"image\/png\" \/>\n<meta name=\"twitter:card\" content=\"summary_large_image\" \/>\n<meta name=\"twitter:site\" content=\"@teslafm\" \/>\n<meta name=\"twitter:label1\" content=\"Est. reading time\" \/>\n\t<meta name=\"twitter:data1\" content=\"1 minute\" \/>\n<script type=\"application\/ld+json\" class=\"yoast-schema-graph\">{\"@context\":\"https:\\\/\\\/schema.org\",\"@graph\":[{\"@type\":\"WebPage\",\"@id\":\"https:\\\/\\\/teslafm.net\\\/space-oddity-recollection-11\\\/\",\"url\":\"https:\\\/\\\/teslafm.net\\\/space-oddity-recollection-11\\\/\",\"name\":\"Space Oddity Recollection #11 -\",\"isPartOf\":{\"@id\":\"https:\\\/\\\/teslafm.net\\\/#website\"},\"datePublished\":\"2020-05-26T18:03:01+00:00\",\"dateModified\":\"2021-03-13T11:26:33+00:00\",\"breadcrumb\":{\"@id\":\"https:\\\/\\\/teslafm.net\\\/space-oddity-recollection-11\\\/#breadcrumb\"},\"inLanguage\":\"en-US\",\"potentialAction\":[{\"@type\":\"ReadAction\",\"target\":[\"https:\\\/\\\/teslafm.net\\\/space-oddity-recollection-11\\\/\"]}]},{\"@type\":\"BreadcrumbList\",\"@id\":\"https:\\\/\\\/teslafm.net\\\/space-oddity-recollection-11\\\/#breadcrumb\",\"itemListElement\":[{\"@type\":\"ListItem\",\"position\":1,\"name\":\"Portada\",\"item\":\"https:\\\/\\\/teslafm.net\\\/\"},{\"@type\":\"ListItem\",\"position\":2,\"name\":\"Space Oddity Recollection #11\"}]},{\"@type\":\"WebSite\",\"@id\":\"https:\\\/\\\/teslafm.net\\\/#website\",\"url\":\"https:\\\/\\\/teslafm.net\\\/\",\"name\":\"TeslaFM\",\"description\":\"An experimental and creative radio\",\"publisher\":{\"@id\":\"https:\\\/\\\/teslafm.net\\\/#organization\"},\"potentialAction\":[{\"@type\":\"SearchAction\",\"target\":{\"@type\":\"EntryPoint\",\"urlTemplate\":\"https:\\\/\\\/teslafm.net\\\/?s={search_term_string}\"},\"query-input\":{\"@type\":\"PropertyValueSpecification\",\"valueRequired\":true,\"valueName\":\"search_term_string\"}}],\"inLanguage\":\"en-US\"},{\"@type\":\"Organization\",\"@id\":\"https:\\\/\\\/teslafm.net\\\/#organization\",\"name\":\"TeslaFM\",\"url\":\"https:\\\/\\\/teslafm.net\\\/\",\"logo\":{\"@type\":\"ImageObject\",\"inLanguage\":\"en-US\",\"@id\":\"https:\\\/\\\/teslafm.net\\\/#\\\/schema\\\/logo\\\/image\\\/\",\"url\":\"https:\\\/\\\/teslafm.net\\\/wp-content\\\/uploads\\\/2020\\\/06\\\/logo-tesla.png\",\"contentUrl\":\"https:\\\/\\\/teslafm.net\\\/wp-content\\\/uploads\\\/2020\\\/06\\\/logo-tesla.png\",\"width\":512,\"height\":512,\"caption\":\"TeslaFM\"},\"image\":{\"@id\":\"https:\\\/\\\/teslafm.net\\\/#\\\/schema\\\/logo\\\/image\\\/\"},\"sameAs\":[\"https:\\\/\\\/www.facebook.com\\\/teslafm.net\",\"https:\\\/\\\/x.com\\\/teslafm\"]}]}<\/script>\n<!-- \/ Yoast SEO plugin. -->","yoast_head_json":{"title":"Space Oddity Recollection #11 -","robots":{"index":"index","follow":"follow","max-snippet":"max-snippet:-1","max-image-preview":"max-image-preview:large","max-video-preview":"max-video-preview:-1"},"canonical":"https:\/\/teslafm.net\/en\/space-oddity-recollection-11\/","og_locale":"en_US","og_type":"article","og_title":"Space Oddity Recollection #11 -","og_description":"Space Oddity Recollection #11 Mayo 2020 Voices Of The Cosmos VOICES OF THE COSMOS. Proyecto creado por los artistas sonoros polacos. Rafa\u0142 Iwa\u0144ski y\u00a0Wojciech Zi\u0119ba, en cooperaci\u00f3n con el astr\u00f3nomo Sebastian Soberski. El proyecto utiliza se\u00f1ales y sonidos originales de origen extraterrestre obtenidos a trav\u00e9s de radiotelescopios (p\u00falsares, magnetosferas planetarias, el Sol, la aurora boreal), [&hellip;]","og_url":"https:\/\/teslafm.net\/en\/space-oddity-recollection-11\/","article_publisher":"https:\/\/www.facebook.com\/teslafm.net","article_modified_time":"2021-03-13T11:26:33+00:00","og_image":[{"width":1274,"height":818,"url":"https:\/\/teslafm.net\/wp-content\/uploads\/2022\/09\/header-image-4-temp.png","type":"image\/png"}],"twitter_card":"summary_large_image","twitter_site":"@teslafm","twitter_misc":{"Est. reading time":"1 minute"},"schema":{"@context":"https:\/\/schema.org","@graph":[{"@type":"WebPage","@id":"https:\/\/teslafm.net\/space-oddity-recollection-11\/","url":"https:\/\/teslafm.net\/space-oddity-recollection-11\/","name":"Space Oddity Recollection #11 -","isPartOf":{"@id":"https:\/\/teslafm.net\/#website"},"datePublished":"2020-05-26T18:03:01+00:00","dateModified":"2021-03-13T11:26:33+00:00","breadcrumb":{"@id":"https:\/\/teslafm.net\/space-oddity-recollection-11\/#breadcrumb"},"inLanguage":"en-US","potentialAction":[{"@type":"ReadAction","target":["https:\/\/teslafm.net\/space-oddity-recollection-11\/"]}]},{"@type":"BreadcrumbList","@id":"https:\/\/teslafm.net\/space-oddity-recollection-11\/#breadcrumb","itemListElement":[{"@type":"ListItem","position":1,"name":"Portada","item":"https:\/\/teslafm.net\/"},{"@type":"ListItem","position":2,"name":"Space Oddity Recollection #11"}]},{"@type":"WebSite","@id":"https:\/\/teslafm.net\/#website","url":"https:\/\/teslafm.net\/","name":"TeslaFM","description":"An experimental and creative radio","publisher":{"@id":"https:\/\/teslafm.net\/#organization"},"potentialAction":[{"@type":"SearchAction","target":{"@type":"EntryPoint","urlTemplate":"https:\/\/teslafm.net\/?s={search_term_string}"},"query-input":{"@type":"PropertyValueSpecification","valueRequired":true,"valueName":"search_term_string"}}],"inLanguage":"en-US"},{"@type":"Organization","@id":"https:\/\/teslafm.net\/#organization","name":"TeslaFM","url":"https:\/\/teslafm.net\/","logo":{"@type":"ImageObject","inLanguage":"en-US","@id":"https:\/\/teslafm.net\/#\/schema\/logo\/image\/","url":"https:\/\/teslafm.net\/wp-content\/uploads\/2020\/06\/logo-tesla.png","contentUrl":"https:\/\/teslafm.net\/wp-content\/uploads\/2020\/06\/logo-tesla.png","width":512,"height":512,"caption":"TeslaFM"},"image":{"@id":"https:\/\/teslafm.net\/#\/schema\/logo\/image\/"},"sameAs":["https:\/\/www.facebook.com\/teslafm.net","https:\/\/x.com\/teslafm"]}]}},"rttpg_featured_image_url":null,"rttpg_author":{"display_name":"Ishak","author_link":"https:\/\/teslafm.net\/en\/author\/cravan\/"},"rttpg_comment":0,"rttpg_category":null,"rttpg_excerpt":"Space Oddity Recollection #11 Mayo 2020 Voices Of The Cosmos VOICES OF THE COSMOS. Proyecto creado por los artistas sonoros polacos. Rafa\u0142 Iwa\u0144ski y\u00a0Wojciech Zi\u0119ba, en cooperaci\u00f3n con el astr\u00f3nomo Sebastian Soberski. El proyecto utiliza se\u00f1ales y sonidos originales de origen extraterrestre obtenidos a trav\u00e9s de radiotelescopios (p\u00falsares, magnetosferas planetarias, el Sol, la aurora boreal),&hellip;","_links":{"self":[{"href":"https:\/\/teslafm.net\/en\/wp-json\/wp\/v2\/pages\/53468","targetHints":{"allow":["GET"]}}],"collection":[{"href":"https:\/\/teslafm.net\/en\/wp-json\/wp\/v2\/pages"}],"about":[{"href":"https:\/\/teslafm.net\/en\/wp-json\/wp\/v2\/types\/page"}],"author":[{"embeddable":true,"href":"https:\/\/teslafm.net\/en\/wp-json\/wp\/v2\/users\/19"}],"replies":[{"embeddable":true,"href":"https:\/\/teslafm.net\/en\/wp-json\/wp\/v2\/comments?post=53468"}],"version-history":[{"count":8,"href":"https:\/\/teslafm.net\/en\/wp-json\/wp\/v2\/pages\/53468\/revisions"}],"predecessor-version":[{"id":57527,"href":"https:\/\/teslafm.net\/en\/wp-json\/wp\/v2\/pages\/53468\/revisions\/57527"}],"wp:attachment":[{"href":"https:\/\/teslafm.net\/en\/wp-json\/wp\/v2\/media?parent=53468"}],"curies":[{"name":"wp","href":"https:\/\/api.w.org\/{rel}","templated":true}]}}