

{"id":53525,"date":"2020-05-27T19:30:00","date_gmt":"2020-05-27T17:30:00","guid":{"rendered":"http:\/\/teslafm.net\/?page_id=53525"},"modified":"2021-03-06T16:11:17","modified_gmt":"2021-03-06T15:11:17","slug":"datscha-radio-13","status":"publish","type":"page","link":"https:\/\/teslafm.net\/en\/datscha-radio-13\/","title":{"rendered":"Datscha Radio #13"},"content":{"rendered":"<h2><span style=\"color: #ffffff;\"><strong>Datscha Radio #13<\/strong><\/span><\/h2>\n<p><span style=\"color: #808080;\"><em>May 2020<\/em><\/span><\/p>\n<p><iframe src=\"https:\/\/www.mixcloud.com\/widget\/iframe\/?hide_cover=1&amp;feed=%2FTeslafm_net%2Fdatscha-radio-13-datscha-radio%2F\" width=\"100%\" height=\"120\" frameborder=\"0\"><\/iframe><\/p>\n<p><img fetchpriority=\"high\" decoding=\"async\" src=\"https:\/\/teslafm.net\/wp-content\/uploads\/2020\/05\/PR_datscha_on_air_k.jpg\" alt=\"\" width=\"1575\" height=\"1181\" \/><\/p>\n<p><span style=\"color: #808080;\">(A garden in the air, <b>Kunstradio \u00d61<\/b>)<\/span><\/p>\n<p><span style=\"color: #808080;\">Includes excerpts from <b>Datscha Radio 2017<\/b> and the series <b>Nightgardening 2019<\/b> more additional material. <b>Datscha Radio Berlin<\/b> is performed with <b>Kate Donovan<\/b>, <b>Helen Thein<\/b> and <b>Niki Matita<\/b>.<\/span><\/p>","protected":false},"excerpt":{"rendered":"<p>Datscha Radio #13 May 2020 (A Garden in the Air, Kunstradio \u00d61) Includes excerpts from Datscha Radio 2017 and the Nightgardening 2019 series plus additional material. Datscha Radio Berlin is performed with Kate Donovan, Helen Thein and Niki Matita.<\/p>","protected":false},"author":19,"featured_media":0,"parent":0,"menu_order":0,"comment_status":"closed","ping_status":"closed","template":"","meta":{"footnotes":""},"class_list":["post-53525","page","type-page","status-publish","hentry"],"yoast_head":"<!-- This site is optimized with the Yoast SEO plugin v27.4 - https:\/\/yoast.com\/product\/yoast-seo-wordpress\/ -->\n<title>Datscha Radio #13 -<\/title>\n<meta name=\"robots\" content=\"index, follow, max-snippet:-1, max-image-preview:large, max-video-preview:-1\" \/>\n<link rel=\"canonical\" href=\"https:\/\/teslafm.net\/en\/datscha-radio-13\/\" \/>\n<meta property=\"og:locale\" content=\"en_US\" \/>\n<meta property=\"og:type\" content=\"article\" \/>\n<meta property=\"og:title\" content=\"Datscha Radio #13 -\" \/>\n<meta property=\"og:description\" content=\"Datscha Radio #13 Mayo 2020 (Un jard\u00edn en el aire, Kunstradio \u00d61) Incluye extractos de Datscha Radio 2017 y la serie Nightgardening 2019 m\u00e1s material adicional. Datscha Radio Berlin se realiza con Kate Donovan, Helen Thein y Niki Matita.\" \/>\n<meta property=\"og:url\" content=\"https:\/\/teslafm.net\/en\/datscha-radio-13\/\" \/>\n<meta property=\"article:publisher\" content=\"https:\/\/www.facebook.com\/teslafm.net\" \/>\n<meta property=\"article:modified_time\" content=\"2021-03-06T15:11:17+00:00\" \/>\n<meta property=\"og:image\" content=\"https:\/\/teslafm.net\/wp-content\/uploads\/2020\/05\/PR_datscha_on_air_k.jpg\" \/>\n<meta name=\"twitter:card\" content=\"summary_large_image\" \/>\n<meta name=\"twitter:site\" content=\"@teslafm\" \/>\n<meta name=\"twitter:label1\" content=\"Est. reading time\" \/>\n\t<meta name=\"twitter:data1\" content=\"1 minute\" \/>\n<script type=\"application\/ld+json\" class=\"yoast-schema-graph\">{\"@context\":\"https:\\\/\\\/schema.org\",\"@graph\":[{\"@type\":\"WebPage\",\"@id\":\"https:\\\/\\\/teslafm.net\\\/datscha-radio-13\\\/\",\"url\":\"https:\\\/\\\/teslafm.net\\\/datscha-radio-13\\\/\",\"name\":\"Datscha Radio #13 -\",\"isPartOf\":{\"@id\":\"https:\\\/\\\/teslafm.net\\\/#website\"},\"primaryImageOfPage\":{\"@id\":\"https:\\\/\\\/teslafm.net\\\/datscha-radio-13\\\/#primaryimage\"},\"image\":{\"@id\":\"https:\\\/\\\/teslafm.net\\\/datscha-radio-13\\\/#primaryimage\"},\"thumbnailUrl\":\"https:\\\/\\\/teslafm.net\\\/wp-content\\\/uploads\\\/2020\\\/05\\\/PR_datscha_on_air_k.jpg\",\"datePublished\":\"2020-05-27T17:30:00+00:00\",\"dateModified\":\"2021-03-06T15:11:17+00:00\",\"breadcrumb\":{\"@id\":\"https:\\\/\\\/teslafm.net\\\/datscha-radio-13\\\/#breadcrumb\"},\"inLanguage\":\"en-US\",\"potentialAction\":[{\"@type\":\"ReadAction\",\"target\":[\"https:\\\/\\\/teslafm.net\\\/datscha-radio-13\\\/\"]}]},{\"@type\":\"ImageObject\",\"inLanguage\":\"en-US\",\"@id\":\"https:\\\/\\\/teslafm.net\\\/datscha-radio-13\\\/#primaryimage\",\"url\":\"https:\\\/\\\/teslafm.net\\\/wp-content\\\/uploads\\\/2020\\\/05\\\/PR_datscha_on_air_k.jpg\",\"contentUrl\":\"https:\\\/\\\/teslafm.net\\\/wp-content\\\/uploads\\\/2020\\\/05\\\/PR_datscha_on_air_k.jpg\"},{\"@type\":\"BreadcrumbList\",\"@id\":\"https:\\\/\\\/teslafm.net\\\/datscha-radio-13\\\/#breadcrumb\",\"itemListElement\":[{\"@type\":\"ListItem\",\"position\":1,\"name\":\"Portada\",\"item\":\"https:\\\/\\\/teslafm.net\\\/\"},{\"@type\":\"ListItem\",\"position\":2,\"name\":\"Datscha Radio #13\"}]},{\"@type\":\"WebSite\",\"@id\":\"https:\\\/\\\/teslafm.net\\\/#website\",\"url\":\"https:\\\/\\\/teslafm.net\\\/\",\"name\":\"TeslaFM\",\"description\":\"An experimental and creative radio\",\"publisher\":{\"@id\":\"https:\\\/\\\/teslafm.net\\\/#organization\"},\"potentialAction\":[{\"@type\":\"SearchAction\",\"target\":{\"@type\":\"EntryPoint\",\"urlTemplate\":\"https:\\\/\\\/teslafm.net\\\/?s={search_term_string}\"},\"query-input\":{\"@type\":\"PropertyValueSpecification\",\"valueRequired\":true,\"valueName\":\"search_term_string\"}}],\"inLanguage\":\"en-US\"},{\"@type\":\"Organization\",\"@id\":\"https:\\\/\\\/teslafm.net\\\/#organization\",\"name\":\"TeslaFM\",\"url\":\"https:\\\/\\\/teslafm.net\\\/\",\"logo\":{\"@type\":\"ImageObject\",\"inLanguage\":\"en-US\",\"@id\":\"https:\\\/\\\/teslafm.net\\\/#\\\/schema\\\/logo\\\/image\\\/\",\"url\":\"https:\\\/\\\/teslafm.net\\\/wp-content\\\/uploads\\\/2020\\\/06\\\/logo-tesla.png\",\"contentUrl\":\"https:\\\/\\\/teslafm.net\\\/wp-content\\\/uploads\\\/2020\\\/06\\\/logo-tesla.png\",\"width\":512,\"height\":512,\"caption\":\"TeslaFM\"},\"image\":{\"@id\":\"https:\\\/\\\/teslafm.net\\\/#\\\/schema\\\/logo\\\/image\\\/\"},\"sameAs\":[\"https:\\\/\\\/www.facebook.com\\\/teslafm.net\",\"https:\\\/\\\/x.com\\\/teslafm\"]}]}<\/script>\n<!-- \/ Yoast SEO plugin. -->","yoast_head_json":{"title":"Datscha Radio #13 -","robots":{"index":"index","follow":"follow","max-snippet":"max-snippet:-1","max-image-preview":"max-image-preview:large","max-video-preview":"max-video-preview:-1"},"canonical":"https:\/\/teslafm.net\/en\/datscha-radio-13\/","og_locale":"en_US","og_type":"article","og_title":"Datscha Radio #13 -","og_description":"Datscha Radio #13 Mayo 2020 (Un jard\u00edn en el aire, Kunstradio \u00d61) Incluye extractos de Datscha Radio 2017 y la serie Nightgardening 2019 m\u00e1s material adicional. Datscha Radio Berlin se realiza con Kate Donovan, Helen Thein y Niki Matita.","og_url":"https:\/\/teslafm.net\/en\/datscha-radio-13\/","article_publisher":"https:\/\/www.facebook.com\/teslafm.net","article_modified_time":"2021-03-06T15:11:17+00:00","og_image":[{"url":"https:\/\/teslafm.net\/wp-content\/uploads\/2020\/05\/PR_datscha_on_air_k.jpg","type":"","width":"","height":""}],"twitter_card":"summary_large_image","twitter_site":"@teslafm","twitter_misc":{"Est. reading time":"1 minute"},"schema":{"@context":"https:\/\/schema.org","@graph":[{"@type":"WebPage","@id":"https:\/\/teslafm.net\/datscha-radio-13\/","url":"https:\/\/teslafm.net\/datscha-radio-13\/","name":"Datscha Radio #13 -","isPartOf":{"@id":"https:\/\/teslafm.net\/#website"},"primaryImageOfPage":{"@id":"https:\/\/teslafm.net\/datscha-radio-13\/#primaryimage"},"image":{"@id":"https:\/\/teslafm.net\/datscha-radio-13\/#primaryimage"},"thumbnailUrl":"https:\/\/teslafm.net\/wp-content\/uploads\/2020\/05\/PR_datscha_on_air_k.jpg","datePublished":"2020-05-27T17:30:00+00:00","dateModified":"2021-03-06T15:11:17+00:00","breadcrumb":{"@id":"https:\/\/teslafm.net\/datscha-radio-13\/#breadcrumb"},"inLanguage":"en-US","potentialAction":[{"@type":"ReadAction","target":["https:\/\/teslafm.net\/datscha-radio-13\/"]}]},{"@type":"ImageObject","inLanguage":"en-US","@id":"https:\/\/teslafm.net\/datscha-radio-13\/#primaryimage","url":"https:\/\/teslafm.net\/wp-content\/uploads\/2020\/05\/PR_datscha_on_air_k.jpg","contentUrl":"https:\/\/teslafm.net\/wp-content\/uploads\/2020\/05\/PR_datscha_on_air_k.jpg"},{"@type":"BreadcrumbList","@id":"https:\/\/teslafm.net\/datscha-radio-13\/#breadcrumb","itemListElement":[{"@type":"ListItem","position":1,"name":"Portada","item":"https:\/\/teslafm.net\/"},{"@type":"ListItem","position":2,"name":"Datscha Radio #13"}]},{"@type":"WebSite","@id":"https:\/\/teslafm.net\/#website","url":"https:\/\/teslafm.net\/","name":"TeslaFM","description":"An experimental and creative radio","publisher":{"@id":"https:\/\/teslafm.net\/#organization"},"potentialAction":[{"@type":"SearchAction","target":{"@type":"EntryPoint","urlTemplate":"https:\/\/teslafm.net\/?s={search_term_string}"},"query-input":{"@type":"PropertyValueSpecification","valueRequired":true,"valueName":"search_term_string"}}],"inLanguage":"en-US"},{"@type":"Organization","@id":"https:\/\/teslafm.net\/#organization","name":"TeslaFM","url":"https:\/\/teslafm.net\/","logo":{"@type":"ImageObject","inLanguage":"en-US","@id":"https:\/\/teslafm.net\/#\/schema\/logo\/image\/","url":"https:\/\/teslafm.net\/wp-content\/uploads\/2020\/06\/logo-tesla.png","contentUrl":"https:\/\/teslafm.net\/wp-content\/uploads\/2020\/06\/logo-tesla.png","width":512,"height":512,"caption":"TeslaFM"},"image":{"@id":"https:\/\/teslafm.net\/#\/schema\/logo\/image\/"},"sameAs":["https:\/\/www.facebook.com\/teslafm.net","https:\/\/x.com\/teslafm"]}]}},"rttpg_featured_image_url":null,"rttpg_author":{"display_name":"Ishak","author_link":"https:\/\/teslafm.net\/en\/author\/cravan\/"},"rttpg_comment":0,"rttpg_category":null,"rttpg_excerpt":"Datscha Radio #13 Mayo 2020 (Un jard\u00edn en el aire, Kunstradio \u00d61) Incluye extractos de Datscha Radio 2017 y la serie Nightgardening 2019 m\u00e1s material adicional. Datscha Radio Berlin se realiza con Kate Donovan, Helen Thein y Niki Matita.","_links":{"self":[{"href":"https:\/\/teslafm.net\/en\/wp-json\/wp\/v2\/pages\/53525","targetHints":{"allow":["GET"]}}],"collection":[{"href":"https:\/\/teslafm.net\/en\/wp-json\/wp\/v2\/pages"}],"about":[{"href":"https:\/\/teslafm.net\/en\/wp-json\/wp\/v2\/types\/page"}],"author":[{"embeddable":true,"href":"https:\/\/teslafm.net\/en\/wp-json\/wp\/v2\/users\/19"}],"replies":[{"embeddable":true,"href":"https:\/\/teslafm.net\/en\/wp-json\/wp\/v2\/comments?post=53525"}],"version-history":[{"count":6,"href":"https:\/\/teslafm.net\/en\/wp-json\/wp\/v2\/pages\/53525\/revisions"}],"predecessor-version":[{"id":57138,"href":"https:\/\/teslafm.net\/en\/wp-json\/wp\/v2\/pages\/53525\/revisions\/57138"}],"wp:attachment":[{"href":"https:\/\/teslafm.net\/en\/wp-json\/wp\/v2\/media?parent=53525"}],"curies":[{"name":"wp","href":"https:\/\/api.w.org\/{rel}","templated":true}]}}