

{"id":53660,"date":"2020-05-29T15:33:13","date_gmt":"2020-05-29T13:33:13","guid":{"rendered":"https:\/\/teslafm.net\/?page_id=53660"},"modified":"2021-03-11T21:44:47","modified_gmt":"2021-03-11T20:44:47","slug":"sferics-2","status":"publish","type":"page","link":"https:\/\/teslafm.net\/en\/sferics-2\/","title":{"rendered":"Sferics #2"},"content":{"rendered":"<h2><span style=\"color: #ffffff;\"><strong>Sferics #2<\/strong><\/span><\/h2>\n<p><span style=\"color: #808080;\"><em>May 2020<\/em><\/span><\/p>\n<p><iframe src=\"https:\/\/www.mixcloud.com\/widget\/iframe\/?hide_cover=1&amp;feed=%2FTeslafm_net%2Fsferics-2-julio-c%C3%A9sar-palacio%2F\" width=\"100%\" height=\"120\" frameborder=\"0\"><\/iframe><\/p>\n<p><span style=\"color: #808080;\">Vol.2 is a 3 way conversation with great artists and musicians. <strong>Greg Fox<\/strong> (NY), <strong>Lea Bertucci<\/strong> (NY) and I ... talked about the <strong>Covid-19<\/strong> and how the pandemic has shaken our life and art.<\/span><\/p>\n<p><span style=\"color: #808080;\">In addition, you can listen to 1 piece of each artist's new releases:<\/span><br \/>\n<span style=\"color: #808080;\">01. <strong>Lea Bertucci<\/strong> - Brass (II) from his album \"<em>Acoustic Shadows<\/em>\" (excerpt)<\/span><br \/>\n<span style=\"color: #808080;\">02. <strong>Greg Fox<\/strong> - Parasthesia from their new album \"<em>Contact<\/em>\" (excerpt)<\/span><br \/>\n<span style=\"color: #808080;\">03. <strong>Julio C\u00e9sar Palacio<\/strong>\u00a0- Can Ppntas from his album \"<em>The Dog's Fountain<\/em>\" (excerpt)<\/span><\/p>","protected":false},"excerpt":{"rendered":"<p>Sferics #2 Mayo 2020 El vol.2 es una conversaci\u00f3n a 3 bandas con lxs grandes artistas y m\u00fasicos Greg Fox (NY), Lea Bertucci (NY) y yo &#8230; hablamos sobre el Covid-19 y c\u00f3mo la pandemia ha sacudido nuestra vida y arte. Adem\u00e1s, puedes escuchar 1 pieza de los nuevos lanzamientos de cada artista: 01. Lea [&hellip;]<\/p>\n","protected":false},"author":19,"featured_media":0,"parent":0,"menu_order":0,"comment_status":"closed","ping_status":"closed","template":"","meta":{"footnotes":""},"class_list":["post-53660","page","type-page","status-publish","hentry"],"yoast_head":"<!-- This site is optimized with the Yoast SEO plugin v27.2 - https:\/\/yoast.com\/product\/yoast-seo-wordpress\/ -->\n<title>Sferics #2 -<\/title>\n<meta name=\"robots\" content=\"index, follow, max-snippet:-1, max-image-preview:large, max-video-preview:-1\" \/>\n<link rel=\"canonical\" href=\"https:\/\/teslafm.net\/en\/sferics-2\/\" \/>\n<meta property=\"og:locale\" content=\"en_US\" \/>\n<meta property=\"og:type\" content=\"article\" \/>\n<meta property=\"og:title\" content=\"Sferics #2 -\" \/>\n<meta property=\"og:description\" content=\"Sferics #2 Mayo 2020 El vol.2 es una conversaci\u00f3n a 3 bandas con lxs grandes artistas y m\u00fasicos Greg Fox (NY), Lea Bertucci (NY) y yo &#8230; hablamos sobre el Covid-19 y c\u00f3mo la pandemia ha sacudido nuestra vida y arte. Adem\u00e1s, puedes escuchar 1 pieza de los nuevos lanzamientos de cada artista: 01. Lea [&hellip;]\" \/>\n<meta property=\"og:url\" content=\"https:\/\/teslafm.net\/en\/sferics-2\/\" \/>\n<meta property=\"article:publisher\" content=\"https:\/\/www.facebook.com\/teslafm.net\" \/>\n<meta property=\"article:modified_time\" content=\"2021-03-11T20:44:47+00:00\" \/>\n<meta property=\"og:image\" content=\"https:\/\/teslafm.net\/wp-content\/uploads\/2022\/09\/header-image-4-temp.png\" \/>\n\t<meta property=\"og:image:width\" content=\"1274\" \/>\n\t<meta property=\"og:image:height\" content=\"818\" \/>\n\t<meta property=\"og:image:type\" content=\"image\/png\" \/>\n<meta name=\"twitter:card\" content=\"summary_large_image\" \/>\n<meta name=\"twitter:site\" content=\"@teslafm\" \/>\n<meta name=\"twitter:label1\" content=\"Est. reading time\" \/>\n\t<meta name=\"twitter:data1\" content=\"1 minute\" \/>\n<script type=\"application\/ld+json\" class=\"yoast-schema-graph\">{\"@context\":\"https:\/\/schema.org\",\"@graph\":[{\"@type\":\"WebPage\",\"@id\":\"https:\/\/teslafm.net\/sferics-2\/\",\"url\":\"https:\/\/teslafm.net\/sferics-2\/\",\"name\":\"Sferics #2 -\",\"isPartOf\":{\"@id\":\"https:\/\/teslafm.net\/#website\"},\"datePublished\":\"2020-05-29T13:33:13+00:00\",\"dateModified\":\"2021-03-11T20:44:47+00:00\",\"breadcrumb\":{\"@id\":\"https:\/\/teslafm.net\/sferics-2\/#breadcrumb\"},\"inLanguage\":\"en-US\",\"potentialAction\":[{\"@type\":\"ReadAction\",\"target\":[\"https:\/\/teslafm.net\/sferics-2\/\"]}]},{\"@type\":\"BreadcrumbList\",\"@id\":\"https:\/\/teslafm.net\/sferics-2\/#breadcrumb\",\"itemListElement\":[{\"@type\":\"ListItem\",\"position\":1,\"name\":\"Portada\",\"item\":\"https:\/\/teslafm.net\/\"},{\"@type\":\"ListItem\",\"position\":2,\"name\":\"Sferics #2\"}]},{\"@type\":\"WebSite\",\"@id\":\"https:\/\/teslafm.net\/#website\",\"url\":\"https:\/\/teslafm.net\/\",\"name\":\"TeslaFM\",\"description\":\"An experimental and creative radio\",\"publisher\":{\"@id\":\"https:\/\/teslafm.net\/#organization\"},\"potentialAction\":[{\"@type\":\"SearchAction\",\"target\":{\"@type\":\"EntryPoint\",\"urlTemplate\":\"https:\/\/teslafm.net\/?s={search_term_string}\"},\"query-input\":{\"@type\":\"PropertyValueSpecification\",\"valueRequired\":true,\"valueName\":\"search_term_string\"}}],\"inLanguage\":\"en-US\"},{\"@type\":\"Organization\",\"@id\":\"https:\/\/teslafm.net\/#organization\",\"name\":\"TeslaFM\",\"url\":\"https:\/\/teslafm.net\/\",\"logo\":{\"@type\":\"ImageObject\",\"inLanguage\":\"en-US\",\"@id\":\"https:\/\/teslafm.net\/#\/schema\/logo\/image\/\",\"url\":\"https:\/\/teslafm.net\/wp-content\/uploads\/2020\/06\/logo-tesla.png\",\"contentUrl\":\"https:\/\/teslafm.net\/wp-content\/uploads\/2020\/06\/logo-tesla.png\",\"width\":512,\"height\":512,\"caption\":\"TeslaFM\"},\"image\":{\"@id\":\"https:\/\/teslafm.net\/#\/schema\/logo\/image\/\"},\"sameAs\":[\"https:\/\/www.facebook.com\/teslafm.net\",\"https:\/\/x.com\/teslafm\"]}]}<\/script>\n<!-- \/ Yoast SEO plugin. -->","yoast_head_json":{"title":"Sferics #2 -","robots":{"index":"index","follow":"follow","max-snippet":"max-snippet:-1","max-image-preview":"max-image-preview:large","max-video-preview":"max-video-preview:-1"},"canonical":"https:\/\/teslafm.net\/en\/sferics-2\/","og_locale":"en_US","og_type":"article","og_title":"Sferics #2 -","og_description":"Sferics #2 Mayo 2020 El vol.2 es una conversaci\u00f3n a 3 bandas con lxs grandes artistas y m\u00fasicos Greg Fox (NY), Lea Bertucci (NY) y yo &#8230; hablamos sobre el Covid-19 y c\u00f3mo la pandemia ha sacudido nuestra vida y arte. Adem\u00e1s, puedes escuchar 1 pieza de los nuevos lanzamientos de cada artista: 01. Lea [&hellip;]","og_url":"https:\/\/teslafm.net\/en\/sferics-2\/","article_publisher":"https:\/\/www.facebook.com\/teslafm.net","article_modified_time":"2021-03-11T20:44:47+00:00","og_image":[{"width":1274,"height":818,"url":"https:\/\/teslafm.net\/wp-content\/uploads\/2022\/09\/header-image-4-temp.png","type":"image\/png"}],"twitter_card":"summary_large_image","twitter_site":"@teslafm","twitter_misc":{"Est. reading time":"1 minute"},"schema":{"@context":"https:\/\/schema.org","@graph":[{"@type":"WebPage","@id":"https:\/\/teslafm.net\/sferics-2\/","url":"https:\/\/teslafm.net\/sferics-2\/","name":"Sferics #2 -","isPartOf":{"@id":"https:\/\/teslafm.net\/#website"},"datePublished":"2020-05-29T13:33:13+00:00","dateModified":"2021-03-11T20:44:47+00:00","breadcrumb":{"@id":"https:\/\/teslafm.net\/sferics-2\/#breadcrumb"},"inLanguage":"en-US","potentialAction":[{"@type":"ReadAction","target":["https:\/\/teslafm.net\/sferics-2\/"]}]},{"@type":"BreadcrumbList","@id":"https:\/\/teslafm.net\/sferics-2\/#breadcrumb","itemListElement":[{"@type":"ListItem","position":1,"name":"Portada","item":"https:\/\/teslafm.net\/"},{"@type":"ListItem","position":2,"name":"Sferics #2"}]},{"@type":"WebSite","@id":"https:\/\/teslafm.net\/#website","url":"https:\/\/teslafm.net\/","name":"TeslaFM","description":"An experimental and creative radio","publisher":{"@id":"https:\/\/teslafm.net\/#organization"},"potentialAction":[{"@type":"SearchAction","target":{"@type":"EntryPoint","urlTemplate":"https:\/\/teslafm.net\/?s={search_term_string}"},"query-input":{"@type":"PropertyValueSpecification","valueRequired":true,"valueName":"search_term_string"}}],"inLanguage":"en-US"},{"@type":"Organization","@id":"https:\/\/teslafm.net\/#organization","name":"TeslaFM","url":"https:\/\/teslafm.net\/","logo":{"@type":"ImageObject","inLanguage":"en-US","@id":"https:\/\/teslafm.net\/#\/schema\/logo\/image\/","url":"https:\/\/teslafm.net\/wp-content\/uploads\/2020\/06\/logo-tesla.png","contentUrl":"https:\/\/teslafm.net\/wp-content\/uploads\/2020\/06\/logo-tesla.png","width":512,"height":512,"caption":"TeslaFM"},"image":{"@id":"https:\/\/teslafm.net\/#\/schema\/logo\/image\/"},"sameAs":["https:\/\/www.facebook.com\/teslafm.net","https:\/\/x.com\/teslafm"]}]}},"rttpg_featured_image_url":null,"rttpg_author":{"display_name":"Ishak","author_link":"https:\/\/teslafm.net\/en\/author\/cravan\/"},"rttpg_comment":0,"rttpg_category":null,"rttpg_excerpt":"Sferics #2 Mayo 2020 El vol.2 es una conversaci\u00f3n a 3 bandas con lxs grandes artistas y m\u00fasicos Greg Fox (NY), Lea Bertucci (NY) y yo &#8230; hablamos sobre el Covid-19 y c\u00f3mo la pandemia ha sacudido nuestra vida y arte. Adem\u00e1s, puedes escuchar 1 pieza de los nuevos lanzamientos de cada artista: 01. Lea&hellip;","_links":{"self":[{"href":"https:\/\/teslafm.net\/en\/wp-json\/wp\/v2\/pages\/53660","targetHints":{"allow":["GET"]}}],"collection":[{"href":"https:\/\/teslafm.net\/en\/wp-json\/wp\/v2\/pages"}],"about":[{"href":"https:\/\/teslafm.net\/en\/wp-json\/wp\/v2\/types\/page"}],"author":[{"embeddable":true,"href":"https:\/\/teslafm.net\/en\/wp-json\/wp\/v2\/users\/19"}],"replies":[{"embeddable":true,"href":"https:\/\/teslafm.net\/en\/wp-json\/wp\/v2\/comments?post=53660"}],"version-history":[{"count":15,"href":"https:\/\/teslafm.net\/en\/wp-json\/wp\/v2\/pages\/53660\/revisions"}],"predecessor-version":[{"id":57489,"href":"https:\/\/teslafm.net\/en\/wp-json\/wp\/v2\/pages\/53660\/revisions\/57489"}],"wp:attachment":[{"href":"https:\/\/teslafm.net\/en\/wp-json\/wp\/v2\/media?parent=53660"}],"curies":[{"name":"wp","href":"https:\/\/api.w.org\/{rel}","templated":true}]}}