

{"id":53829,"date":"2020-06-06T15:18:01","date_gmt":"2020-06-06T13:18:01","guid":{"rendered":"https:\/\/teslafm.net\/?page_id=53829"},"modified":"2022-12-07T14:27:14","modified_gmt":"2022-12-07T13:27:14","slug":"luna-llena-9","status":"publish","type":"page","link":"https:\/\/teslafm.net\/en\/luna-llena-9\/","title":{"rendered":"Full Moon #9"},"content":{"rendered":"<h2><span style=\"color: #ffffff;\"><strong>Full Moon #9<\/strong><\/span><\/h2>\n<p><span style=\"color: #808080;\"><em>Cabin fever<\/em><\/span><\/p>\n<p><iframe src=\"https:\/\/www.mixcloud.com\/widget\/iframe\/?hide_cover=1&amp;feed=%2FTeslafm_net%2Fluna-llena-9-la-fiebre-de-la-caba%C3%B1a%2F\" width=\"100%\" height=\"120\" frameborder=\"0\"><\/iframe><\/p>\n<p><a href=\"https:\/\/drugstoremag.es\/2017\/04\/el-sindrome-de-las-cabanas-all-work-and-no-play-makes-jack-a-dull-boy\/\" target=\"_blank\" rel=\"noopener noreferrer\"><strong><img fetchpriority=\"high\" decoding=\"async\" src=\"https:\/\/teslafm.net\/wp-content\/uploads\/2020\/06\/Cabin-fever.jpg\" alt=\"\" width=\"1200\" height=\"852\" \/><\/strong><\/a><\/p>\n<p><a href=\"https:\/\/drugstoremag.es\/2017\/04\/el-sindrome-de-las-cabanas-all-work-and-no-play-makes-jack-a-dull-boy\/\" target=\"_blank\" rel=\"noopener noreferrer\"><strong>The cottage syndrome: \"All work and no play makes Jack a dull boy\".<\/strong><\/a><\/p>\n<p><a href=\"https:\/\/www.xlsemanal.com\/conocer\/sociedad\/20190430\/albert-woodfox-estados-unidos-condenado-inocente-anita-roddick.html\" target=\"_blank\" rel=\"noopener noreferrer\"><strong>43 years in solitary confinement for a crime he did not commit<\/strong><\/a><\/p>\n<p><a href=\"https:\/\/mag.elcomercio.pe\/virales\/fiebre-de-la-cabana-el-extrano-sindrome-causado-por-el-aislamiento-social-coronavirus-hoy-coronavirus-en-peru-covid-19-argentina-brasil-colombia-mexico-estados-unidos-tendencias-trends-insolito-nnda-nnrt-noticia\/\" target=\"_blank\" rel=\"noopener noreferrer\"><strong>\"Cabin fever\": the \"strange\" syndrome caused by social isolation<\/strong><\/a><\/p>\n<p><a href=\"https:\/\/www.bbc.com\/mundo\/noticias-52091584?ocid=wsmundo.chat-apps.in-app-msg.whatsapp.trial.link1_.auin\" target=\"_blank\" rel=\"noopener noreferrer\"><strong>Coronavirus: what is the \"cabin fever\" that can cause confinement and how to fight it<\/strong><\/a><\/p>\n<p><span style=\"color: #808080;\"><b>MUSICAL PIECES AND SOUND RECORDINGS<br \/>\n<\/b>01. <strong>Nick Cave and The Bad Seeds<\/strong> - Cabin fever<strong><br \/>\n<\/strong>02. Scenes from the movie \"<em>The glow<\/em>\" (<strong>The Shining<\/strong>, <strong>Stanley Kubrik<\/strong>)<\/span><br \/>\n<span style=\"color: #808080;\">03. <strong>The Caretaker<\/strong> - Long term (Remote)<\/span><br \/>\n<span style=\"color: #808080;\">04. <strong>Terry Riley <\/strong><em>- <\/em>Happy ending<\/span><br \/>\n<span style=\"color: #808080;\">05. Dramatized voice of <strong>The Back House<\/strong><\/span><br \/>\n<span style=\"color: #808080;\">06. <strong>Michael Nyman<\/strong> - 1-100\"<\/span><\/p>\n<p><span style=\"color: #808080;\">Readings of the best phrases of the <strong>Diary of Anne Frank<\/strong> by <strong>Alejandra Guerra-Librero Garc\u00eda<\/strong>, <strong>Erica Aguado<\/strong> and <strong>Ela Chutrulaq<\/strong>.<\/span><br \/>\n<span style=\"color: #808080;\">Voiceover: <strong>Shak Benavides<\/strong><\/span><\/p>\n<p><span style=\"color: #808080;\">Produced by <strong>Ishak Benavides<\/strong> and <strong>ea7_dmZ<\/strong><\/span><\/p>","protected":false},"excerpt":{"rendered":"<p>Luna Llena #9 La fiebre de la caba\u00f1a El s\u00edndrome de las caba\u00f1as: \u00abAll work and no play makes Jack a dull boy\u00bb 43 a\u00f1os en aislamiento por un crimen que no hab\u00eda cometido \u00abFiebre de la caba\u00f1a\u00bb: el \u00abextra\u00f1o\u00bb s\u00edndrome causado por el aislamiento social Coronavirus: qu\u00e9 es la \u00abfiebre de caba\u00f1a\u00bb que puede [&hellip;]<\/p>\n","protected":false},"author":19,"featured_media":0,"parent":0,"menu_order":0,"comment_status":"closed","ping_status":"closed","template":"","meta":{"footnotes":""},"class_list":["post-53829","page","type-page","status-publish","hentry"],"yoast_head":"<!-- This site is optimized with the Yoast SEO plugin v27.2 - https:\/\/yoast.com\/product\/yoast-seo-wordpress\/ -->\n<title>Luna Llena #9 -<\/title>\n<meta name=\"robots\" content=\"index, follow, max-snippet:-1, max-image-preview:large, max-video-preview:-1\" \/>\n<link rel=\"canonical\" href=\"https:\/\/teslafm.net\/en\/luna-llena-9\/\" \/>\n<meta property=\"og:locale\" content=\"en_US\" \/>\n<meta property=\"og:type\" content=\"article\" \/>\n<meta property=\"og:title\" content=\"Luna Llena #9 -\" \/>\n<meta property=\"og:description\" content=\"Luna Llena #9 La fiebre de la caba\u00f1a El s\u00edndrome de las caba\u00f1as: \u00abAll work and no play makes Jack a dull boy\u00bb 43 a\u00f1os en aislamiento por un crimen que no hab\u00eda cometido \u00abFiebre de la caba\u00f1a\u00bb: el \u00abextra\u00f1o\u00bb s\u00edndrome causado por el aislamiento social Coronavirus: qu\u00e9 es la \u00abfiebre de caba\u00f1a\u00bb que puede [&hellip;]\" \/>\n<meta property=\"og:url\" content=\"https:\/\/teslafm.net\/en\/luna-llena-9\/\" \/>\n<meta property=\"article:publisher\" content=\"https:\/\/www.facebook.com\/teslafm.net\" \/>\n<meta property=\"article:modified_time\" content=\"2022-12-07T13:27:14+00:00\" \/>\n<meta property=\"og:image\" content=\"https:\/\/teslafm.net\/wp-content\/uploads\/2020\/06\/Cabin-fever.jpg\" \/>\n<meta name=\"twitter:card\" content=\"summary_large_image\" \/>\n<meta name=\"twitter:site\" content=\"@teslafm\" \/>\n<meta name=\"twitter:label1\" content=\"Est. reading time\" \/>\n\t<meta name=\"twitter:data1\" content=\"1 minute\" \/>\n<script type=\"application\/ld+json\" class=\"yoast-schema-graph\">{\"@context\":\"https:\/\/schema.org\",\"@graph\":[{\"@type\":\"WebPage\",\"@id\":\"https:\/\/teslafm.net\/luna-llena-9\/\",\"url\":\"https:\/\/teslafm.net\/luna-llena-9\/\",\"name\":\"Luna Llena #9 -\",\"isPartOf\":{\"@id\":\"https:\/\/teslafm.net\/#website\"},\"primaryImageOfPage\":{\"@id\":\"https:\/\/teslafm.net\/luna-llena-9\/#primaryimage\"},\"image\":{\"@id\":\"https:\/\/teslafm.net\/luna-llena-9\/#primaryimage\"},\"thumbnailUrl\":\"https:\/\/teslafm.net\/wp-content\/uploads\/2020\/06\/Cabin-fever.jpg\",\"datePublished\":\"2020-06-06T13:18:01+00:00\",\"dateModified\":\"2022-12-07T13:27:14+00:00\",\"breadcrumb\":{\"@id\":\"https:\/\/teslafm.net\/luna-llena-9\/#breadcrumb\"},\"inLanguage\":\"en-US\",\"potentialAction\":[{\"@type\":\"ReadAction\",\"target\":[\"https:\/\/teslafm.net\/luna-llena-9\/\"]}]},{\"@type\":\"ImageObject\",\"inLanguage\":\"en-US\",\"@id\":\"https:\/\/teslafm.net\/luna-llena-9\/#primaryimage\",\"url\":\"https:\/\/teslafm.net\/wp-content\/uploads\/2020\/06\/Cabin-fever.jpg\",\"contentUrl\":\"https:\/\/teslafm.net\/wp-content\/uploads\/2020\/06\/Cabin-fever.jpg\"},{\"@type\":\"BreadcrumbList\",\"@id\":\"https:\/\/teslafm.net\/luna-llena-9\/#breadcrumb\",\"itemListElement\":[{\"@type\":\"ListItem\",\"position\":1,\"name\":\"Portada\",\"item\":\"https:\/\/teslafm.net\/\"},{\"@type\":\"ListItem\",\"position\":2,\"name\":\"Luna Llena #9\"}]},{\"@type\":\"WebSite\",\"@id\":\"https:\/\/teslafm.net\/#website\",\"url\":\"https:\/\/teslafm.net\/\",\"name\":\"TeslaFM\",\"description\":\"An experimental and creative radio\",\"publisher\":{\"@id\":\"https:\/\/teslafm.net\/#organization\"},\"potentialAction\":[{\"@type\":\"SearchAction\",\"target\":{\"@type\":\"EntryPoint\",\"urlTemplate\":\"https:\/\/teslafm.net\/?s={search_term_string}\"},\"query-input\":{\"@type\":\"PropertyValueSpecification\",\"valueRequired\":true,\"valueName\":\"search_term_string\"}}],\"inLanguage\":\"en-US\"},{\"@type\":\"Organization\",\"@id\":\"https:\/\/teslafm.net\/#organization\",\"name\":\"TeslaFM\",\"url\":\"https:\/\/teslafm.net\/\",\"logo\":{\"@type\":\"ImageObject\",\"inLanguage\":\"en-US\",\"@id\":\"https:\/\/teslafm.net\/#\/schema\/logo\/image\/\",\"url\":\"https:\/\/teslafm.net\/wp-content\/uploads\/2020\/06\/logo-tesla.png\",\"contentUrl\":\"https:\/\/teslafm.net\/wp-content\/uploads\/2020\/06\/logo-tesla.png\",\"width\":512,\"height\":512,\"caption\":\"TeslaFM\"},\"image\":{\"@id\":\"https:\/\/teslafm.net\/#\/schema\/logo\/image\/\"},\"sameAs\":[\"https:\/\/www.facebook.com\/teslafm.net\",\"https:\/\/x.com\/teslafm\"]}]}<\/script>\n<!-- \/ Yoast SEO plugin. -->","yoast_head_json":{"title":"Full Moon #9 -","robots":{"index":"index","follow":"follow","max-snippet":"max-snippet:-1","max-image-preview":"max-image-preview:large","max-video-preview":"max-video-preview:-1"},"canonical":"https:\/\/teslafm.net\/en\/luna-llena-9\/","og_locale":"en_US","og_type":"article","og_title":"Luna Llena #9 -","og_description":"Luna Llena #9 La fiebre de la caba\u00f1a El s\u00edndrome de las caba\u00f1as: \u00abAll work and no play makes Jack a dull boy\u00bb 43 a\u00f1os en aislamiento por un crimen que no hab\u00eda cometido \u00abFiebre de la caba\u00f1a\u00bb: el \u00abextra\u00f1o\u00bb s\u00edndrome causado por el aislamiento social Coronavirus: qu\u00e9 es la \u00abfiebre de caba\u00f1a\u00bb que puede [&hellip;]","og_url":"https:\/\/teslafm.net\/en\/luna-llena-9\/","article_publisher":"https:\/\/www.facebook.com\/teslafm.net","article_modified_time":"2022-12-07T13:27:14+00:00","og_image":[{"url":"https:\/\/teslafm.net\/wp-content\/uploads\/2020\/06\/Cabin-fever.jpg","type":"","width":"","height":""}],"twitter_card":"summary_large_image","twitter_site":"@teslafm","twitter_misc":{"Est. reading time":"1 minute"},"schema":{"@context":"https:\/\/schema.org","@graph":[{"@type":"WebPage","@id":"https:\/\/teslafm.net\/luna-llena-9\/","url":"https:\/\/teslafm.net\/luna-llena-9\/","name":"Full Moon #9 -","isPartOf":{"@id":"https:\/\/teslafm.net\/#website"},"primaryImageOfPage":{"@id":"https:\/\/teslafm.net\/luna-llena-9\/#primaryimage"},"image":{"@id":"https:\/\/teslafm.net\/luna-llena-9\/#primaryimage"},"thumbnailUrl":"https:\/\/teslafm.net\/wp-content\/uploads\/2020\/06\/Cabin-fever.jpg","datePublished":"2020-06-06T13:18:01+00:00","dateModified":"2022-12-07T13:27:14+00:00","breadcrumb":{"@id":"https:\/\/teslafm.net\/luna-llena-9\/#breadcrumb"},"inLanguage":"en-US","potentialAction":[{"@type":"ReadAction","target":["https:\/\/teslafm.net\/luna-llena-9\/"]}]},{"@type":"ImageObject","inLanguage":"en-US","@id":"https:\/\/teslafm.net\/luna-llena-9\/#primaryimage","url":"https:\/\/teslafm.net\/wp-content\/uploads\/2020\/06\/Cabin-fever.jpg","contentUrl":"https:\/\/teslafm.net\/wp-content\/uploads\/2020\/06\/Cabin-fever.jpg"},{"@type":"BreadcrumbList","@id":"https:\/\/teslafm.net\/luna-llena-9\/#breadcrumb","itemListElement":[{"@type":"ListItem","position":1,"name":"Portada","item":"https:\/\/teslafm.net\/"},{"@type":"ListItem","position":2,"name":"Luna Llena #9"}]},{"@type":"WebSite","@id":"https:\/\/teslafm.net\/#website","url":"https:\/\/teslafm.net\/","name":"TeslaFM","description":"An experimental and creative radio","publisher":{"@id":"https:\/\/teslafm.net\/#organization"},"potentialAction":[{"@type":"SearchAction","target":{"@type":"EntryPoint","urlTemplate":"https:\/\/teslafm.net\/?s={search_term_string}"},"query-input":{"@type":"PropertyValueSpecification","valueRequired":true,"valueName":"search_term_string"}}],"inLanguage":"en-US"},{"@type":"Organization","@id":"https:\/\/teslafm.net\/#organization","name":"TeslaFM","url":"https:\/\/teslafm.net\/","logo":{"@type":"ImageObject","inLanguage":"en-US","@id":"https:\/\/teslafm.net\/#\/schema\/logo\/image\/","url":"https:\/\/teslafm.net\/wp-content\/uploads\/2020\/06\/logo-tesla.png","contentUrl":"https:\/\/teslafm.net\/wp-content\/uploads\/2020\/06\/logo-tesla.png","width":512,"height":512,"caption":"TeslaFM"},"image":{"@id":"https:\/\/teslafm.net\/#\/schema\/logo\/image\/"},"sameAs":["https:\/\/www.facebook.com\/teslafm.net","https:\/\/x.com\/teslafm"]}]}},"rttpg_featured_image_url":null,"rttpg_author":{"display_name":"Ishak","author_link":"https:\/\/teslafm.net\/en\/author\/cravan\/"},"rttpg_comment":0,"rttpg_category":null,"rttpg_excerpt":"Luna Llena #9 La fiebre de la caba\u00f1a El s\u00edndrome de las caba\u00f1as: \u00abAll work and no play makes Jack a dull boy\u00bb 43 a\u00f1os en aislamiento por un crimen que no hab\u00eda cometido \u00abFiebre de la caba\u00f1a\u00bb: el \u00abextra\u00f1o\u00bb s\u00edndrome causado por el aislamiento social Coronavirus: qu\u00e9 es la \u00abfiebre de caba\u00f1a\u00bb que puede&hellip;","_links":{"self":[{"href":"https:\/\/teslafm.net\/en\/wp-json\/wp\/v2\/pages\/53829","targetHints":{"allow":["GET"]}}],"collection":[{"href":"https:\/\/teslafm.net\/en\/wp-json\/wp\/v2\/pages"}],"about":[{"href":"https:\/\/teslafm.net\/en\/wp-json\/wp\/v2\/types\/page"}],"author":[{"embeddable":true,"href":"https:\/\/teslafm.net\/en\/wp-json\/wp\/v2\/users\/19"}],"replies":[{"embeddable":true,"href":"https:\/\/teslafm.net\/en\/wp-json\/wp\/v2\/comments?post=53829"}],"version-history":[{"count":20,"href":"https:\/\/teslafm.net\/en\/wp-json\/wp\/v2\/pages\/53829\/revisions"}],"predecessor-version":[{"id":60993,"href":"https:\/\/teslafm.net\/en\/wp-json\/wp\/v2\/pages\/53829\/revisions\/60993"}],"wp:attachment":[{"href":"https:\/\/teslafm.net\/en\/wp-json\/wp\/v2\/media?parent=53829"}],"curies":[{"name":"wp","href":"https:\/\/api.w.org\/{rel}","templated":true}]}}