

{"id":53923,"date":"2020-06-10T17:02:55","date_gmt":"2020-06-10T15:02:55","guid":{"rendered":"https:\/\/teslafm.net\/?page_id=53923"},"modified":"2020-07-10T02:14:03","modified_gmt":"2020-07-10T00:14:03","slug":"teoria-incertidumbre-20","status":"publish","type":"page","link":"https:\/\/teslafm.net\/en\/teoria-incertidumbre-20\/","title":{"rendered":"Uncertainty Theory #20"},"content":{"rendered":"<div data-elementor-type=\"wp-page\" data-elementor-id=\"53923\" class=\"elementor elementor-53923\">\n\t\t\t\t\t\t<section class=\"elementor-section elementor-top-section elementor-element elementor-element-23c3b7ec elementor-section-boxed elementor-section-height-default elementor-section-height-default\" data-id=\"23c3b7ec\" data-element_type=\"section\" data-e-type=\"section\">\n\t\t\t\t\t\t<div class=\"elementor-container elementor-column-gap-default\">\n\t\t\t\t\t<div class=\"elementor-column elementor-col-100 elementor-top-column elementor-element elementor-element-50d3b760\" data-id=\"50d3b760\" data-element_type=\"column\" data-e-type=\"column\">\n\t\t\t<div class=\"elementor-widget-wrap elementor-element-populated\">\n\t\t\t\t\t\t<div class=\"elementor-element elementor-element-ddd1384 elementor-widget elementor-widget-text-editor\" data-id=\"ddd1384\" data-element_type=\"widget\" data-e-type=\"widget\" data-widget_type=\"text-editor.default\">\n\t\t\t\t<div class=\"elementor-widget-container\">\n\t\t\t\t\t\t\t\t\t<h2><span style=\"color: #ffffff;\"><strong>Uncertainty Theory #20<\/strong><\/span><\/h2>\n<p><span style=\"color: #808080;\"><em>Fuyuki Yamakawa's heart used as a musical instrument.<\/em><\/span><\/p>\n<p><iframe src=\"https:\/\/www.mixcloud.com\/widget\/iframe\/?hide_cover=1&amp;feed=%2FTeslafm_net%2Fteor%C3%ADa-incertidumbre-20-andrea-bravo%2F\" width=\"100%\" height=\"120\" frameborder=\"0\"><\/iframe><\/p>\n<p><span style=\"color: #808080;\">Excerpt from the conference Is everything that vibrates music? From <b>Chantal Maillard<\/b>.<br><\/span><span style=\"color: #808080;\">Arca - Last Night (2017) - <b>Arca.<br><\/b><\/span><span style=\"color: #808080;\">My name is Sebastian - At the same time (2020) - <\/span><span style=\"color: #808080;\"><b>10 of spades.<br><\/b><\/span><span style=\"color: #808080;\">Excerpt presentation of <b>Fuyuki Yamakawa<\/b> at the Fast Foward Festival (2010)<br><\/span><span style=\"color: #808080;\">Espinoza Espinoza - rCP20 (2020) - <b>FUN1R4.<\/b><\/span><\/p>\n<p><span style=\"color: #808080;\"><b><br>THE HEART OF FUYUKI YAMAKAWA<\/b><\/span><\/p>\n<p><span style=\"color: #808080;\"><i>\"I started using my heart in my performances around 2002-2003.\"<br><\/i><\/span><i style=\"color: rgb(128, 128, 128);\">\"I'm more interested in the vibration produced by the sound than the music.\"<\/i><\/p>\n<p><span style=\"color: #808080;\"><i>\"I realized that art was an imported concept, rooted in Western culture, and suddenly I saw that my peers were creating works that conformed to imported ideals. I started to ask myself, what do I have that is mine? Another reason was that my band broke up when everyone started working after we graduated. I started working as an assistant at the same university and decided to start a one-man band. The heart became my drum and I would sing and play the heart\/drum beat.\"<\/i><\/span><\/p>\n<p><span style=\"color: #808080;\">About the audience: <i>\"I just want them to resonate, to physically understand that they are alive. That as they listen to my heartbeat, they feel their own heartbeat. Once they understand that, I don't care if they laugh, cry or meditate. It depends on the audience.\"<\/i><\/span><\/p>\t\t\t\t\t\t\t\t<\/div>\n\t\t\t\t<\/div>\n\t\t\t\t\t<\/div>\n\t\t<\/div>\n\t\t\t\t\t<\/div>\n\t\t<\/section>\n\t\t\t\t<section class=\"elementor-section elementor-top-section elementor-element elementor-element-72e8516 elementor-section-full_width elementor-section-height-default elementor-section-height-default\" data-id=\"72e8516\" data-element_type=\"section\" data-e-type=\"section\">\n\t\t\t\t\t\t<div class=\"elementor-container elementor-column-gap-default\">\n\t\t\t\t\t<div class=\"elementor-column elementor-col-100 elementor-top-column elementor-element elementor-element-af52c5b\" data-id=\"af52c5b\" data-element_type=\"column\" data-e-type=\"column\">\n\t\t\t<div class=\"elementor-widget-wrap elementor-element-populated\">\n\t\t\t\t\t\t<div class=\"elementor-element elementor-element-c878402 elementor-widget elementor-widget-gallery\" data-id=\"c878402\" data-element_type=\"widget\" data-e-type=\"widget\" data-settings=\"{&quot;columns&quot;:3,&quot;aspect_ratio&quot;:&quot;4:3&quot;,&quot;gallery_layout&quot;:&quot;grid&quot;,&quot;columns_tablet&quot;:2,&quot;columns_mobile&quot;:1,&quot;gap&quot;:{&quot;unit&quot;:&quot;px&quot;,&quot;size&quot;:10,&quot;sizes&quot;:[]},&quot;gap_tablet&quot;:{&quot;unit&quot;:&quot;px&quot;,&quot;size&quot;:10,&quot;sizes&quot;:[]},&quot;gap_mobile&quot;:{&quot;unit&quot;:&quot;px&quot;,&quot;size&quot;:10,&quot;sizes&quot;:[]},&quot;content_hover_animation&quot;:&quot;fade-in&quot;}\" data-widget_type=\"gallery.default\">\n\t\t\t\t<div class=\"elementor-widget-container\">\n\t\t\t\t\t\t\t<div class=\"elementor-gallery__container\">\n\t\t\t\t\t\t\t<div class=\"e-gallery-item elementor-gallery-item elementor-animated-content\">\n\t\t\t\t\t<div class=\"e-gallery-image elementor-gallery-item__image\" data-thumbnail=\"https:\/\/teslafm.net\/wp-content\/uploads\/2020\/06\/A-521290-1208264042.jpeg.jpg\" data-width=\"212\" data-height=\"300\" alt=\"\" ><\/div>\n\t\t\t\t\t\t\t\t\t\t\t\t\t\t<\/div>\n\t\t\t\t\t\t\t<div class=\"e-gallery-item elementor-gallery-item elementor-animated-content\">\n\t\t\t\t\t<div class=\"e-gallery-image elementor-gallery-item__image\" data-thumbnail=\"https:\/\/teslafm.net\/wp-content\/uploads\/2020\/06\/Fuyuki_Yamakawa_kirin_ksubi.jpg\" data-width=\"1600\" data-height=\"1067\" alt=\"\" ><\/div>\n\t\t\t\t\t\t\t\t\t\t\t\t\t\t<\/div>\n\t\t\t\t\t\t\t<div class=\"e-gallery-item elementor-gallery-item elementor-animated-content\">\n\t\t\t\t\t<div class=\"e-gallery-image elementor-gallery-item__image\" data-thumbnail=\"https:\/\/teslafm.net\/wp-content\/uploads\/2020\/06\/Screen-Shot-2019-03-06-at-1.48.18-PM.png\" data-width=\"552\" data-height=\"446\" alt=\"\" ><\/div>\n\t\t\t\t\t\t\t\t\t\t\t\t\t\t<\/div>\n\t\t\t\t\t<\/div>\n\t\t\t\t\t<\/div>\n\t\t\t\t<\/div>\n\t\t\t\t\t<\/div>\n\t\t<\/div>\n\t\t\t\t\t<\/div>\n\t\t<\/section>\n\t\t\t\t<\/div>","protected":false},"excerpt":{"rendered":"<p>Teor\u00eda Incertidumbre #20 El coraz\u00f3n de Fuyuki Yamakawa utilizado como instrumento musical. Extracto de la conferencia \u00bfTodo lo que vibra es m\u00fasica? De Chantal Maillard.Arca \u2013 Anoche (2017) \u2013 Arca.Me llamo Sebasti\u00e1n \u2013 A la vez (2020) \u2013 10 de espadas.Extracto presentaci\u00f3n de Fuyuki Yamakawa en el festival Fast Foward (2010)Espinoza Espinoza \u2013 rCP20 (2020) [&hellip;]<\/p>\n","protected":false},"author":19,"featured_media":0,"parent":0,"menu_order":0,"comment_status":"closed","ping_status":"closed","template":"","meta":{"footnotes":""},"class_list":["post-53923","page","type-page","status-publish","hentry"],"yoast_head":"<!-- This site is optimized with the Yoast SEO plugin v27.4 - https:\/\/yoast.com\/product\/yoast-seo-wordpress\/ -->\n<title>Teor\u00eda Incertidumbre #20 -<\/title>\n<meta name=\"robots\" content=\"index, follow, max-snippet:-1, max-image-preview:large, max-video-preview:-1\" \/>\n<link rel=\"canonical\" href=\"https:\/\/teslafm.net\/en\/teoria-incertidumbre-20\/\" \/>\n<meta property=\"og:locale\" content=\"en_US\" \/>\n<meta property=\"og:type\" content=\"article\" \/>\n<meta property=\"og:title\" content=\"Teor\u00eda Incertidumbre #20 -\" \/>\n<meta property=\"og:description\" content=\"Teor\u00eda Incertidumbre #20 El coraz\u00f3n de Fuyuki Yamakawa utilizado como instrumento musical. Extracto de la conferencia \u00bfTodo lo que vibra es m\u00fasica? De Chantal Maillard.Arca \u2013 Anoche (2017) \u2013 Arca.Me llamo Sebasti\u00e1n \u2013 A la vez (2020) \u2013 10 de espadas.Extracto presentaci\u00f3n de Fuyuki Yamakawa en el festival Fast Foward (2010)Espinoza Espinoza \u2013 rCP20 (2020) [&hellip;]\" \/>\n<meta property=\"og:url\" content=\"https:\/\/teslafm.net\/en\/teoria-incertidumbre-20\/\" \/>\n<meta property=\"article:publisher\" content=\"https:\/\/www.facebook.com\/teslafm.net\" \/>\n<meta property=\"article:modified_time\" content=\"2020-07-10T00:14:03+00:00\" \/>\n<meta property=\"og:image\" content=\"https:\/\/teslafm.net\/wp-content\/uploads\/2022\/09\/header-image-4-temp.png\" \/>\n\t<meta property=\"og:image:width\" content=\"1274\" \/>\n\t<meta property=\"og:image:height\" content=\"818\" \/>\n\t<meta property=\"og:image:type\" content=\"image\/png\" \/>\n<meta name=\"twitter:card\" content=\"summary_large_image\" \/>\n<meta name=\"twitter:site\" content=\"@teslafm\" \/>\n<meta name=\"twitter:label1\" content=\"Est. reading time\" \/>\n\t<meta name=\"twitter:data1\" content=\"1 minute\" \/>\n<script type=\"application\/ld+json\" class=\"yoast-schema-graph\">{\"@context\":\"https:\\\/\\\/schema.org\",\"@graph\":[{\"@type\":\"WebPage\",\"@id\":\"https:\\\/\\\/teslafm.net\\\/teoria-incertidumbre-20\\\/\",\"url\":\"https:\\\/\\\/teslafm.net\\\/teoria-incertidumbre-20\\\/\",\"name\":\"Teor\u00eda Incertidumbre #20 -\",\"isPartOf\":{\"@id\":\"https:\\\/\\\/teslafm.net\\\/#website\"},\"datePublished\":\"2020-06-10T15:02:55+00:00\",\"dateModified\":\"2020-07-10T00:14:03+00:00\",\"breadcrumb\":{\"@id\":\"https:\\\/\\\/teslafm.net\\\/teoria-incertidumbre-20\\\/#breadcrumb\"},\"inLanguage\":\"en-US\",\"potentialAction\":[{\"@type\":\"ReadAction\",\"target\":[\"https:\\\/\\\/teslafm.net\\\/teoria-incertidumbre-20\\\/\"]}]},{\"@type\":\"BreadcrumbList\",\"@id\":\"https:\\\/\\\/teslafm.net\\\/teoria-incertidumbre-20\\\/#breadcrumb\",\"itemListElement\":[{\"@type\":\"ListItem\",\"position\":1,\"name\":\"Portada\",\"item\":\"https:\\\/\\\/teslafm.net\\\/\"},{\"@type\":\"ListItem\",\"position\":2,\"name\":\"Teor\u00eda Incertidumbre #20\"}]},{\"@type\":\"WebSite\",\"@id\":\"https:\\\/\\\/teslafm.net\\\/#website\",\"url\":\"https:\\\/\\\/teslafm.net\\\/\",\"name\":\"TeslaFM\",\"description\":\"An experimental and creative radio\",\"publisher\":{\"@id\":\"https:\\\/\\\/teslafm.net\\\/#organization\"},\"potentialAction\":[{\"@type\":\"SearchAction\",\"target\":{\"@type\":\"EntryPoint\",\"urlTemplate\":\"https:\\\/\\\/teslafm.net\\\/?s={search_term_string}\"},\"query-input\":{\"@type\":\"PropertyValueSpecification\",\"valueRequired\":true,\"valueName\":\"search_term_string\"}}],\"inLanguage\":\"en-US\"},{\"@type\":\"Organization\",\"@id\":\"https:\\\/\\\/teslafm.net\\\/#organization\",\"name\":\"TeslaFM\",\"url\":\"https:\\\/\\\/teslafm.net\\\/\",\"logo\":{\"@type\":\"ImageObject\",\"inLanguage\":\"en-US\",\"@id\":\"https:\\\/\\\/teslafm.net\\\/#\\\/schema\\\/logo\\\/image\\\/\",\"url\":\"https:\\\/\\\/teslafm.net\\\/wp-content\\\/uploads\\\/2020\\\/06\\\/logo-tesla.png\",\"contentUrl\":\"https:\\\/\\\/teslafm.net\\\/wp-content\\\/uploads\\\/2020\\\/06\\\/logo-tesla.png\",\"width\":512,\"height\":512,\"caption\":\"TeslaFM\"},\"image\":{\"@id\":\"https:\\\/\\\/teslafm.net\\\/#\\\/schema\\\/logo\\\/image\\\/\"},\"sameAs\":[\"https:\\\/\\\/www.facebook.com\\\/teslafm.net\",\"https:\\\/\\\/x.com\\\/teslafm\"]}]}<\/script>\n<!-- \/ Yoast SEO plugin. -->","yoast_head_json":{"title":"Uncertainty Theory #20 - Uncertainty Theory #20 - Uncertainty Theory #20 -","robots":{"index":"index","follow":"follow","max-snippet":"max-snippet:-1","max-image-preview":"max-image-preview:large","max-video-preview":"max-video-preview:-1"},"canonical":"https:\/\/teslafm.net\/en\/teoria-incertidumbre-20\/","og_locale":"en_US","og_type":"article","og_title":"Teor\u00eda Incertidumbre #20 -","og_description":"Teor\u00eda Incertidumbre #20 El coraz\u00f3n de Fuyuki Yamakawa utilizado como instrumento musical. Extracto de la conferencia \u00bfTodo lo que vibra es m\u00fasica? De Chantal Maillard.Arca \u2013 Anoche (2017) \u2013 Arca.Me llamo Sebasti\u00e1n \u2013 A la vez (2020) \u2013 10 de espadas.Extracto presentaci\u00f3n de Fuyuki Yamakawa en el festival Fast Foward (2010)Espinoza Espinoza \u2013 rCP20 (2020) [&hellip;]","og_url":"https:\/\/teslafm.net\/en\/teoria-incertidumbre-20\/","article_publisher":"https:\/\/www.facebook.com\/teslafm.net","article_modified_time":"2020-07-10T00:14:03+00:00","og_image":[{"width":1274,"height":818,"url":"https:\/\/teslafm.net\/wp-content\/uploads\/2022\/09\/header-image-4-temp.png","type":"image\/png"}],"twitter_card":"summary_large_image","twitter_site":"@teslafm","twitter_misc":{"Est. reading time":"1 minute"},"schema":{"@context":"https:\/\/schema.org","@graph":[{"@type":"WebPage","@id":"https:\/\/teslafm.net\/teoria-incertidumbre-20\/","url":"https:\/\/teslafm.net\/teoria-incertidumbre-20\/","name":"Uncertainty Theory #20 - Uncertainty Theory #20 - Uncertainty Theory #20 -","isPartOf":{"@id":"https:\/\/teslafm.net\/#website"},"datePublished":"2020-06-10T15:02:55+00:00","dateModified":"2020-07-10T00:14:03+00:00","breadcrumb":{"@id":"https:\/\/teslafm.net\/teoria-incertidumbre-20\/#breadcrumb"},"inLanguage":"en-US","potentialAction":[{"@type":"ReadAction","target":["https:\/\/teslafm.net\/teoria-incertidumbre-20\/"]}]},{"@type":"BreadcrumbList","@id":"https:\/\/teslafm.net\/teoria-incertidumbre-20\/#breadcrumb","itemListElement":[{"@type":"ListItem","position":1,"name":"Portada","item":"https:\/\/teslafm.net\/"},{"@type":"ListItem","position":2,"name":"Teor\u00eda Incertidumbre #20"}]},{"@type":"WebSite","@id":"https:\/\/teslafm.net\/#website","url":"https:\/\/teslafm.net\/","name":"TeslaFM","description":"An experimental and creative radio","publisher":{"@id":"https:\/\/teslafm.net\/#organization"},"potentialAction":[{"@type":"SearchAction","target":{"@type":"EntryPoint","urlTemplate":"https:\/\/teslafm.net\/?s={search_term_string}"},"query-input":{"@type":"PropertyValueSpecification","valueRequired":true,"valueName":"search_term_string"}}],"inLanguage":"en-US"},{"@type":"Organization","@id":"https:\/\/teslafm.net\/#organization","name":"TeslaFM","url":"https:\/\/teslafm.net\/","logo":{"@type":"ImageObject","inLanguage":"en-US","@id":"https:\/\/teslafm.net\/#\/schema\/logo\/image\/","url":"https:\/\/teslafm.net\/wp-content\/uploads\/2020\/06\/logo-tesla.png","contentUrl":"https:\/\/teslafm.net\/wp-content\/uploads\/2020\/06\/logo-tesla.png","width":512,"height":512,"caption":"TeslaFM"},"image":{"@id":"https:\/\/teslafm.net\/#\/schema\/logo\/image\/"},"sameAs":["https:\/\/www.facebook.com\/teslafm.net","https:\/\/x.com\/teslafm"]}]}},"rttpg_featured_image_url":null,"rttpg_author":{"display_name":"Ishak","author_link":"https:\/\/teslafm.net\/en\/author\/cravan\/"},"rttpg_comment":0,"rttpg_category":null,"rttpg_excerpt":"Teor\u00eda Incertidumbre #20 El coraz\u00f3n de Fuyuki Yamakawa utilizado como instrumento musical. Extracto de la conferencia \u00bfTodo lo que vibra es m\u00fasica? De Chantal Maillard.Arca \u2013 Anoche (2017) \u2013 Arca.Me llamo Sebasti\u00e1n \u2013 A la vez (2020) \u2013 10 de espadas.Extracto presentaci\u00f3n de Fuyuki Yamakawa en el festival Fast Foward (2010)Espinoza Espinoza \u2013 rCP20 (2020)&hellip;","_links":{"self":[{"href":"https:\/\/teslafm.net\/en\/wp-json\/wp\/v2\/pages\/53923","targetHints":{"allow":["GET"]}}],"collection":[{"href":"https:\/\/teslafm.net\/en\/wp-json\/wp\/v2\/pages"}],"about":[{"href":"https:\/\/teslafm.net\/en\/wp-json\/wp\/v2\/types\/page"}],"author":[{"embeddable":true,"href":"https:\/\/teslafm.net\/en\/wp-json\/wp\/v2\/users\/19"}],"replies":[{"embeddable":true,"href":"https:\/\/teslafm.net\/en\/wp-json\/wp\/v2\/comments?post=53923"}],"version-history":[{"count":12,"href":"https:\/\/teslafm.net\/en\/wp-json\/wp\/v2\/pages\/53923\/revisions"}],"predecessor-version":[{"id":54336,"href":"https:\/\/teslafm.net\/en\/wp-json\/wp\/v2\/pages\/53923\/revisions\/54336"}],"wp:attachment":[{"href":"https:\/\/teslafm.net\/en\/wp-json\/wp\/v2\/media?parent=53923"}],"curies":[{"name":"wp","href":"https:\/\/api.w.org\/{rel}","templated":true}]}}