

{"id":54020,"date":"2020-06-16T19:34:34","date_gmt":"2020-06-16T17:34:34","guid":{"rendered":"https:\/\/teslafm.net\/?page_id=54020"},"modified":"2020-07-10T03:30:55","modified_gmt":"2020-07-10T01:30:55","slug":"los-archivos-phonos-2","status":"publish","type":"page","link":"https:\/\/teslafm.net\/en\/los-archivos-phonos-2\/","title":{"rendered":"Phonos Files #2"},"content":{"rendered":"<h2><span style=\"color: #ffffff;\"><strong>Phonos Files #2<\/strong><\/span><\/h2>\n<p><span style=\"color: #808080;\"><em>June 2020<\/em><\/span><\/p>\n<p><iframe src=\"https:\/\/www.mixcloud.com\/widget\/iframe\/?hide_cover=1&amp;feed=%2FTeslafm_net%2Flos-archivos-phonos-2-%C3%A1ngel-faraldo%2F\" width=\"100%\" height=\"120\" frameborder=\"0\"><\/iframe><\/p>\n<p><span style=\"color: #808080;\"><img fetchpriority=\"high\" decoding=\"async\" class=\"alignnone size-full wp-image-54025\" src=\"https:\/\/teslafm.net\/wp-content\/uploads\/2020\/06\/lap-2.png\" alt=\"\" width=\"1070\" height=\"252\" srcset=\"https:\/\/teslafm.net\/wp-content\/uploads\/2020\/06\/lap-2.png 1070w, https:\/\/teslafm.net\/wp-content\/uploads\/2020\/06\/lap-2-300x71.png 300w, https:\/\/teslafm.net\/wp-content\/uploads\/2020\/06\/lap-2-1024x241.png 1024w, https:\/\/teslafm.net\/wp-content\/uploads\/2020\/06\/lap-2-768x181.png 768w\" sizes=\"(max-width: 1070px) 100vw, 1070px\" \/><\/span><\/p>\n<p><span style=\"color: #808080;\">Second installment of <strong>Phonos Files<\/strong>in which you will be able to listen to the second part of the first (and therefore historic) concert of the <strong>Phonos Electronic Music Laboratory<\/strong>in the <strong>Joan Mir\u00f3 Foundation<\/strong> in Barcelona in October 1976. With works by <strong>Josep Maria Mestres Quadreny<\/strong>, <strong>Javier Navarrete<\/strong>, <strong>Anna Bofill<\/strong> and <strong>Gabriel Brn\u010di\u0107<\/strong>.<\/span><\/p>","protected":false},"excerpt":{"rendered":"<p>Los Archivos Phonos #2 Junio 2020 Segunda entrega de Los Archivos Phonos, en la que podr\u00e9is escuchar la segunda parte del primer concierto (hist\u00f3rico por ello) del Laboratorio de M\u00fasica Electr\u00f3nica Phonos, en la Fundaci\u00f3n Joan Mir\u00f3 de Barcelona en octubre de 1976. Con obras de Josep Maria Mestres Quadreny, Javier Navarrete, Anna Bofill y [&hellip;]<\/p>\n","protected":false},"author":19,"featured_media":0,"parent":0,"menu_order":0,"comment_status":"closed","ping_status":"closed","template":"","meta":{"footnotes":""},"class_list":["post-54020","page","type-page","status-publish","hentry"],"yoast_head":"<!-- This site is optimized with the Yoast SEO plugin v27.2 - https:\/\/yoast.com\/product\/yoast-seo-wordpress\/ -->\n<title>Los Archivos Phonos #2 -<\/title>\n<meta name=\"robots\" content=\"index, follow, max-snippet:-1, max-image-preview:large, max-video-preview:-1\" \/>\n<link rel=\"canonical\" href=\"https:\/\/teslafm.net\/en\/los-archivos-phonos-2\/\" \/>\n<meta property=\"og:locale\" content=\"en_US\" \/>\n<meta property=\"og:type\" content=\"article\" \/>\n<meta property=\"og:title\" content=\"Los Archivos Phonos #2 -\" \/>\n<meta property=\"og:description\" content=\"Los Archivos Phonos #2 Junio 2020 Segunda entrega de Los Archivos Phonos, en la que podr\u00e9is escuchar la segunda parte del primer concierto (hist\u00f3rico por ello) del Laboratorio de M\u00fasica Electr\u00f3nica Phonos, en la Fundaci\u00f3n Joan Mir\u00f3 de Barcelona en octubre de 1976. Con obras de Josep Maria Mestres Quadreny, Javier Navarrete, Anna Bofill y [&hellip;]\" \/>\n<meta property=\"og:url\" content=\"https:\/\/teslafm.net\/en\/los-archivos-phonos-2\/\" \/>\n<meta property=\"article:publisher\" content=\"https:\/\/www.facebook.com\/teslafm.net\" \/>\n<meta property=\"article:modified_time\" content=\"2020-07-10T01:30:55+00:00\" \/>\n<meta property=\"og:image\" content=\"https:\/\/teslafm.net\/wp-content\/uploads\/2020\/06\/lap-2.png\" \/>\n<meta name=\"twitter:card\" content=\"summary_large_image\" \/>\n<meta name=\"twitter:site\" content=\"@teslafm\" \/>\n<script type=\"application\/ld+json\" class=\"yoast-schema-graph\">{\"@context\":\"https:\/\/schema.org\",\"@graph\":[{\"@type\":\"WebPage\",\"@id\":\"https:\/\/teslafm.net\/los-archivos-phonos-2\/\",\"url\":\"https:\/\/teslafm.net\/los-archivos-phonos-2\/\",\"name\":\"Los Archivos Phonos #2 -\",\"isPartOf\":{\"@id\":\"https:\/\/teslafm.net\/#website\"},\"primaryImageOfPage\":{\"@id\":\"https:\/\/teslafm.net\/los-archivos-phonos-2\/#primaryimage\"},\"image\":{\"@id\":\"https:\/\/teslafm.net\/los-archivos-phonos-2\/#primaryimage\"},\"thumbnailUrl\":\"https:\/\/teslafm.net\/wp-content\/uploads\/2020\/06\/lap-2.png\",\"datePublished\":\"2020-06-16T17:34:34+00:00\",\"dateModified\":\"2020-07-10T01:30:55+00:00\",\"breadcrumb\":{\"@id\":\"https:\/\/teslafm.net\/los-archivos-phonos-2\/#breadcrumb\"},\"inLanguage\":\"en-US\",\"potentialAction\":[{\"@type\":\"ReadAction\",\"target\":[\"https:\/\/teslafm.net\/los-archivos-phonos-2\/\"]}]},{\"@type\":\"ImageObject\",\"inLanguage\":\"en-US\",\"@id\":\"https:\/\/teslafm.net\/los-archivos-phonos-2\/#primaryimage\",\"url\":\"https:\/\/teslafm.net\/wp-content\/uploads\/2020\/06\/lap-2.png\",\"contentUrl\":\"https:\/\/teslafm.net\/wp-content\/uploads\/2020\/06\/lap-2.png\"},{\"@type\":\"BreadcrumbList\",\"@id\":\"https:\/\/teslafm.net\/los-archivos-phonos-2\/#breadcrumb\",\"itemListElement\":[{\"@type\":\"ListItem\",\"position\":1,\"name\":\"Portada\",\"item\":\"https:\/\/teslafm.net\/\"},{\"@type\":\"ListItem\",\"position\":2,\"name\":\"Los Archivos Phonos #2\"}]},{\"@type\":\"WebSite\",\"@id\":\"https:\/\/teslafm.net\/#website\",\"url\":\"https:\/\/teslafm.net\/\",\"name\":\"TeslaFM\",\"description\":\"An experimental and creative radio\",\"publisher\":{\"@id\":\"https:\/\/teslafm.net\/#organization\"},\"potentialAction\":[{\"@type\":\"SearchAction\",\"target\":{\"@type\":\"EntryPoint\",\"urlTemplate\":\"https:\/\/teslafm.net\/?s={search_term_string}\"},\"query-input\":{\"@type\":\"PropertyValueSpecification\",\"valueRequired\":true,\"valueName\":\"search_term_string\"}}],\"inLanguage\":\"en-US\"},{\"@type\":\"Organization\",\"@id\":\"https:\/\/teslafm.net\/#organization\",\"name\":\"TeslaFM\",\"url\":\"https:\/\/teslafm.net\/\",\"logo\":{\"@type\":\"ImageObject\",\"inLanguage\":\"en-US\",\"@id\":\"https:\/\/teslafm.net\/#\/schema\/logo\/image\/\",\"url\":\"https:\/\/teslafm.net\/wp-content\/uploads\/2020\/06\/logo-tesla.png\",\"contentUrl\":\"https:\/\/teslafm.net\/wp-content\/uploads\/2020\/06\/logo-tesla.png\",\"width\":512,\"height\":512,\"caption\":\"TeslaFM\"},\"image\":{\"@id\":\"https:\/\/teslafm.net\/#\/schema\/logo\/image\/\"},\"sameAs\":[\"https:\/\/www.facebook.com\/teslafm.net\",\"https:\/\/x.com\/teslafm\"]}]}<\/script>\n<!-- \/ Yoast SEO plugin. -->","yoast_head_json":{"title":"Phonos Files #2 - Phonos Files #2 - Phonos Files #2 - Phonos Files #2","robots":{"index":"index","follow":"follow","max-snippet":"max-snippet:-1","max-image-preview":"max-image-preview:large","max-video-preview":"max-video-preview:-1"},"canonical":"https:\/\/teslafm.net\/en\/los-archivos-phonos-2\/","og_locale":"en_US","og_type":"article","og_title":"Los Archivos Phonos #2 -","og_description":"Los Archivos Phonos #2 Junio 2020 Segunda entrega de Los Archivos Phonos, en la que podr\u00e9is escuchar la segunda parte del primer concierto (hist\u00f3rico por ello) del Laboratorio de M\u00fasica Electr\u00f3nica Phonos, en la Fundaci\u00f3n Joan Mir\u00f3 de Barcelona en octubre de 1976. Con obras de Josep Maria Mestres Quadreny, Javier Navarrete, Anna Bofill y [&hellip;]","og_url":"https:\/\/teslafm.net\/en\/los-archivos-phonos-2\/","article_publisher":"https:\/\/www.facebook.com\/teslafm.net","article_modified_time":"2020-07-10T01:30:55+00:00","og_image":[{"url":"https:\/\/teslafm.net\/wp-content\/uploads\/2020\/06\/lap-2.png","type":"","width":"","height":""}],"twitter_card":"summary_large_image","twitter_site":"@teslafm","schema":{"@context":"https:\/\/schema.org","@graph":[{"@type":"WebPage","@id":"https:\/\/teslafm.net\/los-archivos-phonos-2\/","url":"https:\/\/teslafm.net\/los-archivos-phonos-2\/","name":"Phonos Files #2 - Phonos Files #2 - Phonos Files #2 - Phonos Files #2","isPartOf":{"@id":"https:\/\/teslafm.net\/#website"},"primaryImageOfPage":{"@id":"https:\/\/teslafm.net\/los-archivos-phonos-2\/#primaryimage"},"image":{"@id":"https:\/\/teslafm.net\/los-archivos-phonos-2\/#primaryimage"},"thumbnailUrl":"https:\/\/teslafm.net\/wp-content\/uploads\/2020\/06\/lap-2.png","datePublished":"2020-06-16T17:34:34+00:00","dateModified":"2020-07-10T01:30:55+00:00","breadcrumb":{"@id":"https:\/\/teslafm.net\/los-archivos-phonos-2\/#breadcrumb"},"inLanguage":"en-US","potentialAction":[{"@type":"ReadAction","target":["https:\/\/teslafm.net\/los-archivos-phonos-2\/"]}]},{"@type":"ImageObject","inLanguage":"en-US","@id":"https:\/\/teslafm.net\/los-archivos-phonos-2\/#primaryimage","url":"https:\/\/teslafm.net\/wp-content\/uploads\/2020\/06\/lap-2.png","contentUrl":"https:\/\/teslafm.net\/wp-content\/uploads\/2020\/06\/lap-2.png"},{"@type":"BreadcrumbList","@id":"https:\/\/teslafm.net\/los-archivos-phonos-2\/#breadcrumb","itemListElement":[{"@type":"ListItem","position":1,"name":"Portada","item":"https:\/\/teslafm.net\/"},{"@type":"ListItem","position":2,"name":"Los Archivos Phonos #2"}]},{"@type":"WebSite","@id":"https:\/\/teslafm.net\/#website","url":"https:\/\/teslafm.net\/","name":"TeslaFM","description":"An experimental and creative radio","publisher":{"@id":"https:\/\/teslafm.net\/#organization"},"potentialAction":[{"@type":"SearchAction","target":{"@type":"EntryPoint","urlTemplate":"https:\/\/teslafm.net\/?s={search_term_string}"},"query-input":{"@type":"PropertyValueSpecification","valueRequired":true,"valueName":"search_term_string"}}],"inLanguage":"en-US"},{"@type":"Organization","@id":"https:\/\/teslafm.net\/#organization","name":"TeslaFM","url":"https:\/\/teslafm.net\/","logo":{"@type":"ImageObject","inLanguage":"en-US","@id":"https:\/\/teslafm.net\/#\/schema\/logo\/image\/","url":"https:\/\/teslafm.net\/wp-content\/uploads\/2020\/06\/logo-tesla.png","contentUrl":"https:\/\/teslafm.net\/wp-content\/uploads\/2020\/06\/logo-tesla.png","width":512,"height":512,"caption":"TeslaFM"},"image":{"@id":"https:\/\/teslafm.net\/#\/schema\/logo\/image\/"},"sameAs":["https:\/\/www.facebook.com\/teslafm.net","https:\/\/x.com\/teslafm"]}]}},"rttpg_featured_image_url":null,"rttpg_author":{"display_name":"Ishak","author_link":"https:\/\/teslafm.net\/en\/author\/cravan\/"},"rttpg_comment":0,"rttpg_category":null,"rttpg_excerpt":"Los Archivos Phonos #2 Junio 2020 Segunda entrega de Los Archivos Phonos, en la que podr\u00e9is escuchar la segunda parte del primer concierto (hist\u00f3rico por ello) del Laboratorio de M\u00fasica Electr\u00f3nica Phonos, en la Fundaci\u00f3n Joan Mir\u00f3 de Barcelona en octubre de 1976. Con obras de Josep Maria Mestres Quadreny, Javier Navarrete, Anna Bofill y&hellip;","_links":{"self":[{"href":"https:\/\/teslafm.net\/en\/wp-json\/wp\/v2\/pages\/54020","targetHints":{"allow":["GET"]}}],"collection":[{"href":"https:\/\/teslafm.net\/en\/wp-json\/wp\/v2\/pages"}],"about":[{"href":"https:\/\/teslafm.net\/en\/wp-json\/wp\/v2\/types\/page"}],"author":[{"embeddable":true,"href":"https:\/\/teslafm.net\/en\/wp-json\/wp\/v2\/users\/19"}],"replies":[{"embeddable":true,"href":"https:\/\/teslafm.net\/en\/wp-json\/wp\/v2\/comments?post=54020"}],"version-history":[{"count":6,"href":"https:\/\/teslafm.net\/en\/wp-json\/wp\/v2\/pages\/54020\/revisions"}],"predecessor-version":[{"id":54392,"href":"https:\/\/teslafm.net\/en\/wp-json\/wp\/v2\/pages\/54020\/revisions\/54392"}],"wp:attachment":[{"href":"https:\/\/teslafm.net\/en\/wp-json\/wp\/v2\/media?parent=54020"}],"curies":[{"name":"wp","href":"https:\/\/api.w.org\/{rel}","templated":true}]}}