

{"id":54036,"date":"2020-06-17T17:51:00","date_gmt":"2020-06-17T15:51:00","guid":{"rendered":"https:\/\/teslafm.net\/?page_id=54036"},"modified":"2021-03-06T17:39:01","modified_gmt":"2021-03-06T16:39:01","slug":"flushing-toilets-15","status":"publish","type":"page","link":"https:\/\/teslafm.net\/en\/flushing-toilets-15\/","title":{"rendered":"Flushing Toilets #15"},"content":{"rendered":"<h2><span style=\"color: #ffffff;\"><strong>Flushing Toilets #15<\/strong><\/span><\/h2>\n<p><span style=\"color: #808080;\"><em>June 2020<\/em><\/span><\/p>\n<p><iframe src=\"https:\/\/www.mixcloud.com\/widget\/iframe\/?hide_cover=1&amp;feed=%2FTeslafm_net%2Fflushing-toilets-15-pilar-talavera%2F\" width=\"100%\" height=\"120\" frameborder=\"0\"><\/iframe><\/p>\n<p><img fetchpriority=\"high\" decoding=\"async\" src=\"https:\/\/teslafm.net\/wp-content\/uploads\/2020\/06\/flushing-toilets-15.jpg\" alt=\"\" width=\"2048\" height=\"2048\" \/><\/p>\n<p><span style=\"color: #808080;\">Flushing Toilets_Terminal<\/span><\/p>\n<p><span style=\"color: #808080;\">Web and pre-order of the cassette:<\/span><br \/>\n<a href=\"https:\/\/nuevosonidonacional.bandcamp.com\/album\/terminal-2\" target=\"_blank\" rel=\"noopener noreferrer\">nuevosonidonacional.bandcamp.com\/album\/terminal-2<\/a><\/p>\n<p><span style=\"color: #808080;\">'Terminal' is the first cassette of the project of the same name. Analog radiations<\/span><br \/>\n<span style=\"color: #808080;\">for a journey from the Andes to the cosmic void.<\/span><\/p>\n<p><span style=\"color: #808080;\">01. Terminal Project Presentation<\/span><br \/>\n<span style=\"color: #808080;\">02. Ayakuccho_Terminal_album Terminal (*)<\/span><br \/>\n<span style=\"color: #808080;\">03. When was Terminal born?<\/span><br \/>\n<span style=\"color: #808080;\">04. Ingravita_Terminal_album Terminal (*)<\/span><br \/>\n<span style=\"color: #808080;\">05. Presentation of the first album Terminal, released in collaboration with Nuevo Sonido Nacional.<\/span><br \/>\n<span style=\"color: #808080;\">06. About the production and recording process of the project.<\/span><br \/>\n<span style=\"color: #808080;\">07. Espejismo_Terminal_album Terminal<\/span><br \/>\n<span style=\"color: #808080;\">08. What are your musical influences?<\/span><br \/>\n<span style=\"color: #808080;\">09. What are your aesthetic influences?<\/span><br \/>\n<span style=\"color: #808080;\">10. Lima_Terminal_Terminal_album<\/span><br \/>\n<span style=\"color: #808080;\">11. About the Terminal set<\/span><br \/>\n<span style=\"color: #808080;\">12. Mantis_Terminal_album Terminal (*)<\/span><\/p>\n<p><span style=\"color: #808080;\">(*) edited tracks\/ excerpts<\/span><\/p>","protected":false},"excerpt":{"rendered":"<p>Flushing Toilets #15 Junio 2020 Flushing Toilets_Terminal Web y pre-order del cassette: nuevosonidonacional.bandcamp.com\/album\/terminal-2 &#8216;Terminal&#8217; es el primer cassette del proyecto de mismo nombre. Radiaciones anal\u00f3gicas para un viaje desde los Andes hasta el vac\u00edo c\u00f3smico. 01. Presentaci\u00f3n proyecto Terminal 02. Ayakuccho_Terminal_\u00e1lbum Terminal (*) 03. \u00bfCu\u00e1ndo nace Terminal? 04. Ingravita_Terminal_\u00e1lbum Terminal (*) 05. Presentaci\u00f3n del primer [&hellip;]<\/p>\n","protected":false},"author":19,"featured_media":0,"parent":0,"menu_order":0,"comment_status":"closed","ping_status":"closed","template":"","meta":{"footnotes":""},"class_list":["post-54036","page","type-page","status-publish","hentry"],"yoast_head":"<!-- This site is optimized with the Yoast SEO plugin v27.4 - https:\/\/yoast.com\/product\/yoast-seo-wordpress\/ -->\n<title>Flushing Toilets #15 -<\/title>\n<meta name=\"robots\" content=\"index, follow, max-snippet:-1, max-image-preview:large, max-video-preview:-1\" \/>\n<link rel=\"canonical\" href=\"https:\/\/teslafm.net\/en\/flushing-toilets-15\/\" \/>\n<meta property=\"og:locale\" content=\"en_US\" \/>\n<meta property=\"og:type\" content=\"article\" \/>\n<meta property=\"og:title\" content=\"Flushing Toilets #15 -\" \/>\n<meta property=\"og:description\" content=\"Flushing Toilets #15 Junio 2020 Flushing Toilets_Terminal Web y pre-order del cassette: nuevosonidonacional.bandcamp.com\/album\/terminal-2 &#8216;Terminal&#8217; es el primer cassette del proyecto de mismo nombre. Radiaciones anal\u00f3gicas para un viaje desde los Andes hasta el vac\u00edo c\u00f3smico. 01. Presentaci\u00f3n proyecto Terminal 02. Ayakuccho_Terminal_\u00e1lbum Terminal (*) 03. \u00bfCu\u00e1ndo nace Terminal? 04. Ingravita_Terminal_\u00e1lbum Terminal (*) 05. Presentaci\u00f3n del primer [&hellip;]\" \/>\n<meta property=\"og:url\" content=\"https:\/\/teslafm.net\/en\/flushing-toilets-15\/\" \/>\n<meta property=\"article:publisher\" content=\"https:\/\/www.facebook.com\/teslafm.net\" \/>\n<meta property=\"article:modified_time\" content=\"2021-03-06T16:39:01+00:00\" \/>\n<meta property=\"og:image\" content=\"https:\/\/teslafm.net\/wp-content\/uploads\/2020\/06\/flushing-toilets-15.jpg\" \/>\n<meta name=\"twitter:card\" content=\"summary_large_image\" \/>\n<meta name=\"twitter:site\" content=\"@teslafm\" \/>\n<meta name=\"twitter:label1\" content=\"Est. reading time\" \/>\n\t<meta name=\"twitter:data1\" content=\"1 minute\" \/>\n<script type=\"application\/ld+json\" class=\"yoast-schema-graph\">{\"@context\":\"https:\\\/\\\/schema.org\",\"@graph\":[{\"@type\":\"WebPage\",\"@id\":\"https:\\\/\\\/teslafm.net\\\/flushing-toilets-15\\\/\",\"url\":\"https:\\\/\\\/teslafm.net\\\/flushing-toilets-15\\\/\",\"name\":\"Flushing Toilets #15 -\",\"isPartOf\":{\"@id\":\"https:\\\/\\\/teslafm.net\\\/#website\"},\"primaryImageOfPage\":{\"@id\":\"https:\\\/\\\/teslafm.net\\\/flushing-toilets-15\\\/#primaryimage\"},\"image\":{\"@id\":\"https:\\\/\\\/teslafm.net\\\/flushing-toilets-15\\\/#primaryimage\"},\"thumbnailUrl\":\"https:\\\/\\\/teslafm.net\\\/wp-content\\\/uploads\\\/2020\\\/06\\\/flushing-toilets-15.jpg\",\"datePublished\":\"2020-06-17T15:51:00+00:00\",\"dateModified\":\"2021-03-06T16:39:01+00:00\",\"breadcrumb\":{\"@id\":\"https:\\\/\\\/teslafm.net\\\/flushing-toilets-15\\\/#breadcrumb\"},\"inLanguage\":\"en-US\",\"potentialAction\":[{\"@type\":\"ReadAction\",\"target\":[\"https:\\\/\\\/teslafm.net\\\/flushing-toilets-15\\\/\"]}]},{\"@type\":\"ImageObject\",\"inLanguage\":\"en-US\",\"@id\":\"https:\\\/\\\/teslafm.net\\\/flushing-toilets-15\\\/#primaryimage\",\"url\":\"https:\\\/\\\/teslafm.net\\\/wp-content\\\/uploads\\\/2020\\\/06\\\/flushing-toilets-15.jpg\",\"contentUrl\":\"https:\\\/\\\/teslafm.net\\\/wp-content\\\/uploads\\\/2020\\\/06\\\/flushing-toilets-15.jpg\"},{\"@type\":\"BreadcrumbList\",\"@id\":\"https:\\\/\\\/teslafm.net\\\/flushing-toilets-15\\\/#breadcrumb\",\"itemListElement\":[{\"@type\":\"ListItem\",\"position\":1,\"name\":\"Portada\",\"item\":\"https:\\\/\\\/teslafm.net\\\/\"},{\"@type\":\"ListItem\",\"position\":2,\"name\":\"Flushing Toilets #15\"}]},{\"@type\":\"WebSite\",\"@id\":\"https:\\\/\\\/teslafm.net\\\/#website\",\"url\":\"https:\\\/\\\/teslafm.net\\\/\",\"name\":\"TeslaFM\",\"description\":\"An experimental and creative radio\",\"publisher\":{\"@id\":\"https:\\\/\\\/teslafm.net\\\/#organization\"},\"potentialAction\":[{\"@type\":\"SearchAction\",\"target\":{\"@type\":\"EntryPoint\",\"urlTemplate\":\"https:\\\/\\\/teslafm.net\\\/?s={search_term_string}\"},\"query-input\":{\"@type\":\"PropertyValueSpecification\",\"valueRequired\":true,\"valueName\":\"search_term_string\"}}],\"inLanguage\":\"en-US\"},{\"@type\":\"Organization\",\"@id\":\"https:\\\/\\\/teslafm.net\\\/#organization\",\"name\":\"TeslaFM\",\"url\":\"https:\\\/\\\/teslafm.net\\\/\",\"logo\":{\"@type\":\"ImageObject\",\"inLanguage\":\"en-US\",\"@id\":\"https:\\\/\\\/teslafm.net\\\/#\\\/schema\\\/logo\\\/image\\\/\",\"url\":\"https:\\\/\\\/teslafm.net\\\/wp-content\\\/uploads\\\/2020\\\/06\\\/logo-tesla.png\",\"contentUrl\":\"https:\\\/\\\/teslafm.net\\\/wp-content\\\/uploads\\\/2020\\\/06\\\/logo-tesla.png\",\"width\":512,\"height\":512,\"caption\":\"TeslaFM\"},\"image\":{\"@id\":\"https:\\\/\\\/teslafm.net\\\/#\\\/schema\\\/logo\\\/image\\\/\"},\"sameAs\":[\"https:\\\/\\\/www.facebook.com\\\/teslafm.net\",\"https:\\\/\\\/x.com\\\/teslafm\"]}]}<\/script>\n<!-- \/ Yoast SEO plugin. -->","yoast_head_json":{"title":"Flushing Toilets #15 -","robots":{"index":"index","follow":"follow","max-snippet":"max-snippet:-1","max-image-preview":"max-image-preview:large","max-video-preview":"max-video-preview:-1"},"canonical":"https:\/\/teslafm.net\/en\/flushing-toilets-15\/","og_locale":"en_US","og_type":"article","og_title":"Flushing Toilets #15 -","og_description":"Flushing Toilets #15 Junio 2020 Flushing Toilets_Terminal Web y pre-order del cassette: nuevosonidonacional.bandcamp.com\/album\/terminal-2 &#8216;Terminal&#8217; es el primer cassette del proyecto de mismo nombre. Radiaciones anal\u00f3gicas para un viaje desde los Andes hasta el vac\u00edo c\u00f3smico. 01. Presentaci\u00f3n proyecto Terminal 02. Ayakuccho_Terminal_\u00e1lbum Terminal (*) 03. \u00bfCu\u00e1ndo nace Terminal? 04. Ingravita_Terminal_\u00e1lbum Terminal (*) 05. Presentaci\u00f3n del primer [&hellip;]","og_url":"https:\/\/teslafm.net\/en\/flushing-toilets-15\/","article_publisher":"https:\/\/www.facebook.com\/teslafm.net","article_modified_time":"2021-03-06T16:39:01+00:00","og_image":[{"url":"https:\/\/teslafm.net\/wp-content\/uploads\/2020\/06\/flushing-toilets-15.jpg","type":"","width":"","height":""}],"twitter_card":"summary_large_image","twitter_site":"@teslafm","twitter_misc":{"Est. reading time":"1 minute"},"schema":{"@context":"https:\/\/schema.org","@graph":[{"@type":"WebPage","@id":"https:\/\/teslafm.net\/flushing-toilets-15\/","url":"https:\/\/teslafm.net\/flushing-toilets-15\/","name":"Flushing Toilets #15 -","isPartOf":{"@id":"https:\/\/teslafm.net\/#website"},"primaryImageOfPage":{"@id":"https:\/\/teslafm.net\/flushing-toilets-15\/#primaryimage"},"image":{"@id":"https:\/\/teslafm.net\/flushing-toilets-15\/#primaryimage"},"thumbnailUrl":"https:\/\/teslafm.net\/wp-content\/uploads\/2020\/06\/flushing-toilets-15.jpg","datePublished":"2020-06-17T15:51:00+00:00","dateModified":"2021-03-06T16:39:01+00:00","breadcrumb":{"@id":"https:\/\/teslafm.net\/flushing-toilets-15\/#breadcrumb"},"inLanguage":"en-US","potentialAction":[{"@type":"ReadAction","target":["https:\/\/teslafm.net\/flushing-toilets-15\/"]}]},{"@type":"ImageObject","inLanguage":"en-US","@id":"https:\/\/teslafm.net\/flushing-toilets-15\/#primaryimage","url":"https:\/\/teslafm.net\/wp-content\/uploads\/2020\/06\/flushing-toilets-15.jpg","contentUrl":"https:\/\/teslafm.net\/wp-content\/uploads\/2020\/06\/flushing-toilets-15.jpg"},{"@type":"BreadcrumbList","@id":"https:\/\/teslafm.net\/flushing-toilets-15\/#breadcrumb","itemListElement":[{"@type":"ListItem","position":1,"name":"Portada","item":"https:\/\/teslafm.net\/"},{"@type":"ListItem","position":2,"name":"Flushing Toilets #15"}]},{"@type":"WebSite","@id":"https:\/\/teslafm.net\/#website","url":"https:\/\/teslafm.net\/","name":"TeslaFM","description":"An experimental and creative radio","publisher":{"@id":"https:\/\/teslafm.net\/#organization"},"potentialAction":[{"@type":"SearchAction","target":{"@type":"EntryPoint","urlTemplate":"https:\/\/teslafm.net\/?s={search_term_string}"},"query-input":{"@type":"PropertyValueSpecification","valueRequired":true,"valueName":"search_term_string"}}],"inLanguage":"en-US"},{"@type":"Organization","@id":"https:\/\/teslafm.net\/#organization","name":"TeslaFM","url":"https:\/\/teslafm.net\/","logo":{"@type":"ImageObject","inLanguage":"en-US","@id":"https:\/\/teslafm.net\/#\/schema\/logo\/image\/","url":"https:\/\/teslafm.net\/wp-content\/uploads\/2020\/06\/logo-tesla.png","contentUrl":"https:\/\/teslafm.net\/wp-content\/uploads\/2020\/06\/logo-tesla.png","width":512,"height":512,"caption":"TeslaFM"},"image":{"@id":"https:\/\/teslafm.net\/#\/schema\/logo\/image\/"},"sameAs":["https:\/\/www.facebook.com\/teslafm.net","https:\/\/x.com\/teslafm"]}]}},"rttpg_featured_image_url":null,"rttpg_author":{"display_name":"Ishak","author_link":"https:\/\/teslafm.net\/en\/author\/cravan\/"},"rttpg_comment":0,"rttpg_category":null,"rttpg_excerpt":"Flushing Toilets #15 Junio 2020 Flushing Toilets_Terminal Web y pre-order del cassette: nuevosonidonacional.bandcamp.com\/album\/terminal-2 &#8216;Terminal&#8217; es el primer cassette del proyecto de mismo nombre. Radiaciones anal\u00f3gicas para un viaje desde los Andes hasta el vac\u00edo c\u00f3smico. 01. Presentaci\u00f3n proyecto Terminal 02. Ayakuccho_Terminal_\u00e1lbum Terminal (*) 03. \u00bfCu\u00e1ndo nace Terminal? 04. Ingravita_Terminal_\u00e1lbum Terminal (*) 05. Presentaci\u00f3n del primer&hellip;","_links":{"self":[{"href":"https:\/\/teslafm.net\/en\/wp-json\/wp\/v2\/pages\/54036","targetHints":{"allow":["GET"]}}],"collection":[{"href":"https:\/\/teslafm.net\/en\/wp-json\/wp\/v2\/pages"}],"about":[{"href":"https:\/\/teslafm.net\/en\/wp-json\/wp\/v2\/types\/page"}],"author":[{"embeddable":true,"href":"https:\/\/teslafm.net\/en\/wp-json\/wp\/v2\/users\/19"}],"replies":[{"embeddable":true,"href":"https:\/\/teslafm.net\/en\/wp-json\/wp\/v2\/comments?post=54036"}],"version-history":[{"count":6,"href":"https:\/\/teslafm.net\/en\/wp-json\/wp\/v2\/pages\/54036\/revisions"}],"predecessor-version":[{"id":57209,"href":"https:\/\/teslafm.net\/en\/wp-json\/wp\/v2\/pages\/54036\/revisions\/57209"}],"wp:attachment":[{"href":"https:\/\/teslafm.net\/en\/wp-json\/wp\/v2\/media?parent=54036"}],"curies":[{"name":"wp","href":"https:\/\/api.w.org\/{rel}","templated":true}]}}