

{"id":54084,"date":"2020-06-25T19:18:33","date_gmt":"2020-06-25T17:18:33","guid":{"rendered":"https:\/\/teslafm.net\/?page_id=54084"},"modified":"2021-03-06T17:15:09","modified_gmt":"2021-03-06T16:15:09","slug":"fair_play-mix-15","status":"publish","type":"page","link":"https:\/\/teslafm.net\/en\/fair_play-mix-15\/","title":{"rendered":"Fair_Play Mix #15"},"content":{"rendered":"<h2><span style=\"color: #ffffff;\"><strong>Fair_Play Mix #15<\/strong><\/span><\/h2>\n<p><span style=\"color: #808080;\"><em>June 2020<\/em><\/span><\/p>\n<p><iframe src=\"https:\/\/www.mixcloud.com\/widget\/iframe\/?hide_cover=1&amp;feed=%2FTeslafm_net%2Ffair_play-mix-15-fair_play%2F\" width=\"100%\" height=\"120\" frameborder=\"0\"><\/iframe><\/p>\n<p><img fetchpriority=\"high\" decoding=\"async\" src=\"https:\/\/teslafm.net\/wp-content\/uploads\/2020\/06\/Sirpa-Jokinen-photo-by-Anu-Nirkko-.jpg\" alt=\"\" width=\"2048\" height=\"1355\" \/><\/p>\n<p><span style=\"color: #808080;\">Fair_Play Playlist curated 24-06-2020<\/span><\/p>\n<p><span style=\"color: #808080;\"><strong>Sirpa Jokinen<\/strong> presents a selection of sound artists based in Finland.<\/span><\/p>\n<p><span style=\"color: #808080;\">\"<em>I have to make the sound artists featured in this program known through the experimental music scene in Helsinki, where they perform regularly.<\/em><\/span><br \/>\n<span style=\"color: #808080;\"><em>There are many more interesting experimental sound artists performing there who, together, form a supportive audience at the events.<\/em><\/span><br \/>\n<span style=\"color: #808080;\"><em>The artists are also the organizers of most of the performance events. Many came to Helsinki to study art, <strong>Aloes<\/strong> wine from the Netherlands and <strong>Ana Gutieszca<\/strong> from Mexico (but she stayed after graduation). <strong>Marja Ahti<\/strong> and <strong>Laura Naukkarinen<\/strong> live in Turku, where there is a very strong group of synthesizer enthusiasts.<\/em><\/span><br \/>\n<span style=\"color: #808080;\"><em><strong>Minna Kaisa Kallinen<\/strong>, <strong>Heta Bilaletdin<\/strong> and I also practice visual arts. <strong>LauNau<\/strong> makes music for films; therefore, we are all linked to the visual field.<\/em> \".<\/span><\/p>\n<p><span style=\"color: #808080;\"><strong>CHRONOGRAM<\/strong><\/span><\/p>\n<p><span style=\"color: #808080;\">00.00-08.52 <strong>Heta Bilaletdin<\/strong>: Noux buckets \/ sn\u00e4x \/ ghost backwards \/ Anaksa<\/span><br \/>\n<span style=\"color: #808080;\">08.56-12.36 <strong>Minna-Kaisa Kallinen<\/strong> : kohmeiset sormet j\u00e4tt\u00e4v\u00e4t j\u00e4ljen ikkunaan .....in English: fingers stiff from cold leave a trace on a window<\/span><br \/>\n<span style=\"color: #808080;\">12.44-22.44 <strong>LauNau<\/strong>The Edge of Dwelling<\/span><br \/>\n<span style=\"color: #808080;\">22.56-32.45 <strong>Aloes<\/strong>The Road<\/span><br \/>\n<span style=\"color: #808080;\">32.56-45.36 <strong>Marja Ahti<\/strong>Coastal Inversion<\/span><br \/>\n<span style=\"color: #808080;\">45.44-51.28 <strong>Ana Gutieszca<\/strong>: Sound of Beasts, Elephant Howling<\/span><br \/>\n<span style=\"color: #808080;\">51.36-58.53 <strong>Sirpa Jokinen<\/strong>: Silence Please (Pantheon in Rain)<\/span><\/p>","protected":false},"excerpt":{"rendered":"<p>Fair_Play Mix #15 Junio 2020 Fair_Play Lista de reproducci\u00f3n curada 24-06-2020 Sirpa Jokinen presenta una selecci\u00f3n de artistas sonorxs con sede en Finlandia. \u201cTengo que dar a conocer a lxs artistas sonorxs que aparecen en este programa a trav\u00e9s de la escena musical experimental en Helsinki, donde se presentan regularmente. Hay muchxs m\u00e1s artistas sonorxs [&hellip;]<\/p>\n","protected":false},"author":19,"featured_media":0,"parent":0,"menu_order":0,"comment_status":"closed","ping_status":"closed","template":"","meta":{"footnotes":""},"class_list":["post-54084","page","type-page","status-publish","hentry"],"yoast_head":"<!-- This site is optimized with the Yoast SEO plugin v27.2 - https:\/\/yoast.com\/product\/yoast-seo-wordpress\/ -->\n<title>Fair_Play Mix #15 -<\/title>\n<meta name=\"robots\" content=\"index, follow, max-snippet:-1, max-image-preview:large, max-video-preview:-1\" \/>\n<link rel=\"canonical\" href=\"https:\/\/teslafm.net\/en\/fair_play-mix-15\/\" \/>\n<meta property=\"og:locale\" content=\"en_US\" \/>\n<meta property=\"og:type\" content=\"article\" \/>\n<meta property=\"og:title\" content=\"Fair_Play Mix #15 -\" \/>\n<meta property=\"og:description\" content=\"Fair_Play Mix #15 Junio 2020 Fair_Play Lista de reproducci\u00f3n curada 24-06-2020 Sirpa Jokinen presenta una selecci\u00f3n de artistas sonorxs con sede en Finlandia. \u201cTengo que dar a conocer a lxs artistas sonorxs que aparecen en este programa a trav\u00e9s de la escena musical experimental en Helsinki, donde se presentan regularmente. Hay muchxs m\u00e1s artistas sonorxs [&hellip;]\" \/>\n<meta property=\"og:url\" content=\"https:\/\/teslafm.net\/en\/fair_play-mix-15\/\" \/>\n<meta property=\"article:publisher\" content=\"https:\/\/www.facebook.com\/teslafm.net\" \/>\n<meta property=\"article:modified_time\" content=\"2021-03-06T16:15:09+00:00\" \/>\n<meta property=\"og:image\" content=\"https:\/\/teslafm.net\/wp-content\/uploads\/2020\/06\/Sirpa-Jokinen-photo-by-Anu-Nirkko-.jpg\" \/>\n<meta name=\"twitter:card\" content=\"summary_large_image\" \/>\n<meta name=\"twitter:site\" content=\"@teslafm\" \/>\n<meta name=\"twitter:label1\" content=\"Est. reading time\" \/>\n\t<meta name=\"twitter:data1\" content=\"2 minutes\" \/>\n<script type=\"application\/ld+json\" class=\"yoast-schema-graph\">{\"@context\":\"https:\/\/schema.org\",\"@graph\":[{\"@type\":\"WebPage\",\"@id\":\"https:\/\/teslafm.net\/fair_play-mix-15\/\",\"url\":\"https:\/\/teslafm.net\/fair_play-mix-15\/\",\"name\":\"Fair_Play Mix #15 -\",\"isPartOf\":{\"@id\":\"https:\/\/teslafm.net\/#website\"},\"primaryImageOfPage\":{\"@id\":\"https:\/\/teslafm.net\/fair_play-mix-15\/#primaryimage\"},\"image\":{\"@id\":\"https:\/\/teslafm.net\/fair_play-mix-15\/#primaryimage\"},\"thumbnailUrl\":\"https:\/\/teslafm.net\/wp-content\/uploads\/2020\/06\/Sirpa-Jokinen-photo-by-Anu-Nirkko-.jpg\",\"datePublished\":\"2020-06-25T17:18:33+00:00\",\"dateModified\":\"2021-03-06T16:15:09+00:00\",\"breadcrumb\":{\"@id\":\"https:\/\/teslafm.net\/fair_play-mix-15\/#breadcrumb\"},\"inLanguage\":\"en-US\",\"potentialAction\":[{\"@type\":\"ReadAction\",\"target\":[\"https:\/\/teslafm.net\/fair_play-mix-15\/\"]}]},{\"@type\":\"ImageObject\",\"inLanguage\":\"en-US\",\"@id\":\"https:\/\/teslafm.net\/fair_play-mix-15\/#primaryimage\",\"url\":\"https:\/\/teslafm.net\/wp-content\/uploads\/2020\/06\/Sirpa-Jokinen-photo-by-Anu-Nirkko-.jpg\",\"contentUrl\":\"https:\/\/teslafm.net\/wp-content\/uploads\/2020\/06\/Sirpa-Jokinen-photo-by-Anu-Nirkko-.jpg\"},{\"@type\":\"BreadcrumbList\",\"@id\":\"https:\/\/teslafm.net\/fair_play-mix-15\/#breadcrumb\",\"itemListElement\":[{\"@type\":\"ListItem\",\"position\":1,\"name\":\"Portada\",\"item\":\"https:\/\/teslafm.net\/\"},{\"@type\":\"ListItem\",\"position\":2,\"name\":\"Fair_Play Mix #15\"}]},{\"@type\":\"WebSite\",\"@id\":\"https:\/\/teslafm.net\/#website\",\"url\":\"https:\/\/teslafm.net\/\",\"name\":\"TeslaFM\",\"description\":\"An experimental and creative radio\",\"publisher\":{\"@id\":\"https:\/\/teslafm.net\/#organization\"},\"potentialAction\":[{\"@type\":\"SearchAction\",\"target\":{\"@type\":\"EntryPoint\",\"urlTemplate\":\"https:\/\/teslafm.net\/?s={search_term_string}\"},\"query-input\":{\"@type\":\"PropertyValueSpecification\",\"valueRequired\":true,\"valueName\":\"search_term_string\"}}],\"inLanguage\":\"en-US\"},{\"@type\":\"Organization\",\"@id\":\"https:\/\/teslafm.net\/#organization\",\"name\":\"TeslaFM\",\"url\":\"https:\/\/teslafm.net\/\",\"logo\":{\"@type\":\"ImageObject\",\"inLanguage\":\"en-US\",\"@id\":\"https:\/\/teslafm.net\/#\/schema\/logo\/image\/\",\"url\":\"https:\/\/teslafm.net\/wp-content\/uploads\/2020\/06\/logo-tesla.png\",\"contentUrl\":\"https:\/\/teslafm.net\/wp-content\/uploads\/2020\/06\/logo-tesla.png\",\"width\":512,\"height\":512,\"caption\":\"TeslaFM\"},\"image\":{\"@id\":\"https:\/\/teslafm.net\/#\/schema\/logo\/image\/\"},\"sameAs\":[\"https:\/\/www.facebook.com\/teslafm.net\",\"https:\/\/x.com\/teslafm\"]}]}<\/script>\n<!-- \/ Yoast SEO plugin. -->","yoast_head_json":{"title":"Fair_Play Mix #15 -","robots":{"index":"index","follow":"follow","max-snippet":"max-snippet:-1","max-image-preview":"max-image-preview:large","max-video-preview":"max-video-preview:-1"},"canonical":"https:\/\/teslafm.net\/en\/fair_play-mix-15\/","og_locale":"en_US","og_type":"article","og_title":"Fair_Play Mix #15 -","og_description":"Fair_Play Mix #15 Junio 2020 Fair_Play Lista de reproducci\u00f3n curada 24-06-2020 Sirpa Jokinen presenta una selecci\u00f3n de artistas sonorxs con sede en Finlandia. \u201cTengo que dar a conocer a lxs artistas sonorxs que aparecen en este programa a trav\u00e9s de la escena musical experimental en Helsinki, donde se presentan regularmente. Hay muchxs m\u00e1s artistas sonorxs [&hellip;]","og_url":"https:\/\/teslafm.net\/en\/fair_play-mix-15\/","article_publisher":"https:\/\/www.facebook.com\/teslafm.net","article_modified_time":"2021-03-06T16:15:09+00:00","og_image":[{"url":"https:\/\/teslafm.net\/wp-content\/uploads\/2020\/06\/Sirpa-Jokinen-photo-by-Anu-Nirkko-.jpg","type":"","width":"","height":""}],"twitter_card":"summary_large_image","twitter_site":"@teslafm","twitter_misc":{"Est. reading time":"2 minutes"},"schema":{"@context":"https:\/\/schema.org","@graph":[{"@type":"WebPage","@id":"https:\/\/teslafm.net\/fair_play-mix-15\/","url":"https:\/\/teslafm.net\/fair_play-mix-15\/","name":"Fair_Play Mix #15 -","isPartOf":{"@id":"https:\/\/teslafm.net\/#website"},"primaryImageOfPage":{"@id":"https:\/\/teslafm.net\/fair_play-mix-15\/#primaryimage"},"image":{"@id":"https:\/\/teslafm.net\/fair_play-mix-15\/#primaryimage"},"thumbnailUrl":"https:\/\/teslafm.net\/wp-content\/uploads\/2020\/06\/Sirpa-Jokinen-photo-by-Anu-Nirkko-.jpg","datePublished":"2020-06-25T17:18:33+00:00","dateModified":"2021-03-06T16:15:09+00:00","breadcrumb":{"@id":"https:\/\/teslafm.net\/fair_play-mix-15\/#breadcrumb"},"inLanguage":"en-US","potentialAction":[{"@type":"ReadAction","target":["https:\/\/teslafm.net\/fair_play-mix-15\/"]}]},{"@type":"ImageObject","inLanguage":"en-US","@id":"https:\/\/teslafm.net\/fair_play-mix-15\/#primaryimage","url":"https:\/\/teslafm.net\/wp-content\/uploads\/2020\/06\/Sirpa-Jokinen-photo-by-Anu-Nirkko-.jpg","contentUrl":"https:\/\/teslafm.net\/wp-content\/uploads\/2020\/06\/Sirpa-Jokinen-photo-by-Anu-Nirkko-.jpg"},{"@type":"BreadcrumbList","@id":"https:\/\/teslafm.net\/fair_play-mix-15\/#breadcrumb","itemListElement":[{"@type":"ListItem","position":1,"name":"Portada","item":"https:\/\/teslafm.net\/"},{"@type":"ListItem","position":2,"name":"Fair_Play Mix #15"}]},{"@type":"WebSite","@id":"https:\/\/teslafm.net\/#website","url":"https:\/\/teslafm.net\/","name":"TeslaFM","description":"An experimental and creative radio","publisher":{"@id":"https:\/\/teslafm.net\/#organization"},"potentialAction":[{"@type":"SearchAction","target":{"@type":"EntryPoint","urlTemplate":"https:\/\/teslafm.net\/?s={search_term_string}"},"query-input":{"@type":"PropertyValueSpecification","valueRequired":true,"valueName":"search_term_string"}}],"inLanguage":"en-US"},{"@type":"Organization","@id":"https:\/\/teslafm.net\/#organization","name":"TeslaFM","url":"https:\/\/teslafm.net\/","logo":{"@type":"ImageObject","inLanguage":"en-US","@id":"https:\/\/teslafm.net\/#\/schema\/logo\/image\/","url":"https:\/\/teslafm.net\/wp-content\/uploads\/2020\/06\/logo-tesla.png","contentUrl":"https:\/\/teslafm.net\/wp-content\/uploads\/2020\/06\/logo-tesla.png","width":512,"height":512,"caption":"TeslaFM"},"image":{"@id":"https:\/\/teslafm.net\/#\/schema\/logo\/image\/"},"sameAs":["https:\/\/www.facebook.com\/teslafm.net","https:\/\/x.com\/teslafm"]}]}},"rttpg_featured_image_url":null,"rttpg_author":{"display_name":"Ishak","author_link":"https:\/\/teslafm.net\/en\/author\/cravan\/"},"rttpg_comment":0,"rttpg_category":null,"rttpg_excerpt":"Fair_Play Mix #15 Junio 2020 Fair_Play Lista de reproducci\u00f3n curada 24-06-2020 Sirpa Jokinen presenta una selecci\u00f3n de artistas sonorxs con sede en Finlandia. \u201cTengo que dar a conocer a lxs artistas sonorxs que aparecen en este programa a trav\u00e9s de la escena musical experimental en Helsinki, donde se presentan regularmente. Hay muchxs m\u00e1s artistas sonorxs&hellip;","_links":{"self":[{"href":"https:\/\/teslafm.net\/en\/wp-json\/wp\/v2\/pages\/54084","targetHints":{"allow":["GET"]}}],"collection":[{"href":"https:\/\/teslafm.net\/en\/wp-json\/wp\/v2\/pages"}],"about":[{"href":"https:\/\/teslafm.net\/en\/wp-json\/wp\/v2\/types\/page"}],"author":[{"embeddable":true,"href":"https:\/\/teslafm.net\/en\/wp-json\/wp\/v2\/users\/19"}],"replies":[{"embeddable":true,"href":"https:\/\/teslafm.net\/en\/wp-json\/wp\/v2\/comments?post=54084"}],"version-history":[{"count":10,"href":"https:\/\/teslafm.net\/en\/wp-json\/wp\/v2\/pages\/54084\/revisions"}],"predecessor-version":[{"id":57183,"href":"https:\/\/teslafm.net\/en\/wp-json\/wp\/v2\/pages\/54084\/revisions\/57183"}],"wp:attachment":[{"href":"https:\/\/teslafm.net\/en\/wp-json\/wp\/v2\/media?parent=54084"}],"curies":[{"name":"wp","href":"https:\/\/api.w.org\/{rel}","templated":true}]}}