

{"id":54187,"date":"2020-07-01T19:31:41","date_gmt":"2020-07-01T17:31:41","guid":{"rendered":"https:\/\/teslafm.net\/?page_id=54187"},"modified":"2020-09-23T16:13:46","modified_gmt":"2020-09-23T14:13:46","slug":"ibidem-3","status":"publish","type":"page","link":"https:\/\/teslafm.net\/en\/ibidem-3\/","title":{"rendered":"Ibidem #3"},"content":{"rendered":"<h2><span style=\"color: #ffffff;\"><strong>Ibidem #3<\/strong><\/span><\/h2>\n<p><span style=\"color: #808080;\"><em>30 June 2020<\/em><\/span><\/p>\n<p><iframe src=\"https:\/\/www.mixcloud.com\/widget\/iframe\/?hide_cover=1&amp;feed=%2FTeslafm_net%2Fibidem-3-ab-uno%2F\" width=\"100%\" height=\"120\" frameborder=\"0\"><\/iframe><\/p>\n<p><span style=\"color: #808080;\"><img fetchpriority=\"high\" decoding=\"async\" class=\"alignnone size-full wp-image-54194\" src=\"https:\/\/teslafm.net\/wp-content\/uploads\/2020\/07\/logoibidem_5.jpg\" alt=\"\" width=\"1415\" height=\"1415\" srcset=\"https:\/\/teslafm.net\/wp-content\/uploads\/2020\/07\/logoibidem_5.jpg 1415w, https:\/\/teslafm.net\/wp-content\/uploads\/2020\/07\/logoibidem_5-300x300.jpg 300w, https:\/\/teslafm.net\/wp-content\/uploads\/2020\/07\/logoibidem_5-1024x1024.jpg 1024w, https:\/\/teslafm.net\/wp-content\/uploads\/2020\/07\/logoibidem_5-150x150.jpg 150w, https:\/\/teslafm.net\/wp-content\/uploads\/2020\/07\/logoibidem_5-768x768.jpg 768w\" sizes=\"(max-width: 1415px) 100vw, 1415px\" \/><\/span><\/p>\n<p><span style=\"color: #808080;\">A special tribute to the minimalist musicians of the 70s.<\/span><\/p>\n<p><span style=\"color: #808080;\">The first part is an excerpt of one of our installations, where a generative configuration of sinusoids generates different sound models.<\/span><\/p>\n<p><span style=\"color: #808080;\"><em>\"The impulse flow commanded the vibrations of the air in the room, slowly making the ear aware of sounds that were not actually being played,\" Gann reported in a performance. \"The play of matching tones and difference created amazing auditory illusions.\"<\/em><\/span><\/p>\n<p>&nbsp;<\/p>","protected":false},"excerpt":{"rendered":"<p>Ibidem #3 30 Junio 2020 Un tributo especial a lxs m\u00fasicxs minimalistas de los a\u00f1os 70s. La primera parte es el extracto de una instalaci\u00f3n nuestra, donde una configuraci\u00f3n generativa de sinusoidales genera distintos modelos sonoros. \u00abEl flujo de impulso orden\u00f3 las vibraciones del aire en la habitaci\u00f3n, haciendo que el o\u00eddo se diera cuenta [&hellip;]<\/p>\n","protected":false},"author":19,"featured_media":0,"parent":0,"menu_order":0,"comment_status":"closed","ping_status":"closed","template":"","meta":{"footnotes":""},"class_list":["post-54187","page","type-page","status-publish","hentry"],"yoast_head":"<!-- This site is optimized with the Yoast SEO plugin v27.2 - https:\/\/yoast.com\/product\/yoast-seo-wordpress\/ -->\n<title>Ibidem #3 -<\/title>\n<meta name=\"robots\" content=\"index, follow, max-snippet:-1, max-image-preview:large, max-video-preview:-1\" \/>\n<link rel=\"canonical\" href=\"https:\/\/teslafm.net\/en\/ibidem-3\/\" \/>\n<meta property=\"og:locale\" content=\"en_US\" \/>\n<meta property=\"og:type\" content=\"article\" \/>\n<meta property=\"og:title\" content=\"Ibidem #3 -\" \/>\n<meta property=\"og:description\" content=\"Ibidem #3 30 Junio 2020 Un tributo especial a lxs m\u00fasicxs minimalistas de los a\u00f1os 70s. La primera parte es el extracto de una instalaci\u00f3n nuestra, donde una configuraci\u00f3n generativa de sinusoidales genera distintos modelos sonoros. \u00abEl flujo de impulso orden\u00f3 las vibraciones del aire en la habitaci\u00f3n, haciendo que el o\u00eddo se diera cuenta [&hellip;]\" \/>\n<meta property=\"og:url\" content=\"https:\/\/teslafm.net\/en\/ibidem-3\/\" \/>\n<meta property=\"article:publisher\" content=\"https:\/\/www.facebook.com\/teslafm.net\" \/>\n<meta property=\"article:modified_time\" content=\"2020-09-23T14:13:46+00:00\" \/>\n<meta property=\"og:image\" content=\"https:\/\/teslafm.net\/wp-content\/uploads\/2020\/07\/logoibidem_5.jpg\" \/>\n<meta name=\"twitter:card\" content=\"summary_large_image\" \/>\n<meta name=\"twitter:site\" content=\"@teslafm\" \/>\n<script type=\"application\/ld+json\" class=\"yoast-schema-graph\">{\"@context\":\"https:\/\/schema.org\",\"@graph\":[{\"@type\":\"WebPage\",\"@id\":\"https:\/\/teslafm.net\/ibidem-3\/\",\"url\":\"https:\/\/teslafm.net\/ibidem-3\/\",\"name\":\"Ibidem #3 -\",\"isPartOf\":{\"@id\":\"https:\/\/teslafm.net\/#website\"},\"primaryImageOfPage\":{\"@id\":\"https:\/\/teslafm.net\/ibidem-3\/#primaryimage\"},\"image\":{\"@id\":\"https:\/\/teslafm.net\/ibidem-3\/#primaryimage\"},\"thumbnailUrl\":\"https:\/\/teslafm.net\/wp-content\/uploads\/2020\/07\/logoibidem_5.jpg\",\"datePublished\":\"2020-07-01T17:31:41+00:00\",\"dateModified\":\"2020-09-23T14:13:46+00:00\",\"breadcrumb\":{\"@id\":\"https:\/\/teslafm.net\/ibidem-3\/#breadcrumb\"},\"inLanguage\":\"en-US\",\"potentialAction\":[{\"@type\":\"ReadAction\",\"target\":[\"https:\/\/teslafm.net\/ibidem-3\/\"]}]},{\"@type\":\"ImageObject\",\"inLanguage\":\"en-US\",\"@id\":\"https:\/\/teslafm.net\/ibidem-3\/#primaryimage\",\"url\":\"https:\/\/teslafm.net\/wp-content\/uploads\/2020\/07\/logoibidem_5.jpg\",\"contentUrl\":\"https:\/\/teslafm.net\/wp-content\/uploads\/2020\/07\/logoibidem_5.jpg\"},{\"@type\":\"BreadcrumbList\",\"@id\":\"https:\/\/teslafm.net\/ibidem-3\/#breadcrumb\",\"itemListElement\":[{\"@type\":\"ListItem\",\"position\":1,\"name\":\"Portada\",\"item\":\"https:\/\/teslafm.net\/\"},{\"@type\":\"ListItem\",\"position\":2,\"name\":\"Ibidem #3\"}]},{\"@type\":\"WebSite\",\"@id\":\"https:\/\/teslafm.net\/#website\",\"url\":\"https:\/\/teslafm.net\/\",\"name\":\"TeslaFM\",\"description\":\"An experimental and creative radio\",\"publisher\":{\"@id\":\"https:\/\/teslafm.net\/#organization\"},\"potentialAction\":[{\"@type\":\"SearchAction\",\"target\":{\"@type\":\"EntryPoint\",\"urlTemplate\":\"https:\/\/teslafm.net\/?s={search_term_string}\"},\"query-input\":{\"@type\":\"PropertyValueSpecification\",\"valueRequired\":true,\"valueName\":\"search_term_string\"}}],\"inLanguage\":\"en-US\"},{\"@type\":\"Organization\",\"@id\":\"https:\/\/teslafm.net\/#organization\",\"name\":\"TeslaFM\",\"url\":\"https:\/\/teslafm.net\/\",\"logo\":{\"@type\":\"ImageObject\",\"inLanguage\":\"en-US\",\"@id\":\"https:\/\/teslafm.net\/#\/schema\/logo\/image\/\",\"url\":\"https:\/\/teslafm.net\/wp-content\/uploads\/2020\/06\/logo-tesla.png\",\"contentUrl\":\"https:\/\/teslafm.net\/wp-content\/uploads\/2020\/06\/logo-tesla.png\",\"width\":512,\"height\":512,\"caption\":\"TeslaFM\"},\"image\":{\"@id\":\"https:\/\/teslafm.net\/#\/schema\/logo\/image\/\"},\"sameAs\":[\"https:\/\/www.facebook.com\/teslafm.net\",\"https:\/\/x.com\/teslafm\"]}]}<\/script>\n<!-- \/ Yoast SEO plugin. -->","yoast_head_json":{"title":"Ibidem #3 -","robots":{"index":"index","follow":"follow","max-snippet":"max-snippet:-1","max-image-preview":"max-image-preview:large","max-video-preview":"max-video-preview:-1"},"canonical":"https:\/\/teslafm.net\/en\/ibidem-3\/","og_locale":"en_US","og_type":"article","og_title":"Ibidem #3 -","og_description":"Ibidem #3 30 Junio 2020 Un tributo especial a lxs m\u00fasicxs minimalistas de los a\u00f1os 70s. La primera parte es el extracto de una instalaci\u00f3n nuestra, donde una configuraci\u00f3n generativa de sinusoidales genera distintos modelos sonoros. \u00abEl flujo de impulso orden\u00f3 las vibraciones del aire en la habitaci\u00f3n, haciendo que el o\u00eddo se diera cuenta [&hellip;]","og_url":"https:\/\/teslafm.net\/en\/ibidem-3\/","article_publisher":"https:\/\/www.facebook.com\/teslafm.net","article_modified_time":"2020-09-23T14:13:46+00:00","og_image":[{"url":"https:\/\/teslafm.net\/wp-content\/uploads\/2020\/07\/logoibidem_5.jpg","type":"","width":"","height":""}],"twitter_card":"summary_large_image","twitter_site":"@teslafm","schema":{"@context":"https:\/\/schema.org","@graph":[{"@type":"WebPage","@id":"https:\/\/teslafm.net\/ibidem-3\/","url":"https:\/\/teslafm.net\/ibidem-3\/","name":"Ibidem #3 -","isPartOf":{"@id":"https:\/\/teslafm.net\/#website"},"primaryImageOfPage":{"@id":"https:\/\/teslafm.net\/ibidem-3\/#primaryimage"},"image":{"@id":"https:\/\/teslafm.net\/ibidem-3\/#primaryimage"},"thumbnailUrl":"https:\/\/teslafm.net\/wp-content\/uploads\/2020\/07\/logoibidem_5.jpg","datePublished":"2020-07-01T17:31:41+00:00","dateModified":"2020-09-23T14:13:46+00:00","breadcrumb":{"@id":"https:\/\/teslafm.net\/ibidem-3\/#breadcrumb"},"inLanguage":"en-US","potentialAction":[{"@type":"ReadAction","target":["https:\/\/teslafm.net\/ibidem-3\/"]}]},{"@type":"ImageObject","inLanguage":"en-US","@id":"https:\/\/teslafm.net\/ibidem-3\/#primaryimage","url":"https:\/\/teslafm.net\/wp-content\/uploads\/2020\/07\/logoibidem_5.jpg","contentUrl":"https:\/\/teslafm.net\/wp-content\/uploads\/2020\/07\/logoibidem_5.jpg"},{"@type":"BreadcrumbList","@id":"https:\/\/teslafm.net\/ibidem-3\/#breadcrumb","itemListElement":[{"@type":"ListItem","position":1,"name":"Portada","item":"https:\/\/teslafm.net\/"},{"@type":"ListItem","position":2,"name":"Ibidem #3"}]},{"@type":"WebSite","@id":"https:\/\/teslafm.net\/#website","url":"https:\/\/teslafm.net\/","name":"TeslaFM","description":"An experimental and creative radio","publisher":{"@id":"https:\/\/teslafm.net\/#organization"},"potentialAction":[{"@type":"SearchAction","target":{"@type":"EntryPoint","urlTemplate":"https:\/\/teslafm.net\/?s={search_term_string}"},"query-input":{"@type":"PropertyValueSpecification","valueRequired":true,"valueName":"search_term_string"}}],"inLanguage":"en-US"},{"@type":"Organization","@id":"https:\/\/teslafm.net\/#organization","name":"TeslaFM","url":"https:\/\/teslafm.net\/","logo":{"@type":"ImageObject","inLanguage":"en-US","@id":"https:\/\/teslafm.net\/#\/schema\/logo\/image\/","url":"https:\/\/teslafm.net\/wp-content\/uploads\/2020\/06\/logo-tesla.png","contentUrl":"https:\/\/teslafm.net\/wp-content\/uploads\/2020\/06\/logo-tesla.png","width":512,"height":512,"caption":"TeslaFM"},"image":{"@id":"https:\/\/teslafm.net\/#\/schema\/logo\/image\/"},"sameAs":["https:\/\/www.facebook.com\/teslafm.net","https:\/\/x.com\/teslafm"]}]}},"rttpg_featured_image_url":null,"rttpg_author":{"display_name":"Ishak","author_link":"https:\/\/teslafm.net\/en\/author\/cravan\/"},"rttpg_comment":0,"rttpg_category":null,"rttpg_excerpt":"Ibidem #3 30 Junio 2020 Un tributo especial a lxs m\u00fasicxs minimalistas de los a\u00f1os 70s. La primera parte es el extracto de una instalaci\u00f3n nuestra, donde una configuraci\u00f3n generativa de sinusoidales genera distintos modelos sonoros. \u00abEl flujo de impulso orden\u00f3 las vibraciones del aire en la habitaci\u00f3n, haciendo que el o\u00eddo se diera cuenta&hellip;","_links":{"self":[{"href":"https:\/\/teslafm.net\/en\/wp-json\/wp\/v2\/pages\/54187","targetHints":{"allow":["GET"]}}],"collection":[{"href":"https:\/\/teslafm.net\/en\/wp-json\/wp\/v2\/pages"}],"about":[{"href":"https:\/\/teslafm.net\/en\/wp-json\/wp\/v2\/types\/page"}],"author":[{"embeddable":true,"href":"https:\/\/teslafm.net\/en\/wp-json\/wp\/v2\/users\/19"}],"replies":[{"embeddable":true,"href":"https:\/\/teslafm.net\/en\/wp-json\/wp\/v2\/comments?post=54187"}],"version-history":[{"count":5,"href":"https:\/\/teslafm.net\/en\/wp-json\/wp\/v2\/pages\/54187\/revisions"}],"predecessor-version":[{"id":54797,"href":"https:\/\/teslafm.net\/en\/wp-json\/wp\/v2\/pages\/54187\/revisions\/54797"}],"wp:attachment":[{"href":"https:\/\/teslafm.net\/en\/wp-json\/wp\/v2\/media?parent=54187"}],"curies":[{"name":"wp","href":"https:\/\/api.w.org\/{rel}","templated":true}]}}