

{"id":54217,"date":"2020-07-03T19:24:21","date_gmt":"2020-07-03T17:24:21","guid":{"rendered":"https:\/\/teslafm.net\/?page_id=54217"},"modified":"2021-02-04T11:26:58","modified_gmt":"2021-02-04T10:26:58","slug":"cachichi-20","status":"publish","type":"page","link":"https:\/\/teslafm.net\/en\/cachichi-20\/","title":{"rendered":"Cachichi #20"},"content":{"rendered":"<h2><span style=\"color: #ffffff;\"><strong>Cachichi #20<\/strong><\/span><\/h2>\n<p><span style=\"color: #808080;\"><em>July 2020<\/em><\/span><\/p>\n<p><iframe src=\"https:\/\/www.mixcloud.com\/widget\/iframe\/?hide_cover=1&amp;feed=%2FTeslafm_net%2Fcachichi-20-daphne-xx-blazej-k%2F\" width=\"100%\" height=\"120\" frameborder=\"0\"><\/iframe><\/p>\n<p><span style=\"color: #808080;\">01. <strong>Triad God<\/strong> - Chow Bat Por - Triad - Presto!? Records - Italy 2019<\/span><br \/>\n<span style=\"color: #808080;\">02. <strong>=U=<\/strong> - U21 unfairy - New Unaestetic Tings, Audile Snow - Poland 2019-06-27<\/span><br \/>\n<span style=\"color: #808080;\">03. <strong>Creation Rebel &amp; New Age Steppers<\/strong> - Chemical Specialist - Trevor Jackson Presents: Science Fiction Dancehall Classics, Science Fiction Dancehall Classics, UK, 2015.<\/span><br \/>\n<span style=\"color: #808080;\">04. <strong>Fj\u00e4der<\/strong> - Rattle Snake - Fear And Anxieties 2\/3. SEMANTICA 111.2 - Spain 2019<\/span><br \/>\n<span style=\"color: #808080;\">05. <strong>Constant<\/strong> - Pattern Solutions - Therm Pref, Constant - Pattern Solutions - US 2019<\/span><br \/>\n<span style=\"color: #808080;\">06. <strong>Khaki Blazer<\/strong> - VR Mr Potato Head - Optikk, Hausu Mountain Records, US, 2019<\/span><br \/>\n<span style=\"color: #808080;\">06. <strong>Khaki Blazer<\/strong> - Black Mes - Optikk - Hausu Mountain Records - US 2019<\/span><br \/>\n<span style=\"color: #808080;\">07. <strong>Robbie Lee and Mary Halvorson<\/strong> - Rock Flowers - Seed Triangular, New Amsterdam Records, US, 2018.<\/span><br \/>\n<span style=\"color: #808080;\">08. <strong>PLOM<\/strong> - Untitled 05 - AREA 51 HOUSE PARTY EDITS - FLUF - Denmark 2019<\/span><br \/>\n<span style=\"color: #808080;\">09. <strong>Paszka<\/strong> - ksi\u0105\u017cka na torb\u0119 - producent mebli z drewna i materacy, Audile Snow, Poland, 2019.<\/span><br \/>\n<span style=\"color: #808080;\">10. <strong>TRjj<\/strong> - Urania(Time Lecture) - Music Compilation \"12 Dances\", Stroom.tv, Belgium 2018<\/span><br \/>\n<span style=\"color: #808080;\">11. <strong>Eli Grass<\/strong> - Automatic - Automat - Museum of the Dry Bugs - Gagarin Records - Germany 2019<\/span><br \/>\n<span style=\"color: #808080;\">12. B<strong>agdad Style<\/strong> - Atrevimento - RS Produ\u00e7\u00f5es - Pr\u00edncipe, Portugal, 2018<\/span><br \/>\n<span style=\"color: #808080;\">13. <strong>DakhaBrakha<\/strong> - Za duby - Yahudky - Ukraine 2007<\/span><br \/>\n<span style=\"color: #808080;\">14. <strong>Holly Herndon<\/strong> - Godmother (with Jlin) - PROTO 2019<\/span><br \/>\n<span style=\"color: #808080;\">15. <strong>Attarazat Addahabia &amp; Faradjallah Aflana \u0627\u0641\u0644\u0627\u0646\u0629<\/strong> - Habibi Funk 011: Al Hadaoui, Habibi Funk Records, 2019<\/span><br \/>\n<span style=\"color: #808080;\">16. <strong>Sisso<\/strong> - Nyege Nyege - Mateso - Nyege Nyege Tapes, Uganda, 2019.<\/span><br \/>\n<span style=\"color: #808080;\">17. <strong>Nebulo Ascii<\/strong> - 488BPM - Nebulo Ascii, Conditional,Germany, 2019<\/span><br \/>\n<span style=\"color: #808080;\">18. <strong>Happy123<\/strong> - 2015-18happy013, grgranrurr playground 15- playreclabel - China 2019<\/span><br \/>\n<span style=\"color: #808080;\">19. <strong>YOY<\/strong>- Halftime - glutton - Audile Snow - Poland 2018<\/span><br \/>\n<span style=\"color: #808080;\">20. <strong>Celyn June<\/strong> - Drivers - Bloom \u00a92019 - Worldwide Recycle Service 02 - Sweden, 2019<\/span><br \/>\n<span style=\"color: #808080;\">22. <strong>Hidenka X Fumitake Tamura (Bun)<\/strong> - Otentosama Pt.1- Muddy Water, Black Smoker Records - Japan 2014<\/span><br \/>\n<span style=\"color: #808080;\">23. <strong>Seaketa\u3088\u3044 (yoi)<\/strong> - Seaketa - Gion \u304e\u304a\u3093, Chinabot - UK 2019<\/span><br \/>\n<span style=\"color: #808080;\">24. <strong>Patrick Swayze<\/strong> - She's Like The Wind - Dirty Dancing - RCA, UK, 1987<\/span><br \/>\n<span style=\"color: #808080;\">25. <strong>Lolina<\/strong> - Style and Punisment - The Smoke - UK 2018<\/span><br \/>\n<span style=\"color: #808080;\">26. <strong>African Head Carge<\/strong> - Latin Temperament -Environmental Studies - UK, 1982<\/span><br \/>\n<span style=\"color: #808080;\">27. <strong>Lolina<\/strong> - Betrayal - The Smoke - UK 2018<\/span><br \/>\n<span style=\"color: #808080;\">28. <strong>Cienfuegos<\/strong> - Dispossession - DRUMS - MMODEMM - Germany 2019<\/span><\/p>","protected":false},"excerpt":{"rendered":"<p>Cachichi #20 Julio 2020 01. Triad God &#8211; Chow Bat Por &#8211; Triad &#8211; Presto!? Records &#8211; Italy 2019 02. =U= &#8211; U21 unfairy \u2013 New Unaestetic Tings, Audile Snow &#8211; Poland 2019-06-27 03. Creation Rebel &amp; New Age Steppers &#8211; Chemical Specialist &#8211; Trevor Jackson Presents: Science Fiction Dancehall Classics, Science Fiction Dancehall Classics [&hellip;]<\/p>\n","protected":false},"author":19,"featured_media":0,"parent":0,"menu_order":0,"comment_status":"closed","ping_status":"closed","template":"","meta":{"footnotes":""},"class_list":["post-54217","page","type-page","status-publish","hentry"],"yoast_head":"<!-- This site is optimized with the Yoast SEO plugin v27.2 - https:\/\/yoast.com\/product\/yoast-seo-wordpress\/ -->\n<title>Cachichi #20 -<\/title>\n<meta name=\"robots\" content=\"index, follow, max-snippet:-1, max-image-preview:large, max-video-preview:-1\" \/>\n<link rel=\"canonical\" href=\"https:\/\/teslafm.net\/en\/cachichi-20\/\" \/>\n<meta property=\"og:locale\" content=\"en_US\" \/>\n<meta property=\"og:type\" content=\"article\" \/>\n<meta property=\"og:title\" content=\"Cachichi #20 -\" \/>\n<meta property=\"og:description\" content=\"Cachichi #20 Julio 2020 01. Triad God &#8211; Chow Bat Por &#8211; Triad &#8211; Presto!? Records &#8211; Italy 2019 02. =U= &#8211; U21 unfairy \u2013 New Unaestetic Tings, Audile Snow &#8211; Poland 2019-06-27 03. Creation Rebel &amp; New Age Steppers &#8211; Chemical Specialist &#8211; Trevor Jackson Presents: Science Fiction Dancehall Classics, Science Fiction Dancehall Classics [&hellip;]\" \/>\n<meta property=\"og:url\" content=\"https:\/\/teslafm.net\/en\/cachichi-20\/\" \/>\n<meta property=\"article:publisher\" content=\"https:\/\/www.facebook.com\/teslafm.net\" \/>\n<meta property=\"article:modified_time\" content=\"2021-02-04T10:26:58+00:00\" \/>\n<meta property=\"og:image\" content=\"https:\/\/teslafm.net\/wp-content\/uploads\/2022\/09\/header-image-4-temp.png\" \/>\n\t<meta property=\"og:image:width\" content=\"1274\" \/>\n\t<meta property=\"og:image:height\" content=\"818\" \/>\n\t<meta property=\"og:image:type\" content=\"image\/png\" \/>\n<meta name=\"twitter:card\" content=\"summary_large_image\" \/>\n<meta name=\"twitter:site\" content=\"@teslafm\" \/>\n<meta name=\"twitter:label1\" content=\"Est. reading time\" \/>\n\t<meta name=\"twitter:data1\" content=\"2 minutes\" \/>\n<script type=\"application\/ld+json\" class=\"yoast-schema-graph\">{\"@context\":\"https:\/\/schema.org\",\"@graph\":[{\"@type\":\"WebPage\",\"@id\":\"https:\/\/teslafm.net\/cachichi-20\/\",\"url\":\"https:\/\/teslafm.net\/cachichi-20\/\",\"name\":\"Cachichi #20 -\",\"isPartOf\":{\"@id\":\"https:\/\/teslafm.net\/#website\"},\"datePublished\":\"2020-07-03T17:24:21+00:00\",\"dateModified\":\"2021-02-04T10:26:58+00:00\",\"breadcrumb\":{\"@id\":\"https:\/\/teslafm.net\/cachichi-20\/#breadcrumb\"},\"inLanguage\":\"en-US\",\"potentialAction\":[{\"@type\":\"ReadAction\",\"target\":[\"https:\/\/teslafm.net\/cachichi-20\/\"]}]},{\"@type\":\"BreadcrumbList\",\"@id\":\"https:\/\/teslafm.net\/cachichi-20\/#breadcrumb\",\"itemListElement\":[{\"@type\":\"ListItem\",\"position\":1,\"name\":\"Portada\",\"item\":\"https:\/\/teslafm.net\/\"},{\"@type\":\"ListItem\",\"position\":2,\"name\":\"Cachichi #20\"}]},{\"@type\":\"WebSite\",\"@id\":\"https:\/\/teslafm.net\/#website\",\"url\":\"https:\/\/teslafm.net\/\",\"name\":\"TeslaFM\",\"description\":\"An experimental and creative radio\",\"publisher\":{\"@id\":\"https:\/\/teslafm.net\/#organization\"},\"potentialAction\":[{\"@type\":\"SearchAction\",\"target\":{\"@type\":\"EntryPoint\",\"urlTemplate\":\"https:\/\/teslafm.net\/?s={search_term_string}\"},\"query-input\":{\"@type\":\"PropertyValueSpecification\",\"valueRequired\":true,\"valueName\":\"search_term_string\"}}],\"inLanguage\":\"en-US\"},{\"@type\":\"Organization\",\"@id\":\"https:\/\/teslafm.net\/#organization\",\"name\":\"TeslaFM\",\"url\":\"https:\/\/teslafm.net\/\",\"logo\":{\"@type\":\"ImageObject\",\"inLanguage\":\"en-US\",\"@id\":\"https:\/\/teslafm.net\/#\/schema\/logo\/image\/\",\"url\":\"https:\/\/teslafm.net\/wp-content\/uploads\/2020\/06\/logo-tesla.png\",\"contentUrl\":\"https:\/\/teslafm.net\/wp-content\/uploads\/2020\/06\/logo-tesla.png\",\"width\":512,\"height\":512,\"caption\":\"TeslaFM\"},\"image\":{\"@id\":\"https:\/\/teslafm.net\/#\/schema\/logo\/image\/\"},\"sameAs\":[\"https:\/\/www.facebook.com\/teslafm.net\",\"https:\/\/x.com\/teslafm\"]}]}<\/script>\n<!-- \/ Yoast SEO plugin. -->","yoast_head_json":{"title":"Cachichi #20 -","robots":{"index":"index","follow":"follow","max-snippet":"max-snippet:-1","max-image-preview":"max-image-preview:large","max-video-preview":"max-video-preview:-1"},"canonical":"https:\/\/teslafm.net\/en\/cachichi-20\/","og_locale":"en_US","og_type":"article","og_title":"Cachichi #20 -","og_description":"Cachichi #20 Julio 2020 01. Triad God &#8211; Chow Bat Por &#8211; Triad &#8211; Presto!? Records &#8211; Italy 2019 02. =U= &#8211; U21 unfairy \u2013 New Unaestetic Tings, Audile Snow &#8211; Poland 2019-06-27 03. Creation Rebel &amp; New Age Steppers &#8211; Chemical Specialist &#8211; Trevor Jackson Presents: Science Fiction Dancehall Classics, Science Fiction Dancehall Classics [&hellip;]","og_url":"https:\/\/teslafm.net\/en\/cachichi-20\/","article_publisher":"https:\/\/www.facebook.com\/teslafm.net","article_modified_time":"2021-02-04T10:26:58+00:00","og_image":[{"width":1274,"height":818,"url":"https:\/\/teslafm.net\/wp-content\/uploads\/2022\/09\/header-image-4-temp.png","type":"image\/png"}],"twitter_card":"summary_large_image","twitter_site":"@teslafm","twitter_misc":{"Est. reading time":"2 minutes"},"schema":{"@context":"https:\/\/schema.org","@graph":[{"@type":"WebPage","@id":"https:\/\/teslafm.net\/cachichi-20\/","url":"https:\/\/teslafm.net\/cachichi-20\/","name":"Cachichi #20 -","isPartOf":{"@id":"https:\/\/teslafm.net\/#website"},"datePublished":"2020-07-03T17:24:21+00:00","dateModified":"2021-02-04T10:26:58+00:00","breadcrumb":{"@id":"https:\/\/teslafm.net\/cachichi-20\/#breadcrumb"},"inLanguage":"en-US","potentialAction":[{"@type":"ReadAction","target":["https:\/\/teslafm.net\/cachichi-20\/"]}]},{"@type":"BreadcrumbList","@id":"https:\/\/teslafm.net\/cachichi-20\/#breadcrumb","itemListElement":[{"@type":"ListItem","position":1,"name":"Portada","item":"https:\/\/teslafm.net\/"},{"@type":"ListItem","position":2,"name":"Cachichi #20"}]},{"@type":"WebSite","@id":"https:\/\/teslafm.net\/#website","url":"https:\/\/teslafm.net\/","name":"TeslaFM","description":"An experimental and creative radio","publisher":{"@id":"https:\/\/teslafm.net\/#organization"},"potentialAction":[{"@type":"SearchAction","target":{"@type":"EntryPoint","urlTemplate":"https:\/\/teslafm.net\/?s={search_term_string}"},"query-input":{"@type":"PropertyValueSpecification","valueRequired":true,"valueName":"search_term_string"}}],"inLanguage":"en-US"},{"@type":"Organization","@id":"https:\/\/teslafm.net\/#organization","name":"TeslaFM","url":"https:\/\/teslafm.net\/","logo":{"@type":"ImageObject","inLanguage":"en-US","@id":"https:\/\/teslafm.net\/#\/schema\/logo\/image\/","url":"https:\/\/teslafm.net\/wp-content\/uploads\/2020\/06\/logo-tesla.png","contentUrl":"https:\/\/teslafm.net\/wp-content\/uploads\/2020\/06\/logo-tesla.png","width":512,"height":512,"caption":"TeslaFM"},"image":{"@id":"https:\/\/teslafm.net\/#\/schema\/logo\/image\/"},"sameAs":["https:\/\/www.facebook.com\/teslafm.net","https:\/\/x.com\/teslafm"]}]}},"rttpg_featured_image_url":null,"rttpg_author":{"display_name":"Ishak","author_link":"https:\/\/teslafm.net\/en\/author\/cravan\/"},"rttpg_comment":0,"rttpg_category":null,"rttpg_excerpt":"Cachichi #20 Julio 2020 01. Triad God &#8211; Chow Bat Por &#8211; Triad &#8211; Presto!? Records &#8211; Italy 2019 02. =U= &#8211; U21 unfairy \u2013 New Unaestetic Tings, Audile Snow &#8211; Poland 2019-06-27 03. Creation Rebel &amp; New Age Steppers &#8211; Chemical Specialist &#8211; Trevor Jackson Presents: Science Fiction Dancehall Classics, Science Fiction Dancehall Classics&hellip;","_links":{"self":[{"href":"https:\/\/teslafm.net\/en\/wp-json\/wp\/v2\/pages\/54217","targetHints":{"allow":["GET"]}}],"collection":[{"href":"https:\/\/teslafm.net\/en\/wp-json\/wp\/v2\/pages"}],"about":[{"href":"https:\/\/teslafm.net\/en\/wp-json\/wp\/v2\/types\/page"}],"author":[{"embeddable":true,"href":"https:\/\/teslafm.net\/en\/wp-json\/wp\/v2\/users\/19"}],"replies":[{"embeddable":true,"href":"https:\/\/teslafm.net\/en\/wp-json\/wp\/v2\/comments?post=54217"}],"version-history":[{"count":3,"href":"https:\/\/teslafm.net\/en\/wp-json\/wp\/v2\/pages\/54217\/revisions"}],"predecessor-version":[{"id":56670,"href":"https:\/\/teslafm.net\/en\/wp-json\/wp\/v2\/pages\/54217\/revisions\/56670"}],"wp:attachment":[{"href":"https:\/\/teslafm.net\/en\/wp-json\/wp\/v2\/media?parent=54217"}],"curies":[{"name":"wp","href":"https:\/\/api.w.org\/{rel}","templated":true}]}}