

{"id":54226,"date":"2020-07-03T20:51:32","date_gmt":"2020-07-03T18:51:32","guid":{"rendered":"https:\/\/teslafm.net\/?page_id=54226"},"modified":"2023-02-23T12:41:21","modified_gmt":"2023-02-23T11:41:21","slug":"fmerides-3","status":"publish","type":"page","link":"https:\/\/teslafm.net\/en\/fmerides-3\/","title":{"rendered":"#3"},"content":{"rendered":"<h2><span style=\"color: #ffffff;\"><strong>#3<\/strong><\/span><\/h2>\n<p><span style=\"color: #808080;\"><em>Ahmad Jamal, July 2, 2020<\/em><\/span><\/p>\n<p><a href=\"https:\/\/teslafm.net\/en\/FMerides%203%20Ahmad%20Jamal.mp3\/\" target=\"_blank\" rel=\"noopener\"><img fetchpriority=\"high\" decoding=\"async\" class=\"alignnone wp-image-61761 size-full\" src=\"http:\/\/teslafm.net\/wp-content\/uploads\/2023\/02\/Fmerides-3.jpg\" alt=\"\" width=\"1119\" height=\"121\" srcset=\"https:\/\/teslafm.net\/wp-content\/uploads\/2023\/02\/Fmerides-3.jpg 1119w, https:\/\/teslafm.net\/wp-content\/uploads\/2023\/02\/Fmerides-3-300x32.jpg 300w, https:\/\/teslafm.net\/wp-content\/uploads\/2023\/02\/Fmerides-3-1024x111.jpg 1024w, https:\/\/teslafm.net\/wp-content\/uploads\/2023\/02\/Fmerides-3-768x83.jpg 768w\" sizes=\"(max-width: 1119px) 100vw, 1119px\" \/><\/a><\/p>\n<p><span style=\"color: #808080;\">We are in the right half of the year, at 1pm we will have crossed the halfway point of this 2020 that has given us no respite since it began. Today July 2, 2020 is 90 years old <strong>Ahmad Jamal<\/strong>He was born Frederick Russell Jones, until he converted to Islam in his early twenties. His public profile skyrocketed when in 1995, <strong>Clint Eastwood<\/strong> used two of his songs for the BSO of <em>The Bridges of Madison County<\/em>. <strong>Ahmad Jamal<\/strong> He has never been much of a traveler and has rarely left the United States, but in 1971 he performed at the Montreux Festival (in the podcast you can listen to the presentation of the historic concert). <strong>Jamal<\/strong> likes to define jazz, his language, as authentic American classical music.<\/span><\/p>\n<p><span style=\"color: #808080;\"><strong>Ahmad Jamal<\/strong><\/span><br \/>\n<span style=\"color: #808080;\">01. It could happen To You - Live at Spotlight Club, 1958<\/span><br \/>\n<span style=\"color: #808080;\">02. Montevideo<\/span><br \/>\n<span style=\"color: #808080;\">03. Footprints - Live At The Montreal Jazz Festival, 1985<\/span><br \/>\n<span style=\"color: #808080;\">04. Auutum Leaves<\/span><br \/>\n<span style=\"color: #808080;\">05. Bogota<\/span><br \/>\n<span style=\"color: #808080;\">06. Love for sale<\/span><br \/>\n<span style=\"color: #808080;\">07. I should care<\/span><br \/>\n<span style=\"color: #808080;\">08. Ponciana (single<\/span> version)<br \/>\n<span style=\"color: #808080;\">09. Poinciana - Live At The Village Gate, 1968<\/span><br \/>\n<span style=\"color: #808080;\">10. Marseille (feat. Abd Al Malik)<\/span><\/p>","protected":false},"excerpt":{"rendered":"<p>FM\u00e9rides #3 Ahmad Jamal, 2 de Julio de 2020 Estamos en la mitad justa del a\u00f1o, a las 13h habremos cruzado el ecuador de este 2020 que no nos ha dado tregua desde que se inici\u00f3. Hoy 2 de julio de 2020 cumple 90 a\u00f1os Ahmad Jamal, nacido Frederick Russell Jones, hasta que a los [&hellip;]<\/p>\n","protected":false},"author":19,"featured_media":0,"parent":0,"menu_order":0,"comment_status":"closed","ping_status":"closed","template":"","meta":{"footnotes":""},"class_list":["post-54226","page","type-page","status-publish","hentry"],"yoast_head":"<!-- This site is optimized with the Yoast SEO plugin v27.2 - https:\/\/yoast.com\/product\/yoast-seo-wordpress\/ -->\n<title>FM\u00e9rides #3 -<\/title>\n<meta name=\"robots\" content=\"index, follow, max-snippet:-1, max-image-preview:large, max-video-preview:-1\" \/>\n<link rel=\"canonical\" href=\"https:\/\/teslafm.net\/en\/fmerides-3\/\" \/>\n<meta property=\"og:locale\" content=\"en_US\" \/>\n<meta property=\"og:type\" content=\"article\" \/>\n<meta property=\"og:title\" content=\"FM\u00e9rides #3 -\" \/>\n<meta property=\"og:description\" content=\"FM\u00e9rides #3 Ahmad Jamal, 2 de Julio de 2020 Estamos en la mitad justa del a\u00f1o, a las 13h habremos cruzado el ecuador de este 2020 que no nos ha dado tregua desde que se inici\u00f3. Hoy 2 de julio de 2020 cumple 90 a\u00f1os Ahmad Jamal, nacido Frederick Russell Jones, hasta que a los [&hellip;]\" \/>\n<meta property=\"og:url\" content=\"https:\/\/teslafm.net\/en\/fmerides-3\/\" \/>\n<meta property=\"article:publisher\" content=\"https:\/\/www.facebook.com\/teslafm.net\" \/>\n<meta property=\"article:modified_time\" content=\"2023-02-23T11:41:21+00:00\" \/>\n<meta property=\"og:image\" content=\"http:\/\/teslafm.net\/wp-content\/uploads\/2023\/02\/Fmerides-3.jpg\" \/>\n<meta name=\"twitter:card\" content=\"summary_large_image\" \/>\n<meta name=\"twitter:site\" content=\"@teslafm\" \/>\n<meta name=\"twitter:label1\" content=\"Est. reading time\" \/>\n\t<meta name=\"twitter:data1\" content=\"2 minutes\" \/>\n<script type=\"application\/ld+json\" class=\"yoast-schema-graph\">{\"@context\":\"https:\/\/schema.org\",\"@graph\":[{\"@type\":\"WebPage\",\"@id\":\"https:\/\/teslafm.net\/fmerides-3\/\",\"url\":\"https:\/\/teslafm.net\/fmerides-3\/\",\"name\":\"FM\u00e9rides #3 -\",\"isPartOf\":{\"@id\":\"https:\/\/teslafm.net\/#website\"},\"primaryImageOfPage\":{\"@id\":\"https:\/\/teslafm.net\/fmerides-3\/#primaryimage\"},\"image\":{\"@id\":\"https:\/\/teslafm.net\/fmerides-3\/#primaryimage\"},\"thumbnailUrl\":\"http:\/\/teslafm.net\/wp-content\/uploads\/2023\/02\/Fmerides-3.jpg\",\"datePublished\":\"2020-07-03T18:51:32+00:00\",\"dateModified\":\"2023-02-23T11:41:21+00:00\",\"breadcrumb\":{\"@id\":\"https:\/\/teslafm.net\/fmerides-3\/#breadcrumb\"},\"inLanguage\":\"en-US\",\"potentialAction\":[{\"@type\":\"ReadAction\",\"target\":[\"https:\/\/teslafm.net\/fmerides-3\/\"]}]},{\"@type\":\"ImageObject\",\"inLanguage\":\"en-US\",\"@id\":\"https:\/\/teslafm.net\/fmerides-3\/#primaryimage\",\"url\":\"http:\/\/teslafm.net\/wp-content\/uploads\/2023\/02\/Fmerides-3.jpg\",\"contentUrl\":\"http:\/\/teslafm.net\/wp-content\/uploads\/2023\/02\/Fmerides-3.jpg\"},{\"@type\":\"BreadcrumbList\",\"@id\":\"https:\/\/teslafm.net\/fmerides-3\/#breadcrumb\",\"itemListElement\":[{\"@type\":\"ListItem\",\"position\":1,\"name\":\"Portada\",\"item\":\"https:\/\/teslafm.net\/\"},{\"@type\":\"ListItem\",\"position\":2,\"name\":\"FM\u00e9rides #3\"}]},{\"@type\":\"WebSite\",\"@id\":\"https:\/\/teslafm.net\/#website\",\"url\":\"https:\/\/teslafm.net\/\",\"name\":\"TeslaFM\",\"description\":\"An experimental and creative radio\",\"publisher\":{\"@id\":\"https:\/\/teslafm.net\/#organization\"},\"potentialAction\":[{\"@type\":\"SearchAction\",\"target\":{\"@type\":\"EntryPoint\",\"urlTemplate\":\"https:\/\/teslafm.net\/?s={search_term_string}\"},\"query-input\":{\"@type\":\"PropertyValueSpecification\",\"valueRequired\":true,\"valueName\":\"search_term_string\"}}],\"inLanguage\":\"en-US\"},{\"@type\":\"Organization\",\"@id\":\"https:\/\/teslafm.net\/#organization\",\"name\":\"TeslaFM\",\"url\":\"https:\/\/teslafm.net\/\",\"logo\":{\"@type\":\"ImageObject\",\"inLanguage\":\"en-US\",\"@id\":\"https:\/\/teslafm.net\/#\/schema\/logo\/image\/\",\"url\":\"https:\/\/teslafm.net\/wp-content\/uploads\/2020\/06\/logo-tesla.png\",\"contentUrl\":\"https:\/\/teslafm.net\/wp-content\/uploads\/2020\/06\/logo-tesla.png\",\"width\":512,\"height\":512,\"caption\":\"TeslaFM\"},\"image\":{\"@id\":\"https:\/\/teslafm.net\/#\/schema\/logo\/image\/\"},\"sameAs\":[\"https:\/\/www.facebook.com\/teslafm.net\",\"https:\/\/x.com\/teslafm\"]}]}<\/script>\n<!-- \/ Yoast SEO plugin. -->","yoast_head_json":{"title":"#3 -","robots":{"index":"index","follow":"follow","max-snippet":"max-snippet:-1","max-image-preview":"max-image-preview:large","max-video-preview":"max-video-preview:-1"},"canonical":"https:\/\/teslafm.net\/en\/fmerides-3\/","og_locale":"en_US","og_type":"article","og_title":"FM\u00e9rides #3 -","og_description":"FM\u00e9rides #3 Ahmad Jamal, 2 de Julio de 2020 Estamos en la mitad justa del a\u00f1o, a las 13h habremos cruzado el ecuador de este 2020 que no nos ha dado tregua desde que se inici\u00f3. Hoy 2 de julio de 2020 cumple 90 a\u00f1os Ahmad Jamal, nacido Frederick Russell Jones, hasta que a los [&hellip;]","og_url":"https:\/\/teslafm.net\/en\/fmerides-3\/","article_publisher":"https:\/\/www.facebook.com\/teslafm.net","article_modified_time":"2023-02-23T11:41:21+00:00","og_image":[{"url":"http:\/\/teslafm.net\/wp-content\/uploads\/2023\/02\/Fmerides-3.jpg","type":"","width":"","height":""}],"twitter_card":"summary_large_image","twitter_site":"@teslafm","twitter_misc":{"Est. reading time":"2 minutes"},"schema":{"@context":"https:\/\/schema.org","@graph":[{"@type":"WebPage","@id":"https:\/\/teslafm.net\/fmerides-3\/","url":"https:\/\/teslafm.net\/fmerides-3\/","name":"#3 -","isPartOf":{"@id":"https:\/\/teslafm.net\/#website"},"primaryImageOfPage":{"@id":"https:\/\/teslafm.net\/fmerides-3\/#primaryimage"},"image":{"@id":"https:\/\/teslafm.net\/fmerides-3\/#primaryimage"},"thumbnailUrl":"http:\/\/teslafm.net\/wp-content\/uploads\/2023\/02\/Fmerides-3.jpg","datePublished":"2020-07-03T18:51:32+00:00","dateModified":"2023-02-23T11:41:21+00:00","breadcrumb":{"@id":"https:\/\/teslafm.net\/fmerides-3\/#breadcrumb"},"inLanguage":"en-US","potentialAction":[{"@type":"ReadAction","target":["https:\/\/teslafm.net\/fmerides-3\/"]}]},{"@type":"ImageObject","inLanguage":"en-US","@id":"https:\/\/teslafm.net\/fmerides-3\/#primaryimage","url":"http:\/\/teslafm.net\/wp-content\/uploads\/2023\/02\/Fmerides-3.jpg","contentUrl":"http:\/\/teslafm.net\/wp-content\/uploads\/2023\/02\/Fmerides-3.jpg"},{"@type":"BreadcrumbList","@id":"https:\/\/teslafm.net\/fmerides-3\/#breadcrumb","itemListElement":[{"@type":"ListItem","position":1,"name":"Portada","item":"https:\/\/teslafm.net\/"},{"@type":"ListItem","position":2,"name":"FM\u00e9rides #3"}]},{"@type":"WebSite","@id":"https:\/\/teslafm.net\/#website","url":"https:\/\/teslafm.net\/","name":"TeslaFM","description":"An experimental and creative radio","publisher":{"@id":"https:\/\/teslafm.net\/#organization"},"potentialAction":[{"@type":"SearchAction","target":{"@type":"EntryPoint","urlTemplate":"https:\/\/teslafm.net\/?s={search_term_string}"},"query-input":{"@type":"PropertyValueSpecification","valueRequired":true,"valueName":"search_term_string"}}],"inLanguage":"en-US"},{"@type":"Organization","@id":"https:\/\/teslafm.net\/#organization","name":"TeslaFM","url":"https:\/\/teslafm.net\/","logo":{"@type":"ImageObject","inLanguage":"en-US","@id":"https:\/\/teslafm.net\/#\/schema\/logo\/image\/","url":"https:\/\/teslafm.net\/wp-content\/uploads\/2020\/06\/logo-tesla.png","contentUrl":"https:\/\/teslafm.net\/wp-content\/uploads\/2020\/06\/logo-tesla.png","width":512,"height":512,"caption":"TeslaFM"},"image":{"@id":"https:\/\/teslafm.net\/#\/schema\/logo\/image\/"},"sameAs":["https:\/\/www.facebook.com\/teslafm.net","https:\/\/x.com\/teslafm"]}]}},"rttpg_featured_image_url":null,"rttpg_author":{"display_name":"Ishak","author_link":"https:\/\/teslafm.net\/en\/author\/cravan\/"},"rttpg_comment":0,"rttpg_category":null,"rttpg_excerpt":"FM\u00e9rides #3 Ahmad Jamal, 2 de Julio de 2020 Estamos en la mitad justa del a\u00f1o, a las 13h habremos cruzado el ecuador de este 2020 que no nos ha dado tregua desde que se inici\u00f3. Hoy 2 de julio de 2020 cumple 90 a\u00f1os Ahmad Jamal, nacido Frederick Russell Jones, hasta que a los&hellip;","_links":{"self":[{"href":"https:\/\/teslafm.net\/en\/wp-json\/wp\/v2\/pages\/54226","targetHints":{"allow":["GET"]}}],"collection":[{"href":"https:\/\/teslafm.net\/en\/wp-json\/wp\/v2\/pages"}],"about":[{"href":"https:\/\/teslafm.net\/en\/wp-json\/wp\/v2\/types\/page"}],"author":[{"embeddable":true,"href":"https:\/\/teslafm.net\/en\/wp-json\/wp\/v2\/users\/19"}],"replies":[{"embeddable":true,"href":"https:\/\/teslafm.net\/en\/wp-json\/wp\/v2\/comments?post=54226"}],"version-history":[{"count":6,"href":"https:\/\/teslafm.net\/en\/wp-json\/wp\/v2\/pages\/54226\/revisions"}],"predecessor-version":[{"id":61765,"href":"https:\/\/teslafm.net\/en\/wp-json\/wp\/v2\/pages\/54226\/revisions\/61765"}],"wp:attachment":[{"href":"https:\/\/teslafm.net\/en\/wp-json\/wp\/v2\/media?parent=54226"}],"curies":[{"name":"wp","href":"https:\/\/api.w.org\/{rel}","templated":true}]}}