

{"id":54270,"date":"2020-07-08T18:16:52","date_gmt":"2020-07-08T16:16:52","guid":{"rendered":"https:\/\/teslafm.net\/?page_id=54270"},"modified":"2021-03-06T16:07:58","modified_gmt":"2021-03-06T15:07:58","slug":"ananke-21","status":"publish","type":"page","link":"https:\/\/teslafm.net\/en\/ananke-21\/","title":{"rendered":"Anank\u00e9 #21"},"content":{"rendered":"<h2><span style=\"color: #ffffff;\"><strong>Anank\u00e9 Chapter XXI<\/strong><\/span><\/h2>\n<p><span style=\"color: #808080;\"><em>July 2020<\/em><\/span><\/p>\n<p><iframe src=\"https:\/\/www.mixcloud.com\/widget\/iframe\/?hide_cover=1&amp;feed=%2FTeslafm_net%2Fanank%C3%A9-21-jaco%2F\" width=\"100%\" height=\"120\" frameborder=\"0\"><\/iframe><\/p>\n<p><span style=\"color: #808080;\">01. <strong>Octavia Butler<\/strong>, <strong>MMGZ<\/strong>, <strong>BQF<\/strong> - Kindred - Constellation 8\/\u221e (BQF, 2015).<\/span><br \/>\n<span style=\"color: #808080;\">02. <strong>Roly Porter<\/strong> - Assembly - Kistvaen (Subtext, 2020)<\/span><br \/>\n<span style=\"color: #808080;\">03. <strong>Black Quantum Futurism<\/strong> - I. The North Star Tracker - Telescoping Effect Pt. 1 Soundscape (BQF, 2017)<\/span><br \/>\n<span style=\"color: #808080;\">04. <strong>Klein<\/strong> - Care About Us - Frozen (Self-released, 2020)<\/span><br \/>\n<span style=\"color: #808080;\">05. <strong>Mica Levi<\/strong> - Andrew Void - Under the Skin O.S.T. (Milan, 2014)<\/span><br \/>\n<span style=\"color: #808080;\">06. <strong>The Bug<\/strong> - No (Dub) (feat. Dis Fig) - Hope You're Well (Various Artists) (Qu Junktions, 2020)<\/span><br \/>\n<span style=\"color: #808080;\">07. <strong>Todd Barton &amp; Ursula K Le Guin<\/strong> - A Teaching Poem - Music and Poetry of the Kesh (FTS, 1985\/2018).<\/span><br \/>\n<span style=\"color: #808080;\">08. <strong>Ruth Anderson<\/strong> - So What - Here (Arc Light, 2020)<\/span><br \/>\n<span style=\"color: #808080;\">09. <strong>Black Quantum Futurism<\/strong> - Act: I Space-Time Collapse - Space-Time Collapse I (BQF, 2016)<\/span><br \/>\n<span style=\"color: #808080;\">10. <strong>Malvern Brume<\/strong> - Portal Dolmen - Exhaust Trails (Infant Tree, 2019).<\/span><br \/>\n<span style=\"color: #808080;\">11. <strong>Black Replica<\/strong> - Mathematische Augen - Black Replica (Metaphysik, 2018).<\/span><br \/>\n<span style=\"color: #808080;\">12. <strong>Black Quantum Futurism<\/strong> - Gravity Waves - Futurist Garvey \/ Gravity Waves (BQF, 2016)<\/span><br \/>\n<span style=\"color: #808080;\">13. <strong>John Bence<\/strong> - Kathyrn's Theme - Hope You're Well (Various Artists) (Qu Junktions, 2020)<\/span><br \/>\n<span style=\"color: #808080;\">14. <strong>Octavia E. Butler<\/strong> - (For the documentary Black Sci-Fi by Terrrence Francis, 1992)<\/span><br \/>\n<span style=\"color: #808080;\">15. <strong>Ennio Morricone<\/strong> - Sterilization - The Thing O.S.T. (MCA, 1982)<\/span><br \/>\n<span style=\"color: #808080;\">16. <strong>Armand Hammer<\/strong> - Slew Foot - Shrines (Backwoodz, 2020)<\/span><br \/>\n<span style=\"color: #808080;\">17. <strong>Black Quantum Futurism<\/strong> - Day Zero - Waiting Time\/Weighting\/Wading Time: On Juneteenth, Watch Night, Freedom's Eve, and Emancipation Day (BQF, 2020)<\/span><br \/>\n<span style=\"color: #808080;\">18. <strong>Black Quantum Futurism<\/strong> - BQF Building SpacexTimes - Black Quantum Futurism Soundwaves (BQF, 2015)<\/span><br \/>\n<span style=\"color: #808080;\">19. <strong>Black Quantum Futurism<\/strong> - NonLocality Zine Soundtape - Black Quantum Futurism Soundwaves (BQF, 2015)<\/span><br \/>\n<span style=\"color: #808080;\">20. <strong>Drexciya<\/strong> - Positron Island - Drexciya 2 - Bubble Metropolis (Underground Resistance, 1993)<\/span><br \/>\n<span style=\"color: #808080;\">21. <strong>UR<\/strong> - Entering Quadrant Five - The Final Frontier (Underground Resistance, 1991)<\/span><br \/>\n<span style=\"color: #808080;\">22. <strong>Black Quantum Futurism<\/strong> - Godspell Truth - Space-Time Collapse I (BQF, 2016)<\/span><br \/>\n<span style=\"color: #808080;\">23. <strong>Christine Ott<\/strong> - Comma - Chim\u00e8res (for Ondes Martenot) (Nahal, 2020)<\/span><br \/>\n<span style=\"color: #808080;\">24. <strong>Angel Bat Dawid<\/strong> - Transition East - Transition East (International Anthem, 2020)<\/span><br \/>\n<span style=\"color: #808080;\">25. <strong>Shabaka and the Ancestors<\/strong> - Teach Me How to be Vulnerable - We Are Sent Here by History (Impulse! 2020)<\/span><br \/>\n<span style=\"color: #808080;\">26. <strong>Shane Carruth<\/strong> - A Low And Distant Sound Gradually Swelling And Increasing - Upstream Color O.S.T. (erbp, 2013)<\/span><br \/>\n<span style=\"color: #808080;\">27. <strong>China Mi\u00e9ville<\/strong> - (Talks about his novel Embassytown, 2011)<\/span><br \/>\n<span style=\"color: #808080;\">28. <strong>Octavia Butler<\/strong>, <strong>MMGZ<\/strong>, <strong>BQF<\/strong> - The Autonomy of Shori - Constellation 8\/\u221e (BQF, 2015).<\/span><br \/>\n<span style=\"color: #808080;\">29. <strong>Octavia Butler<\/strong>, <strong>MMGZ<\/strong>, <strong>BQF<\/strong> - Parable - Constellation 8\/\u221e (BQF, 2015).<\/span><br \/>\n<span style=\"color: #808080;\">30. <strong>Sun Ra<\/strong> - There Are Other Worlds (They Have Not Told You Of) - Lanquidity (Philly Jazz, 1978)<\/span><br \/>\n<span style=\"color: #808080;\">31. <strong>Jorge Luis Borges<\/strong> - (Tl\u00f6n, Uqbar, Orbis Tertius)<\/span><\/p>","protected":false},"excerpt":{"rendered":"<p>Anank\u00e9 Cap\u00edtulo XXI Julio 2020 01. Octavia Butler, MMGZ, BQF &#8211; Kindred &#8211; Constellation 8\/\u221e (BQF, 2015) 02. Roly Porter &#8211; Assembly &#8211; Kistvaen (Subtext, 2020) 03. Black Quantum Futurism &#8211; I. The North Star Tracker &#8211; Telescoping Effect Pt. 1 Soundscape (BQF, 2017) 04. Klein &#8211; Care About Us &#8211; Frozen (Autoeditado, 2020) 05. [&hellip;]<\/p>\n","protected":false},"author":19,"featured_media":0,"parent":0,"menu_order":0,"comment_status":"closed","ping_status":"closed","template":"","meta":{"footnotes":""},"class_list":["post-54270","page","type-page","status-publish","hentry"],"yoast_head":"<!-- This site is optimized with the Yoast SEO plugin v27.4 - https:\/\/yoast.com\/product\/yoast-seo-wordpress\/ -->\n<title>Anank\u00e9 #21 -<\/title>\n<meta name=\"robots\" content=\"index, follow, max-snippet:-1, max-image-preview:large, max-video-preview:-1\" \/>\n<link rel=\"canonical\" href=\"https:\/\/teslafm.net\/en\/ananke-21\/\" \/>\n<meta property=\"og:locale\" content=\"en_US\" \/>\n<meta property=\"og:type\" content=\"article\" \/>\n<meta property=\"og:title\" content=\"Anank\u00e9 #21 -\" \/>\n<meta property=\"og:description\" content=\"Anank\u00e9 Cap\u00edtulo XXI Julio 2020 01. Octavia Butler, MMGZ, BQF &#8211; Kindred &#8211; Constellation 8\/\u221e (BQF, 2015) 02. Roly Porter &#8211; Assembly &#8211; Kistvaen (Subtext, 2020) 03. Black Quantum Futurism &#8211; I. The North Star Tracker &#8211; Telescoping Effect Pt. 1 Soundscape (BQF, 2017) 04. Klein &#8211; Care About Us &#8211; Frozen (Autoeditado, 2020) 05. [&hellip;]\" \/>\n<meta property=\"og:url\" content=\"https:\/\/teslafm.net\/en\/ananke-21\/\" \/>\n<meta property=\"article:publisher\" content=\"https:\/\/www.facebook.com\/teslafm.net\" \/>\n<meta property=\"article:modified_time\" content=\"2021-03-06T15:07:58+00:00\" \/>\n<meta property=\"og:image\" content=\"https:\/\/teslafm.net\/wp-content\/uploads\/2022\/09\/header-image-4-temp.png\" \/>\n\t<meta property=\"og:image:width\" content=\"1274\" \/>\n\t<meta property=\"og:image:height\" content=\"818\" \/>\n\t<meta property=\"og:image:type\" content=\"image\/png\" \/>\n<meta name=\"twitter:card\" content=\"summary_large_image\" \/>\n<meta name=\"twitter:site\" content=\"@teslafm\" \/>\n<meta name=\"twitter:label1\" content=\"Est. reading time\" \/>\n\t<meta name=\"twitter:data1\" content=\"2 minutes\" \/>\n<script type=\"application\/ld+json\" class=\"yoast-schema-graph\">{\"@context\":\"https:\\\/\\\/schema.org\",\"@graph\":[{\"@type\":\"WebPage\",\"@id\":\"https:\\\/\\\/teslafm.net\\\/ananke-21\\\/\",\"url\":\"https:\\\/\\\/teslafm.net\\\/ananke-21\\\/\",\"name\":\"Anank\u00e9 #21 -\",\"isPartOf\":{\"@id\":\"https:\\\/\\\/teslafm.net\\\/#website\"},\"datePublished\":\"2020-07-08T16:16:52+00:00\",\"dateModified\":\"2021-03-06T15:07:58+00:00\",\"breadcrumb\":{\"@id\":\"https:\\\/\\\/teslafm.net\\\/ananke-21\\\/#breadcrumb\"},\"inLanguage\":\"en-US\",\"potentialAction\":[{\"@type\":\"ReadAction\",\"target\":[\"https:\\\/\\\/teslafm.net\\\/ananke-21\\\/\"]}]},{\"@type\":\"BreadcrumbList\",\"@id\":\"https:\\\/\\\/teslafm.net\\\/ananke-21\\\/#breadcrumb\",\"itemListElement\":[{\"@type\":\"ListItem\",\"position\":1,\"name\":\"Portada\",\"item\":\"https:\\\/\\\/teslafm.net\\\/\"},{\"@type\":\"ListItem\",\"position\":2,\"name\":\"Anank\u00e9 #21\"}]},{\"@type\":\"WebSite\",\"@id\":\"https:\\\/\\\/teslafm.net\\\/#website\",\"url\":\"https:\\\/\\\/teslafm.net\\\/\",\"name\":\"TeslaFM\",\"description\":\"An experimental and creative radio\",\"publisher\":{\"@id\":\"https:\\\/\\\/teslafm.net\\\/#organization\"},\"potentialAction\":[{\"@type\":\"SearchAction\",\"target\":{\"@type\":\"EntryPoint\",\"urlTemplate\":\"https:\\\/\\\/teslafm.net\\\/?s={search_term_string}\"},\"query-input\":{\"@type\":\"PropertyValueSpecification\",\"valueRequired\":true,\"valueName\":\"search_term_string\"}}],\"inLanguage\":\"en-US\"},{\"@type\":\"Organization\",\"@id\":\"https:\\\/\\\/teslafm.net\\\/#organization\",\"name\":\"TeslaFM\",\"url\":\"https:\\\/\\\/teslafm.net\\\/\",\"logo\":{\"@type\":\"ImageObject\",\"inLanguage\":\"en-US\",\"@id\":\"https:\\\/\\\/teslafm.net\\\/#\\\/schema\\\/logo\\\/image\\\/\",\"url\":\"https:\\\/\\\/teslafm.net\\\/wp-content\\\/uploads\\\/2020\\\/06\\\/logo-tesla.png\",\"contentUrl\":\"https:\\\/\\\/teslafm.net\\\/wp-content\\\/uploads\\\/2020\\\/06\\\/logo-tesla.png\",\"width\":512,\"height\":512,\"caption\":\"TeslaFM\"},\"image\":{\"@id\":\"https:\\\/\\\/teslafm.net\\\/#\\\/schema\\\/logo\\\/image\\\/\"},\"sameAs\":[\"https:\\\/\\\/www.facebook.com\\\/teslafm.net\",\"https:\\\/\\\/x.com\\\/teslafm\"]}]}<\/script>\n<!-- \/ Yoast SEO plugin. -->","yoast_head_json":{"title":"Anank\u00e9 #21 -","robots":{"index":"index","follow":"follow","max-snippet":"max-snippet:-1","max-image-preview":"max-image-preview:large","max-video-preview":"max-video-preview:-1"},"canonical":"https:\/\/teslafm.net\/en\/ananke-21\/","og_locale":"en_US","og_type":"article","og_title":"Anank\u00e9 #21 -","og_description":"Anank\u00e9 Cap\u00edtulo XXI Julio 2020 01. Octavia Butler, MMGZ, BQF &#8211; Kindred &#8211; Constellation 8\/\u221e (BQF, 2015) 02. Roly Porter &#8211; Assembly &#8211; Kistvaen (Subtext, 2020) 03. Black Quantum Futurism &#8211; I. The North Star Tracker &#8211; Telescoping Effect Pt. 1 Soundscape (BQF, 2017) 04. Klein &#8211; Care About Us &#8211; Frozen (Autoeditado, 2020) 05. [&hellip;]","og_url":"https:\/\/teslafm.net\/en\/ananke-21\/","article_publisher":"https:\/\/www.facebook.com\/teslafm.net","article_modified_time":"2021-03-06T15:07:58+00:00","og_image":[{"width":1274,"height":818,"url":"https:\/\/teslafm.net\/wp-content\/uploads\/2022\/09\/header-image-4-temp.png","type":"image\/png"}],"twitter_card":"summary_large_image","twitter_site":"@teslafm","twitter_misc":{"Est. reading time":"2 minutes"},"schema":{"@context":"https:\/\/schema.org","@graph":[{"@type":"WebPage","@id":"https:\/\/teslafm.net\/ananke-21\/","url":"https:\/\/teslafm.net\/ananke-21\/","name":"Anank\u00e9 #21 -","isPartOf":{"@id":"https:\/\/teslafm.net\/#website"},"datePublished":"2020-07-08T16:16:52+00:00","dateModified":"2021-03-06T15:07:58+00:00","breadcrumb":{"@id":"https:\/\/teslafm.net\/ananke-21\/#breadcrumb"},"inLanguage":"en-US","potentialAction":[{"@type":"ReadAction","target":["https:\/\/teslafm.net\/ananke-21\/"]}]},{"@type":"BreadcrumbList","@id":"https:\/\/teslafm.net\/ananke-21\/#breadcrumb","itemListElement":[{"@type":"ListItem","position":1,"name":"Portada","item":"https:\/\/teslafm.net\/"},{"@type":"ListItem","position":2,"name":"Anank\u00e9 #21"}]},{"@type":"WebSite","@id":"https:\/\/teslafm.net\/#website","url":"https:\/\/teslafm.net\/","name":"TeslaFM","description":"An experimental and creative radio","publisher":{"@id":"https:\/\/teslafm.net\/#organization"},"potentialAction":[{"@type":"SearchAction","target":{"@type":"EntryPoint","urlTemplate":"https:\/\/teslafm.net\/?s={search_term_string}"},"query-input":{"@type":"PropertyValueSpecification","valueRequired":true,"valueName":"search_term_string"}}],"inLanguage":"en-US"},{"@type":"Organization","@id":"https:\/\/teslafm.net\/#organization","name":"TeslaFM","url":"https:\/\/teslafm.net\/","logo":{"@type":"ImageObject","inLanguage":"en-US","@id":"https:\/\/teslafm.net\/#\/schema\/logo\/image\/","url":"https:\/\/teslafm.net\/wp-content\/uploads\/2020\/06\/logo-tesla.png","contentUrl":"https:\/\/teslafm.net\/wp-content\/uploads\/2020\/06\/logo-tesla.png","width":512,"height":512,"caption":"TeslaFM"},"image":{"@id":"https:\/\/teslafm.net\/#\/schema\/logo\/image\/"},"sameAs":["https:\/\/www.facebook.com\/teslafm.net","https:\/\/x.com\/teslafm"]}]}},"rttpg_featured_image_url":null,"rttpg_author":{"display_name":"Ishak","author_link":"https:\/\/teslafm.net\/en\/author\/cravan\/"},"rttpg_comment":0,"rttpg_category":null,"rttpg_excerpt":"Anank\u00e9 Cap\u00edtulo XXI Julio 2020 01. Octavia Butler, MMGZ, BQF &#8211; Kindred &#8211; Constellation 8\/\u221e (BQF, 2015) 02. Roly Porter &#8211; Assembly &#8211; Kistvaen (Subtext, 2020) 03. Black Quantum Futurism &#8211; I. The North Star Tracker &#8211; Telescoping Effect Pt. 1 Soundscape (BQF, 2017) 04. Klein &#8211; Care About Us &#8211; Frozen (Autoeditado, 2020) 05.&hellip;","_links":{"self":[{"href":"https:\/\/teslafm.net\/en\/wp-json\/wp\/v2\/pages\/54270","targetHints":{"allow":["GET"]}}],"collection":[{"href":"https:\/\/teslafm.net\/en\/wp-json\/wp\/v2\/pages"}],"about":[{"href":"https:\/\/teslafm.net\/en\/wp-json\/wp\/v2\/types\/page"}],"author":[{"embeddable":true,"href":"https:\/\/teslafm.net\/en\/wp-json\/wp\/v2\/users\/19"}],"replies":[{"embeddable":true,"href":"https:\/\/teslafm.net\/en\/wp-json\/wp\/v2\/comments?post=54270"}],"version-history":[{"count":3,"href":"https:\/\/teslafm.net\/en\/wp-json\/wp\/v2\/pages\/54270\/revisions"}],"predecessor-version":[{"id":57135,"href":"https:\/\/teslafm.net\/en\/wp-json\/wp\/v2\/pages\/54270\/revisions\/57135"}],"wp:attachment":[{"href":"https:\/\/teslafm.net\/en\/wp-json\/wp\/v2\/media?parent=54270"}],"curies":[{"name":"wp","href":"https:\/\/api.w.org\/{rel}","templated":true}]}}