

{"id":54489,"date":"2020-07-14T18:25:10","date_gmt":"2020-07-14T16:25:10","guid":{"rendered":"https:\/\/teslafm.net\/?page_id=54489"},"modified":"2021-03-09T21:21:06","modified_gmt":"2021-03-09T20:21:06","slug":"los-archivos-phonos-3","status":"publish","type":"page","link":"https:\/\/teslafm.net\/en\/los-archivos-phonos-3\/","title":{"rendered":"Phonos Files #3"},"content":{"rendered":"<h2><span style=\"color: #ffffff;\"><strong>Phonos Files #3<\/strong><\/span><\/h2>\n<p><span style=\"color: #808080;\"><em>July 2020<\/em><\/span><\/p>\n<p><iframe src=\"https:\/\/www.mixcloud.com\/widget\/iframe\/?hide_cover=1&amp;feed=%2FTeslafm_net%2Flos-archivos-phonos-3-%C3%A1ngel-faraldo%2F\" width=\"100%\" height=\"120\" frameborder=\"0\"><\/iframe><\/p>\n<p><img fetchpriority=\"high\" decoding=\"async\" src=\"https:\/\/teslafm.net\/wp-content\/uploads\/2020\/07\/WhatsApp-Image-2020-07-10-at-18.35.08.jpeg\" alt=\"\" width=\"1600\" height=\"938\" \/><\/p>\n<p><span style=\"color: #808080;\">00:00 Introduction<\/span><br \/>\n<span style=\"color: #808080;\">04:55 L'Esquizofrenia dels Sons de <strong>Eduard Resina<\/strong><\/span><br \/>\n<span style=\"color: #808080;\">16:17 La Toler\u00e0ncia de <strong>Oriol Graus<\/strong><\/span><br \/>\n<span style=\"color: #808080;\">30:38 Iron Coins of <strong>Martin Matalon<\/strong><\/span><\/p>\n<p><span style=\"color: #808080;\">In this issue we return to the concert <strong>Phonos<\/strong> in collaboration with <strong>Barcelona Instrumental Group 216<\/strong>which opened the program of the first festival <strong>S\u00f3nar<\/strong> in the <strong>CCCB Auditorium<\/strong> of Barcelona, on June 2, 1994, with works by <strong>Eduard Resina<\/strong> and <strong>Oriol Graus<\/strong> (works commissioned and performed by <strong>Phonos<\/strong> and <strong>BCN216<\/strong>) y <strong>Mart\u00edn Matal\u00f3n.<\/strong><\/span><\/p>","protected":false},"excerpt":{"rendered":"<p>Los Archivos Phonos #3 Julio 2020 00:00 Introducci\u00f3n 04:55 L\u2019Esquizofrenia dels Sons de Eduard Resina 16:17 La Toler\u00e0ncia de Oriol Graus 30:38 Monedas de Hierro de Mart\u00edn Matal\u00f3n En esta entrega volvemos al concierto Phonos en colaboraci\u00f3n el Grupo Instrumental Barcelona 216, que abr\u00eda la programaci\u00f3n del primer festival S\u00f3nar en el Auditorio del CCCB [&hellip;]<\/p>\n","protected":false},"author":19,"featured_media":0,"parent":0,"menu_order":0,"comment_status":"closed","ping_status":"closed","template":"","meta":{"footnotes":""},"class_list":["post-54489","page","type-page","status-publish","hentry"],"yoast_head":"<!-- This site is optimized with the Yoast SEO plugin v27.2 - https:\/\/yoast.com\/product\/yoast-seo-wordpress\/ -->\n<title>Los Archivos Phonos #3 -<\/title>\n<meta name=\"robots\" content=\"index, follow, max-snippet:-1, max-image-preview:large, max-video-preview:-1\" \/>\n<link rel=\"canonical\" href=\"https:\/\/teslafm.net\/en\/los-archivos-phonos-3\/\" \/>\n<meta property=\"og:locale\" content=\"en_US\" \/>\n<meta property=\"og:type\" content=\"article\" \/>\n<meta property=\"og:title\" content=\"Los Archivos Phonos #3 -\" \/>\n<meta property=\"og:description\" content=\"Los Archivos Phonos #3 Julio 2020 00:00 Introducci\u00f3n 04:55 L\u2019Esquizofrenia dels Sons de Eduard Resina 16:17 La Toler\u00e0ncia de Oriol Graus 30:38 Monedas de Hierro de Mart\u00edn Matal\u00f3n En esta entrega volvemos al concierto Phonos en colaboraci\u00f3n el Grupo Instrumental Barcelona 216, que abr\u00eda la programaci\u00f3n del primer festival S\u00f3nar en el Auditorio del CCCB [&hellip;]\" \/>\n<meta property=\"og:url\" content=\"https:\/\/teslafm.net\/en\/los-archivos-phonos-3\/\" \/>\n<meta property=\"article:publisher\" content=\"https:\/\/www.facebook.com\/teslafm.net\" \/>\n<meta property=\"article:modified_time\" content=\"2021-03-09T20:21:06+00:00\" \/>\n<meta property=\"og:image\" content=\"https:\/\/teslafm.net\/wp-content\/uploads\/2020\/07\/WhatsApp-Image-2020-07-10-at-18.35.08.jpeg\" \/>\n<meta name=\"twitter:card\" content=\"summary_large_image\" \/>\n<meta name=\"twitter:site\" content=\"@teslafm\" \/>\n<meta name=\"twitter:label1\" content=\"Est. reading time\" \/>\n\t<meta name=\"twitter:data1\" content=\"1 minute\" \/>\n<script type=\"application\/ld+json\" class=\"yoast-schema-graph\">{\"@context\":\"https:\/\/schema.org\",\"@graph\":[{\"@type\":\"WebPage\",\"@id\":\"https:\/\/teslafm.net\/los-archivos-phonos-3\/\",\"url\":\"https:\/\/teslafm.net\/los-archivos-phonos-3\/\",\"name\":\"Los Archivos Phonos #3 -\",\"isPartOf\":{\"@id\":\"https:\/\/teslafm.net\/#website\"},\"primaryImageOfPage\":{\"@id\":\"https:\/\/teslafm.net\/los-archivos-phonos-3\/#primaryimage\"},\"image\":{\"@id\":\"https:\/\/teslafm.net\/los-archivos-phonos-3\/#primaryimage\"},\"thumbnailUrl\":\"https:\/\/teslafm.net\/wp-content\/uploads\/2020\/07\/WhatsApp-Image-2020-07-10-at-18.35.08.jpeg\",\"datePublished\":\"2020-07-14T16:25:10+00:00\",\"dateModified\":\"2021-03-09T20:21:06+00:00\",\"breadcrumb\":{\"@id\":\"https:\/\/teslafm.net\/los-archivos-phonos-3\/#breadcrumb\"},\"inLanguage\":\"en-US\",\"potentialAction\":[{\"@type\":\"ReadAction\",\"target\":[\"https:\/\/teslafm.net\/los-archivos-phonos-3\/\"]}]},{\"@type\":\"ImageObject\",\"inLanguage\":\"en-US\",\"@id\":\"https:\/\/teslafm.net\/los-archivos-phonos-3\/#primaryimage\",\"url\":\"https:\/\/teslafm.net\/wp-content\/uploads\/2020\/07\/WhatsApp-Image-2020-07-10-at-18.35.08.jpeg\",\"contentUrl\":\"https:\/\/teslafm.net\/wp-content\/uploads\/2020\/07\/WhatsApp-Image-2020-07-10-at-18.35.08.jpeg\"},{\"@type\":\"BreadcrumbList\",\"@id\":\"https:\/\/teslafm.net\/los-archivos-phonos-3\/#breadcrumb\",\"itemListElement\":[{\"@type\":\"ListItem\",\"position\":1,\"name\":\"Portada\",\"item\":\"https:\/\/teslafm.net\/\"},{\"@type\":\"ListItem\",\"position\":2,\"name\":\"Los Archivos Phonos #3\"}]},{\"@type\":\"WebSite\",\"@id\":\"https:\/\/teslafm.net\/#website\",\"url\":\"https:\/\/teslafm.net\/\",\"name\":\"TeslaFM\",\"description\":\"An experimental and creative radio\",\"publisher\":{\"@id\":\"https:\/\/teslafm.net\/#organization\"},\"potentialAction\":[{\"@type\":\"SearchAction\",\"target\":{\"@type\":\"EntryPoint\",\"urlTemplate\":\"https:\/\/teslafm.net\/?s={search_term_string}\"},\"query-input\":{\"@type\":\"PropertyValueSpecification\",\"valueRequired\":true,\"valueName\":\"search_term_string\"}}],\"inLanguage\":\"en-US\"},{\"@type\":\"Organization\",\"@id\":\"https:\/\/teslafm.net\/#organization\",\"name\":\"TeslaFM\",\"url\":\"https:\/\/teslafm.net\/\",\"logo\":{\"@type\":\"ImageObject\",\"inLanguage\":\"en-US\",\"@id\":\"https:\/\/teslafm.net\/#\/schema\/logo\/image\/\",\"url\":\"https:\/\/teslafm.net\/wp-content\/uploads\/2020\/06\/logo-tesla.png\",\"contentUrl\":\"https:\/\/teslafm.net\/wp-content\/uploads\/2020\/06\/logo-tesla.png\",\"width\":512,\"height\":512,\"caption\":\"TeslaFM\"},\"image\":{\"@id\":\"https:\/\/teslafm.net\/#\/schema\/logo\/image\/\"},\"sameAs\":[\"https:\/\/www.facebook.com\/teslafm.net\",\"https:\/\/x.com\/teslafm\"]}]}<\/script>\n<!-- \/ Yoast SEO plugin. -->","yoast_head_json":{"title":"Los Archivos Phonos #3 -","robots":{"index":"index","follow":"follow","max-snippet":"max-snippet:-1","max-image-preview":"max-image-preview:large","max-video-preview":"max-video-preview:-1"},"canonical":"https:\/\/teslafm.net\/en\/los-archivos-phonos-3\/","og_locale":"en_US","og_type":"article","og_title":"Los Archivos Phonos #3 -","og_description":"Los Archivos Phonos #3 Julio 2020 00:00 Introducci\u00f3n 04:55 L\u2019Esquizofrenia dels Sons de Eduard Resina 16:17 La Toler\u00e0ncia de Oriol Graus 30:38 Monedas de Hierro de Mart\u00edn Matal\u00f3n En esta entrega volvemos al concierto Phonos en colaboraci\u00f3n el Grupo Instrumental Barcelona 216, que abr\u00eda la programaci\u00f3n del primer festival S\u00f3nar en el Auditorio del CCCB [&hellip;]","og_url":"https:\/\/teslafm.net\/en\/los-archivos-phonos-3\/","article_publisher":"https:\/\/www.facebook.com\/teslafm.net","article_modified_time":"2021-03-09T20:21:06+00:00","og_image":[{"url":"https:\/\/teslafm.net\/wp-content\/uploads\/2020\/07\/WhatsApp-Image-2020-07-10-at-18.35.08.jpeg","type":"","width":"","height":""}],"twitter_card":"summary_large_image","twitter_site":"@teslafm","twitter_misc":{"Est. reading time":"1 minute"},"schema":{"@context":"https:\/\/schema.org","@graph":[{"@type":"WebPage","@id":"https:\/\/teslafm.net\/los-archivos-phonos-3\/","url":"https:\/\/teslafm.net\/los-archivos-phonos-3\/","name":"Los Archivos Phonos #3 -","isPartOf":{"@id":"https:\/\/teslafm.net\/#website"},"primaryImageOfPage":{"@id":"https:\/\/teslafm.net\/los-archivos-phonos-3\/#primaryimage"},"image":{"@id":"https:\/\/teslafm.net\/los-archivos-phonos-3\/#primaryimage"},"thumbnailUrl":"https:\/\/teslafm.net\/wp-content\/uploads\/2020\/07\/WhatsApp-Image-2020-07-10-at-18.35.08.jpeg","datePublished":"2020-07-14T16:25:10+00:00","dateModified":"2021-03-09T20:21:06+00:00","breadcrumb":{"@id":"https:\/\/teslafm.net\/los-archivos-phonos-3\/#breadcrumb"},"inLanguage":"en-US","potentialAction":[{"@type":"ReadAction","target":["https:\/\/teslafm.net\/los-archivos-phonos-3\/"]}]},{"@type":"ImageObject","inLanguage":"en-US","@id":"https:\/\/teslafm.net\/los-archivos-phonos-3\/#primaryimage","url":"https:\/\/teslafm.net\/wp-content\/uploads\/2020\/07\/WhatsApp-Image-2020-07-10-at-18.35.08.jpeg","contentUrl":"https:\/\/teslafm.net\/wp-content\/uploads\/2020\/07\/WhatsApp-Image-2020-07-10-at-18.35.08.jpeg"},{"@type":"BreadcrumbList","@id":"https:\/\/teslafm.net\/los-archivos-phonos-3\/#breadcrumb","itemListElement":[{"@type":"ListItem","position":1,"name":"Portada","item":"https:\/\/teslafm.net\/"},{"@type":"ListItem","position":2,"name":"Los Archivos Phonos #3"}]},{"@type":"WebSite","@id":"https:\/\/teslafm.net\/#website","url":"https:\/\/teslafm.net\/","name":"TeslaFM","description":"An experimental and creative radio","publisher":{"@id":"https:\/\/teslafm.net\/#organization"},"potentialAction":[{"@type":"SearchAction","target":{"@type":"EntryPoint","urlTemplate":"https:\/\/teslafm.net\/?s={search_term_string}"},"query-input":{"@type":"PropertyValueSpecification","valueRequired":true,"valueName":"search_term_string"}}],"inLanguage":"en-US"},{"@type":"Organization","@id":"https:\/\/teslafm.net\/#organization","name":"TeslaFM","url":"https:\/\/teslafm.net\/","logo":{"@type":"ImageObject","inLanguage":"en-US","@id":"https:\/\/teslafm.net\/#\/schema\/logo\/image\/","url":"https:\/\/teslafm.net\/wp-content\/uploads\/2020\/06\/logo-tesla.png","contentUrl":"https:\/\/teslafm.net\/wp-content\/uploads\/2020\/06\/logo-tesla.png","width":512,"height":512,"caption":"TeslaFM"},"image":{"@id":"https:\/\/teslafm.net\/#\/schema\/logo\/image\/"},"sameAs":["https:\/\/www.facebook.com\/teslafm.net","https:\/\/x.com\/teslafm"]}]}},"rttpg_featured_image_url":null,"rttpg_author":{"display_name":"Ishak","author_link":"https:\/\/teslafm.net\/en\/author\/cravan\/"},"rttpg_comment":0,"rttpg_category":null,"rttpg_excerpt":"Los Archivos Phonos #3 Julio 2020 00:00 Introducci\u00f3n 04:55 L\u2019Esquizofrenia dels Sons de Eduard Resina 16:17 La Toler\u00e0ncia de Oriol Graus 30:38 Monedas de Hierro de Mart\u00edn Matal\u00f3n En esta entrega volvemos al concierto Phonos en colaboraci\u00f3n el Grupo Instrumental Barcelona 216, que abr\u00eda la programaci\u00f3n del primer festival S\u00f3nar en el Auditorio del CCCB&hellip;","_links":{"self":[{"href":"https:\/\/teslafm.net\/en\/wp-json\/wp\/v2\/pages\/54489","targetHints":{"allow":["GET"]}}],"collection":[{"href":"https:\/\/teslafm.net\/en\/wp-json\/wp\/v2\/pages"}],"about":[{"href":"https:\/\/teslafm.net\/en\/wp-json\/wp\/v2\/types\/page"}],"author":[{"embeddable":true,"href":"https:\/\/teslafm.net\/en\/wp-json\/wp\/v2\/users\/19"}],"replies":[{"embeddable":true,"href":"https:\/\/teslafm.net\/en\/wp-json\/wp\/v2\/comments?post=54489"}],"version-history":[{"count":4,"href":"https:\/\/teslafm.net\/en\/wp-json\/wp\/v2\/pages\/54489\/revisions"}],"predecessor-version":[{"id":57304,"href":"https:\/\/teslafm.net\/en\/wp-json\/wp\/v2\/pages\/54489\/revisions\/57304"}],"wp:attachment":[{"href":"https:\/\/teslafm.net\/en\/wp-json\/wp\/v2\/media?parent=54489"}],"curies":[{"name":"wp","href":"https:\/\/api.w.org\/{rel}","templated":true}]}}