

{"id":54574,"date":"2020-08-04T12:38:01","date_gmt":"2020-08-04T10:38:01","guid":{"rendered":"https:\/\/teslafm.net\/?page_id=54574"},"modified":"2022-12-07T14:25:49","modified_gmt":"2022-12-07T13:25:49","slug":"luna-llena-10","status":"publish","type":"page","link":"https:\/\/teslafm.net\/en\/luna-llena-10\/","title":{"rendered":"Full Moon #10"},"content":{"rendered":"<h2><span style=\"color: #ffffff;\"><strong>Full Moon #10<\/strong><\/span><\/h2>\n<p><span style=\"color: #808080;\"><em>Science and Spirituality<\/em><\/span><\/p>\n<p><iframe src=\"https:\/\/www.mixcloud.com\/widget\/iframe\/?hide_cover=1&amp;feed=%2FTeslafm_net%2Fluna-llena-10-ciencia-y-espiritualidad%2F\" width=\"100%\" height=\"120\" frameborder=\"0\"><\/iframe><\/p>\n<p><img fetchpriority=\"high\" decoding=\"async\" src=\"https:\/\/teslafm.net\/wp-content\/uploads\/2020\/08\/geometriasagrada-58-728.jpg\" alt=\"\" width=\"729\" height=\"968\" \/><\/p>\n<p><span style=\"color: #808080;\">Readings: <strong>Ciara Mooom<\/strong><\/span><\/p>\n<p><span style=\"color: #808080;\">Val del Omar<\/span><br \/>\n<span style=\"color: #808080;\">Hildegard von Bingen<\/span><br \/>\n<span style=\"color: #808080;\">Pythagoras and Kepler<\/span><br \/>\n<span style=\"color: #808080;\">Mathematics and the Vedas<\/span><br \/>\n<span style=\"color: #808080;\">Music and mathematics<\/span><br \/>\n<span style=\"color: #808080;\">Connections between mathematics and kabbalah<\/span><\/p>\n<p><span style=\"color: #808080;\"><strong><b>BACKGROUND MUSIC<\/b><br \/>\n<\/strong><strong>Hildegard von Bingen<\/strong> \"<a style=\"color: #808080;\" href=\"https:\/\/www.youtube.com\/watch?time_continue=142&amp;v=Ei88J4lERbk&amp;feature=emb_title\" target=\"_blank\" rel=\"noopener noreferrer\">Canticles of ectasy<\/a>\"<\/span><\/p>\n<p><span style=\"color: #808080;\"><strong><b>MUSIC TRACKS AND SOUND FILES<\/b><br \/>\n<\/strong>01. <strong>Jos\u00e9 Val del Omar<\/strong>extract from <i>\"<\/i><a style=\"color: #808080;\" href=\"https:\/\/www.youtube.com\/watch?v=q-f2x7Ov5t4\" target=\"_blank\" rel=\"noopener noreferrer\"><i>Granada mirror water<\/i><\/a><i>\"<\/i> (1955)<\/span><br \/>\n<span style=\"color: #808080;\">02. <strong>Hildegard von Bingen<\/strong> \"<em>Psaume 50 Misere Mei Deus 1<\/em>from the album \"Antienne Studium Divinitatis<\/span><br \/>\n<span style=\"color: #808080;\">03. The sound of <a style=\"color: #808080;\" href=\"https:\/\/www.youtube.com\/watch?v=a2jMjmdWdII\" target=\"_blank\" rel=\"noopener noreferrer\">monochord<\/a> Pythagorean<\/span><br \/>\n<span style=\"color: #808080;\">04. <strong>Laurie Spiegel<\/strong> \"<em>Kepler's Harmony of the worlds<\/em>\" <\/span><br \/>\n<span style=\"color: #808080;\">05. Excerpts from the film \"<a style=\"color: #808080;\" href=\"https:\/\/www.youtube.com\/watch?v=jo18VIoR2xU\" target=\"_blank\" rel=\"noopener noreferrer\">Pi<\/a>\"(1998) by <strong>Darren Aronofsky<br \/>\n<\/strong>06. Excerpt from the talk by <strong>Mario Saban<\/strong>in the <strong>University of Alicante<\/strong> about his thesis \"<em>Infinity and language in Jewish kabbalah: a mathematical, linguistic and philosophical approach.<\/em>\" (2018)<\/span><\/p>\n<p><span style=\"color: #808080;\">Produced by <strong>Ea7_dmZ<\/strong> and <strong>Ishak Benavides.<\/strong><\/span><\/p>","protected":false},"excerpt":{"rendered":"<p>Luna Llena #10 Ciencia y Espiritualidad Lecturas: Ciara Mooom Val del Omar Hildegard von Bingen Pit\u00e1goras y Kepler Las matem\u00e1ticas y los vedas M\u00fasica y matem\u00e1ticas Conexiones entre las matem\u00e1ticas y la kabbalah M\u00daSICA DE FONDO Hildegard von Bingen \u201cCanticles of ectasy\u201d TEMAS MUSICALES Y ARCHIVOS SONOROS 01. Jos\u00e9 Val del Omar, extracto de \u201cAguaespejo [&hellip;]<\/p>\n","protected":false},"author":19,"featured_media":0,"parent":0,"menu_order":0,"comment_status":"closed","ping_status":"closed","template":"","meta":{"footnotes":""},"class_list":["post-54574","page","type-page","status-publish","hentry"],"yoast_head":"<!-- This site is optimized with the Yoast SEO plugin v27.4 - https:\/\/yoast.com\/product\/yoast-seo-wordpress\/ -->\n<title>Luna Llena #10 -<\/title>\n<meta name=\"robots\" content=\"index, follow, max-snippet:-1, max-image-preview:large, max-video-preview:-1\" \/>\n<link rel=\"canonical\" href=\"https:\/\/teslafm.net\/en\/luna-llena-10\/\" \/>\n<meta property=\"og:locale\" content=\"en_US\" \/>\n<meta property=\"og:type\" content=\"article\" \/>\n<meta property=\"og:title\" content=\"Luna Llena #10 -\" \/>\n<meta property=\"og:description\" content=\"Luna Llena #10 Ciencia y Espiritualidad Lecturas: Ciara Mooom Val del Omar Hildegard von Bingen Pit\u00e1goras y Kepler Las matem\u00e1ticas y los vedas M\u00fasica y matem\u00e1ticas Conexiones entre las matem\u00e1ticas y la kabbalah M\u00daSICA DE FONDO Hildegard von Bingen \u201cCanticles of ectasy\u201d TEMAS MUSICALES Y ARCHIVOS SONOROS 01. Jos\u00e9 Val del Omar, extracto de \u201cAguaespejo [&hellip;]\" \/>\n<meta property=\"og:url\" content=\"https:\/\/teslafm.net\/en\/luna-llena-10\/\" \/>\n<meta property=\"article:publisher\" content=\"https:\/\/www.facebook.com\/teslafm.net\" \/>\n<meta property=\"article:modified_time\" content=\"2022-12-07T13:25:49+00:00\" \/>\n<meta property=\"og:image\" content=\"https:\/\/teslafm.net\/wp-content\/uploads\/2020\/08\/geometriasagrada-58-728.jpg\" \/>\n<meta name=\"twitter:card\" content=\"summary_large_image\" \/>\n<meta name=\"twitter:site\" content=\"@teslafm\" \/>\n<meta name=\"twitter:label1\" content=\"Est. reading time\" \/>\n\t<meta name=\"twitter:data1\" content=\"1 minute\" \/>\n<script type=\"application\/ld+json\" class=\"yoast-schema-graph\">{\"@context\":\"https:\\\/\\\/schema.org\",\"@graph\":[{\"@type\":\"WebPage\",\"@id\":\"https:\\\/\\\/teslafm.net\\\/luna-llena-10\\\/\",\"url\":\"https:\\\/\\\/teslafm.net\\\/luna-llena-10\\\/\",\"name\":\"Luna Llena #10 -\",\"isPartOf\":{\"@id\":\"https:\\\/\\\/teslafm.net\\\/#website\"},\"primaryImageOfPage\":{\"@id\":\"https:\\\/\\\/teslafm.net\\\/luna-llena-10\\\/#primaryimage\"},\"image\":{\"@id\":\"https:\\\/\\\/teslafm.net\\\/luna-llena-10\\\/#primaryimage\"},\"thumbnailUrl\":\"https:\\\/\\\/teslafm.net\\\/wp-content\\\/uploads\\\/2020\\\/08\\\/geometriasagrada-58-728.jpg\",\"datePublished\":\"2020-08-04T10:38:01+00:00\",\"dateModified\":\"2022-12-07T13:25:49+00:00\",\"breadcrumb\":{\"@id\":\"https:\\\/\\\/teslafm.net\\\/luna-llena-10\\\/#breadcrumb\"},\"inLanguage\":\"en-US\",\"potentialAction\":[{\"@type\":\"ReadAction\",\"target\":[\"https:\\\/\\\/teslafm.net\\\/luna-llena-10\\\/\"]}]},{\"@type\":\"ImageObject\",\"inLanguage\":\"en-US\",\"@id\":\"https:\\\/\\\/teslafm.net\\\/luna-llena-10\\\/#primaryimage\",\"url\":\"https:\\\/\\\/teslafm.net\\\/wp-content\\\/uploads\\\/2020\\\/08\\\/geometriasagrada-58-728.jpg\",\"contentUrl\":\"https:\\\/\\\/teslafm.net\\\/wp-content\\\/uploads\\\/2020\\\/08\\\/geometriasagrada-58-728.jpg\"},{\"@type\":\"BreadcrumbList\",\"@id\":\"https:\\\/\\\/teslafm.net\\\/luna-llena-10\\\/#breadcrumb\",\"itemListElement\":[{\"@type\":\"ListItem\",\"position\":1,\"name\":\"Portada\",\"item\":\"https:\\\/\\\/teslafm.net\\\/\"},{\"@type\":\"ListItem\",\"position\":2,\"name\":\"Luna Llena #10\"}]},{\"@type\":\"WebSite\",\"@id\":\"https:\\\/\\\/teslafm.net\\\/#website\",\"url\":\"https:\\\/\\\/teslafm.net\\\/\",\"name\":\"TeslaFM\",\"description\":\"An experimental and creative radio\",\"publisher\":{\"@id\":\"https:\\\/\\\/teslafm.net\\\/#organization\"},\"potentialAction\":[{\"@type\":\"SearchAction\",\"target\":{\"@type\":\"EntryPoint\",\"urlTemplate\":\"https:\\\/\\\/teslafm.net\\\/?s={search_term_string}\"},\"query-input\":{\"@type\":\"PropertyValueSpecification\",\"valueRequired\":true,\"valueName\":\"search_term_string\"}}],\"inLanguage\":\"en-US\"},{\"@type\":\"Organization\",\"@id\":\"https:\\\/\\\/teslafm.net\\\/#organization\",\"name\":\"TeslaFM\",\"url\":\"https:\\\/\\\/teslafm.net\\\/\",\"logo\":{\"@type\":\"ImageObject\",\"inLanguage\":\"en-US\",\"@id\":\"https:\\\/\\\/teslafm.net\\\/#\\\/schema\\\/logo\\\/image\\\/\",\"url\":\"https:\\\/\\\/teslafm.net\\\/wp-content\\\/uploads\\\/2020\\\/06\\\/logo-tesla.png\",\"contentUrl\":\"https:\\\/\\\/teslafm.net\\\/wp-content\\\/uploads\\\/2020\\\/06\\\/logo-tesla.png\",\"width\":512,\"height\":512,\"caption\":\"TeslaFM\"},\"image\":{\"@id\":\"https:\\\/\\\/teslafm.net\\\/#\\\/schema\\\/logo\\\/image\\\/\"},\"sameAs\":[\"https:\\\/\\\/www.facebook.com\\\/teslafm.net\",\"https:\\\/\\\/x.com\\\/teslafm\"]}]}<\/script>\n<!-- \/ Yoast SEO plugin. -->","yoast_head_json":{"title":"Full Moon #10 -","robots":{"index":"index","follow":"follow","max-snippet":"max-snippet:-1","max-image-preview":"max-image-preview:large","max-video-preview":"max-video-preview:-1"},"canonical":"https:\/\/teslafm.net\/en\/luna-llena-10\/","og_locale":"en_US","og_type":"article","og_title":"Luna Llena #10 -","og_description":"Luna Llena #10 Ciencia y Espiritualidad Lecturas: Ciara Mooom Val del Omar Hildegard von Bingen Pit\u00e1goras y Kepler Las matem\u00e1ticas y los vedas M\u00fasica y matem\u00e1ticas Conexiones entre las matem\u00e1ticas y la kabbalah M\u00daSICA DE FONDO Hildegard von Bingen \u201cCanticles of ectasy\u201d TEMAS MUSICALES Y ARCHIVOS SONOROS 01. Jos\u00e9 Val del Omar, extracto de \u201cAguaespejo [&hellip;]","og_url":"https:\/\/teslafm.net\/en\/luna-llena-10\/","article_publisher":"https:\/\/www.facebook.com\/teslafm.net","article_modified_time":"2022-12-07T13:25:49+00:00","og_image":[{"url":"https:\/\/teslafm.net\/wp-content\/uploads\/2020\/08\/geometriasagrada-58-728.jpg","type":"","width":"","height":""}],"twitter_card":"summary_large_image","twitter_site":"@teslafm","twitter_misc":{"Est. reading time":"1 minute"},"schema":{"@context":"https:\/\/schema.org","@graph":[{"@type":"WebPage","@id":"https:\/\/teslafm.net\/luna-llena-10\/","url":"https:\/\/teslafm.net\/luna-llena-10\/","name":"Full Moon #10 -","isPartOf":{"@id":"https:\/\/teslafm.net\/#website"},"primaryImageOfPage":{"@id":"https:\/\/teslafm.net\/luna-llena-10\/#primaryimage"},"image":{"@id":"https:\/\/teslafm.net\/luna-llena-10\/#primaryimage"},"thumbnailUrl":"https:\/\/teslafm.net\/wp-content\/uploads\/2020\/08\/geometriasagrada-58-728.jpg","datePublished":"2020-08-04T10:38:01+00:00","dateModified":"2022-12-07T13:25:49+00:00","breadcrumb":{"@id":"https:\/\/teslafm.net\/luna-llena-10\/#breadcrumb"},"inLanguage":"en-US","potentialAction":[{"@type":"ReadAction","target":["https:\/\/teslafm.net\/luna-llena-10\/"]}]},{"@type":"ImageObject","inLanguage":"en-US","@id":"https:\/\/teslafm.net\/luna-llena-10\/#primaryimage","url":"https:\/\/teslafm.net\/wp-content\/uploads\/2020\/08\/geometriasagrada-58-728.jpg","contentUrl":"https:\/\/teslafm.net\/wp-content\/uploads\/2020\/08\/geometriasagrada-58-728.jpg"},{"@type":"BreadcrumbList","@id":"https:\/\/teslafm.net\/luna-llena-10\/#breadcrumb","itemListElement":[{"@type":"ListItem","position":1,"name":"Portada","item":"https:\/\/teslafm.net\/"},{"@type":"ListItem","position":2,"name":"Luna Llena #10"}]},{"@type":"WebSite","@id":"https:\/\/teslafm.net\/#website","url":"https:\/\/teslafm.net\/","name":"TeslaFM","description":"An experimental and creative radio","publisher":{"@id":"https:\/\/teslafm.net\/#organization"},"potentialAction":[{"@type":"SearchAction","target":{"@type":"EntryPoint","urlTemplate":"https:\/\/teslafm.net\/?s={search_term_string}"},"query-input":{"@type":"PropertyValueSpecification","valueRequired":true,"valueName":"search_term_string"}}],"inLanguage":"en-US"},{"@type":"Organization","@id":"https:\/\/teslafm.net\/#organization","name":"TeslaFM","url":"https:\/\/teslafm.net\/","logo":{"@type":"ImageObject","inLanguage":"en-US","@id":"https:\/\/teslafm.net\/#\/schema\/logo\/image\/","url":"https:\/\/teslafm.net\/wp-content\/uploads\/2020\/06\/logo-tesla.png","contentUrl":"https:\/\/teslafm.net\/wp-content\/uploads\/2020\/06\/logo-tesla.png","width":512,"height":512,"caption":"TeslaFM"},"image":{"@id":"https:\/\/teslafm.net\/#\/schema\/logo\/image\/"},"sameAs":["https:\/\/www.facebook.com\/teslafm.net","https:\/\/x.com\/teslafm"]}]}},"rttpg_featured_image_url":null,"rttpg_author":{"display_name":"Ishak","author_link":"https:\/\/teslafm.net\/en\/author\/cravan\/"},"rttpg_comment":0,"rttpg_category":null,"rttpg_excerpt":"Luna Llena #10 Ciencia y Espiritualidad Lecturas: Ciara Mooom Val del Omar Hildegard von Bingen Pit\u00e1goras y Kepler Las matem\u00e1ticas y los vedas M\u00fasica y matem\u00e1ticas Conexiones entre las matem\u00e1ticas y la kabbalah M\u00daSICA DE FONDO Hildegard von Bingen \u201cCanticles of ectasy\u201d TEMAS MUSICALES Y ARCHIVOS SONOROS 01. Jos\u00e9 Val del Omar, extracto de \u201cAguaespejo&hellip;","_links":{"self":[{"href":"https:\/\/teslafm.net\/en\/wp-json\/wp\/v2\/pages\/54574","targetHints":{"allow":["GET"]}}],"collection":[{"href":"https:\/\/teslafm.net\/en\/wp-json\/wp\/v2\/pages"}],"about":[{"href":"https:\/\/teslafm.net\/en\/wp-json\/wp\/v2\/types\/page"}],"author":[{"embeddable":true,"href":"https:\/\/teslafm.net\/en\/wp-json\/wp\/v2\/users\/19"}],"replies":[{"embeddable":true,"href":"https:\/\/teslafm.net\/en\/wp-json\/wp\/v2\/comments?post=54574"}],"version-history":[{"count":8,"href":"https:\/\/teslafm.net\/en\/wp-json\/wp\/v2\/pages\/54574\/revisions"}],"predecessor-version":[{"id":60992,"href":"https:\/\/teslafm.net\/en\/wp-json\/wp\/v2\/pages\/54574\/revisions\/60992"}],"wp:attachment":[{"href":"https:\/\/teslafm.net\/en\/wp-json\/wp\/v2\/media?parent=54574"}],"curies":[{"name":"wp","href":"https:\/\/api.w.org\/{rel}","templated":true}]}}