

{"id":54659,"date":"2020-09-05T13:06:22","date_gmt":"2020-09-05T11:06:22","guid":{"rendered":"https:\/\/teslafm.net\/?page_id=54659"},"modified":"2021-03-06T18:42:17","modified_gmt":"2021-03-06T17:42:17","slug":"fmerides-4","status":"publish","type":"page","link":"https:\/\/teslafm.net\/en\/fmerides-4\/","title":{"rendered":"#4"},"content":{"rendered":"<h2><span style=\"color: #ffffff;\"><strong>#4<\/strong><\/span><\/h2>\n<p><span style=\"color: #808080;\"><em>Morton Feldman, September 3, 2020<\/em><\/span><\/p>\n<p><iframe src=\"https:\/\/www.mixcloud.com\/widget\/iframe\/?hide_cover=1&amp;feed=%2FTeslafm_net%2Ffm%C3%A9rides-4-david-puente%2F\" width=\"100%\" height=\"120\" frameborder=\"0\"><\/iframe><\/p>\n<p><span style=\"color: #808080;\"><strong>Morton Feldman<\/strong> follower of his friend's postulates <strong>John Cage<\/strong> and very influenced by abstract expressionism. His main obsession was to compose pieces that were as anonymous as possible, that is to say, devoid of his personality, that did not manifest an intellectual work of the composer. His music has also been described as minimalist, in a way a mirror of Zen philosophy, which is to say that it requires an iron patience to be appreciated. He left us on September 3, 1987.<\/span><\/p>\n<p><span style=\"color: #808080;\">01. <strong>Morton Feldman<\/strong> - Madame Press Died Last Week at Ninety<\/span><br \/>\n<span style=\"color: #808080;\">02. <strong>Morton Feldman<\/strong> - Snow Falls<\/span><br \/>\n<span style=\"color: #808080;\">03. <strong>Fred Frith<\/strong> - Part II (Homage to Morton Feldman)<\/span><br \/>\n<span style=\"color: #808080;\">04. <strong>Murcof x Wagner<\/strong> - Piano Piece 1952 \/ Version 2 (Morton Feldman)<\/span><br \/>\n<span style=\"color: #808080;\">05. <strong>Morton Feldman<\/strong> - Triadic Memories (included in DJ Spooky That Subliminal Kid - Rhythm Science: Excerpts And Allegories From The Sub Rosa Archives)<\/span><br \/>\n<span style=\"color: #808080;\">06. <strong>Morton Feldman<\/strong>, <strong>CrossingLines<\/strong> - Bass Clarinet and Percussion<\/span><br \/>\n<span style=\"color: #808080;\">07. <strong>Morton Feldman<\/strong> - For Samuel Beckett<\/span><\/p>","protected":false},"excerpt":{"rendered":"<p>FM\u00e9rides #4 Morton Feldman, 3 de Septiembre de 2020 Morton Feldman seguidor de los postulados de su amigo John Cage y muy influenciado por expresionismo abstracto. Su principal obsesi\u00f3n era componer piezas que fueran lo m\u00e1s an\u00f3nimas posible, es decir, desprovistas de su personalidad, que no manifestaran un trabajo intelectual del compositor. Su m\u00fasica tambi\u00e9n [&hellip;]<\/p>\n","protected":false},"author":19,"featured_media":0,"parent":0,"menu_order":0,"comment_status":"closed","ping_status":"closed","template":"","meta":{"footnotes":""},"class_list":["post-54659","page","type-page","status-publish","hentry"],"yoast_head":"<!-- This site is optimized with the Yoast SEO plugin v27.4 - https:\/\/yoast.com\/product\/yoast-seo-wordpress\/ -->\n<title>FM\u00e9rides #4 -<\/title>\n<meta name=\"robots\" content=\"index, follow, max-snippet:-1, max-image-preview:large, max-video-preview:-1\" \/>\n<link rel=\"canonical\" href=\"https:\/\/teslafm.net\/en\/fmerides-4\/\" \/>\n<meta property=\"og:locale\" content=\"en_US\" \/>\n<meta property=\"og:type\" content=\"article\" \/>\n<meta property=\"og:title\" content=\"FM\u00e9rides #4 -\" \/>\n<meta property=\"og:description\" content=\"FM\u00e9rides #4 Morton Feldman, 3 de Septiembre de 2020 Morton Feldman seguidor de los postulados de su amigo John Cage y muy influenciado por expresionismo abstracto. Su principal obsesi\u00f3n era componer piezas que fueran lo m\u00e1s an\u00f3nimas posible, es decir, desprovistas de su personalidad, que no manifestaran un trabajo intelectual del compositor. Su m\u00fasica tambi\u00e9n [&hellip;]\" \/>\n<meta property=\"og:url\" content=\"https:\/\/teslafm.net\/en\/fmerides-4\/\" \/>\n<meta property=\"article:publisher\" content=\"https:\/\/www.facebook.com\/teslafm.net\" \/>\n<meta property=\"article:modified_time\" content=\"2021-03-06T17:42:17+00:00\" \/>\n<meta property=\"og:image\" content=\"https:\/\/teslafm.net\/wp-content\/uploads\/2022\/09\/header-image-4-temp.png\" \/>\n\t<meta property=\"og:image:width\" content=\"1274\" \/>\n\t<meta property=\"og:image:height\" content=\"818\" \/>\n\t<meta property=\"og:image:type\" content=\"image\/png\" \/>\n<meta name=\"twitter:card\" content=\"summary_large_image\" \/>\n<meta name=\"twitter:site\" content=\"@teslafm\" \/>\n<meta name=\"twitter:label1\" content=\"Est. reading time\" \/>\n\t<meta name=\"twitter:data1\" content=\"1 minute\" \/>\n<script type=\"application\/ld+json\" class=\"yoast-schema-graph\">{\"@context\":\"https:\\\/\\\/schema.org\",\"@graph\":[{\"@type\":\"WebPage\",\"@id\":\"https:\\\/\\\/teslafm.net\\\/fmerides-4\\\/\",\"url\":\"https:\\\/\\\/teslafm.net\\\/fmerides-4\\\/\",\"name\":\"FM\u00e9rides #4 -\",\"isPartOf\":{\"@id\":\"https:\\\/\\\/teslafm.net\\\/#website\"},\"datePublished\":\"2020-09-05T11:06:22+00:00\",\"dateModified\":\"2021-03-06T17:42:17+00:00\",\"breadcrumb\":{\"@id\":\"https:\\\/\\\/teslafm.net\\\/fmerides-4\\\/#breadcrumb\"},\"inLanguage\":\"en-US\",\"potentialAction\":[{\"@type\":\"ReadAction\",\"target\":[\"https:\\\/\\\/teslafm.net\\\/fmerides-4\\\/\"]}]},{\"@type\":\"BreadcrumbList\",\"@id\":\"https:\\\/\\\/teslafm.net\\\/fmerides-4\\\/#breadcrumb\",\"itemListElement\":[{\"@type\":\"ListItem\",\"position\":1,\"name\":\"Portada\",\"item\":\"https:\\\/\\\/teslafm.net\\\/\"},{\"@type\":\"ListItem\",\"position\":2,\"name\":\"FM\u00e9rides #4\"}]},{\"@type\":\"WebSite\",\"@id\":\"https:\\\/\\\/teslafm.net\\\/#website\",\"url\":\"https:\\\/\\\/teslafm.net\\\/\",\"name\":\"TeslaFM\",\"description\":\"An experimental and creative radio\",\"publisher\":{\"@id\":\"https:\\\/\\\/teslafm.net\\\/#organization\"},\"potentialAction\":[{\"@type\":\"SearchAction\",\"target\":{\"@type\":\"EntryPoint\",\"urlTemplate\":\"https:\\\/\\\/teslafm.net\\\/?s={search_term_string}\"},\"query-input\":{\"@type\":\"PropertyValueSpecification\",\"valueRequired\":true,\"valueName\":\"search_term_string\"}}],\"inLanguage\":\"en-US\"},{\"@type\":\"Organization\",\"@id\":\"https:\\\/\\\/teslafm.net\\\/#organization\",\"name\":\"TeslaFM\",\"url\":\"https:\\\/\\\/teslafm.net\\\/\",\"logo\":{\"@type\":\"ImageObject\",\"inLanguage\":\"en-US\",\"@id\":\"https:\\\/\\\/teslafm.net\\\/#\\\/schema\\\/logo\\\/image\\\/\",\"url\":\"https:\\\/\\\/teslafm.net\\\/wp-content\\\/uploads\\\/2020\\\/06\\\/logo-tesla.png\",\"contentUrl\":\"https:\\\/\\\/teslafm.net\\\/wp-content\\\/uploads\\\/2020\\\/06\\\/logo-tesla.png\",\"width\":512,\"height\":512,\"caption\":\"TeslaFM\"},\"image\":{\"@id\":\"https:\\\/\\\/teslafm.net\\\/#\\\/schema\\\/logo\\\/image\\\/\"},\"sameAs\":[\"https:\\\/\\\/www.facebook.com\\\/teslafm.net\",\"https:\\\/\\\/x.com\\\/teslafm\"]}]}<\/script>\n<!-- \/ Yoast SEO plugin. -->","yoast_head_json":{"title":"#4 - Ferroid #4 -","robots":{"index":"index","follow":"follow","max-snippet":"max-snippet:-1","max-image-preview":"max-image-preview:large","max-video-preview":"max-video-preview:-1"},"canonical":"https:\/\/teslafm.net\/en\/fmerides-4\/","og_locale":"en_US","og_type":"article","og_title":"FM\u00e9rides #4 -","og_description":"FM\u00e9rides #4 Morton Feldman, 3 de Septiembre de 2020 Morton Feldman seguidor de los postulados de su amigo John Cage y muy influenciado por expresionismo abstracto. Su principal obsesi\u00f3n era componer piezas que fueran lo m\u00e1s an\u00f3nimas posible, es decir, desprovistas de su personalidad, que no manifestaran un trabajo intelectual del compositor. Su m\u00fasica tambi\u00e9n [&hellip;]","og_url":"https:\/\/teslafm.net\/en\/fmerides-4\/","article_publisher":"https:\/\/www.facebook.com\/teslafm.net","article_modified_time":"2021-03-06T17:42:17+00:00","og_image":[{"width":1274,"height":818,"url":"https:\/\/teslafm.net\/wp-content\/uploads\/2022\/09\/header-image-4-temp.png","type":"image\/png"}],"twitter_card":"summary_large_image","twitter_site":"@teslafm","twitter_misc":{"Est. reading time":"1 minute"},"schema":{"@context":"https:\/\/schema.org","@graph":[{"@type":"WebPage","@id":"https:\/\/teslafm.net\/fmerides-4\/","url":"https:\/\/teslafm.net\/fmerides-4\/","name":"#4 - Ferroid #4 -","isPartOf":{"@id":"https:\/\/teslafm.net\/#website"},"datePublished":"2020-09-05T11:06:22+00:00","dateModified":"2021-03-06T17:42:17+00:00","breadcrumb":{"@id":"https:\/\/teslafm.net\/fmerides-4\/#breadcrumb"},"inLanguage":"en-US","potentialAction":[{"@type":"ReadAction","target":["https:\/\/teslafm.net\/fmerides-4\/"]}]},{"@type":"BreadcrumbList","@id":"https:\/\/teslafm.net\/fmerides-4\/#breadcrumb","itemListElement":[{"@type":"ListItem","position":1,"name":"Portada","item":"https:\/\/teslafm.net\/"},{"@type":"ListItem","position":2,"name":"FM\u00e9rides #4"}]},{"@type":"WebSite","@id":"https:\/\/teslafm.net\/#website","url":"https:\/\/teslafm.net\/","name":"TeslaFM","description":"An experimental and creative radio","publisher":{"@id":"https:\/\/teslafm.net\/#organization"},"potentialAction":[{"@type":"SearchAction","target":{"@type":"EntryPoint","urlTemplate":"https:\/\/teslafm.net\/?s={search_term_string}"},"query-input":{"@type":"PropertyValueSpecification","valueRequired":true,"valueName":"search_term_string"}}],"inLanguage":"en-US"},{"@type":"Organization","@id":"https:\/\/teslafm.net\/#organization","name":"TeslaFM","url":"https:\/\/teslafm.net\/","logo":{"@type":"ImageObject","inLanguage":"en-US","@id":"https:\/\/teslafm.net\/#\/schema\/logo\/image\/","url":"https:\/\/teslafm.net\/wp-content\/uploads\/2020\/06\/logo-tesla.png","contentUrl":"https:\/\/teslafm.net\/wp-content\/uploads\/2020\/06\/logo-tesla.png","width":512,"height":512,"caption":"TeslaFM"},"image":{"@id":"https:\/\/teslafm.net\/#\/schema\/logo\/image\/"},"sameAs":["https:\/\/www.facebook.com\/teslafm.net","https:\/\/x.com\/teslafm"]}]}},"rttpg_featured_image_url":null,"rttpg_author":{"display_name":"Ishak","author_link":"https:\/\/teslafm.net\/en\/author\/cravan\/"},"rttpg_comment":0,"rttpg_category":null,"rttpg_excerpt":"FM\u00e9rides #4 Morton Feldman, 3 de Septiembre de 2020 Morton Feldman seguidor de los postulados de su amigo John Cage y muy influenciado por expresionismo abstracto. Su principal obsesi\u00f3n era componer piezas que fueran lo m\u00e1s an\u00f3nimas posible, es decir, desprovistas de su personalidad, que no manifestaran un trabajo intelectual del compositor. Su m\u00fasica tambi\u00e9n&hellip;","_links":{"self":[{"href":"https:\/\/teslafm.net\/en\/wp-json\/wp\/v2\/pages\/54659","targetHints":{"allow":["GET"]}}],"collection":[{"href":"https:\/\/teslafm.net\/en\/wp-json\/wp\/v2\/pages"}],"about":[{"href":"https:\/\/teslafm.net\/en\/wp-json\/wp\/v2\/types\/page"}],"author":[{"embeddable":true,"href":"https:\/\/teslafm.net\/en\/wp-json\/wp\/v2\/users\/19"}],"replies":[{"embeddable":true,"href":"https:\/\/teslafm.net\/en\/wp-json\/wp\/v2\/comments?post=54659"}],"version-history":[{"count":5,"href":"https:\/\/teslafm.net\/en\/wp-json\/wp\/v2\/pages\/54659\/revisions"}],"predecessor-version":[{"id":57248,"href":"https:\/\/teslafm.net\/en\/wp-json\/wp\/v2\/pages\/54659\/revisions\/57248"}],"wp:attachment":[{"href":"https:\/\/teslafm.net\/en\/wp-json\/wp\/v2\/media?parent=54659"}],"curies":[{"name":"wp","href":"https:\/\/api.w.org\/{rel}","templated":true}]}}