

{"id":54690,"date":"2020-09-09T18:39:44","date_gmt":"2020-09-09T16:39:44","guid":{"rendered":"https:\/\/teslafm.net\/?page_id=54690"},"modified":"2021-03-06T16:29:12","modified_gmt":"2021-03-06T15:29:12","slug":"digital-entropy-2","status":"publish","type":"page","link":"https:\/\/teslafm.net\/en\/digital-entropy-2\/","title":{"rendered":"Digital Entropy #2"},"content":{"rendered":"<h2><span style=\"color: #ffffff;\"><strong>Digital Entropy #2<\/strong><\/span><\/h2>\n<p><span style=\"color: #808080;\"><em>Different Waves of Sound Art<\/em><\/span><\/p>\n<p><iframe src=\"https:\/\/www.mixcloud.com\/widget\/iframe\/?hide_cover=1&amp;feed=%2FTeslafm_net%2Fdigital-entropy-2-nikka%2F\" width=\"100%\" height=\"120\" frameborder=\"0\"><\/iframe><\/p>\n<p><span style=\"color: #808080;\">01. <b>Edu Comelles<\/b> - Constallation\" Sound Installation<\/span><br \/>\n<span style=\"color: #808080;\">02. <b>Marcel Duchamp<\/b>\u00a0- \u00c0 bruti secret &amp; The creative Act - 1957 - Sound Art<\/span><br \/>\n<span style=\"color: #808080;\">03. <b>Francisco L\u00f3pez<\/b> - Untitled #274 (Excerpt) - Poetry and Soundscape<\/span><br \/>\n<span style=\"color: #808080;\">04. <b>Juanjo Palacios -<\/b>\u00a0Thawing in Riolapiedra - Soundscape<\/span><br \/>\n<span style=\"color: #808080;\">05. <b>Murray Schafer<\/b> - The World is Full of Sounds &amp; Entrance To the Harbour<\/span><br \/>\n<span style=\"color: #808080;\">06. <b>Harry Bertoia<\/b> - Sounding Sculpture (Aon Center, Chicago) - Sound Sculpture<\/span><br \/>\n<span style=\"color: #808080;\">07. <b>Christina Kubish<\/b> - Cloud - Sound Installation<\/span><br \/>\n<span style=\"color: #808080;\">08. <b>Tristan Perich<\/b> - Surface Image (Excerpt 2; Vicky Chow, piano) - Sound installation<\/span><br \/>\n<span style=\"color: #808080;\">09. <b>Accoustic Mirror<\/b> - 15M - Activism &amp; Soundscape<\/span><br \/>\n<span style=\"color: #808080;\">10. <b>Harry Bertoia<\/b> - Clear Sounds - Sound Sculpture<\/span><br \/>\n<span style=\"color: #808080;\">11. <b>Hildegard Westerkamp<\/b> - Beneath the Forest Floor - Sound Ecology<\/span><br \/>\n<span style=\"color: #808080;\">12. <b>Barry Truax<\/b> - East Wind \"Excerpt\" - Soundscape<\/span><br \/>\n<span style=\"color: #808080;\">13. <b>John Cage<\/b> - Sonata V - Sound Artist<\/span><br \/>\n<span style=\"color: #808080;\">14. <b>Alvin Lucier<\/b> - Midi Karaoke #1 - Sound System<\/span><br \/>\n<span style=\"color: #808080;\">15. <b>Edgar Var\u00e8se<\/b> - Po\u00e8me Electronique - Sound Poetry<\/span><br \/>\n<span style=\"color: #808080;\">16. <b>Marcel Duchamp<\/b> - The creative Act (1957) - Sound Artist<\/span><\/p>","protected":false},"excerpt":{"rendered":"<p>Digital Entropy #2 Diferentes Ondas del Arte Sonoro 01. Edu Comelles &#8211; \u201cConstallation\u201d Instalaci\u00f3n Sonora 02. Marcel Duchamp\u00a0&#8211; \u00c0 bruti secret &amp; The creative Act &#8211; 1957 -Arte Sonoro 03. Francisco L\u00f3pez &#8211; Untitled #274 (Excerpt) &#8211; Poes\u00eda y Paisaje Sonoro 04. Juanjo Palacios &#8211;\u00a0Deshielo en Riolapiedra &#8211; Paisaje sonoro 05. Murray Schafer &#8211; The [&hellip;]<\/p>\n","protected":false},"author":19,"featured_media":0,"parent":0,"menu_order":0,"comment_status":"closed","ping_status":"closed","template":"","meta":{"footnotes":""},"class_list":["post-54690","page","type-page","status-publish","hentry"],"yoast_head":"<!-- This site is optimized with the Yoast SEO plugin v27.4 - https:\/\/yoast.com\/product\/yoast-seo-wordpress\/ -->\n<title>Digital Entropy #2 -<\/title>\n<meta name=\"robots\" content=\"index, follow, max-snippet:-1, max-image-preview:large, max-video-preview:-1\" \/>\n<link rel=\"canonical\" href=\"https:\/\/teslafm.net\/en\/digital-entropy-2\/\" \/>\n<meta property=\"og:locale\" content=\"en_US\" \/>\n<meta property=\"og:type\" content=\"article\" \/>\n<meta property=\"og:title\" content=\"Digital Entropy #2 -\" \/>\n<meta property=\"og:description\" content=\"Digital Entropy #2 Diferentes Ondas del Arte Sonoro 01. Edu Comelles &#8211; \u201cConstallation\u201d Instalaci\u00f3n Sonora 02. Marcel Duchamp\u00a0&#8211; \u00c0 bruti secret &amp; The creative Act &#8211; 1957 -Arte Sonoro 03. Francisco L\u00f3pez &#8211; Untitled #274 (Excerpt) &#8211; Poes\u00eda y Paisaje Sonoro 04. Juanjo Palacios &#8211;\u00a0Deshielo en Riolapiedra &#8211; Paisaje sonoro 05. Murray Schafer &#8211; The [&hellip;]\" \/>\n<meta property=\"og:url\" content=\"https:\/\/teslafm.net\/en\/digital-entropy-2\/\" \/>\n<meta property=\"article:publisher\" content=\"https:\/\/www.facebook.com\/teslafm.net\" \/>\n<meta property=\"article:modified_time\" content=\"2021-03-06T15:29:12+00:00\" \/>\n<meta property=\"og:image\" content=\"https:\/\/teslafm.net\/wp-content\/uploads\/2022\/09\/header-image-4-temp.png\" \/>\n\t<meta property=\"og:image:width\" content=\"1274\" \/>\n\t<meta property=\"og:image:height\" content=\"818\" \/>\n\t<meta property=\"og:image:type\" content=\"image\/png\" \/>\n<meta name=\"twitter:card\" content=\"summary_large_image\" \/>\n<meta name=\"twitter:site\" content=\"@teslafm\" \/>\n<meta name=\"twitter:label1\" content=\"Est. reading time\" \/>\n\t<meta name=\"twitter:data1\" content=\"1 minute\" \/>\n<script type=\"application\/ld+json\" class=\"yoast-schema-graph\">{\"@context\":\"https:\\\/\\\/schema.org\",\"@graph\":[{\"@type\":\"WebPage\",\"@id\":\"https:\\\/\\\/teslafm.net\\\/digital-entropy-2\\\/\",\"url\":\"https:\\\/\\\/teslafm.net\\\/digital-entropy-2\\\/\",\"name\":\"Digital Entropy #2 -\",\"isPartOf\":{\"@id\":\"https:\\\/\\\/teslafm.net\\\/#website\"},\"datePublished\":\"2020-09-09T16:39:44+00:00\",\"dateModified\":\"2021-03-06T15:29:12+00:00\",\"breadcrumb\":{\"@id\":\"https:\\\/\\\/teslafm.net\\\/digital-entropy-2\\\/#breadcrumb\"},\"inLanguage\":\"en-US\",\"potentialAction\":[{\"@type\":\"ReadAction\",\"target\":[\"https:\\\/\\\/teslafm.net\\\/digital-entropy-2\\\/\"]}]},{\"@type\":\"BreadcrumbList\",\"@id\":\"https:\\\/\\\/teslafm.net\\\/digital-entropy-2\\\/#breadcrumb\",\"itemListElement\":[{\"@type\":\"ListItem\",\"position\":1,\"name\":\"Portada\",\"item\":\"https:\\\/\\\/teslafm.net\\\/\"},{\"@type\":\"ListItem\",\"position\":2,\"name\":\"Digital Entropy #2\"}]},{\"@type\":\"WebSite\",\"@id\":\"https:\\\/\\\/teslafm.net\\\/#website\",\"url\":\"https:\\\/\\\/teslafm.net\\\/\",\"name\":\"TeslaFM\",\"description\":\"An experimental and creative radio\",\"publisher\":{\"@id\":\"https:\\\/\\\/teslafm.net\\\/#organization\"},\"potentialAction\":[{\"@type\":\"SearchAction\",\"target\":{\"@type\":\"EntryPoint\",\"urlTemplate\":\"https:\\\/\\\/teslafm.net\\\/?s={search_term_string}\"},\"query-input\":{\"@type\":\"PropertyValueSpecification\",\"valueRequired\":true,\"valueName\":\"search_term_string\"}}],\"inLanguage\":\"en-US\"},{\"@type\":\"Organization\",\"@id\":\"https:\\\/\\\/teslafm.net\\\/#organization\",\"name\":\"TeslaFM\",\"url\":\"https:\\\/\\\/teslafm.net\\\/\",\"logo\":{\"@type\":\"ImageObject\",\"inLanguage\":\"en-US\",\"@id\":\"https:\\\/\\\/teslafm.net\\\/#\\\/schema\\\/logo\\\/image\\\/\",\"url\":\"https:\\\/\\\/teslafm.net\\\/wp-content\\\/uploads\\\/2020\\\/06\\\/logo-tesla.png\",\"contentUrl\":\"https:\\\/\\\/teslafm.net\\\/wp-content\\\/uploads\\\/2020\\\/06\\\/logo-tesla.png\",\"width\":512,\"height\":512,\"caption\":\"TeslaFM\"},\"image\":{\"@id\":\"https:\\\/\\\/teslafm.net\\\/#\\\/schema\\\/logo\\\/image\\\/\"},\"sameAs\":[\"https:\\\/\\\/www.facebook.com\\\/teslafm.net\",\"https:\\\/\\\/x.com\\\/teslafm\"]}]}<\/script>\n<!-- \/ Yoast SEO plugin. -->","yoast_head_json":{"title":"Digital Entropy #2 -","robots":{"index":"index","follow":"follow","max-snippet":"max-snippet:-1","max-image-preview":"max-image-preview:large","max-video-preview":"max-video-preview:-1"},"canonical":"https:\/\/teslafm.net\/en\/digital-entropy-2\/","og_locale":"en_US","og_type":"article","og_title":"Digital Entropy #2 -","og_description":"Digital Entropy #2 Diferentes Ondas del Arte Sonoro 01. Edu Comelles &#8211; \u201cConstallation\u201d Instalaci\u00f3n Sonora 02. Marcel Duchamp\u00a0&#8211; \u00c0 bruti secret &amp; The creative Act &#8211; 1957 -Arte Sonoro 03. Francisco L\u00f3pez &#8211; Untitled #274 (Excerpt) &#8211; Poes\u00eda y Paisaje Sonoro 04. Juanjo Palacios &#8211;\u00a0Deshielo en Riolapiedra &#8211; Paisaje sonoro 05. Murray Schafer &#8211; The [&hellip;]","og_url":"https:\/\/teslafm.net\/en\/digital-entropy-2\/","article_publisher":"https:\/\/www.facebook.com\/teslafm.net","article_modified_time":"2021-03-06T15:29:12+00:00","og_image":[{"width":1274,"height":818,"url":"https:\/\/teslafm.net\/wp-content\/uploads\/2022\/09\/header-image-4-temp.png","type":"image\/png"}],"twitter_card":"summary_large_image","twitter_site":"@teslafm","twitter_misc":{"Est. reading time":"1 minute"},"schema":{"@context":"https:\/\/schema.org","@graph":[{"@type":"WebPage","@id":"https:\/\/teslafm.net\/digital-entropy-2\/","url":"https:\/\/teslafm.net\/digital-entropy-2\/","name":"Digital Entropy #2 -","isPartOf":{"@id":"https:\/\/teslafm.net\/#website"},"datePublished":"2020-09-09T16:39:44+00:00","dateModified":"2021-03-06T15:29:12+00:00","breadcrumb":{"@id":"https:\/\/teslafm.net\/digital-entropy-2\/#breadcrumb"},"inLanguage":"en-US","potentialAction":[{"@type":"ReadAction","target":["https:\/\/teslafm.net\/digital-entropy-2\/"]}]},{"@type":"BreadcrumbList","@id":"https:\/\/teslafm.net\/digital-entropy-2\/#breadcrumb","itemListElement":[{"@type":"ListItem","position":1,"name":"Portada","item":"https:\/\/teslafm.net\/"},{"@type":"ListItem","position":2,"name":"Digital Entropy #2"}]},{"@type":"WebSite","@id":"https:\/\/teslafm.net\/#website","url":"https:\/\/teslafm.net\/","name":"TeslaFM","description":"An experimental and creative radio","publisher":{"@id":"https:\/\/teslafm.net\/#organization"},"potentialAction":[{"@type":"SearchAction","target":{"@type":"EntryPoint","urlTemplate":"https:\/\/teslafm.net\/?s={search_term_string}"},"query-input":{"@type":"PropertyValueSpecification","valueRequired":true,"valueName":"search_term_string"}}],"inLanguage":"en-US"},{"@type":"Organization","@id":"https:\/\/teslafm.net\/#organization","name":"TeslaFM","url":"https:\/\/teslafm.net\/","logo":{"@type":"ImageObject","inLanguage":"en-US","@id":"https:\/\/teslafm.net\/#\/schema\/logo\/image\/","url":"https:\/\/teslafm.net\/wp-content\/uploads\/2020\/06\/logo-tesla.png","contentUrl":"https:\/\/teslafm.net\/wp-content\/uploads\/2020\/06\/logo-tesla.png","width":512,"height":512,"caption":"TeslaFM"},"image":{"@id":"https:\/\/teslafm.net\/#\/schema\/logo\/image\/"},"sameAs":["https:\/\/www.facebook.com\/teslafm.net","https:\/\/x.com\/teslafm"]}]}},"rttpg_featured_image_url":null,"rttpg_author":{"display_name":"Ishak","author_link":"https:\/\/teslafm.net\/en\/author\/cravan\/"},"rttpg_comment":0,"rttpg_category":null,"rttpg_excerpt":"Digital Entropy #2 Diferentes Ondas del Arte Sonoro 01. Edu Comelles &#8211; \u201cConstallation\u201d Instalaci\u00f3n Sonora 02. Marcel Duchamp\u00a0&#8211; \u00c0 bruti secret &amp; The creative Act &#8211; 1957 -Arte Sonoro 03. Francisco L\u00f3pez &#8211; Untitled #274 (Excerpt) &#8211; Poes\u00eda y Paisaje Sonoro 04. Juanjo Palacios &#8211;\u00a0Deshielo en Riolapiedra &#8211; Paisaje sonoro 05. Murray Schafer &#8211; The&hellip;","_links":{"self":[{"href":"https:\/\/teslafm.net\/en\/wp-json\/wp\/v2\/pages\/54690","targetHints":{"allow":["GET"]}}],"collection":[{"href":"https:\/\/teslafm.net\/en\/wp-json\/wp\/v2\/pages"}],"about":[{"href":"https:\/\/teslafm.net\/en\/wp-json\/wp\/v2\/types\/page"}],"author":[{"embeddable":true,"href":"https:\/\/teslafm.net\/en\/wp-json\/wp\/v2\/users\/19"}],"replies":[{"embeddable":true,"href":"https:\/\/teslafm.net\/en\/wp-json\/wp\/v2\/comments?post=54690"}],"version-history":[{"count":8,"href":"https:\/\/teslafm.net\/en\/wp-json\/wp\/v2\/pages\/54690\/revisions"}],"predecessor-version":[{"id":57149,"href":"https:\/\/teslafm.net\/en\/wp-json\/wp\/v2\/pages\/54690\/revisions\/57149"}],"wp:attachment":[{"href":"https:\/\/teslafm.net\/en\/wp-json\/wp\/v2\/media?parent=54690"}],"curies":[{"name":"wp","href":"https:\/\/api.w.org\/{rel}","templated":true}]}}