

{"id":54736,"date":"2020-09-15T16:30:11","date_gmt":"2020-09-15T14:30:11","guid":{"rendered":"https:\/\/teslafm.net\/?page_id=54736"},"modified":"2021-03-06T17:05:25","modified_gmt":"2021-03-06T16:05:25","slug":"espace-plein-8","status":"publish","type":"page","link":"https:\/\/teslafm.net\/en\/espace-plein-8\/","title":{"rendered":"Espace Plein #8"},"content":{"rendered":"<h2><span style=\"color: #ffffff;\"><strong>Espace Plein #8<\/strong><\/span><\/h2>\n<p><span style=\"color: #808080;\"><em>September 2020<\/em><\/span><\/p>\n<p><iframe src=\"https:\/\/www.mixcloud.com\/widget\/iframe\/?hide_cover=1&amp;feed=%2FTeslafm_net%2Fespace-plein-8-%C3%BArsula-bravo%2F\" width=\"100%\" height=\"120\" frameborder=\"0\"><\/iframe><\/p>\n<p><img fetchpriority=\"high\" decoding=\"async\" src=\"https:\/\/teslafm.net\/wp-content\/uploads\/2020\/09\/espace-plein-8-en-la-busquedad-el-yo.jpg\" alt=\"\" width=\"470\" height=\"470\" \/><\/p>\n<p><span style=\"color: #808080;\">In search of the self.<\/span><\/p>\n<p><span style=\"color: #808080;\">The search for the self is a process of rediscovering origins and recontextualization of an uprooted life. Transformed by the confusion of the meaning of emotional-affective relationships, realities are unveiled. A spatio-temporal cartography in which music appears as a support bed, as the resistance of a spirit born in the delocalization of freedom.<\/span><\/p>","protected":false},"excerpt":{"rendered":"<p>Espace Plein #8 Septiembre 2020 En la b\u00fasqueda del yo. En la b\u00fasqueda del yo es un proceso de redescubierta de or\u00edgenes y recontextualizaci\u00f3n de una vida desarraigada. Transformada por la confusi\u00f3n del significado de las relaciones emocioafectivas, las realidades se desvelan. Una cartograf\u00eda espacio temporal en la que la m\u00fasica aparece como camastro de [&hellip;]<\/p>\n","protected":false},"author":19,"featured_media":0,"parent":0,"menu_order":0,"comment_status":"closed","ping_status":"closed","template":"","meta":{"footnotes":""},"class_list":["post-54736","page","type-page","status-publish","hentry"],"yoast_head":"<!-- This site is optimized with the Yoast SEO plugin v27.4 - https:\/\/yoast.com\/product\/yoast-seo-wordpress\/ -->\n<title>Espace Plein #8 -<\/title>\n<meta name=\"robots\" content=\"index, follow, max-snippet:-1, max-image-preview:large, max-video-preview:-1\" \/>\n<link rel=\"canonical\" href=\"https:\/\/teslafm.net\/en\/espace-plein-8\/\" \/>\n<meta property=\"og:locale\" content=\"en_US\" \/>\n<meta property=\"og:type\" content=\"article\" \/>\n<meta property=\"og:title\" content=\"Espace Plein #8 -\" \/>\n<meta property=\"og:description\" content=\"Espace Plein #8 Septiembre 2020 En la b\u00fasqueda del yo. En la b\u00fasqueda del yo es un proceso de redescubierta de or\u00edgenes y recontextualizaci\u00f3n de una vida desarraigada. Transformada por la confusi\u00f3n del significado de las relaciones emocioafectivas, las realidades se desvelan. Una cartograf\u00eda espacio temporal en la que la m\u00fasica aparece como camastro de [&hellip;]\" \/>\n<meta property=\"og:url\" content=\"https:\/\/teslafm.net\/en\/espace-plein-8\/\" \/>\n<meta property=\"article:publisher\" content=\"https:\/\/www.facebook.com\/teslafm.net\" \/>\n<meta property=\"article:modified_time\" content=\"2021-03-06T16:05:25+00:00\" \/>\n<meta property=\"og:image\" content=\"https:\/\/teslafm.net\/wp-content\/uploads\/2020\/09\/espace-plein-8-en-la-busquedad-el-yo.jpg\" \/>\n<meta name=\"twitter:card\" content=\"summary_large_image\" \/>\n<meta name=\"twitter:site\" content=\"@teslafm\" \/>\n<meta name=\"twitter:label1\" content=\"Est. reading time\" \/>\n\t<meta name=\"twitter:data1\" content=\"1 minute\" \/>\n<script type=\"application\/ld+json\" class=\"yoast-schema-graph\">{\"@context\":\"https:\\\/\\\/schema.org\",\"@graph\":[{\"@type\":\"WebPage\",\"@id\":\"https:\\\/\\\/teslafm.net\\\/espace-plein-8\\\/\",\"url\":\"https:\\\/\\\/teslafm.net\\\/espace-plein-8\\\/\",\"name\":\"Espace Plein #8 -\",\"isPartOf\":{\"@id\":\"https:\\\/\\\/teslafm.net\\\/#website\"},\"primaryImageOfPage\":{\"@id\":\"https:\\\/\\\/teslafm.net\\\/espace-plein-8\\\/#primaryimage\"},\"image\":{\"@id\":\"https:\\\/\\\/teslafm.net\\\/espace-plein-8\\\/#primaryimage\"},\"thumbnailUrl\":\"https:\\\/\\\/teslafm.net\\\/wp-content\\\/uploads\\\/2020\\\/09\\\/espace-plein-8-en-la-busquedad-el-yo.jpg\",\"datePublished\":\"2020-09-15T14:30:11+00:00\",\"dateModified\":\"2021-03-06T16:05:25+00:00\",\"breadcrumb\":{\"@id\":\"https:\\\/\\\/teslafm.net\\\/espace-plein-8\\\/#breadcrumb\"},\"inLanguage\":\"en-US\",\"potentialAction\":[{\"@type\":\"ReadAction\",\"target\":[\"https:\\\/\\\/teslafm.net\\\/espace-plein-8\\\/\"]}]},{\"@type\":\"ImageObject\",\"inLanguage\":\"en-US\",\"@id\":\"https:\\\/\\\/teslafm.net\\\/espace-plein-8\\\/#primaryimage\",\"url\":\"https:\\\/\\\/teslafm.net\\\/wp-content\\\/uploads\\\/2020\\\/09\\\/espace-plein-8-en-la-busquedad-el-yo.jpg\",\"contentUrl\":\"https:\\\/\\\/teslafm.net\\\/wp-content\\\/uploads\\\/2020\\\/09\\\/espace-plein-8-en-la-busquedad-el-yo.jpg\"},{\"@type\":\"BreadcrumbList\",\"@id\":\"https:\\\/\\\/teslafm.net\\\/espace-plein-8\\\/#breadcrumb\",\"itemListElement\":[{\"@type\":\"ListItem\",\"position\":1,\"name\":\"Portada\",\"item\":\"https:\\\/\\\/teslafm.net\\\/\"},{\"@type\":\"ListItem\",\"position\":2,\"name\":\"Espace Plein #8\"}]},{\"@type\":\"WebSite\",\"@id\":\"https:\\\/\\\/teslafm.net\\\/#website\",\"url\":\"https:\\\/\\\/teslafm.net\\\/\",\"name\":\"TeslaFM\",\"description\":\"An experimental and creative radio\",\"publisher\":{\"@id\":\"https:\\\/\\\/teslafm.net\\\/#organization\"},\"potentialAction\":[{\"@type\":\"SearchAction\",\"target\":{\"@type\":\"EntryPoint\",\"urlTemplate\":\"https:\\\/\\\/teslafm.net\\\/?s={search_term_string}\"},\"query-input\":{\"@type\":\"PropertyValueSpecification\",\"valueRequired\":true,\"valueName\":\"search_term_string\"}}],\"inLanguage\":\"en-US\"},{\"@type\":\"Organization\",\"@id\":\"https:\\\/\\\/teslafm.net\\\/#organization\",\"name\":\"TeslaFM\",\"url\":\"https:\\\/\\\/teslafm.net\\\/\",\"logo\":{\"@type\":\"ImageObject\",\"inLanguage\":\"en-US\",\"@id\":\"https:\\\/\\\/teslafm.net\\\/#\\\/schema\\\/logo\\\/image\\\/\",\"url\":\"https:\\\/\\\/teslafm.net\\\/wp-content\\\/uploads\\\/2020\\\/06\\\/logo-tesla.png\",\"contentUrl\":\"https:\\\/\\\/teslafm.net\\\/wp-content\\\/uploads\\\/2020\\\/06\\\/logo-tesla.png\",\"width\":512,\"height\":512,\"caption\":\"TeslaFM\"},\"image\":{\"@id\":\"https:\\\/\\\/teslafm.net\\\/#\\\/schema\\\/logo\\\/image\\\/\"},\"sameAs\":[\"https:\\\/\\\/www.facebook.com\\\/teslafm.net\",\"https:\\\/\\\/x.com\\\/teslafm\"]}]}<\/script>\n<!-- \/ Yoast SEO plugin. -->","yoast_head_json":{"title":"Espace Plein #8 -","robots":{"index":"index","follow":"follow","max-snippet":"max-snippet:-1","max-image-preview":"max-image-preview:large","max-video-preview":"max-video-preview:-1"},"canonical":"https:\/\/teslafm.net\/en\/espace-plein-8\/","og_locale":"en_US","og_type":"article","og_title":"Espace Plein #8 -","og_description":"Espace Plein #8 Septiembre 2020 En la b\u00fasqueda del yo. En la b\u00fasqueda del yo es un proceso de redescubierta de or\u00edgenes y recontextualizaci\u00f3n de una vida desarraigada. Transformada por la confusi\u00f3n del significado de las relaciones emocioafectivas, las realidades se desvelan. Una cartograf\u00eda espacio temporal en la que la m\u00fasica aparece como camastro de [&hellip;]","og_url":"https:\/\/teslafm.net\/en\/espace-plein-8\/","article_publisher":"https:\/\/www.facebook.com\/teslafm.net","article_modified_time":"2021-03-06T16:05:25+00:00","og_image":[{"url":"https:\/\/teslafm.net\/wp-content\/uploads\/2020\/09\/espace-plein-8-en-la-busquedad-el-yo.jpg","type":"","width":"","height":""}],"twitter_card":"summary_large_image","twitter_site":"@teslafm","twitter_misc":{"Est. reading time":"1 minute"},"schema":{"@context":"https:\/\/schema.org","@graph":[{"@type":"WebPage","@id":"https:\/\/teslafm.net\/espace-plein-8\/","url":"https:\/\/teslafm.net\/espace-plein-8\/","name":"Espace Plein #8 -","isPartOf":{"@id":"https:\/\/teslafm.net\/#website"},"primaryImageOfPage":{"@id":"https:\/\/teslafm.net\/espace-plein-8\/#primaryimage"},"image":{"@id":"https:\/\/teslafm.net\/espace-plein-8\/#primaryimage"},"thumbnailUrl":"https:\/\/teslafm.net\/wp-content\/uploads\/2020\/09\/espace-plein-8-en-la-busquedad-el-yo.jpg","datePublished":"2020-09-15T14:30:11+00:00","dateModified":"2021-03-06T16:05:25+00:00","breadcrumb":{"@id":"https:\/\/teslafm.net\/espace-plein-8\/#breadcrumb"},"inLanguage":"en-US","potentialAction":[{"@type":"ReadAction","target":["https:\/\/teslafm.net\/espace-plein-8\/"]}]},{"@type":"ImageObject","inLanguage":"en-US","@id":"https:\/\/teslafm.net\/espace-plein-8\/#primaryimage","url":"https:\/\/teslafm.net\/wp-content\/uploads\/2020\/09\/espace-plein-8-en-la-busquedad-el-yo.jpg","contentUrl":"https:\/\/teslafm.net\/wp-content\/uploads\/2020\/09\/espace-plein-8-en-la-busquedad-el-yo.jpg"},{"@type":"BreadcrumbList","@id":"https:\/\/teslafm.net\/espace-plein-8\/#breadcrumb","itemListElement":[{"@type":"ListItem","position":1,"name":"Portada","item":"https:\/\/teslafm.net\/"},{"@type":"ListItem","position":2,"name":"Espace Plein #8"}]},{"@type":"WebSite","@id":"https:\/\/teslafm.net\/#website","url":"https:\/\/teslafm.net\/","name":"TeslaFM","description":"An experimental and creative radio","publisher":{"@id":"https:\/\/teslafm.net\/#organization"},"potentialAction":[{"@type":"SearchAction","target":{"@type":"EntryPoint","urlTemplate":"https:\/\/teslafm.net\/?s={search_term_string}"},"query-input":{"@type":"PropertyValueSpecification","valueRequired":true,"valueName":"search_term_string"}}],"inLanguage":"en-US"},{"@type":"Organization","@id":"https:\/\/teslafm.net\/#organization","name":"TeslaFM","url":"https:\/\/teslafm.net\/","logo":{"@type":"ImageObject","inLanguage":"en-US","@id":"https:\/\/teslafm.net\/#\/schema\/logo\/image\/","url":"https:\/\/teslafm.net\/wp-content\/uploads\/2020\/06\/logo-tesla.png","contentUrl":"https:\/\/teslafm.net\/wp-content\/uploads\/2020\/06\/logo-tesla.png","width":512,"height":512,"caption":"TeslaFM"},"image":{"@id":"https:\/\/teslafm.net\/#\/schema\/logo\/image\/"},"sameAs":["https:\/\/www.facebook.com\/teslafm.net","https:\/\/x.com\/teslafm"]}]}},"rttpg_featured_image_url":null,"rttpg_author":{"display_name":"Ishak","author_link":"https:\/\/teslafm.net\/en\/author\/cravan\/"},"rttpg_comment":0,"rttpg_category":null,"rttpg_excerpt":"Espace Plein #8 Septiembre 2020 En la b\u00fasqueda del yo. En la b\u00fasqueda del yo es un proceso de redescubierta de or\u00edgenes y recontextualizaci\u00f3n de una vida desarraigada. Transformada por la confusi\u00f3n del significado de las relaciones emocioafectivas, las realidades se desvelan. Una cartograf\u00eda espacio temporal en la que la m\u00fasica aparece como camastro de&hellip;","_links":{"self":[{"href":"https:\/\/teslafm.net\/en\/wp-json\/wp\/v2\/pages\/54736","targetHints":{"allow":["GET"]}}],"collection":[{"href":"https:\/\/teslafm.net\/en\/wp-json\/wp\/v2\/pages"}],"about":[{"href":"https:\/\/teslafm.net\/en\/wp-json\/wp\/v2\/types\/page"}],"author":[{"embeddable":true,"href":"https:\/\/teslafm.net\/en\/wp-json\/wp\/v2\/users\/19"}],"replies":[{"embeddable":true,"href":"https:\/\/teslafm.net\/en\/wp-json\/wp\/v2\/comments?post=54736"}],"version-history":[{"count":4,"href":"https:\/\/teslafm.net\/en\/wp-json\/wp\/v2\/pages\/54736\/revisions"}],"predecessor-version":[{"id":57172,"href":"https:\/\/teslafm.net\/en\/wp-json\/wp\/v2\/pages\/54736\/revisions\/57172"}],"wp:attachment":[{"href":"https:\/\/teslafm.net\/en\/wp-json\/wp\/v2\/media?parent=54736"}],"curies":[{"name":"wp","href":"https:\/\/api.w.org\/{rel}","templated":true}]}}