

{"id":54741,"date":"2020-09-16T19:55:21","date_gmt":"2020-09-16T17:55:21","guid":{"rendered":"https:\/\/teslafm.net\/?page_id=54741"},"modified":"2021-03-06T17:42:37","modified_gmt":"2021-03-06T16:42:37","slug":"flushing-toilets-17","status":"publish","type":"page","link":"https:\/\/teslafm.net\/en\/flushing-toilets-17\/","title":{"rendered":"Flushing Toilets #17"},"content":{"rendered":"<h2><span style=\"color: #ffffff;\"><strong>Flushing Toilets #17<\/strong><\/span><\/h2>\n<p><span style=\"color: #808080;\"><em>September 2020<\/em><\/span><\/p>\n<p><iframe src=\"https:\/\/www.mixcloud.com\/widget\/iframe\/?hide_cover=1&amp;feed=%2FTeslafm_net%2Fflushing-toilets-17-pilar-talavera%2F\" width=\"100%\" height=\"120\" frameborder=\"0\"><\/iframe><\/p>\n<p><img fetchpriority=\"high\" decoding=\"async\" src=\"https:\/\/teslafm.net\/wp-content\/uploads\/2020\/09\/119595194_1009597529480906_6980543663595935327_n.jpg\" alt=\"\" width=\"2048\" height=\"2048\" \/><\/p>\n<p><span style=\"color: #808080;\"><b>D\u00ea o Fora Seal!<\/b><\/span><\/p>\n<p><span style=\"color: #808080;\">Independent record label founded by <b>Laura Del Vecchio<\/b>which was joined by <b>Fidel<\/b><\/span><br \/>\n<span style=\"color: #808080;\">few years later. They have released cassettes, albums and books, thus disseminating the<\/span><br \/>\n<span style=\"color: #808080;\">work of bands such as <b>Rakta<\/b>, <b>Vertigo<\/b>, <b>Crosta<\/b>, <b>Powdered Blood<\/b>, <b>Yunclas<\/b>, <b>Black Buraco<\/b>,<\/span><br \/>\n<span style=\"color: #808080;\"><b>Lie<\/b>, <b>Cold War<\/b>, <b>Chroma<\/b> and <b>Pedro in Ibiza<\/b>.<\/span><\/p>\n<p><a href=\"https:\/\/deofora.bandcamp.com\" target=\"_blank\" rel=\"noopener noreferrer\">https:\/\/deofora.bandcamp.com<\/a><\/p>\n<p><span style=\"color: #808080;\">01. History of the D\u00ea o Fora label<\/span><br \/>\n<span style=\"color: #808080;\">02. <b>Rakta<\/b> - In Search of the Circle<\/span><br \/>\n<span style=\"color: #808080;\">03. <b>Vertigo<\/b> - Ahula<\/span><br \/>\n<span style=\"color: #808080;\">04. <b>Crosta<\/b> - Refugis<\/span><br \/>\n<span style=\"color: #808080;\">05. What does it mean to have an independent label? How does it work?<\/span><br \/>\n<span style=\"color: #808080;\">06. <b>Powdered Blood<\/b> - Sa Ploma<\/span><br \/>\n<span style=\"color: #808080;\">07. <strong>Yunclas<\/strong> - Llingua officially dead<\/span><br \/>\n<span style=\"color: #808080;\">08. <strong>Black Buraco<\/strong> - Fogo<\/span><br \/>\n<span style=\"color: #808080;\">09. Which bands have been released by the label?<\/span><br \/>\n<span style=\"color: #808080;\">10. <strong>Lie<\/strong> - Couro Jacket<\/span><br \/>\n<span style=\"color: #808080;\">11. <strong>Cold War<\/strong> - The whole of humanity<\/span><br \/>\n<span style=\"color: #808080;\">12. <strong>Pedro in Ibiza<\/strong> - A Vida Foi Sugada de Mim e Andava Com Medo de Cair<\/span><br \/>\n<span style=\"color: #808080;\">13. What projects are coming soon?<\/span><br \/>\n<span style=\"color: #808080;\">14. <strong>Lie<\/strong> - Lies<\/span><br \/>\n<span style=\"color: #808080;\">15. <strong>Chroma<\/strong> - Intervention and Discipline<\/span><br \/>\n<span style=\"color: #808080;\">16. <strong>Rakta<\/strong> - Inten\u00e7\u00e3o<\/span><br \/>\n<span style=\"color: #808080;\">17. <strong>Cold War<\/strong> - Your sapphire's sapphire<\/span><br \/>\n<span style=\"color: #808080;\">18. <strong>Cold War<\/strong> - Fascism<\/span><\/p>","protected":false},"excerpt":{"rendered":"<p>Flushing Toilets #17 Septiembre 2020 Sello D\u00ea o Fora! Sello discogr\u00e1fico independiente fundado por Laura Del Vecchio, al cual se uni\u00f3 Fidel pocos a\u00f1os despu\u00e9s. Han editado cassettes, discos y libros, difundiendo as\u00ed, el trabajo de bandas como Rakta, V\u00e9rtigo, Crosta, Sangre en Polvo, Yunclas, Buraco Negro, Mentira, Guerra Fr\u00eda, Chroma y Pedro em Ibiza. [&hellip;]<\/p>\n","protected":false},"author":19,"featured_media":0,"parent":0,"menu_order":0,"comment_status":"closed","ping_status":"closed","template":"","meta":{"footnotes":""},"class_list":["post-54741","page","type-page","status-publish","hentry"],"yoast_head":"<!-- This site is optimized with the Yoast SEO plugin v27.2 - https:\/\/yoast.com\/product\/yoast-seo-wordpress\/ -->\n<title>Flushing Toilets #17 -<\/title>\n<meta name=\"robots\" content=\"index, follow, max-snippet:-1, max-image-preview:large, max-video-preview:-1\" \/>\n<link rel=\"canonical\" href=\"https:\/\/teslafm.net\/en\/flushing-toilets-17\/\" \/>\n<meta property=\"og:locale\" content=\"en_US\" \/>\n<meta property=\"og:type\" content=\"article\" \/>\n<meta property=\"og:title\" content=\"Flushing Toilets #17 -\" \/>\n<meta property=\"og:description\" content=\"Flushing Toilets #17 Septiembre 2020 Sello D\u00ea o Fora! Sello discogr\u00e1fico independiente fundado por Laura Del Vecchio, al cual se uni\u00f3 Fidel pocos a\u00f1os despu\u00e9s. Han editado cassettes, discos y libros, difundiendo as\u00ed, el trabajo de bandas como Rakta, V\u00e9rtigo, Crosta, Sangre en Polvo, Yunclas, Buraco Negro, Mentira, Guerra Fr\u00eda, Chroma y Pedro em Ibiza. [&hellip;]\" \/>\n<meta property=\"og:url\" content=\"https:\/\/teslafm.net\/en\/flushing-toilets-17\/\" \/>\n<meta property=\"article:publisher\" content=\"https:\/\/www.facebook.com\/teslafm.net\" \/>\n<meta property=\"article:modified_time\" content=\"2021-03-06T16:42:37+00:00\" \/>\n<meta property=\"og:image\" content=\"https:\/\/teslafm.net\/wp-content\/uploads\/2020\/09\/119595194_1009597529480906_6980543663595935327_n.jpg\" \/>\n<meta name=\"twitter:card\" content=\"summary_large_image\" \/>\n<meta name=\"twitter:site\" content=\"@teslafm\" \/>\n<meta name=\"twitter:label1\" content=\"Est. reading time\" \/>\n\t<meta name=\"twitter:data1\" content=\"1 minute\" \/>\n<script type=\"application\/ld+json\" class=\"yoast-schema-graph\">{\"@context\":\"https:\/\/schema.org\",\"@graph\":[{\"@type\":\"WebPage\",\"@id\":\"https:\/\/teslafm.net\/flushing-toilets-17\/\",\"url\":\"https:\/\/teslafm.net\/flushing-toilets-17\/\",\"name\":\"Flushing Toilets #17 -\",\"isPartOf\":{\"@id\":\"https:\/\/teslafm.net\/#website\"},\"primaryImageOfPage\":{\"@id\":\"https:\/\/teslafm.net\/flushing-toilets-17\/#primaryimage\"},\"image\":{\"@id\":\"https:\/\/teslafm.net\/flushing-toilets-17\/#primaryimage\"},\"thumbnailUrl\":\"https:\/\/teslafm.net\/wp-content\/uploads\/2020\/09\/119595194_1009597529480906_6980543663595935327_n.jpg\",\"datePublished\":\"2020-09-16T17:55:21+00:00\",\"dateModified\":\"2021-03-06T16:42:37+00:00\",\"breadcrumb\":{\"@id\":\"https:\/\/teslafm.net\/flushing-toilets-17\/#breadcrumb\"},\"inLanguage\":\"en-US\",\"potentialAction\":[{\"@type\":\"ReadAction\",\"target\":[\"https:\/\/teslafm.net\/flushing-toilets-17\/\"]}]},{\"@type\":\"ImageObject\",\"inLanguage\":\"en-US\",\"@id\":\"https:\/\/teslafm.net\/flushing-toilets-17\/#primaryimage\",\"url\":\"https:\/\/teslafm.net\/wp-content\/uploads\/2020\/09\/119595194_1009597529480906_6980543663595935327_n.jpg\",\"contentUrl\":\"https:\/\/teslafm.net\/wp-content\/uploads\/2020\/09\/119595194_1009597529480906_6980543663595935327_n.jpg\"},{\"@type\":\"BreadcrumbList\",\"@id\":\"https:\/\/teslafm.net\/flushing-toilets-17\/#breadcrumb\",\"itemListElement\":[{\"@type\":\"ListItem\",\"position\":1,\"name\":\"Portada\",\"item\":\"https:\/\/teslafm.net\/\"},{\"@type\":\"ListItem\",\"position\":2,\"name\":\"Flushing Toilets #17\"}]},{\"@type\":\"WebSite\",\"@id\":\"https:\/\/teslafm.net\/#website\",\"url\":\"https:\/\/teslafm.net\/\",\"name\":\"TeslaFM\",\"description\":\"An experimental and creative radio\",\"publisher\":{\"@id\":\"https:\/\/teslafm.net\/#organization\"},\"potentialAction\":[{\"@type\":\"SearchAction\",\"target\":{\"@type\":\"EntryPoint\",\"urlTemplate\":\"https:\/\/teslafm.net\/?s={search_term_string}\"},\"query-input\":{\"@type\":\"PropertyValueSpecification\",\"valueRequired\":true,\"valueName\":\"search_term_string\"}}],\"inLanguage\":\"en-US\"},{\"@type\":\"Organization\",\"@id\":\"https:\/\/teslafm.net\/#organization\",\"name\":\"TeslaFM\",\"url\":\"https:\/\/teslafm.net\/\",\"logo\":{\"@type\":\"ImageObject\",\"inLanguage\":\"en-US\",\"@id\":\"https:\/\/teslafm.net\/#\/schema\/logo\/image\/\",\"url\":\"https:\/\/teslafm.net\/wp-content\/uploads\/2020\/06\/logo-tesla.png\",\"contentUrl\":\"https:\/\/teslafm.net\/wp-content\/uploads\/2020\/06\/logo-tesla.png\",\"width\":512,\"height\":512,\"caption\":\"TeslaFM\"},\"image\":{\"@id\":\"https:\/\/teslafm.net\/#\/schema\/logo\/image\/\"},\"sameAs\":[\"https:\/\/www.facebook.com\/teslafm.net\",\"https:\/\/x.com\/teslafm\"]}]}<\/script>\n<!-- \/ Yoast SEO plugin. -->","yoast_head_json":{"title":"Flushing Toilets #17 -","robots":{"index":"index","follow":"follow","max-snippet":"max-snippet:-1","max-image-preview":"max-image-preview:large","max-video-preview":"max-video-preview:-1"},"canonical":"https:\/\/teslafm.net\/en\/flushing-toilets-17\/","og_locale":"en_US","og_type":"article","og_title":"Flushing Toilets #17 -","og_description":"Flushing Toilets #17 Septiembre 2020 Sello D\u00ea o Fora! Sello discogr\u00e1fico independiente fundado por Laura Del Vecchio, al cual se uni\u00f3 Fidel pocos a\u00f1os despu\u00e9s. Han editado cassettes, discos y libros, difundiendo as\u00ed, el trabajo de bandas como Rakta, V\u00e9rtigo, Crosta, Sangre en Polvo, Yunclas, Buraco Negro, Mentira, Guerra Fr\u00eda, Chroma y Pedro em Ibiza. [&hellip;]","og_url":"https:\/\/teslafm.net\/en\/flushing-toilets-17\/","article_publisher":"https:\/\/www.facebook.com\/teslafm.net","article_modified_time":"2021-03-06T16:42:37+00:00","og_image":[{"url":"https:\/\/teslafm.net\/wp-content\/uploads\/2020\/09\/119595194_1009597529480906_6980543663595935327_n.jpg","type":"","width":"","height":""}],"twitter_card":"summary_large_image","twitter_site":"@teslafm","twitter_misc":{"Est. reading time":"1 minute"},"schema":{"@context":"https:\/\/schema.org","@graph":[{"@type":"WebPage","@id":"https:\/\/teslafm.net\/flushing-toilets-17\/","url":"https:\/\/teslafm.net\/flushing-toilets-17\/","name":"Flushing Toilets #17 -","isPartOf":{"@id":"https:\/\/teslafm.net\/#website"},"primaryImageOfPage":{"@id":"https:\/\/teslafm.net\/flushing-toilets-17\/#primaryimage"},"image":{"@id":"https:\/\/teslafm.net\/flushing-toilets-17\/#primaryimage"},"thumbnailUrl":"https:\/\/teslafm.net\/wp-content\/uploads\/2020\/09\/119595194_1009597529480906_6980543663595935327_n.jpg","datePublished":"2020-09-16T17:55:21+00:00","dateModified":"2021-03-06T16:42:37+00:00","breadcrumb":{"@id":"https:\/\/teslafm.net\/flushing-toilets-17\/#breadcrumb"},"inLanguage":"en-US","potentialAction":[{"@type":"ReadAction","target":["https:\/\/teslafm.net\/flushing-toilets-17\/"]}]},{"@type":"ImageObject","inLanguage":"en-US","@id":"https:\/\/teslafm.net\/flushing-toilets-17\/#primaryimage","url":"https:\/\/teslafm.net\/wp-content\/uploads\/2020\/09\/119595194_1009597529480906_6980543663595935327_n.jpg","contentUrl":"https:\/\/teslafm.net\/wp-content\/uploads\/2020\/09\/119595194_1009597529480906_6980543663595935327_n.jpg"},{"@type":"BreadcrumbList","@id":"https:\/\/teslafm.net\/flushing-toilets-17\/#breadcrumb","itemListElement":[{"@type":"ListItem","position":1,"name":"Portada","item":"https:\/\/teslafm.net\/"},{"@type":"ListItem","position":2,"name":"Flushing Toilets #17"}]},{"@type":"WebSite","@id":"https:\/\/teslafm.net\/#website","url":"https:\/\/teslafm.net\/","name":"TeslaFM","description":"An experimental and creative radio","publisher":{"@id":"https:\/\/teslafm.net\/#organization"},"potentialAction":[{"@type":"SearchAction","target":{"@type":"EntryPoint","urlTemplate":"https:\/\/teslafm.net\/?s={search_term_string}"},"query-input":{"@type":"PropertyValueSpecification","valueRequired":true,"valueName":"search_term_string"}}],"inLanguage":"en-US"},{"@type":"Organization","@id":"https:\/\/teslafm.net\/#organization","name":"TeslaFM","url":"https:\/\/teslafm.net\/","logo":{"@type":"ImageObject","inLanguage":"en-US","@id":"https:\/\/teslafm.net\/#\/schema\/logo\/image\/","url":"https:\/\/teslafm.net\/wp-content\/uploads\/2020\/06\/logo-tesla.png","contentUrl":"https:\/\/teslafm.net\/wp-content\/uploads\/2020\/06\/logo-tesla.png","width":512,"height":512,"caption":"TeslaFM"},"image":{"@id":"https:\/\/teslafm.net\/#\/schema\/logo\/image\/"},"sameAs":["https:\/\/www.facebook.com\/teslafm.net","https:\/\/x.com\/teslafm"]}]}},"rttpg_featured_image_url":null,"rttpg_author":{"display_name":"Ishak","author_link":"https:\/\/teslafm.net\/en\/author\/cravan\/"},"rttpg_comment":0,"rttpg_category":null,"rttpg_excerpt":"Flushing Toilets #17 Septiembre 2020 Sello D\u00ea o Fora! Sello discogr\u00e1fico independiente fundado por Laura Del Vecchio, al cual se uni\u00f3 Fidel pocos a\u00f1os despu\u00e9s. Han editado cassettes, discos y libros, difundiendo as\u00ed, el trabajo de bandas como Rakta, V\u00e9rtigo, Crosta, Sangre en Polvo, Yunclas, Buraco Negro, Mentira, Guerra Fr\u00eda, Chroma y Pedro em Ibiza.&hellip;","_links":{"self":[{"href":"https:\/\/teslafm.net\/en\/wp-json\/wp\/v2\/pages\/54741","targetHints":{"allow":["GET"]}}],"collection":[{"href":"https:\/\/teslafm.net\/en\/wp-json\/wp\/v2\/pages"}],"about":[{"href":"https:\/\/teslafm.net\/en\/wp-json\/wp\/v2\/types\/page"}],"author":[{"embeddable":true,"href":"https:\/\/teslafm.net\/en\/wp-json\/wp\/v2\/users\/19"}],"replies":[{"embeddable":true,"href":"https:\/\/teslafm.net\/en\/wp-json\/wp\/v2\/comments?post=54741"}],"version-history":[{"count":5,"href":"https:\/\/teslafm.net\/en\/wp-json\/wp\/v2\/pages\/54741\/revisions"}],"predecessor-version":[{"id":57212,"href":"https:\/\/teslafm.net\/en\/wp-json\/wp\/v2\/pages\/54741\/revisions\/57212"}],"wp:attachment":[{"href":"https:\/\/teslafm.net\/en\/wp-json\/wp\/v2\/media?parent=54741"}],"curies":[{"name":"wp","href":"https:\/\/api.w.org\/{rel}","templated":true}]}}