

{"id":54746,"date":"2020-09-17T16:56:04","date_gmt":"2020-09-17T14:56:04","guid":{"rendered":"https:\/\/teslafm.net\/?page_id=54746"},"modified":"2022-05-03T13:56:02","modified_gmt":"2022-05-03T11:56:02","slug":"despues-del-mundo-6","status":"publish","type":"page","link":"https:\/\/teslafm.net\/en\/despues-del-mundo-6\/","title":{"rendered":"After the World #6"},"content":{"rendered":"<h2><span style=\"color: #ffffff;\"><strong>After the World #6<\/strong><\/span><\/h2>\n<p><span style=\"color: #808080;\"><em>September 2020<\/em><\/span><\/p>\n<p><iframe src=\"https:\/\/www.mixcloud.com\/widget\/iframe\/?hide_cover=1&amp;feed=%2FTeslafm_net%2Fdespu%C3%A9s-del-mundo-6-atractores-extra%C3%B1os%2F\" width=\"100%\" height=\"120\" frameborder=\"0\"><\/iframe><\/p>\n<p><span style=\"color: #808080;\">Sound:<\/span><\/p>\n<p><span style=\"color: #808080;\">AADK Residencies and @Al-Darrax Label present this live mixed jam of these four artists meeting for the first time:<\/span><\/p>\n<p><span style=\"color: #808080;\">Agatha Lewandowski - processed field recordings<\/span><br \/>\n<span style=\"color: #808080;\">Roisner aka Fran\u00e7ois Benner - drum machine &amp; FM synthesizer<\/span><br \/>\n<span style=\"color: #808080;\">Lilith'21 aka Selu Herraiz - metal, wood, mandolin and various objects amplified by piezoelectric microphones<\/span><br \/>\n<span style=\"color: #808080;\">Elena Azzedin - vocals<\/span><\/p>\n<p><span style=\"color: #808080;\">Tracks were recorded from the mixer master. Unedited versions.<\/span><\/p>\n<p><span style=\"color: #808080;\">1'20'' - 17'50''<\/span><br \/>\n<span style=\"color: #808080;\">Do not save yourself<\/span><br \/>\n<span style=\"color: #808080;\">Text: No te salves \/\/ Mario Benedetti \/\/\/ Recites: Elena Azzedin<\/span><\/p>\n<p><span style=\"color: #808080;\">17'50' '- 36'40''<\/span><br \/>\n<span style=\"color: #808080;\">A fall upward<\/span><br \/>\n<span style=\"color: #808080;\">Text: What if The Hanged Man spoke? - Arcanum XII \/ The Way of the Tarot \/\/ Alejandro Jodorowski and Marianne Costa \/\/\/ Read by Elena Azzedin<\/span><\/p>\n<p><span style=\"color: #808080;\">36'40'' - 61'40'<\/span><br \/>\n<span style=\"color: #808080;\">Survival<\/span><br \/>\n<span style=\"color: #808080;\">Text: A Litany for Survival \/ Audre Lord \/\/\/ Recites: Elena Azzedin<\/span><\/p>","protected":false},"excerpt":{"rendered":"<p>Despu\u00e9s del Mundo #6 Septiembre 2020 Sonido: AADK Residencies y @Al-Darrax Label presentan esta improvisaci\u00f3n mixta en vivo de estos cuatro artistas que se encuentran por primera vez: Agatha Lewandowski &#8211; grabaciones de campo procesadas Roisner aka Fran\u00e7ois Benner &#8211; caja de ritmos y sintetizador FM Lilith\u201921 aka Selu Herraiz &#8211; metal, madera, mandolina y [&hellip;]<\/p>\n","protected":false},"author":19,"featured_media":0,"parent":0,"menu_order":0,"comment_status":"closed","ping_status":"closed","template":"","meta":{"footnotes":""},"class_list":["post-54746","page","type-page","status-publish","hentry"],"yoast_head":"<!-- This site is optimized with the Yoast SEO plugin v27.2 - https:\/\/yoast.com\/product\/yoast-seo-wordpress\/ -->\n<title>Despu\u00e9s del Mundo #6 -<\/title>\n<meta name=\"robots\" content=\"index, follow, max-snippet:-1, max-image-preview:large, max-video-preview:-1\" \/>\n<link rel=\"canonical\" href=\"https:\/\/teslafm.net\/en\/despues-del-mundo-6\/\" \/>\n<meta property=\"og:locale\" content=\"en_US\" \/>\n<meta property=\"og:type\" content=\"article\" \/>\n<meta property=\"og:title\" content=\"Despu\u00e9s del Mundo #6 -\" \/>\n<meta property=\"og:description\" content=\"Despu\u00e9s del Mundo #6 Septiembre 2020 Sonido: AADK Residencies y @Al-Darrax Label presentan esta improvisaci\u00f3n mixta en vivo de estos cuatro artistas que se encuentran por primera vez: Agatha Lewandowski &#8211; grabaciones de campo procesadas Roisner aka Fran\u00e7ois Benner &#8211; caja de ritmos y sintetizador FM Lilith\u201921 aka Selu Herraiz &#8211; metal, madera, mandolina y [&hellip;]\" \/>\n<meta property=\"og:url\" content=\"https:\/\/teslafm.net\/en\/despues-del-mundo-6\/\" \/>\n<meta property=\"article:publisher\" content=\"https:\/\/www.facebook.com\/teslafm.net\" \/>\n<meta property=\"article:modified_time\" content=\"2022-05-03T11:56:02+00:00\" \/>\n<meta property=\"og:image\" content=\"https:\/\/teslafm.net\/wp-content\/uploads\/2022\/09\/header-image-4-temp.png\" \/>\n\t<meta property=\"og:image:width\" content=\"1274\" \/>\n\t<meta property=\"og:image:height\" content=\"818\" \/>\n\t<meta property=\"og:image:type\" content=\"image\/png\" \/>\n<meta name=\"twitter:card\" content=\"summary_large_image\" \/>\n<meta name=\"twitter:site\" content=\"@teslafm\" \/>\n<meta name=\"twitter:label1\" content=\"Est. reading time\" \/>\n\t<meta name=\"twitter:data1\" content=\"1 minute\" \/>\n<script type=\"application\/ld+json\" class=\"yoast-schema-graph\">{\"@context\":\"https:\/\/schema.org\",\"@graph\":[{\"@type\":\"WebPage\",\"@id\":\"https:\/\/teslafm.net\/despues-del-mundo-6\/\",\"url\":\"https:\/\/teslafm.net\/despues-del-mundo-6\/\",\"name\":\"Despu\u00e9s del Mundo #6 -\",\"isPartOf\":{\"@id\":\"https:\/\/teslafm.net\/#website\"},\"datePublished\":\"2020-09-17T14:56:04+00:00\",\"dateModified\":\"2022-05-03T11:56:02+00:00\",\"breadcrumb\":{\"@id\":\"https:\/\/teslafm.net\/despues-del-mundo-6\/#breadcrumb\"},\"inLanguage\":\"en-US\",\"potentialAction\":[{\"@type\":\"ReadAction\",\"target\":[\"https:\/\/teslafm.net\/despues-del-mundo-6\/\"]}]},{\"@type\":\"BreadcrumbList\",\"@id\":\"https:\/\/teslafm.net\/despues-del-mundo-6\/#breadcrumb\",\"itemListElement\":[{\"@type\":\"ListItem\",\"position\":1,\"name\":\"Portada\",\"item\":\"https:\/\/teslafm.net\/\"},{\"@type\":\"ListItem\",\"position\":2,\"name\":\"Despu\u00e9s del Mundo #6\"}]},{\"@type\":\"WebSite\",\"@id\":\"https:\/\/teslafm.net\/#website\",\"url\":\"https:\/\/teslafm.net\/\",\"name\":\"TeslaFM\",\"description\":\"An experimental and creative radio\",\"publisher\":{\"@id\":\"https:\/\/teslafm.net\/#organization\"},\"potentialAction\":[{\"@type\":\"SearchAction\",\"target\":{\"@type\":\"EntryPoint\",\"urlTemplate\":\"https:\/\/teslafm.net\/?s={search_term_string}\"},\"query-input\":{\"@type\":\"PropertyValueSpecification\",\"valueRequired\":true,\"valueName\":\"search_term_string\"}}],\"inLanguage\":\"en-US\"},{\"@type\":\"Organization\",\"@id\":\"https:\/\/teslafm.net\/#organization\",\"name\":\"TeslaFM\",\"url\":\"https:\/\/teslafm.net\/\",\"logo\":{\"@type\":\"ImageObject\",\"inLanguage\":\"en-US\",\"@id\":\"https:\/\/teslafm.net\/#\/schema\/logo\/image\/\",\"url\":\"https:\/\/teslafm.net\/wp-content\/uploads\/2020\/06\/logo-tesla.png\",\"contentUrl\":\"https:\/\/teslafm.net\/wp-content\/uploads\/2020\/06\/logo-tesla.png\",\"width\":512,\"height\":512,\"caption\":\"TeslaFM\"},\"image\":{\"@id\":\"https:\/\/teslafm.net\/#\/schema\/logo\/image\/\"},\"sameAs\":[\"https:\/\/www.facebook.com\/teslafm.net\",\"https:\/\/x.com\/teslafm\"]}]}<\/script>\n<!-- \/ Yoast SEO plugin. -->","yoast_head_json":{"title":"After the World #6 -","robots":{"index":"index","follow":"follow","max-snippet":"max-snippet:-1","max-image-preview":"max-image-preview:large","max-video-preview":"max-video-preview:-1"},"canonical":"https:\/\/teslafm.net\/en\/despues-del-mundo-6\/","og_locale":"en_US","og_type":"article","og_title":"Despu\u00e9s del Mundo #6 -","og_description":"Despu\u00e9s del Mundo #6 Septiembre 2020 Sonido: AADK Residencies y @Al-Darrax Label presentan esta improvisaci\u00f3n mixta en vivo de estos cuatro artistas que se encuentran por primera vez: Agatha Lewandowski &#8211; grabaciones de campo procesadas Roisner aka Fran\u00e7ois Benner &#8211; caja de ritmos y sintetizador FM Lilith\u201921 aka Selu Herraiz &#8211; metal, madera, mandolina y [&hellip;]","og_url":"https:\/\/teslafm.net\/en\/despues-del-mundo-6\/","article_publisher":"https:\/\/www.facebook.com\/teslafm.net","article_modified_time":"2022-05-03T11:56:02+00:00","og_image":[{"width":1274,"height":818,"url":"https:\/\/teslafm.net\/wp-content\/uploads\/2022\/09\/header-image-4-temp.png","type":"image\/png"}],"twitter_card":"summary_large_image","twitter_site":"@teslafm","twitter_misc":{"Est. reading time":"1 minute"},"schema":{"@context":"https:\/\/schema.org","@graph":[{"@type":"WebPage","@id":"https:\/\/teslafm.net\/despues-del-mundo-6\/","url":"https:\/\/teslafm.net\/despues-del-mundo-6\/","name":"After the World #6 -","isPartOf":{"@id":"https:\/\/teslafm.net\/#website"},"datePublished":"2020-09-17T14:56:04+00:00","dateModified":"2022-05-03T11:56:02+00:00","breadcrumb":{"@id":"https:\/\/teslafm.net\/despues-del-mundo-6\/#breadcrumb"},"inLanguage":"en-US","potentialAction":[{"@type":"ReadAction","target":["https:\/\/teslafm.net\/despues-del-mundo-6\/"]}]},{"@type":"BreadcrumbList","@id":"https:\/\/teslafm.net\/despues-del-mundo-6\/#breadcrumb","itemListElement":[{"@type":"ListItem","position":1,"name":"Portada","item":"https:\/\/teslafm.net\/"},{"@type":"ListItem","position":2,"name":"Despu\u00e9s del Mundo #6"}]},{"@type":"WebSite","@id":"https:\/\/teslafm.net\/#website","url":"https:\/\/teslafm.net\/","name":"TeslaFM","description":"An experimental and creative radio","publisher":{"@id":"https:\/\/teslafm.net\/#organization"},"potentialAction":[{"@type":"SearchAction","target":{"@type":"EntryPoint","urlTemplate":"https:\/\/teslafm.net\/?s={search_term_string}"},"query-input":{"@type":"PropertyValueSpecification","valueRequired":true,"valueName":"search_term_string"}}],"inLanguage":"en-US"},{"@type":"Organization","@id":"https:\/\/teslafm.net\/#organization","name":"TeslaFM","url":"https:\/\/teslafm.net\/","logo":{"@type":"ImageObject","inLanguage":"en-US","@id":"https:\/\/teslafm.net\/#\/schema\/logo\/image\/","url":"https:\/\/teslafm.net\/wp-content\/uploads\/2020\/06\/logo-tesla.png","contentUrl":"https:\/\/teslafm.net\/wp-content\/uploads\/2020\/06\/logo-tesla.png","width":512,"height":512,"caption":"TeslaFM"},"image":{"@id":"https:\/\/teslafm.net\/#\/schema\/logo\/image\/"},"sameAs":["https:\/\/www.facebook.com\/teslafm.net","https:\/\/x.com\/teslafm"]}]}},"rttpg_featured_image_url":null,"rttpg_author":{"display_name":"Ishak","author_link":"https:\/\/teslafm.net\/en\/author\/cravan\/"},"rttpg_comment":0,"rttpg_category":null,"rttpg_excerpt":"Despu\u00e9s del Mundo #6 Septiembre 2020 Sonido: AADK Residencies y @Al-Darrax Label presentan esta improvisaci\u00f3n mixta en vivo de estos cuatro artistas que se encuentran por primera vez: Agatha Lewandowski &#8211; grabaciones de campo procesadas Roisner aka Fran\u00e7ois Benner &#8211; caja de ritmos y sintetizador FM Lilith\u201921 aka Selu Herraiz &#8211; metal, madera, mandolina y&hellip;","_links":{"self":[{"href":"https:\/\/teslafm.net\/en\/wp-json\/wp\/v2\/pages\/54746","targetHints":{"allow":["GET"]}}],"collection":[{"href":"https:\/\/teslafm.net\/en\/wp-json\/wp\/v2\/pages"}],"about":[{"href":"https:\/\/teslafm.net\/en\/wp-json\/wp\/v2\/types\/page"}],"author":[{"embeddable":true,"href":"https:\/\/teslafm.net\/en\/wp-json\/wp\/v2\/users\/19"}],"replies":[{"embeddable":true,"href":"https:\/\/teslafm.net\/en\/wp-json\/wp\/v2\/comments?post=54746"}],"version-history":[{"count":3,"href":"https:\/\/teslafm.net\/en\/wp-json\/wp\/v2\/pages\/54746\/revisions"}],"predecessor-version":[{"id":59766,"href":"https:\/\/teslafm.net\/en\/wp-json\/wp\/v2\/pages\/54746\/revisions\/59766"}],"wp:attachment":[{"href":"https:\/\/teslafm.net\/en\/wp-json\/wp\/v2\/media?parent=54746"}],"curies":[{"name":"wp","href":"https:\/\/api.w.org\/{rel}","templated":true}]}}