

{"id":54785,"date":"2020-09-22T22:22:38","date_gmt":"2020-09-22T20:22:38","guid":{"rendered":"https:\/\/teslafm.net\/?page_id=54785"},"modified":"2021-03-13T12:37:28","modified_gmt":"2021-03-13T11:37:28","slug":"space-oddity-recollection-14","status":"publish","type":"page","link":"https:\/\/teslafm.net\/en\/space-oddity-recollection-14\/","title":{"rendered":"Space Oddity Recollection #14"},"content":{"rendered":"<h2><span style=\"color: #ffffff;\"><strong>Space Oddity Recollection #14<\/strong><\/span><\/h2>\n<p><span style=\"color: #808080;\"><em>September 2020<\/em><\/span><\/p>\n<p><iframe src=\"https:\/\/www.mixcloud.com\/widget\/iframe\/?hide_cover=1&amp;feed=%2FTeslafm_net%2Fspace-oddity-recollection-14-monikapich%2F\" width=\"100%\" height=\"120\" frameborder=\"0\"><\/iframe><\/p>\n<p><img fetchpriority=\"high\" decoding=\"async\" src=\"https:\/\/teslafm.net\/wp-content\/uploads\/2020\/09\/Blimp_foto.jpg\" alt=\"\" width=\"886\" height=\"664\" \/><\/p>\n<p><span style=\"color: #808080;\">\"<strong>Blimp<\/strong>\"a group of three sound artists and musicians:<\/span><\/p>\n<p><span style=\"color: #808080;\"><b>Rados\u0142aw Dziubek<\/b> - electronics and percussion<\/span><br \/>\n<span style=\"color: #808080;\"><b>Jacek Wanat<\/b> - bass, strings and vocals<\/span><br \/>\n<span style=\"color: #808080;\"><b>Micha\u0142 Gi\u017cycki<\/b> - saxophone, clarinet and piano.<\/span><\/p>\n<p><span style=\"color: #808080;\">The mixtrack consists of two excerpts from a concert by <b>Blimp<\/b>which took place at the <b>Reymond Palace<\/b> in Konin on May 24, 2019. The concert was recorded by <b>Andy Pendeho<\/b>. The last track of this mix is titled \"<i>Beaten Jazz<\/i>\"; it was recorded in a home studio in Pozna\u0144, on May 6, 2020.<\/span><\/p>\n<p><span style=\"color: #808080;\">Link:<\/span><br \/>\n<a href=\"https:\/\/blimp1.bandcamp.com\/release\" target=\"_blank\" rel=\"noopener noreferrer\">blimp1.bandcamp.com\/release<\/a><\/p>\n<p><span style=\"color: #808080;\">Listen &amp; enjoy the mixtrack, September 2020'.<\/span><br \/>\n<span style=\"color: #808080;\">produced by <b>monikapich<\/b><\/span><\/p>","protected":false},"excerpt":{"rendered":"<p>Space Oddity Recollection #14 Septiembre 2020 \u00abBlimp\u201d un grupo de tres artistas sonoros y m\u00fasicos: Rados\u0142aw Dziubek &#8211; electronica y percusi\u00f3n Jacek Wanat &#8211; bajo, cuerdas y voz Micha\u0142 Gi\u017cycki &#8211; saxof\u00f3n, clarinete y piano. El mixtrack consta de dos fragmentos de un concierto de Blimp, que tuvo lugar en el Reymond Palace en Konin [&hellip;]<\/p>\n","protected":false},"author":19,"featured_media":0,"parent":0,"menu_order":0,"comment_status":"closed","ping_status":"closed","template":"","meta":{"footnotes":""},"class_list":["post-54785","page","type-page","status-publish","hentry"],"yoast_head":"<!-- This site is optimized with the Yoast SEO plugin v27.4 - https:\/\/yoast.com\/product\/yoast-seo-wordpress\/ -->\n<title>Space Oddity Recollection #14 -<\/title>\n<meta name=\"robots\" content=\"index, follow, max-snippet:-1, max-image-preview:large, max-video-preview:-1\" \/>\n<link rel=\"canonical\" href=\"https:\/\/teslafm.net\/en\/space-oddity-recollection-14\/\" \/>\n<meta property=\"og:locale\" content=\"en_US\" \/>\n<meta property=\"og:type\" content=\"article\" \/>\n<meta property=\"og:title\" content=\"Space Oddity Recollection #14 -\" \/>\n<meta property=\"og:description\" content=\"Space Oddity Recollection #14 Septiembre 2020 \u00abBlimp\u201d un grupo de tres artistas sonoros y m\u00fasicos: Rados\u0142aw Dziubek &#8211; electronica y percusi\u00f3n Jacek Wanat &#8211; bajo, cuerdas y voz Micha\u0142 Gi\u017cycki &#8211; saxof\u00f3n, clarinete y piano. El mixtrack consta de dos fragmentos de un concierto de Blimp, que tuvo lugar en el Reymond Palace en Konin [&hellip;]\" \/>\n<meta property=\"og:url\" content=\"https:\/\/teslafm.net\/en\/space-oddity-recollection-14\/\" \/>\n<meta property=\"article:publisher\" content=\"https:\/\/www.facebook.com\/teslafm.net\" \/>\n<meta property=\"article:modified_time\" content=\"2021-03-13T11:37:28+00:00\" \/>\n<meta property=\"og:image\" content=\"https:\/\/teslafm.net\/wp-content\/uploads\/2020\/09\/Blimp_foto.jpg\" \/>\n<meta name=\"twitter:card\" content=\"summary_large_image\" \/>\n<meta name=\"twitter:site\" content=\"@teslafm\" \/>\n<meta name=\"twitter:label1\" content=\"Est. reading time\" \/>\n\t<meta name=\"twitter:data1\" content=\"1 minute\" \/>\n<script type=\"application\/ld+json\" class=\"yoast-schema-graph\">{\"@context\":\"https:\\\/\\\/schema.org\",\"@graph\":[{\"@type\":\"WebPage\",\"@id\":\"https:\\\/\\\/teslafm.net\\\/space-oddity-recollection-14\\\/\",\"url\":\"https:\\\/\\\/teslafm.net\\\/space-oddity-recollection-14\\\/\",\"name\":\"Space Oddity Recollection #14 -\",\"isPartOf\":{\"@id\":\"https:\\\/\\\/teslafm.net\\\/#website\"},\"primaryImageOfPage\":{\"@id\":\"https:\\\/\\\/teslafm.net\\\/space-oddity-recollection-14\\\/#primaryimage\"},\"image\":{\"@id\":\"https:\\\/\\\/teslafm.net\\\/space-oddity-recollection-14\\\/#primaryimage\"},\"thumbnailUrl\":\"https:\\\/\\\/teslafm.net\\\/wp-content\\\/uploads\\\/2020\\\/09\\\/Blimp_foto.jpg\",\"datePublished\":\"2020-09-22T20:22:38+00:00\",\"dateModified\":\"2021-03-13T11:37:28+00:00\",\"breadcrumb\":{\"@id\":\"https:\\\/\\\/teslafm.net\\\/space-oddity-recollection-14\\\/#breadcrumb\"},\"inLanguage\":\"en-US\",\"potentialAction\":[{\"@type\":\"ReadAction\",\"target\":[\"https:\\\/\\\/teslafm.net\\\/space-oddity-recollection-14\\\/\"]}]},{\"@type\":\"ImageObject\",\"inLanguage\":\"en-US\",\"@id\":\"https:\\\/\\\/teslafm.net\\\/space-oddity-recollection-14\\\/#primaryimage\",\"url\":\"https:\\\/\\\/teslafm.net\\\/wp-content\\\/uploads\\\/2020\\\/09\\\/Blimp_foto.jpg\",\"contentUrl\":\"https:\\\/\\\/teslafm.net\\\/wp-content\\\/uploads\\\/2020\\\/09\\\/Blimp_foto.jpg\"},{\"@type\":\"BreadcrumbList\",\"@id\":\"https:\\\/\\\/teslafm.net\\\/space-oddity-recollection-14\\\/#breadcrumb\",\"itemListElement\":[{\"@type\":\"ListItem\",\"position\":1,\"name\":\"Portada\",\"item\":\"https:\\\/\\\/teslafm.net\\\/\"},{\"@type\":\"ListItem\",\"position\":2,\"name\":\"Space Oddity Recollection #14\"}]},{\"@type\":\"WebSite\",\"@id\":\"https:\\\/\\\/teslafm.net\\\/#website\",\"url\":\"https:\\\/\\\/teslafm.net\\\/\",\"name\":\"TeslaFM\",\"description\":\"An experimental and creative radio\",\"publisher\":{\"@id\":\"https:\\\/\\\/teslafm.net\\\/#organization\"},\"potentialAction\":[{\"@type\":\"SearchAction\",\"target\":{\"@type\":\"EntryPoint\",\"urlTemplate\":\"https:\\\/\\\/teslafm.net\\\/?s={search_term_string}\"},\"query-input\":{\"@type\":\"PropertyValueSpecification\",\"valueRequired\":true,\"valueName\":\"search_term_string\"}}],\"inLanguage\":\"en-US\"},{\"@type\":\"Organization\",\"@id\":\"https:\\\/\\\/teslafm.net\\\/#organization\",\"name\":\"TeslaFM\",\"url\":\"https:\\\/\\\/teslafm.net\\\/\",\"logo\":{\"@type\":\"ImageObject\",\"inLanguage\":\"en-US\",\"@id\":\"https:\\\/\\\/teslafm.net\\\/#\\\/schema\\\/logo\\\/image\\\/\",\"url\":\"https:\\\/\\\/teslafm.net\\\/wp-content\\\/uploads\\\/2020\\\/06\\\/logo-tesla.png\",\"contentUrl\":\"https:\\\/\\\/teslafm.net\\\/wp-content\\\/uploads\\\/2020\\\/06\\\/logo-tesla.png\",\"width\":512,\"height\":512,\"caption\":\"TeslaFM\"},\"image\":{\"@id\":\"https:\\\/\\\/teslafm.net\\\/#\\\/schema\\\/logo\\\/image\\\/\"},\"sameAs\":[\"https:\\\/\\\/www.facebook.com\\\/teslafm.net\",\"https:\\\/\\\/x.com\\\/teslafm\"]}]}<\/script>\n<!-- \/ Yoast SEO plugin. -->","yoast_head_json":{"title":"Space Oddity Recollection #14 -","robots":{"index":"index","follow":"follow","max-snippet":"max-snippet:-1","max-image-preview":"max-image-preview:large","max-video-preview":"max-video-preview:-1"},"canonical":"https:\/\/teslafm.net\/en\/space-oddity-recollection-14\/","og_locale":"en_US","og_type":"article","og_title":"Space Oddity Recollection #14 -","og_description":"Space Oddity Recollection #14 Septiembre 2020 \u00abBlimp\u201d un grupo de tres artistas sonoros y m\u00fasicos: Rados\u0142aw Dziubek &#8211; electronica y percusi\u00f3n Jacek Wanat &#8211; bajo, cuerdas y voz Micha\u0142 Gi\u017cycki &#8211; saxof\u00f3n, clarinete y piano. El mixtrack consta de dos fragmentos de un concierto de Blimp, que tuvo lugar en el Reymond Palace en Konin [&hellip;]","og_url":"https:\/\/teslafm.net\/en\/space-oddity-recollection-14\/","article_publisher":"https:\/\/www.facebook.com\/teslafm.net","article_modified_time":"2021-03-13T11:37:28+00:00","og_image":[{"url":"https:\/\/teslafm.net\/wp-content\/uploads\/2020\/09\/Blimp_foto.jpg","type":"","width":"","height":""}],"twitter_card":"summary_large_image","twitter_site":"@teslafm","twitter_misc":{"Est. reading time":"1 minute"},"schema":{"@context":"https:\/\/schema.org","@graph":[{"@type":"WebPage","@id":"https:\/\/teslafm.net\/space-oddity-recollection-14\/","url":"https:\/\/teslafm.net\/space-oddity-recollection-14\/","name":"Space Oddity Recollection #14 -","isPartOf":{"@id":"https:\/\/teslafm.net\/#website"},"primaryImageOfPage":{"@id":"https:\/\/teslafm.net\/space-oddity-recollection-14\/#primaryimage"},"image":{"@id":"https:\/\/teslafm.net\/space-oddity-recollection-14\/#primaryimage"},"thumbnailUrl":"https:\/\/teslafm.net\/wp-content\/uploads\/2020\/09\/Blimp_foto.jpg","datePublished":"2020-09-22T20:22:38+00:00","dateModified":"2021-03-13T11:37:28+00:00","breadcrumb":{"@id":"https:\/\/teslafm.net\/space-oddity-recollection-14\/#breadcrumb"},"inLanguage":"en-US","potentialAction":[{"@type":"ReadAction","target":["https:\/\/teslafm.net\/space-oddity-recollection-14\/"]}]},{"@type":"ImageObject","inLanguage":"en-US","@id":"https:\/\/teslafm.net\/space-oddity-recollection-14\/#primaryimage","url":"https:\/\/teslafm.net\/wp-content\/uploads\/2020\/09\/Blimp_foto.jpg","contentUrl":"https:\/\/teslafm.net\/wp-content\/uploads\/2020\/09\/Blimp_foto.jpg"},{"@type":"BreadcrumbList","@id":"https:\/\/teslafm.net\/space-oddity-recollection-14\/#breadcrumb","itemListElement":[{"@type":"ListItem","position":1,"name":"Portada","item":"https:\/\/teslafm.net\/"},{"@type":"ListItem","position":2,"name":"Space Oddity Recollection #14"}]},{"@type":"WebSite","@id":"https:\/\/teslafm.net\/#website","url":"https:\/\/teslafm.net\/","name":"TeslaFM","description":"An experimental and creative radio","publisher":{"@id":"https:\/\/teslafm.net\/#organization"},"potentialAction":[{"@type":"SearchAction","target":{"@type":"EntryPoint","urlTemplate":"https:\/\/teslafm.net\/?s={search_term_string}"},"query-input":{"@type":"PropertyValueSpecification","valueRequired":true,"valueName":"search_term_string"}}],"inLanguage":"en-US"},{"@type":"Organization","@id":"https:\/\/teslafm.net\/#organization","name":"TeslaFM","url":"https:\/\/teslafm.net\/","logo":{"@type":"ImageObject","inLanguage":"en-US","@id":"https:\/\/teslafm.net\/#\/schema\/logo\/image\/","url":"https:\/\/teslafm.net\/wp-content\/uploads\/2020\/06\/logo-tesla.png","contentUrl":"https:\/\/teslafm.net\/wp-content\/uploads\/2020\/06\/logo-tesla.png","width":512,"height":512,"caption":"TeslaFM"},"image":{"@id":"https:\/\/teslafm.net\/#\/schema\/logo\/image\/"},"sameAs":["https:\/\/www.facebook.com\/teslafm.net","https:\/\/x.com\/teslafm"]}]}},"rttpg_featured_image_url":null,"rttpg_author":{"display_name":"Ishak","author_link":"https:\/\/teslafm.net\/en\/author\/cravan\/"},"rttpg_comment":0,"rttpg_category":null,"rttpg_excerpt":"Space Oddity Recollection #14 Septiembre 2020 \u00abBlimp\u201d un grupo de tres artistas sonoros y m\u00fasicos: Rados\u0142aw Dziubek &#8211; electronica y percusi\u00f3n Jacek Wanat &#8211; bajo, cuerdas y voz Micha\u0142 Gi\u017cycki &#8211; saxof\u00f3n, clarinete y piano. El mixtrack consta de dos fragmentos de un concierto de Blimp, que tuvo lugar en el Reymond Palace en Konin&hellip;","_links":{"self":[{"href":"https:\/\/teslafm.net\/en\/wp-json\/wp\/v2\/pages\/54785","targetHints":{"allow":["GET"]}}],"collection":[{"href":"https:\/\/teslafm.net\/en\/wp-json\/wp\/v2\/pages"}],"about":[{"href":"https:\/\/teslafm.net\/en\/wp-json\/wp\/v2\/types\/page"}],"author":[{"embeddable":true,"href":"https:\/\/teslafm.net\/en\/wp-json\/wp\/v2\/users\/19"}],"replies":[{"embeddable":true,"href":"https:\/\/teslafm.net\/en\/wp-json\/wp\/v2\/comments?post=54785"}],"version-history":[{"count":5,"href":"https:\/\/teslafm.net\/en\/wp-json\/wp\/v2\/pages\/54785\/revisions"}],"predecessor-version":[{"id":57537,"href":"https:\/\/teslafm.net\/en\/wp-json\/wp\/v2\/pages\/54785\/revisions\/57537"}],"wp:attachment":[{"href":"https:\/\/teslafm.net\/en\/wp-json\/wp\/v2\/media?parent=54785"}],"curies":[{"name":"wp","href":"https:\/\/api.w.org\/{rel}","templated":true}]}}