

{"id":54960,"date":"2020-09-28T16:22:07","date_gmt":"2020-09-28T14:22:07","guid":{"rendered":"https:\/\/teslafm.net\/?page_id=54960"},"modified":"2020-10-28T16:21:27","modified_gmt":"2020-10-28T15:21:27","slug":"ibidem-5","status":"publish","type":"page","link":"https:\/\/teslafm.net\/en\/ibidem-5\/","title":{"rendered":"Ibidem #5"},"content":{"rendered":"<h2><span style=\"color: #ffffff;\"><strong>Ibidem #5<\/strong><\/span><\/h2>\n<p><span style=\"color: #808080;\"><em>September 29, 2020<\/em><\/span><\/p>\n<p><iframe src=\"https:\/\/www.mixcloud.com\/widget\/iframe\/?hide_cover=1&amp;feed=%2FTeslafm_net%2Fibidem-5-lithiumlichene%2F\" width=\"100%\" height=\"120\" frameborder=\"0\"><\/iframe><\/p>\n<p><i><img fetchpriority=\"high\" decoding=\"async\" src=\"https:\/\/teslafm.net\/wp-content\/uploads\/2020\/09\/Ibidem-5.jpg\" alt=\"\" width=\"1000\" height=\"1000\" \/><\/i><\/p>\n<p><span style=\"color: #808080;\"><b>Lithium\/Lichene<\/b> is the nickname of a dj and prolific event curator. In 2013 she co-founded \"Ancestral Remote Future\", a Berlin-based event with the main goal of exploring the crossroads of ambient, ethnic and experimental music.  In her practice she investigates the possible meanings of \"remote future\", trying to understand to what extent we can still find traces of the distant world of the ancestors in our present, and if there is really something primordial and atavistic within us\u00a0<\/span><\/p>","protected":false},"excerpt":{"rendered":"<p>Ibidem #5 29 de Septiembre 2020 Lithium\/Lichene es el apodo de una dj y prol\u00edfica curadora de eventos. En 2013 fue cofundadora de \u00abAncestral Futuro Remoto\u00bb, un evento con sede en Berl\u00edn con el objetivo principal de explorar la encrucijada de la m\u00fasica ambient, \u00e9tnica y experimental.\u00a0 En su pr\u00e1ctica investiga los posibles significados de [&hellip;]<\/p>\n","protected":false},"author":19,"featured_media":0,"parent":0,"menu_order":0,"comment_status":"closed","ping_status":"closed","template":"","meta":{"footnotes":""},"class_list":["post-54960","page","type-page","status-publish","hentry"],"yoast_head":"<!-- This site is optimized with the Yoast SEO plugin v27.2 - https:\/\/yoast.com\/product\/yoast-seo-wordpress\/ -->\n<title>Ibidem #5 -<\/title>\n<meta name=\"robots\" content=\"index, follow, max-snippet:-1, max-image-preview:large, max-video-preview:-1\" \/>\n<link rel=\"canonical\" href=\"https:\/\/teslafm.net\/en\/ibidem-5\/\" \/>\n<meta property=\"og:locale\" content=\"en_US\" \/>\n<meta property=\"og:type\" content=\"article\" \/>\n<meta property=\"og:title\" content=\"Ibidem #5 -\" \/>\n<meta property=\"og:description\" content=\"Ibidem #5 29 de Septiembre 2020 Lithium\/Lichene es el apodo de una dj y prol\u00edfica curadora de eventos. En 2013 fue cofundadora de \u00abAncestral Futuro Remoto\u00bb, un evento con sede en Berl\u00edn con el objetivo principal de explorar la encrucijada de la m\u00fasica ambient, \u00e9tnica y experimental.\u00a0 En su pr\u00e1ctica investiga los posibles significados de [&hellip;]\" \/>\n<meta property=\"og:url\" content=\"https:\/\/teslafm.net\/en\/ibidem-5\/\" \/>\n<meta property=\"article:publisher\" content=\"https:\/\/www.facebook.com\/teslafm.net\" \/>\n<meta property=\"article:modified_time\" content=\"2020-10-28T15:21:27+00:00\" \/>\n<meta property=\"og:image\" content=\"https:\/\/teslafm.net\/wp-content\/uploads\/2020\/09\/Ibidem-5.jpg\" \/>\n<meta name=\"twitter:card\" content=\"summary_large_image\" \/>\n<meta name=\"twitter:site\" content=\"@teslafm\" \/>\n<script type=\"application\/ld+json\" class=\"yoast-schema-graph\">{\"@context\":\"https:\/\/schema.org\",\"@graph\":[{\"@type\":\"WebPage\",\"@id\":\"https:\/\/teslafm.net\/ibidem-5\/\",\"url\":\"https:\/\/teslafm.net\/ibidem-5\/\",\"name\":\"Ibidem #5 -\",\"isPartOf\":{\"@id\":\"https:\/\/teslafm.net\/#website\"},\"primaryImageOfPage\":{\"@id\":\"https:\/\/teslafm.net\/ibidem-5\/#primaryimage\"},\"image\":{\"@id\":\"https:\/\/teslafm.net\/ibidem-5\/#primaryimage\"},\"thumbnailUrl\":\"https:\/\/teslafm.net\/wp-content\/uploads\/2020\/09\/Ibidem-5.jpg\",\"datePublished\":\"2020-09-28T14:22:07+00:00\",\"dateModified\":\"2020-10-28T15:21:27+00:00\",\"breadcrumb\":{\"@id\":\"https:\/\/teslafm.net\/ibidem-5\/#breadcrumb\"},\"inLanguage\":\"en-US\",\"potentialAction\":[{\"@type\":\"ReadAction\",\"target\":[\"https:\/\/teslafm.net\/ibidem-5\/\"]}]},{\"@type\":\"ImageObject\",\"inLanguage\":\"en-US\",\"@id\":\"https:\/\/teslafm.net\/ibidem-5\/#primaryimage\",\"url\":\"https:\/\/teslafm.net\/wp-content\/uploads\/2020\/09\/Ibidem-5.jpg\",\"contentUrl\":\"https:\/\/teslafm.net\/wp-content\/uploads\/2020\/09\/Ibidem-5.jpg\"},{\"@type\":\"BreadcrumbList\",\"@id\":\"https:\/\/teslafm.net\/ibidem-5\/#breadcrumb\",\"itemListElement\":[{\"@type\":\"ListItem\",\"position\":1,\"name\":\"Portada\",\"item\":\"https:\/\/teslafm.net\/\"},{\"@type\":\"ListItem\",\"position\":2,\"name\":\"Ibidem #5\"}]},{\"@type\":\"WebSite\",\"@id\":\"https:\/\/teslafm.net\/#website\",\"url\":\"https:\/\/teslafm.net\/\",\"name\":\"TeslaFM\",\"description\":\"An experimental and creative radio\",\"publisher\":{\"@id\":\"https:\/\/teslafm.net\/#organization\"},\"potentialAction\":[{\"@type\":\"SearchAction\",\"target\":{\"@type\":\"EntryPoint\",\"urlTemplate\":\"https:\/\/teslafm.net\/?s={search_term_string}\"},\"query-input\":{\"@type\":\"PropertyValueSpecification\",\"valueRequired\":true,\"valueName\":\"search_term_string\"}}],\"inLanguage\":\"en-US\"},{\"@type\":\"Organization\",\"@id\":\"https:\/\/teslafm.net\/#organization\",\"name\":\"TeslaFM\",\"url\":\"https:\/\/teslafm.net\/\",\"logo\":{\"@type\":\"ImageObject\",\"inLanguage\":\"en-US\",\"@id\":\"https:\/\/teslafm.net\/#\/schema\/logo\/image\/\",\"url\":\"https:\/\/teslafm.net\/wp-content\/uploads\/2020\/06\/logo-tesla.png\",\"contentUrl\":\"https:\/\/teslafm.net\/wp-content\/uploads\/2020\/06\/logo-tesla.png\",\"width\":512,\"height\":512,\"caption\":\"TeslaFM\"},\"image\":{\"@id\":\"https:\/\/teslafm.net\/#\/schema\/logo\/image\/\"},\"sameAs\":[\"https:\/\/www.facebook.com\/teslafm.net\",\"https:\/\/x.com\/teslafm\"]}]}<\/script>\n<!-- \/ Yoast SEO plugin. -->","yoast_head_json":{"title":"Ibidem #5 -","robots":{"index":"index","follow":"follow","max-snippet":"max-snippet:-1","max-image-preview":"max-image-preview:large","max-video-preview":"max-video-preview:-1"},"canonical":"https:\/\/teslafm.net\/en\/ibidem-5\/","og_locale":"en_US","og_type":"article","og_title":"Ibidem #5 -","og_description":"Ibidem #5 29 de Septiembre 2020 Lithium\/Lichene es el apodo de una dj y prol\u00edfica curadora de eventos. En 2013 fue cofundadora de \u00abAncestral Futuro Remoto\u00bb, un evento con sede en Berl\u00edn con el objetivo principal de explorar la encrucijada de la m\u00fasica ambient, \u00e9tnica y experimental.\u00a0 En su pr\u00e1ctica investiga los posibles significados de [&hellip;]","og_url":"https:\/\/teslafm.net\/en\/ibidem-5\/","article_publisher":"https:\/\/www.facebook.com\/teslafm.net","article_modified_time":"2020-10-28T15:21:27+00:00","og_image":[{"url":"https:\/\/teslafm.net\/wp-content\/uploads\/2020\/09\/Ibidem-5.jpg","type":"","width":"","height":""}],"twitter_card":"summary_large_image","twitter_site":"@teslafm","schema":{"@context":"https:\/\/schema.org","@graph":[{"@type":"WebPage","@id":"https:\/\/teslafm.net\/ibidem-5\/","url":"https:\/\/teslafm.net\/ibidem-5\/","name":"Ibidem #5 -","isPartOf":{"@id":"https:\/\/teslafm.net\/#website"},"primaryImageOfPage":{"@id":"https:\/\/teslafm.net\/ibidem-5\/#primaryimage"},"image":{"@id":"https:\/\/teslafm.net\/ibidem-5\/#primaryimage"},"thumbnailUrl":"https:\/\/teslafm.net\/wp-content\/uploads\/2020\/09\/Ibidem-5.jpg","datePublished":"2020-09-28T14:22:07+00:00","dateModified":"2020-10-28T15:21:27+00:00","breadcrumb":{"@id":"https:\/\/teslafm.net\/ibidem-5\/#breadcrumb"},"inLanguage":"en-US","potentialAction":[{"@type":"ReadAction","target":["https:\/\/teslafm.net\/ibidem-5\/"]}]},{"@type":"ImageObject","inLanguage":"en-US","@id":"https:\/\/teslafm.net\/ibidem-5\/#primaryimage","url":"https:\/\/teslafm.net\/wp-content\/uploads\/2020\/09\/Ibidem-5.jpg","contentUrl":"https:\/\/teslafm.net\/wp-content\/uploads\/2020\/09\/Ibidem-5.jpg"},{"@type":"BreadcrumbList","@id":"https:\/\/teslafm.net\/ibidem-5\/#breadcrumb","itemListElement":[{"@type":"ListItem","position":1,"name":"Portada","item":"https:\/\/teslafm.net\/"},{"@type":"ListItem","position":2,"name":"Ibidem #5"}]},{"@type":"WebSite","@id":"https:\/\/teslafm.net\/#website","url":"https:\/\/teslafm.net\/","name":"TeslaFM","description":"An experimental and creative radio","publisher":{"@id":"https:\/\/teslafm.net\/#organization"},"potentialAction":[{"@type":"SearchAction","target":{"@type":"EntryPoint","urlTemplate":"https:\/\/teslafm.net\/?s={search_term_string}"},"query-input":{"@type":"PropertyValueSpecification","valueRequired":true,"valueName":"search_term_string"}}],"inLanguage":"en-US"},{"@type":"Organization","@id":"https:\/\/teslafm.net\/#organization","name":"TeslaFM","url":"https:\/\/teslafm.net\/","logo":{"@type":"ImageObject","inLanguage":"en-US","@id":"https:\/\/teslafm.net\/#\/schema\/logo\/image\/","url":"https:\/\/teslafm.net\/wp-content\/uploads\/2020\/06\/logo-tesla.png","contentUrl":"https:\/\/teslafm.net\/wp-content\/uploads\/2020\/06\/logo-tesla.png","width":512,"height":512,"caption":"TeslaFM"},"image":{"@id":"https:\/\/teslafm.net\/#\/schema\/logo\/image\/"},"sameAs":["https:\/\/www.facebook.com\/teslafm.net","https:\/\/x.com\/teslafm"]}]}},"rttpg_featured_image_url":null,"rttpg_author":{"display_name":"Ishak","author_link":"https:\/\/teslafm.net\/en\/author\/cravan\/"},"rttpg_comment":0,"rttpg_category":null,"rttpg_excerpt":"Ibidem #5 29 de Septiembre 2020 Lithium\/Lichene es el apodo de una dj y prol\u00edfica curadora de eventos. En 2013 fue cofundadora de \u00abAncestral Futuro Remoto\u00bb, un evento con sede en Berl\u00edn con el objetivo principal de explorar la encrucijada de la m\u00fasica ambient, \u00e9tnica y experimental.\u00a0 En su pr\u00e1ctica investiga los posibles significados de&hellip;","_links":{"self":[{"href":"https:\/\/teslafm.net\/en\/wp-json\/wp\/v2\/pages\/54960","targetHints":{"allow":["GET"]}}],"collection":[{"href":"https:\/\/teslafm.net\/en\/wp-json\/wp\/v2\/pages"}],"about":[{"href":"https:\/\/teslafm.net\/en\/wp-json\/wp\/v2\/types\/page"}],"author":[{"embeddable":true,"href":"https:\/\/teslafm.net\/en\/wp-json\/wp\/v2\/users\/19"}],"replies":[{"embeddable":true,"href":"https:\/\/teslafm.net\/en\/wp-json\/wp\/v2\/comments?post=54960"}],"version-history":[{"count":12,"href":"https:\/\/teslafm.net\/en\/wp-json\/wp\/v2\/pages\/54960\/revisions"}],"predecessor-version":[{"id":55636,"href":"https:\/\/teslafm.net\/en\/wp-json\/wp\/v2\/pages\/54960\/revisions\/55636"}],"wp:attachment":[{"href":"https:\/\/teslafm.net\/en\/wp-json\/wp\/v2\/media?parent=54960"}],"curies":[{"name":"wp","href":"https:\/\/api.w.org\/{rel}","templated":true}]}}