

{"id":55010,"date":"2020-10-02T11:07:23","date_gmt":"2020-10-02T09:07:23","guid":{"rendered":"https:\/\/teslafm.net\/?page_id=55010"},"modified":"2020-12-21T09:20:36","modified_gmt":"2020-12-21T08:20:36","slug":"fmerides-5","status":"publish","type":"page","link":"https:\/\/teslafm.net\/en\/fmerides-5\/","title":{"rendered":"#5"},"content":{"rendered":"<h2><span style=\"color: #ffffff;\"><strong>#5<\/strong><\/span><\/h2>\n<p><em><span style=\"color: #808080;\">The demise of the GDR, October 1, 2020<\/span><br \/>\n<\/em><\/p>\n<p><iframe src=\"https:\/\/www.mixcloud.com\/widget\/iframe\/?hide_cover=1&amp;feed=%2FTeslafm_net%2Ffm%C3%A9rides-5-david-puente-sharay-larios%2F\" width=\"100%\" height=\"120\" frameborder=\"0\"><\/iframe><\/p>\n<p><span style=\"color: #808080;\">We take our imaginations back to the former GDR to meet with <b>Shaday Larios<\/b> who went to Berlin with his agency of object detectives, in order to study the relationship of the neighbors of the communist part of Berlin with those objects characteristic of that regime, such as the mesh bags, ideal to avoid the indiscreet looks of the <b>Stasi<\/b>. Objects that, by the way, are still highly valued by Berliners today. The publishing house <b>The Broken Nail<\/b> published a few months ago his book <b>Object Detectives<\/b> in which the tribulations of this very particular agency are explained, during its investigations in Girona, Barcelona and Berlin, the city that concerns us today.<\/span><\/p>\n<p><span style=\"color: #808080;\">On the 30th anniversary of the disappearance of the <b>RDA<\/b>we are going to listen to songs from producers born in the <b>DDR<\/b>such as the pioneering electronics project <b>POND<\/b>the new wave made in Karl-Marx-Stadt from the band <b>AG Geige<\/b> (in which he was a militant <b>Frank Breatschneider<\/b>The brown electronic seal strut, <b>Raster Noton<\/b>), a version of the <b>Crockett's Theme<\/b> by the work of <b>Key<\/b> from <b>Frank Fehse<\/b>as well as the debut of the trance king, <b>Paul Van Dyk<\/b>.<\/span><\/p>\n<p><span style=\"color: #808080;\">Tracklist:<\/span><br \/>\n<span style=\"color: #808080;\"><strong>Die Sputniks<\/strong> - Sputnik-Thema (Die Fr\u00fchen Jahre LP\/1982)<\/span><br \/>\n<span style=\"color: #808080;\"><strong>Kosmischer L\u00e4ufer<\/strong> - Tonband Laufspur (The Secret Cosmic Music Of The East German Olympic Program 1972-83 - Volume One\/2013)<\/span><br \/>\n<span style=\"color: #808080;\"><strong>Rainer Oleak<\/strong> - Unb\u00e4ndig (Birth LP\/2017)<\/span><br \/>\n<span style=\"color: #808080;\"><strong>P.O.N.D.<\/strong> - Zeitmaschine - (P O N D Planetenwind LP\/1982)<\/span><br \/>\n<span style=\"color: #808080;\"><strong>Paul van Dyk<\/strong> - Pumpin' (Pump This Party \/ Pumpin' 12\" \/1994)<\/span><br \/>\n<span style=\"color: #808080;\"><strong>Die Unbekannten<\/strong> - Don't tell me stories (Don't Tell Me Stories LP\/2005)<\/span><br \/>\n<span style=\"color: #808080;\"><strong>Wolf Biermann<\/strong> - Comandante Che Guevara(Chile (Ballade Vom Kameramann) \/ Comandante Che Guevara 7\"\/1973)<\/span><br \/>\n<span style=\"color: #808080;\"><strong>AG Geige<\/strong> - Yachtclub &amp; Buchteln (Yachtclub &amp; Buchteln LP\/1987)<\/span><br \/>\n<span style=\"color: #808080;\"><strong>Key<\/strong> - Crockett's Theme (Key LP\/1987)<\/span><\/p>","protected":false},"excerpt":{"rendered":"<p>FM\u00e9rides #5 La desaparici\u00f3n de la RDA, 1 de Octubre de 2020 Nos vamos con la imaginaci\u00f3n hasta la extinta RDA para reunirnos con Shaday Larios que se desplaz\u00f3 hasta Berl\u00edn con su agencia de detectives de objetos, con el fin de estudiar la relaci\u00f3n de los vecinos de la parte comunista de Berl\u00edn con [&hellip;]<\/p>\n","protected":false},"author":19,"featured_media":0,"parent":0,"menu_order":0,"comment_status":"closed","ping_status":"closed","template":"","meta":{"footnotes":""},"class_list":["post-55010","page","type-page","status-publish","hentry"],"yoast_head":"<!-- This site is optimized with the Yoast SEO plugin v27.4 - https:\/\/yoast.com\/product\/yoast-seo-wordpress\/ -->\n<title>FM\u00e9rides #5 -<\/title>\n<meta name=\"robots\" content=\"index, follow, max-snippet:-1, max-image-preview:large, max-video-preview:-1\" \/>\n<link rel=\"canonical\" href=\"https:\/\/teslafm.net\/en\/fmerides-5\/\" \/>\n<meta property=\"og:locale\" content=\"en_US\" \/>\n<meta property=\"og:type\" content=\"article\" \/>\n<meta property=\"og:title\" content=\"FM\u00e9rides #5 -\" \/>\n<meta property=\"og:description\" content=\"FM\u00e9rides #5 La desaparici\u00f3n de la RDA, 1 de Octubre de 2020 Nos vamos con la imaginaci\u00f3n hasta la extinta RDA para reunirnos con Shaday Larios que se desplaz\u00f3 hasta Berl\u00edn con su agencia de detectives de objetos, con el fin de estudiar la relaci\u00f3n de los vecinos de la parte comunista de Berl\u00edn con [&hellip;]\" \/>\n<meta property=\"og:url\" content=\"https:\/\/teslafm.net\/en\/fmerides-5\/\" \/>\n<meta property=\"article:publisher\" content=\"https:\/\/www.facebook.com\/teslafm.net\" \/>\n<meta property=\"article:modified_time\" content=\"2020-12-21T08:20:36+00:00\" \/>\n<meta property=\"og:image\" content=\"https:\/\/teslafm.net\/wp-content\/uploads\/2022\/09\/header-image-4-temp.png\" \/>\n\t<meta property=\"og:image:width\" content=\"1274\" \/>\n\t<meta property=\"og:image:height\" content=\"818\" \/>\n\t<meta property=\"og:image:type\" content=\"image\/png\" \/>\n<meta name=\"twitter:card\" content=\"summary_large_image\" \/>\n<meta name=\"twitter:site\" content=\"@teslafm\" \/>\n<meta name=\"twitter:label1\" content=\"Est. reading time\" \/>\n\t<meta name=\"twitter:data1\" content=\"2 minutes\" \/>\n<script type=\"application\/ld+json\" class=\"yoast-schema-graph\">{\"@context\":\"https:\\\/\\\/schema.org\",\"@graph\":[{\"@type\":\"WebPage\",\"@id\":\"https:\\\/\\\/teslafm.net\\\/fmerides-5\\\/\",\"url\":\"https:\\\/\\\/teslafm.net\\\/fmerides-5\\\/\",\"name\":\"FM\u00e9rides #5 -\",\"isPartOf\":{\"@id\":\"https:\\\/\\\/teslafm.net\\\/#website\"},\"datePublished\":\"2020-10-02T09:07:23+00:00\",\"dateModified\":\"2020-12-21T08:20:36+00:00\",\"breadcrumb\":{\"@id\":\"https:\\\/\\\/teslafm.net\\\/fmerides-5\\\/#breadcrumb\"},\"inLanguage\":\"en-US\",\"potentialAction\":[{\"@type\":\"ReadAction\",\"target\":[\"https:\\\/\\\/teslafm.net\\\/fmerides-5\\\/\"]}]},{\"@type\":\"BreadcrumbList\",\"@id\":\"https:\\\/\\\/teslafm.net\\\/fmerides-5\\\/#breadcrumb\",\"itemListElement\":[{\"@type\":\"ListItem\",\"position\":1,\"name\":\"Portada\",\"item\":\"https:\\\/\\\/teslafm.net\\\/\"},{\"@type\":\"ListItem\",\"position\":2,\"name\":\"FM\u00e9rides #5\"}]},{\"@type\":\"WebSite\",\"@id\":\"https:\\\/\\\/teslafm.net\\\/#website\",\"url\":\"https:\\\/\\\/teslafm.net\\\/\",\"name\":\"TeslaFM\",\"description\":\"An experimental and creative radio\",\"publisher\":{\"@id\":\"https:\\\/\\\/teslafm.net\\\/#organization\"},\"potentialAction\":[{\"@type\":\"SearchAction\",\"target\":{\"@type\":\"EntryPoint\",\"urlTemplate\":\"https:\\\/\\\/teslafm.net\\\/?s={search_term_string}\"},\"query-input\":{\"@type\":\"PropertyValueSpecification\",\"valueRequired\":true,\"valueName\":\"search_term_string\"}}],\"inLanguage\":\"en-US\"},{\"@type\":\"Organization\",\"@id\":\"https:\\\/\\\/teslafm.net\\\/#organization\",\"name\":\"TeslaFM\",\"url\":\"https:\\\/\\\/teslafm.net\\\/\",\"logo\":{\"@type\":\"ImageObject\",\"inLanguage\":\"en-US\",\"@id\":\"https:\\\/\\\/teslafm.net\\\/#\\\/schema\\\/logo\\\/image\\\/\",\"url\":\"https:\\\/\\\/teslafm.net\\\/wp-content\\\/uploads\\\/2020\\\/06\\\/logo-tesla.png\",\"contentUrl\":\"https:\\\/\\\/teslafm.net\\\/wp-content\\\/uploads\\\/2020\\\/06\\\/logo-tesla.png\",\"width\":512,\"height\":512,\"caption\":\"TeslaFM\"},\"image\":{\"@id\":\"https:\\\/\\\/teslafm.net\\\/#\\\/schema\\\/logo\\\/image\\\/\"},\"sameAs\":[\"https:\\\/\\\/www.facebook.com\\\/teslafm.net\",\"https:\\\/\\\/x.com\\\/teslafm\"]}]}<\/script>\n<!-- \/ Yoast SEO plugin. -->","yoast_head_json":{"title":"#5 - FM\u00e9rides","robots":{"index":"index","follow":"follow","max-snippet":"max-snippet:-1","max-image-preview":"max-image-preview:large","max-video-preview":"max-video-preview:-1"},"canonical":"https:\/\/teslafm.net\/en\/fmerides-5\/","og_locale":"en_US","og_type":"article","og_title":"FM\u00e9rides #5 -","og_description":"FM\u00e9rides #5 La desaparici\u00f3n de la RDA, 1 de Octubre de 2020 Nos vamos con la imaginaci\u00f3n hasta la extinta RDA para reunirnos con Shaday Larios que se desplaz\u00f3 hasta Berl\u00edn con su agencia de detectives de objetos, con el fin de estudiar la relaci\u00f3n de los vecinos de la parte comunista de Berl\u00edn con [&hellip;]","og_url":"https:\/\/teslafm.net\/en\/fmerides-5\/","article_publisher":"https:\/\/www.facebook.com\/teslafm.net","article_modified_time":"2020-12-21T08:20:36+00:00","og_image":[{"width":1274,"height":818,"url":"https:\/\/teslafm.net\/wp-content\/uploads\/2022\/09\/header-image-4-temp.png","type":"image\/png"}],"twitter_card":"summary_large_image","twitter_site":"@teslafm","twitter_misc":{"Est. reading time":"2 minutes"},"schema":{"@context":"https:\/\/schema.org","@graph":[{"@type":"WebPage","@id":"https:\/\/teslafm.net\/fmerides-5\/","url":"https:\/\/teslafm.net\/fmerides-5\/","name":"#5 - FM\u00e9rides","isPartOf":{"@id":"https:\/\/teslafm.net\/#website"},"datePublished":"2020-10-02T09:07:23+00:00","dateModified":"2020-12-21T08:20:36+00:00","breadcrumb":{"@id":"https:\/\/teslafm.net\/fmerides-5\/#breadcrumb"},"inLanguage":"en-US","potentialAction":[{"@type":"ReadAction","target":["https:\/\/teslafm.net\/fmerides-5\/"]}]},{"@type":"BreadcrumbList","@id":"https:\/\/teslafm.net\/fmerides-5\/#breadcrumb","itemListElement":[{"@type":"ListItem","position":1,"name":"Portada","item":"https:\/\/teslafm.net\/"},{"@type":"ListItem","position":2,"name":"FM\u00e9rides #5"}]},{"@type":"WebSite","@id":"https:\/\/teslafm.net\/#website","url":"https:\/\/teslafm.net\/","name":"TeslaFM","description":"An experimental and creative radio","publisher":{"@id":"https:\/\/teslafm.net\/#organization"},"potentialAction":[{"@type":"SearchAction","target":{"@type":"EntryPoint","urlTemplate":"https:\/\/teslafm.net\/?s={search_term_string}"},"query-input":{"@type":"PropertyValueSpecification","valueRequired":true,"valueName":"search_term_string"}}],"inLanguage":"en-US"},{"@type":"Organization","@id":"https:\/\/teslafm.net\/#organization","name":"TeslaFM","url":"https:\/\/teslafm.net\/","logo":{"@type":"ImageObject","inLanguage":"en-US","@id":"https:\/\/teslafm.net\/#\/schema\/logo\/image\/","url":"https:\/\/teslafm.net\/wp-content\/uploads\/2020\/06\/logo-tesla.png","contentUrl":"https:\/\/teslafm.net\/wp-content\/uploads\/2020\/06\/logo-tesla.png","width":512,"height":512,"caption":"TeslaFM"},"image":{"@id":"https:\/\/teslafm.net\/#\/schema\/logo\/image\/"},"sameAs":["https:\/\/www.facebook.com\/teslafm.net","https:\/\/x.com\/teslafm"]}]}},"rttpg_featured_image_url":null,"rttpg_author":{"display_name":"Ishak","author_link":"https:\/\/teslafm.net\/en\/author\/cravan\/"},"rttpg_comment":0,"rttpg_category":null,"rttpg_excerpt":"FM\u00e9rides #5 La desaparici\u00f3n de la RDA, 1 de Octubre de 2020 Nos vamos con la imaginaci\u00f3n hasta la extinta RDA para reunirnos con Shaday Larios que se desplaz\u00f3 hasta Berl\u00edn con su agencia de detectives de objetos, con el fin de estudiar la relaci\u00f3n de los vecinos de la parte comunista de Berl\u00edn con&hellip;","_links":{"self":[{"href":"https:\/\/teslafm.net\/en\/wp-json\/wp\/v2\/pages\/55010","targetHints":{"allow":["GET"]}}],"collection":[{"href":"https:\/\/teslafm.net\/en\/wp-json\/wp\/v2\/pages"}],"about":[{"href":"https:\/\/teslafm.net\/en\/wp-json\/wp\/v2\/types\/page"}],"author":[{"embeddable":true,"href":"https:\/\/teslafm.net\/en\/wp-json\/wp\/v2\/users\/19"}],"replies":[{"embeddable":true,"href":"https:\/\/teslafm.net\/en\/wp-json\/wp\/v2\/comments?post=55010"}],"version-history":[{"count":5,"href":"https:\/\/teslafm.net\/en\/wp-json\/wp\/v2\/pages\/55010\/revisions"}],"predecessor-version":[{"id":55983,"href":"https:\/\/teslafm.net\/en\/wp-json\/wp\/v2\/pages\/55010\/revisions\/55983"}],"wp:attachment":[{"href":"https:\/\/teslafm.net\/en\/wp-json\/wp\/v2\/media?parent=55010"}],"curies":[{"name":"wp","href":"https:\/\/api.w.org\/{rel}","templated":true}]}}