

{"id":55186,"date":"2020-10-04T11:32:16","date_gmt":"2020-10-04T09:32:16","guid":{"rendered":"https:\/\/teslafm.net\/?page_id=55186"},"modified":"2022-12-07T14:24:54","modified_gmt":"2022-12-07T13:24:54","slug":"luna-llena-11","status":"publish","type":"page","link":"https:\/\/teslafm.net\/en\/luna-llena-11\/","title":{"rendered":"Full Moon #11"},"content":{"rendered":"<h2><span style=\"color: #ffffff;\"><strong>Full Moon #11<\/strong><\/span><\/h2>\n<p><span style=\"color: #808080;\"><em>Lycanthropy<\/em><\/span><\/p>\n<p><iframe src=\"https:\/\/www.mixcloud.com\/widget\/iframe\/?hide_cover=1&amp;feed=%2FTeslafm_net%2Fluna-llena-11-licantrop%C3%ADa%2F\" width=\"100%\" height=\"120\" frameborder=\"0\"><\/iframe><\/p>\n<p><img fetchpriority=\"high\" decoding=\"async\" src=\"https:\/\/teslafm.net\/wp-content\/uploads\/2020\/10\/Werwolf.png\" alt=\"\" width=\"747\" height=\"964\" \/><\/p>\n<p><span style=\"color: #808080;\">Lycanthropy<\/span><br \/>\n<span style=\"color: #808080;\">Wolf Woman<\/span><br \/>\n<span style=\"color: #808080;\">Werewolf of Chalons<\/span><br \/>\n<span style=\"color: #808080;\">The wolf forest<\/span><br \/>\n<a href=\"https:\/\/teslafm.net\/wp-content\/uploads\/2020\/10\/Negro-Blanco-Rojo-Corporativo-Empresa-General-Informe.pdf\" target=\"_blank\" rel=\"noopener noreferrer\">Romansanta, Origin of the myth<\/a><br \/>\n<span style=\"color: #808080;\">The case<\/span><\/p>\n<p><span style=\"color: #808080;\">Narration: <b>Ciara Mooom<\/b><\/span><\/p>\n<p><span style=\"color: #808080;\"><strong><b>BACKGROUND MUSIC<\/b><br \/>\n<\/strong>Album \"By the Throat\" (2009) by <b>Ben Frost<\/b><\/span><br \/>\n<span style=\"color: #808080;\">The Carpathians 3. \u00d3 God Protect Me 4. H\u00edbak\u00fasja 5. Untitled Transient 6. Peter Venkman, part I 7.<\/span><\/p>\n<p><span style=\"color: #808080;\"><b>SOUND ARCHIVES<br \/>\n<\/b>01. Sequence of the movie \"<i>The wolf forest<\/i>\" (1971). Directed by Pedro Olea. Starring <b>Jos\u00e9 Luis L\u00f3pez V\u00e1zquez<\/b>, <b>Amparo Soler Leal<\/b>, <b>Antonio Casas<\/b>, <b>Nuria Torray<\/b>, <b>Alfredo Mayo<\/b>, <b>John Steiner<\/b>, <b>Maria Arias<\/b>, <b>Modesto Blanch<\/b>.<\/span><br \/>\n<span style=\"color: #808080;\">02. \"<i>The sacauntos of Allariz<\/i>\". Copla de ciego. This is a typical blind man's romance based on the true story of Manuel Blanco Romasanta, known as The Werewolf of Allariz. S XIX.(Musical instrument, hurdy-gurdy).<\/span><br \/>\n<span style=\"color: #808080;\">03. 6 polar wolves in a howling concert<\/span><br \/>\n<span style=\"color: #808080;\">04. Danny Elfman \"The Wolfman Suite\" (2010, BSO)<\/span><\/p>\n<p><span style=\"color: #808080;\">Produced by <\/span><b><span style=\"color: #808080;\">Ishak Benavides, Ea7_dmZ and Ciara Mooom.<\/span><\/b><\/p>","protected":false},"excerpt":{"rendered":"<p>Luna Llena #11 Licantrop\u00eda Licantropia Mujer Lobo Hombre lobo de Chalons El bosque del lobo Romansanta, Origen del mito El caso Narraci\u00f3n: Ciara Mooom M\u00daSICA DE FONDO \u00c1lbum \u201cBy the Throat\u201d (2009) de Ben Frost 1. Killshot 2. The Carpathians 3. \u00d3 God Protect Me 4. H\u00edbak\u00fasja 5. Untitled Transient 6. Peter Venkman, part I [&hellip;]<\/p>\n","protected":false},"author":19,"featured_media":0,"parent":0,"menu_order":0,"comment_status":"closed","ping_status":"closed","template":"","meta":{"footnotes":""},"class_list":["post-55186","page","type-page","status-publish","hentry"],"yoast_head":"<!-- This site is optimized with the Yoast SEO plugin v27.4 - https:\/\/yoast.com\/product\/yoast-seo-wordpress\/ -->\n<title>Luna Llena #11 -<\/title>\n<meta name=\"robots\" content=\"index, follow, max-snippet:-1, max-image-preview:large, max-video-preview:-1\" \/>\n<link rel=\"canonical\" href=\"https:\/\/teslafm.net\/en\/luna-llena-11\/\" \/>\n<meta property=\"og:locale\" content=\"en_US\" \/>\n<meta property=\"og:type\" content=\"article\" \/>\n<meta property=\"og:title\" content=\"Luna Llena #11 -\" \/>\n<meta property=\"og:description\" content=\"Luna Llena #11 Licantrop\u00eda Licantropia Mujer Lobo Hombre lobo de Chalons El bosque del lobo Romansanta, Origen del mito El caso Narraci\u00f3n: Ciara Mooom M\u00daSICA DE FONDO \u00c1lbum \u201cBy the Throat\u201d (2009) de Ben Frost 1. Killshot 2. The Carpathians 3. \u00d3 God Protect Me 4. H\u00edbak\u00fasja 5. Untitled Transient 6. Peter Venkman, part I [&hellip;]\" \/>\n<meta property=\"og:url\" content=\"https:\/\/teslafm.net\/en\/luna-llena-11\/\" \/>\n<meta property=\"article:publisher\" content=\"https:\/\/www.facebook.com\/teslafm.net\" \/>\n<meta property=\"article:modified_time\" content=\"2022-12-07T13:24:54+00:00\" \/>\n<meta property=\"og:image\" content=\"https:\/\/teslafm.net\/wp-content\/uploads\/2020\/10\/Werwolf.png\" \/>\n<meta name=\"twitter:card\" content=\"summary_large_image\" \/>\n<meta name=\"twitter:site\" content=\"@teslafm\" \/>\n<meta name=\"twitter:label1\" content=\"Est. reading time\" \/>\n\t<meta name=\"twitter:data1\" content=\"1 minute\" \/>\n<script type=\"application\/ld+json\" class=\"yoast-schema-graph\">{\"@context\":\"https:\\\/\\\/schema.org\",\"@graph\":[{\"@type\":\"WebPage\",\"@id\":\"https:\\\/\\\/teslafm.net\\\/luna-llena-11\\\/\",\"url\":\"https:\\\/\\\/teslafm.net\\\/luna-llena-11\\\/\",\"name\":\"Luna Llena #11 -\",\"isPartOf\":{\"@id\":\"https:\\\/\\\/teslafm.net\\\/#website\"},\"primaryImageOfPage\":{\"@id\":\"https:\\\/\\\/teslafm.net\\\/luna-llena-11\\\/#primaryimage\"},\"image\":{\"@id\":\"https:\\\/\\\/teslafm.net\\\/luna-llena-11\\\/#primaryimage\"},\"thumbnailUrl\":\"https:\\\/\\\/teslafm.net\\\/wp-content\\\/uploads\\\/2020\\\/10\\\/Werwolf.png\",\"datePublished\":\"2020-10-04T09:32:16+00:00\",\"dateModified\":\"2022-12-07T13:24:54+00:00\",\"breadcrumb\":{\"@id\":\"https:\\\/\\\/teslafm.net\\\/luna-llena-11\\\/#breadcrumb\"},\"inLanguage\":\"en-US\",\"potentialAction\":[{\"@type\":\"ReadAction\",\"target\":[\"https:\\\/\\\/teslafm.net\\\/luna-llena-11\\\/\"]}]},{\"@type\":\"ImageObject\",\"inLanguage\":\"en-US\",\"@id\":\"https:\\\/\\\/teslafm.net\\\/luna-llena-11\\\/#primaryimage\",\"url\":\"https:\\\/\\\/teslafm.net\\\/wp-content\\\/uploads\\\/2020\\\/10\\\/Werwolf.png\",\"contentUrl\":\"https:\\\/\\\/teslafm.net\\\/wp-content\\\/uploads\\\/2020\\\/10\\\/Werwolf.png\"},{\"@type\":\"BreadcrumbList\",\"@id\":\"https:\\\/\\\/teslafm.net\\\/luna-llena-11\\\/#breadcrumb\",\"itemListElement\":[{\"@type\":\"ListItem\",\"position\":1,\"name\":\"Portada\",\"item\":\"https:\\\/\\\/teslafm.net\\\/\"},{\"@type\":\"ListItem\",\"position\":2,\"name\":\"Luna Llena #11\"}]},{\"@type\":\"WebSite\",\"@id\":\"https:\\\/\\\/teslafm.net\\\/#website\",\"url\":\"https:\\\/\\\/teslafm.net\\\/\",\"name\":\"TeslaFM\",\"description\":\"An experimental and creative radio\",\"publisher\":{\"@id\":\"https:\\\/\\\/teslafm.net\\\/#organization\"},\"potentialAction\":[{\"@type\":\"SearchAction\",\"target\":{\"@type\":\"EntryPoint\",\"urlTemplate\":\"https:\\\/\\\/teslafm.net\\\/?s={search_term_string}\"},\"query-input\":{\"@type\":\"PropertyValueSpecification\",\"valueRequired\":true,\"valueName\":\"search_term_string\"}}],\"inLanguage\":\"en-US\"},{\"@type\":\"Organization\",\"@id\":\"https:\\\/\\\/teslafm.net\\\/#organization\",\"name\":\"TeslaFM\",\"url\":\"https:\\\/\\\/teslafm.net\\\/\",\"logo\":{\"@type\":\"ImageObject\",\"inLanguage\":\"en-US\",\"@id\":\"https:\\\/\\\/teslafm.net\\\/#\\\/schema\\\/logo\\\/image\\\/\",\"url\":\"https:\\\/\\\/teslafm.net\\\/wp-content\\\/uploads\\\/2020\\\/06\\\/logo-tesla.png\",\"contentUrl\":\"https:\\\/\\\/teslafm.net\\\/wp-content\\\/uploads\\\/2020\\\/06\\\/logo-tesla.png\",\"width\":512,\"height\":512,\"caption\":\"TeslaFM\"},\"image\":{\"@id\":\"https:\\\/\\\/teslafm.net\\\/#\\\/schema\\\/logo\\\/image\\\/\"},\"sameAs\":[\"https:\\\/\\\/www.facebook.com\\\/teslafm.net\",\"https:\\\/\\\/x.com\\\/teslafm\"]}]}<\/script>\n<!-- \/ Yoast SEO plugin. -->","yoast_head_json":{"title":"Full Moon #11 -","robots":{"index":"index","follow":"follow","max-snippet":"max-snippet:-1","max-image-preview":"max-image-preview:large","max-video-preview":"max-video-preview:-1"},"canonical":"https:\/\/teslafm.net\/en\/luna-llena-11\/","og_locale":"en_US","og_type":"article","og_title":"Luna Llena #11 -","og_description":"Luna Llena #11 Licantrop\u00eda Licantropia Mujer Lobo Hombre lobo de Chalons El bosque del lobo Romansanta, Origen del mito El caso Narraci\u00f3n: Ciara Mooom M\u00daSICA DE FONDO \u00c1lbum \u201cBy the Throat\u201d (2009) de Ben Frost 1. Killshot 2. The Carpathians 3. \u00d3 God Protect Me 4. H\u00edbak\u00fasja 5. Untitled Transient 6. Peter Venkman, part I [&hellip;]","og_url":"https:\/\/teslafm.net\/en\/luna-llena-11\/","article_publisher":"https:\/\/www.facebook.com\/teslafm.net","article_modified_time":"2022-12-07T13:24:54+00:00","og_image":[{"url":"https:\/\/teslafm.net\/wp-content\/uploads\/2020\/10\/Werwolf.png","type":"","width":"","height":""}],"twitter_card":"summary_large_image","twitter_site":"@teslafm","twitter_misc":{"Est. reading time":"1 minute"},"schema":{"@context":"https:\/\/schema.org","@graph":[{"@type":"WebPage","@id":"https:\/\/teslafm.net\/luna-llena-11\/","url":"https:\/\/teslafm.net\/luna-llena-11\/","name":"Full Moon #11 -","isPartOf":{"@id":"https:\/\/teslafm.net\/#website"},"primaryImageOfPage":{"@id":"https:\/\/teslafm.net\/luna-llena-11\/#primaryimage"},"image":{"@id":"https:\/\/teslafm.net\/luna-llena-11\/#primaryimage"},"thumbnailUrl":"https:\/\/teslafm.net\/wp-content\/uploads\/2020\/10\/Werwolf.png","datePublished":"2020-10-04T09:32:16+00:00","dateModified":"2022-12-07T13:24:54+00:00","breadcrumb":{"@id":"https:\/\/teslafm.net\/luna-llena-11\/#breadcrumb"},"inLanguage":"en-US","potentialAction":[{"@type":"ReadAction","target":["https:\/\/teslafm.net\/luna-llena-11\/"]}]},{"@type":"ImageObject","inLanguage":"en-US","@id":"https:\/\/teslafm.net\/luna-llena-11\/#primaryimage","url":"https:\/\/teslafm.net\/wp-content\/uploads\/2020\/10\/Werwolf.png","contentUrl":"https:\/\/teslafm.net\/wp-content\/uploads\/2020\/10\/Werwolf.png"},{"@type":"BreadcrumbList","@id":"https:\/\/teslafm.net\/luna-llena-11\/#breadcrumb","itemListElement":[{"@type":"ListItem","position":1,"name":"Portada","item":"https:\/\/teslafm.net\/"},{"@type":"ListItem","position":2,"name":"Luna Llena #11"}]},{"@type":"WebSite","@id":"https:\/\/teslafm.net\/#website","url":"https:\/\/teslafm.net\/","name":"TeslaFM","description":"An experimental and creative radio","publisher":{"@id":"https:\/\/teslafm.net\/#organization"},"potentialAction":[{"@type":"SearchAction","target":{"@type":"EntryPoint","urlTemplate":"https:\/\/teslafm.net\/?s={search_term_string}"},"query-input":{"@type":"PropertyValueSpecification","valueRequired":true,"valueName":"search_term_string"}}],"inLanguage":"en-US"},{"@type":"Organization","@id":"https:\/\/teslafm.net\/#organization","name":"TeslaFM","url":"https:\/\/teslafm.net\/","logo":{"@type":"ImageObject","inLanguage":"en-US","@id":"https:\/\/teslafm.net\/#\/schema\/logo\/image\/","url":"https:\/\/teslafm.net\/wp-content\/uploads\/2020\/06\/logo-tesla.png","contentUrl":"https:\/\/teslafm.net\/wp-content\/uploads\/2020\/06\/logo-tesla.png","width":512,"height":512,"caption":"TeslaFM"},"image":{"@id":"https:\/\/teslafm.net\/#\/schema\/logo\/image\/"},"sameAs":["https:\/\/www.facebook.com\/teslafm.net","https:\/\/x.com\/teslafm"]}]}},"rttpg_featured_image_url":null,"rttpg_author":{"display_name":"Ishak","author_link":"https:\/\/teslafm.net\/en\/author\/cravan\/"},"rttpg_comment":0,"rttpg_category":null,"rttpg_excerpt":"Luna Llena #11 Licantrop\u00eda Licantropia Mujer Lobo Hombre lobo de Chalons El bosque del lobo Romansanta, Origen del mito El caso Narraci\u00f3n: Ciara Mooom M\u00daSICA DE FONDO \u00c1lbum \u201cBy the Throat\u201d (2009) de Ben Frost 1. Killshot 2. The Carpathians 3. \u00d3 God Protect Me 4. H\u00edbak\u00fasja 5. Untitled Transient 6. Peter Venkman, part I&hellip;","_links":{"self":[{"href":"https:\/\/teslafm.net\/en\/wp-json\/wp\/v2\/pages\/55186","targetHints":{"allow":["GET"]}}],"collection":[{"href":"https:\/\/teslafm.net\/en\/wp-json\/wp\/v2\/pages"}],"about":[{"href":"https:\/\/teslafm.net\/en\/wp-json\/wp\/v2\/types\/page"}],"author":[{"embeddable":true,"href":"https:\/\/teslafm.net\/en\/wp-json\/wp\/v2\/users\/19"}],"replies":[{"embeddable":true,"href":"https:\/\/teslafm.net\/en\/wp-json\/wp\/v2\/comments?post=55186"}],"version-history":[{"count":8,"href":"https:\/\/teslafm.net\/en\/wp-json\/wp\/v2\/pages\/55186\/revisions"}],"predecessor-version":[{"id":60991,"href":"https:\/\/teslafm.net\/en\/wp-json\/wp\/v2\/pages\/55186\/revisions\/60991"}],"wp:attachment":[{"href":"https:\/\/teslafm.net\/en\/wp-json\/wp\/v2\/media?parent=55186"}],"curies":[{"name":"wp","href":"https:\/\/api.w.org\/{rel}","templated":true}]}}