

{"id":55355,"date":"2020-10-06T19:33:44","date_gmt":"2020-10-06T17:33:44","guid":{"rendered":"https:\/\/teslafm.net\/?page_id=55355"},"modified":"2021-02-04T11:30:21","modified_gmt":"2021-02-04T10:30:21","slug":"ananke-23","status":"publish","type":"page","link":"https:\/\/teslafm.net\/en\/ananke-23\/","title":{"rendered":"Anank\u00e9 #23"},"content":{"rendered":"<h2><strong><span style=\"color: #ffffff;\">Anank\u00e9 Chapter XXIII<\/span><br \/>\n<\/strong><\/h2>\n<p><span style=\"color: #808080;\"><em>October 2020<\/em><\/span><\/p>\n<p><iframe src=\"https:\/\/www.mixcloud.com\/widget\/iframe\/?hide_cover=1&amp;feed=%2FTeslafm_net%2Fanank%C3%A9-23-jaco%2F\" width=\"100%\" height=\"120\" frameborder=\"0\"><\/iframe><\/p>\n<p><span style=\"color: #808080;\">01. <strong>The Terrorist<\/strong> - RK 1 - The Chopper \/ RK 1 - Black Riot: Early Jungle, Rave and Hardcore (Dread, 1996 - Soul Jazz Records, 2020)<\/span><br \/>\n<span style=\"color: #808080;\">02. <strong>Roni Size<\/strong> - Sound Advice - Touching Down (Full Cycle, 2002)<\/span><br \/>\n<span style=\"color: #808080;\">03. <strong>A Guy Called Gerald<\/strong> - Life Unfolds His Mystery - Black Secret Technology (Juice Box, 1996)<\/span><br \/>\n<span style=\"color: #808080;\">04. <strong>Foul Play<\/strong> - Finest Illusion - Finest Illusion \/ Screwface (Section 5, 1993)<\/span><br \/>\n<span style=\"color: #808080;\">05. <strong>Quoit<\/strong> - Set Up - Lounge (Possible, 1996)<\/span><br \/>\n<span style=\"color: #808080;\">06.<strong> DJ Spooky That Subliminal Kid<\/strong> - Riddim Warfare (feat. Kool Keith) - Riddim Warfare (Asphodel, 1998)<\/span><br \/>\n<span style=\"color: #808080;\">07. <strong>Grooverider<\/strong> - Where's Jack the Ripper - Mysteries of Funk (Higher Ground, 1998)<\/span><br \/>\n<span style=\"color: #808080;\">08. <strong>Photek<\/strong> - The Fifth Column - Modus Operandi (Science, 1997)<\/span><br \/>\n<span style=\"color: #808080;\">09. <strong>Amon Tobin<\/strong> - Reanimator - Permutation (Ninja Tune, 1998)<\/span><br \/>\n<span style=\"color: #808080;\">10. <strong>Venetian Snares<\/strong> - \u00d6ngyilkos vas\u00e1rnap - Rossz csillag alatt sz\u00fcletett (Planet Mu, 2005)<\/span><br \/>\n<span style=\"color: #808080;\">11.<strong> Kid606<\/strong> - Slammin' Ragga Bootlg Track - Who Still Kill Sound? (Tigerbeat6, 2004)<\/span><br \/>\n<span style=\"color: #808080;\">12. <strong>Blackstar<\/strong> - His Imperial Majesty (feat. Top Cat) - Tribute to Haile Selassie I (Congo Nasty, 1995)<\/span><br \/>\n<span style=\"color: #808080;\">13. <strong>Aphex Twin<\/strong> - Cock\/ver10 - drukqs (Warp, 2001)<\/span><br \/>\n<span style=\"color: #808080;\">14. <strong>Source Direct<\/strong> - Secret Liaison - Secret Liaison \/ Complexities (Good Looking, 1996)<\/span><br \/>\n<span style=\"color: #808080;\">15. <strong>Sophia Loizou<\/strong> - Bicameral - Untold (Houndstooth, 2020)<\/span><br \/>\n<span style=\"color: #808080;\">16. <strong>Silver Apples<\/strong> - Program - Silver Apples (Kapp, 1968)<\/span><\/p>","protected":false},"excerpt":{"rendered":"<p>Anank\u00e9 Cap\u00edtulo XXIII Octubre 2020 01. The Terrorist &#8211; RK 1 &#8211; The Chopper \/ RK 1 &#8211; Black Riot: Early Jungle, Rave and Hardcore (Dread, 1996 &#8211; Soul Jazz Records, 2020) 02. Roni Size &#8211; Sound Advice &#8211; Touching Down (Full Cycle, 2002) 03. A Guy Called Gerald &#8211; Life Unfolds His Mystery &#8211; [&hellip;]<\/p>\n","protected":false},"author":19,"featured_media":0,"parent":0,"menu_order":0,"comment_status":"closed","ping_status":"closed","template":"","meta":{"footnotes":""},"class_list":["post-55355","page","type-page","status-publish","hentry"],"yoast_head":"<!-- This site is optimized with the Yoast SEO plugin v27.4 - https:\/\/yoast.com\/product\/yoast-seo-wordpress\/ -->\n<title>Anank\u00e9 #23 -<\/title>\n<meta name=\"robots\" content=\"index, follow, max-snippet:-1, max-image-preview:large, max-video-preview:-1\" \/>\n<link rel=\"canonical\" href=\"https:\/\/teslafm.net\/en\/ananke-23\/\" \/>\n<meta property=\"og:locale\" content=\"en_US\" \/>\n<meta property=\"og:type\" content=\"article\" \/>\n<meta property=\"og:title\" content=\"Anank\u00e9 #23 -\" \/>\n<meta property=\"og:description\" content=\"Anank\u00e9 Cap\u00edtulo XXIII Octubre 2020 01. The Terrorist &#8211; RK 1 &#8211; The Chopper \/ RK 1 &#8211; Black Riot: Early Jungle, Rave and Hardcore (Dread, 1996 &#8211; Soul Jazz Records, 2020) 02. Roni Size &#8211; Sound Advice &#8211; Touching Down (Full Cycle, 2002) 03. A Guy Called Gerald &#8211; Life Unfolds His Mystery &#8211; [&hellip;]\" \/>\n<meta property=\"og:url\" content=\"https:\/\/teslafm.net\/en\/ananke-23\/\" \/>\n<meta property=\"article:publisher\" content=\"https:\/\/www.facebook.com\/teslafm.net\" \/>\n<meta property=\"article:modified_time\" content=\"2021-02-04T10:30:21+00:00\" \/>\n<meta property=\"og:image\" content=\"https:\/\/teslafm.net\/wp-content\/uploads\/2022\/09\/header-image-4-temp.png\" \/>\n\t<meta property=\"og:image:width\" content=\"1274\" \/>\n\t<meta property=\"og:image:height\" content=\"818\" \/>\n\t<meta property=\"og:image:type\" content=\"image\/png\" \/>\n<meta name=\"twitter:card\" content=\"summary_large_image\" \/>\n<meta name=\"twitter:site\" content=\"@teslafm\" \/>\n<meta name=\"twitter:label1\" content=\"Est. reading time\" \/>\n\t<meta name=\"twitter:data1\" content=\"1 minute\" \/>\n<script type=\"application\/ld+json\" class=\"yoast-schema-graph\">{\"@context\":\"https:\\\/\\\/schema.org\",\"@graph\":[{\"@type\":\"WebPage\",\"@id\":\"https:\\\/\\\/teslafm.net\\\/ananke-23\\\/\",\"url\":\"https:\\\/\\\/teslafm.net\\\/ananke-23\\\/\",\"name\":\"Anank\u00e9 #23 -\",\"isPartOf\":{\"@id\":\"https:\\\/\\\/teslafm.net\\\/#website\"},\"datePublished\":\"2020-10-06T17:33:44+00:00\",\"dateModified\":\"2021-02-04T10:30:21+00:00\",\"breadcrumb\":{\"@id\":\"https:\\\/\\\/teslafm.net\\\/ananke-23\\\/#breadcrumb\"},\"inLanguage\":\"en-US\",\"potentialAction\":[{\"@type\":\"ReadAction\",\"target\":[\"https:\\\/\\\/teslafm.net\\\/ananke-23\\\/\"]}]},{\"@type\":\"BreadcrumbList\",\"@id\":\"https:\\\/\\\/teslafm.net\\\/ananke-23\\\/#breadcrumb\",\"itemListElement\":[{\"@type\":\"ListItem\",\"position\":1,\"name\":\"Portada\",\"item\":\"https:\\\/\\\/teslafm.net\\\/\"},{\"@type\":\"ListItem\",\"position\":2,\"name\":\"Anank\u00e9 #23\"}]},{\"@type\":\"WebSite\",\"@id\":\"https:\\\/\\\/teslafm.net\\\/#website\",\"url\":\"https:\\\/\\\/teslafm.net\\\/\",\"name\":\"TeslaFM\",\"description\":\"An experimental and creative radio\",\"publisher\":{\"@id\":\"https:\\\/\\\/teslafm.net\\\/#organization\"},\"potentialAction\":[{\"@type\":\"SearchAction\",\"target\":{\"@type\":\"EntryPoint\",\"urlTemplate\":\"https:\\\/\\\/teslafm.net\\\/?s={search_term_string}\"},\"query-input\":{\"@type\":\"PropertyValueSpecification\",\"valueRequired\":true,\"valueName\":\"search_term_string\"}}],\"inLanguage\":\"en-US\"},{\"@type\":\"Organization\",\"@id\":\"https:\\\/\\\/teslafm.net\\\/#organization\",\"name\":\"TeslaFM\",\"url\":\"https:\\\/\\\/teslafm.net\\\/\",\"logo\":{\"@type\":\"ImageObject\",\"inLanguage\":\"en-US\",\"@id\":\"https:\\\/\\\/teslafm.net\\\/#\\\/schema\\\/logo\\\/image\\\/\",\"url\":\"https:\\\/\\\/teslafm.net\\\/wp-content\\\/uploads\\\/2020\\\/06\\\/logo-tesla.png\",\"contentUrl\":\"https:\\\/\\\/teslafm.net\\\/wp-content\\\/uploads\\\/2020\\\/06\\\/logo-tesla.png\",\"width\":512,\"height\":512,\"caption\":\"TeslaFM\"},\"image\":{\"@id\":\"https:\\\/\\\/teslafm.net\\\/#\\\/schema\\\/logo\\\/image\\\/\"},\"sameAs\":[\"https:\\\/\\\/www.facebook.com\\\/teslafm.net\",\"https:\\\/\\\/x.com\\\/teslafm\"]}]}<\/script>\n<!-- \/ Yoast SEO plugin. -->","yoast_head_json":{"title":"Anank\u00e9 #23 -","robots":{"index":"index","follow":"follow","max-snippet":"max-snippet:-1","max-image-preview":"max-image-preview:large","max-video-preview":"max-video-preview:-1"},"canonical":"https:\/\/teslafm.net\/en\/ananke-23\/","og_locale":"en_US","og_type":"article","og_title":"Anank\u00e9 #23 -","og_description":"Anank\u00e9 Cap\u00edtulo XXIII Octubre 2020 01. The Terrorist &#8211; RK 1 &#8211; The Chopper \/ RK 1 &#8211; Black Riot: Early Jungle, Rave and Hardcore (Dread, 1996 &#8211; Soul Jazz Records, 2020) 02. Roni Size &#8211; Sound Advice &#8211; Touching Down (Full Cycle, 2002) 03. A Guy Called Gerald &#8211; Life Unfolds His Mystery &#8211; [&hellip;]","og_url":"https:\/\/teslafm.net\/en\/ananke-23\/","article_publisher":"https:\/\/www.facebook.com\/teslafm.net","article_modified_time":"2021-02-04T10:30:21+00:00","og_image":[{"width":1274,"height":818,"url":"https:\/\/teslafm.net\/wp-content\/uploads\/2022\/09\/header-image-4-temp.png","type":"image\/png"}],"twitter_card":"summary_large_image","twitter_site":"@teslafm","twitter_misc":{"Est. reading time":"1 minute"},"schema":{"@context":"https:\/\/schema.org","@graph":[{"@type":"WebPage","@id":"https:\/\/teslafm.net\/ananke-23\/","url":"https:\/\/teslafm.net\/ananke-23\/","name":"Anank\u00e9 #23 -","isPartOf":{"@id":"https:\/\/teslafm.net\/#website"},"datePublished":"2020-10-06T17:33:44+00:00","dateModified":"2021-02-04T10:30:21+00:00","breadcrumb":{"@id":"https:\/\/teslafm.net\/ananke-23\/#breadcrumb"},"inLanguage":"en-US","potentialAction":[{"@type":"ReadAction","target":["https:\/\/teslafm.net\/ananke-23\/"]}]},{"@type":"BreadcrumbList","@id":"https:\/\/teslafm.net\/ananke-23\/#breadcrumb","itemListElement":[{"@type":"ListItem","position":1,"name":"Portada","item":"https:\/\/teslafm.net\/"},{"@type":"ListItem","position":2,"name":"Anank\u00e9 #23"}]},{"@type":"WebSite","@id":"https:\/\/teslafm.net\/#website","url":"https:\/\/teslafm.net\/","name":"TeslaFM","description":"An experimental and creative radio","publisher":{"@id":"https:\/\/teslafm.net\/#organization"},"potentialAction":[{"@type":"SearchAction","target":{"@type":"EntryPoint","urlTemplate":"https:\/\/teslafm.net\/?s={search_term_string}"},"query-input":{"@type":"PropertyValueSpecification","valueRequired":true,"valueName":"search_term_string"}}],"inLanguage":"en-US"},{"@type":"Organization","@id":"https:\/\/teslafm.net\/#organization","name":"TeslaFM","url":"https:\/\/teslafm.net\/","logo":{"@type":"ImageObject","inLanguage":"en-US","@id":"https:\/\/teslafm.net\/#\/schema\/logo\/image\/","url":"https:\/\/teslafm.net\/wp-content\/uploads\/2020\/06\/logo-tesla.png","contentUrl":"https:\/\/teslafm.net\/wp-content\/uploads\/2020\/06\/logo-tesla.png","width":512,"height":512,"caption":"TeslaFM"},"image":{"@id":"https:\/\/teslafm.net\/#\/schema\/logo\/image\/"},"sameAs":["https:\/\/www.facebook.com\/teslafm.net","https:\/\/x.com\/teslafm"]}]}},"rttpg_featured_image_url":null,"rttpg_author":{"display_name":"Ishak","author_link":"https:\/\/teslafm.net\/en\/author\/cravan\/"},"rttpg_comment":0,"rttpg_category":null,"rttpg_excerpt":"Anank\u00e9 Cap\u00edtulo XXIII Octubre 2020 01. The Terrorist &#8211; RK 1 &#8211; The Chopper \/ RK 1 &#8211; Black Riot: Early Jungle, Rave and Hardcore (Dread, 1996 &#8211; Soul Jazz Records, 2020) 02. Roni Size &#8211; Sound Advice &#8211; Touching Down (Full Cycle, 2002) 03. A Guy Called Gerald &#8211; Life Unfolds His Mystery &#8211;&hellip;","_links":{"self":[{"href":"https:\/\/teslafm.net\/en\/wp-json\/wp\/v2\/pages\/55355","targetHints":{"allow":["GET"]}}],"collection":[{"href":"https:\/\/teslafm.net\/en\/wp-json\/wp\/v2\/pages"}],"about":[{"href":"https:\/\/teslafm.net\/en\/wp-json\/wp\/v2\/types\/page"}],"author":[{"embeddable":true,"href":"https:\/\/teslafm.net\/en\/wp-json\/wp\/v2\/users\/19"}],"replies":[{"embeddable":true,"href":"https:\/\/teslafm.net\/en\/wp-json\/wp\/v2\/comments?post=55355"}],"version-history":[{"count":4,"href":"https:\/\/teslafm.net\/en\/wp-json\/wp\/v2\/pages\/55355\/revisions"}],"predecessor-version":[{"id":56672,"href":"https:\/\/teslafm.net\/en\/wp-json\/wp\/v2\/pages\/55355\/revisions\/56672"}],"wp:attachment":[{"href":"https:\/\/teslafm.net\/en\/wp-json\/wp\/v2\/media?parent=55355"}],"curies":[{"name":"wp","href":"https:\/\/api.w.org\/{rel}","templated":true}]}}