

{"id":55456,"date":"2020-10-17T16:56:44","date_gmt":"2020-10-17T14:56:44","guid":{"rendered":"https:\/\/teslafm.net\/?page_id=55456"},"modified":"2021-03-09T21:25:55","modified_gmt":"2021-03-09T20:25:55","slug":"los-archivos-phonos-5","status":"publish","type":"page","link":"https:\/\/teslafm.net\/en\/los-archivos-phonos-5\/","title":{"rendered":"Phonos Files #5"},"content":{"rendered":"<h2><span style=\"color: #ffffff;\"><strong>Phonos Files #5<\/strong><\/span><\/h2>\n<p><span style=\"color: #808080;\"><em>October 2020<\/em><\/span><\/p>\n<p><iframe src=\"https:\/\/www.mixcloud.com\/widget\/iframe\/?hide_cover=1&amp;feed=%2FTeslafm_net%2Flos-archivos-phonos-5-%C3%A1ngel-faraldo-dj-shak%2F\" width=\"100%\" height=\"120\" frameborder=\"0\"><\/iframe><\/p>\n<p><img fetchpriority=\"high\" decoding=\"async\" src=\"https:\/\/teslafm.net\/wp-content\/uploads\/2020\/10\/info-shak-1024x683.jpg\" alt=\"\" width=\"1024\" height=\"683\" \/><\/p>\n<p><span style=\"color: #808080;\">For the closing of the Phonos Autumn Festival (October 2, 2020), the multifaceted agitator of Barcelona's experimental music life was commissioned to <strong>Dj Shak<\/strong> a custom DJ session remixing and deconstructing material from the sound archives of the <strong>Phonos Foundation<\/strong>. A proposal to deconstruct historical electroacoustic Barcelona with digital techniques, four cymbals, loops, effects and bases, all improvised.<\/span><\/p>\n<p><span style=\"color: #808080;\">Tracklist:<\/span><br \/>\n<span style=\"color: #808080;\">01. <strong>Istvan Szigeti<\/strong> - Por dal (Dust Song), for soprano, synthesizer, 2 flutes, bassoon, cello, &amp; tape (1997)<\/span><br \/>\n<span style=\"color: #808080;\">02. <strong>Akoschky<\/strong> - 1 3<\/span><br \/>\n<span style=\"color: #808080;\">03. <strong>Luigi Abbate<\/strong> - Di Notte, frammento<\/span><br \/>\n<span style=\"color: #808080;\">04. <strong>Akoschky<\/strong> - 1 3<\/span><br \/>\n<span style=\"color: #808080;\">05. <strong>BJ Nilsen<\/strong> - Meter Reading<\/span><br \/>\n<span style=\"color: #808080;\"> 06. <strong>Fran\u00e7ois Bernard M\u00e2che<\/strong> - Amorgos (1979) <\/span><br \/>\n<span style=\"color: #808080;\">07. <strong>Kris Falk<\/strong> - Manifesto <\/span><br \/>\n<span style=\"color: #808080;\">08. <strong>E-Moon<\/strong> - 7 (ACC, 17.11.04) <\/span><br \/>\n<span style=\"color: #808080;\">09. <strong>Cesar Alarcon<\/strong> - Movil-home (2007) <\/span><br \/>\n<span style=\"color: #808080;\">10. <strong>Angel Faraldo<\/strong> - Scelsi Remix 7 Mantras<\/span><br \/>\n<span style=\"color: #808080;\">11. <strong>Mark Zaki<\/strong> - Everything we say is deformed (ICMC 2005) <\/span><br \/>\n<span style=\"color: #808080;\">12. <strong>Kalevi Aho<\/strong> - Eight_Seasons,_concerto_for_theremin_and_orchestra_(2012).<\/span><br \/>\n<span style=\"color: #808080;\">13. <strong>John Eaton<\/strong> - Thoughts on Rilke, fragment (1966) <\/span><br \/>\n<span style=\"color: #808080;\">14. <strong>Antonio Ag\u00fandez<\/strong> - Diabolical Tritonica (ACC CDMC, 11\/20\/91) <\/span><br \/>\n<span style=\"color: #808080;\">15. <strong>Joao Pedro Oliveira<\/strong> - Ttriptic <\/span><br \/>\n<span style=\"color: #808080;\">16. <strong>Max Eastley<\/strong> - Metallophone <\/span><br \/>\n<span style=\"color: #808080;\">17. <strong>Edson Zampronha<\/strong> - Collaging-audio solo<\/span><br \/>\n<span style=\"color: #808080;\">18. <strong>Bor Turel<\/strong> - Four Seasons (1994) <\/span><br \/>\n<span style=\"color: #808080;\">19. <strong>Tim Labor<\/strong> - Blackjack 2 (1989) noises<\/span><\/p>","protected":false},"excerpt":{"rendered":"<p>Los Archivos Phonos #5 Octubre 2020 Para el cierre del Festival de Oto\u00f1o Phonos (2 de Octubre del 2020), se encarg\u00f3 a lx multifac\u00e9ticx agitadorx de la vida musical experimental barcelonesa Dj Shak una sesi\u00f3n de DJ a medida remezclando y deconstruyendo material del archivo sonoro de la Fundaci\u00f3n Phonos. Una propuesta para deconstruir hist\u00f3ricos [&hellip;]<\/p>\n","protected":false},"author":19,"featured_media":0,"parent":0,"menu_order":0,"comment_status":"closed","ping_status":"closed","template":"","meta":{"footnotes":""},"class_list":["post-55456","page","type-page","status-publish","hentry"],"yoast_head":"<!-- This site is optimized with the Yoast SEO plugin v27.2 - https:\/\/yoast.com\/product\/yoast-seo-wordpress\/ -->\n<title>Los Archivos Phonos #5 -<\/title>\n<meta name=\"robots\" content=\"index, follow, max-snippet:-1, max-image-preview:large, max-video-preview:-1\" \/>\n<link rel=\"canonical\" href=\"https:\/\/teslafm.net\/en\/los-archivos-phonos-5\/\" \/>\n<meta property=\"og:locale\" content=\"en_US\" \/>\n<meta property=\"og:type\" content=\"article\" \/>\n<meta property=\"og:title\" content=\"Los Archivos Phonos #5 -\" \/>\n<meta property=\"og:description\" content=\"Los Archivos Phonos #5 Octubre 2020 Para el cierre del Festival de Oto\u00f1o Phonos (2 de Octubre del 2020), se encarg\u00f3 a lx multifac\u00e9ticx agitadorx de la vida musical experimental barcelonesa Dj Shak una sesi\u00f3n de DJ a medida remezclando y deconstruyendo material del archivo sonoro de la Fundaci\u00f3n Phonos. Una propuesta para deconstruir hist\u00f3ricos [&hellip;]\" \/>\n<meta property=\"og:url\" content=\"https:\/\/teslafm.net\/en\/los-archivos-phonos-5\/\" \/>\n<meta property=\"article:publisher\" content=\"https:\/\/www.facebook.com\/teslafm.net\" \/>\n<meta property=\"article:modified_time\" content=\"2021-03-09T20:25:55+00:00\" \/>\n<meta property=\"og:image\" content=\"https:\/\/teslafm.net\/wp-content\/uploads\/2020\/10\/info-shak-1024x683.jpg\" \/>\n<meta name=\"twitter:card\" content=\"summary_large_image\" \/>\n<meta name=\"twitter:site\" content=\"@teslafm\" \/>\n<meta name=\"twitter:label1\" content=\"Est. reading time\" \/>\n\t<meta name=\"twitter:data1\" content=\"2 minutes\" \/>\n<script type=\"application\/ld+json\" class=\"yoast-schema-graph\">{\"@context\":\"https:\/\/schema.org\",\"@graph\":[{\"@type\":\"WebPage\",\"@id\":\"https:\/\/teslafm.net\/los-archivos-phonos-5\/\",\"url\":\"https:\/\/teslafm.net\/los-archivos-phonos-5\/\",\"name\":\"Los Archivos Phonos #5 -\",\"isPartOf\":{\"@id\":\"https:\/\/teslafm.net\/#website\"},\"primaryImageOfPage\":{\"@id\":\"https:\/\/teslafm.net\/los-archivos-phonos-5\/#primaryimage\"},\"image\":{\"@id\":\"https:\/\/teslafm.net\/los-archivos-phonos-5\/#primaryimage\"},\"thumbnailUrl\":\"https:\/\/teslafm.net\/wp-content\/uploads\/2020\/10\/info-shak-1024x683.jpg\",\"datePublished\":\"2020-10-17T14:56:44+00:00\",\"dateModified\":\"2021-03-09T20:25:55+00:00\",\"breadcrumb\":{\"@id\":\"https:\/\/teslafm.net\/los-archivos-phonos-5\/#breadcrumb\"},\"inLanguage\":\"en-US\",\"potentialAction\":[{\"@type\":\"ReadAction\",\"target\":[\"https:\/\/teslafm.net\/los-archivos-phonos-5\/\"]}]},{\"@type\":\"ImageObject\",\"inLanguage\":\"en-US\",\"@id\":\"https:\/\/teslafm.net\/los-archivos-phonos-5\/#primaryimage\",\"url\":\"https:\/\/teslafm.net\/wp-content\/uploads\/2020\/10\/info-shak-1024x683.jpg\",\"contentUrl\":\"https:\/\/teslafm.net\/wp-content\/uploads\/2020\/10\/info-shak-1024x683.jpg\"},{\"@type\":\"BreadcrumbList\",\"@id\":\"https:\/\/teslafm.net\/los-archivos-phonos-5\/#breadcrumb\",\"itemListElement\":[{\"@type\":\"ListItem\",\"position\":1,\"name\":\"Portada\",\"item\":\"https:\/\/teslafm.net\/\"},{\"@type\":\"ListItem\",\"position\":2,\"name\":\"Los Archivos Phonos #5\"}]},{\"@type\":\"WebSite\",\"@id\":\"https:\/\/teslafm.net\/#website\",\"url\":\"https:\/\/teslafm.net\/\",\"name\":\"TeslaFM\",\"description\":\"An experimental and creative radio\",\"publisher\":{\"@id\":\"https:\/\/teslafm.net\/#organization\"},\"potentialAction\":[{\"@type\":\"SearchAction\",\"target\":{\"@type\":\"EntryPoint\",\"urlTemplate\":\"https:\/\/teslafm.net\/?s={search_term_string}\"},\"query-input\":{\"@type\":\"PropertyValueSpecification\",\"valueRequired\":true,\"valueName\":\"search_term_string\"}}],\"inLanguage\":\"en-US\"},{\"@type\":\"Organization\",\"@id\":\"https:\/\/teslafm.net\/#organization\",\"name\":\"TeslaFM\",\"url\":\"https:\/\/teslafm.net\/\",\"logo\":{\"@type\":\"ImageObject\",\"inLanguage\":\"en-US\",\"@id\":\"https:\/\/teslafm.net\/#\/schema\/logo\/image\/\",\"url\":\"https:\/\/teslafm.net\/wp-content\/uploads\/2020\/06\/logo-tesla.png\",\"contentUrl\":\"https:\/\/teslafm.net\/wp-content\/uploads\/2020\/06\/logo-tesla.png\",\"width\":512,\"height\":512,\"caption\":\"TeslaFM\"},\"image\":{\"@id\":\"https:\/\/teslafm.net\/#\/schema\/logo\/image\/\"},\"sameAs\":[\"https:\/\/www.facebook.com\/teslafm.net\",\"https:\/\/x.com\/teslafm\"]}]}<\/script>\n<!-- \/ Yoast SEO plugin. -->","yoast_head_json":{"title":"Phonos Files #5 - Phonos Files #5 - Phonos Files #5 - Phonos Files #5","robots":{"index":"index","follow":"follow","max-snippet":"max-snippet:-1","max-image-preview":"max-image-preview:large","max-video-preview":"max-video-preview:-1"},"canonical":"https:\/\/teslafm.net\/en\/los-archivos-phonos-5\/","og_locale":"en_US","og_type":"article","og_title":"Los Archivos Phonos #5 -","og_description":"Los Archivos Phonos #5 Octubre 2020 Para el cierre del Festival de Oto\u00f1o Phonos (2 de Octubre del 2020), se encarg\u00f3 a lx multifac\u00e9ticx agitadorx de la vida musical experimental barcelonesa Dj Shak una sesi\u00f3n de DJ a medida remezclando y deconstruyendo material del archivo sonoro de la Fundaci\u00f3n Phonos. Una propuesta para deconstruir hist\u00f3ricos [&hellip;]","og_url":"https:\/\/teslafm.net\/en\/los-archivos-phonos-5\/","article_publisher":"https:\/\/www.facebook.com\/teslafm.net","article_modified_time":"2021-03-09T20:25:55+00:00","og_image":[{"url":"https:\/\/teslafm.net\/wp-content\/uploads\/2020\/10\/info-shak-1024x683.jpg","type":"","width":"","height":""}],"twitter_card":"summary_large_image","twitter_site":"@teslafm","twitter_misc":{"Est. reading time":"2 minutes"},"schema":{"@context":"https:\/\/schema.org","@graph":[{"@type":"WebPage","@id":"https:\/\/teslafm.net\/los-archivos-phonos-5\/","url":"https:\/\/teslafm.net\/los-archivos-phonos-5\/","name":"Phonos Files #5 - Phonos Files #5 - Phonos Files #5 - Phonos Files #5","isPartOf":{"@id":"https:\/\/teslafm.net\/#website"},"primaryImageOfPage":{"@id":"https:\/\/teslafm.net\/los-archivos-phonos-5\/#primaryimage"},"image":{"@id":"https:\/\/teslafm.net\/los-archivos-phonos-5\/#primaryimage"},"thumbnailUrl":"https:\/\/teslafm.net\/wp-content\/uploads\/2020\/10\/info-shak-1024x683.jpg","datePublished":"2020-10-17T14:56:44+00:00","dateModified":"2021-03-09T20:25:55+00:00","breadcrumb":{"@id":"https:\/\/teslafm.net\/los-archivos-phonos-5\/#breadcrumb"},"inLanguage":"en-US","potentialAction":[{"@type":"ReadAction","target":["https:\/\/teslafm.net\/los-archivos-phonos-5\/"]}]},{"@type":"ImageObject","inLanguage":"en-US","@id":"https:\/\/teslafm.net\/los-archivos-phonos-5\/#primaryimage","url":"https:\/\/teslafm.net\/wp-content\/uploads\/2020\/10\/info-shak-1024x683.jpg","contentUrl":"https:\/\/teslafm.net\/wp-content\/uploads\/2020\/10\/info-shak-1024x683.jpg"},{"@type":"BreadcrumbList","@id":"https:\/\/teslafm.net\/los-archivos-phonos-5\/#breadcrumb","itemListElement":[{"@type":"ListItem","position":1,"name":"Portada","item":"https:\/\/teslafm.net\/"},{"@type":"ListItem","position":2,"name":"Los Archivos Phonos #5"}]},{"@type":"WebSite","@id":"https:\/\/teslafm.net\/#website","url":"https:\/\/teslafm.net\/","name":"TeslaFM","description":"An experimental and creative radio","publisher":{"@id":"https:\/\/teslafm.net\/#organization"},"potentialAction":[{"@type":"SearchAction","target":{"@type":"EntryPoint","urlTemplate":"https:\/\/teslafm.net\/?s={search_term_string}"},"query-input":{"@type":"PropertyValueSpecification","valueRequired":true,"valueName":"search_term_string"}}],"inLanguage":"en-US"},{"@type":"Organization","@id":"https:\/\/teslafm.net\/#organization","name":"TeslaFM","url":"https:\/\/teslafm.net\/","logo":{"@type":"ImageObject","inLanguage":"en-US","@id":"https:\/\/teslafm.net\/#\/schema\/logo\/image\/","url":"https:\/\/teslafm.net\/wp-content\/uploads\/2020\/06\/logo-tesla.png","contentUrl":"https:\/\/teslafm.net\/wp-content\/uploads\/2020\/06\/logo-tesla.png","width":512,"height":512,"caption":"TeslaFM"},"image":{"@id":"https:\/\/teslafm.net\/#\/schema\/logo\/image\/"},"sameAs":["https:\/\/www.facebook.com\/teslafm.net","https:\/\/x.com\/teslafm"]}]}},"rttpg_featured_image_url":null,"rttpg_author":{"display_name":"Ishak","author_link":"https:\/\/teslafm.net\/en\/author\/cravan\/"},"rttpg_comment":0,"rttpg_category":null,"rttpg_excerpt":"Los Archivos Phonos #5 Octubre 2020 Para el cierre del Festival de Oto\u00f1o Phonos (2 de Octubre del 2020), se encarg\u00f3 a lx multifac\u00e9ticx agitadorx de la vida musical experimental barcelonesa Dj Shak una sesi\u00f3n de DJ a medida remezclando y deconstruyendo material del archivo sonoro de la Fundaci\u00f3n Phonos. Una propuesta para deconstruir hist\u00f3ricos&hellip;","_links":{"self":[{"href":"https:\/\/teslafm.net\/en\/wp-json\/wp\/v2\/pages\/55456","targetHints":{"allow":["GET"]}}],"collection":[{"href":"https:\/\/teslafm.net\/en\/wp-json\/wp\/v2\/pages"}],"about":[{"href":"https:\/\/teslafm.net\/en\/wp-json\/wp\/v2\/types\/page"}],"author":[{"embeddable":true,"href":"https:\/\/teslafm.net\/en\/wp-json\/wp\/v2\/users\/19"}],"replies":[{"embeddable":true,"href":"https:\/\/teslafm.net\/en\/wp-json\/wp\/v2\/comments?post=55456"}],"version-history":[{"count":6,"href":"https:\/\/teslafm.net\/en\/wp-json\/wp\/v2\/pages\/55456\/revisions"}],"predecessor-version":[{"id":57308,"href":"https:\/\/teslafm.net\/en\/wp-json\/wp\/v2\/pages\/55456\/revisions\/57308"}],"wp:attachment":[{"href":"https:\/\/teslafm.net\/en\/wp-json\/wp\/v2\/media?parent=55456"}],"curies":[{"name":"wp","href":"https:\/\/api.w.org\/{rel}","templated":true}]}}