

{"id":55575,"date":"2020-10-20T15:50:41","date_gmt":"2020-10-20T13:50:41","guid":{"rendered":"https:\/\/teslafm.net\/?page_id=55575"},"modified":"2021-03-13T12:38:27","modified_gmt":"2021-03-13T11:38:27","slug":"space-oddity-recollection-15","status":"publish","type":"page","link":"https:\/\/teslafm.net\/en\/space-oddity-recollection-15\/","title":{"rendered":"Space Oddity Recollection #15"},"content":{"rendered":"<h2><span style=\"color: #ffffff;\"><strong>Space Oddity Recollection #15<\/strong><\/span><\/h2>\n<p><span style=\"color: #808080;\"><em>October 2020<\/em><\/span><\/p>\n<p><iframe src=\"https:\/\/www.mixcloud.com\/widget\/iframe\/?hide_cover=1&amp;feed=%2FTeslafm_net%2Fspace-oddity-recollection-15-monikapich%2F\" width=\"100%\" height=\"120\" frameborder=\"0\"><\/iframe><\/p>\n<p><img fetchpriority=\"high\" decoding=\"async\" class=\"alignnone size-large wp-image-55576\" src=\"https:\/\/teslafm.net\/wp-content\/uploads\/2020\/10\/Anna-Barska_image-1024x1024.jpg\" alt=\"\" width=\"1024\" height=\"1024\" srcset=\"https:\/\/teslafm.net\/wp-content\/uploads\/2020\/10\/Anna-Barska_image-1024x1024.jpg 1024w, https:\/\/teslafm.net\/wp-content\/uploads\/2020\/10\/Anna-Barska_image-300x300.jpg 300w, https:\/\/teslafm.net\/wp-content\/uploads\/2020\/10\/Anna-Barska_image-150x150.jpg 150w, https:\/\/teslafm.net\/wp-content\/uploads\/2020\/10\/Anna-Barska_image-768x768.jpg 768w, https:\/\/teslafm.net\/wp-content\/uploads\/2020\/10\/Anna-Barska_image.jpg 1080w\" sizes=\"(max-width: 1024px) 100vw, 1024px\" \/><\/p>\n<p><span style=\"color: #808080;\"><strong>Anna Barska<\/strong><\/span><\/p>\n<p><span style=\"color: #808080;\">Opera singer's solo album \"Pulchra est quod est\". <strong>Anna Barska<\/strong>with organ accompaniment by <strong>Stanis\u0142aw Diwiszek<\/strong>. The album was recorded and produced by <strong>Witold<\/strong> and <strong>Jacek Flis<\/strong> in the church of St. Clements and St. Margaret in Klementowice on July 15, 2014. It was published in 2015.<\/span><\/p>\n<p><span style=\"color: #808080;\">The mixtrack contains the following pieces:<\/span><br \/>\n<span style=\"color: #808080;\">1. <strong>Giovanni Battista Pergolesi<\/strong> _Aria nr6: Vidit suum from Stabat Mater (1736)<\/span><br \/>\n<span style=\"color: #808080;\">2. <strong>Johan Sebastian Bach \/Charles Gounod<\/strong> Ave Maria (1853)<\/span><br \/>\n<span style=\"color: #808080;\">3. <strong>Abraham Luis Niedermeyer<\/strong> Aria di chiesa: Pieta, Signore! (1845)<\/span><br \/>\n<span style=\"color: #808080;\">4. <strong>Johan Sebastian Bach<\/strong>_Aria nr 4: Quia respexite humilitatem from Magnificat (1729)<\/span><br \/>\n<span style=\"color: #808080;\">5. <strong>Marcin J\u00f3zef \u017bebrowski<\/strong> (1707- 1736)_Aria nr6: Suscepit Israel from Magnificat<\/span><br \/>\n<span style=\"color: #808080;\">6. Angus Dei from the Coronation Mass (1779)<\/span><br \/>\n<span style=\"color: #808080;\">7. <strong>Franz Peter Shubert<\/strong> Ave Maria op.52 (1825)<\/span><\/p>\n<p><span style=\"color: #808080;\">Listen and enjoy the mixtrack, October 2020 \"<\/span><br \/>\n<span style=\"color: #808080;\">produced by <strong>monikapich<\/strong><\/span><\/p>","protected":false},"excerpt":{"rendered":"<p>Space Oddity Recollection #15 Octubre 2020 Anna Barska \u00c1lbum en solitario \u00abPulchra est quod est\u00bb de la cantante de \u00f3pera Anna Barska, con el acompa\u00f1amiento al \u00f3rgano por Stanis\u0142aw Diwiszek. El \u00e1lbum fue grabado y producido por Witold y Jacek Flis en la iglesia de St. Clements y St. Margaret en Klementowice el 15 de [&hellip;]<\/p>\n","protected":false},"author":19,"featured_media":0,"parent":0,"menu_order":0,"comment_status":"closed","ping_status":"closed","template":"","meta":{"footnotes":""},"class_list":["post-55575","page","type-page","status-publish","hentry"],"yoast_head":"<!-- This site is optimized with the Yoast SEO plugin v27.2 - https:\/\/yoast.com\/product\/yoast-seo-wordpress\/ -->\n<title>Space Oddity Recollection #15 -<\/title>\n<meta name=\"robots\" content=\"index, follow, max-snippet:-1, max-image-preview:large, max-video-preview:-1\" \/>\n<link rel=\"canonical\" href=\"https:\/\/teslafm.net\/en\/space-oddity-recollection-15\/\" \/>\n<meta property=\"og:locale\" content=\"en_US\" \/>\n<meta property=\"og:type\" content=\"article\" \/>\n<meta property=\"og:title\" content=\"Space Oddity Recollection #15 -\" \/>\n<meta property=\"og:description\" content=\"Space Oddity Recollection #15 Octubre 2020 Anna Barska \u00c1lbum en solitario \u00abPulchra est quod est\u00bb de la cantante de \u00f3pera Anna Barska, con el acompa\u00f1amiento al \u00f3rgano por Stanis\u0142aw Diwiszek. El \u00e1lbum fue grabado y producido por Witold y Jacek Flis en la iglesia de St. Clements y St. Margaret en Klementowice el 15 de [&hellip;]\" \/>\n<meta property=\"og:url\" content=\"https:\/\/teslafm.net\/en\/space-oddity-recollection-15\/\" \/>\n<meta property=\"article:publisher\" content=\"https:\/\/www.facebook.com\/teslafm.net\" \/>\n<meta property=\"article:modified_time\" content=\"2021-03-13T11:38:27+00:00\" \/>\n<meta property=\"og:image\" content=\"https:\/\/teslafm.net\/wp-content\/uploads\/2020\/10\/Anna-Barska_image-1024x1024.jpg\" \/>\n<meta name=\"twitter:card\" content=\"summary_large_image\" \/>\n<meta name=\"twitter:site\" content=\"@teslafm\" \/>\n<meta name=\"twitter:label1\" content=\"Est. reading time\" \/>\n\t<meta name=\"twitter:data1\" content=\"1 minute\" \/>\n<script type=\"application\/ld+json\" class=\"yoast-schema-graph\">{\"@context\":\"https:\/\/schema.org\",\"@graph\":[{\"@type\":\"WebPage\",\"@id\":\"https:\/\/teslafm.net\/space-oddity-recollection-15\/\",\"url\":\"https:\/\/teslafm.net\/space-oddity-recollection-15\/\",\"name\":\"Space Oddity Recollection #15 -\",\"isPartOf\":{\"@id\":\"https:\/\/teslafm.net\/#website\"},\"primaryImageOfPage\":{\"@id\":\"https:\/\/teslafm.net\/space-oddity-recollection-15\/#primaryimage\"},\"image\":{\"@id\":\"https:\/\/teslafm.net\/space-oddity-recollection-15\/#primaryimage\"},\"thumbnailUrl\":\"https:\/\/teslafm.net\/wp-content\/uploads\/2020\/10\/Anna-Barska_image-1024x1024.jpg\",\"datePublished\":\"2020-10-20T13:50:41+00:00\",\"dateModified\":\"2021-03-13T11:38:27+00:00\",\"breadcrumb\":{\"@id\":\"https:\/\/teslafm.net\/space-oddity-recollection-15\/#breadcrumb\"},\"inLanguage\":\"en-US\",\"potentialAction\":[{\"@type\":\"ReadAction\",\"target\":[\"https:\/\/teslafm.net\/space-oddity-recollection-15\/\"]}]},{\"@type\":\"ImageObject\",\"inLanguage\":\"en-US\",\"@id\":\"https:\/\/teslafm.net\/space-oddity-recollection-15\/#primaryimage\",\"url\":\"https:\/\/teslafm.net\/wp-content\/uploads\/2020\/10\/Anna-Barska_image-1024x1024.jpg\",\"contentUrl\":\"https:\/\/teslafm.net\/wp-content\/uploads\/2020\/10\/Anna-Barska_image-1024x1024.jpg\"},{\"@type\":\"BreadcrumbList\",\"@id\":\"https:\/\/teslafm.net\/space-oddity-recollection-15\/#breadcrumb\",\"itemListElement\":[{\"@type\":\"ListItem\",\"position\":1,\"name\":\"Portada\",\"item\":\"https:\/\/teslafm.net\/\"},{\"@type\":\"ListItem\",\"position\":2,\"name\":\"Space Oddity Recollection #15\"}]},{\"@type\":\"WebSite\",\"@id\":\"https:\/\/teslafm.net\/#website\",\"url\":\"https:\/\/teslafm.net\/\",\"name\":\"TeslaFM\",\"description\":\"An experimental and creative radio\",\"publisher\":{\"@id\":\"https:\/\/teslafm.net\/#organization\"},\"potentialAction\":[{\"@type\":\"SearchAction\",\"target\":{\"@type\":\"EntryPoint\",\"urlTemplate\":\"https:\/\/teslafm.net\/?s={search_term_string}\"},\"query-input\":{\"@type\":\"PropertyValueSpecification\",\"valueRequired\":true,\"valueName\":\"search_term_string\"}}],\"inLanguage\":\"en-US\"},{\"@type\":\"Organization\",\"@id\":\"https:\/\/teslafm.net\/#organization\",\"name\":\"TeslaFM\",\"url\":\"https:\/\/teslafm.net\/\",\"logo\":{\"@type\":\"ImageObject\",\"inLanguage\":\"en-US\",\"@id\":\"https:\/\/teslafm.net\/#\/schema\/logo\/image\/\",\"url\":\"https:\/\/teslafm.net\/wp-content\/uploads\/2020\/06\/logo-tesla.png\",\"contentUrl\":\"https:\/\/teslafm.net\/wp-content\/uploads\/2020\/06\/logo-tesla.png\",\"width\":512,\"height\":512,\"caption\":\"TeslaFM\"},\"image\":{\"@id\":\"https:\/\/teslafm.net\/#\/schema\/logo\/image\/\"},\"sameAs\":[\"https:\/\/www.facebook.com\/teslafm.net\",\"https:\/\/x.com\/teslafm\"]}]}<\/script>\n<!-- \/ Yoast SEO plugin. -->","yoast_head_json":{"title":"Space Oddity Recollection #15 -","robots":{"index":"index","follow":"follow","max-snippet":"max-snippet:-1","max-image-preview":"max-image-preview:large","max-video-preview":"max-video-preview:-1"},"canonical":"https:\/\/teslafm.net\/en\/space-oddity-recollection-15\/","og_locale":"en_US","og_type":"article","og_title":"Space Oddity Recollection #15 -","og_description":"Space Oddity Recollection #15 Octubre 2020 Anna Barska \u00c1lbum en solitario \u00abPulchra est quod est\u00bb de la cantante de \u00f3pera Anna Barska, con el acompa\u00f1amiento al \u00f3rgano por Stanis\u0142aw Diwiszek. El \u00e1lbum fue grabado y producido por Witold y Jacek Flis en la iglesia de St. Clements y St. Margaret en Klementowice el 15 de [&hellip;]","og_url":"https:\/\/teslafm.net\/en\/space-oddity-recollection-15\/","article_publisher":"https:\/\/www.facebook.com\/teslafm.net","article_modified_time":"2021-03-13T11:38:27+00:00","og_image":[{"url":"https:\/\/teslafm.net\/wp-content\/uploads\/2020\/10\/Anna-Barska_image-1024x1024.jpg","type":"","width":"","height":""}],"twitter_card":"summary_large_image","twitter_site":"@teslafm","twitter_misc":{"Est. reading time":"1 minute"},"schema":{"@context":"https:\/\/schema.org","@graph":[{"@type":"WebPage","@id":"https:\/\/teslafm.net\/space-oddity-recollection-15\/","url":"https:\/\/teslafm.net\/space-oddity-recollection-15\/","name":"Space Oddity Recollection #15 -","isPartOf":{"@id":"https:\/\/teslafm.net\/#website"},"primaryImageOfPage":{"@id":"https:\/\/teslafm.net\/space-oddity-recollection-15\/#primaryimage"},"image":{"@id":"https:\/\/teslafm.net\/space-oddity-recollection-15\/#primaryimage"},"thumbnailUrl":"https:\/\/teslafm.net\/wp-content\/uploads\/2020\/10\/Anna-Barska_image-1024x1024.jpg","datePublished":"2020-10-20T13:50:41+00:00","dateModified":"2021-03-13T11:38:27+00:00","breadcrumb":{"@id":"https:\/\/teslafm.net\/space-oddity-recollection-15\/#breadcrumb"},"inLanguage":"en-US","potentialAction":[{"@type":"ReadAction","target":["https:\/\/teslafm.net\/space-oddity-recollection-15\/"]}]},{"@type":"ImageObject","inLanguage":"en-US","@id":"https:\/\/teslafm.net\/space-oddity-recollection-15\/#primaryimage","url":"https:\/\/teslafm.net\/wp-content\/uploads\/2020\/10\/Anna-Barska_image-1024x1024.jpg","contentUrl":"https:\/\/teslafm.net\/wp-content\/uploads\/2020\/10\/Anna-Barska_image-1024x1024.jpg"},{"@type":"BreadcrumbList","@id":"https:\/\/teslafm.net\/space-oddity-recollection-15\/#breadcrumb","itemListElement":[{"@type":"ListItem","position":1,"name":"Portada","item":"https:\/\/teslafm.net\/"},{"@type":"ListItem","position":2,"name":"Space Oddity Recollection #15"}]},{"@type":"WebSite","@id":"https:\/\/teslafm.net\/#website","url":"https:\/\/teslafm.net\/","name":"TeslaFM","description":"An experimental and creative radio","publisher":{"@id":"https:\/\/teslafm.net\/#organization"},"potentialAction":[{"@type":"SearchAction","target":{"@type":"EntryPoint","urlTemplate":"https:\/\/teslafm.net\/?s={search_term_string}"},"query-input":{"@type":"PropertyValueSpecification","valueRequired":true,"valueName":"search_term_string"}}],"inLanguage":"en-US"},{"@type":"Organization","@id":"https:\/\/teslafm.net\/#organization","name":"TeslaFM","url":"https:\/\/teslafm.net\/","logo":{"@type":"ImageObject","inLanguage":"en-US","@id":"https:\/\/teslafm.net\/#\/schema\/logo\/image\/","url":"https:\/\/teslafm.net\/wp-content\/uploads\/2020\/06\/logo-tesla.png","contentUrl":"https:\/\/teslafm.net\/wp-content\/uploads\/2020\/06\/logo-tesla.png","width":512,"height":512,"caption":"TeslaFM"},"image":{"@id":"https:\/\/teslafm.net\/#\/schema\/logo\/image\/"},"sameAs":["https:\/\/www.facebook.com\/teslafm.net","https:\/\/x.com\/teslafm"]}]}},"rttpg_featured_image_url":null,"rttpg_author":{"display_name":"Ishak","author_link":"https:\/\/teslafm.net\/en\/author\/cravan\/"},"rttpg_comment":0,"rttpg_category":null,"rttpg_excerpt":"Space Oddity Recollection #15 Octubre 2020 Anna Barska \u00c1lbum en solitario \u00abPulchra est quod est\u00bb de la cantante de \u00f3pera Anna Barska, con el acompa\u00f1amiento al \u00f3rgano por Stanis\u0142aw Diwiszek. El \u00e1lbum fue grabado y producido por Witold y Jacek Flis en la iglesia de St. Clements y St. Margaret en Klementowice el 15 de&hellip;","_links":{"self":[{"href":"https:\/\/teslafm.net\/en\/wp-json\/wp\/v2\/pages\/55575","targetHints":{"allow":["GET"]}}],"collection":[{"href":"https:\/\/teslafm.net\/en\/wp-json\/wp\/v2\/pages"}],"about":[{"href":"https:\/\/teslafm.net\/en\/wp-json\/wp\/v2\/types\/page"}],"author":[{"embeddable":true,"href":"https:\/\/teslafm.net\/en\/wp-json\/wp\/v2\/users\/19"}],"replies":[{"embeddable":true,"href":"https:\/\/teslafm.net\/en\/wp-json\/wp\/v2\/comments?post=55575"}],"version-history":[{"count":5,"href":"https:\/\/teslafm.net\/en\/wp-json\/wp\/v2\/pages\/55575\/revisions"}],"predecessor-version":[{"id":57539,"href":"https:\/\/teslafm.net\/en\/wp-json\/wp\/v2\/pages\/55575\/revisions\/57539"}],"wp:attachment":[{"href":"https:\/\/teslafm.net\/en\/wp-json\/wp\/v2\/media?parent=55575"}],"curies":[{"name":"wp","href":"https:\/\/api.w.org\/{rel}","templated":true}]}}