

{"id":55634,"date":"2020-10-28T16:34:52","date_gmt":"2020-10-28T15:34:52","guid":{"rendered":"https:\/\/teslafm.net\/?page_id=55634"},"modified":"2020-10-28T17:48:45","modified_gmt":"2020-10-28T16:48:45","slug":"ibidem-6","status":"publish","type":"page","link":"https:\/\/teslafm.net\/en\/ibidem-6\/","title":{"rendered":"Ibidem #6"},"content":{"rendered":"<h2><span style=\"color: #ffffff;\"><strong>Ibidem #6<\/strong><\/span><\/h2>\n<p><span style=\"color: #808080;\"><em>October 2020<\/em><\/span><\/p>\n<p><iframe src=\"https:\/\/www.mixcloud.com\/widget\/iframe\/?hide_cover=1&amp;feed=%2FTeslafm_net%2Fibidem-6-valentin-ginies%2F\" width=\"100%\" height=\"120\" frameborder=\"0\"><\/iframe><\/p>\n<p><img fetchpriority=\"high\" decoding=\"async\" class=\"alignnone size-full wp-image-55638\" src=\"https:\/\/teslafm.net\/wp-content\/uploads\/2020\/10\/unnamed-file.png\" alt=\"\" width=\"940\" height=\"788\" srcset=\"https:\/\/teslafm.net\/wp-content\/uploads\/2020\/10\/unnamed-file.png 940w, https:\/\/teslafm.net\/wp-content\/uploads\/2020\/10\/unnamed-file-300x251.png 300w, https:\/\/teslafm.net\/wp-content\/uploads\/2020\/10\/unnamed-file-768x644.png 768w\" sizes=\"(max-width: 940px) 100vw, 940px\" \/><\/p>\n<p><span style=\"color: #808080;\">Originally from Montpellier in the south of France, he spent 13 years in San Francisco and Montreal before moving to Berlin, Valentin has dedicated much of his life to music, a journey that has seen him play piano and drums, and step up to the decks at the age of 16. These days, when he's not DJing or producing, he's running his new label, 11001 Records - the first vinyl release is next month. Plus, there's already news of a few more EPs and an album on the way. In this mix, you'll hear 3 upcoming releases that will be part of an experimental ambient album called \"Lucid Voices\".<\/span><\/p>\n<p><span style=\"color: #808080;\">He is also co-founder of Teufelsberg Domecast, a series of experimental ambient podcasts with a unique sound installation. Focusing on live performances that take place in the Dots Gallery and are sent into the natural acoustic reverberation of the dome at the top of the main building.<\/span><\/p>","protected":false},"excerpt":{"rendered":"<p>Ibidem #6 Octubre 2020 Originario de Montpellier, en el sur de Francia, pas\u00f3 13 a\u00f1os en San Francisco y Montreal antes de mudarse a Berl\u00edn, Valentin ha dedicado gran parte de su vida a la m\u00fasica, un viaje que le ha visto tocar el piano y la bater\u00eda, y subir a los platos a la [&hellip;]<\/p>\n","protected":false},"author":19,"featured_media":0,"parent":0,"menu_order":0,"comment_status":"closed","ping_status":"closed","template":"","meta":{"footnotes":""},"class_list":["post-55634","page","type-page","status-publish","hentry"],"yoast_head":"<!-- This site is optimized with the Yoast SEO plugin v27.4 - https:\/\/yoast.com\/product\/yoast-seo-wordpress\/ -->\n<title>Ibidem #6 -<\/title>\n<meta name=\"robots\" content=\"index, follow, max-snippet:-1, max-image-preview:large, max-video-preview:-1\" \/>\n<link rel=\"canonical\" href=\"https:\/\/teslafm.net\/en\/ibidem-6\/\" \/>\n<meta property=\"og:locale\" content=\"en_US\" \/>\n<meta property=\"og:type\" content=\"article\" \/>\n<meta property=\"og:title\" content=\"Ibidem #6 -\" \/>\n<meta property=\"og:description\" content=\"Ibidem #6 Octubre 2020 Originario de Montpellier, en el sur de Francia, pas\u00f3 13 a\u00f1os en San Francisco y Montreal antes de mudarse a Berl\u00edn, Valentin ha dedicado gran parte de su vida a la m\u00fasica, un viaje que le ha visto tocar el piano y la bater\u00eda, y subir a los platos a la [&hellip;]\" \/>\n<meta property=\"og:url\" content=\"https:\/\/teslafm.net\/en\/ibidem-6\/\" \/>\n<meta property=\"article:publisher\" content=\"https:\/\/www.facebook.com\/teslafm.net\" \/>\n<meta property=\"article:modified_time\" content=\"2020-10-28T16:48:45+00:00\" \/>\n<meta property=\"og:image\" content=\"https:\/\/teslafm.net\/wp-content\/uploads\/2020\/10\/unnamed-file.png\" \/>\n<meta name=\"twitter:card\" content=\"summary_large_image\" \/>\n<meta name=\"twitter:site\" content=\"@teslafm\" \/>\n<meta name=\"twitter:label1\" content=\"Est. reading time\" \/>\n\t<meta name=\"twitter:data1\" content=\"1 minute\" \/>\n<script type=\"application\/ld+json\" class=\"yoast-schema-graph\">{\"@context\":\"https:\\\/\\\/schema.org\",\"@graph\":[{\"@type\":\"WebPage\",\"@id\":\"https:\\\/\\\/teslafm.net\\\/ibidem-6\\\/\",\"url\":\"https:\\\/\\\/teslafm.net\\\/ibidem-6\\\/\",\"name\":\"Ibidem #6 -\",\"isPartOf\":{\"@id\":\"https:\\\/\\\/teslafm.net\\\/#website\"},\"primaryImageOfPage\":{\"@id\":\"https:\\\/\\\/teslafm.net\\\/ibidem-6\\\/#primaryimage\"},\"image\":{\"@id\":\"https:\\\/\\\/teslafm.net\\\/ibidem-6\\\/#primaryimage\"},\"thumbnailUrl\":\"https:\\\/\\\/teslafm.net\\\/wp-content\\\/uploads\\\/2020\\\/10\\\/unnamed-file.png\",\"datePublished\":\"2020-10-28T15:34:52+00:00\",\"dateModified\":\"2020-10-28T16:48:45+00:00\",\"breadcrumb\":{\"@id\":\"https:\\\/\\\/teslafm.net\\\/ibidem-6\\\/#breadcrumb\"},\"inLanguage\":\"en-US\",\"potentialAction\":[{\"@type\":\"ReadAction\",\"target\":[\"https:\\\/\\\/teslafm.net\\\/ibidem-6\\\/\"]}]},{\"@type\":\"ImageObject\",\"inLanguage\":\"en-US\",\"@id\":\"https:\\\/\\\/teslafm.net\\\/ibidem-6\\\/#primaryimage\",\"url\":\"https:\\\/\\\/teslafm.net\\\/wp-content\\\/uploads\\\/2020\\\/10\\\/unnamed-file.png\",\"contentUrl\":\"https:\\\/\\\/teslafm.net\\\/wp-content\\\/uploads\\\/2020\\\/10\\\/unnamed-file.png\"},{\"@type\":\"BreadcrumbList\",\"@id\":\"https:\\\/\\\/teslafm.net\\\/ibidem-6\\\/#breadcrumb\",\"itemListElement\":[{\"@type\":\"ListItem\",\"position\":1,\"name\":\"Portada\",\"item\":\"https:\\\/\\\/teslafm.net\\\/\"},{\"@type\":\"ListItem\",\"position\":2,\"name\":\"Ibidem #6\"}]},{\"@type\":\"WebSite\",\"@id\":\"https:\\\/\\\/teslafm.net\\\/#website\",\"url\":\"https:\\\/\\\/teslafm.net\\\/\",\"name\":\"TeslaFM\",\"description\":\"An experimental and creative radio\",\"publisher\":{\"@id\":\"https:\\\/\\\/teslafm.net\\\/#organization\"},\"potentialAction\":[{\"@type\":\"SearchAction\",\"target\":{\"@type\":\"EntryPoint\",\"urlTemplate\":\"https:\\\/\\\/teslafm.net\\\/?s={search_term_string}\"},\"query-input\":{\"@type\":\"PropertyValueSpecification\",\"valueRequired\":true,\"valueName\":\"search_term_string\"}}],\"inLanguage\":\"en-US\"},{\"@type\":\"Organization\",\"@id\":\"https:\\\/\\\/teslafm.net\\\/#organization\",\"name\":\"TeslaFM\",\"url\":\"https:\\\/\\\/teslafm.net\\\/\",\"logo\":{\"@type\":\"ImageObject\",\"inLanguage\":\"en-US\",\"@id\":\"https:\\\/\\\/teslafm.net\\\/#\\\/schema\\\/logo\\\/image\\\/\",\"url\":\"https:\\\/\\\/teslafm.net\\\/wp-content\\\/uploads\\\/2020\\\/06\\\/logo-tesla.png\",\"contentUrl\":\"https:\\\/\\\/teslafm.net\\\/wp-content\\\/uploads\\\/2020\\\/06\\\/logo-tesla.png\",\"width\":512,\"height\":512,\"caption\":\"TeslaFM\"},\"image\":{\"@id\":\"https:\\\/\\\/teslafm.net\\\/#\\\/schema\\\/logo\\\/image\\\/\"},\"sameAs\":[\"https:\\\/\\\/www.facebook.com\\\/teslafm.net\",\"https:\\\/\\\/x.com\\\/teslafm\"]}]}<\/script>\n<!-- \/ Yoast SEO plugin. -->","yoast_head_json":{"title":"Ibidem #6 -","robots":{"index":"index","follow":"follow","max-snippet":"max-snippet:-1","max-image-preview":"max-image-preview:large","max-video-preview":"max-video-preview:-1"},"canonical":"https:\/\/teslafm.net\/en\/ibidem-6\/","og_locale":"en_US","og_type":"article","og_title":"Ibidem #6 -","og_description":"Ibidem #6 Octubre 2020 Originario de Montpellier, en el sur de Francia, pas\u00f3 13 a\u00f1os en San Francisco y Montreal antes de mudarse a Berl\u00edn, Valentin ha dedicado gran parte de su vida a la m\u00fasica, un viaje que le ha visto tocar el piano y la bater\u00eda, y subir a los platos a la [&hellip;]","og_url":"https:\/\/teslafm.net\/en\/ibidem-6\/","article_publisher":"https:\/\/www.facebook.com\/teslafm.net","article_modified_time":"2020-10-28T16:48:45+00:00","og_image":[{"url":"https:\/\/teslafm.net\/wp-content\/uploads\/2020\/10\/unnamed-file.png","type":"","width":"","height":""}],"twitter_card":"summary_large_image","twitter_site":"@teslafm","twitter_misc":{"Est. reading time":"1 minute"},"schema":{"@context":"https:\/\/schema.org","@graph":[{"@type":"WebPage","@id":"https:\/\/teslafm.net\/ibidem-6\/","url":"https:\/\/teslafm.net\/ibidem-6\/","name":"Ibidem #6 -","isPartOf":{"@id":"https:\/\/teslafm.net\/#website"},"primaryImageOfPage":{"@id":"https:\/\/teslafm.net\/ibidem-6\/#primaryimage"},"image":{"@id":"https:\/\/teslafm.net\/ibidem-6\/#primaryimage"},"thumbnailUrl":"https:\/\/teslafm.net\/wp-content\/uploads\/2020\/10\/unnamed-file.png","datePublished":"2020-10-28T15:34:52+00:00","dateModified":"2020-10-28T16:48:45+00:00","breadcrumb":{"@id":"https:\/\/teslafm.net\/ibidem-6\/#breadcrumb"},"inLanguage":"en-US","potentialAction":[{"@type":"ReadAction","target":["https:\/\/teslafm.net\/ibidem-6\/"]}]},{"@type":"ImageObject","inLanguage":"en-US","@id":"https:\/\/teslafm.net\/ibidem-6\/#primaryimage","url":"https:\/\/teslafm.net\/wp-content\/uploads\/2020\/10\/unnamed-file.png","contentUrl":"https:\/\/teslafm.net\/wp-content\/uploads\/2020\/10\/unnamed-file.png"},{"@type":"BreadcrumbList","@id":"https:\/\/teslafm.net\/ibidem-6\/#breadcrumb","itemListElement":[{"@type":"ListItem","position":1,"name":"Portada","item":"https:\/\/teslafm.net\/"},{"@type":"ListItem","position":2,"name":"Ibidem #6"}]},{"@type":"WebSite","@id":"https:\/\/teslafm.net\/#website","url":"https:\/\/teslafm.net\/","name":"TeslaFM","description":"An experimental and creative radio","publisher":{"@id":"https:\/\/teslafm.net\/#organization"},"potentialAction":[{"@type":"SearchAction","target":{"@type":"EntryPoint","urlTemplate":"https:\/\/teslafm.net\/?s={search_term_string}"},"query-input":{"@type":"PropertyValueSpecification","valueRequired":true,"valueName":"search_term_string"}}],"inLanguage":"en-US"},{"@type":"Organization","@id":"https:\/\/teslafm.net\/#organization","name":"TeslaFM","url":"https:\/\/teslafm.net\/","logo":{"@type":"ImageObject","inLanguage":"en-US","@id":"https:\/\/teslafm.net\/#\/schema\/logo\/image\/","url":"https:\/\/teslafm.net\/wp-content\/uploads\/2020\/06\/logo-tesla.png","contentUrl":"https:\/\/teslafm.net\/wp-content\/uploads\/2020\/06\/logo-tesla.png","width":512,"height":512,"caption":"TeslaFM"},"image":{"@id":"https:\/\/teslafm.net\/#\/schema\/logo\/image\/"},"sameAs":["https:\/\/www.facebook.com\/teslafm.net","https:\/\/x.com\/teslafm"]}]}},"rttpg_featured_image_url":null,"rttpg_author":{"display_name":"Ishak","author_link":"https:\/\/teslafm.net\/en\/author\/cravan\/"},"rttpg_comment":0,"rttpg_category":null,"rttpg_excerpt":"Ibidem #6 Octubre 2020 Originario de Montpellier, en el sur de Francia, pas\u00f3 13 a\u00f1os en San Francisco y Montreal antes de mudarse a Berl\u00edn, Valentin ha dedicado gran parte de su vida a la m\u00fasica, un viaje que le ha visto tocar el piano y la bater\u00eda, y subir a los platos a la&hellip;","_links":{"self":[{"href":"https:\/\/teslafm.net\/en\/wp-json\/wp\/v2\/pages\/55634","targetHints":{"allow":["GET"]}}],"collection":[{"href":"https:\/\/teslafm.net\/en\/wp-json\/wp\/v2\/pages"}],"about":[{"href":"https:\/\/teslafm.net\/en\/wp-json\/wp\/v2\/types\/page"}],"author":[{"embeddable":true,"href":"https:\/\/teslafm.net\/en\/wp-json\/wp\/v2\/users\/19"}],"replies":[{"embeddable":true,"href":"https:\/\/teslafm.net\/en\/wp-json\/wp\/v2\/comments?post=55634"}],"version-history":[{"count":4,"href":"https:\/\/teslafm.net\/en\/wp-json\/wp\/v2\/pages\/55634\/revisions"}],"predecessor-version":[{"id":55643,"href":"https:\/\/teslafm.net\/en\/wp-json\/wp\/v2\/pages\/55634\/revisions\/55643"}],"wp:attachment":[{"href":"https:\/\/teslafm.net\/en\/wp-json\/wp\/v2\/media?parent=55634"}],"curies":[{"name":"wp","href":"https:\/\/api.w.org\/{rel}","templated":true}]}}