

{"id":55661,"date":"2020-11-03T17:04:49","date_gmt":"2020-11-03T16:04:49","guid":{"rendered":"https:\/\/teslafm.net\/?page_id=55661"},"modified":"2021-01-12T19:17:15","modified_gmt":"2021-01-12T18:17:15","slug":"ananke-24","status":"publish","type":"page","link":"https:\/\/teslafm.net\/en\/ananke-24\/","title":{"rendered":"Anank\u00e9 #24"},"content":{"rendered":"<h2><span style=\"color: #ffffff;\"><strong>Anank\u00e9 Chapter XXIV<\/strong><\/span><\/h2>\n<p><span style=\"color: #808080;\"><em>November 2020<\/em><\/span><\/p>\n<p><iframe src=\"https:\/\/www.mixcloud.com\/widget\/iframe\/?hide_cover=1&amp;feed=%2FTeslafm_net%2Fanank%C3%A9-24-jaco%2F\" width=\"100%\" height=\"120\" frameborder=\"0\"><\/iframe><\/p>\n<p><span style=\"color: #808080;\">01. <strong>Eartheater<\/strong> - Kiss of the Phoenix - Phoenix: Flames Are Dew Upo My Skin (Pan, 2020)<\/span><br \/>\n<span style=\"color: #808080;\">02. <strong>Jouska<\/strong> - Everything Is Good - Everything Is Good (Self-released, 2020)<\/span><br \/>\n<span style=\"color: #808080;\">03. <strong>Loraine James<\/strong> - Nothing - Nothing (Hyperdub, 2020)<\/span><br \/>\n<span style=\"color: #808080;\">04. <strong>Jay Glass Dubs<\/strong> - Dots On Nails - Soma (Berceuse Heroique, 2020)<\/span><br \/>\n<span style=\"color: #808080;\">05. <strong>Rian Treanor<\/strong> - Closed Curve - File Under UK Metaplasm (Planer Mu, 2020)<\/span><br \/>\n<span style=\"color: #808080;\">06. <strong>ADORO<\/strong> - Oh Regalada Llaga! - Coplas del \u00c9xtasis del Olvido (Crystal Mine, 2020)<\/span><br \/>\n<span style=\"color: #808080;\">07 . <strong>Group A<\/strong> - Almost, Almost - Another (Mannequin, 2020)<\/span><br \/>\n<span style=\"color: #808080;\">08. <strong>Jasmine Guffond<\/strong> - Default Cultures - Microphone Permission (Mego, 2020)<\/span><br \/>\n<span style=\"color: #808080;\">09. <strong>Lucrecia Dalt<\/strong> - Ending - It wasn't solid (Rvng, 2020)<\/span><br \/>\n<span style=\"color: #808080;\">10. <strong>Golem Mecanique<\/strong> - Face B - Nona, Decima et Morta (Ideologic Organ, 2020)<\/span><br \/>\n<span style=\"color: #808080;\">11. <strong>Ka<\/strong> - Old Justice - Descendants of Cain (Iron Works, 2020)<\/span><br \/>\n<span style=\"color: #808080;\">12. <strong>Conway the Machine<\/strong> - Front Lines - From King to a GOD (Griselda, 2020)<\/span><br \/>\n<span style=\"color: #808080;\">13. <strong>Zeroh<\/strong> - Metacine - Blqlyte (Leaving, 2020)<\/span><br \/>\n<span style=\"color: #808080;\">14. <strong>Moxal<\/strong> - Gure Telenobelie - Zaldikatu (Forbidden Colours, 2019)<\/span><br \/>\n<span style=\"color: #808080;\">15. <strong>Shit and Shine<\/strong> - Sheriff of Yates Hill - Malibu Liquor Store (Rocket, 2020)<\/span><br \/>\n<span style=\"color: #808080;\">16. <strong>OOIOO<\/strong> - Nijimu - Nijimusi (Shochy, 2019\/Thrill Jockey, 2020)<\/span><br \/>\n<span style=\"color: #808080;\">17. <strong>Bourbonese Qualk<\/strong> - Erector - Hope (Recloose Organisation, 1984\/Klanggalerie, 2020)<\/span><br \/>\n<span style=\"color: #808080;\">18. <strong>African Head Charge<\/strong> - Learned - Churchical Chant Of The Iyabinghi (On-U Sound, 2020)<\/span><br \/>\n<span style=\"color: #808080;\">19.<strong> Scientist<\/strong> - Cry of the Werewolf - Scientist Rids the World of the Evil Curse of the Vampires (Greensleeves, 1981)<\/span><\/p>","protected":false},"excerpt":{"rendered":"<p>Anank\u00e9 Cap\u00edtulo XXIV Noviembre 2020 01. Eartheater &#8211; Kiss of the Phoenix &#8211; Phoenix: Flames Are Dew Upo My Skin (Pan, 2020) 02. Jouska &#8211; Everything Is Good &#8211; Everything Is Good (Autoeditado, 2020) 03. Loraine James &#8211; Nothing &#8211; Nothing (Hyperdub, 2020) 04. Jay Glass Dubs &#8211; Dots On Nails &#8211; Soma (Berceuse Heroique, [&hellip;]<\/p>\n","protected":false},"author":19,"featured_media":0,"parent":0,"menu_order":0,"comment_status":"closed","ping_status":"closed","template":"","meta":{"footnotes":""},"class_list":["post-55661","page","type-page","status-publish","hentry"],"yoast_head":"<!-- This site is optimized with the Yoast SEO plugin v27.4 - https:\/\/yoast.com\/product\/yoast-seo-wordpress\/ -->\n<title>Anank\u00e9 #24 -<\/title>\n<meta name=\"robots\" content=\"index, follow, max-snippet:-1, max-image-preview:large, max-video-preview:-1\" \/>\n<link rel=\"canonical\" href=\"https:\/\/teslafm.net\/en\/ananke-24\/\" \/>\n<meta property=\"og:locale\" content=\"en_US\" \/>\n<meta property=\"og:type\" content=\"article\" \/>\n<meta property=\"og:title\" content=\"Anank\u00e9 #24 -\" \/>\n<meta property=\"og:description\" content=\"Anank\u00e9 Cap\u00edtulo XXIV Noviembre 2020 01. Eartheater &#8211; Kiss of the Phoenix &#8211; Phoenix: Flames Are Dew Upo My Skin (Pan, 2020) 02. Jouska &#8211; Everything Is Good &#8211; Everything Is Good (Autoeditado, 2020) 03. Loraine James &#8211; Nothing &#8211; Nothing (Hyperdub, 2020) 04. Jay Glass Dubs &#8211; Dots On Nails &#8211; Soma (Berceuse Heroique, [&hellip;]\" \/>\n<meta property=\"og:url\" content=\"https:\/\/teslafm.net\/en\/ananke-24\/\" \/>\n<meta property=\"article:publisher\" content=\"https:\/\/www.facebook.com\/teslafm.net\" \/>\n<meta property=\"article:modified_time\" content=\"2021-01-12T18:17:15+00:00\" \/>\n<meta property=\"og:image\" content=\"https:\/\/teslafm.net\/wp-content\/uploads\/2022\/09\/header-image-4-temp.png\" \/>\n\t<meta property=\"og:image:width\" content=\"1274\" \/>\n\t<meta property=\"og:image:height\" content=\"818\" \/>\n\t<meta property=\"og:image:type\" content=\"image\/png\" \/>\n<meta name=\"twitter:card\" content=\"summary_large_image\" \/>\n<meta name=\"twitter:site\" content=\"@teslafm\" \/>\n<meta name=\"twitter:label1\" content=\"Est. reading time\" \/>\n\t<meta name=\"twitter:data1\" content=\"1 minute\" \/>\n<script type=\"application\/ld+json\" class=\"yoast-schema-graph\">{\"@context\":\"https:\\\/\\\/schema.org\",\"@graph\":[{\"@type\":\"WebPage\",\"@id\":\"https:\\\/\\\/teslafm.net\\\/ananke-24\\\/\",\"url\":\"https:\\\/\\\/teslafm.net\\\/ananke-24\\\/\",\"name\":\"Anank\u00e9 #24 -\",\"isPartOf\":{\"@id\":\"https:\\\/\\\/teslafm.net\\\/#website\"},\"datePublished\":\"2020-11-03T16:04:49+00:00\",\"dateModified\":\"2021-01-12T18:17:15+00:00\",\"breadcrumb\":{\"@id\":\"https:\\\/\\\/teslafm.net\\\/ananke-24\\\/#breadcrumb\"},\"inLanguage\":\"en-US\",\"potentialAction\":[{\"@type\":\"ReadAction\",\"target\":[\"https:\\\/\\\/teslafm.net\\\/ananke-24\\\/\"]}]},{\"@type\":\"BreadcrumbList\",\"@id\":\"https:\\\/\\\/teslafm.net\\\/ananke-24\\\/#breadcrumb\",\"itemListElement\":[{\"@type\":\"ListItem\",\"position\":1,\"name\":\"Portada\",\"item\":\"https:\\\/\\\/teslafm.net\\\/\"},{\"@type\":\"ListItem\",\"position\":2,\"name\":\"Anank\u00e9 #24\"}]},{\"@type\":\"WebSite\",\"@id\":\"https:\\\/\\\/teslafm.net\\\/#website\",\"url\":\"https:\\\/\\\/teslafm.net\\\/\",\"name\":\"TeslaFM\",\"description\":\"An experimental and creative radio\",\"publisher\":{\"@id\":\"https:\\\/\\\/teslafm.net\\\/#organization\"},\"potentialAction\":[{\"@type\":\"SearchAction\",\"target\":{\"@type\":\"EntryPoint\",\"urlTemplate\":\"https:\\\/\\\/teslafm.net\\\/?s={search_term_string}\"},\"query-input\":{\"@type\":\"PropertyValueSpecification\",\"valueRequired\":true,\"valueName\":\"search_term_string\"}}],\"inLanguage\":\"en-US\"},{\"@type\":\"Organization\",\"@id\":\"https:\\\/\\\/teslafm.net\\\/#organization\",\"name\":\"TeslaFM\",\"url\":\"https:\\\/\\\/teslafm.net\\\/\",\"logo\":{\"@type\":\"ImageObject\",\"inLanguage\":\"en-US\",\"@id\":\"https:\\\/\\\/teslafm.net\\\/#\\\/schema\\\/logo\\\/image\\\/\",\"url\":\"https:\\\/\\\/teslafm.net\\\/wp-content\\\/uploads\\\/2020\\\/06\\\/logo-tesla.png\",\"contentUrl\":\"https:\\\/\\\/teslafm.net\\\/wp-content\\\/uploads\\\/2020\\\/06\\\/logo-tesla.png\",\"width\":512,\"height\":512,\"caption\":\"TeslaFM\"},\"image\":{\"@id\":\"https:\\\/\\\/teslafm.net\\\/#\\\/schema\\\/logo\\\/image\\\/\"},\"sameAs\":[\"https:\\\/\\\/www.facebook.com\\\/teslafm.net\",\"https:\\\/\\\/x.com\\\/teslafm\"]}]}<\/script>\n<!-- \/ Yoast SEO plugin. -->","yoast_head_json":{"title":"Anank\u00e9 #24 -","robots":{"index":"index","follow":"follow","max-snippet":"max-snippet:-1","max-image-preview":"max-image-preview:large","max-video-preview":"max-video-preview:-1"},"canonical":"https:\/\/teslafm.net\/en\/ananke-24\/","og_locale":"en_US","og_type":"article","og_title":"Anank\u00e9 #24 -","og_description":"Anank\u00e9 Cap\u00edtulo XXIV Noviembre 2020 01. Eartheater &#8211; Kiss of the Phoenix &#8211; Phoenix: Flames Are Dew Upo My Skin (Pan, 2020) 02. Jouska &#8211; Everything Is Good &#8211; Everything Is Good (Autoeditado, 2020) 03. Loraine James &#8211; Nothing &#8211; Nothing (Hyperdub, 2020) 04. Jay Glass Dubs &#8211; Dots On Nails &#8211; Soma (Berceuse Heroique, [&hellip;]","og_url":"https:\/\/teslafm.net\/en\/ananke-24\/","article_publisher":"https:\/\/www.facebook.com\/teslafm.net","article_modified_time":"2021-01-12T18:17:15+00:00","og_image":[{"width":1274,"height":818,"url":"https:\/\/teslafm.net\/wp-content\/uploads\/2022\/09\/header-image-4-temp.png","type":"image\/png"}],"twitter_card":"summary_large_image","twitter_site":"@teslafm","twitter_misc":{"Est. reading time":"1 minute"},"schema":{"@context":"https:\/\/schema.org","@graph":[{"@type":"WebPage","@id":"https:\/\/teslafm.net\/ananke-24\/","url":"https:\/\/teslafm.net\/ananke-24\/","name":"Anank\u00e9 #24 -","isPartOf":{"@id":"https:\/\/teslafm.net\/#website"},"datePublished":"2020-11-03T16:04:49+00:00","dateModified":"2021-01-12T18:17:15+00:00","breadcrumb":{"@id":"https:\/\/teslafm.net\/ananke-24\/#breadcrumb"},"inLanguage":"en-US","potentialAction":[{"@type":"ReadAction","target":["https:\/\/teslafm.net\/ananke-24\/"]}]},{"@type":"BreadcrumbList","@id":"https:\/\/teslafm.net\/ananke-24\/#breadcrumb","itemListElement":[{"@type":"ListItem","position":1,"name":"Portada","item":"https:\/\/teslafm.net\/"},{"@type":"ListItem","position":2,"name":"Anank\u00e9 #24"}]},{"@type":"WebSite","@id":"https:\/\/teslafm.net\/#website","url":"https:\/\/teslafm.net\/","name":"TeslaFM","description":"An experimental and creative radio","publisher":{"@id":"https:\/\/teslafm.net\/#organization"},"potentialAction":[{"@type":"SearchAction","target":{"@type":"EntryPoint","urlTemplate":"https:\/\/teslafm.net\/?s={search_term_string}"},"query-input":{"@type":"PropertyValueSpecification","valueRequired":true,"valueName":"search_term_string"}}],"inLanguage":"en-US"},{"@type":"Organization","@id":"https:\/\/teslafm.net\/#organization","name":"TeslaFM","url":"https:\/\/teslafm.net\/","logo":{"@type":"ImageObject","inLanguage":"en-US","@id":"https:\/\/teslafm.net\/#\/schema\/logo\/image\/","url":"https:\/\/teslafm.net\/wp-content\/uploads\/2020\/06\/logo-tesla.png","contentUrl":"https:\/\/teslafm.net\/wp-content\/uploads\/2020\/06\/logo-tesla.png","width":512,"height":512,"caption":"TeslaFM"},"image":{"@id":"https:\/\/teslafm.net\/#\/schema\/logo\/image\/"},"sameAs":["https:\/\/www.facebook.com\/teslafm.net","https:\/\/x.com\/teslafm"]}]}},"rttpg_featured_image_url":null,"rttpg_author":{"display_name":"Ishak","author_link":"https:\/\/teslafm.net\/en\/author\/cravan\/"},"rttpg_comment":0,"rttpg_category":null,"rttpg_excerpt":"Anank\u00e9 Cap\u00edtulo XXIV Noviembre 2020 01. Eartheater &#8211; Kiss of the Phoenix &#8211; Phoenix: Flames Are Dew Upo My Skin (Pan, 2020) 02. Jouska &#8211; Everything Is Good &#8211; Everything Is Good (Autoeditado, 2020) 03. Loraine James &#8211; Nothing &#8211; Nothing (Hyperdub, 2020) 04. Jay Glass Dubs &#8211; Dots On Nails &#8211; Soma (Berceuse Heroique,&hellip;","_links":{"self":[{"href":"https:\/\/teslafm.net\/en\/wp-json\/wp\/v2\/pages\/55661","targetHints":{"allow":["GET"]}}],"collection":[{"href":"https:\/\/teslafm.net\/en\/wp-json\/wp\/v2\/pages"}],"about":[{"href":"https:\/\/teslafm.net\/en\/wp-json\/wp\/v2\/types\/page"}],"author":[{"embeddable":true,"href":"https:\/\/teslafm.net\/en\/wp-json\/wp\/v2\/users\/19"}],"replies":[{"embeddable":true,"href":"https:\/\/teslafm.net\/en\/wp-json\/wp\/v2\/comments?post=55661"}],"version-history":[{"count":3,"href":"https:\/\/teslafm.net\/en\/wp-json\/wp\/v2\/pages\/55661\/revisions"}],"predecessor-version":[{"id":56047,"href":"https:\/\/teslafm.net\/en\/wp-json\/wp\/v2\/pages\/55661\/revisions\/56047"}],"wp:attachment":[{"href":"https:\/\/teslafm.net\/en\/wp-json\/wp\/v2\/media?parent=55661"}],"curies":[{"name":"wp","href":"https:\/\/api.w.org\/{rel}","templated":true}]}}