

{"id":55688,"date":"2020-11-04T17:56:49","date_gmt":"2020-11-04T16:56:49","guid":{"rendered":"https:\/\/teslafm.net\/?page_id=55688"},"modified":"2020-11-04T17:56:49","modified_gmt":"2020-11-04T16:56:49","slug":"digital-entropy-4","status":"publish","type":"page","link":"https:\/\/teslafm.net\/en\/digital-entropy-4\/","title":{"rendered":"Digital Entropy #4"},"content":{"rendered":"<h2><span style=\"color: #ffffff;\"><strong>Digital Entropy #4<\/strong><\/span><\/h2>\n<p><span style=\"color: #808080;\"><em>LiveCoding-Algorave-Code<\/em><\/span><\/p>\n<p><iframe src=\"https:\/\/www.mixcloud.com\/widget\/iframe\/?hide_cover=1&amp;feed=%2FTeslafm_net%2Fdigital-entropy-4-nikka%2F\" width=\"100%\" height=\"120\" frameborder=\"0\"><\/iframe><\/p>\n<p><span style=\"color: #808080;\"><strong>[LiveCoding]^][Algorave]^[Code]<\/strong><\/span><\/p>\n<p align=\"left\"><span style=\"color: #808080;\">Live Coding es una pr\u00e1ctica de interpretaci\u00f3n en la que el c\u00f3digo se escribe y manipula en vivo en el escenario para generar sonido y \/ o video. <\/span><\/p>\n<p align=\"left\"><span style=\"color: #808080;\">Cada vez son m\u00e1s los artistas que aprovechan los algoritmos para hacer m\u00fasica electr\u00f3nica en vivo e improvisada. <\/span><\/p>\n<p align=\"left\"><span style=\"color: #808080;\">Normalmente, c\u00f3digo y sonido es generado a tiempo real es proyectado para que lo vea y lo disfrute la audiencia. La codificaci\u00f3n en vivo se sit\u00faa en la intersecci\u00f3n de la cultura del software y el arte: permite modos nuevos y m\u00e1s profundos de improvisaci\u00f3n.<\/span><\/p>\n<p align=\"left\"><span style=\"color: #808080;\">Una forma de m\u00fasica electr\u00f3nica verdaderamente en vivo, improvisada e impredecible. <\/span><\/p>\n<p><span style=\"color: #808080;\"><strong>Tracklist:<\/strong> <\/span><\/p>\n<p><span style=\"color: #808080;\">_t.mo\u00a0 [hg(scn)2]<\/span><br \/>\n<span style=\"color: #808080;\">\u03bbphonic [Fibonacci In A Minor]<\/span><br \/>\n<span style=\"color: #808080;\">Renick Bell\u00a0\u00a0[Fractal Beats 160316a]<\/span><br \/>\n<span style=\"color: #808080;\">Kindohm\u00a0\u00a0[Live @ ICLC 2016 Algorave, Hamilton, ON, Canada]<\/span><br \/>\n<span style=\"color: #808080;\">Renick Bell [Full Circle]<\/span><br \/>\n<span style=\"color: #808080;\">Repl Electric [?.slices]<\/span><br \/>\n<span style=\"color: #808080;\">Bonnie Rattail [Bonnie Cummings [Tidalcycles_1 \u2013 2019] <\/span><br \/>\n<span style=\"color: #808080;\">Toplap North USA [Improv #1]<\/span><br \/>\n<span style=\"color: #808080;\">Eye Measure [White Wine]<\/span><br \/>\n<span style=\"color: #808080;\">Repl Electric [Flatiron]<\/span><br \/>\n<span style=\"color: #808080;\">all n4tural firehose [voga afternoon]<\/span><br \/>\n<span style=\"color: #808080;\">D<span lang=\"zxx\">ewdrop_world<\/span>\u00a0[Live: 2018 Guangzhou International Outdoor Performance Festival]<\/span><br \/>\n<span style=\"color: #808080;\">Yaxu\u00a0[live @ algorave sheffield 1st sept 2017]<\/span><br \/>\n<span style=\"color: #808080;\">Renick Bell [groove 11.1]<\/span><br \/>\n<span style=\"color: #808080;\">Gavroche [Game Of Thrones]<\/span><\/p>\n","protected":false},"excerpt":{"rendered":"<p>Digital Entropy #4 LiveCoding-Algorave-Code [LiveCoding]^][Algorave]^[Code] Live Coding es una pr\u00e1ctica de interpretaci\u00f3n en la que el c\u00f3digo se escribe y manipula en vivo en el escenario para generar sonido y \/ o video. Cada vez son m\u00e1s los artistas que aprovechan los algoritmos para hacer m\u00fasica electr\u00f3nica en vivo e improvisada. Normalmente, c\u00f3digo y sonido [&hellip;]<\/p>\n","protected":false},"author":19,"featured_media":0,"parent":0,"menu_order":0,"comment_status":"closed","ping_status":"closed","template":"","meta":{"footnotes":""},"class_list":["post-55688","page","type-page","status-publish","hentry"],"yoast_head":"<!-- This site is optimized with the Yoast SEO plugin v27.4 - https:\/\/yoast.com\/product\/yoast-seo-wordpress\/ -->\n<title>Digital Entropy #4 -<\/title>\n<meta name=\"robots\" content=\"index, follow, max-snippet:-1, max-image-preview:large, max-video-preview:-1\" \/>\n<link rel=\"canonical\" href=\"https:\/\/teslafm.net\/en\/digital-entropy-4\/\" \/>\n<meta property=\"og:locale\" content=\"en_US\" \/>\n<meta property=\"og:type\" content=\"article\" \/>\n<meta property=\"og:title\" content=\"Digital Entropy #4 -\" \/>\n<meta property=\"og:description\" content=\"Digital Entropy #4 LiveCoding-Algorave-Code [LiveCoding]^][Algorave]^[Code] Live Coding es una pr\u00e1ctica de interpretaci\u00f3n en la que el c\u00f3digo se escribe y manipula en vivo en el escenario para generar sonido y \/ o video. Cada vez son m\u00e1s los artistas que aprovechan los algoritmos para hacer m\u00fasica electr\u00f3nica en vivo e improvisada. Normalmente, c\u00f3digo y sonido [&hellip;]\" \/>\n<meta property=\"og:url\" content=\"https:\/\/teslafm.net\/en\/digital-entropy-4\/\" \/>\n<meta property=\"article:publisher\" content=\"https:\/\/www.facebook.com\/teslafm.net\" \/>\n<meta property=\"og:image\" content=\"https:\/\/teslafm.net\/wp-content\/uploads\/2022\/09\/header-image-4-temp.png\" \/>\n\t<meta property=\"og:image:width\" content=\"1274\" \/>\n\t<meta property=\"og:image:height\" content=\"818\" \/>\n\t<meta property=\"og:image:type\" content=\"image\/png\" \/>\n<meta name=\"twitter:card\" content=\"summary_large_image\" \/>\n<meta name=\"twitter:site\" content=\"@teslafm\" \/>\n<meta name=\"twitter:label1\" content=\"Est. reading time\" \/>\n\t<meta name=\"twitter:data1\" content=\"1 minute\" \/>\n<script type=\"application\/ld+json\" class=\"yoast-schema-graph\">{\"@context\":\"https:\\\/\\\/schema.org\",\"@graph\":[{\"@type\":\"WebPage\",\"@id\":\"https:\\\/\\\/teslafm.net\\\/digital-entropy-4\\\/\",\"url\":\"https:\\\/\\\/teslafm.net\\\/digital-entropy-4\\\/\",\"name\":\"Digital Entropy #4 -\",\"isPartOf\":{\"@id\":\"https:\\\/\\\/teslafm.net\\\/#website\"},\"datePublished\":\"2020-11-04T16:56:49+00:00\",\"breadcrumb\":{\"@id\":\"https:\\\/\\\/teslafm.net\\\/digital-entropy-4\\\/#breadcrumb\"},\"inLanguage\":\"en-US\",\"potentialAction\":[{\"@type\":\"ReadAction\",\"target\":[\"https:\\\/\\\/teslafm.net\\\/digital-entropy-4\\\/\"]}]},{\"@type\":\"BreadcrumbList\",\"@id\":\"https:\\\/\\\/teslafm.net\\\/digital-entropy-4\\\/#breadcrumb\",\"itemListElement\":[{\"@type\":\"ListItem\",\"position\":1,\"name\":\"Portada\",\"item\":\"https:\\\/\\\/teslafm.net\\\/\"},{\"@type\":\"ListItem\",\"position\":2,\"name\":\"Digital Entropy #4\"}]},{\"@type\":\"WebSite\",\"@id\":\"https:\\\/\\\/teslafm.net\\\/#website\",\"url\":\"https:\\\/\\\/teslafm.net\\\/\",\"name\":\"TeslaFM\",\"description\":\"An experimental and creative radio\",\"publisher\":{\"@id\":\"https:\\\/\\\/teslafm.net\\\/#organization\"},\"potentialAction\":[{\"@type\":\"SearchAction\",\"target\":{\"@type\":\"EntryPoint\",\"urlTemplate\":\"https:\\\/\\\/teslafm.net\\\/?s={search_term_string}\"},\"query-input\":{\"@type\":\"PropertyValueSpecification\",\"valueRequired\":true,\"valueName\":\"search_term_string\"}}],\"inLanguage\":\"en-US\"},{\"@type\":\"Organization\",\"@id\":\"https:\\\/\\\/teslafm.net\\\/#organization\",\"name\":\"TeslaFM\",\"url\":\"https:\\\/\\\/teslafm.net\\\/\",\"logo\":{\"@type\":\"ImageObject\",\"inLanguage\":\"en-US\",\"@id\":\"https:\\\/\\\/teslafm.net\\\/#\\\/schema\\\/logo\\\/image\\\/\",\"url\":\"https:\\\/\\\/teslafm.net\\\/wp-content\\\/uploads\\\/2020\\\/06\\\/logo-tesla.png\",\"contentUrl\":\"https:\\\/\\\/teslafm.net\\\/wp-content\\\/uploads\\\/2020\\\/06\\\/logo-tesla.png\",\"width\":512,\"height\":512,\"caption\":\"TeslaFM\"},\"image\":{\"@id\":\"https:\\\/\\\/teslafm.net\\\/#\\\/schema\\\/logo\\\/image\\\/\"},\"sameAs\":[\"https:\\\/\\\/www.facebook.com\\\/teslafm.net\",\"https:\\\/\\\/x.com\\\/teslafm\"]}]}<\/script>\n<!-- \/ Yoast SEO plugin. -->","yoast_head_json":{"title":"Digital Entropy #4 -","robots":{"index":"index","follow":"follow","max-snippet":"max-snippet:-1","max-image-preview":"max-image-preview:large","max-video-preview":"max-video-preview:-1"},"canonical":"https:\/\/teslafm.net\/en\/digital-entropy-4\/","og_locale":"en_US","og_type":"article","og_title":"Digital Entropy #4 -","og_description":"Digital Entropy #4 LiveCoding-Algorave-Code [LiveCoding]^][Algorave]^[Code] Live Coding es una pr\u00e1ctica de interpretaci\u00f3n en la que el c\u00f3digo se escribe y manipula en vivo en el escenario para generar sonido y \/ o video. Cada vez son m\u00e1s los artistas que aprovechan los algoritmos para hacer m\u00fasica electr\u00f3nica en vivo e improvisada. Normalmente, c\u00f3digo y sonido [&hellip;]","og_url":"https:\/\/teslafm.net\/en\/digital-entropy-4\/","article_publisher":"https:\/\/www.facebook.com\/teslafm.net","og_image":[{"width":1274,"height":818,"url":"https:\/\/teslafm.net\/wp-content\/uploads\/2022\/09\/header-image-4-temp.png","type":"image\/png"}],"twitter_card":"summary_large_image","twitter_site":"@teslafm","twitter_misc":{"Est. reading time":"1 minute"},"schema":{"@context":"https:\/\/schema.org","@graph":[{"@type":"WebPage","@id":"https:\/\/teslafm.net\/digital-entropy-4\/","url":"https:\/\/teslafm.net\/digital-entropy-4\/","name":"Digital Entropy #4 -","isPartOf":{"@id":"https:\/\/teslafm.net\/#website"},"datePublished":"2020-11-04T16:56:49+00:00","breadcrumb":{"@id":"https:\/\/teslafm.net\/digital-entropy-4\/#breadcrumb"},"inLanguage":"en-US","potentialAction":[{"@type":"ReadAction","target":["https:\/\/teslafm.net\/digital-entropy-4\/"]}]},{"@type":"BreadcrumbList","@id":"https:\/\/teslafm.net\/digital-entropy-4\/#breadcrumb","itemListElement":[{"@type":"ListItem","position":1,"name":"Portada","item":"https:\/\/teslafm.net\/"},{"@type":"ListItem","position":2,"name":"Digital Entropy #4"}]},{"@type":"WebSite","@id":"https:\/\/teslafm.net\/#website","url":"https:\/\/teslafm.net\/","name":"TeslaFM","description":"An experimental and creative radio","publisher":{"@id":"https:\/\/teslafm.net\/#organization"},"potentialAction":[{"@type":"SearchAction","target":{"@type":"EntryPoint","urlTemplate":"https:\/\/teslafm.net\/?s={search_term_string}"},"query-input":{"@type":"PropertyValueSpecification","valueRequired":true,"valueName":"search_term_string"}}],"inLanguage":"en-US"},{"@type":"Organization","@id":"https:\/\/teslafm.net\/#organization","name":"TeslaFM","url":"https:\/\/teslafm.net\/","logo":{"@type":"ImageObject","inLanguage":"en-US","@id":"https:\/\/teslafm.net\/#\/schema\/logo\/image\/","url":"https:\/\/teslafm.net\/wp-content\/uploads\/2020\/06\/logo-tesla.png","contentUrl":"https:\/\/teslafm.net\/wp-content\/uploads\/2020\/06\/logo-tesla.png","width":512,"height":512,"caption":"TeslaFM"},"image":{"@id":"https:\/\/teslafm.net\/#\/schema\/logo\/image\/"},"sameAs":["https:\/\/www.facebook.com\/teslafm.net","https:\/\/x.com\/teslafm"]}]}},"rttpg_featured_image_url":null,"rttpg_author":{"display_name":"Ishak","author_link":"https:\/\/teslafm.net\/en\/author\/cravan\/"},"rttpg_comment":0,"rttpg_category":null,"rttpg_excerpt":"Digital Entropy #4 LiveCoding-Algorave-Code [LiveCoding]^][Algorave]^[Code] Live Coding es una pr\u00e1ctica de interpretaci\u00f3n en la que el c\u00f3digo se escribe y manipula en vivo en el escenario para generar sonido y \/ o video. Cada vez son m\u00e1s los artistas que aprovechan los algoritmos para hacer m\u00fasica electr\u00f3nica en vivo e improvisada. Normalmente, c\u00f3digo y sonido&hellip;","_links":{"self":[{"href":"https:\/\/teslafm.net\/en\/wp-json\/wp\/v2\/pages\/55688","targetHints":{"allow":["GET"]}}],"collection":[{"href":"https:\/\/teslafm.net\/en\/wp-json\/wp\/v2\/pages"}],"about":[{"href":"https:\/\/teslafm.net\/en\/wp-json\/wp\/v2\/types\/page"}],"author":[{"embeddable":true,"href":"https:\/\/teslafm.net\/en\/wp-json\/wp\/v2\/users\/19"}],"replies":[{"embeddable":true,"href":"https:\/\/teslafm.net\/en\/wp-json\/wp\/v2\/comments?post=55688"}],"version-history":[{"count":1,"href":"https:\/\/teslafm.net\/en\/wp-json\/wp\/v2\/pages\/55688\/revisions"}],"predecessor-version":[{"id":55689,"href":"https:\/\/teslafm.net\/en\/wp-json\/wp\/v2\/pages\/55688\/revisions\/55689"}],"wp:attachment":[{"href":"https:\/\/teslafm.net\/en\/wp-json\/wp\/v2\/media?parent=55688"}],"curies":[{"name":"wp","href":"https:\/\/api.w.org\/{rel}","templated":true}]}}