

{"id":55709,"date":"2020-11-10T16:29:52","date_gmt":"2020-11-10T15:29:52","guid":{"rendered":"https:\/\/teslafm.net\/?page_id=55709"},"modified":"2020-11-10T16:29:52","modified_gmt":"2020-11-10T15:29:52","slug":"espace-plein-10","status":"publish","type":"page","link":"https:\/\/teslafm.net\/en\/espace-plein-10\/","title":{"rendered":"Espace Plein #10"},"content":{"rendered":"<h2><span style=\"color: #ffffff;\"><strong>Espace Plein #10<\/strong><\/span><\/h2>\n<p><span style=\"color: #808080;\"><em>November 2020<\/em><\/span><\/p>\n<p><iframe src=\"https:\/\/www.mixcloud.com\/widget\/iframe\/?hide_cover=1&amp;feed=%2FTeslafm_net%2Fespace-plein-10-%C3%BArsula-bravo%2F\" width=\"100%\" height=\"120\" frameborder=\"0\"><\/iframe><\/p>\n<p><img fetchpriority=\"high\" decoding=\"async\" class=\"alignnone size-full wp-image-55710\" src=\"https:\/\/teslafm.net\/wp-content\/uploads\/2020\/11\/espace-plein-10.jpg\" alt=\"\" width=\"470\" height=\"470\" srcset=\"https:\/\/teslafm.net\/wp-content\/uploads\/2020\/11\/espace-plein-10.jpg 470w, https:\/\/teslafm.net\/wp-content\/uploads\/2020\/11\/espace-plein-10-300x300.jpg 300w, https:\/\/teslafm.net\/wp-content\/uploads\/2020\/11\/espace-plein-10-150x150.jpg 150w\" sizes=\"(max-width: 470px) 100vw, 470px\" \/><\/p>\n<p lang=\"es-ES\"><span style=\"color: #808080;\">Espace plein 10, is a fragment of what happened last November 1st, 2020 at the festival of electronic and experimental music Samhain, organized for 5 editions in Murcia, Spain. Organized by the Murcian experimental music label Vulture Culture Label, specialized in the visibility of artists from the region, and WanFeng Magazine, a medium for the diffusion of rare culture, with interviews and experimental podcasts.<\/span><\/p>\n<p lang=\"es-ES\"><span style=\"color: #808080;\">This program has been possible thanks to the voices of Shak Benavides, Juliana Espa\u00f1a, Andres Navarro, Alberto Garc\u00eda, and the inestimable strength of Pablo Jord\u00e1n, Laura Morosoli, Antonio Riquelme, Juan Rivas, David Gorreto, Jose Luis L\u00f3pez, Ana Esp\u00edn, Ruda and Andr\u00e9s Morales.<\/span><\/p>\n<p lang=\"es-ES\">\n<span style=\"color: #808080;\">Samhain is a technochamanic experimental arts festival that plays with electricity and ritual as a form of expression through performance, music, video art and installations that build a temporarily autonomous zone, in which for 5 years, experimental musicians such as Carlos Su\u00e1rez, Susana L\u00f3pez, Pablo Jord\u00e1n, \u00darsula Bravo, Selu Herr\u00e1iz, Derek V. Buckle, Beatrix Weapons, Josman P#, Descendimiento, RUDA, Render Glitch, Flamante, Nazareno, Builtthenburnt, Al de la Algaida, Flamante, Lilith, Ruido Lejano, Jos\u00e9 Murcia (Craneal fractures) &amp; Jose Podredumbre, Listas Futuristas, Sof\u00eda Bertomeu, Alex Wight, Johan Sandas, Sajjra, Son Fuet, Renderglitch, Falsos Profetas, Spiricom, Auroros Boreales (Romu L\u00f3pez &amp; Costalero), Salva Alambre, Crisanto Bopo, Umami, WAR.<\/span><\/p>","protected":false},"excerpt":{"rendered":"<p>Espace Plein #10 Noviembre 2020 Espace plein 10, es un fragmento de lo que ocurri\u00f3 el pasado d\u00eda 1 de noviembre de 2020 en el festival de m\u00fasica electr\u00f3nica y experimental Samhain, organizado desde hace 5 ediciones en la Murcia, Espa\u00f1a. Organizado por el sello de m\u00fasica experimental murciano Vulture Culture Label, especializado en la [&hellip;]<\/p>\n","protected":false},"author":19,"featured_media":0,"parent":0,"menu_order":0,"comment_status":"closed","ping_status":"closed","template":"","meta":{"footnotes":""},"class_list":["post-55709","page","type-page","status-publish","hentry"],"yoast_head":"<!-- This site is optimized with the Yoast SEO plugin v27.2 - https:\/\/yoast.com\/product\/yoast-seo-wordpress\/ -->\n<title>Espace Plein #10 -<\/title>\n<meta name=\"robots\" content=\"index, follow, max-snippet:-1, max-image-preview:large, max-video-preview:-1\" \/>\n<link rel=\"canonical\" href=\"https:\/\/teslafm.net\/en\/espace-plein-10\/\" \/>\n<meta property=\"og:locale\" content=\"en_US\" \/>\n<meta property=\"og:type\" content=\"article\" \/>\n<meta property=\"og:title\" content=\"Espace Plein #10 -\" \/>\n<meta property=\"og:description\" content=\"Espace Plein #10 Noviembre 2020 Espace plein 10, es un fragmento de lo que ocurri\u00f3 el pasado d\u00eda 1 de noviembre de 2020 en el festival de m\u00fasica electr\u00f3nica y experimental Samhain, organizado desde hace 5 ediciones en la Murcia, Espa\u00f1a. Organizado por el sello de m\u00fasica experimental murciano Vulture Culture Label, especializado en la [&hellip;]\" \/>\n<meta property=\"og:url\" content=\"https:\/\/teslafm.net\/en\/espace-plein-10\/\" \/>\n<meta property=\"article:publisher\" content=\"https:\/\/www.facebook.com\/teslafm.net\" \/>\n<meta property=\"og:image\" content=\"https:\/\/teslafm.net\/wp-content\/uploads\/2020\/11\/espace-plein-10.jpg\" \/>\n<meta name=\"twitter:card\" content=\"summary_large_image\" \/>\n<meta name=\"twitter:site\" content=\"@teslafm\" \/>\n<meta name=\"twitter:label1\" content=\"Est. reading time\" \/>\n\t<meta name=\"twitter:data1\" content=\"1 minute\" \/>\n<script type=\"application\/ld+json\" class=\"yoast-schema-graph\">{\"@context\":\"https:\/\/schema.org\",\"@graph\":[{\"@type\":\"WebPage\",\"@id\":\"https:\/\/teslafm.net\/espace-plein-10\/\",\"url\":\"https:\/\/teslafm.net\/espace-plein-10\/\",\"name\":\"Espace Plein #10 -\",\"isPartOf\":{\"@id\":\"https:\/\/teslafm.net\/#website\"},\"primaryImageOfPage\":{\"@id\":\"https:\/\/teslafm.net\/espace-plein-10\/#primaryimage\"},\"image\":{\"@id\":\"https:\/\/teslafm.net\/espace-plein-10\/#primaryimage\"},\"thumbnailUrl\":\"https:\/\/teslafm.net\/wp-content\/uploads\/2020\/11\/espace-plein-10.jpg\",\"datePublished\":\"2020-11-10T15:29:52+00:00\",\"breadcrumb\":{\"@id\":\"https:\/\/teslafm.net\/espace-plein-10\/#breadcrumb\"},\"inLanguage\":\"en-US\",\"potentialAction\":[{\"@type\":\"ReadAction\",\"target\":[\"https:\/\/teslafm.net\/espace-plein-10\/\"]}]},{\"@type\":\"ImageObject\",\"inLanguage\":\"en-US\",\"@id\":\"https:\/\/teslafm.net\/espace-plein-10\/#primaryimage\",\"url\":\"https:\/\/teslafm.net\/wp-content\/uploads\/2020\/11\/espace-plein-10.jpg\",\"contentUrl\":\"https:\/\/teslafm.net\/wp-content\/uploads\/2020\/11\/espace-plein-10.jpg\"},{\"@type\":\"BreadcrumbList\",\"@id\":\"https:\/\/teslafm.net\/espace-plein-10\/#breadcrumb\",\"itemListElement\":[{\"@type\":\"ListItem\",\"position\":1,\"name\":\"Portada\",\"item\":\"https:\/\/teslafm.net\/\"},{\"@type\":\"ListItem\",\"position\":2,\"name\":\"Espace Plein #10\"}]},{\"@type\":\"WebSite\",\"@id\":\"https:\/\/teslafm.net\/#website\",\"url\":\"https:\/\/teslafm.net\/\",\"name\":\"TeslaFM\",\"description\":\"An experimental and creative radio\",\"publisher\":{\"@id\":\"https:\/\/teslafm.net\/#organization\"},\"potentialAction\":[{\"@type\":\"SearchAction\",\"target\":{\"@type\":\"EntryPoint\",\"urlTemplate\":\"https:\/\/teslafm.net\/?s={search_term_string}\"},\"query-input\":{\"@type\":\"PropertyValueSpecification\",\"valueRequired\":true,\"valueName\":\"search_term_string\"}}],\"inLanguage\":\"en-US\"},{\"@type\":\"Organization\",\"@id\":\"https:\/\/teslafm.net\/#organization\",\"name\":\"TeslaFM\",\"url\":\"https:\/\/teslafm.net\/\",\"logo\":{\"@type\":\"ImageObject\",\"inLanguage\":\"en-US\",\"@id\":\"https:\/\/teslafm.net\/#\/schema\/logo\/image\/\",\"url\":\"https:\/\/teslafm.net\/wp-content\/uploads\/2020\/06\/logo-tesla.png\",\"contentUrl\":\"https:\/\/teslafm.net\/wp-content\/uploads\/2020\/06\/logo-tesla.png\",\"width\":512,\"height\":512,\"caption\":\"TeslaFM\"},\"image\":{\"@id\":\"https:\/\/teslafm.net\/#\/schema\/logo\/image\/\"},\"sameAs\":[\"https:\/\/www.facebook.com\/teslafm.net\",\"https:\/\/x.com\/teslafm\"]}]}<\/script>\n<!-- \/ Yoast SEO plugin. -->","yoast_head_json":{"title":"Espace Plein #10 -","robots":{"index":"index","follow":"follow","max-snippet":"max-snippet:-1","max-image-preview":"max-image-preview:large","max-video-preview":"max-video-preview:-1"},"canonical":"https:\/\/teslafm.net\/en\/espace-plein-10\/","og_locale":"en_US","og_type":"article","og_title":"Espace Plein #10 -","og_description":"Espace Plein #10 Noviembre 2020 Espace plein 10, es un fragmento de lo que ocurri\u00f3 el pasado d\u00eda 1 de noviembre de 2020 en el festival de m\u00fasica electr\u00f3nica y experimental Samhain, organizado desde hace 5 ediciones en la Murcia, Espa\u00f1a. Organizado por el sello de m\u00fasica experimental murciano Vulture Culture Label, especializado en la [&hellip;]","og_url":"https:\/\/teslafm.net\/en\/espace-plein-10\/","article_publisher":"https:\/\/www.facebook.com\/teslafm.net","og_image":[{"url":"https:\/\/teslafm.net\/wp-content\/uploads\/2020\/11\/espace-plein-10.jpg","type":"","width":"","height":""}],"twitter_card":"summary_large_image","twitter_site":"@teslafm","twitter_misc":{"Est. reading time":"1 minute"},"schema":{"@context":"https:\/\/schema.org","@graph":[{"@type":"WebPage","@id":"https:\/\/teslafm.net\/espace-plein-10\/","url":"https:\/\/teslafm.net\/espace-plein-10\/","name":"Espace Plein #10 -","isPartOf":{"@id":"https:\/\/teslafm.net\/#website"},"primaryImageOfPage":{"@id":"https:\/\/teslafm.net\/espace-plein-10\/#primaryimage"},"image":{"@id":"https:\/\/teslafm.net\/espace-plein-10\/#primaryimage"},"thumbnailUrl":"https:\/\/teslafm.net\/wp-content\/uploads\/2020\/11\/espace-plein-10.jpg","datePublished":"2020-11-10T15:29:52+00:00","breadcrumb":{"@id":"https:\/\/teslafm.net\/espace-plein-10\/#breadcrumb"},"inLanguage":"en-US","potentialAction":[{"@type":"ReadAction","target":["https:\/\/teslafm.net\/espace-plein-10\/"]}]},{"@type":"ImageObject","inLanguage":"en-US","@id":"https:\/\/teslafm.net\/espace-plein-10\/#primaryimage","url":"https:\/\/teslafm.net\/wp-content\/uploads\/2020\/11\/espace-plein-10.jpg","contentUrl":"https:\/\/teslafm.net\/wp-content\/uploads\/2020\/11\/espace-plein-10.jpg"},{"@type":"BreadcrumbList","@id":"https:\/\/teslafm.net\/espace-plein-10\/#breadcrumb","itemListElement":[{"@type":"ListItem","position":1,"name":"Portada","item":"https:\/\/teslafm.net\/"},{"@type":"ListItem","position":2,"name":"Espace Plein #10"}]},{"@type":"WebSite","@id":"https:\/\/teslafm.net\/#website","url":"https:\/\/teslafm.net\/","name":"TeslaFM","description":"An experimental and creative radio","publisher":{"@id":"https:\/\/teslafm.net\/#organization"},"potentialAction":[{"@type":"SearchAction","target":{"@type":"EntryPoint","urlTemplate":"https:\/\/teslafm.net\/?s={search_term_string}"},"query-input":{"@type":"PropertyValueSpecification","valueRequired":true,"valueName":"search_term_string"}}],"inLanguage":"en-US"},{"@type":"Organization","@id":"https:\/\/teslafm.net\/#organization","name":"TeslaFM","url":"https:\/\/teslafm.net\/","logo":{"@type":"ImageObject","inLanguage":"en-US","@id":"https:\/\/teslafm.net\/#\/schema\/logo\/image\/","url":"https:\/\/teslafm.net\/wp-content\/uploads\/2020\/06\/logo-tesla.png","contentUrl":"https:\/\/teslafm.net\/wp-content\/uploads\/2020\/06\/logo-tesla.png","width":512,"height":512,"caption":"TeslaFM"},"image":{"@id":"https:\/\/teslafm.net\/#\/schema\/logo\/image\/"},"sameAs":["https:\/\/www.facebook.com\/teslafm.net","https:\/\/x.com\/teslafm"]}]}},"rttpg_featured_image_url":null,"rttpg_author":{"display_name":"Ishak","author_link":"https:\/\/teslafm.net\/en\/author\/cravan\/"},"rttpg_comment":0,"rttpg_category":null,"rttpg_excerpt":"Espace Plein #10 Noviembre 2020 Espace plein 10, es un fragmento de lo que ocurri\u00f3 el pasado d\u00eda 1 de noviembre de 2020 en el festival de m\u00fasica electr\u00f3nica y experimental Samhain, organizado desde hace 5 ediciones en la Murcia, Espa\u00f1a. Organizado por el sello de m\u00fasica experimental murciano Vulture Culture Label, especializado en la&hellip;","_links":{"self":[{"href":"https:\/\/teslafm.net\/en\/wp-json\/wp\/v2\/pages\/55709","targetHints":{"allow":["GET"]}}],"collection":[{"href":"https:\/\/teslafm.net\/en\/wp-json\/wp\/v2\/pages"}],"about":[{"href":"https:\/\/teslafm.net\/en\/wp-json\/wp\/v2\/types\/page"}],"author":[{"embeddable":true,"href":"https:\/\/teslafm.net\/en\/wp-json\/wp\/v2\/users\/19"}],"replies":[{"embeddable":true,"href":"https:\/\/teslafm.net\/en\/wp-json\/wp\/v2\/comments?post=55709"}],"version-history":[{"count":1,"href":"https:\/\/teslafm.net\/en\/wp-json\/wp\/v2\/pages\/55709\/revisions"}],"predecessor-version":[{"id":55711,"href":"https:\/\/teslafm.net\/en\/wp-json\/wp\/v2\/pages\/55709\/revisions\/55711"}],"wp:attachment":[{"href":"https:\/\/teslafm.net\/en\/wp-json\/wp\/v2\/media?parent=55709"}],"curies":[{"name":"wp","href":"https:\/\/api.w.org\/{rel}","templated":true}]}}