

{"id":55748,"date":"2020-11-17T18:32:18","date_gmt":"2020-11-17T17:32:18","guid":{"rendered":"https:\/\/teslafm.net\/?page_id=55748"},"modified":"2021-03-13T12:39:08","modified_gmt":"2021-03-13T11:39:08","slug":"space-oddity-recollection-16","status":"publish","type":"page","link":"https:\/\/teslafm.net\/en\/space-oddity-recollection-16\/","title":{"rendered":"Space Oddity Recollection #16"},"content":{"rendered":"<h2><span style=\"color: #ffffff;\"><strong>Space Oddity Recollection #16<\/strong><\/span><\/h2>\n<p><span style=\"color: #808080;\"><em>November 2020<\/em><\/span><\/p>\n<p><iframe src=\"https:\/\/www.mixcloud.com\/widget\/iframe\/?hide_cover=1&amp;feed=%2FTeslafm_net%2Fspace-oddity-recollection-16-monik%2F\" width=\"100%\" height=\"120\" frameborder=\"0\"><\/iframe><\/p>\n<p><img fetchpriority=\"high\" decoding=\"async\" class=\"alignnone size-full wp-image-55750\" src=\"https:\/\/teslafm.net\/wp-content\/uploads\/2020\/11\/Jeff-Gburek.jpg\" alt=\"\" width=\"640\" height=\"640\" srcset=\"https:\/\/teslafm.net\/wp-content\/uploads\/2020\/11\/Jeff-Gburek.jpg 640w, https:\/\/teslafm.net\/wp-content\/uploads\/2020\/11\/Jeff-Gburek-300x300.jpg 300w, https:\/\/teslafm.net\/wp-content\/uploads\/2020\/11\/Jeff-Gburek-150x150.jpg 150w\" sizes=\"(max-width: 640px) 100vw, 640px\" \/><\/p>\n<p><span style=\"color: #808080;\"><strong>Jeff Gburek<\/strong><\/span><\/p>\n<p><span style=\"color: #808080;\">Jeff Gburek is a sound artist, composer, improviser, instrument builder, field recordist. Primarily a guitarist, he threw himself into percussion for a period after studying gamelan music in Bali and Java and built his own hybrid percussion ensemble of free-noise junkyard percussion and world music with oscillators and shortwave radios providing live music for the dance theater project Djalma Primordial Science. Evolving again into prepared guitar and live electronics, eventually integrating piezoelectric units of his own design to harness object resonance, he experiments with found sonospheres, with room and field resonance. Equipment includes small synthesizers, broken electronics, theremin, shortwave radios, walkie-talkies, various wind and percussion instruments, rotary stimulators, samplers, crystals, seashells, stones, skins, bones, ceramics, glass. Over the last few years, works have focused on soundscapes, horspiel, spoken word, text, voice experiments, ecology and climate change themes. At home he plays oud and rebab.<\/span><\/p>\n<p lang=\"en-US\"><span style=\"color: #808080;\">All the pieces presented in the mixtrack are mainly from late 2019 and early 2020 - attempts to create an album with electronics and beats, not in an obvious way, but with some sense of improvisations and structured themes. This was continually sidetracked and interrupted due to the pandemic. Although \"Relaxing Ambient Texture\" was created only a few weeks ago, and some of the pieces have received special remixes for TeslaFM, they are still works in progress, even if some of them are probably more or less finished.<\/span><\/p>\n<p lang=\"en-US\"><span style=\"color: #808080;\">The selected tracks used in the mix are as follows:<\/span><\/p>\n<p lang=\"en-US\"><span style=\"color: #808080;\">*Usti Nad Labem 11 Floor View Remix<\/span><br \/>\n<span style=\"color: #808080;\">*Ionic Soiree Teslafm Mix by Jeff Gburek<\/span><br \/>\n<span style=\"color: #808080;\">*Relaxing Ambient Texture 890 remix<\/span><br \/>\n<span style=\"color: #808080;\">*Bartok's Channel by Jeff Gburek<\/span><br \/>\n<span style=\"color: #808080;\">*Electro Slackerjawed Rimshots Akimbo by Jeff Gburek<\/span><\/p>\n<p lang=\"en-US\"><span style=\"color: #808080;\">Links:<\/span><br \/>\n<a href=\"http:\/\/transparent-abelard.blogspot.com\/\" target=\"_blank\" rel=\"noopener noreferrer\">transparent-abelard.blogspot.com\/<\/a><br \/>\n<a href=\"http:\/\/soundcloud.com\/jeff-gburek\" target=\"_blank\" rel=\"noopener noreferrer\">soundcloud.com\/jeff-gburek<\/a><br \/>\n<a href=\"https:\/\/jeffgburekprojects.bandcamp.com\/\" target=\"_blank\" rel=\"noopener noreferrer\">jeffgburekprojects.bandcamp.com\/<\/a><br \/>\n<a href=\"http:\/\/www.djalma.com\/\" target=\"_blank\" rel=\"noopener noreferrer\">www.djalma.com\/<\/a><\/p>\n<p><span style=\"color: #808080;\">Enjoy the mixtrack, November 2020'.<\/span><br \/>\n<span style=\"color: #808080;\">produced by <strong>monikapich<\/strong><\/span><\/p>","protected":false},"excerpt":{"rendered":"<p>Space Oddity Recollection #16 Noviembre 2020 Jeff Gburek Jeff Gburek es artista sonoro, compositor, improvisador, constructor de instrumentos, grabador de campo. Fundamentalmente guitarrista, se lanz\u00f3 a la percusi\u00f3n durante un per\u00edodo despu\u00e9s de estudiar m\u00fasica gamelan en Bali y Java y construy\u00f3 su propio conjunto h\u00edbrido de percusi\u00f3n de dep\u00f3sito de chatarra de ruido libre [&hellip;]<\/p>\n","protected":false},"author":19,"featured_media":0,"parent":0,"menu_order":0,"comment_status":"closed","ping_status":"closed","template":"","meta":{"footnotes":""},"class_list":["post-55748","page","type-page","status-publish","hentry"],"yoast_head":"<!-- This site is optimized with the Yoast SEO plugin v27.2 - https:\/\/yoast.com\/product\/yoast-seo-wordpress\/ -->\n<title>Space Oddity Recollection #16 -<\/title>\n<meta name=\"robots\" content=\"index, follow, max-snippet:-1, max-image-preview:large, max-video-preview:-1\" \/>\n<link rel=\"canonical\" href=\"https:\/\/teslafm.net\/en\/space-oddity-recollection-16\/\" \/>\n<meta property=\"og:locale\" content=\"en_US\" \/>\n<meta property=\"og:type\" content=\"article\" \/>\n<meta property=\"og:title\" content=\"Space Oddity Recollection #16 -\" \/>\n<meta property=\"og:description\" content=\"Space Oddity Recollection #16 Noviembre 2020 Jeff Gburek Jeff Gburek es artista sonoro, compositor, improvisador, constructor de instrumentos, grabador de campo. Fundamentalmente guitarrista, se lanz\u00f3 a la percusi\u00f3n durante un per\u00edodo despu\u00e9s de estudiar m\u00fasica gamelan en Bali y Java y construy\u00f3 su propio conjunto h\u00edbrido de percusi\u00f3n de dep\u00f3sito de chatarra de ruido libre [&hellip;]\" \/>\n<meta property=\"og:url\" content=\"https:\/\/teslafm.net\/en\/space-oddity-recollection-16\/\" \/>\n<meta property=\"article:publisher\" content=\"https:\/\/www.facebook.com\/teslafm.net\" \/>\n<meta property=\"article:modified_time\" content=\"2021-03-13T11:39:08+00:00\" \/>\n<meta property=\"og:image\" content=\"https:\/\/teslafm.net\/wp-content\/uploads\/2020\/11\/Jeff-Gburek.jpg\" \/>\n<meta name=\"twitter:card\" content=\"summary_large_image\" \/>\n<meta name=\"twitter:site\" content=\"@teslafm\" \/>\n<meta name=\"twitter:label1\" content=\"Est. reading time\" \/>\n\t<meta name=\"twitter:data1\" content=\"2 minutes\" \/>\n<script type=\"application\/ld+json\" class=\"yoast-schema-graph\">{\"@context\":\"https:\/\/schema.org\",\"@graph\":[{\"@type\":\"WebPage\",\"@id\":\"https:\/\/teslafm.net\/space-oddity-recollection-16\/\",\"url\":\"https:\/\/teslafm.net\/space-oddity-recollection-16\/\",\"name\":\"Space Oddity Recollection #16 -\",\"isPartOf\":{\"@id\":\"https:\/\/teslafm.net\/#website\"},\"primaryImageOfPage\":{\"@id\":\"https:\/\/teslafm.net\/space-oddity-recollection-16\/#primaryimage\"},\"image\":{\"@id\":\"https:\/\/teslafm.net\/space-oddity-recollection-16\/#primaryimage\"},\"thumbnailUrl\":\"https:\/\/teslafm.net\/wp-content\/uploads\/2020\/11\/Jeff-Gburek.jpg\",\"datePublished\":\"2020-11-17T17:32:18+00:00\",\"dateModified\":\"2021-03-13T11:39:08+00:00\",\"breadcrumb\":{\"@id\":\"https:\/\/teslafm.net\/space-oddity-recollection-16\/#breadcrumb\"},\"inLanguage\":\"en-US\",\"potentialAction\":[{\"@type\":\"ReadAction\",\"target\":[\"https:\/\/teslafm.net\/space-oddity-recollection-16\/\"]}]},{\"@type\":\"ImageObject\",\"inLanguage\":\"en-US\",\"@id\":\"https:\/\/teslafm.net\/space-oddity-recollection-16\/#primaryimage\",\"url\":\"https:\/\/teslafm.net\/wp-content\/uploads\/2020\/11\/Jeff-Gburek.jpg\",\"contentUrl\":\"https:\/\/teslafm.net\/wp-content\/uploads\/2020\/11\/Jeff-Gburek.jpg\"},{\"@type\":\"BreadcrumbList\",\"@id\":\"https:\/\/teslafm.net\/space-oddity-recollection-16\/#breadcrumb\",\"itemListElement\":[{\"@type\":\"ListItem\",\"position\":1,\"name\":\"Portada\",\"item\":\"https:\/\/teslafm.net\/\"},{\"@type\":\"ListItem\",\"position\":2,\"name\":\"Space Oddity Recollection #16\"}]},{\"@type\":\"WebSite\",\"@id\":\"https:\/\/teslafm.net\/#website\",\"url\":\"https:\/\/teslafm.net\/\",\"name\":\"TeslaFM\",\"description\":\"An experimental and creative radio\",\"publisher\":{\"@id\":\"https:\/\/teslafm.net\/#organization\"},\"potentialAction\":[{\"@type\":\"SearchAction\",\"target\":{\"@type\":\"EntryPoint\",\"urlTemplate\":\"https:\/\/teslafm.net\/?s={search_term_string}\"},\"query-input\":{\"@type\":\"PropertyValueSpecification\",\"valueRequired\":true,\"valueName\":\"search_term_string\"}}],\"inLanguage\":\"en-US\"},{\"@type\":\"Organization\",\"@id\":\"https:\/\/teslafm.net\/#organization\",\"name\":\"TeslaFM\",\"url\":\"https:\/\/teslafm.net\/\",\"logo\":{\"@type\":\"ImageObject\",\"inLanguage\":\"en-US\",\"@id\":\"https:\/\/teslafm.net\/#\/schema\/logo\/image\/\",\"url\":\"https:\/\/teslafm.net\/wp-content\/uploads\/2020\/06\/logo-tesla.png\",\"contentUrl\":\"https:\/\/teslafm.net\/wp-content\/uploads\/2020\/06\/logo-tesla.png\",\"width\":512,\"height\":512,\"caption\":\"TeslaFM\"},\"image\":{\"@id\":\"https:\/\/teslafm.net\/#\/schema\/logo\/image\/\"},\"sameAs\":[\"https:\/\/www.facebook.com\/teslafm.net\",\"https:\/\/x.com\/teslafm\"]}]}<\/script>\n<!-- \/ Yoast SEO plugin. -->","yoast_head_json":{"title":"Space Oddity Recollection #16 -","robots":{"index":"index","follow":"follow","max-snippet":"max-snippet:-1","max-image-preview":"max-image-preview:large","max-video-preview":"max-video-preview:-1"},"canonical":"https:\/\/teslafm.net\/en\/space-oddity-recollection-16\/","og_locale":"en_US","og_type":"article","og_title":"Space Oddity Recollection #16 -","og_description":"Space Oddity Recollection #16 Noviembre 2020 Jeff Gburek Jeff Gburek es artista sonoro, compositor, improvisador, constructor de instrumentos, grabador de campo. Fundamentalmente guitarrista, se lanz\u00f3 a la percusi\u00f3n durante un per\u00edodo despu\u00e9s de estudiar m\u00fasica gamelan en Bali y Java y construy\u00f3 su propio conjunto h\u00edbrido de percusi\u00f3n de dep\u00f3sito de chatarra de ruido libre [&hellip;]","og_url":"https:\/\/teslafm.net\/en\/space-oddity-recollection-16\/","article_publisher":"https:\/\/www.facebook.com\/teslafm.net","article_modified_time":"2021-03-13T11:39:08+00:00","og_image":[{"url":"https:\/\/teslafm.net\/wp-content\/uploads\/2020\/11\/Jeff-Gburek.jpg","type":"","width":"","height":""}],"twitter_card":"summary_large_image","twitter_site":"@teslafm","twitter_misc":{"Est. reading time":"2 minutes"},"schema":{"@context":"https:\/\/schema.org","@graph":[{"@type":"WebPage","@id":"https:\/\/teslafm.net\/space-oddity-recollection-16\/","url":"https:\/\/teslafm.net\/space-oddity-recollection-16\/","name":"Space Oddity Recollection #16 -","isPartOf":{"@id":"https:\/\/teslafm.net\/#website"},"primaryImageOfPage":{"@id":"https:\/\/teslafm.net\/space-oddity-recollection-16\/#primaryimage"},"image":{"@id":"https:\/\/teslafm.net\/space-oddity-recollection-16\/#primaryimage"},"thumbnailUrl":"https:\/\/teslafm.net\/wp-content\/uploads\/2020\/11\/Jeff-Gburek.jpg","datePublished":"2020-11-17T17:32:18+00:00","dateModified":"2021-03-13T11:39:08+00:00","breadcrumb":{"@id":"https:\/\/teslafm.net\/space-oddity-recollection-16\/#breadcrumb"},"inLanguage":"en-US","potentialAction":[{"@type":"ReadAction","target":["https:\/\/teslafm.net\/space-oddity-recollection-16\/"]}]},{"@type":"ImageObject","inLanguage":"en-US","@id":"https:\/\/teslafm.net\/space-oddity-recollection-16\/#primaryimage","url":"https:\/\/teslafm.net\/wp-content\/uploads\/2020\/11\/Jeff-Gburek.jpg","contentUrl":"https:\/\/teslafm.net\/wp-content\/uploads\/2020\/11\/Jeff-Gburek.jpg"},{"@type":"BreadcrumbList","@id":"https:\/\/teslafm.net\/space-oddity-recollection-16\/#breadcrumb","itemListElement":[{"@type":"ListItem","position":1,"name":"Portada","item":"https:\/\/teslafm.net\/"},{"@type":"ListItem","position":2,"name":"Space Oddity Recollection #16"}]},{"@type":"WebSite","@id":"https:\/\/teslafm.net\/#website","url":"https:\/\/teslafm.net\/","name":"TeslaFM","description":"An experimental and creative radio","publisher":{"@id":"https:\/\/teslafm.net\/#organization"},"potentialAction":[{"@type":"SearchAction","target":{"@type":"EntryPoint","urlTemplate":"https:\/\/teslafm.net\/?s={search_term_string}"},"query-input":{"@type":"PropertyValueSpecification","valueRequired":true,"valueName":"search_term_string"}}],"inLanguage":"en-US"},{"@type":"Organization","@id":"https:\/\/teslafm.net\/#organization","name":"TeslaFM","url":"https:\/\/teslafm.net\/","logo":{"@type":"ImageObject","inLanguage":"en-US","@id":"https:\/\/teslafm.net\/#\/schema\/logo\/image\/","url":"https:\/\/teslafm.net\/wp-content\/uploads\/2020\/06\/logo-tesla.png","contentUrl":"https:\/\/teslafm.net\/wp-content\/uploads\/2020\/06\/logo-tesla.png","width":512,"height":512,"caption":"TeslaFM"},"image":{"@id":"https:\/\/teslafm.net\/#\/schema\/logo\/image\/"},"sameAs":["https:\/\/www.facebook.com\/teslafm.net","https:\/\/x.com\/teslafm"]}]}},"rttpg_featured_image_url":null,"rttpg_author":{"display_name":"Ishak","author_link":"https:\/\/teslafm.net\/en\/author\/cravan\/"},"rttpg_comment":0,"rttpg_category":null,"rttpg_excerpt":"Space Oddity Recollection #16 Noviembre 2020 Jeff Gburek Jeff Gburek es artista sonoro, compositor, improvisador, constructor de instrumentos, grabador de campo. Fundamentalmente guitarrista, se lanz\u00f3 a la percusi\u00f3n durante un per\u00edodo despu\u00e9s de estudiar m\u00fasica gamelan en Bali y Java y construy\u00f3 su propio conjunto h\u00edbrido de percusi\u00f3n de dep\u00f3sito de chatarra de ruido libre&hellip;","_links":{"self":[{"href":"https:\/\/teslafm.net\/en\/wp-json\/wp\/v2\/pages\/55748","targetHints":{"allow":["GET"]}}],"collection":[{"href":"https:\/\/teslafm.net\/en\/wp-json\/wp\/v2\/pages"}],"about":[{"href":"https:\/\/teslafm.net\/en\/wp-json\/wp\/v2\/types\/page"}],"author":[{"embeddable":true,"href":"https:\/\/teslafm.net\/en\/wp-json\/wp\/v2\/users\/19"}],"replies":[{"embeddable":true,"href":"https:\/\/teslafm.net\/en\/wp-json\/wp\/v2\/comments?post=55748"}],"version-history":[{"count":4,"href":"https:\/\/teslafm.net\/en\/wp-json\/wp\/v2\/pages\/55748\/revisions"}],"predecessor-version":[{"id":57540,"href":"https:\/\/teslafm.net\/en\/wp-json\/wp\/v2\/pages\/55748\/revisions\/57540"}],"wp:attachment":[{"href":"https:\/\/teslafm.net\/en\/wp-json\/wp\/v2\/media?parent=55748"}],"curies":[{"name":"wp","href":"https:\/\/api.w.org\/{rel}","templated":true}]}}