

{"id":55794,"date":"2020-11-25T17:59:21","date_gmt":"2020-11-25T16:59:21","guid":{"rendered":"https:\/\/teslafm.net\/?page_id=55794"},"modified":"2020-11-25T18:00:14","modified_gmt":"2020-11-25T17:00:14","slug":"ibidem-7","status":"publish","type":"page","link":"https:\/\/teslafm.net\/en\/ibidem-7\/","title":{"rendered":"Ibidem #7"},"content":{"rendered":"<h2><span style=\"color: #ffffff;\"><strong>Ibidem #7<\/strong><\/span><\/h2>\n<p><span style=\"color: #808080;\"><em>November 2020<\/em><\/span><\/p>\n<p><iframe src=\"https:\/\/www.mixcloud.com\/widget\/iframe\/?hide_cover=1&amp;feed=%2FTeslafm_net%2Fibidem-7-il-santo-bevitore%2F\" width=\"100%\" height=\"120\" frameborder=\"0\"><\/iframe><\/p>\n<p><img fetchpriority=\"high\" decoding=\"async\" class=\"alignnone size-large wp-image-55795\" src=\"https:\/\/teslafm.net\/wp-content\/uploads\/2020\/11\/ISB-IBIDEM-LOGO-1024x1024.png\" alt=\"\" width=\"1024\" height=\"1024\" srcset=\"https:\/\/teslafm.net\/wp-content\/uploads\/2020\/11\/ISB-IBIDEM-LOGO-1024x1024.png 1024w, https:\/\/teslafm.net\/wp-content\/uploads\/2020\/11\/ISB-IBIDEM-LOGO-300x300.png 300w, https:\/\/teslafm.net\/wp-content\/uploads\/2020\/11\/ISB-IBIDEM-LOGO-150x150.png 150w, https:\/\/teslafm.net\/wp-content\/uploads\/2020\/11\/ISB-IBIDEM-LOGO-768x768.png 768w, https:\/\/teslafm.net\/wp-content\/uploads\/2020\/11\/ISB-IBIDEM-LOGO.png 1415w\" sizes=\"(max-width: 1024px) 100vw, 1024px\" \/><\/p>\n<p style=\"text-align: left;\"><span style=\"color: #808080;\">IlSantoBevitore is the nickname of Sardinian Londoner Nicola Serra, percussionist and producer, artist-in-residence at Ritualtronis and curator of events at Dronica Festival. His work as ISB is an ongoing musical project and ethnographic research covering themes of folklore and pagan mysteries of the island of Sardinia.<\/span><br \/>\n<span style=\"color: #808080;\">He is dedicated both sonically and conceptually to ancestral themes from the island of Sardinia, his homeland. IlSantoBevitore's doom-laden drum exercise is combined with some ritual and tribal rhythms within bass and fuzz landscapes, experimental and contemporary electronic music.<\/span><\/p>\n<p style=\"text-align: left;\"><span style=\"color: #808080;\">\"...The doom-laden drum workout from the Sardinian Londoner\". The Quietus<\/span><\/p>","protected":false},"excerpt":{"rendered":"<p>Ibidem #7 Noviembre 2020 IlSantoBevitore es el apodo del londinense sardo Nicola Serra, percusionista y productor, artista residente en Ritualtronis y curador de eventos en Dronica Festival. Su trabajo como ISB es un proyecto musical en curso e investigaci\u00f3n etnogr\u00e1fica que cubre temas del folclore y misterios paganos de la isla de Cerde\u00f1a. Est\u00e1 dedicado [&hellip;]<\/p>\n","protected":false},"author":19,"featured_media":0,"parent":0,"menu_order":0,"comment_status":"closed","ping_status":"closed","template":"","meta":{"footnotes":""},"class_list":["post-55794","page","type-page","status-publish","hentry"],"yoast_head":"<!-- This site is optimized with the Yoast SEO plugin v27.4 - https:\/\/yoast.com\/product\/yoast-seo-wordpress\/ -->\n<title>Ibidem #7 -<\/title>\n<meta name=\"robots\" content=\"index, follow, max-snippet:-1, max-image-preview:large, max-video-preview:-1\" \/>\n<link rel=\"canonical\" href=\"https:\/\/teslafm.net\/en\/ibidem-7\/\" \/>\n<meta property=\"og:locale\" content=\"en_US\" \/>\n<meta property=\"og:type\" content=\"article\" \/>\n<meta property=\"og:title\" content=\"Ibidem #7 -\" \/>\n<meta property=\"og:description\" content=\"Ibidem #7 Noviembre 2020 IlSantoBevitore es el apodo del londinense sardo Nicola Serra, percusionista y productor, artista residente en Ritualtronis y curador de eventos en Dronica Festival. Su trabajo como ISB es un proyecto musical en curso e investigaci\u00f3n etnogr\u00e1fica que cubre temas del folclore y misterios paganos de la isla de Cerde\u00f1a. Est\u00e1 dedicado [&hellip;]\" \/>\n<meta property=\"og:url\" content=\"https:\/\/teslafm.net\/en\/ibidem-7\/\" \/>\n<meta property=\"article:publisher\" content=\"https:\/\/www.facebook.com\/teslafm.net\" \/>\n<meta property=\"article:modified_time\" content=\"2020-11-25T17:00:14+00:00\" \/>\n<meta property=\"og:image\" content=\"https:\/\/teslafm.net\/wp-content\/uploads\/2020\/11\/ISB-IBIDEM-LOGO-1024x1024.png\" \/>\n<meta name=\"twitter:card\" content=\"summary_large_image\" \/>\n<meta name=\"twitter:site\" content=\"@teslafm\" \/>\n<meta name=\"twitter:label1\" content=\"Est. reading time\" \/>\n\t<meta name=\"twitter:data1\" content=\"1 minute\" \/>\n<script type=\"application\/ld+json\" class=\"yoast-schema-graph\">{\"@context\":\"https:\\\/\\\/schema.org\",\"@graph\":[{\"@type\":\"WebPage\",\"@id\":\"https:\\\/\\\/teslafm.net\\\/ibidem-7\\\/\",\"url\":\"https:\\\/\\\/teslafm.net\\\/ibidem-7\\\/\",\"name\":\"Ibidem #7 -\",\"isPartOf\":{\"@id\":\"https:\\\/\\\/teslafm.net\\\/#website\"},\"primaryImageOfPage\":{\"@id\":\"https:\\\/\\\/teslafm.net\\\/ibidem-7\\\/#primaryimage\"},\"image\":{\"@id\":\"https:\\\/\\\/teslafm.net\\\/ibidem-7\\\/#primaryimage\"},\"thumbnailUrl\":\"https:\\\/\\\/teslafm.net\\\/wp-content\\\/uploads\\\/2020\\\/11\\\/ISB-IBIDEM-LOGO-1024x1024.png\",\"datePublished\":\"2020-11-25T16:59:21+00:00\",\"dateModified\":\"2020-11-25T17:00:14+00:00\",\"breadcrumb\":{\"@id\":\"https:\\\/\\\/teslafm.net\\\/ibidem-7\\\/#breadcrumb\"},\"inLanguage\":\"en-US\",\"potentialAction\":[{\"@type\":\"ReadAction\",\"target\":[\"https:\\\/\\\/teslafm.net\\\/ibidem-7\\\/\"]}]},{\"@type\":\"ImageObject\",\"inLanguage\":\"en-US\",\"@id\":\"https:\\\/\\\/teslafm.net\\\/ibidem-7\\\/#primaryimage\",\"url\":\"https:\\\/\\\/teslafm.net\\\/wp-content\\\/uploads\\\/2020\\\/11\\\/ISB-IBIDEM-LOGO-1024x1024.png\",\"contentUrl\":\"https:\\\/\\\/teslafm.net\\\/wp-content\\\/uploads\\\/2020\\\/11\\\/ISB-IBIDEM-LOGO-1024x1024.png\"},{\"@type\":\"BreadcrumbList\",\"@id\":\"https:\\\/\\\/teslafm.net\\\/ibidem-7\\\/#breadcrumb\",\"itemListElement\":[{\"@type\":\"ListItem\",\"position\":1,\"name\":\"Portada\",\"item\":\"https:\\\/\\\/teslafm.net\\\/\"},{\"@type\":\"ListItem\",\"position\":2,\"name\":\"Ibidem #7\"}]},{\"@type\":\"WebSite\",\"@id\":\"https:\\\/\\\/teslafm.net\\\/#website\",\"url\":\"https:\\\/\\\/teslafm.net\\\/\",\"name\":\"TeslaFM\",\"description\":\"An experimental and creative radio\",\"publisher\":{\"@id\":\"https:\\\/\\\/teslafm.net\\\/#organization\"},\"potentialAction\":[{\"@type\":\"SearchAction\",\"target\":{\"@type\":\"EntryPoint\",\"urlTemplate\":\"https:\\\/\\\/teslafm.net\\\/?s={search_term_string}\"},\"query-input\":{\"@type\":\"PropertyValueSpecification\",\"valueRequired\":true,\"valueName\":\"search_term_string\"}}],\"inLanguage\":\"en-US\"},{\"@type\":\"Organization\",\"@id\":\"https:\\\/\\\/teslafm.net\\\/#organization\",\"name\":\"TeslaFM\",\"url\":\"https:\\\/\\\/teslafm.net\\\/\",\"logo\":{\"@type\":\"ImageObject\",\"inLanguage\":\"en-US\",\"@id\":\"https:\\\/\\\/teslafm.net\\\/#\\\/schema\\\/logo\\\/image\\\/\",\"url\":\"https:\\\/\\\/teslafm.net\\\/wp-content\\\/uploads\\\/2020\\\/06\\\/logo-tesla.png\",\"contentUrl\":\"https:\\\/\\\/teslafm.net\\\/wp-content\\\/uploads\\\/2020\\\/06\\\/logo-tesla.png\",\"width\":512,\"height\":512,\"caption\":\"TeslaFM\"},\"image\":{\"@id\":\"https:\\\/\\\/teslafm.net\\\/#\\\/schema\\\/logo\\\/image\\\/\"},\"sameAs\":[\"https:\\\/\\\/www.facebook.com\\\/teslafm.net\",\"https:\\\/\\\/x.com\\\/teslafm\"]}]}<\/script>\n<!-- \/ Yoast SEO plugin. -->","yoast_head_json":{"title":"Ibidem #7 -","robots":{"index":"index","follow":"follow","max-snippet":"max-snippet:-1","max-image-preview":"max-image-preview:large","max-video-preview":"max-video-preview:-1"},"canonical":"https:\/\/teslafm.net\/en\/ibidem-7\/","og_locale":"en_US","og_type":"article","og_title":"Ibidem #7 -","og_description":"Ibidem #7 Noviembre 2020 IlSantoBevitore es el apodo del londinense sardo Nicola Serra, percusionista y productor, artista residente en Ritualtronis y curador de eventos en Dronica Festival. Su trabajo como ISB es un proyecto musical en curso e investigaci\u00f3n etnogr\u00e1fica que cubre temas del folclore y misterios paganos de la isla de Cerde\u00f1a. Est\u00e1 dedicado [&hellip;]","og_url":"https:\/\/teslafm.net\/en\/ibidem-7\/","article_publisher":"https:\/\/www.facebook.com\/teslafm.net","article_modified_time":"2020-11-25T17:00:14+00:00","og_image":[{"url":"https:\/\/teslafm.net\/wp-content\/uploads\/2020\/11\/ISB-IBIDEM-LOGO-1024x1024.png","type":"","width":"","height":""}],"twitter_card":"summary_large_image","twitter_site":"@teslafm","twitter_misc":{"Est. reading time":"1 minute"},"schema":{"@context":"https:\/\/schema.org","@graph":[{"@type":"WebPage","@id":"https:\/\/teslafm.net\/ibidem-7\/","url":"https:\/\/teslafm.net\/ibidem-7\/","name":"Ibidem #7 -","isPartOf":{"@id":"https:\/\/teslafm.net\/#website"},"primaryImageOfPage":{"@id":"https:\/\/teslafm.net\/ibidem-7\/#primaryimage"},"image":{"@id":"https:\/\/teslafm.net\/ibidem-7\/#primaryimage"},"thumbnailUrl":"https:\/\/teslafm.net\/wp-content\/uploads\/2020\/11\/ISB-IBIDEM-LOGO-1024x1024.png","datePublished":"2020-11-25T16:59:21+00:00","dateModified":"2020-11-25T17:00:14+00:00","breadcrumb":{"@id":"https:\/\/teslafm.net\/ibidem-7\/#breadcrumb"},"inLanguage":"en-US","potentialAction":[{"@type":"ReadAction","target":["https:\/\/teslafm.net\/ibidem-7\/"]}]},{"@type":"ImageObject","inLanguage":"en-US","@id":"https:\/\/teslafm.net\/ibidem-7\/#primaryimage","url":"https:\/\/teslafm.net\/wp-content\/uploads\/2020\/11\/ISB-IBIDEM-LOGO-1024x1024.png","contentUrl":"https:\/\/teslafm.net\/wp-content\/uploads\/2020\/11\/ISB-IBIDEM-LOGO-1024x1024.png"},{"@type":"BreadcrumbList","@id":"https:\/\/teslafm.net\/ibidem-7\/#breadcrumb","itemListElement":[{"@type":"ListItem","position":1,"name":"Portada","item":"https:\/\/teslafm.net\/"},{"@type":"ListItem","position":2,"name":"Ibidem #7"}]},{"@type":"WebSite","@id":"https:\/\/teslafm.net\/#website","url":"https:\/\/teslafm.net\/","name":"TeslaFM","description":"An experimental and creative radio","publisher":{"@id":"https:\/\/teslafm.net\/#organization"},"potentialAction":[{"@type":"SearchAction","target":{"@type":"EntryPoint","urlTemplate":"https:\/\/teslafm.net\/?s={search_term_string}"},"query-input":{"@type":"PropertyValueSpecification","valueRequired":true,"valueName":"search_term_string"}}],"inLanguage":"en-US"},{"@type":"Organization","@id":"https:\/\/teslafm.net\/#organization","name":"TeslaFM","url":"https:\/\/teslafm.net\/","logo":{"@type":"ImageObject","inLanguage":"en-US","@id":"https:\/\/teslafm.net\/#\/schema\/logo\/image\/","url":"https:\/\/teslafm.net\/wp-content\/uploads\/2020\/06\/logo-tesla.png","contentUrl":"https:\/\/teslafm.net\/wp-content\/uploads\/2020\/06\/logo-tesla.png","width":512,"height":512,"caption":"TeslaFM"},"image":{"@id":"https:\/\/teslafm.net\/#\/schema\/logo\/image\/"},"sameAs":["https:\/\/www.facebook.com\/teslafm.net","https:\/\/x.com\/teslafm"]}]}},"rttpg_featured_image_url":null,"rttpg_author":{"display_name":"Ishak","author_link":"https:\/\/teslafm.net\/en\/author\/cravan\/"},"rttpg_comment":0,"rttpg_category":null,"rttpg_excerpt":"Ibidem #7 Noviembre 2020 IlSantoBevitore es el apodo del londinense sardo Nicola Serra, percusionista y productor, artista residente en Ritualtronis y curador de eventos en Dronica Festival. Su trabajo como ISB es un proyecto musical en curso e investigaci\u00f3n etnogr\u00e1fica que cubre temas del folclore y misterios paganos de la isla de Cerde\u00f1a. Est\u00e1 dedicado&hellip;","_links":{"self":[{"href":"https:\/\/teslafm.net\/en\/wp-json\/wp\/v2\/pages\/55794","targetHints":{"allow":["GET"]}}],"collection":[{"href":"https:\/\/teslafm.net\/en\/wp-json\/wp\/v2\/pages"}],"about":[{"href":"https:\/\/teslafm.net\/en\/wp-json\/wp\/v2\/types\/page"}],"author":[{"embeddable":true,"href":"https:\/\/teslafm.net\/en\/wp-json\/wp\/v2\/users\/19"}],"replies":[{"embeddable":true,"href":"https:\/\/teslafm.net\/en\/wp-json\/wp\/v2\/comments?post=55794"}],"version-history":[{"count":2,"href":"https:\/\/teslafm.net\/en\/wp-json\/wp\/v2\/pages\/55794\/revisions"}],"predecessor-version":[{"id":55797,"href":"https:\/\/teslafm.net\/en\/wp-json\/wp\/v2\/pages\/55794\/revisions\/55797"}],"wp:attachment":[{"href":"https:\/\/teslafm.net\/en\/wp-json\/wp\/v2\/media?parent=55794"}],"curies":[{"name":"wp","href":"https:\/\/api.w.org\/{rel}","templated":true}]}}