

{"id":55799,"date":"2020-11-25T18:31:57","date_gmt":"2020-11-25T17:31:57","guid":{"rendered":"https:\/\/teslafm.net\/?page_id=55799"},"modified":"2020-12-21T09:23:09","modified_gmt":"2020-12-21T08:23:09","slug":"fmerides-6","status":"publish","type":"page","link":"https:\/\/teslafm.net\/en\/fmerides-6\/","title":{"rendered":"#6"},"content":{"rendered":"<h2><span style=\"color: #ffffff;\"><strong>#6<\/strong><\/span><\/h2>\n<p><span style=\"color: #808080;\"><em>Peter Christopherson, November 24, 2020<\/em><\/span><\/p>\n<p><iframe src=\"https:\/\/www.mixcloud.com\/widget\/iframe\/?hide_cover=1&amp;feed=%2FTeslafm_net%2Ffm%C3%A9rides-7-david-puente%2F\" width=\"100%\" height=\"120\" frameborder=\"0\"><\/iframe><\/p>\n<p><span id=\"gmail-docs-internal-guid-927825b2-7fff-1de9-463e-000fee289dbd\" style=\"color: #808080;\">On the tenth anniversary of his death in Thailand, we dedicate an hour to Peter Christopherson. Founding member of mythical industrial projects such as Throbbing Gristle and Coil, today we will focus mainly on his alias The Threshold HouseBoys Choir (the musical aka used by the Leeds native when he retired to Thailand after the death of his partner John Balance). We include statements, to be carved on the headboard of the bed, from Sleazy himself in programs such as \"Crossfader\" that was broadcast on scannerFM from Barcelona.<\/span><\/p>\n<p><span style=\"color: #808080;\">Tracklist:<\/span><br \/>\n<span style=\"color: #808080;\"><strong>The Threshold HouseBoys Choir<\/strong> - A Time of Happening (Form Grows Rampant\/2007)<\/span><br \/>\n<span style=\"color: #808080;\"><strong>The Threshold HouseBoys Choir<\/strong> - So Free It Knows No End (Form Grows Rampant\/2007)<\/span><br \/>\n<span style=\"color: #808080;\"><strong>The Threshold HouseBoys Choir<\/strong> - Be Happy (The Threshold Houseboys Choir Amulet Edition\/2008)<\/span><br \/>\n<span style=\"color: #808080;\"><strong>The Threshold HouseBoys Choir<\/strong> - The Day Moon Died (The Threshold Houseboys Choir Amulet Edition\/2008)<\/span><br \/>\n<span style=\"color: #808080;\"><strong>The Threshold HouseBoys Choir<\/strong> - Intimations of Spring (Form Grows Rampant\/2007<\/span><br \/>\n<span style=\"color: #808080;\"><strong>The Threshold HouseBoys Choir<\/strong> - So Young It Knows No Maturing' (Form Grows Rampant\/2007)<\/span><\/p>","protected":false},"excerpt":{"rendered":"<p>FM\u00e9rides #6 Peter Christopherson, 24 de Noviembre de 2020 En el d\u00e9cimo aniversario de su muerte en Tailandia, le dedicamos una hora a Peter Christopherson. Miembro fundador de proyectos mitiqu\u00edsimos del industrial, como Throbbing Gristle y Coil, hoy nos vamos a centrar principalmente en su alias The Threshold HouseBoys Choir (el aka musical que utiliz\u00f3 [&hellip;]<\/p>\n","protected":false},"author":19,"featured_media":0,"parent":0,"menu_order":0,"comment_status":"closed","ping_status":"closed","template":"","meta":{"footnotes":""},"class_list":["post-55799","page","type-page","status-publish","hentry"],"yoast_head":"<!-- This site is optimized with the Yoast SEO plugin v27.2 - https:\/\/yoast.com\/product\/yoast-seo-wordpress\/ -->\n<title>FM\u00e9rides #6 -<\/title>\n<meta name=\"robots\" content=\"index, follow, max-snippet:-1, max-image-preview:large, max-video-preview:-1\" \/>\n<link rel=\"canonical\" href=\"https:\/\/teslafm.net\/en\/fmerides-6\/\" \/>\n<meta property=\"og:locale\" content=\"en_US\" \/>\n<meta property=\"og:type\" content=\"article\" \/>\n<meta property=\"og:title\" content=\"FM\u00e9rides #6 -\" \/>\n<meta property=\"og:description\" content=\"FM\u00e9rides #6 Peter Christopherson, 24 de Noviembre de 2020 En el d\u00e9cimo aniversario de su muerte en Tailandia, le dedicamos una hora a Peter Christopherson. Miembro fundador de proyectos mitiqu\u00edsimos del industrial, como Throbbing Gristle y Coil, hoy nos vamos a centrar principalmente en su alias The Threshold HouseBoys Choir (el aka musical que utiliz\u00f3 [&hellip;]\" \/>\n<meta property=\"og:url\" content=\"https:\/\/teslafm.net\/en\/fmerides-6\/\" \/>\n<meta property=\"article:publisher\" content=\"https:\/\/www.facebook.com\/teslafm.net\" \/>\n<meta property=\"article:modified_time\" content=\"2020-12-21T08:23:09+00:00\" \/>\n<meta property=\"og:image\" content=\"https:\/\/teslafm.net\/wp-content\/uploads\/2022\/09\/header-image-4-temp.png\" \/>\n\t<meta property=\"og:image:width\" content=\"1274\" \/>\n\t<meta property=\"og:image:height\" content=\"818\" \/>\n\t<meta property=\"og:image:type\" content=\"image\/png\" \/>\n<meta name=\"twitter:card\" content=\"summary_large_image\" \/>\n<meta name=\"twitter:site\" content=\"@teslafm\" \/>\n<meta name=\"twitter:label1\" content=\"Est. reading time\" \/>\n\t<meta name=\"twitter:data1\" content=\"1 minute\" \/>\n<script type=\"application\/ld+json\" class=\"yoast-schema-graph\">{\"@context\":\"https:\/\/schema.org\",\"@graph\":[{\"@type\":\"WebPage\",\"@id\":\"https:\/\/teslafm.net\/fmerides-6\/\",\"url\":\"https:\/\/teslafm.net\/fmerides-6\/\",\"name\":\"FM\u00e9rides #6 -\",\"isPartOf\":{\"@id\":\"https:\/\/teslafm.net\/#website\"},\"datePublished\":\"2020-11-25T17:31:57+00:00\",\"dateModified\":\"2020-12-21T08:23:09+00:00\",\"breadcrumb\":{\"@id\":\"https:\/\/teslafm.net\/fmerides-6\/#breadcrumb\"},\"inLanguage\":\"en-US\",\"potentialAction\":[{\"@type\":\"ReadAction\",\"target\":[\"https:\/\/teslafm.net\/fmerides-6\/\"]}]},{\"@type\":\"BreadcrumbList\",\"@id\":\"https:\/\/teslafm.net\/fmerides-6\/#breadcrumb\",\"itemListElement\":[{\"@type\":\"ListItem\",\"position\":1,\"name\":\"Portada\",\"item\":\"https:\/\/teslafm.net\/\"},{\"@type\":\"ListItem\",\"position\":2,\"name\":\"FM\u00e9rides #6\"}]},{\"@type\":\"WebSite\",\"@id\":\"https:\/\/teslafm.net\/#website\",\"url\":\"https:\/\/teslafm.net\/\",\"name\":\"TeslaFM\",\"description\":\"An experimental and creative radio\",\"publisher\":{\"@id\":\"https:\/\/teslafm.net\/#organization\"},\"potentialAction\":[{\"@type\":\"SearchAction\",\"target\":{\"@type\":\"EntryPoint\",\"urlTemplate\":\"https:\/\/teslafm.net\/?s={search_term_string}\"},\"query-input\":{\"@type\":\"PropertyValueSpecification\",\"valueRequired\":true,\"valueName\":\"search_term_string\"}}],\"inLanguage\":\"en-US\"},{\"@type\":\"Organization\",\"@id\":\"https:\/\/teslafm.net\/#organization\",\"name\":\"TeslaFM\",\"url\":\"https:\/\/teslafm.net\/\",\"logo\":{\"@type\":\"ImageObject\",\"inLanguage\":\"en-US\",\"@id\":\"https:\/\/teslafm.net\/#\/schema\/logo\/image\/\",\"url\":\"https:\/\/teslafm.net\/wp-content\/uploads\/2020\/06\/logo-tesla.png\",\"contentUrl\":\"https:\/\/teslafm.net\/wp-content\/uploads\/2020\/06\/logo-tesla.png\",\"width\":512,\"height\":512,\"caption\":\"TeslaFM\"},\"image\":{\"@id\":\"https:\/\/teslafm.net\/#\/schema\/logo\/image\/\"},\"sameAs\":[\"https:\/\/www.facebook.com\/teslafm.net\",\"https:\/\/x.com\/teslafm\"]}]}<\/script>\n<!-- \/ Yoast SEO plugin. -->","yoast_head_json":{"title":"Ferroid #6 -","robots":{"index":"index","follow":"follow","max-snippet":"max-snippet:-1","max-image-preview":"max-image-preview:large","max-video-preview":"max-video-preview:-1"},"canonical":"https:\/\/teslafm.net\/en\/fmerides-6\/","og_locale":"en_US","og_type":"article","og_title":"FM\u00e9rides #6 -","og_description":"FM\u00e9rides #6 Peter Christopherson, 24 de Noviembre de 2020 En el d\u00e9cimo aniversario de su muerte en Tailandia, le dedicamos una hora a Peter Christopherson. Miembro fundador de proyectos mitiqu\u00edsimos del industrial, como Throbbing Gristle y Coil, hoy nos vamos a centrar principalmente en su alias The Threshold HouseBoys Choir (el aka musical que utiliz\u00f3 [&hellip;]","og_url":"https:\/\/teslafm.net\/en\/fmerides-6\/","article_publisher":"https:\/\/www.facebook.com\/teslafm.net","article_modified_time":"2020-12-21T08:23:09+00:00","og_image":[{"width":1274,"height":818,"url":"https:\/\/teslafm.net\/wp-content\/uploads\/2022\/09\/header-image-4-temp.png","type":"image\/png"}],"twitter_card":"summary_large_image","twitter_site":"@teslafm","twitter_misc":{"Est. reading time":"1 minute"},"schema":{"@context":"https:\/\/schema.org","@graph":[{"@type":"WebPage","@id":"https:\/\/teslafm.net\/fmerides-6\/","url":"https:\/\/teslafm.net\/fmerides-6\/","name":"Ferroid #6 -","isPartOf":{"@id":"https:\/\/teslafm.net\/#website"},"datePublished":"2020-11-25T17:31:57+00:00","dateModified":"2020-12-21T08:23:09+00:00","breadcrumb":{"@id":"https:\/\/teslafm.net\/fmerides-6\/#breadcrumb"},"inLanguage":"en-US","potentialAction":[{"@type":"ReadAction","target":["https:\/\/teslafm.net\/fmerides-6\/"]}]},{"@type":"BreadcrumbList","@id":"https:\/\/teslafm.net\/fmerides-6\/#breadcrumb","itemListElement":[{"@type":"ListItem","position":1,"name":"Portada","item":"https:\/\/teslafm.net\/"},{"@type":"ListItem","position":2,"name":"FM\u00e9rides #6"}]},{"@type":"WebSite","@id":"https:\/\/teslafm.net\/#website","url":"https:\/\/teslafm.net\/","name":"TeslaFM","description":"An experimental and creative radio","publisher":{"@id":"https:\/\/teslafm.net\/#organization"},"potentialAction":[{"@type":"SearchAction","target":{"@type":"EntryPoint","urlTemplate":"https:\/\/teslafm.net\/?s={search_term_string}"},"query-input":{"@type":"PropertyValueSpecification","valueRequired":true,"valueName":"search_term_string"}}],"inLanguage":"en-US"},{"@type":"Organization","@id":"https:\/\/teslafm.net\/#organization","name":"TeslaFM","url":"https:\/\/teslafm.net\/","logo":{"@type":"ImageObject","inLanguage":"en-US","@id":"https:\/\/teslafm.net\/#\/schema\/logo\/image\/","url":"https:\/\/teslafm.net\/wp-content\/uploads\/2020\/06\/logo-tesla.png","contentUrl":"https:\/\/teslafm.net\/wp-content\/uploads\/2020\/06\/logo-tesla.png","width":512,"height":512,"caption":"TeslaFM"},"image":{"@id":"https:\/\/teslafm.net\/#\/schema\/logo\/image\/"},"sameAs":["https:\/\/www.facebook.com\/teslafm.net","https:\/\/x.com\/teslafm"]}]}},"rttpg_featured_image_url":null,"rttpg_author":{"display_name":"Ishak","author_link":"https:\/\/teslafm.net\/en\/author\/cravan\/"},"rttpg_comment":0,"rttpg_category":null,"rttpg_excerpt":"FM\u00e9rides #6 Peter Christopherson, 24 de Noviembre de 2020 En el d\u00e9cimo aniversario de su muerte en Tailandia, le dedicamos una hora a Peter Christopherson. Miembro fundador de proyectos mitiqu\u00edsimos del industrial, como Throbbing Gristle y Coil, hoy nos vamos a centrar principalmente en su alias The Threshold HouseBoys Choir (el aka musical que utiliz\u00f3&hellip;","_links":{"self":[{"href":"https:\/\/teslafm.net\/en\/wp-json\/wp\/v2\/pages\/55799","targetHints":{"allow":["GET"]}}],"collection":[{"href":"https:\/\/teslafm.net\/en\/wp-json\/wp\/v2\/pages"}],"about":[{"href":"https:\/\/teslafm.net\/en\/wp-json\/wp\/v2\/types\/page"}],"author":[{"embeddable":true,"href":"https:\/\/teslafm.net\/en\/wp-json\/wp\/v2\/users\/19"}],"replies":[{"embeddable":true,"href":"https:\/\/teslafm.net\/en\/wp-json\/wp\/v2\/comments?post=55799"}],"version-history":[{"count":5,"href":"https:\/\/teslafm.net\/en\/wp-json\/wp\/v2\/pages\/55799\/revisions"}],"predecessor-version":[{"id":55985,"href":"https:\/\/teslafm.net\/en\/wp-json\/wp\/v2\/pages\/55799\/revisions\/55985"}],"wp:attachment":[{"href":"https:\/\/teslafm.net\/en\/wp-json\/wp\/v2\/media?parent=55799"}],"curies":[{"name":"wp","href":"https:\/\/api.w.org\/{rel}","templated":true}]}}