

{"id":55821,"date":"2020-11-30T11:31:51","date_gmt":"2020-11-30T10:31:51","guid":{"rendered":"https:\/\/teslafm.net\/?page_id=55821"},"modified":"2022-12-07T14:22:56","modified_gmt":"2022-12-07T13:22:56","slug":"luna-llena-12","status":"publish","type":"page","link":"https:\/\/teslafm.net\/en\/luna-llena-12\/","title":{"rendered":"Full Moon #12"},"content":{"rendered":"<div data-elementor-type=\"wp-page\" data-elementor-id=\"55821\" class=\"elementor elementor-55821\">\n\t\t\t\t\t\t<section class=\"elementor-section elementor-top-section elementor-element elementor-element-4438139a elementor-section-boxed elementor-section-height-default elementor-section-height-default\" data-id=\"4438139a\" data-element_type=\"section\" data-e-type=\"section\">\n\t\t\t\t\t\t<div class=\"elementor-container elementor-column-gap-default\">\n\t\t\t\t\t<div class=\"elementor-column elementor-col-100 elementor-top-column elementor-element elementor-element-3ad7f565\" data-id=\"3ad7f565\" data-element_type=\"column\" data-e-type=\"column\">\n\t\t\t<div class=\"elementor-widget-wrap elementor-element-populated\">\n\t\t\t\t\t\t<div class=\"elementor-element elementor-element-5a803f91 elementor-widget elementor-widget-text-editor\" data-id=\"5a803f91\" data-element_type=\"widget\" data-e-type=\"widget\" data-widget_type=\"text-editor.default\">\n\t\t\t\t<div class=\"elementor-widget-container\">\n\t\t\t\t\t\t\t\t\t<h2><span style=\"color: #ffffff;\"><strong>Full Moon #12<\/strong><\/span><\/h2><p><span style=\"color: #808080;\"><em>In the margins (madness)<\/em><\/span><\/p><p><iframe src=\"https:\/\/www.mixcloud.com\/widget\/iframe\/?hide_cover=1&amp;feed=%2FTeslafm_net%2Fluna-llena-12-en-los-m%C3%A1rgenes-la-locura%2F\" width=\"100%\" height=\"120\" frameborder=\"0\"><\/iframe><\/p>\t\t\t\t\t\t\t\t<\/div>\n\t\t\t\t<\/div>\n\t\t\t\t\t<\/div>\n\t\t<\/div>\n\t\t\t\t\t<\/div>\n\t\t<\/section>\n\t\t\t\t<section class=\"elementor-section elementor-top-section elementor-element elementor-element-f6e0a34 elementor-section-boxed elementor-section-height-default elementor-section-height-default\" data-id=\"f6e0a34\" data-element_type=\"section\" data-e-type=\"section\">\n\t\t\t\t\t\t<div class=\"elementor-container elementor-column-gap-default\">\n\t\t\t\t\t<div class=\"elementor-column elementor-col-50 elementor-top-column elementor-element elementor-element-6245342\" data-id=\"6245342\" data-element_type=\"column\" data-e-type=\"column\">\n\t\t\t<div class=\"elementor-widget-wrap elementor-element-populated\">\n\t\t\t\t\t\t<div class=\"elementor-element elementor-element-7af0df4 elementor-widget elementor-widget-image\" data-id=\"7af0df4\" data-element_type=\"widget\" data-e-type=\"widget\" data-widget_type=\"image.default\">\n\t\t\t\t<div class=\"elementor-widget-container\">\n\t\t\t\t\t\t\t\t\t\t\t\t\t\t\t<img fetchpriority=\"high\" decoding=\"async\" width=\"359\" height=\"1024\" src=\"https:\/\/teslafm.net\/wp-content\/uploads\/2020\/11\/Pablo-Picasso-Le-fou-359x1024.jpg\" class=\"attachment-large size-large wp-image-55823\" alt=\"\" srcset=\"https:\/\/teslafm.net\/wp-content\/uploads\/2020\/11\/Pablo-Picasso-Le-fou-359x1024.jpg 359w, https:\/\/teslafm.net\/wp-content\/uploads\/2020\/11\/Pablo-Picasso-Le-fou-105x300.jpg 105w, https:\/\/teslafm.net\/wp-content\/uploads\/2020\/11\/Pablo-Picasso-Le-fou.jpg 421w\" sizes=\"(max-width: 359px) 100vw, 359px\" \/>\t\t\t\t\t\t\t\t\t\t\t\t\t\t\t<\/div>\n\t\t\t\t<\/div>\n\t\t\t\t\t<\/div>\n\t\t<\/div>\n\t\t\t\t<div class=\"elementor-column elementor-col-50 elementor-top-column elementor-element elementor-element-d0a1b8b\" data-id=\"d0a1b8b\" data-element_type=\"column\" data-e-type=\"column\">\n\t\t\t<div class=\"elementor-widget-wrap elementor-element-populated\">\n\t\t\t\t\t\t<div class=\"elementor-element elementor-element-3dbc6c6 elementor-widget elementor-widget-text-editor\" data-id=\"3dbc6c6\" data-element_type=\"widget\" data-e-type=\"widget\" data-widget_type=\"text-editor.default\">\n\t\t\t\t<div class=\"elementor-widget-container\">\n\t\t\t\t\t\t\t\t\t<p><span style=\"color: #808080;\"><strong>TEXTS<\/strong>:<\/span><br \/><span style=\"color: #808080;\"><strong>Michel Foucault<\/strong>The History of Madness in the Classical Era<\/span><br \/><span style=\"color: #808080;\"><strong>Gilles Deleuze<\/strong> and <strong>F\u00e9lix Guattari<\/strong>Capitalism and Schizophrenia<\/span><br \/><span style=\"color: #808080;\">Antipsychiatry<\/span><br \/><span style=\"color: #808080;\">Senegal and its traditional model of madness<\/span><\/p><p><span style=\"color: #808080;\"><strong>BACKGROUND MUSIC<\/strong>:<\/span><br \/><span style=\"color: #808080;\"><strong>Jacques Brodier<\/strong> - Extrait du filtre de realite<\/span><\/p><p><span style=\"color: #808080;\">Musical pieces and sound recordings, in this order:<\/span><br \/><span style=\"color: #808080;\"><strong>Martha Grunenwaldt<\/strong> - Sans titre<\/span><br \/><span style=\"color: #808080;\"><strong>The Stranglers<\/strong> - La folie<\/span><br \/><span style=\"color: #808080;\"><strong>Syd Barrett<\/strong> - Dark globe<\/span><br \/><span style=\"color: #808080;\"><strong>Antonin Artaud<\/strong> - The search for fecalite<\/span><br \/><span style=\"color: #808080;\"><strong>Arthur Rimbaud<\/strong> - Night in Hell<\/span><br \/><span style=\"color: #808080;\">The case of <strong>Mary Barnes<\/strong><\/span><br \/><span style=\"color: #808080;\"><strong>Thelonious Monk<\/strong> - Straight no chaser<\/span><br \/><span style=\"color: #808080;\">The Hollow Tree, Journey Through Madness (<strong>Mary Barnes<\/strong>)<\/span><br \/><span style=\"color: #808080;\"><strong>Konstantin Raudive<\/strong> - Radio stimme + microphone stimme<\/span><br \/><span style=\"color: #808080;\"><strong>Daniel Johnston<\/strong> - Fly eye<\/span><\/p><p><span style=\"color: #808080;\">Produced by <strong>Ishak Benavides<\/strong>.<\/span><\/p>\t\t\t\t\t\t\t\t<\/div>\n\t\t\t\t<\/div>\n\t\t\t\t\t<\/div>\n\t\t<\/div>\n\t\t\t\t\t<\/div>\n\t\t<\/section>\n\t\t\t\t<\/div>","protected":false},"excerpt":{"rendered":"<p>Luna Llena #12 En los m\u00e1rgenes (la locura) TEXTOS:Michel Foucault, La historia de la locura en la \u00e9poca cl\u00e1sicaGilles Deleuze y F\u00e9lix Guattari, Capitalismo y EsquizofreniaLa AntipsiquiatriaSenegal y su modelo tradicional de la locura M\u00daSICA DE FONDO:Jacques Brodier &#8211; Extrait du filtre de realite Piezas musicales y registros sonoros, en \u00e9ste orden:Martha Grunenwaldt &#8211; Sans [&hellip;]<\/p>\n","protected":false},"author":19,"featured_media":0,"parent":0,"menu_order":0,"comment_status":"closed","ping_status":"closed","template":"","meta":{"footnotes":""},"class_list":["post-55821","page","type-page","status-publish","hentry"],"yoast_head":"<!-- This site is optimized with the Yoast SEO plugin v27.2 - https:\/\/yoast.com\/product\/yoast-seo-wordpress\/ -->\n<title>Luna Llena #12 -<\/title>\n<meta name=\"robots\" content=\"index, follow, max-snippet:-1, max-image-preview:large, max-video-preview:-1\" \/>\n<link rel=\"canonical\" href=\"https:\/\/teslafm.net\/en\/luna-llena-12\/\" \/>\n<meta property=\"og:locale\" content=\"en_US\" \/>\n<meta property=\"og:type\" content=\"article\" \/>\n<meta property=\"og:title\" content=\"Luna Llena #12 -\" \/>\n<meta property=\"og:description\" content=\"Luna Llena #12 En los m\u00e1rgenes (la locura) TEXTOS:Michel Foucault, La historia de la locura en la \u00e9poca cl\u00e1sicaGilles Deleuze y F\u00e9lix Guattari, Capitalismo y EsquizofreniaLa AntipsiquiatriaSenegal y su modelo tradicional de la locura M\u00daSICA DE FONDO:Jacques Brodier &#8211; Extrait du filtre de realite Piezas musicales y registros sonoros, en \u00e9ste orden:Martha Grunenwaldt &#8211; Sans [&hellip;]\" \/>\n<meta property=\"og:url\" content=\"https:\/\/teslafm.net\/en\/luna-llena-12\/\" \/>\n<meta property=\"article:publisher\" content=\"https:\/\/www.facebook.com\/teslafm.net\" \/>\n<meta property=\"article:modified_time\" content=\"2022-12-07T13:22:56+00:00\" \/>\n<meta property=\"og:image\" content=\"https:\/\/teslafm.net\/wp-content\/uploads\/2020\/11\/Pablo-Picasso-Le-fou-359x1024.jpg\" \/>\n<meta name=\"twitter:card\" content=\"summary_large_image\" \/>\n<meta name=\"twitter:site\" content=\"@teslafm\" \/>\n<meta name=\"twitter:label1\" content=\"Est. reading time\" \/>\n\t<meta name=\"twitter:data1\" content=\"1 minute\" \/>\n<script type=\"application\/ld+json\" class=\"yoast-schema-graph\">{\"@context\":\"https:\/\/schema.org\",\"@graph\":[{\"@type\":\"WebPage\",\"@id\":\"https:\/\/teslafm.net\/luna-llena-12\/\",\"url\":\"https:\/\/teslafm.net\/luna-llena-12\/\",\"name\":\"Luna Llena #12 -\",\"isPartOf\":{\"@id\":\"https:\/\/teslafm.net\/#website\"},\"primaryImageOfPage\":{\"@id\":\"https:\/\/teslafm.net\/luna-llena-12\/#primaryimage\"},\"image\":{\"@id\":\"https:\/\/teslafm.net\/luna-llena-12\/#primaryimage\"},\"thumbnailUrl\":\"https:\/\/teslafm.net\/wp-content\/uploads\/2020\/11\/Pablo-Picasso-Le-fou-359x1024.jpg\",\"datePublished\":\"2020-11-30T10:31:51+00:00\",\"dateModified\":\"2022-12-07T13:22:56+00:00\",\"breadcrumb\":{\"@id\":\"https:\/\/teslafm.net\/luna-llena-12\/#breadcrumb\"},\"inLanguage\":\"en-US\",\"potentialAction\":[{\"@type\":\"ReadAction\",\"target\":[\"https:\/\/teslafm.net\/luna-llena-12\/\"]}]},{\"@type\":\"ImageObject\",\"inLanguage\":\"en-US\",\"@id\":\"https:\/\/teslafm.net\/luna-llena-12\/#primaryimage\",\"url\":\"https:\/\/teslafm.net\/wp-content\/uploads\/2020\/11\/Pablo-Picasso-Le-fou-359x1024.jpg\",\"contentUrl\":\"https:\/\/teslafm.net\/wp-content\/uploads\/2020\/11\/Pablo-Picasso-Le-fou-359x1024.jpg\"},{\"@type\":\"BreadcrumbList\",\"@id\":\"https:\/\/teslafm.net\/luna-llena-12\/#breadcrumb\",\"itemListElement\":[{\"@type\":\"ListItem\",\"position\":1,\"name\":\"Portada\",\"item\":\"https:\/\/teslafm.net\/\"},{\"@type\":\"ListItem\",\"position\":2,\"name\":\"Luna Llena #12\"}]},{\"@type\":\"WebSite\",\"@id\":\"https:\/\/teslafm.net\/#website\",\"url\":\"https:\/\/teslafm.net\/\",\"name\":\"TeslaFM\",\"description\":\"An experimental and creative radio\",\"publisher\":{\"@id\":\"https:\/\/teslafm.net\/#organization\"},\"potentialAction\":[{\"@type\":\"SearchAction\",\"target\":{\"@type\":\"EntryPoint\",\"urlTemplate\":\"https:\/\/teslafm.net\/?s={search_term_string}\"},\"query-input\":{\"@type\":\"PropertyValueSpecification\",\"valueRequired\":true,\"valueName\":\"search_term_string\"}}],\"inLanguage\":\"en-US\"},{\"@type\":\"Organization\",\"@id\":\"https:\/\/teslafm.net\/#organization\",\"name\":\"TeslaFM\",\"url\":\"https:\/\/teslafm.net\/\",\"logo\":{\"@type\":\"ImageObject\",\"inLanguage\":\"en-US\",\"@id\":\"https:\/\/teslafm.net\/#\/schema\/logo\/image\/\",\"url\":\"https:\/\/teslafm.net\/wp-content\/uploads\/2020\/06\/logo-tesla.png\",\"contentUrl\":\"https:\/\/teslafm.net\/wp-content\/uploads\/2020\/06\/logo-tesla.png\",\"width\":512,\"height\":512,\"caption\":\"TeslaFM\"},\"image\":{\"@id\":\"https:\/\/teslafm.net\/#\/schema\/logo\/image\/\"},\"sameAs\":[\"https:\/\/www.facebook.com\/teslafm.net\",\"https:\/\/x.com\/teslafm\"]}]}<\/script>\n<!-- \/ Yoast SEO plugin. -->","yoast_head_json":{"title":"Full Moon #12 -","robots":{"index":"index","follow":"follow","max-snippet":"max-snippet:-1","max-image-preview":"max-image-preview:large","max-video-preview":"max-video-preview:-1"},"canonical":"https:\/\/teslafm.net\/en\/luna-llena-12\/","og_locale":"en_US","og_type":"article","og_title":"Luna Llena #12 -","og_description":"Luna Llena #12 En los m\u00e1rgenes (la locura) TEXTOS:Michel Foucault, La historia de la locura en la \u00e9poca cl\u00e1sicaGilles Deleuze y F\u00e9lix Guattari, Capitalismo y EsquizofreniaLa AntipsiquiatriaSenegal y su modelo tradicional de la locura M\u00daSICA DE FONDO:Jacques Brodier &#8211; Extrait du filtre de realite Piezas musicales y registros sonoros, en \u00e9ste orden:Martha Grunenwaldt &#8211; Sans [&hellip;]","og_url":"https:\/\/teslafm.net\/en\/luna-llena-12\/","article_publisher":"https:\/\/www.facebook.com\/teslafm.net","article_modified_time":"2022-12-07T13:22:56+00:00","og_image":[{"url":"https:\/\/teslafm.net\/wp-content\/uploads\/2020\/11\/Pablo-Picasso-Le-fou-359x1024.jpg","type":"","width":"","height":""}],"twitter_card":"summary_large_image","twitter_site":"@teslafm","twitter_misc":{"Est. reading time":"1 minute"},"schema":{"@context":"https:\/\/schema.org","@graph":[{"@type":"WebPage","@id":"https:\/\/teslafm.net\/luna-llena-12\/","url":"https:\/\/teslafm.net\/luna-llena-12\/","name":"Full Moon #12 -","isPartOf":{"@id":"https:\/\/teslafm.net\/#website"},"primaryImageOfPage":{"@id":"https:\/\/teslafm.net\/luna-llena-12\/#primaryimage"},"image":{"@id":"https:\/\/teslafm.net\/luna-llena-12\/#primaryimage"},"thumbnailUrl":"https:\/\/teslafm.net\/wp-content\/uploads\/2020\/11\/Pablo-Picasso-Le-fou-359x1024.jpg","datePublished":"2020-11-30T10:31:51+00:00","dateModified":"2022-12-07T13:22:56+00:00","breadcrumb":{"@id":"https:\/\/teslafm.net\/luna-llena-12\/#breadcrumb"},"inLanguage":"en-US","potentialAction":[{"@type":"ReadAction","target":["https:\/\/teslafm.net\/luna-llena-12\/"]}]},{"@type":"ImageObject","inLanguage":"en-US","@id":"https:\/\/teslafm.net\/luna-llena-12\/#primaryimage","url":"https:\/\/teslafm.net\/wp-content\/uploads\/2020\/11\/Pablo-Picasso-Le-fou-359x1024.jpg","contentUrl":"https:\/\/teslafm.net\/wp-content\/uploads\/2020\/11\/Pablo-Picasso-Le-fou-359x1024.jpg"},{"@type":"BreadcrumbList","@id":"https:\/\/teslafm.net\/luna-llena-12\/#breadcrumb","itemListElement":[{"@type":"ListItem","position":1,"name":"Portada","item":"https:\/\/teslafm.net\/"},{"@type":"ListItem","position":2,"name":"Luna Llena #12"}]},{"@type":"WebSite","@id":"https:\/\/teslafm.net\/#website","url":"https:\/\/teslafm.net\/","name":"TeslaFM","description":"An experimental and creative radio","publisher":{"@id":"https:\/\/teslafm.net\/#organization"},"potentialAction":[{"@type":"SearchAction","target":{"@type":"EntryPoint","urlTemplate":"https:\/\/teslafm.net\/?s={search_term_string}"},"query-input":{"@type":"PropertyValueSpecification","valueRequired":true,"valueName":"search_term_string"}}],"inLanguage":"en-US"},{"@type":"Organization","@id":"https:\/\/teslafm.net\/#organization","name":"TeslaFM","url":"https:\/\/teslafm.net\/","logo":{"@type":"ImageObject","inLanguage":"en-US","@id":"https:\/\/teslafm.net\/#\/schema\/logo\/image\/","url":"https:\/\/teslafm.net\/wp-content\/uploads\/2020\/06\/logo-tesla.png","contentUrl":"https:\/\/teslafm.net\/wp-content\/uploads\/2020\/06\/logo-tesla.png","width":512,"height":512,"caption":"TeslaFM"},"image":{"@id":"https:\/\/teslafm.net\/#\/schema\/logo\/image\/"},"sameAs":["https:\/\/www.facebook.com\/teslafm.net","https:\/\/x.com\/teslafm"]}]}},"rttpg_featured_image_url":null,"rttpg_author":{"display_name":"Ishak","author_link":"https:\/\/teslafm.net\/en\/author\/cravan\/"},"rttpg_comment":0,"rttpg_category":null,"rttpg_excerpt":"Luna Llena #12 En los m\u00e1rgenes (la locura) TEXTOS:Michel Foucault, La historia de la locura en la \u00e9poca cl\u00e1sicaGilles Deleuze y F\u00e9lix Guattari, Capitalismo y EsquizofreniaLa AntipsiquiatriaSenegal y su modelo tradicional de la locura M\u00daSICA DE FONDO:Jacques Brodier &#8211; Extrait du filtre de realite Piezas musicales y registros sonoros, en \u00e9ste orden:Martha Grunenwaldt &#8211; Sans&hellip;","_links":{"self":[{"href":"https:\/\/teslafm.net\/en\/wp-json\/wp\/v2\/pages\/55821","targetHints":{"allow":["GET"]}}],"collection":[{"href":"https:\/\/teslafm.net\/en\/wp-json\/wp\/v2\/pages"}],"about":[{"href":"https:\/\/teslafm.net\/en\/wp-json\/wp\/v2\/types\/page"}],"author":[{"embeddable":true,"href":"https:\/\/teslafm.net\/en\/wp-json\/wp\/v2\/users\/19"}],"replies":[{"embeddable":true,"href":"https:\/\/teslafm.net\/en\/wp-json\/wp\/v2\/comments?post=55821"}],"version-history":[{"count":7,"href":"https:\/\/teslafm.net\/en\/wp-json\/wp\/v2\/pages\/55821\/revisions"}],"predecessor-version":[{"id":60990,"href":"https:\/\/teslafm.net\/en\/wp-json\/wp\/v2\/pages\/55821\/revisions\/60990"}],"wp:attachment":[{"href":"https:\/\/teslafm.net\/en\/wp-json\/wp\/v2\/media?parent=55821"}],"curies":[{"name":"wp","href":"https:\/\/api.w.org\/{rel}","templated":true}]}}