

{"id":55951,"date":"2020-12-15T17:13:30","date_gmt":"2020-12-15T16:13:30","guid":{"rendered":"https:\/\/teslafm.net\/?page_id=55951"},"modified":"2021-03-13T12:40:01","modified_gmt":"2021-03-13T11:40:01","slug":"space-oddity-recollection-17","status":"publish","type":"page","link":"https:\/\/teslafm.net\/en\/space-oddity-recollection-17\/","title":{"rendered":"Space Oddity Recollection #17"},"content":{"rendered":"<h2><span style=\"color: #ffffff;\"><strong>Space Oddity Recollection #17<\/strong><\/span><\/h2>\n<p><span style=\"color: #808080;\"><em>December 2020<\/em><\/span><\/p>\n<p><iframe src=\"https:\/\/www.mixcloud.com\/widget\/iframe\/?hide_cover=1&amp;feed=%2FTeslafm_net%2Fspace-oddity-recollection-17-monikapich%2F\" width=\"100%\" height=\"120\" frameborder=\"0\"><\/iframe><\/p>\n<p><img fetchpriority=\"high\" decoding=\"async\" class=\"alignnone size-full wp-image-55952\" src=\"https:\/\/teslafm.net\/wp-content\/uploads\/2020\/12\/image_Gino-Favotti_monikapich.jpg\" alt=\"\" width=\"469\" height=\"469\" srcset=\"https:\/\/teslafm.net\/wp-content\/uploads\/2020\/12\/image_Gino-Favotti_monikapich.jpg 469w, https:\/\/teslafm.net\/wp-content\/uploads\/2020\/12\/image_Gino-Favotti_monikapich-300x300.jpg 300w, https:\/\/teslafm.net\/wp-content\/uploads\/2020\/12\/image_Gino-Favotti_monikapich-150x150.jpg 150w\" sizes=\"(max-width: 469px) 100vw, 469px\" \/><\/p>\n<p><span style=\"color: #808080;\"><strong>Gino Favotti<\/strong><\/span><\/p>\n<p><span style=\"color: #808080;\">Structured spatial sound \/ multiphonic electroacoustic music by the French composer. <strong>Gino Favotti<\/strong>. Bassist, violinist, member from the end of 78 to 2000 of some punk-rock or experimental groups. He also teaches electroacoustic composition at the Conservatoire du 20\u00e8me (Georges Bizet) in Paris.<\/span><\/p>\n<p><span style=\"color: #808080;\">The compositions used in this mix were produced between 1989 and 2018, are as follows:<\/span><\/p>\n<p><span style=\"color: #808080;\">*Algerie (1996)<\/span><br \/>\n<span style=\"color: #808080;\">*Lady Gosse (1993\/94)<\/span><br \/>\n<span style=\"color: #808080;\">*Omaggio St\u00e9reo (2000)<\/span><br \/>\n<span style=\"color: #808080;\">*Je me souviens by M Perec (1996)<\/span><br \/>\n<span style=\"color: #808080;\">*Suite cavatine mouvement 1 ( 1989)<\/span><br \/>\n<span style=\"color: #808080;\">*J'Suis malade (2017)<\/span><br \/>\n<span style=\"color: #808080;\">*P'tit Peroux (1998)<\/span><br \/>\n<span style=\"color: #808080;\">*Fantaisie Lyrique (1990)<\/span><br \/>\n<span style=\"color: #808080;\">*PSEA : Punk Synphonia Adroide Europe (2018)<\/span><\/p>\n<p class=\"western\" lang=\"pl-PL\"><span lang=\"en-US\" style=\"color: #808080;\">Link to podcast \"<a href=\"http:\/\/aligrefm.org\/podcasts\/la-vie-est-un-roman-le-podcast-155\/la-vie-est-un-roman-09-juin-2020-gino-favotti-compositeur-de-musique-electroacoustique-963\" target=\"_blank\" rel=\"noopener noreferrer\">La vie est un roman<\/a>\" -self-portrait of the artist:<\/span><\/p>\n<p class=\"western\" lang=\"pl-PL\"><span lang=\"en-US\" style=\"color: #808080;\">Enjoy the mixtrack, December, 2020'. <\/span><\/p>\n<p class=\"western\" lang=\"en-US\"><span style=\"color: #808080;\">produced by <strong>monikapich<\/strong><\/span><\/p>","protected":false},"excerpt":{"rendered":"<p>Space Oddity Recollection #17 Diciembre 2020 Gino Favotti El sonido espacial estructurado \/ m\u00fasica electroac\u00fastica multif\u00f3nica del compositor franc\u00e9s Gino Favotti. Bajista, violinista, miembro desde finales del 78 al 2000 de algunos grupos de punk-rock o experimentales. Tambi\u00e9n es profesor de composici\u00f3n electroac\u00fastica en el Conservatoire du 20\u00e8me (Georges Bizet), en Par\u00eds. Las composiciones utilizadas [&hellip;]<\/p>\n","protected":false},"author":19,"featured_media":0,"parent":0,"menu_order":0,"comment_status":"closed","ping_status":"closed","template":"","meta":{"footnotes":""},"class_list":["post-55951","page","type-page","status-publish","hentry"],"yoast_head":"<!-- This site is optimized with the Yoast SEO plugin v27.2 - https:\/\/yoast.com\/product\/yoast-seo-wordpress\/ -->\n<title>Space Oddity Recollection #17 -<\/title>\n<meta name=\"robots\" content=\"index, follow, max-snippet:-1, max-image-preview:large, max-video-preview:-1\" \/>\n<link rel=\"canonical\" href=\"https:\/\/teslafm.net\/en\/space-oddity-recollection-17\/\" \/>\n<meta property=\"og:locale\" content=\"en_US\" \/>\n<meta property=\"og:type\" content=\"article\" \/>\n<meta property=\"og:title\" content=\"Space Oddity Recollection #17 -\" \/>\n<meta property=\"og:description\" content=\"Space Oddity Recollection #17 Diciembre 2020 Gino Favotti El sonido espacial estructurado \/ m\u00fasica electroac\u00fastica multif\u00f3nica del compositor franc\u00e9s Gino Favotti. Bajista, violinista, miembro desde finales del 78 al 2000 de algunos grupos de punk-rock o experimentales. Tambi\u00e9n es profesor de composici\u00f3n electroac\u00fastica en el Conservatoire du 20\u00e8me (Georges Bizet), en Par\u00eds. Las composiciones utilizadas [&hellip;]\" \/>\n<meta property=\"og:url\" content=\"https:\/\/teslafm.net\/en\/space-oddity-recollection-17\/\" \/>\n<meta property=\"article:publisher\" content=\"https:\/\/www.facebook.com\/teslafm.net\" \/>\n<meta property=\"article:modified_time\" content=\"2021-03-13T11:40:01+00:00\" \/>\n<meta property=\"og:image\" content=\"https:\/\/teslafm.net\/wp-content\/uploads\/2020\/12\/image_Gino-Favotti_monikapich.jpg\" \/>\n<meta name=\"twitter:card\" content=\"summary_large_image\" \/>\n<meta name=\"twitter:site\" content=\"@teslafm\" \/>\n<meta name=\"twitter:label1\" content=\"Est. reading time\" \/>\n\t<meta name=\"twitter:data1\" content=\"1 minute\" \/>\n<script type=\"application\/ld+json\" class=\"yoast-schema-graph\">{\"@context\":\"https:\/\/schema.org\",\"@graph\":[{\"@type\":\"WebPage\",\"@id\":\"https:\/\/teslafm.net\/space-oddity-recollection-17\/\",\"url\":\"https:\/\/teslafm.net\/space-oddity-recollection-17\/\",\"name\":\"Space Oddity Recollection #17 -\",\"isPartOf\":{\"@id\":\"https:\/\/teslafm.net\/#website\"},\"primaryImageOfPage\":{\"@id\":\"https:\/\/teslafm.net\/space-oddity-recollection-17\/#primaryimage\"},\"image\":{\"@id\":\"https:\/\/teslafm.net\/space-oddity-recollection-17\/#primaryimage\"},\"thumbnailUrl\":\"https:\/\/teslafm.net\/wp-content\/uploads\/2020\/12\/image_Gino-Favotti_monikapich.jpg\",\"datePublished\":\"2020-12-15T16:13:30+00:00\",\"dateModified\":\"2021-03-13T11:40:01+00:00\",\"breadcrumb\":{\"@id\":\"https:\/\/teslafm.net\/space-oddity-recollection-17\/#breadcrumb\"},\"inLanguage\":\"en-US\",\"potentialAction\":[{\"@type\":\"ReadAction\",\"target\":[\"https:\/\/teslafm.net\/space-oddity-recollection-17\/\"]}]},{\"@type\":\"ImageObject\",\"inLanguage\":\"en-US\",\"@id\":\"https:\/\/teslafm.net\/space-oddity-recollection-17\/#primaryimage\",\"url\":\"https:\/\/teslafm.net\/wp-content\/uploads\/2020\/12\/image_Gino-Favotti_monikapich.jpg\",\"contentUrl\":\"https:\/\/teslafm.net\/wp-content\/uploads\/2020\/12\/image_Gino-Favotti_monikapich.jpg\"},{\"@type\":\"BreadcrumbList\",\"@id\":\"https:\/\/teslafm.net\/space-oddity-recollection-17\/#breadcrumb\",\"itemListElement\":[{\"@type\":\"ListItem\",\"position\":1,\"name\":\"Portada\",\"item\":\"https:\/\/teslafm.net\/\"},{\"@type\":\"ListItem\",\"position\":2,\"name\":\"Space Oddity Recollection #17\"}]},{\"@type\":\"WebSite\",\"@id\":\"https:\/\/teslafm.net\/#website\",\"url\":\"https:\/\/teslafm.net\/\",\"name\":\"TeslaFM\",\"description\":\"An experimental and creative radio\",\"publisher\":{\"@id\":\"https:\/\/teslafm.net\/#organization\"},\"potentialAction\":[{\"@type\":\"SearchAction\",\"target\":{\"@type\":\"EntryPoint\",\"urlTemplate\":\"https:\/\/teslafm.net\/?s={search_term_string}\"},\"query-input\":{\"@type\":\"PropertyValueSpecification\",\"valueRequired\":true,\"valueName\":\"search_term_string\"}}],\"inLanguage\":\"en-US\"},{\"@type\":\"Organization\",\"@id\":\"https:\/\/teslafm.net\/#organization\",\"name\":\"TeslaFM\",\"url\":\"https:\/\/teslafm.net\/\",\"logo\":{\"@type\":\"ImageObject\",\"inLanguage\":\"en-US\",\"@id\":\"https:\/\/teslafm.net\/#\/schema\/logo\/image\/\",\"url\":\"https:\/\/teslafm.net\/wp-content\/uploads\/2020\/06\/logo-tesla.png\",\"contentUrl\":\"https:\/\/teslafm.net\/wp-content\/uploads\/2020\/06\/logo-tesla.png\",\"width\":512,\"height\":512,\"caption\":\"TeslaFM\"},\"image\":{\"@id\":\"https:\/\/teslafm.net\/#\/schema\/logo\/image\/\"},\"sameAs\":[\"https:\/\/www.facebook.com\/teslafm.net\",\"https:\/\/x.com\/teslafm\"]}]}<\/script>\n<!-- \/ Yoast SEO plugin. -->","yoast_head_json":{"title":"Space Oddity Recollection #17 -","robots":{"index":"index","follow":"follow","max-snippet":"max-snippet:-1","max-image-preview":"max-image-preview:large","max-video-preview":"max-video-preview:-1"},"canonical":"https:\/\/teslafm.net\/en\/space-oddity-recollection-17\/","og_locale":"en_US","og_type":"article","og_title":"Space Oddity Recollection #17 -","og_description":"Space Oddity Recollection #17 Diciembre 2020 Gino Favotti El sonido espacial estructurado \/ m\u00fasica electroac\u00fastica multif\u00f3nica del compositor franc\u00e9s Gino Favotti. Bajista, violinista, miembro desde finales del 78 al 2000 de algunos grupos de punk-rock o experimentales. Tambi\u00e9n es profesor de composici\u00f3n electroac\u00fastica en el Conservatoire du 20\u00e8me (Georges Bizet), en Par\u00eds. Las composiciones utilizadas [&hellip;]","og_url":"https:\/\/teslafm.net\/en\/space-oddity-recollection-17\/","article_publisher":"https:\/\/www.facebook.com\/teslafm.net","article_modified_time":"2021-03-13T11:40:01+00:00","og_image":[{"url":"https:\/\/teslafm.net\/wp-content\/uploads\/2020\/12\/image_Gino-Favotti_monikapich.jpg","type":"","width":"","height":""}],"twitter_card":"summary_large_image","twitter_site":"@teslafm","twitter_misc":{"Est. reading time":"1 minute"},"schema":{"@context":"https:\/\/schema.org","@graph":[{"@type":"WebPage","@id":"https:\/\/teslafm.net\/space-oddity-recollection-17\/","url":"https:\/\/teslafm.net\/space-oddity-recollection-17\/","name":"Space Oddity Recollection #17 -","isPartOf":{"@id":"https:\/\/teslafm.net\/#website"},"primaryImageOfPage":{"@id":"https:\/\/teslafm.net\/space-oddity-recollection-17\/#primaryimage"},"image":{"@id":"https:\/\/teslafm.net\/space-oddity-recollection-17\/#primaryimage"},"thumbnailUrl":"https:\/\/teslafm.net\/wp-content\/uploads\/2020\/12\/image_Gino-Favotti_monikapich.jpg","datePublished":"2020-12-15T16:13:30+00:00","dateModified":"2021-03-13T11:40:01+00:00","breadcrumb":{"@id":"https:\/\/teslafm.net\/space-oddity-recollection-17\/#breadcrumb"},"inLanguage":"en-US","potentialAction":[{"@type":"ReadAction","target":["https:\/\/teslafm.net\/space-oddity-recollection-17\/"]}]},{"@type":"ImageObject","inLanguage":"en-US","@id":"https:\/\/teslafm.net\/space-oddity-recollection-17\/#primaryimage","url":"https:\/\/teslafm.net\/wp-content\/uploads\/2020\/12\/image_Gino-Favotti_monikapich.jpg","contentUrl":"https:\/\/teslafm.net\/wp-content\/uploads\/2020\/12\/image_Gino-Favotti_monikapich.jpg"},{"@type":"BreadcrumbList","@id":"https:\/\/teslafm.net\/space-oddity-recollection-17\/#breadcrumb","itemListElement":[{"@type":"ListItem","position":1,"name":"Portada","item":"https:\/\/teslafm.net\/"},{"@type":"ListItem","position":2,"name":"Space Oddity Recollection #17"}]},{"@type":"WebSite","@id":"https:\/\/teslafm.net\/#website","url":"https:\/\/teslafm.net\/","name":"TeslaFM","description":"An experimental and creative radio","publisher":{"@id":"https:\/\/teslafm.net\/#organization"},"potentialAction":[{"@type":"SearchAction","target":{"@type":"EntryPoint","urlTemplate":"https:\/\/teslafm.net\/?s={search_term_string}"},"query-input":{"@type":"PropertyValueSpecification","valueRequired":true,"valueName":"search_term_string"}}],"inLanguage":"en-US"},{"@type":"Organization","@id":"https:\/\/teslafm.net\/#organization","name":"TeslaFM","url":"https:\/\/teslafm.net\/","logo":{"@type":"ImageObject","inLanguage":"en-US","@id":"https:\/\/teslafm.net\/#\/schema\/logo\/image\/","url":"https:\/\/teslafm.net\/wp-content\/uploads\/2020\/06\/logo-tesla.png","contentUrl":"https:\/\/teslafm.net\/wp-content\/uploads\/2020\/06\/logo-tesla.png","width":512,"height":512,"caption":"TeslaFM"},"image":{"@id":"https:\/\/teslafm.net\/#\/schema\/logo\/image\/"},"sameAs":["https:\/\/www.facebook.com\/teslafm.net","https:\/\/x.com\/teslafm"]}]}},"rttpg_featured_image_url":null,"rttpg_author":{"display_name":"Ishak","author_link":"https:\/\/teslafm.net\/en\/author\/cravan\/"},"rttpg_comment":0,"rttpg_category":null,"rttpg_excerpt":"Space Oddity Recollection #17 Diciembre 2020 Gino Favotti El sonido espacial estructurado \/ m\u00fasica electroac\u00fastica multif\u00f3nica del compositor franc\u00e9s Gino Favotti. Bajista, violinista, miembro desde finales del 78 al 2000 de algunos grupos de punk-rock o experimentales. Tambi\u00e9n es profesor de composici\u00f3n electroac\u00fastica en el Conservatoire du 20\u00e8me (Georges Bizet), en Par\u00eds. Las composiciones utilizadas&hellip;","_links":{"self":[{"href":"https:\/\/teslafm.net\/en\/wp-json\/wp\/v2\/pages\/55951","targetHints":{"allow":["GET"]}}],"collection":[{"href":"https:\/\/teslafm.net\/en\/wp-json\/wp\/v2\/pages"}],"about":[{"href":"https:\/\/teslafm.net\/en\/wp-json\/wp\/v2\/types\/page"}],"author":[{"embeddable":true,"href":"https:\/\/teslafm.net\/en\/wp-json\/wp\/v2\/users\/19"}],"replies":[{"embeddable":true,"href":"https:\/\/teslafm.net\/en\/wp-json\/wp\/v2\/comments?post=55951"}],"version-history":[{"count":5,"href":"https:\/\/teslafm.net\/en\/wp-json\/wp\/v2\/pages\/55951\/revisions"}],"predecessor-version":[{"id":57541,"href":"https:\/\/teslafm.net\/en\/wp-json\/wp\/v2\/pages\/55951\/revisions\/57541"}],"wp:attachment":[{"href":"https:\/\/teslafm.net\/en\/wp-json\/wp\/v2\/media?parent=55951"}],"curies":[{"name":"wp","href":"https:\/\/api.w.org\/{rel}","templated":true}]}}