

{"id":56020,"date":"2021-01-05T15:44:17","date_gmt":"2021-01-05T14:44:17","guid":{"rendered":"https:\/\/teslafm.net\/?page_id=56020"},"modified":"2021-02-05T17:29:49","modified_gmt":"2021-02-05T16:29:49","slug":"maracalab-1","status":"publish","type":"page","link":"https:\/\/teslafm.net\/en\/maracalab-1\/","title":{"rendered":"MaracaLab #1"},"content":{"rendered":"<h2><span style=\"color: #ffffff;\"><strong>MaracaLab #1<\/strong><\/span><\/h2>\n<p><span style=\"color: #808080;\"><em>January 2021<\/em><\/span><\/p>\n<p><iframe src=\"https:\/\/www.mixcloud.com\/widget\/iframe\/?hide_cover=1&amp;feed=%2FTeslafm_net%2Fmaraca-lab-1-frud%C3%A1-merino-pou%2F\" width=\"100%\" height=\"120\" frameborder=\"0\"><\/iframe><\/p>\n<p><span style=\"color: #808080;\">The Exploding Fest <\/span><\/p>\n<p><span style=\"color: #808080;\">A collective of improvisers: musicians, performers, dancers and choreographers have been coming together for 6 years to explode in a unique event in Barcelona with a very low budget but very high emotions, under the name of <strong>The Exploding Fest<\/strong>in homage to the improvised artistic explosions of The Exploding Plastic Inevitable, organized by Andy Warhol. The festival had been held at Hangar's Ricson and last year on floor 0 of Fabra i Coats, F\u00e0brica de Creaci\u00f3. On October 3, they took to the street, a public square historically marked by claims against real estate speculation. Hand in hand with the <strong>Vallcarca Assembly<\/strong>The event was marked by the relocation of free spaces of expression and by the exceptional health situation.<\/span><\/p>\n<p><span style=\"color: #808080;\">In this first episode of MaracaLab we can hear the voices, music and heels of: Adri\u00e1n Vega, Adriano Galante, Anna Hierro, Anna Pantinat, Blanca Tols\u00e1, Edi Pou, Enric Casasses, Fruta (Luis Garc\u00eda), Gloria Ros, Jaime L. Pantale\u00f3n, Juan Luis Batalla, Kike Bela, Laia Duran, Llapispanc, Marina Herlop, Mark Cunningham, Nando Cruz, Nico Roig, Nora Haddad, N\u00faria Mart\u00ednez-Vernis, Oriol Roca, Paloma Mu\u00f1oz, Pere Pretel, Roger Pel\u00e1ez, Tarta Relena, Tanit Cobas, Violeta Barrio and Yolanda Jim\u00e9nez.\u00a0<\/span><\/p>","protected":false},"excerpt":{"rendered":"<p>MaracaLab #1 Enero 2021 The Exploding Fest Un colectivo de improvisadoras e improvisadores: m\u00fasicos, performers, bailarines y core\u00f3grafas llevan 6 a\u00f1os junt\u00e1ndose para explotar en un evento \u00fanico en Barcelona de baj\u00edsimo presupuesto pero alt\u00edsimas emociones, bajo el nombre de The Exploding Fest, en homenaje a las explosiones art\u00edsticas improvisadas de The Exploding Plastic Inevitable, [&hellip;]<\/p>\n","protected":false},"author":19,"featured_media":0,"parent":0,"menu_order":0,"comment_status":"closed","ping_status":"closed","template":"","meta":{"footnotes":""},"class_list":["post-56020","page","type-page","status-publish","hentry"],"yoast_head":"<!-- This site is optimized with the Yoast SEO plugin v27.2 - https:\/\/yoast.com\/product\/yoast-seo-wordpress\/ -->\n<title>MaracaLab #1 -<\/title>\n<meta name=\"robots\" content=\"index, follow, max-snippet:-1, max-image-preview:large, max-video-preview:-1\" \/>\n<link rel=\"canonical\" href=\"https:\/\/teslafm.net\/en\/maracalab-1\/\" \/>\n<meta property=\"og:locale\" content=\"en_US\" \/>\n<meta property=\"og:type\" content=\"article\" \/>\n<meta property=\"og:title\" content=\"MaracaLab #1 -\" \/>\n<meta property=\"og:description\" content=\"MaracaLab #1 Enero 2021 The Exploding Fest Un colectivo de improvisadoras e improvisadores: m\u00fasicos, performers, bailarines y core\u00f3grafas llevan 6 a\u00f1os junt\u00e1ndose para explotar en un evento \u00fanico en Barcelona de baj\u00edsimo presupuesto pero alt\u00edsimas emociones, bajo el nombre de The Exploding Fest, en homenaje a las explosiones art\u00edsticas improvisadas de The Exploding Plastic Inevitable, [&hellip;]\" \/>\n<meta property=\"og:url\" content=\"https:\/\/teslafm.net\/en\/maracalab-1\/\" \/>\n<meta property=\"article:publisher\" content=\"https:\/\/www.facebook.com\/teslafm.net\" \/>\n<meta property=\"article:modified_time\" content=\"2021-02-05T16:29:49+00:00\" \/>\n<meta property=\"og:image\" content=\"https:\/\/teslafm.net\/wp-content\/uploads\/2022\/09\/header-image-4-temp.png\" \/>\n\t<meta property=\"og:image:width\" content=\"1274\" \/>\n\t<meta property=\"og:image:height\" content=\"818\" \/>\n\t<meta property=\"og:image:type\" content=\"image\/png\" \/>\n<meta name=\"twitter:card\" content=\"summary_large_image\" \/>\n<meta name=\"twitter:site\" content=\"@teslafm\" \/>\n<meta name=\"twitter:label1\" content=\"Est. reading time\" \/>\n\t<meta name=\"twitter:data1\" content=\"1 minute\" \/>\n<script type=\"application\/ld+json\" class=\"yoast-schema-graph\">{\"@context\":\"https:\/\/schema.org\",\"@graph\":[{\"@type\":\"WebPage\",\"@id\":\"https:\/\/teslafm.net\/maracalab-1\/\",\"url\":\"https:\/\/teslafm.net\/maracalab-1\/\",\"name\":\"MaracaLab #1 -\",\"isPartOf\":{\"@id\":\"https:\/\/teslafm.net\/#website\"},\"datePublished\":\"2021-01-05T14:44:17+00:00\",\"dateModified\":\"2021-02-05T16:29:49+00:00\",\"breadcrumb\":{\"@id\":\"https:\/\/teslafm.net\/maracalab-1\/#breadcrumb\"},\"inLanguage\":\"en-US\",\"potentialAction\":[{\"@type\":\"ReadAction\",\"target\":[\"https:\/\/teslafm.net\/maracalab-1\/\"]}]},{\"@type\":\"BreadcrumbList\",\"@id\":\"https:\/\/teslafm.net\/maracalab-1\/#breadcrumb\",\"itemListElement\":[{\"@type\":\"ListItem\",\"position\":1,\"name\":\"Portada\",\"item\":\"https:\/\/teslafm.net\/\"},{\"@type\":\"ListItem\",\"position\":2,\"name\":\"MaracaLab #1\"}]},{\"@type\":\"WebSite\",\"@id\":\"https:\/\/teslafm.net\/#website\",\"url\":\"https:\/\/teslafm.net\/\",\"name\":\"TeslaFM\",\"description\":\"An experimental and creative radio\",\"publisher\":{\"@id\":\"https:\/\/teslafm.net\/#organization\"},\"potentialAction\":[{\"@type\":\"SearchAction\",\"target\":{\"@type\":\"EntryPoint\",\"urlTemplate\":\"https:\/\/teslafm.net\/?s={search_term_string}\"},\"query-input\":{\"@type\":\"PropertyValueSpecification\",\"valueRequired\":true,\"valueName\":\"search_term_string\"}}],\"inLanguage\":\"en-US\"},{\"@type\":\"Organization\",\"@id\":\"https:\/\/teslafm.net\/#organization\",\"name\":\"TeslaFM\",\"url\":\"https:\/\/teslafm.net\/\",\"logo\":{\"@type\":\"ImageObject\",\"inLanguage\":\"en-US\",\"@id\":\"https:\/\/teslafm.net\/#\/schema\/logo\/image\/\",\"url\":\"https:\/\/teslafm.net\/wp-content\/uploads\/2020\/06\/logo-tesla.png\",\"contentUrl\":\"https:\/\/teslafm.net\/wp-content\/uploads\/2020\/06\/logo-tesla.png\",\"width\":512,\"height\":512,\"caption\":\"TeslaFM\"},\"image\":{\"@id\":\"https:\/\/teslafm.net\/#\/schema\/logo\/image\/\"},\"sameAs\":[\"https:\/\/www.facebook.com\/teslafm.net\",\"https:\/\/x.com\/teslafm\"]}]}<\/script>\n<!-- \/ Yoast SEO plugin. -->","yoast_head_json":{"title":"MaracaLab #1 -","robots":{"index":"index","follow":"follow","max-snippet":"max-snippet:-1","max-image-preview":"max-image-preview:large","max-video-preview":"max-video-preview:-1"},"canonical":"https:\/\/teslafm.net\/en\/maracalab-1\/","og_locale":"en_US","og_type":"article","og_title":"MaracaLab #1 -","og_description":"MaracaLab #1 Enero 2021 The Exploding Fest Un colectivo de improvisadoras e improvisadores: m\u00fasicos, performers, bailarines y core\u00f3grafas llevan 6 a\u00f1os junt\u00e1ndose para explotar en un evento \u00fanico en Barcelona de baj\u00edsimo presupuesto pero alt\u00edsimas emociones, bajo el nombre de The Exploding Fest, en homenaje a las explosiones art\u00edsticas improvisadas de The Exploding Plastic Inevitable, [&hellip;]","og_url":"https:\/\/teslafm.net\/en\/maracalab-1\/","article_publisher":"https:\/\/www.facebook.com\/teslafm.net","article_modified_time":"2021-02-05T16:29:49+00:00","og_image":[{"width":1274,"height":818,"url":"https:\/\/teslafm.net\/wp-content\/uploads\/2022\/09\/header-image-4-temp.png","type":"image\/png"}],"twitter_card":"summary_large_image","twitter_site":"@teslafm","twitter_misc":{"Est. reading time":"1 minute"},"schema":{"@context":"https:\/\/schema.org","@graph":[{"@type":"WebPage","@id":"https:\/\/teslafm.net\/maracalab-1\/","url":"https:\/\/teslafm.net\/maracalab-1\/","name":"MaracaLab #1 -","isPartOf":{"@id":"https:\/\/teslafm.net\/#website"},"datePublished":"2021-01-05T14:44:17+00:00","dateModified":"2021-02-05T16:29:49+00:00","breadcrumb":{"@id":"https:\/\/teslafm.net\/maracalab-1\/#breadcrumb"},"inLanguage":"en-US","potentialAction":[{"@type":"ReadAction","target":["https:\/\/teslafm.net\/maracalab-1\/"]}]},{"@type":"BreadcrumbList","@id":"https:\/\/teslafm.net\/maracalab-1\/#breadcrumb","itemListElement":[{"@type":"ListItem","position":1,"name":"Portada","item":"https:\/\/teslafm.net\/"},{"@type":"ListItem","position":2,"name":"MaracaLab #1"}]},{"@type":"WebSite","@id":"https:\/\/teslafm.net\/#website","url":"https:\/\/teslafm.net\/","name":"TeslaFM","description":"An experimental and creative radio","publisher":{"@id":"https:\/\/teslafm.net\/#organization"},"potentialAction":[{"@type":"SearchAction","target":{"@type":"EntryPoint","urlTemplate":"https:\/\/teslafm.net\/?s={search_term_string}"},"query-input":{"@type":"PropertyValueSpecification","valueRequired":true,"valueName":"search_term_string"}}],"inLanguage":"en-US"},{"@type":"Organization","@id":"https:\/\/teslafm.net\/#organization","name":"TeslaFM","url":"https:\/\/teslafm.net\/","logo":{"@type":"ImageObject","inLanguage":"en-US","@id":"https:\/\/teslafm.net\/#\/schema\/logo\/image\/","url":"https:\/\/teslafm.net\/wp-content\/uploads\/2020\/06\/logo-tesla.png","contentUrl":"https:\/\/teslafm.net\/wp-content\/uploads\/2020\/06\/logo-tesla.png","width":512,"height":512,"caption":"TeslaFM"},"image":{"@id":"https:\/\/teslafm.net\/#\/schema\/logo\/image\/"},"sameAs":["https:\/\/www.facebook.com\/teslafm.net","https:\/\/x.com\/teslafm"]}]}},"rttpg_featured_image_url":null,"rttpg_author":{"display_name":"Ishak","author_link":"https:\/\/teslafm.net\/en\/author\/cravan\/"},"rttpg_comment":0,"rttpg_category":null,"rttpg_excerpt":"MaracaLab #1 Enero 2021 The Exploding Fest Un colectivo de improvisadoras e improvisadores: m\u00fasicos, performers, bailarines y core\u00f3grafas llevan 6 a\u00f1os junt\u00e1ndose para explotar en un evento \u00fanico en Barcelona de baj\u00edsimo presupuesto pero alt\u00edsimas emociones, bajo el nombre de The Exploding Fest, en homenaje a las explosiones art\u00edsticas improvisadas de The Exploding Plastic Inevitable,&hellip;","_links":{"self":[{"href":"https:\/\/teslafm.net\/en\/wp-json\/wp\/v2\/pages\/56020","targetHints":{"allow":["GET"]}}],"collection":[{"href":"https:\/\/teslafm.net\/en\/wp-json\/wp\/v2\/pages"}],"about":[{"href":"https:\/\/teslafm.net\/en\/wp-json\/wp\/v2\/types\/page"}],"author":[{"embeddable":true,"href":"https:\/\/teslafm.net\/en\/wp-json\/wp\/v2\/users\/19"}],"replies":[{"embeddable":true,"href":"https:\/\/teslafm.net\/en\/wp-json\/wp\/v2\/comments?post=56020"}],"version-history":[{"count":4,"href":"https:\/\/teslafm.net\/en\/wp-json\/wp\/v2\/pages\/56020\/revisions"}],"predecessor-version":[{"id":56848,"href":"https:\/\/teslafm.net\/en\/wp-json\/wp\/v2\/pages\/56020\/revisions\/56848"}],"wp:attachment":[{"href":"https:\/\/teslafm.net\/en\/wp-json\/wp\/v2\/media?parent=56020"}],"curies":[{"name":"wp","href":"https:\/\/api.w.org\/{rel}","templated":true}]}}