

{"id":56024,"date":"2021-01-06T18:41:22","date_gmt":"2021-01-06T17:41:22","guid":{"rendered":"https:\/\/teslafm.net\/?page_id=56024"},"modified":"2021-01-06T18:46:14","modified_gmt":"2021-01-06T17:46:14","slug":"ibidem-8","status":"publish","type":"page","link":"https:\/\/teslafm.net\/en\/ibidem-8\/","title":{"rendered":"Ibidem #8"},"content":{"rendered":"<h2><span style=\"color: #ffffff;\"><strong>Ibidem #8<\/strong><\/span><\/h2>\n<p><span style=\"color: #808080;\"><em>January 2021<\/em><\/span><\/p>\n<p><iframe src=\"https:\/\/www.mixcloud.com\/widget\/iframe\/?hide_cover=1&amp;feed=%2FTeslafm_net%2Fibidem-8-ivano-pecorini%2F\" width=\"100%\" height=\"120\" frameborder=\"0\"><\/iframe><\/p>\n<p><img fetchpriority=\"high\" decoding=\"async\" class=\"alignnone size-large wp-image-56025\" src=\"https:\/\/teslafm.net\/wp-content\/uploads\/2021\/01\/IBIDEM8-1024x1024.png\" alt=\"\" width=\"1024\" height=\"1024\" srcset=\"https:\/\/teslafm.net\/wp-content\/uploads\/2021\/01\/IBIDEM8-1024x1024.png 1024w, https:\/\/teslafm.net\/wp-content\/uploads\/2021\/01\/IBIDEM8-300x300.png 300w, https:\/\/teslafm.net\/wp-content\/uploads\/2021\/01\/IBIDEM8-150x150.png 150w, https:\/\/teslafm.net\/wp-content\/uploads\/2021\/01\/IBIDEM8-768x768.png 768w, https:\/\/teslafm.net\/wp-content\/uploads\/2021\/01\/IBIDEM8.png 1415w\" sizes=\"(max-width: 1024px) 100vw, 1024px\" \/><\/p>\n<p><span style=\"color: #808080;\">Ivano Pecorini is a composer and sound artist based in London. His works move through experimental approaches and aesthetic investigations, focusing on the manipulation and mixing between concrete materials, synthesis and acoustic instruments. His work maintains both a sharp creative focus and an open-eyed spirit of exploration, creating unexpected electronic soundscapes. He investigates the relationship between timbre and harmony through electroacoustic compositions, A\/V music and sound art.<\/span><\/p>\n<p>&nbsp;<\/p>\n<p><span style=\"color: #808080;\">Tracks list:<\/span><\/p>\n<p><span style=\"color: #808080;\">01. Ivano Pecorini - Antiphona<\/span><br \/>\n<span style=\"color: #808080;\">02. Af Ursin - Aphanes<\/span><br \/>\n<span style=\"color: #808080;\">03. Ab Uno - Ani malia<\/span><br \/>\n<span style=\"color: #808080;\">04. Lichens - M St r ng W tchcr ft L v ng n Sp r t<\/span><br \/>\n<span style=\"color: #808080;\">05. Sam Slater - Blade For A Double Edged Sword<\/span><br \/>\n<span style=\"color: #808080;\">06. Carlo Giustini - Maria del Rovere<\/span><br \/>\n<span style=\"color: #808080;\">07. Michele Andreotti - Momentary Shudder in a Vacant Room<\/span><br \/>\n<span style=\"color: #808080;\">08. Klara Lewis - Want<\/span><br \/>\n<span style=\"color: #808080;\">09. Loris S. Sarid - Adaptor<\/span><br \/>\n<span style=\"color: #808080;\">10. Deaf - Center entity voice<\/span><br \/>\n<span style=\"color: #808080;\">11. Sarah Davachi - Evensong<\/span><br \/>\n<span style=\"color: #808080;\">12. Roberto Musci - Voices Of The Ancient<\/span><br \/>\n<span style=\"color: #808080;\">13. Ivano Pecorini - Ice cream truck<\/span><\/p>","protected":false},"excerpt":{"rendered":"<p>Ibidem #8 Enero 2021 Ivano Pecorini es un compositor y artista sonoro afincado en Londres. Sus obras se mueven a trav\u00e9s de enfoques experimentales e investigaciones est\u00e9ticas, centradas en la manipulaci\u00f3n y mezcla entre materiales concretos, s\u00edntesis e instrumentos ac\u00fasticos. Su trabajo mantiene tanto un enfoque creativo n\u00edtido como un esp\u00edritu de exploraci\u00f3n con los [&hellip;]<\/p>\n","protected":false},"author":19,"featured_media":0,"parent":0,"menu_order":0,"comment_status":"closed","ping_status":"closed","template":"","meta":{"footnotes":""},"class_list":["post-56024","page","type-page","status-publish","hentry"],"yoast_head":"<!-- This site is optimized with the Yoast SEO plugin v27.4 - https:\/\/yoast.com\/product\/yoast-seo-wordpress\/ -->\n<title>Ibidem #8 -<\/title>\n<meta name=\"robots\" content=\"index, follow, max-snippet:-1, max-image-preview:large, max-video-preview:-1\" \/>\n<link rel=\"canonical\" href=\"https:\/\/teslafm.net\/en\/ibidem-8\/\" \/>\n<meta property=\"og:locale\" content=\"en_US\" \/>\n<meta property=\"og:type\" content=\"article\" \/>\n<meta property=\"og:title\" content=\"Ibidem #8 -\" \/>\n<meta property=\"og:description\" content=\"Ibidem #8 Enero 2021 Ivano Pecorini es un compositor y artista sonoro afincado en Londres. Sus obras se mueven a trav\u00e9s de enfoques experimentales e investigaciones est\u00e9ticas, centradas en la manipulaci\u00f3n y mezcla entre materiales concretos, s\u00edntesis e instrumentos ac\u00fasticos. Su trabajo mantiene tanto un enfoque creativo n\u00edtido como un esp\u00edritu de exploraci\u00f3n con los [&hellip;]\" \/>\n<meta property=\"og:url\" content=\"https:\/\/teslafm.net\/en\/ibidem-8\/\" \/>\n<meta property=\"article:publisher\" content=\"https:\/\/www.facebook.com\/teslafm.net\" \/>\n<meta property=\"article:modified_time\" content=\"2021-01-06T17:46:14+00:00\" \/>\n<meta property=\"og:image\" content=\"https:\/\/teslafm.net\/wp-content\/uploads\/2021\/01\/IBIDEM8-1024x1024.png\" \/>\n<meta name=\"twitter:card\" content=\"summary_large_image\" \/>\n<meta name=\"twitter:site\" content=\"@teslafm\" \/>\n<meta name=\"twitter:label1\" content=\"Est. reading time\" \/>\n\t<meta name=\"twitter:data1\" content=\"1 minute\" \/>\n<script type=\"application\/ld+json\" class=\"yoast-schema-graph\">{\"@context\":\"https:\\\/\\\/schema.org\",\"@graph\":[{\"@type\":\"WebPage\",\"@id\":\"https:\\\/\\\/teslafm.net\\\/ibidem-8\\\/\",\"url\":\"https:\\\/\\\/teslafm.net\\\/ibidem-8\\\/\",\"name\":\"Ibidem #8 -\",\"isPartOf\":{\"@id\":\"https:\\\/\\\/teslafm.net\\\/#website\"},\"primaryImageOfPage\":{\"@id\":\"https:\\\/\\\/teslafm.net\\\/ibidem-8\\\/#primaryimage\"},\"image\":{\"@id\":\"https:\\\/\\\/teslafm.net\\\/ibidem-8\\\/#primaryimage\"},\"thumbnailUrl\":\"https:\\\/\\\/teslafm.net\\\/wp-content\\\/uploads\\\/2021\\\/01\\\/IBIDEM8-1024x1024.png\",\"datePublished\":\"2021-01-06T17:41:22+00:00\",\"dateModified\":\"2021-01-06T17:46:14+00:00\",\"breadcrumb\":{\"@id\":\"https:\\\/\\\/teslafm.net\\\/ibidem-8\\\/#breadcrumb\"},\"inLanguage\":\"en-US\",\"potentialAction\":[{\"@type\":\"ReadAction\",\"target\":[\"https:\\\/\\\/teslafm.net\\\/ibidem-8\\\/\"]}]},{\"@type\":\"ImageObject\",\"inLanguage\":\"en-US\",\"@id\":\"https:\\\/\\\/teslafm.net\\\/ibidem-8\\\/#primaryimage\",\"url\":\"https:\\\/\\\/teslafm.net\\\/wp-content\\\/uploads\\\/2021\\\/01\\\/IBIDEM8-1024x1024.png\",\"contentUrl\":\"https:\\\/\\\/teslafm.net\\\/wp-content\\\/uploads\\\/2021\\\/01\\\/IBIDEM8-1024x1024.png\"},{\"@type\":\"BreadcrumbList\",\"@id\":\"https:\\\/\\\/teslafm.net\\\/ibidem-8\\\/#breadcrumb\",\"itemListElement\":[{\"@type\":\"ListItem\",\"position\":1,\"name\":\"Portada\",\"item\":\"https:\\\/\\\/teslafm.net\\\/\"},{\"@type\":\"ListItem\",\"position\":2,\"name\":\"Ibidem #8\"}]},{\"@type\":\"WebSite\",\"@id\":\"https:\\\/\\\/teslafm.net\\\/#website\",\"url\":\"https:\\\/\\\/teslafm.net\\\/\",\"name\":\"TeslaFM\",\"description\":\"An experimental and creative radio\",\"publisher\":{\"@id\":\"https:\\\/\\\/teslafm.net\\\/#organization\"},\"potentialAction\":[{\"@type\":\"SearchAction\",\"target\":{\"@type\":\"EntryPoint\",\"urlTemplate\":\"https:\\\/\\\/teslafm.net\\\/?s={search_term_string}\"},\"query-input\":{\"@type\":\"PropertyValueSpecification\",\"valueRequired\":true,\"valueName\":\"search_term_string\"}}],\"inLanguage\":\"en-US\"},{\"@type\":\"Organization\",\"@id\":\"https:\\\/\\\/teslafm.net\\\/#organization\",\"name\":\"TeslaFM\",\"url\":\"https:\\\/\\\/teslafm.net\\\/\",\"logo\":{\"@type\":\"ImageObject\",\"inLanguage\":\"en-US\",\"@id\":\"https:\\\/\\\/teslafm.net\\\/#\\\/schema\\\/logo\\\/image\\\/\",\"url\":\"https:\\\/\\\/teslafm.net\\\/wp-content\\\/uploads\\\/2020\\\/06\\\/logo-tesla.png\",\"contentUrl\":\"https:\\\/\\\/teslafm.net\\\/wp-content\\\/uploads\\\/2020\\\/06\\\/logo-tesla.png\",\"width\":512,\"height\":512,\"caption\":\"TeslaFM\"},\"image\":{\"@id\":\"https:\\\/\\\/teslafm.net\\\/#\\\/schema\\\/logo\\\/image\\\/\"},\"sameAs\":[\"https:\\\/\\\/www.facebook.com\\\/teslafm.net\",\"https:\\\/\\\/x.com\\\/teslafm\"]}]}<\/script>\n<!-- \/ Yoast SEO plugin. -->","yoast_head_json":{"title":"Ibidem #8 -","robots":{"index":"index","follow":"follow","max-snippet":"max-snippet:-1","max-image-preview":"max-image-preview:large","max-video-preview":"max-video-preview:-1"},"canonical":"https:\/\/teslafm.net\/en\/ibidem-8\/","og_locale":"en_US","og_type":"article","og_title":"Ibidem #8 -","og_description":"Ibidem #8 Enero 2021 Ivano Pecorini es un compositor y artista sonoro afincado en Londres. Sus obras se mueven a trav\u00e9s de enfoques experimentales e investigaciones est\u00e9ticas, centradas en la manipulaci\u00f3n y mezcla entre materiales concretos, s\u00edntesis e instrumentos ac\u00fasticos. Su trabajo mantiene tanto un enfoque creativo n\u00edtido como un esp\u00edritu de exploraci\u00f3n con los [&hellip;]","og_url":"https:\/\/teslafm.net\/en\/ibidem-8\/","article_publisher":"https:\/\/www.facebook.com\/teslafm.net","article_modified_time":"2021-01-06T17:46:14+00:00","og_image":[{"url":"https:\/\/teslafm.net\/wp-content\/uploads\/2021\/01\/IBIDEM8-1024x1024.png","type":"","width":"","height":""}],"twitter_card":"summary_large_image","twitter_site":"@teslafm","twitter_misc":{"Est. reading time":"1 minute"},"schema":{"@context":"https:\/\/schema.org","@graph":[{"@type":"WebPage","@id":"https:\/\/teslafm.net\/ibidem-8\/","url":"https:\/\/teslafm.net\/ibidem-8\/","name":"Ibidem #8 -","isPartOf":{"@id":"https:\/\/teslafm.net\/#website"},"primaryImageOfPage":{"@id":"https:\/\/teslafm.net\/ibidem-8\/#primaryimage"},"image":{"@id":"https:\/\/teslafm.net\/ibidem-8\/#primaryimage"},"thumbnailUrl":"https:\/\/teslafm.net\/wp-content\/uploads\/2021\/01\/IBIDEM8-1024x1024.png","datePublished":"2021-01-06T17:41:22+00:00","dateModified":"2021-01-06T17:46:14+00:00","breadcrumb":{"@id":"https:\/\/teslafm.net\/ibidem-8\/#breadcrumb"},"inLanguage":"en-US","potentialAction":[{"@type":"ReadAction","target":["https:\/\/teslafm.net\/ibidem-8\/"]}]},{"@type":"ImageObject","inLanguage":"en-US","@id":"https:\/\/teslafm.net\/ibidem-8\/#primaryimage","url":"https:\/\/teslafm.net\/wp-content\/uploads\/2021\/01\/IBIDEM8-1024x1024.png","contentUrl":"https:\/\/teslafm.net\/wp-content\/uploads\/2021\/01\/IBIDEM8-1024x1024.png"},{"@type":"BreadcrumbList","@id":"https:\/\/teslafm.net\/ibidem-8\/#breadcrumb","itemListElement":[{"@type":"ListItem","position":1,"name":"Portada","item":"https:\/\/teslafm.net\/"},{"@type":"ListItem","position":2,"name":"Ibidem #8"}]},{"@type":"WebSite","@id":"https:\/\/teslafm.net\/#website","url":"https:\/\/teslafm.net\/","name":"TeslaFM","description":"An experimental and creative radio","publisher":{"@id":"https:\/\/teslafm.net\/#organization"},"potentialAction":[{"@type":"SearchAction","target":{"@type":"EntryPoint","urlTemplate":"https:\/\/teslafm.net\/?s={search_term_string}"},"query-input":{"@type":"PropertyValueSpecification","valueRequired":true,"valueName":"search_term_string"}}],"inLanguage":"en-US"},{"@type":"Organization","@id":"https:\/\/teslafm.net\/#organization","name":"TeslaFM","url":"https:\/\/teslafm.net\/","logo":{"@type":"ImageObject","inLanguage":"en-US","@id":"https:\/\/teslafm.net\/#\/schema\/logo\/image\/","url":"https:\/\/teslafm.net\/wp-content\/uploads\/2020\/06\/logo-tesla.png","contentUrl":"https:\/\/teslafm.net\/wp-content\/uploads\/2020\/06\/logo-tesla.png","width":512,"height":512,"caption":"TeslaFM"},"image":{"@id":"https:\/\/teslafm.net\/#\/schema\/logo\/image\/"},"sameAs":["https:\/\/www.facebook.com\/teslafm.net","https:\/\/x.com\/teslafm"]}]}},"rttpg_featured_image_url":null,"rttpg_author":{"display_name":"Ishak","author_link":"https:\/\/teslafm.net\/en\/author\/cravan\/"},"rttpg_comment":0,"rttpg_category":null,"rttpg_excerpt":"Ibidem #8 Enero 2021 Ivano Pecorini es un compositor y artista sonoro afincado en Londres. Sus obras se mueven a trav\u00e9s de enfoques experimentales e investigaciones est\u00e9ticas, centradas en la manipulaci\u00f3n y mezcla entre materiales concretos, s\u00edntesis e instrumentos ac\u00fasticos. Su trabajo mantiene tanto un enfoque creativo n\u00edtido como un esp\u00edritu de exploraci\u00f3n con los&hellip;","_links":{"self":[{"href":"https:\/\/teslafm.net\/en\/wp-json\/wp\/v2\/pages\/56024","targetHints":{"allow":["GET"]}}],"collection":[{"href":"https:\/\/teslafm.net\/en\/wp-json\/wp\/v2\/pages"}],"about":[{"href":"https:\/\/teslafm.net\/en\/wp-json\/wp\/v2\/types\/page"}],"author":[{"embeddable":true,"href":"https:\/\/teslafm.net\/en\/wp-json\/wp\/v2\/users\/19"}],"replies":[{"embeddable":true,"href":"https:\/\/teslafm.net\/en\/wp-json\/wp\/v2\/comments?post=56024"}],"version-history":[{"count":4,"href":"https:\/\/teslafm.net\/en\/wp-json\/wp\/v2\/pages\/56024\/revisions"}],"predecessor-version":[{"id":56029,"href":"https:\/\/teslafm.net\/en\/wp-json\/wp\/v2\/pages\/56024\/revisions\/56029"}],"wp:attachment":[{"href":"https:\/\/teslafm.net\/en\/wp-json\/wp\/v2\/media?parent=56024"}],"curies":[{"name":"wp","href":"https:\/\/api.w.org\/{rel}","templated":true}]}}