

{"id":56034,"date":"2021-01-08T19:57:34","date_gmt":"2021-01-08T18:57:34","guid":{"rendered":"https:\/\/teslafm.net\/?page_id=56034"},"modified":"2021-01-27T13:29:00","modified_gmt":"2021-01-27T12:29:00","slug":"cachichi-24","status":"publish","type":"page","link":"https:\/\/teslafm.net\/en\/cachichi-24\/","title":{"rendered":"Cachichi #24"},"content":{"rendered":"<h2><span style=\"color: #ffffff;\"><strong>Cachichi #24<\/strong><\/span><\/h2>\n<p><span style=\"color: #808080;\"><em>January 2021<\/em><\/span><\/p>\n<p><iframe src=\"https:\/\/www.mixcloud.com\/widget\/iframe\/?hide_cover=1&amp;feed=%2FTeslafm_net%2Fcachichi-24-daphne-xx-blazej-k%2F\" width=\"100%\" height=\"120\" frameborder=\"0\"><\/iframe><\/p>\n<p><img fetchpriority=\"high\" decoding=\"async\" class=\"alignnone wp-image-56035 size-large\" src=\"https:\/\/teslafm.net\/wp-content\/uploads\/2021\/01\/Cachichi-24-883x1024.png\" alt=\"\" width=\"883\" height=\"1024\" srcset=\"https:\/\/teslafm.net\/wp-content\/uploads\/2021\/01\/Cachichi-24-883x1024.png 883w, https:\/\/teslafm.net\/wp-content\/uploads\/2021\/01\/Cachichi-24-259x300.png 259w, https:\/\/teslafm.net\/wp-content\/uploads\/2021\/01\/Cachichi-24-768x891.png 768w, https:\/\/teslafm.net\/wp-content\/uploads\/2021\/01\/Cachichi-24-1324x1536.png 1324w, https:\/\/teslafm.net\/wp-content\/uploads\/2021\/01\/Cachichi-24-1766x2048.png 1766w, https:\/\/teslafm.net\/wp-content\/uploads\/2021\/01\/Cachichi-24.png 931w\" sizes=\"(max-width: 883px) 100vw, 883px\" \/><\/p>\n<p><span style=\"color: #808080;\">01. <strong>\u015awi\u0119ta z Krain\u0105<\/strong> - Grzyb\u00f3w<\/span><br \/>\n<span style=\"color: #808080;\">02. <strong>Florian T M Zeisig<\/strong> - Gentle<\/span><br \/>\n<span style=\"color: #808080;\">03. <strong>Shoeg<\/strong> - Liminal State<\/span><br \/>\n<span style=\"color: #808080;\">04. <strong>Stop<\/strong> - Candles In The Wind<\/span><br \/>\n<span style=\"color: #808080;\">05. <strong>Pinkcourtesyphone<\/strong> - another interior<\/span><br \/>\n<span style=\"color: #808080;\">06. <strong>Eugeniusz Rudnik<\/strong> - Gilotyna<\/span><br \/>\n<span style=\"color: #808080;\">07. <strong>Yolabmi<\/strong> - Breathe<\/span><br \/>\n<span style=\"color: #808080;\">08. <strong>Motion Ward<\/strong> - Transier Unt<\/span><br \/>\n<span style=\"color: #808080;\">09. <strong>Lily Greenham<\/strong> - French Persian Cats<\/span><br \/>\n<span style=\"color: #808080;\">10. <strong>Taylor Deupree<\/strong> - December<\/span><br \/>\n<span style=\"color: #808080;\">11. <strong>Sarah Hennies<\/strong> - Speech<\/span><br \/>\n<span style=\"color: #808080;\">12. <strong>Tomoko Sauvage<\/strong> - Flying Vessels<\/span><br \/>\n<span style=\"color: #808080;\">13. <strong>Eli Keszler<\/strong> - Flying Floor For U.S. Airways<\/span><br \/>\n<span style=\"color: #808080;\">14. <strong>Fischerle<\/strong> - Post-functional Dub Objects<\/span><br \/>\n<span style=\"color: #808080;\">15. <strong>Savvas Metaxas<\/strong> - Ischios<\/span><br \/>\n<span style=\"color: #808080;\">16. <strong>Duncan Harrison<\/strong> - Streets<\/span><br \/>\n<span style=\"color: #808080;\">17. <strong>Ludwig Wittbrodt<\/strong> - Pr\u00e9lude, all deserts are filled with water<\/span><br \/>\n<span style=\"color: #808080;\">18. <strong>Jocy de Oliveira<\/strong> - Sea of Salt<\/span><br \/>\n<span style=\"color: #808080;\">19. <strong>Cristi\u00e1n Alvear &amp; d'incise<\/strong> - Bow down thine ear - I bring you glad tidings<\/span><br \/>\n<span style=\"color: #808080;\">20.<strong> Claire Rousay<\/strong> - im not a bad person but...<\/span><br \/>\n<span style=\"color: #808080;\">21. <strong>Lily Greenham<\/strong> - Gesichter Visages<\/span><br \/>\n<span style=\"color: #808080;\">22. <strong>Poradnik U\u015bmiechu 5<\/strong> - Jak poprawnie telefon<\/span><br \/>\n<span style=\"color: #808080;\">23. <strong>Peter Strickmann<\/strong> - W\u00fcrrrmm<\/span><br \/>\n<span style=\"color: #808080;\">24. <strong>Helena Pulkkinen<\/strong> - When they go under - how they navigate<\/span><br \/>\n<span style=\"color: #808080;\">25. <strong>Paszka<\/strong> - ugrz\u0105\u017a\u0107<\/span><br \/>\n<span style=\"color: #808080;\">26. <strong>Alexandra Spence<\/strong> - Bodies in Place<\/span><br \/>\n<span style=\"color: #808080;\">27. <strong>Echium<\/strong> - Yellow-flowered<\/span><br \/>\n<span style=\"color: #808080;\">28. <strong>Asha Sheshadri<\/strong> - Patty Live June<\/span><br \/>\n<span style=\"color: #808080;\">29. <strong>Rebe<\/strong> - I think of you all the time<\/span><br \/>\n<span style=\"color: #808080;\">30. <strong>Joana Moher<\/strong> - ECOCIDE<\/span><br \/>\n<span style=\"color: #808080;\">31. <strong>Inna Krasnoper<\/strong> - \u043e\u0442\u043f\u0443\u0441\u0442\u0438\u0442\u044c \u043e\u0442\u0434\u0430\u0442\u044c \u043f\u043e\u043b\u043e\u0432\u0438\u043d\u0443 \u043b\u0438\u0441\u0442\u043e\u0432<\/span><\/p>","protected":false},"excerpt":{"rendered":"<p>Cachichi #24 Enero 2021 01. \u015awi\u0119ta z Krain\u0105 &#8211; Grzyb\u00f3w 02. Florian T M Zeisig \u2013 Gentle 03. Shoeg &#8211; Liminal State 04. Detente &#8211; Candles In The Wind 05. Pinkcourtesyphone &#8211; another interior 06. Eugeniusz Rudnik \u2013 Gilotyna 07. Yolabmi \u2013 Breathe 08. Motion Ward &#8211; Transier Unt 09. Lily Greenham &#8211; French Persian [&hellip;]<\/p>\n","protected":false},"author":19,"featured_media":0,"parent":0,"menu_order":0,"comment_status":"closed","ping_status":"closed","template":"","meta":{"footnotes":""},"class_list":["post-56034","page","type-page","status-publish","hentry"],"yoast_head":"<!-- This site is optimized with the Yoast SEO plugin v27.2 - https:\/\/yoast.com\/product\/yoast-seo-wordpress\/ -->\n<title>Cachichi #24 -<\/title>\n<meta name=\"robots\" content=\"index, follow, max-snippet:-1, max-image-preview:large, max-video-preview:-1\" \/>\n<link rel=\"canonical\" href=\"https:\/\/teslafm.net\/en\/cachichi-24\/\" \/>\n<meta property=\"og:locale\" content=\"en_US\" \/>\n<meta property=\"og:type\" content=\"article\" \/>\n<meta property=\"og:title\" content=\"Cachichi #24 -\" \/>\n<meta property=\"og:description\" content=\"Cachichi #24 Enero 2021 01. \u015awi\u0119ta z Krain\u0105 &#8211; Grzyb\u00f3w 02. Florian T M Zeisig \u2013 Gentle 03. Shoeg &#8211; Liminal State 04. Detente &#8211; Candles In The Wind 05. Pinkcourtesyphone &#8211; another interior 06. Eugeniusz Rudnik \u2013 Gilotyna 07. Yolabmi \u2013 Breathe 08. Motion Ward &#8211; Transier Unt 09. Lily Greenham &#8211; French Persian [&hellip;]\" \/>\n<meta property=\"og:url\" content=\"https:\/\/teslafm.net\/en\/cachichi-24\/\" \/>\n<meta property=\"article:publisher\" content=\"https:\/\/www.facebook.com\/teslafm.net\" \/>\n<meta property=\"article:modified_time\" content=\"2021-01-27T12:29:00+00:00\" \/>\n<meta property=\"og:image\" content=\"https:\/\/teslafm.net\/wp-content\/uploads\/2021\/01\/Cachichi-24-883x1024.png\" \/>\n<meta name=\"twitter:card\" content=\"summary_large_image\" \/>\n<meta name=\"twitter:site\" content=\"@teslafm\" \/>\n<meta name=\"twitter:label1\" content=\"Est. reading time\" \/>\n\t<meta name=\"twitter:data1\" content=\"2 minutes\" \/>\n<script type=\"application\/ld+json\" class=\"yoast-schema-graph\">{\"@context\":\"https:\/\/schema.org\",\"@graph\":[{\"@type\":\"WebPage\",\"@id\":\"https:\/\/teslafm.net\/cachichi-24\/\",\"url\":\"https:\/\/teslafm.net\/cachichi-24\/\",\"name\":\"Cachichi #24 -\",\"isPartOf\":{\"@id\":\"https:\/\/teslafm.net\/#website\"},\"primaryImageOfPage\":{\"@id\":\"https:\/\/teslafm.net\/cachichi-24\/#primaryimage\"},\"image\":{\"@id\":\"https:\/\/teslafm.net\/cachichi-24\/#primaryimage\"},\"thumbnailUrl\":\"https:\/\/teslafm.net\/wp-content\/uploads\/2021\/01\/Cachichi-24-883x1024.png\",\"datePublished\":\"2021-01-08T18:57:34+00:00\",\"dateModified\":\"2021-01-27T12:29:00+00:00\",\"breadcrumb\":{\"@id\":\"https:\/\/teslafm.net\/cachichi-24\/#breadcrumb\"},\"inLanguage\":\"en-US\",\"potentialAction\":[{\"@type\":\"ReadAction\",\"target\":[\"https:\/\/teslafm.net\/cachichi-24\/\"]}]},{\"@type\":\"ImageObject\",\"inLanguage\":\"en-US\",\"@id\":\"https:\/\/teslafm.net\/cachichi-24\/#primaryimage\",\"url\":\"https:\/\/teslafm.net\/wp-content\/uploads\/2021\/01\/Cachichi-24-883x1024.png\",\"contentUrl\":\"https:\/\/teslafm.net\/wp-content\/uploads\/2021\/01\/Cachichi-24-883x1024.png\"},{\"@type\":\"BreadcrumbList\",\"@id\":\"https:\/\/teslafm.net\/cachichi-24\/#breadcrumb\",\"itemListElement\":[{\"@type\":\"ListItem\",\"position\":1,\"name\":\"Portada\",\"item\":\"https:\/\/teslafm.net\/\"},{\"@type\":\"ListItem\",\"position\":2,\"name\":\"Cachichi #24\"}]},{\"@type\":\"WebSite\",\"@id\":\"https:\/\/teslafm.net\/#website\",\"url\":\"https:\/\/teslafm.net\/\",\"name\":\"TeslaFM\",\"description\":\"An experimental and creative radio\",\"publisher\":{\"@id\":\"https:\/\/teslafm.net\/#organization\"},\"potentialAction\":[{\"@type\":\"SearchAction\",\"target\":{\"@type\":\"EntryPoint\",\"urlTemplate\":\"https:\/\/teslafm.net\/?s={search_term_string}\"},\"query-input\":{\"@type\":\"PropertyValueSpecification\",\"valueRequired\":true,\"valueName\":\"search_term_string\"}}],\"inLanguage\":\"en-US\"},{\"@type\":\"Organization\",\"@id\":\"https:\/\/teslafm.net\/#organization\",\"name\":\"TeslaFM\",\"url\":\"https:\/\/teslafm.net\/\",\"logo\":{\"@type\":\"ImageObject\",\"inLanguage\":\"en-US\",\"@id\":\"https:\/\/teslafm.net\/#\/schema\/logo\/image\/\",\"url\":\"https:\/\/teslafm.net\/wp-content\/uploads\/2020\/06\/logo-tesla.png\",\"contentUrl\":\"https:\/\/teslafm.net\/wp-content\/uploads\/2020\/06\/logo-tesla.png\",\"width\":512,\"height\":512,\"caption\":\"TeslaFM\"},\"image\":{\"@id\":\"https:\/\/teslafm.net\/#\/schema\/logo\/image\/\"},\"sameAs\":[\"https:\/\/www.facebook.com\/teslafm.net\",\"https:\/\/x.com\/teslafm\"]}]}<\/script>\n<!-- \/ Yoast SEO plugin. -->","yoast_head_json":{"title":"Cachichi #24 -","robots":{"index":"index","follow":"follow","max-snippet":"max-snippet:-1","max-image-preview":"max-image-preview:large","max-video-preview":"max-video-preview:-1"},"canonical":"https:\/\/teslafm.net\/en\/cachichi-24\/","og_locale":"en_US","og_type":"article","og_title":"Cachichi #24 -","og_description":"Cachichi #24 Enero 2021 01. \u015awi\u0119ta z Krain\u0105 &#8211; Grzyb\u00f3w 02. Florian T M Zeisig \u2013 Gentle 03. Shoeg &#8211; Liminal State 04. Detente &#8211; Candles In The Wind 05. Pinkcourtesyphone &#8211; another interior 06. Eugeniusz Rudnik \u2013 Gilotyna 07. Yolabmi \u2013 Breathe 08. Motion Ward &#8211; Transier Unt 09. Lily Greenham &#8211; French Persian [&hellip;]","og_url":"https:\/\/teslafm.net\/en\/cachichi-24\/","article_publisher":"https:\/\/www.facebook.com\/teslafm.net","article_modified_time":"2021-01-27T12:29:00+00:00","og_image":[{"url":"https:\/\/teslafm.net\/wp-content\/uploads\/2021\/01\/Cachichi-24-883x1024.png","type":"","width":"","height":""}],"twitter_card":"summary_large_image","twitter_site":"@teslafm","twitter_misc":{"Est. reading time":"2 minutes"},"schema":{"@context":"https:\/\/schema.org","@graph":[{"@type":"WebPage","@id":"https:\/\/teslafm.net\/cachichi-24\/","url":"https:\/\/teslafm.net\/cachichi-24\/","name":"Cachichi #24 -","isPartOf":{"@id":"https:\/\/teslafm.net\/#website"},"primaryImageOfPage":{"@id":"https:\/\/teslafm.net\/cachichi-24\/#primaryimage"},"image":{"@id":"https:\/\/teslafm.net\/cachichi-24\/#primaryimage"},"thumbnailUrl":"https:\/\/teslafm.net\/wp-content\/uploads\/2021\/01\/Cachichi-24-883x1024.png","datePublished":"2021-01-08T18:57:34+00:00","dateModified":"2021-01-27T12:29:00+00:00","breadcrumb":{"@id":"https:\/\/teslafm.net\/cachichi-24\/#breadcrumb"},"inLanguage":"en-US","potentialAction":[{"@type":"ReadAction","target":["https:\/\/teslafm.net\/cachichi-24\/"]}]},{"@type":"ImageObject","inLanguage":"en-US","@id":"https:\/\/teslafm.net\/cachichi-24\/#primaryimage","url":"https:\/\/teslafm.net\/wp-content\/uploads\/2021\/01\/Cachichi-24-883x1024.png","contentUrl":"https:\/\/teslafm.net\/wp-content\/uploads\/2021\/01\/Cachichi-24-883x1024.png"},{"@type":"BreadcrumbList","@id":"https:\/\/teslafm.net\/cachichi-24\/#breadcrumb","itemListElement":[{"@type":"ListItem","position":1,"name":"Portada","item":"https:\/\/teslafm.net\/"},{"@type":"ListItem","position":2,"name":"Cachichi #24"}]},{"@type":"WebSite","@id":"https:\/\/teslafm.net\/#website","url":"https:\/\/teslafm.net\/","name":"TeslaFM","description":"An experimental and creative radio","publisher":{"@id":"https:\/\/teslafm.net\/#organization"},"potentialAction":[{"@type":"SearchAction","target":{"@type":"EntryPoint","urlTemplate":"https:\/\/teslafm.net\/?s={search_term_string}"},"query-input":{"@type":"PropertyValueSpecification","valueRequired":true,"valueName":"search_term_string"}}],"inLanguage":"en-US"},{"@type":"Organization","@id":"https:\/\/teslafm.net\/#organization","name":"TeslaFM","url":"https:\/\/teslafm.net\/","logo":{"@type":"ImageObject","inLanguage":"en-US","@id":"https:\/\/teslafm.net\/#\/schema\/logo\/image\/","url":"https:\/\/teslafm.net\/wp-content\/uploads\/2020\/06\/logo-tesla.png","contentUrl":"https:\/\/teslafm.net\/wp-content\/uploads\/2020\/06\/logo-tesla.png","width":512,"height":512,"caption":"TeslaFM"},"image":{"@id":"https:\/\/teslafm.net\/#\/schema\/logo\/image\/"},"sameAs":["https:\/\/www.facebook.com\/teslafm.net","https:\/\/x.com\/teslafm"]}]}},"rttpg_featured_image_url":null,"rttpg_author":{"display_name":"Ishak","author_link":"https:\/\/teslafm.net\/en\/author\/cravan\/"},"rttpg_comment":0,"rttpg_category":null,"rttpg_excerpt":"Cachichi #24 Enero 2021 01. \u015awi\u0119ta z Krain\u0105 &#8211; Grzyb\u00f3w 02. Florian T M Zeisig \u2013 Gentle 03. Shoeg &#8211; Liminal State 04. Detente &#8211; Candles In The Wind 05. Pinkcourtesyphone &#8211; another interior 06. Eugeniusz Rudnik \u2013 Gilotyna 07. Yolabmi \u2013 Breathe 08. Motion Ward &#8211; Transier Unt 09. Lily Greenham &#8211; French Persian&hellip;","_links":{"self":[{"href":"https:\/\/teslafm.net\/en\/wp-json\/wp\/v2\/pages\/56034","targetHints":{"allow":["GET"]}}],"collection":[{"href":"https:\/\/teslafm.net\/en\/wp-json\/wp\/v2\/pages"}],"about":[{"href":"https:\/\/teslafm.net\/en\/wp-json\/wp\/v2\/types\/page"}],"author":[{"embeddable":true,"href":"https:\/\/teslafm.net\/en\/wp-json\/wp\/v2\/users\/19"}],"replies":[{"embeddable":true,"href":"https:\/\/teslafm.net\/en\/wp-json\/wp\/v2\/comments?post=56034"}],"version-history":[{"count":6,"href":"https:\/\/teslafm.net\/en\/wp-json\/wp\/v2\/pages\/56034\/revisions"}],"predecessor-version":[{"id":56197,"href":"https:\/\/teslafm.net\/en\/wp-json\/wp\/v2\/pages\/56034\/revisions\/56197"}],"wp:attachment":[{"href":"https:\/\/teslafm.net\/en\/wp-json\/wp\/v2\/media?parent=56034"}],"curies":[{"name":"wp","href":"https:\/\/api.w.org\/{rel}","templated":true}]}}