

{"id":56045,"date":"2021-01-12T19:22:07","date_gmt":"2021-01-12T18:22:07","guid":{"rendered":"https:\/\/teslafm.net\/?page_id=56045"},"modified":"2021-01-12T19:24:35","modified_gmt":"2021-01-12T18:24:35","slug":"ananke-25","status":"publish","type":"page","link":"https:\/\/teslafm.net\/en\/ananke-25\/","title":{"rendered":"Anank\u00e9 #25"},"content":{"rendered":"<h2><strong><span style=\"color: #ffffff;\">Anank\u00e9 Chapter XXV<\/span><br \/>\n<\/strong><\/h2>\n<p><span style=\"color: #808080;\"><em>January 2021<\/em><\/span><\/p>\n<p><iframe src=\"https:\/\/www.mixcloud.com\/widget\/iframe\/?hide_cover=1&amp;feed=%2FTeslafm_net%2Fanank%C3%A9-25-jaco%2F\" width=\"100%\" height=\"120\" frameborder=\"0\"><\/iframe><\/p>\n<p><span style=\"color: #808080;\">01. <strong>Tunes Of Negation<\/strong> - Water to Ashes - Like the Stars Forever and Ever (Cosmo Rhythmatic, 2020)<\/span><br \/>\n<span style=\"color: #808080;\">02. <strong>Heather Leigh<\/strong> - Molly - Glory Days (Boomkat Editions, 2020)<\/span><br \/>\n<span style=\"color: #808080;\">03.<strong> Flaming<\/strong> - Argos - Lullaby and Crying Breakdown (Crystal Mine, 2020)<\/span><br \/>\n<span style=\"color: #808080;\">04. <strong>ADORO<\/strong> - Martir de la Tradici\u00f3n - Coplas del \u00c9xtasis del Olvido (Crystal Mine, 2020)<\/span><br \/>\n<span style=\"color: #808080;\">05. <strong>Isabella James<\/strong> - I'm not afraid of death but I am terrified of you - This is the End of my Days, I'll Miss You (Self-released, 2020)<\/span><br \/>\n<span style=\"color: #808080;\">06. <strong>KL\/BE\/DH\/RS<\/strong> - Land - Avon Garde (Avon Terror Corps, 2020)<\/span><br \/>\n<span style=\"color: #808080;\">07. <strong>Dr. Trevis (feat. Stevens Marksbury)<\/strong> - Workshop - Avon Garde (Avon Terror Corps, 2020)<\/span><br \/>\n<span style=\"color: #808080;\">08. <strong>Abadir<\/strong> - 2030 - This is Cairo Not the Screamers (Nashazphone, 2021)<\/span><br \/>\n<span style=\"color: #808080;\">09. <strong>Serpente<\/strong> - Visita\u00e7ao - F\u00e9 \/ Vazio (Ecstatic, 2020)<\/span><br \/>\n<span style=\"color: #808080;\">10. <strong>N\u00eddia<\/strong> - RAP complet - Nao fales nela que a mentes (Pr\u00edncipe, 2020)<\/span><br \/>\n<span style=\"color: #808080;\">11. <strong>Nazar<\/strong> - Intercept - Guerrilla (Hyperdub, 2020)<\/span><br \/>\n<span style=\"color: #808080;\">12.<strong> Relapse<\/strong> - zX - Mutual Aid 2020 (Bokeh Versions, 2020)<\/span><br \/>\n<span style=\"color: #808080;\">13. <strong>Zuli<\/strong> - Trigger Finger (Lee Gamble Remix) - Trigger Finger Remixes (Haunter, 2020)<\/span><br \/>\n<span style=\"color: #808080;\">14. <strong>Black Quantum Futurism<\/strong> - Temporal Technologies - Temporal Technologies (BQF, 2018)<\/span><br \/>\n<span style=\"color: #808080;\">15. <strong>Nurse With Wound<\/strong> - R+B Through Collis Browne - Rock 'n Roll Station (United Dairies, 1994\/Abstrakce, 2020)<\/span><br \/>\n<span style=\"color: #808080;\">16 . <strong>Jonnine<\/strong> - Blue Hills - Blue Hills (Boomkat Editions, 2020)<\/span><br \/>\n<span style=\"color: #808080;\">17. <strong>Narcoleptica<\/strong> - Too Much Time Travel - MEE (Mujeres en la Experimentaci\u00f3n Sonora Residentes en Espa\u00f1a) (Sisters Triangla Records, 2020)<\/span><br \/>\n<span style=\"color: #808080;\">18. <strong>Child<\/strong> - Coseph Jurwen - Paranoia (Self-released, 2020)<\/span><br \/>\n<span style=\"color: #808080;\">19. <strong>Moor Mother &amp; Billy Woods<\/strong> - Giraffe Hunts - Brass (Backwoodz, 2020)<\/span><br \/>\n<span style=\"color: #808080;\">20. <strong>Viktor Vaughn<\/strong> - A Dead Mouse - Vaudeville Villain (Sound-Ink, 2003)<\/span><br \/>\n<span style=\"color: #808080;\">21.<strong> Madvillain<\/strong> - Great Day - Madvillainy (Stones Throw, 2004)<\/span><br \/>\n<span style=\"color: #808080;\">22. <strong>MF Doom<\/strong> - Back in the Days (Skit) - Operation: Doomsday (Fondle 'Em, 1999)<\/span><\/p>","protected":false},"excerpt":{"rendered":"<p>Anank\u00e9 Cap\u00edtulo XXV Enero 2021 01. Tunes Of Negation &#8211; Water to Ashes &#8211; Like the Stars Forever and Ever (Cosmo Rhythmatic, 2020) 02. Heather Leigh &#8211; Molly &#8211; Glory Days (Boomkat Editions, 2020) 03. Flamante &#8211; Argos &#8211; Quebranto de nana y llanto (Crystal Mine, 2020) 04. ADORO &#8211; Martir de la Tradici\u00f3n &#8211; [&hellip;]<\/p>\n","protected":false},"author":19,"featured_media":0,"parent":0,"menu_order":0,"comment_status":"closed","ping_status":"closed","template":"","meta":{"footnotes":""},"class_list":["post-56045","page","type-page","status-publish","hentry"],"yoast_head":"<!-- This site is optimized with the Yoast SEO plugin v27.4 - https:\/\/yoast.com\/product\/yoast-seo-wordpress\/ -->\n<title>Anank\u00e9 #25 -<\/title>\n<meta name=\"robots\" content=\"index, follow, max-snippet:-1, max-image-preview:large, max-video-preview:-1\" \/>\n<link rel=\"canonical\" href=\"https:\/\/teslafm.net\/en\/ananke-25\/\" \/>\n<meta property=\"og:locale\" content=\"en_US\" \/>\n<meta property=\"og:type\" content=\"article\" \/>\n<meta property=\"og:title\" content=\"Anank\u00e9 #25 -\" \/>\n<meta property=\"og:description\" content=\"Anank\u00e9 Cap\u00edtulo XXV Enero 2021 01. Tunes Of Negation &#8211; Water to Ashes &#8211; Like the Stars Forever and Ever (Cosmo Rhythmatic, 2020) 02. Heather Leigh &#8211; Molly &#8211; Glory Days (Boomkat Editions, 2020) 03. Flamante &#8211; Argos &#8211; Quebranto de nana y llanto (Crystal Mine, 2020) 04. ADORO &#8211; Martir de la Tradici\u00f3n &#8211; [&hellip;]\" \/>\n<meta property=\"og:url\" content=\"https:\/\/teslafm.net\/en\/ananke-25\/\" \/>\n<meta property=\"article:publisher\" content=\"https:\/\/www.facebook.com\/teslafm.net\" \/>\n<meta property=\"article:modified_time\" content=\"2021-01-12T18:24:35+00:00\" \/>\n<meta property=\"og:image\" content=\"https:\/\/teslafm.net\/wp-content\/uploads\/2022\/09\/header-image-4-temp.png\" \/>\n\t<meta property=\"og:image:width\" content=\"1274\" \/>\n\t<meta property=\"og:image:height\" content=\"818\" \/>\n\t<meta property=\"og:image:type\" content=\"image\/png\" \/>\n<meta name=\"twitter:card\" content=\"summary_large_image\" \/>\n<meta name=\"twitter:site\" content=\"@teslafm\" \/>\n<meta name=\"twitter:label1\" content=\"Est. reading time\" \/>\n\t<meta name=\"twitter:data1\" content=\"1 minute\" \/>\n<script type=\"application\/ld+json\" class=\"yoast-schema-graph\">{\"@context\":\"https:\\\/\\\/schema.org\",\"@graph\":[{\"@type\":\"WebPage\",\"@id\":\"https:\\\/\\\/teslafm.net\\\/en\\\/ananke-25\\\/\",\"url\":\"https:\\\/\\\/teslafm.net\\\/en\\\/ananke-25\\\/\",\"name\":\"Anank\u00e9 #25 -\",\"isPartOf\":{\"@id\":\"https:\\\/\\\/teslafm.net\\\/#website\"},\"datePublished\":\"2021-01-12T18:22:07+00:00\",\"dateModified\":\"2021-01-12T18:24:35+00:00\",\"breadcrumb\":{\"@id\":\"https:\\\/\\\/teslafm.net\\\/en\\\/ananke-25\\\/#breadcrumb\"},\"inLanguage\":\"en-US\",\"potentialAction\":[{\"@type\":\"ReadAction\",\"target\":[\"https:\\\/\\\/teslafm.net\\\/en\\\/ananke-25\\\/\"]}]},{\"@type\":\"BreadcrumbList\",\"@id\":\"https:\\\/\\\/teslafm.net\\\/en\\\/ananke-25\\\/#breadcrumb\",\"itemListElement\":[{\"@type\":\"ListItem\",\"position\":1,\"name\":\"Portada\",\"item\":\"https:\\\/\\\/teslafm.net\\\/\"},{\"@type\":\"ListItem\",\"position\":2,\"name\":\"Anank\u00e9 #25\"}]},{\"@type\":\"WebSite\",\"@id\":\"https:\\\/\\\/teslafm.net\\\/#website\",\"url\":\"https:\\\/\\\/teslafm.net\\\/\",\"name\":\"TeslaFM\",\"description\":\"An experimental and creative radio\",\"publisher\":{\"@id\":\"https:\\\/\\\/teslafm.net\\\/#organization\"},\"potentialAction\":[{\"@type\":\"SearchAction\",\"target\":{\"@type\":\"EntryPoint\",\"urlTemplate\":\"https:\\\/\\\/teslafm.net\\\/?s={search_term_string}\"},\"query-input\":{\"@type\":\"PropertyValueSpecification\",\"valueRequired\":true,\"valueName\":\"search_term_string\"}}],\"inLanguage\":\"en-US\"},{\"@type\":\"Organization\",\"@id\":\"https:\\\/\\\/teslafm.net\\\/#organization\",\"name\":\"TeslaFM\",\"url\":\"https:\\\/\\\/teslafm.net\\\/\",\"logo\":{\"@type\":\"ImageObject\",\"inLanguage\":\"en-US\",\"@id\":\"https:\\\/\\\/teslafm.net\\\/#\\\/schema\\\/logo\\\/image\\\/\",\"url\":\"https:\\\/\\\/teslafm.net\\\/wp-content\\\/uploads\\\/2020\\\/06\\\/logo-tesla.png\",\"contentUrl\":\"https:\\\/\\\/teslafm.net\\\/wp-content\\\/uploads\\\/2020\\\/06\\\/logo-tesla.png\",\"width\":512,\"height\":512,\"caption\":\"TeslaFM\"},\"image\":{\"@id\":\"https:\\\/\\\/teslafm.net\\\/#\\\/schema\\\/logo\\\/image\\\/\"},\"sameAs\":[\"https:\\\/\\\/www.facebook.com\\\/teslafm.net\",\"https:\\\/\\\/x.com\\\/teslafm\"]}]}<\/script>\n<!-- \/ Yoast SEO plugin. -->","yoast_head_json":{"title":"Anank\u00e9 #25 -","robots":{"index":"index","follow":"follow","max-snippet":"max-snippet:-1","max-image-preview":"max-image-preview:large","max-video-preview":"max-video-preview:-1"},"canonical":"https:\/\/teslafm.net\/en\/ananke-25\/","og_locale":"en_US","og_type":"article","og_title":"Anank\u00e9 #25 -","og_description":"Anank\u00e9 Cap\u00edtulo XXV Enero 2021 01. Tunes Of Negation &#8211; Water to Ashes &#8211; Like the Stars Forever and Ever (Cosmo Rhythmatic, 2020) 02. Heather Leigh &#8211; Molly &#8211; Glory Days (Boomkat Editions, 2020) 03. Flamante &#8211; Argos &#8211; Quebranto de nana y llanto (Crystal Mine, 2020) 04. ADORO &#8211; Martir de la Tradici\u00f3n &#8211; [&hellip;]","og_url":"https:\/\/teslafm.net\/en\/ananke-25\/","article_publisher":"https:\/\/www.facebook.com\/teslafm.net","article_modified_time":"2021-01-12T18:24:35+00:00","og_image":[{"width":1274,"height":818,"url":"https:\/\/teslafm.net\/wp-content\/uploads\/2022\/09\/header-image-4-temp.png","type":"image\/png"}],"twitter_card":"summary_large_image","twitter_site":"@teslafm","twitter_misc":{"Est. reading time":"1 minute"},"schema":{"@context":"https:\/\/schema.org","@graph":[{"@type":"WebPage","@id":"https:\/\/teslafm.net\/en\/ananke-25\/","url":"https:\/\/teslafm.net\/en\/ananke-25\/","name":"Anank\u00e9 #25 -","isPartOf":{"@id":"https:\/\/teslafm.net\/#website"},"datePublished":"2021-01-12T18:22:07+00:00","dateModified":"2021-01-12T18:24:35+00:00","breadcrumb":{"@id":"https:\/\/teslafm.net\/en\/ananke-25\/#breadcrumb"},"inLanguage":"en-US","potentialAction":[{"@type":"ReadAction","target":["https:\/\/teslafm.net\/en\/ananke-25\/"]}]},{"@type":"BreadcrumbList","@id":"https:\/\/teslafm.net\/en\/ananke-25\/#breadcrumb","itemListElement":[{"@type":"ListItem","position":1,"name":"Portada","item":"https:\/\/teslafm.net\/"},{"@type":"ListItem","position":2,"name":"Anank\u00e9 #25"}]},{"@type":"WebSite","@id":"https:\/\/teslafm.net\/#website","url":"https:\/\/teslafm.net\/","name":"TeslaFM","description":"An experimental and creative radio","publisher":{"@id":"https:\/\/teslafm.net\/#organization"},"potentialAction":[{"@type":"SearchAction","target":{"@type":"EntryPoint","urlTemplate":"https:\/\/teslafm.net\/?s={search_term_string}"},"query-input":{"@type":"PropertyValueSpecification","valueRequired":true,"valueName":"search_term_string"}}],"inLanguage":"en-US"},{"@type":"Organization","@id":"https:\/\/teslafm.net\/#organization","name":"TeslaFM","url":"https:\/\/teslafm.net\/","logo":{"@type":"ImageObject","inLanguage":"en-US","@id":"https:\/\/teslafm.net\/#\/schema\/logo\/image\/","url":"https:\/\/teslafm.net\/wp-content\/uploads\/2020\/06\/logo-tesla.png","contentUrl":"https:\/\/teslafm.net\/wp-content\/uploads\/2020\/06\/logo-tesla.png","width":512,"height":512,"caption":"TeslaFM"},"image":{"@id":"https:\/\/teslafm.net\/#\/schema\/logo\/image\/"},"sameAs":["https:\/\/www.facebook.com\/teslafm.net","https:\/\/x.com\/teslafm"]}]}},"rttpg_featured_image_url":null,"rttpg_author":{"display_name":"Ishak","author_link":"https:\/\/teslafm.net\/en\/author\/cravan\/"},"rttpg_comment":0,"rttpg_category":null,"rttpg_excerpt":"Anank\u00e9 Cap\u00edtulo XXV Enero 2021 01. Tunes Of Negation &#8211; Water to Ashes &#8211; Like the Stars Forever and Ever (Cosmo Rhythmatic, 2020) 02. Heather Leigh &#8211; Molly &#8211; Glory Days (Boomkat Editions, 2020) 03. Flamante &#8211; Argos &#8211; Quebranto de nana y llanto (Crystal Mine, 2020) 04. ADORO &#8211; Martir de la Tradici\u00f3n &#8211;&hellip;","_links":{"self":[{"href":"https:\/\/teslafm.net\/en\/wp-json\/wp\/v2\/pages\/56045","targetHints":{"allow":["GET"]}}],"collection":[{"href":"https:\/\/teslafm.net\/en\/wp-json\/wp\/v2\/pages"}],"about":[{"href":"https:\/\/teslafm.net\/en\/wp-json\/wp\/v2\/types\/page"}],"author":[{"embeddable":true,"href":"https:\/\/teslafm.net\/en\/wp-json\/wp\/v2\/users\/19"}],"replies":[{"embeddable":true,"href":"https:\/\/teslafm.net\/en\/wp-json\/wp\/v2\/comments?post=56045"}],"version-history":[{"count":3,"href":"https:\/\/teslafm.net\/en\/wp-json\/wp\/v2\/pages\/56045\/revisions"}],"predecessor-version":[{"id":56050,"href":"https:\/\/teslafm.net\/en\/wp-json\/wp\/v2\/pages\/56045\/revisions\/56050"}],"wp:attachment":[{"href":"https:\/\/teslafm.net\/en\/wp-json\/wp\/v2\/media?parent=56045"}],"curies":[{"name":"wp","href":"https:\/\/api.w.org\/{rel}","templated":true}]}}