

{"id":56159,"date":"2021-01-26T18:55:16","date_gmt":"2021-01-26T17:55:16","guid":{"rendered":"https:\/\/teslafm.net\/?page_id=56159"},"modified":"2021-03-13T12:42:10","modified_gmt":"2021-03-13T11:42:10","slug":"space-oddity-recollection-18","status":"publish","type":"page","link":"https:\/\/teslafm.net\/en\/space-oddity-recollection-18\/","title":{"rendered":"Space Oddity Recollection #18"},"content":{"rendered":"<h2><span style=\"color: #ffffff;\"><strong>Space Oddity Recollection #18<\/strong><\/span><\/h2>\n<p><span style=\"color: #808080;\"><em>January 2021<\/em><\/span><\/p>\n<p><iframe src=\"https:\/\/www.mixcloud.com\/widget\/iframe\/?hide_cover=1&amp;feed=%2FTeslafm_net%2Fspace-oddity-recollection-18-monika-pich%2F\" width=\"100%\" height=\"120\" frameborder=\"0\"><\/iframe><\/p>\n<p><img fetchpriority=\"high\" decoding=\"async\" class=\"alignnone size-full wp-image-56160\" src=\"https:\/\/teslafm.net\/wp-content\/uploads\/2021\/01\/image-Petra-Flurr.jpg\" alt=\"\" width=\"588\" height=\"588\" srcset=\"https:\/\/teslafm.net\/wp-content\/uploads\/2021\/01\/image-Petra-Flurr.jpg 588w, https:\/\/teslafm.net\/wp-content\/uploads\/2021\/01\/image-Petra-Flurr-300x300.jpg 300w, https:\/\/teslafm.net\/wp-content\/uploads\/2021\/01\/image-Petra-Flurr-150x150.jpg 150w\" sizes=\"(max-width: 588px) 100vw, 588px\" \/><\/p>\n<p><span style=\"color: #808080;\"><strong>Petra Flurr<\/strong><\/span><\/p>\n<p><span style=\"color: #808080;\">Artist, performer, activist, vocalist and composer. He will take you on a journey through his vision of social injustice today. With full force, this deeply conscious visionary believer uses his voice as a political rebellion full of power and visual aesthetics. He is known for his solo albums and collaborative productions with 89s \u2020, Unhuman, Leather ladder duo project and different artists of the underground movement.<\/span><\/p>\n<p><span lang=\"en-US\" style=\"color: #808080;\"><br \/>\nThe following tracks used in this mix:<br \/>\n<\/span><\/p>\n<p><span lang=\"en-US\" style=\"color: #808080;\">*Heile Welt, <strong>Cause of Chaos<\/strong> by Unhuman &amp; Petra Flurr<br \/>\n*Punkakkorde, <strong>Vix Visage<\/strong> by Petra Flurr<br \/>\n*Die Abort, <strong>Virus Releases<\/strong> by Petra Flurr<br \/>\n*Schleif Deine Schwerte, <strong>Vix Visage<\/strong> by Petra Flurr<br \/>\n*Kotz Fich Shnell <strong>Vix Visage<\/strong> by Petra Flurr<br \/>\n*SuriV <strong>Cause of Chaos<\/strong> by Unhuman &amp; Petra Flurr<br \/>\n* Seuche <strong>Virus Releases<\/strong> (released by Bite records) by Unhuman &amp; Petra Flurr<br \/>\n*Frei sein <strong>Monotone Zone<\/strong> by Petra Flurr &amp; 89s\u2020<br \/>\n*HIER! <strong>HAD ENOUGH<\/strong> by Unhuman &amp; Petra Flurr<br \/>\n*Purple Eyes <strong>Monotone Zone<\/strong> by Petra Flurr &amp; 89s\u2020<\/span><\/p>\n<p>&nbsp;<\/p>\n<p><span style=\"color: #808080;\">Links:<br \/>\n<\/span><\/p>\n<p><a href=\"http:\/\/www.gothicpogo.com\/wp\/wp-content\/uploads\/2019\/05\/GPF_2019_artist-preview_89s%E2%80%A0-Petra-Flurr-.pdf?fbclid=IwAR1-ayOxwpdUsbkDAK9tGgHGD6G-RM0rwYju85L2YFBCy-2jkf7CWMugjzE&quot;&gt;\" target=\"_blank\" rel=\"noopener\">89s\u2020 &amp; Petra Flurr<\/a><\/p>\n<p><a href=\"https:\/\/www.youtube.com\/watch?fbclid=IwAR07kH_0S00Ee2oaKt11hdQy7ZVg1TUcWZrr9wyj1hELeRt4uEIvvbvXxd0&amp;v=IBi_VkVfNS4&amp;feature=youtu.be\" target=\"_blank\" rel=\"noopener\">Petra Flurr Interview (Post Punk Industrial Fest 2019).<\/a><\/p>\n<p><a href=\"https:\/\/petraflurr1.bandcamp.com\/\" target=\"_blank\" rel=\"noopener\">Petra Flurr bandcamp<\/a><\/p>\n<p><span style=\"color: #808080;\">Enjoy the mixtrack, January 2021\u2032.<\/span><\/p>\n<p><span style=\"color: #808080;\">produced by <strong>monikapich<\/strong><\/span><\/p>","protected":false},"excerpt":{"rendered":"<p>Space Oddity Recollection #18 Enero 2021 Petra Flurr Artista, int\u00e9rprete, activista, vocalista y compositor. Te llevar\u00e1 en un viaje a trav\u00e9s de su visi\u00f3n sobre la injusticia social en la actualidad. Con total fuerza, este visionario creyente de profunda conciencia utiliza su voz como una rebeli\u00f3n pol\u00edtica llena de poder y est\u00e9tica visual. Es conocido [&hellip;]<\/p>\n","protected":false},"author":19,"featured_media":0,"parent":0,"menu_order":0,"comment_status":"closed","ping_status":"closed","template":"","meta":{"footnotes":""},"class_list":["post-56159","page","type-page","status-publish","hentry"],"yoast_head":"<!-- This site is optimized with the Yoast SEO plugin v27.2 - https:\/\/yoast.com\/product\/yoast-seo-wordpress\/ -->\n<title>Space Oddity Recollection #18 -<\/title>\n<meta name=\"robots\" content=\"index, follow, max-snippet:-1, max-image-preview:large, max-video-preview:-1\" \/>\n<link rel=\"canonical\" href=\"https:\/\/teslafm.net\/en\/space-oddity-recollection-18\/\" \/>\n<meta property=\"og:locale\" content=\"en_US\" \/>\n<meta property=\"og:type\" content=\"article\" \/>\n<meta property=\"og:title\" content=\"Space Oddity Recollection #18 -\" \/>\n<meta property=\"og:description\" content=\"Space Oddity Recollection #18 Enero 2021 Petra Flurr Artista, int\u00e9rprete, activista, vocalista y compositor. Te llevar\u00e1 en un viaje a trav\u00e9s de su visi\u00f3n sobre la injusticia social en la actualidad. Con total fuerza, este visionario creyente de profunda conciencia utiliza su voz como una rebeli\u00f3n pol\u00edtica llena de poder y est\u00e9tica visual. Es conocido [&hellip;]\" \/>\n<meta property=\"og:url\" content=\"https:\/\/teslafm.net\/en\/space-oddity-recollection-18\/\" \/>\n<meta property=\"article:publisher\" content=\"https:\/\/www.facebook.com\/teslafm.net\" \/>\n<meta property=\"article:modified_time\" content=\"2021-03-13T11:42:10+00:00\" \/>\n<meta property=\"og:image\" content=\"https:\/\/teslafm.net\/wp-content\/uploads\/2021\/01\/image-Petra-Flurr.jpg\" \/>\n<meta name=\"twitter:card\" content=\"summary_large_image\" \/>\n<meta name=\"twitter:site\" content=\"@teslafm\" \/>\n<meta name=\"twitter:label1\" content=\"Est. reading time\" \/>\n\t<meta name=\"twitter:data1\" content=\"2 minutes\" \/>\n<script type=\"application\/ld+json\" class=\"yoast-schema-graph\">{\"@context\":\"https:\/\/schema.org\",\"@graph\":[{\"@type\":\"WebPage\",\"@id\":\"https:\/\/teslafm.net\/space-oddity-recollection-18\/\",\"url\":\"https:\/\/teslafm.net\/space-oddity-recollection-18\/\",\"name\":\"Space Oddity Recollection #18 -\",\"isPartOf\":{\"@id\":\"https:\/\/teslafm.net\/#website\"},\"primaryImageOfPage\":{\"@id\":\"https:\/\/teslafm.net\/space-oddity-recollection-18\/#primaryimage\"},\"image\":{\"@id\":\"https:\/\/teslafm.net\/space-oddity-recollection-18\/#primaryimage\"},\"thumbnailUrl\":\"https:\/\/teslafm.net\/wp-content\/uploads\/2021\/01\/image-Petra-Flurr.jpg\",\"datePublished\":\"2021-01-26T17:55:16+00:00\",\"dateModified\":\"2021-03-13T11:42:10+00:00\",\"breadcrumb\":{\"@id\":\"https:\/\/teslafm.net\/space-oddity-recollection-18\/#breadcrumb\"},\"inLanguage\":\"en-US\",\"potentialAction\":[{\"@type\":\"ReadAction\",\"target\":[\"https:\/\/teslafm.net\/space-oddity-recollection-18\/\"]}]},{\"@type\":\"ImageObject\",\"inLanguage\":\"en-US\",\"@id\":\"https:\/\/teslafm.net\/space-oddity-recollection-18\/#primaryimage\",\"url\":\"https:\/\/teslafm.net\/wp-content\/uploads\/2021\/01\/image-Petra-Flurr.jpg\",\"contentUrl\":\"https:\/\/teslafm.net\/wp-content\/uploads\/2021\/01\/image-Petra-Flurr.jpg\"},{\"@type\":\"BreadcrumbList\",\"@id\":\"https:\/\/teslafm.net\/space-oddity-recollection-18\/#breadcrumb\",\"itemListElement\":[{\"@type\":\"ListItem\",\"position\":1,\"name\":\"Portada\",\"item\":\"https:\/\/teslafm.net\/\"},{\"@type\":\"ListItem\",\"position\":2,\"name\":\"Space Oddity Recollection #18\"}]},{\"@type\":\"WebSite\",\"@id\":\"https:\/\/teslafm.net\/#website\",\"url\":\"https:\/\/teslafm.net\/\",\"name\":\"TeslaFM\",\"description\":\"An experimental and creative radio\",\"publisher\":{\"@id\":\"https:\/\/teslafm.net\/#organization\"},\"potentialAction\":[{\"@type\":\"SearchAction\",\"target\":{\"@type\":\"EntryPoint\",\"urlTemplate\":\"https:\/\/teslafm.net\/?s={search_term_string}\"},\"query-input\":{\"@type\":\"PropertyValueSpecification\",\"valueRequired\":true,\"valueName\":\"search_term_string\"}}],\"inLanguage\":\"en-US\"},{\"@type\":\"Organization\",\"@id\":\"https:\/\/teslafm.net\/#organization\",\"name\":\"TeslaFM\",\"url\":\"https:\/\/teslafm.net\/\",\"logo\":{\"@type\":\"ImageObject\",\"inLanguage\":\"en-US\",\"@id\":\"https:\/\/teslafm.net\/#\/schema\/logo\/image\/\",\"url\":\"https:\/\/teslafm.net\/wp-content\/uploads\/2020\/06\/logo-tesla.png\",\"contentUrl\":\"https:\/\/teslafm.net\/wp-content\/uploads\/2020\/06\/logo-tesla.png\",\"width\":512,\"height\":512,\"caption\":\"TeslaFM\"},\"image\":{\"@id\":\"https:\/\/teslafm.net\/#\/schema\/logo\/image\/\"},\"sameAs\":[\"https:\/\/www.facebook.com\/teslafm.net\",\"https:\/\/x.com\/teslafm\"]}]}<\/script>\n<!-- \/ Yoast SEO plugin. -->","yoast_head_json":{"title":"Space Oddity Recollection #18 -","robots":{"index":"index","follow":"follow","max-snippet":"max-snippet:-1","max-image-preview":"max-image-preview:large","max-video-preview":"max-video-preview:-1"},"canonical":"https:\/\/teslafm.net\/en\/space-oddity-recollection-18\/","og_locale":"en_US","og_type":"article","og_title":"Space Oddity Recollection #18 -","og_description":"Space Oddity Recollection #18 Enero 2021 Petra Flurr Artista, int\u00e9rprete, activista, vocalista y compositor. Te llevar\u00e1 en un viaje a trav\u00e9s de su visi\u00f3n sobre la injusticia social en la actualidad. Con total fuerza, este visionario creyente de profunda conciencia utiliza su voz como una rebeli\u00f3n pol\u00edtica llena de poder y est\u00e9tica visual. Es conocido [&hellip;]","og_url":"https:\/\/teslafm.net\/en\/space-oddity-recollection-18\/","article_publisher":"https:\/\/www.facebook.com\/teslafm.net","article_modified_time":"2021-03-13T11:42:10+00:00","og_image":[{"url":"https:\/\/teslafm.net\/wp-content\/uploads\/2021\/01\/image-Petra-Flurr.jpg","type":"","width":"","height":""}],"twitter_card":"summary_large_image","twitter_site":"@teslafm","twitter_misc":{"Est. reading time":"2 minutes"},"schema":{"@context":"https:\/\/schema.org","@graph":[{"@type":"WebPage","@id":"https:\/\/teslafm.net\/space-oddity-recollection-18\/","url":"https:\/\/teslafm.net\/space-oddity-recollection-18\/","name":"Space Oddity Recollection #18 -","isPartOf":{"@id":"https:\/\/teslafm.net\/#website"},"primaryImageOfPage":{"@id":"https:\/\/teslafm.net\/space-oddity-recollection-18\/#primaryimage"},"image":{"@id":"https:\/\/teslafm.net\/space-oddity-recollection-18\/#primaryimage"},"thumbnailUrl":"https:\/\/teslafm.net\/wp-content\/uploads\/2021\/01\/image-Petra-Flurr.jpg","datePublished":"2021-01-26T17:55:16+00:00","dateModified":"2021-03-13T11:42:10+00:00","breadcrumb":{"@id":"https:\/\/teslafm.net\/space-oddity-recollection-18\/#breadcrumb"},"inLanguage":"en-US","potentialAction":[{"@type":"ReadAction","target":["https:\/\/teslafm.net\/space-oddity-recollection-18\/"]}]},{"@type":"ImageObject","inLanguage":"en-US","@id":"https:\/\/teslafm.net\/space-oddity-recollection-18\/#primaryimage","url":"https:\/\/teslafm.net\/wp-content\/uploads\/2021\/01\/image-Petra-Flurr.jpg","contentUrl":"https:\/\/teslafm.net\/wp-content\/uploads\/2021\/01\/image-Petra-Flurr.jpg"},{"@type":"BreadcrumbList","@id":"https:\/\/teslafm.net\/space-oddity-recollection-18\/#breadcrumb","itemListElement":[{"@type":"ListItem","position":1,"name":"Portada","item":"https:\/\/teslafm.net\/"},{"@type":"ListItem","position":2,"name":"Space Oddity Recollection #18"}]},{"@type":"WebSite","@id":"https:\/\/teslafm.net\/#website","url":"https:\/\/teslafm.net\/","name":"TeslaFM","description":"An experimental and creative radio","publisher":{"@id":"https:\/\/teslafm.net\/#organization"},"potentialAction":[{"@type":"SearchAction","target":{"@type":"EntryPoint","urlTemplate":"https:\/\/teslafm.net\/?s={search_term_string}"},"query-input":{"@type":"PropertyValueSpecification","valueRequired":true,"valueName":"search_term_string"}}],"inLanguage":"en-US"},{"@type":"Organization","@id":"https:\/\/teslafm.net\/#organization","name":"TeslaFM","url":"https:\/\/teslafm.net\/","logo":{"@type":"ImageObject","inLanguage":"en-US","@id":"https:\/\/teslafm.net\/#\/schema\/logo\/image\/","url":"https:\/\/teslafm.net\/wp-content\/uploads\/2020\/06\/logo-tesla.png","contentUrl":"https:\/\/teslafm.net\/wp-content\/uploads\/2020\/06\/logo-tesla.png","width":512,"height":512,"caption":"TeslaFM"},"image":{"@id":"https:\/\/teslafm.net\/#\/schema\/logo\/image\/"},"sameAs":["https:\/\/www.facebook.com\/teslafm.net","https:\/\/x.com\/teslafm"]}]}},"rttpg_featured_image_url":null,"rttpg_author":{"display_name":"Ishak","author_link":"https:\/\/teslafm.net\/en\/author\/cravan\/"},"rttpg_comment":0,"rttpg_category":null,"rttpg_excerpt":"Space Oddity Recollection #18 Enero 2021 Petra Flurr Artista, int\u00e9rprete, activista, vocalista y compositor. Te llevar\u00e1 en un viaje a trav\u00e9s de su visi\u00f3n sobre la injusticia social en la actualidad. Con total fuerza, este visionario creyente de profunda conciencia utiliza su voz como una rebeli\u00f3n pol\u00edtica llena de poder y est\u00e9tica visual. Es conocido&hellip;","_links":{"self":[{"href":"https:\/\/teslafm.net\/en\/wp-json\/wp\/v2\/pages\/56159","targetHints":{"allow":["GET"]}}],"collection":[{"href":"https:\/\/teslafm.net\/en\/wp-json\/wp\/v2\/pages"}],"about":[{"href":"https:\/\/teslafm.net\/en\/wp-json\/wp\/v2\/types\/page"}],"author":[{"embeddable":true,"href":"https:\/\/teslafm.net\/en\/wp-json\/wp\/v2\/users\/19"}],"replies":[{"embeddable":true,"href":"https:\/\/teslafm.net\/en\/wp-json\/wp\/v2\/comments?post=56159"}],"version-history":[{"count":5,"href":"https:\/\/teslafm.net\/en\/wp-json\/wp\/v2\/pages\/56159\/revisions"}],"predecessor-version":[{"id":57543,"href":"https:\/\/teslafm.net\/en\/wp-json\/wp\/v2\/pages\/56159\/revisions\/57543"}],"wp:attachment":[{"href":"https:\/\/teslafm.net\/en\/wp-json\/wp\/v2\/media?parent=56159"}],"curies":[{"name":"wp","href":"https:\/\/api.w.org\/{rel}","templated":true}]}}