

{"id":56250,"date":"2021-02-01T10:31:47","date_gmt":"2021-02-01T09:31:47","guid":{"rendered":"https:\/\/teslafm.net\/?page_id=56250"},"modified":"2021-02-01T10:31:47","modified_gmt":"2021-02-01T09:31:47","slug":"fmerides-8","status":"publish","type":"page","link":"https:\/\/teslafm.net\/en\/fmerides-8\/","title":{"rendered":"#8"},"content":{"rendered":"<h2><span style=\"color: #ffffff;\"><strong>#8<\/strong><\/span><\/h2>\n<p><span style=\"color: #808080;\"><em>Milton Babbitt, January 29, 2021<\/em><\/span><\/p>\n<p><iframe src=\"https:\/\/www.mixcloud.com\/widget\/iframe\/?hide_cover=1&amp;feed=%2FTeslafm_net%2Ffm%C3%A9rides-8-david-puente%2F\" width=\"100%\" height=\"120\" frameborder=\"0\"><\/iframe><\/p>\n<p><span style=\"color: #808080;\">This month's FM\u00e9rides is dedicated to <strong>Milton Babbitt<\/strong> died just a decade ago at the age of 94 in Princeton. Babbitt is one of the pioneers of electronic music since the 1960s when he started working for RCA as a specialist in charge of exploiting the possibilities of the Mark II synthesizer. While most \"scientific musicians\" of the time delved into the timbral possibilities of electronics, Babbitt was much more interested in the superhuman rhythmic precision that could be achieved with synthesizers such as the one marketed by RCA. <strong>Radio Corporation of America<\/strong> for whom he worked.<\/span><\/p>\n<div dir=\"ltr\"><span style=\"color: #808080;\">01. <strong>Milton Babbitt<\/strong> - Three Compositions for Piano<\/span><\/div>\n<div dir=\"ltr\"><span style=\"color: #808080;\">02. <strong>George Russell, Harold Shapero, Charlie Mingus, Milton Babbitt &amp; Gunther Schuller<\/strong> - All Set\u00a0<\/span><\/div>\n<div dir=\"ltr\"><span style=\"color: #808080;\">03. <strong>Milton Babbitt<\/strong> - Philomel<\/span><\/div>\n<div dir=\"ltr\"><span style=\"color: #808080;\">04. <strong>Milton Babbitt<\/strong> - String Quartet No. 2\u00a0<\/span><\/div>\n<div dir=\"ltr\"><span style=\"color: #808080;\">05. <strong>Milton Babbitt<\/strong> - Post-Partitions for piano\u00a0<\/span><\/div>\n<div dir=\"ltr\"><span style=\"color: #808080;\">06. <strong>Milton Babbitt<\/strong> - Minute Waltz (or 3\/4 + 1\/8) for Piano<\/span><\/div>","protected":false},"excerpt":{"rendered":"<p>FM\u00e9rides #8 Milton Babbitt, 29 de Enero de 2021 El FM\u00e9rides de este mes va dedicado a Milton Babbitt fallecido hace justo una d\u00e9cada a los 94 a\u00f1os en Princeton. Babbitt es uno de los pioneros de la m\u00fasica electr\u00f3nica desde los a\u00f1os 60 cuando empez\u00f3 a trabajar para la RCA como especialista encargado de [&hellip;]<\/p>\n","protected":false},"author":19,"featured_media":0,"parent":0,"menu_order":0,"comment_status":"closed","ping_status":"closed","template":"","meta":{"footnotes":""},"class_list":["post-56250","page","type-page","status-publish","hentry"],"yoast_head":"<!-- This site is optimized with the Yoast SEO plugin v27.2 - https:\/\/yoast.com\/product\/yoast-seo-wordpress\/ -->\n<title>FM\u00e9rides #8 -<\/title>\n<meta name=\"robots\" content=\"index, follow, max-snippet:-1, max-image-preview:large, max-video-preview:-1\" \/>\n<link rel=\"canonical\" href=\"https:\/\/teslafm.net\/en\/fmerides-8\/\" \/>\n<meta property=\"og:locale\" content=\"en_US\" \/>\n<meta property=\"og:type\" content=\"article\" \/>\n<meta property=\"og:title\" content=\"FM\u00e9rides #8 -\" \/>\n<meta property=\"og:description\" content=\"FM\u00e9rides #8 Milton Babbitt, 29 de Enero de 2021 El FM\u00e9rides de este mes va dedicado a Milton Babbitt fallecido hace justo una d\u00e9cada a los 94 a\u00f1os en Princeton. Babbitt es uno de los pioneros de la m\u00fasica electr\u00f3nica desde los a\u00f1os 60 cuando empez\u00f3 a trabajar para la RCA como especialista encargado de [&hellip;]\" \/>\n<meta property=\"og:url\" content=\"https:\/\/teslafm.net\/en\/fmerides-8\/\" \/>\n<meta property=\"article:publisher\" content=\"https:\/\/www.facebook.com\/teslafm.net\" \/>\n<meta property=\"og:image\" content=\"https:\/\/teslafm.net\/wp-content\/uploads\/2022\/09\/header-image-4-temp.png\" \/>\n\t<meta property=\"og:image:width\" content=\"1274\" \/>\n\t<meta property=\"og:image:height\" content=\"818\" \/>\n\t<meta property=\"og:image:type\" content=\"image\/png\" \/>\n<meta name=\"twitter:card\" content=\"summary_large_image\" \/>\n<meta name=\"twitter:site\" content=\"@teslafm\" \/>\n<meta name=\"twitter:label1\" content=\"Est. reading time\" \/>\n\t<meta name=\"twitter:data1\" content=\"1 minute\" \/>\n<script type=\"application\/ld+json\" class=\"yoast-schema-graph\">{\"@context\":\"https:\/\/schema.org\",\"@graph\":[{\"@type\":\"WebPage\",\"@id\":\"https:\/\/teslafm.net\/fmerides-8\/\",\"url\":\"https:\/\/teslafm.net\/fmerides-8\/\",\"name\":\"FM\u00e9rides #8 -\",\"isPartOf\":{\"@id\":\"https:\/\/teslafm.net\/#website\"},\"datePublished\":\"2021-02-01T09:31:47+00:00\",\"breadcrumb\":{\"@id\":\"https:\/\/teslafm.net\/fmerides-8\/#breadcrumb\"},\"inLanguage\":\"en-US\",\"potentialAction\":[{\"@type\":\"ReadAction\",\"target\":[\"https:\/\/teslafm.net\/fmerides-8\/\"]}]},{\"@type\":\"BreadcrumbList\",\"@id\":\"https:\/\/teslafm.net\/fmerides-8\/#breadcrumb\",\"itemListElement\":[{\"@type\":\"ListItem\",\"position\":1,\"name\":\"Portada\",\"item\":\"https:\/\/teslafm.net\/\"},{\"@type\":\"ListItem\",\"position\":2,\"name\":\"FM\u00e9rides #8\"}]},{\"@type\":\"WebSite\",\"@id\":\"https:\/\/teslafm.net\/#website\",\"url\":\"https:\/\/teslafm.net\/\",\"name\":\"TeslaFM\",\"description\":\"An experimental and creative radio\",\"publisher\":{\"@id\":\"https:\/\/teslafm.net\/#organization\"},\"potentialAction\":[{\"@type\":\"SearchAction\",\"target\":{\"@type\":\"EntryPoint\",\"urlTemplate\":\"https:\/\/teslafm.net\/?s={search_term_string}\"},\"query-input\":{\"@type\":\"PropertyValueSpecification\",\"valueRequired\":true,\"valueName\":\"search_term_string\"}}],\"inLanguage\":\"en-US\"},{\"@type\":\"Organization\",\"@id\":\"https:\/\/teslafm.net\/#organization\",\"name\":\"TeslaFM\",\"url\":\"https:\/\/teslafm.net\/\",\"logo\":{\"@type\":\"ImageObject\",\"inLanguage\":\"en-US\",\"@id\":\"https:\/\/teslafm.net\/#\/schema\/logo\/image\/\",\"url\":\"https:\/\/teslafm.net\/wp-content\/uploads\/2020\/06\/logo-tesla.png\",\"contentUrl\":\"https:\/\/teslafm.net\/wp-content\/uploads\/2020\/06\/logo-tesla.png\",\"width\":512,\"height\":512,\"caption\":\"TeslaFM\"},\"image\":{\"@id\":\"https:\/\/teslafm.net\/#\/schema\/logo\/image\/\"},\"sameAs\":[\"https:\/\/www.facebook.com\/teslafm.net\",\"https:\/\/x.com\/teslafm\"]}]}<\/script>\n<!-- \/ Yoast SEO plugin. -->","yoast_head_json":{"title":"#8 - FM\u00e9rides","robots":{"index":"index","follow":"follow","max-snippet":"max-snippet:-1","max-image-preview":"max-image-preview:large","max-video-preview":"max-video-preview:-1"},"canonical":"https:\/\/teslafm.net\/en\/fmerides-8\/","og_locale":"en_US","og_type":"article","og_title":"FM\u00e9rides #8 -","og_description":"FM\u00e9rides #8 Milton Babbitt, 29 de Enero de 2021 El FM\u00e9rides de este mes va dedicado a Milton Babbitt fallecido hace justo una d\u00e9cada a los 94 a\u00f1os en Princeton. Babbitt es uno de los pioneros de la m\u00fasica electr\u00f3nica desde los a\u00f1os 60 cuando empez\u00f3 a trabajar para la RCA como especialista encargado de [&hellip;]","og_url":"https:\/\/teslafm.net\/en\/fmerides-8\/","article_publisher":"https:\/\/www.facebook.com\/teslafm.net","og_image":[{"width":1274,"height":818,"url":"https:\/\/teslafm.net\/wp-content\/uploads\/2022\/09\/header-image-4-temp.png","type":"image\/png"}],"twitter_card":"summary_large_image","twitter_site":"@teslafm","twitter_misc":{"Est. reading time":"1 minute"},"schema":{"@context":"https:\/\/schema.org","@graph":[{"@type":"WebPage","@id":"https:\/\/teslafm.net\/fmerides-8\/","url":"https:\/\/teslafm.net\/fmerides-8\/","name":"#8 - FM\u00e9rides","isPartOf":{"@id":"https:\/\/teslafm.net\/#website"},"datePublished":"2021-02-01T09:31:47+00:00","breadcrumb":{"@id":"https:\/\/teslafm.net\/fmerides-8\/#breadcrumb"},"inLanguage":"en-US","potentialAction":[{"@type":"ReadAction","target":["https:\/\/teslafm.net\/fmerides-8\/"]}]},{"@type":"BreadcrumbList","@id":"https:\/\/teslafm.net\/fmerides-8\/#breadcrumb","itemListElement":[{"@type":"ListItem","position":1,"name":"Portada","item":"https:\/\/teslafm.net\/"},{"@type":"ListItem","position":2,"name":"FM\u00e9rides #8"}]},{"@type":"WebSite","@id":"https:\/\/teslafm.net\/#website","url":"https:\/\/teslafm.net\/","name":"TeslaFM","description":"An experimental and creative radio","publisher":{"@id":"https:\/\/teslafm.net\/#organization"},"potentialAction":[{"@type":"SearchAction","target":{"@type":"EntryPoint","urlTemplate":"https:\/\/teslafm.net\/?s={search_term_string}"},"query-input":{"@type":"PropertyValueSpecification","valueRequired":true,"valueName":"search_term_string"}}],"inLanguage":"en-US"},{"@type":"Organization","@id":"https:\/\/teslafm.net\/#organization","name":"TeslaFM","url":"https:\/\/teslafm.net\/","logo":{"@type":"ImageObject","inLanguage":"en-US","@id":"https:\/\/teslafm.net\/#\/schema\/logo\/image\/","url":"https:\/\/teslafm.net\/wp-content\/uploads\/2020\/06\/logo-tesla.png","contentUrl":"https:\/\/teslafm.net\/wp-content\/uploads\/2020\/06\/logo-tesla.png","width":512,"height":512,"caption":"TeslaFM"},"image":{"@id":"https:\/\/teslafm.net\/#\/schema\/logo\/image\/"},"sameAs":["https:\/\/www.facebook.com\/teslafm.net","https:\/\/x.com\/teslafm"]}]}},"rttpg_featured_image_url":null,"rttpg_author":{"display_name":"Ishak","author_link":"https:\/\/teslafm.net\/en\/author\/cravan\/"},"rttpg_comment":0,"rttpg_category":null,"rttpg_excerpt":"FM\u00e9rides #8 Milton Babbitt, 29 de Enero de 2021 El FM\u00e9rides de este mes va dedicado a Milton Babbitt fallecido hace justo una d\u00e9cada a los 94 a\u00f1os en Princeton. Babbitt es uno de los pioneros de la m\u00fasica electr\u00f3nica desde los a\u00f1os 60 cuando empez\u00f3 a trabajar para la RCA como especialista encargado de&hellip;","_links":{"self":[{"href":"https:\/\/teslafm.net\/en\/wp-json\/wp\/v2\/pages\/56250","targetHints":{"allow":["GET"]}}],"collection":[{"href":"https:\/\/teslafm.net\/en\/wp-json\/wp\/v2\/pages"}],"about":[{"href":"https:\/\/teslafm.net\/en\/wp-json\/wp\/v2\/types\/page"}],"author":[{"embeddable":true,"href":"https:\/\/teslafm.net\/en\/wp-json\/wp\/v2\/users\/19"}],"replies":[{"embeddable":true,"href":"https:\/\/teslafm.net\/en\/wp-json\/wp\/v2\/comments?post=56250"}],"version-history":[{"count":1,"href":"https:\/\/teslafm.net\/en\/wp-json\/wp\/v2\/pages\/56250\/revisions"}],"predecessor-version":[{"id":56251,"href":"https:\/\/teslafm.net\/en\/wp-json\/wp\/v2\/pages\/56250\/revisions\/56251"}],"wp:attachment":[{"href":"https:\/\/teslafm.net\/en\/wp-json\/wp\/v2\/media?parent=56250"}],"curies":[{"name":"wp","href":"https:\/\/api.w.org\/{rel}","templated":true}]}}