

{"id":56263,"date":"2021-02-02T18:04:31","date_gmt":"2021-02-02T17:04:31","guid":{"rendered":"https:\/\/teslafm.net\/?page_id=56263"},"modified":"2021-02-02T18:25:12","modified_gmt":"2021-02-02T17:25:12","slug":"okno-okno-okno-27","status":"publish","type":"page","link":"https:\/\/teslafm.net\/en\/okno-okno-okno-27\/","title":{"rendered":"Okno Okno Okno Okno #27"},"content":{"rendered":"<h2><span style=\"color: #ffffff;\"><strong>Okno Okno Okno Okno #27<\/strong><\/span><\/h2>\n<p><span style=\"color: #808080;\"><em>February 2021<\/em><\/span><\/p>\n<p><iframe src=\"https:\/\/www.mixcloud.com\/widget\/iframe\/?hide_cover=1&amp;feed=%2FTeslafm_net%2Fokno-okno-okno-27-doza-glez-moriana%2F\" width=\"100%\" height=\"120\" frameborder=\"0\"><\/iframe><\/p>\n<p><img fetchpriority=\"high\" decoding=\"async\" class=\"alignnone size-full wp-image-56269\" src=\"https:\/\/teslafm.net\/wp-content\/uploads\/2021\/02\/OKNO-27.jpg\" alt=\"\" width=\"802\" height=\"802\" srcset=\"https:\/\/teslafm.net\/wp-content\/uploads\/2021\/02\/OKNO-27.jpg 802w, https:\/\/teslafm.net\/wp-content\/uploads\/2021\/02\/OKNO-27-300x300.jpg 300w, https:\/\/teslafm.net\/wp-content\/uploads\/2021\/02\/OKNO-27-150x150.jpg 150w, https:\/\/teslafm.net\/wp-content\/uploads\/2021\/02\/OKNO-27-768x768.jpg 768w\" sizes=\"(max-width: 802px) 100vw, 802px\" \/><\/p>\n<p><span style=\"color: #808080;\">This episode of the catastrophic radio fanzine, is about hospital soundscapes, children's scatological education, about the clandestine traditions of the Samizdat and Magnitizdat in the Soviet Union and the Venezuelan pre-Amazonian Caribbean.<\/span><\/p>","protected":false},"excerpt":{"rendered":"<p>Okno Okno Okno Okno #27 February 2021 This episode of the catastrophic radio fanzine, goes hospital soundscapes, children's scatological education, on the clandestine traditions of the Samizdat and Magnitizdat in the Soviet Union and the Venezuelan pre-Amazonian Caribbean.<\/p>","protected":false},"author":19,"featured_media":0,"parent":0,"menu_order":0,"comment_status":"closed","ping_status":"closed","template":"","meta":{"footnotes":""},"class_list":["post-56263","page","type-page","status-publish","hentry"],"yoast_head":"<!-- This site is optimized with the Yoast SEO plugin v27.5 - https:\/\/yoast.com\/product\/yoast-seo-wordpress\/ -->\n<title>Okno Okno Okno #27 -<\/title>\n<meta name=\"robots\" content=\"index, follow, max-snippet:-1, max-image-preview:large, max-video-preview:-1\" \/>\n<link rel=\"canonical\" href=\"https:\/\/teslafm.net\/en\/okno-okno-okno-27\/\" \/>\n<meta property=\"og:locale\" content=\"en_US\" \/>\n<meta property=\"og:type\" content=\"article\" \/>\n<meta property=\"og:title\" content=\"Okno Okno Okno #27 -\" \/>\n<meta property=\"og:description\" content=\"Okno Okno Okno #27 Febrero 2021 Este episodio del fanzine radiof\u00f3nico catastr\u00f3fico, va de paisajes sonoros hospitalarios, educaci\u00f3n escatol\u00f3gica infantil, sobre las tradiciones clandestinas de la Samizdat y Magnitizdat en la Uni\u00f3n Sovi\u00e9tica y el Caribe pre amaz\u00f3nico venezolano.\" \/>\n<meta property=\"og:url\" content=\"https:\/\/teslafm.net\/en\/okno-okno-okno-27\/\" \/>\n<meta property=\"article:publisher\" content=\"https:\/\/www.facebook.com\/teslafm.net\" \/>\n<meta property=\"article:modified_time\" content=\"2021-02-02T17:25:12+00:00\" \/>\n<meta property=\"og:image\" content=\"https:\/\/teslafm.net\/wp-content\/uploads\/2021\/02\/OKNO-27.jpg\" \/>\n<meta name=\"twitter:card\" content=\"summary_large_image\" \/>\n<meta name=\"twitter:site\" content=\"@teslafm\" \/>\n<meta name=\"twitter:label1\" content=\"Est. reading time\" \/>\n\t<meta name=\"twitter:data1\" content=\"1 minute\" \/>\n<script type=\"application\/ld+json\" class=\"yoast-schema-graph\">{\"@context\":\"https:\\\/\\\/schema.org\",\"@graph\":[{\"@type\":\"WebPage\",\"@id\":\"https:\\\/\\\/teslafm.net\\\/okno-okno-okno-27\\\/\",\"url\":\"https:\\\/\\\/teslafm.net\\\/okno-okno-okno-27\\\/\",\"name\":\"Okno Okno Okno #27 -\",\"isPartOf\":{\"@id\":\"https:\\\/\\\/teslafm.net\\\/#website\"},\"primaryImageOfPage\":{\"@id\":\"https:\\\/\\\/teslafm.net\\\/okno-okno-okno-27\\\/#primaryimage\"},\"image\":{\"@id\":\"https:\\\/\\\/teslafm.net\\\/okno-okno-okno-27\\\/#primaryimage\"},\"thumbnailUrl\":\"https:\\\/\\\/teslafm.net\\\/wp-content\\\/uploads\\\/2021\\\/02\\\/OKNO-27.jpg\",\"datePublished\":\"2021-02-02T17:04:31+00:00\",\"dateModified\":\"2021-02-02T17:25:12+00:00\",\"breadcrumb\":{\"@id\":\"https:\\\/\\\/teslafm.net\\\/okno-okno-okno-27\\\/#breadcrumb\"},\"inLanguage\":\"en-US\",\"potentialAction\":[{\"@type\":\"ReadAction\",\"target\":[\"https:\\\/\\\/teslafm.net\\\/okno-okno-okno-27\\\/\"]}]},{\"@type\":\"ImageObject\",\"inLanguage\":\"en-US\",\"@id\":\"https:\\\/\\\/teslafm.net\\\/okno-okno-okno-27\\\/#primaryimage\",\"url\":\"https:\\\/\\\/teslafm.net\\\/wp-content\\\/uploads\\\/2021\\\/02\\\/OKNO-27.jpg\",\"contentUrl\":\"https:\\\/\\\/teslafm.net\\\/wp-content\\\/uploads\\\/2021\\\/02\\\/OKNO-27.jpg\"},{\"@type\":\"BreadcrumbList\",\"@id\":\"https:\\\/\\\/teslafm.net\\\/okno-okno-okno-27\\\/#breadcrumb\",\"itemListElement\":[{\"@type\":\"ListItem\",\"position\":1,\"name\":\"Portada\",\"item\":\"https:\\\/\\\/teslafm.net\\\/\"},{\"@type\":\"ListItem\",\"position\":2,\"name\":\"Okno Okno Okno #27\"}]},{\"@type\":\"WebSite\",\"@id\":\"https:\\\/\\\/teslafm.net\\\/#website\",\"url\":\"https:\\\/\\\/teslafm.net\\\/\",\"name\":\"TeslaFM\",\"description\":\"An experimental and creative radio\",\"publisher\":{\"@id\":\"https:\\\/\\\/teslafm.net\\\/#organization\"},\"potentialAction\":[{\"@type\":\"SearchAction\",\"target\":{\"@type\":\"EntryPoint\",\"urlTemplate\":\"https:\\\/\\\/teslafm.net\\\/?s={search_term_string}\"},\"query-input\":{\"@type\":\"PropertyValueSpecification\",\"valueRequired\":true,\"valueName\":\"search_term_string\"}}],\"inLanguage\":\"en-US\"},{\"@type\":\"Organization\",\"@id\":\"https:\\\/\\\/teslafm.net\\\/#organization\",\"name\":\"TeslaFM\",\"url\":\"https:\\\/\\\/teslafm.net\\\/\",\"logo\":{\"@type\":\"ImageObject\",\"inLanguage\":\"en-US\",\"@id\":\"https:\\\/\\\/teslafm.net\\\/#\\\/schema\\\/logo\\\/image\\\/\",\"url\":\"https:\\\/\\\/teslafm.net\\\/wp-content\\\/uploads\\\/2020\\\/06\\\/logo-tesla.png\",\"contentUrl\":\"https:\\\/\\\/teslafm.net\\\/wp-content\\\/uploads\\\/2020\\\/06\\\/logo-tesla.png\",\"width\":512,\"height\":512,\"caption\":\"TeslaFM\"},\"image\":{\"@id\":\"https:\\\/\\\/teslafm.net\\\/#\\\/schema\\\/logo\\\/image\\\/\"},\"sameAs\":[\"https:\\\/\\\/www.facebook.com\\\/teslafm.net\",\"https:\\\/\\\/x.com\\\/teslafm\"]}]}<\/script>\n<!-- \/ Yoast SEO plugin. -->","yoast_head_json":{"title":"Okno Okno Okno Okno #27 -","robots":{"index":"index","follow":"follow","max-snippet":"max-snippet:-1","max-image-preview":"max-image-preview:large","max-video-preview":"max-video-preview:-1"},"canonical":"https:\/\/teslafm.net\/en\/okno-okno-okno-27\/","og_locale":"en_US","og_type":"article","og_title":"Okno Okno Okno #27 -","og_description":"Okno Okno Okno #27 Febrero 2021 Este episodio del fanzine radiof\u00f3nico catastr\u00f3fico, va de paisajes sonoros hospitalarios, educaci\u00f3n escatol\u00f3gica infantil, sobre las tradiciones clandestinas de la Samizdat y Magnitizdat en la Uni\u00f3n Sovi\u00e9tica y el Caribe pre amaz\u00f3nico venezolano.","og_url":"https:\/\/teslafm.net\/en\/okno-okno-okno-27\/","article_publisher":"https:\/\/www.facebook.com\/teslafm.net","article_modified_time":"2021-02-02T17:25:12+00:00","og_image":[{"url":"https:\/\/teslafm.net\/wp-content\/uploads\/2021\/02\/OKNO-27.jpg","type":"","width":"","height":""}],"twitter_card":"summary_large_image","twitter_site":"@teslafm","twitter_misc":{"Est. reading time":"1 minute"},"schema":{"@context":"https:\/\/schema.org","@graph":[{"@type":"WebPage","@id":"https:\/\/teslafm.net\/okno-okno-okno-27\/","url":"https:\/\/teslafm.net\/okno-okno-okno-27\/","name":"Okno Okno Okno Okno #27 -","isPartOf":{"@id":"https:\/\/teslafm.net\/#website"},"primaryImageOfPage":{"@id":"https:\/\/teslafm.net\/okno-okno-okno-27\/#primaryimage"},"image":{"@id":"https:\/\/teslafm.net\/okno-okno-okno-27\/#primaryimage"},"thumbnailUrl":"https:\/\/teslafm.net\/wp-content\/uploads\/2021\/02\/OKNO-27.jpg","datePublished":"2021-02-02T17:04:31+00:00","dateModified":"2021-02-02T17:25:12+00:00","breadcrumb":{"@id":"https:\/\/teslafm.net\/okno-okno-okno-27\/#breadcrumb"},"inLanguage":"en-US","potentialAction":[{"@type":"ReadAction","target":["https:\/\/teslafm.net\/okno-okno-okno-27\/"]}]},{"@type":"ImageObject","inLanguage":"en-US","@id":"https:\/\/teslafm.net\/okno-okno-okno-27\/#primaryimage","url":"https:\/\/teslafm.net\/wp-content\/uploads\/2021\/02\/OKNO-27.jpg","contentUrl":"https:\/\/teslafm.net\/wp-content\/uploads\/2021\/02\/OKNO-27.jpg"},{"@type":"BreadcrumbList","@id":"https:\/\/teslafm.net\/okno-okno-okno-27\/#breadcrumb","itemListElement":[{"@type":"ListItem","position":1,"name":"Portada","item":"https:\/\/teslafm.net\/"},{"@type":"ListItem","position":2,"name":"Okno Okno Okno #27"}]},{"@type":"WebSite","@id":"https:\/\/teslafm.net\/#website","url":"https:\/\/teslafm.net\/","name":"TeslaFM","description":"An experimental and creative radio","publisher":{"@id":"https:\/\/teslafm.net\/#organization"},"potentialAction":[{"@type":"SearchAction","target":{"@type":"EntryPoint","urlTemplate":"https:\/\/teslafm.net\/?s={search_term_string}"},"query-input":{"@type":"PropertyValueSpecification","valueRequired":true,"valueName":"search_term_string"}}],"inLanguage":"en-US"},{"@type":"Organization","@id":"https:\/\/teslafm.net\/#organization","name":"TeslaFM","url":"https:\/\/teslafm.net\/","logo":{"@type":"ImageObject","inLanguage":"en-US","@id":"https:\/\/teslafm.net\/#\/schema\/logo\/image\/","url":"https:\/\/teslafm.net\/wp-content\/uploads\/2020\/06\/logo-tesla.png","contentUrl":"https:\/\/teslafm.net\/wp-content\/uploads\/2020\/06\/logo-tesla.png","width":512,"height":512,"caption":"TeslaFM"},"image":{"@id":"https:\/\/teslafm.net\/#\/schema\/logo\/image\/"},"sameAs":["https:\/\/www.facebook.com\/teslafm.net","https:\/\/x.com\/teslafm"]}]}},"rttpg_featured_image_url":null,"rttpg_author":{"display_name":"Ishak","author_link":"https:\/\/teslafm.net\/en\/author\/cravan\/"},"rttpg_comment":0,"rttpg_category":null,"rttpg_excerpt":"Okno Okno Okno #27 Febrero 2021 Este episodio del fanzine radiof\u00f3nico catastr\u00f3fico, va de paisajes sonoros hospitalarios, educaci\u00f3n escatol\u00f3gica infantil, sobre las tradiciones clandestinas de la Samizdat y Magnitizdat en la Uni\u00f3n Sovi\u00e9tica y el Caribe pre amaz\u00f3nico venezolano.","_links":{"self":[{"href":"https:\/\/teslafm.net\/en\/wp-json\/wp\/v2\/pages\/56263","targetHints":{"allow":["GET"]}}],"collection":[{"href":"https:\/\/teslafm.net\/en\/wp-json\/wp\/v2\/pages"}],"about":[{"href":"https:\/\/teslafm.net\/en\/wp-json\/wp\/v2\/types\/page"}],"author":[{"embeddable":true,"href":"https:\/\/teslafm.net\/en\/wp-json\/wp\/v2\/users\/19"}],"replies":[{"embeddable":true,"href":"https:\/\/teslafm.net\/en\/wp-json\/wp\/v2\/comments?post=56263"}],"version-history":[{"count":3,"href":"https:\/\/teslafm.net\/en\/wp-json\/wp\/v2\/pages\/56263\/revisions"}],"predecessor-version":[{"id":56273,"href":"https:\/\/teslafm.net\/en\/wp-json\/wp\/v2\/pages\/56263\/revisions\/56273"}],"wp:attachment":[{"href":"https:\/\/teslafm.net\/en\/wp-json\/wp\/v2\/media?parent=56263"}],"curies":[{"name":"wp","href":"https:\/\/api.w.org\/{rel}","templated":true}]}}