

{"id":56435,"date":"2020-12-05T22:47:11","date_gmt":"2020-12-05T21:47:11","guid":{"rendered":"https:\/\/teslafm.net\/?page_id=56435"},"modified":"2022-09-06T17:12:31","modified_gmt":"2022-09-06T15:12:31","slug":"maracalab","status":"publish","type":"page","link":"https:\/\/teslafm.net\/en\/maracalab\/","title":{"rendered":"Maracalab"},"content":{"rendered":"\t\t<div data-elementor-type=\"wp-page\" data-elementor-id=\"56435\" class=\"elementor elementor-56435\">\n\t\t\t\t\t\t<section class=\"elementor-section elementor-top-section elementor-element elementor-element-b212677 elementor-section-boxed elementor-section-height-default elementor-section-height-default\" data-id=\"b212677\" data-element_type=\"section\" data-e-type=\"section\">\n\t\t\t\t\t\t<div class=\"elementor-container elementor-column-gap-default\">\n\t\t\t\t\t<div class=\"elementor-column elementor-col-33 elementor-top-column elementor-element elementor-element-6118bb1\" data-id=\"6118bb1\" data-element_type=\"column\" data-e-type=\"column\">\n\t\t\t<div class=\"elementor-widget-wrap elementor-element-populated\">\n\t\t\t\t\t\t<div class=\"elementor-element elementor-element-379f1d1 elementor-widget elementor-widget-image\" data-id=\"379f1d1\" data-element_type=\"widget\" data-e-type=\"widget\" data-widget_type=\"image.default\">\n\t\t\t\t<div class=\"elementor-widget-container\">\n\t\t\t\t\t\t\t\t\t\t\t\t\t\t\t<img fetchpriority=\"high\" decoding=\"async\" width=\"300\" height=\"300\" src=\"https:\/\/teslafm.net\/wp-content\/uploads\/2021\/01\/Foto-equip1-300x300.jpeg\" class=\"attachment-medium size-medium wp-image-55999\" alt=\"\" srcset=\"https:\/\/teslafm.net\/wp-content\/uploads\/2021\/01\/Foto-equip1-300x300.jpeg 300w, https:\/\/teslafm.net\/wp-content\/uploads\/2021\/01\/Foto-equip1-1024x1024.jpeg 1024w, https:\/\/teslafm.net\/wp-content\/uploads\/2021\/01\/Foto-equip1-150x150.jpeg 150w, https:\/\/teslafm.net\/wp-content\/uploads\/2021\/01\/Foto-equip1-768x767.jpeg 768w, https:\/\/teslafm.net\/wp-content\/uploads\/2021\/01\/Foto-equip1.jpeg 1080w\" sizes=\"(max-width: 300px) 100vw, 300px\" \/>\t\t\t\t\t\t\t\t\t\t\t\t\t\t\t<\/div>\n\t\t\t\t<\/div>\n\t\t\t\t\t<\/div>\n\t\t<\/div>\n\t\t\t\t<div class=\"elementor-column elementor-col-33 elementor-top-column elementor-element elementor-element-43a39e8\" data-id=\"43a39e8\" data-element_type=\"column\" data-e-type=\"column\" data-settings=\"{&quot;background_background&quot;:&quot;classic&quot;}\">\n\t\t\t<div class=\"elementor-widget-wrap elementor-element-populated\">\n\t\t\t\t\t\t<div class=\"elementor-element elementor-element-985497d elementor-widget elementor-widget-heading\" data-id=\"985497d\" data-element_type=\"widget\" data-e-type=\"widget\" data-widget_type=\"heading.default\">\n\t\t\t\t<div class=\"elementor-widget-container\">\n\t\t\t\t\t<h2 class=\"elementor-heading-title elementor-size-default\">MANUELA FRUD\u00c1, MAR MERINO &amp; EDI POU<\/h2>\t\t\t\t<\/div>\n\t\t\t\t<\/div>\n\t\t\t\t<div class=\"elementor-element elementor-element-924455b elementor-widget elementor-widget-text-editor\" data-id=\"924455b\" data-element_type=\"widget\" data-e-type=\"widget\" data-widget_type=\"text-editor.default\">\n\t\t\t\t<div class=\"elementor-widget-container\">\n\t\t\t\t\t\t\t\t\t<p><strong>Edi Pou<\/strong> es buena gente, m\u00fasico, periodista, director art\u00edstico, comisario y activista cultural. Es miembro de la banda <a href=\"https:\/\/megaflow.bandcamp.com\/\" target=\"_blank\" rel=\"noopener\">Za!<\/a><\/p><p><strong>Manuela Frud\u00e1<\/strong> es antirracista, feminista y activista, gestora y comunicadora de proyectos socioculturales.<\/p><p><strong>Mar Merino<\/strong> es una currela de la cultura, gestora y comunicadora de proyectos art\u00edsticos y culturales. Es co-fundadora de <a href=\"https:\/\/www.thegoodgood.org\/\" target=\"_blank\" rel=\"noopener\">The Good Good<\/a><\/p>\t\t\t\t\t\t\t\t<\/div>\n\t\t\t\t<\/div>\n\t\t\t\t\t<\/div>\n\t\t<\/div>\n\t\t\t\t<div class=\"elementor-column elementor-col-33 elementor-top-column elementor-element elementor-element-e81e85d\" data-id=\"e81e85d\" data-element_type=\"column\" data-e-type=\"column\" data-settings=\"{&quot;background_background&quot;:&quot;classic&quot;}\">\n\t\t\t<div class=\"elementor-widget-wrap elementor-element-populated\">\n\t\t\t\t\t\t<div class=\"elementor-element elementor-element-3b448d1 elementor-widget elementor-widget-heading\" data-id=\"3b448d1\" data-element_type=\"widget\" data-e-type=\"widget\" data-widget_type=\"heading.default\">\n\t\t\t\t<div class=\"elementor-widget-container\">\n\t\t\t\t\t<h2 class=\"elementor-heading-title elementor-size-default\">MARACALAB<\/h2>\t\t\t\t<\/div>\n\t\t\t\t<\/div>\n\t\t\t\t<div class=\"elementor-element elementor-element-7c7cd51 elementor-widget elementor-widget-text-editor\" data-id=\"7c7cd51\" data-element_type=\"widget\" data-e-type=\"widget\" data-widget_type=\"text-editor.default\">\n\t\t\t\t<div class=\"elementor-widget-container\">\n\t\t\t\t\t\t\t\t\t<p><span style=\"color: #808080;\">MaracaLab [relatos y realidades de los colectivos independientes de la cultura] es un laboratorio digital art\u00edstico-cultural, un espacio de investigaci\u00f3n, documentaci\u00f3n, creaci\u00f3n y comunicaci\u00f3n art\u00edstica y cultural en torno al formato podcast. Producido por <b>Manuela Frud\u00e1, Mar Merino y Edi Pou<\/b>.<\/span><\/p>\t\t\t\t\t\t\t\t<\/div>\n\t\t\t\t<\/div>\n\t\t\t\t\t<\/div>\n\t\t<\/div>\n\t\t\t\t\t<\/div>\n\t\t<\/section>\n\t\t\t\t<section class=\"elementor-section elementor-top-section elementor-element elementor-element-2b0e7c9 elementor-section-boxed elementor-section-height-default elementor-section-height-default\" data-id=\"2b0e7c9\" data-element_type=\"section\" data-e-type=\"section\">\n\t\t\t\t\t\t<div class=\"elementor-container elementor-column-gap-default\">\n\t\t\t\t\t<div class=\"elementor-column elementor-col-25 elementor-top-column elementor-element elementor-element-4de86f7\" data-id=\"4de86f7\" data-element_type=\"column\" data-e-type=\"column\">\n\t\t\t<div class=\"elementor-widget-wrap elementor-element-populated\">\n\t\t\t\t\t\t<div class=\"elementor-element elementor-element-dbea4fa elementor-widget elementor-widget-testimonial\" data-id=\"dbea4fa\" data-element_type=\"widget\" data-e-type=\"widget\" data-widget_type=\"testimonial.default\">\n\t\t\t\t<div class=\"elementor-widget-container\">\n\t\t\t\t\t\t\t<div class=\"elementor-testimonial-wrapper\">\n\t\t\t\t\t\t\t<div class=\"elementor-testimonial-content\">Si te gusta MaracaLab, te recomendamos:<\/div>\n\t\t\t\n\t\t\t\t\t\t<div class=\"elementor-testimonial-meta elementor-has-image elementor-testimonial-image-position-aside\">\n\t\t\t\t<div class=\"elementor-testimonial-meta-inner\">\n\t\t\t\t\t\t\t\t\t\t\t<div class=\"elementor-testimonial-image\">\n\t\t\t\t\t\t\t<a href=\"https:\/\/teslafm.net\/el-ruido-es-el-mensaje\/\" target=\"_blank\"><img decoding=\"async\" src=\"https:\/\/teslafm.net\/wp-content\/uploads\/elementor\/thumbs\/EL-RUIDO-ISOLOGO-2020-NEG-p2bina26mljjf88b578lyhbpi1fr7wiw51vqtlr1ym.png\" title=\"EL-RUIDO-ISOLOGO-2020-NEG\" alt=\"EL-RUIDO-ISOLOGO-2020-NEG\" loading=\"lazy\" \/><\/a>\t\t\t\t\t\t<\/div>\n\t\t\t\t\t\n\t\t\t\t\t\t\t\t\t\t<div class=\"elementor-testimonial-details\">\n\t\t\t\t\t\t\t\t\t\t\t\t\t\t<a class=\"elementor-testimonial-name\" href=\"https:\/\/teslafm.net\/el-ruido-es-el-mensaje\/\" target=\"_blank\">El RUIDO es el Mensaje<\/a>\n\t\t\t\t\t\t\t\t\t\t\t\t\t\t\t\t\t\t\t\t\t\t<a class=\"elementor-testimonial-job\" href=\"https:\/\/teslafm.net\/el-ruido-es-el-mensaje\/\" target=\"_blank\">Franco Falistoco<\/a>\n\t\t\t\t\t\t\t\t\t\t\t\t\t<\/div>\n\t\t\t\t\t\t\t\t\t<\/div>\n\t\t\t<\/div>\n\t\t\t\t\t<\/div>\n\t\t\t\t\t\t<\/div>\n\t\t\t\t<\/div>\n\t\t\t\t\t<\/div>\n\t\t<\/div>\n\t\t\t\t<div class=\"elementor-column elementor-col-25 elementor-top-column elementor-element elementor-element-cdba447\" data-id=\"cdba447\" data-element_type=\"column\" data-e-type=\"column\">\n\t\t\t<div class=\"elementor-widget-wrap\">\n\t\t\t\t\t\t\t<\/div>\n\t\t<\/div>\n\t\t\t\t<div class=\"elementor-column elementor-col-25 elementor-top-column elementor-element elementor-element-843909f\" data-id=\"843909f\" data-element_type=\"column\" data-e-type=\"column\">\n\t\t\t<div class=\"elementor-widget-wrap\">\n\t\t\t\t\t\t\t<\/div>\n\t\t<\/div>\n\t\t\t\t<div class=\"elementor-column elementor-col-25 elementor-top-column elementor-element elementor-element-e7ed3bc\" data-id=\"e7ed3bc\" data-element_type=\"column\" data-e-type=\"column\">\n\t\t\t<div class=\"elementor-widget-wrap\">\n\t\t\t\t\t\t\t<\/div>\n\t\t<\/div>\n\t\t\t\t\t<\/div>\n\t\t<\/section>\n\t\t\t\t<section class=\"elementor-section elementor-top-section elementor-element elementor-element-69f45d3 elementor-section-boxed elementor-section-height-default elementor-section-height-default\" data-id=\"69f45d3\" data-element_type=\"section\" data-e-type=\"section\">\n\t\t\t\t\t\t<div class=\"elementor-container elementor-column-gap-default\">\n\t\t\t\t\t<div class=\"elementor-column elementor-col-100 elementor-top-column elementor-element elementor-element-45f7d59\" data-id=\"45f7d59\" data-element_type=\"column\" data-e-type=\"column\">\n\t\t\t<div class=\"elementor-widget-wrap elementor-element-populated\">\n\t\t\t\t\t\t<div class=\"elementor-element elementor-element-b898f86 elementor-widget elementor-widget-spacer\" data-id=\"b898f86\" data-element_type=\"widget\" data-e-type=\"widget\" data-widget_type=\"spacer.default\">\n\t\t\t\t<div class=\"elementor-widget-container\">\n\t\t\t\t\t\t\t<div class=\"elementor-spacer\">\n\t\t\t<div class=\"elementor-spacer-inner\"><\/div>\n\t\t<\/div>\n\t\t\t\t\t\t<\/div>\n\t\t\t\t<\/div>\n\t\t\t\t\t<\/div>\n\t\t<\/div>\n\t\t\t\t\t<\/div>\n\t\t<\/section>\n\t\t\t\t<section class=\"elementor-section elementor-top-section elementor-element elementor-element-3e76db3 elementor-section-boxed elementor-section-height-default elementor-section-height-default\" data-id=\"3e76db3\" data-element_type=\"section\" data-e-type=\"section\">\n\t\t\t\t\t\t<div class=\"elementor-container elementor-column-gap-default\">\n\t\t\t\t\t<div class=\"elementor-column elementor-col-100 elementor-top-column elementor-element elementor-element-ceae202\" data-id=\"ceae202\" data-element_type=\"column\" data-e-type=\"column\">\n\t\t\t<div class=\"elementor-widget-wrap elementor-element-populated\">\n\t\t\t\t\t\t<div class=\"elementor-element elementor-element-34fb690 elementor-widget elementor-widget-text-editor\" data-id=\"34fb690\" data-element_type=\"widget\" data-e-type=\"widget\" data-widget_type=\"text-editor.default\">\n\t\t\t\t<div class=\"elementor-widget-container\">\n\t\t\t\t\t\t\t\t\t<p><a href=\"https:\/\/teslafm.net\/maracalab-11\"><strong>MaracaLab #11 \/ + info<\/strong> <\/a><span style=\"color: #808080;\"><em>Septiembre 2022<\/em><\/span><\/p><p><iframe src=\"https:\/\/www.mixcloud.com\/widget\/iframe\/?hide_cover=1&amp;feed=%2FTeslafm_net%2Fmaracalab-11-frud%C3%A0-merino-pou%2F\" width=\"100%\" height=\"120\" frameborder=\"0\"><\/iframe><\/p><p><a href=\"https:\/\/teslafm.net\/maracalab-10\/\"><strong>MaracaLab #10 \/ + info<\/strong><\/a> <span style=\"color: #808080;\"><em>Junio 2022<\/em><\/span><\/p><p><iframe src=\"https:\/\/www.mixcloud.com\/widget\/iframe\/?hide_cover=1&amp;feed=%2FTeslafm_net%2Fmaracalab-10-frud%C3%A0-merino-pou%2F\" width=\"100%\" height=\"120\" frameborder=\"0\"><\/iframe><\/p><p><a href=\"https:\/\/teslafm.net\/maracalab-9\/\"><strong>MaracaLab #9 \/ + info<\/strong> <\/a><span style=\"color: #808080;\"><em>Febrero 2022<\/em><\/span><\/p><p><iframe src=\"https:\/\/www.mixcloud.com\/widget\/iframe\/?hide_cover=1&amp;feed=%2FTeslafm_net%2Fmaracalab-9-frud%C3%A0-merino-pou%2F\" width=\"100%\" height=\"120\" frameborder=\"0\"><\/iframe><\/p><p><a href=\"https:\/\/teslafm.net\/maracalab-8\/\"><strong>MaracaLab #8 \/ + info<\/strong><\/a> <span style=\"color: #808080;\"><em>Enero 2022<\/em><\/span><\/p><p><iframe src=\"https:\/\/www.mixcloud.com\/widget\/iframe\/?hide_cover=1&amp;feed=%2FTeslafm_net%2Fmaracalab-8-frud%C3%A0-merino-pou%2F\" width=\"100%\" height=\"120\" frameborder=\"0\"><\/iframe><\/p><p><a href=\"https:\/\/teslafm.net\/maracalab-7\/\"><strong>MaracaLab #7 \/ + info<\/strong> <\/a><span style=\"color: #808080;\"><em>Octubre 2021<\/em><\/span><\/p><p><iframe src=\"https:\/\/www.mixcloud.com\/widget\/iframe\/?hide_cover=1&amp;feed=%2FTeslafm_net%2Fmaracalab-7-frud%C3%A0-merino-pou%2F\" width=\"100%\" height=\"120\" frameborder=\"0\"><\/iframe><\/p><p><a href=\"https:\/\/teslafm.net\/maracalab-6\/\"><strong>MaracaLab #6 \/ + info<\/strong> <\/a><span style=\"color: #808080;\"><em>Septiembre 2021<\/em><\/span><\/p><p><iframe src=\"https:\/\/www.mixcloud.com\/widget\/iframe\/?hide_cover=1&amp;feed=%2FTeslafm_net%2Fmaracalab-6-frud%C3%A0-merino-pou%2F\" width=\"100%\" height=\"120\" frameborder=\"0\"><\/iframe><\/p><p><a href=\"https:\/\/teslafm.net\/maracalab-5\/\"><strong>MaracaLab #5 \/ + info<\/strong><\/a> <span style=\"color: #808080;\"><em>Junio 2020<\/em><\/span><\/p><p><iframe src=\"https:\/\/www.mixcloud.com\/widget\/iframe\/?hide_cover=1&amp;feed=%2FTeslafm_net%2Fmaracalab-5-frud%C3%A0-merino-pou%2F\" width=\"100%\" height=\"120\" frameborder=\"0\"><\/iframe><\/p><p><a href=\"https:\/\/teslafm.net\/maracalab-4\/\"><strong>MaracaLab #4 \/ + info<\/strong><\/a> <span style=\"color: #808080;\"><em>3 de Mayo 2021<\/em><\/span><\/p><p><iframe src=\"https:\/\/www.mixcloud.com\/widget\/iframe\/?hide_cover=1&amp;feed=%2FTeslafm_net%2Fmaracalab-4-frud%C3%A0-merino-pou%2F\" width=\"100%\" height=\"120\" frameborder=\"0\"><\/iframe><\/p><p><a href=\"https:\/\/teslafm.net\/maracalab-3\/\"><strong>MaracaLab #3 \/ + info<\/strong> <\/a><span style=\"color: #808080;\"><em>Marzo 2021<\/em><\/span><\/p><p><iframe src=\"https:\/\/www.mixcloud.com\/widget\/iframe\/?hide_cover=1&amp;feed=%2FTeslafm_net%2Fmaracalab-3-frud%C3%A1-merino-pou%2F\" width=\"100%\" height=\"120\" frameborder=\"0\"><\/iframe><\/p><p><a href=\"https:\/\/teslafm.net\/maracalab-2\/\"><strong>MaracaLab #2 \/ + info<\/strong><\/a> <span style=\"color: #808080;\"><em>Febrero 2021<\/em><\/span><\/p><p><iframe src=\"https:\/\/www.mixcloud.com\/widget\/iframe\/?hide_cover=1&amp;feed=%2FTeslafm_net%2Fmaracalab-2-frud%C3%A1-merino-pou%2F\" width=\"100%\" height=\"120\" frameborder=\"0\"><\/iframe><\/p><p><a href=\"https:\/\/teslafm.net\/maracalab-1\/\"><strong>MaracaLab #1 \/ + info<\/strong><\/a> <span style=\"color: #808080;\"><em>Enero 2021<\/em><\/span><\/p><p><iframe src=\"https:\/\/www.mixcloud.com\/widget\/iframe\/?hide_cover=1&amp;feed=%2FTeslafm_net%2Fmaraca-lab-1-frud%C3%A1-merino-pou%2F\" width=\"100%\" height=\"120\" frameborder=\"0\"><\/iframe><\/p>\t\t\t\t\t\t\t\t<\/div>\n\t\t\t\t<\/div>\n\t\t\t\t\t<\/div>\n\t\t<\/div>\n\t\t\t\t\t<\/div>\n\t\t<\/section>\n\t\t\t\t<\/div>\n\t\t","protected":false},"excerpt":{"rendered":"<p>MANUELA FRUD\u00c1, MAR MERINO &#038; EDI POU Edi Pou es buena gente, m\u00fasico, periodista, director art\u00edstico, comisario y activista cultural. Es miembro de la banda Za! Manuela Frud\u00e1 es antirracista, feminista y activista, gestora y comunicadora de proyectos socioculturales. Mar Merino es una currela de la cultura, gestora y comunicadora de proyectos art\u00edsticos y culturales. [&hellip;]<\/p>\n","protected":false},"author":19,"featured_media":0,"parent":0,"menu_order":0,"comment_status":"closed","ping_status":"closed","template":"","meta":{"footnotes":""},"class_list":["post-56435","page","type-page","status-publish","hentry"],"yoast_head":"<!-- This site is optimized with the Yoast SEO plugin v27.4 - https:\/\/yoast.com\/product\/yoast-seo-wordpress\/ -->\n<title>Maracalab -<\/title>\n<meta name=\"robots\" content=\"index, follow, max-snippet:-1, max-image-preview:large, max-video-preview:-1\" \/>\n<link rel=\"canonical\" href=\"https:\/\/teslafm.net\/en\/maracalab\/\" \/>\n<meta property=\"og:locale\" content=\"en_US\" \/>\n<meta property=\"og:type\" content=\"article\" \/>\n<meta property=\"og:title\" content=\"Maracalab -\" \/>\n<meta property=\"og:description\" content=\"MANUELA FRUD\u00c1, MAR MERINO &#038; EDI POU Edi Pou es buena gente, m\u00fasico, periodista, director art\u00edstico, comisario y activista cultural. Es miembro de la banda Za! Manuela Frud\u00e1 es antirracista, feminista y activista, gestora y comunicadora de proyectos socioculturales. Mar Merino es una currela de la cultura, gestora y comunicadora de proyectos art\u00edsticos y culturales. [&hellip;]\" \/>\n<meta property=\"og:url\" content=\"https:\/\/teslafm.net\/en\/maracalab\/\" \/>\n<meta property=\"article:publisher\" content=\"https:\/\/www.facebook.com\/teslafm.net\" \/>\n<meta property=\"article:modified_time\" content=\"2022-09-06T15:12:31+00:00\" \/>\n<meta property=\"og:image\" content=\"https:\/\/teslafm.net\/wp-content\/uploads\/2021\/01\/Foto-equip1-300x300.jpeg\" \/>\n<meta name=\"twitter:card\" content=\"summary_large_image\" \/>\n<meta name=\"twitter:site\" content=\"@teslafm\" \/>\n<meta name=\"twitter:label1\" content=\"Est. reading time\" \/>\n\t<meta name=\"twitter:data1\" content=\"2 minutes\" \/>\n<script type=\"application\/ld+json\" class=\"yoast-schema-graph\">{\"@context\":\"https:\\\/\\\/schema.org\",\"@graph\":[{\"@type\":\"WebPage\",\"@id\":\"https:\\\/\\\/teslafm.net\\\/maracalab\\\/\",\"url\":\"https:\\\/\\\/teslafm.net\\\/maracalab\\\/\",\"name\":\"Maracalab -\",\"isPartOf\":{\"@id\":\"https:\\\/\\\/teslafm.net\\\/#website\"},\"primaryImageOfPage\":{\"@id\":\"https:\\\/\\\/teslafm.net\\\/maracalab\\\/#primaryimage\"},\"image\":{\"@id\":\"https:\\\/\\\/teslafm.net\\\/maracalab\\\/#primaryimage\"},\"thumbnailUrl\":\"https:\\\/\\\/teslafm.net\\\/wp-content\\\/uploads\\\/2021\\\/01\\\/Foto-equip1-300x300.jpeg\",\"datePublished\":\"2020-12-05T21:47:11+00:00\",\"dateModified\":\"2022-09-06T15:12:31+00:00\",\"breadcrumb\":{\"@id\":\"https:\\\/\\\/teslafm.net\\\/maracalab\\\/#breadcrumb\"},\"inLanguage\":\"en-US\",\"potentialAction\":[{\"@type\":\"ReadAction\",\"target\":[\"https:\\\/\\\/teslafm.net\\\/maracalab\\\/\"]}]},{\"@type\":\"ImageObject\",\"inLanguage\":\"en-US\",\"@id\":\"https:\\\/\\\/teslafm.net\\\/maracalab\\\/#primaryimage\",\"url\":\"https:\\\/\\\/teslafm.net\\\/wp-content\\\/uploads\\\/2021\\\/01\\\/Foto-equip1-300x300.jpeg\",\"contentUrl\":\"https:\\\/\\\/teslafm.net\\\/wp-content\\\/uploads\\\/2021\\\/01\\\/Foto-equip1-300x300.jpeg\"},{\"@type\":\"BreadcrumbList\",\"@id\":\"https:\\\/\\\/teslafm.net\\\/maracalab\\\/#breadcrumb\",\"itemListElement\":[{\"@type\":\"ListItem\",\"position\":1,\"name\":\"Portada\",\"item\":\"https:\\\/\\\/teslafm.net\\\/\"},{\"@type\":\"ListItem\",\"position\":2,\"name\":\"Maracalab\"}]},{\"@type\":\"WebSite\",\"@id\":\"https:\\\/\\\/teslafm.net\\\/#website\",\"url\":\"https:\\\/\\\/teslafm.net\\\/\",\"name\":\"TeslaFM\",\"description\":\"An experimental and creative radio\",\"publisher\":{\"@id\":\"https:\\\/\\\/teslafm.net\\\/#organization\"},\"potentialAction\":[{\"@type\":\"SearchAction\",\"target\":{\"@type\":\"EntryPoint\",\"urlTemplate\":\"https:\\\/\\\/teslafm.net\\\/?s={search_term_string}\"},\"query-input\":{\"@type\":\"PropertyValueSpecification\",\"valueRequired\":true,\"valueName\":\"search_term_string\"}}],\"inLanguage\":\"en-US\"},{\"@type\":\"Organization\",\"@id\":\"https:\\\/\\\/teslafm.net\\\/#organization\",\"name\":\"TeslaFM\",\"url\":\"https:\\\/\\\/teslafm.net\\\/\",\"logo\":{\"@type\":\"ImageObject\",\"inLanguage\":\"en-US\",\"@id\":\"https:\\\/\\\/teslafm.net\\\/#\\\/schema\\\/logo\\\/image\\\/\",\"url\":\"https:\\\/\\\/teslafm.net\\\/wp-content\\\/uploads\\\/2020\\\/06\\\/logo-tesla.png\",\"contentUrl\":\"https:\\\/\\\/teslafm.net\\\/wp-content\\\/uploads\\\/2020\\\/06\\\/logo-tesla.png\",\"width\":512,\"height\":512,\"caption\":\"TeslaFM\"},\"image\":{\"@id\":\"https:\\\/\\\/teslafm.net\\\/#\\\/schema\\\/logo\\\/image\\\/\"},\"sameAs\":[\"https:\\\/\\\/www.facebook.com\\\/teslafm.net\",\"https:\\\/\\\/x.com\\\/teslafm\"]}]}<\/script>\n<!-- \/ Yoast SEO plugin. -->","yoast_head_json":{"title":"Maracalab -","robots":{"index":"index","follow":"follow","max-snippet":"max-snippet:-1","max-image-preview":"max-image-preview:large","max-video-preview":"max-video-preview:-1"},"canonical":"https:\/\/teslafm.net\/en\/maracalab\/","og_locale":"en_US","og_type":"article","og_title":"Maracalab -","og_description":"MANUELA FRUD\u00c1, MAR MERINO &#038; EDI POU Edi Pou es buena gente, m\u00fasico, periodista, director art\u00edstico, comisario y activista cultural. Es miembro de la banda Za! Manuela Frud\u00e1 es antirracista, feminista y activista, gestora y comunicadora de proyectos socioculturales. Mar Merino es una currela de la cultura, gestora y comunicadora de proyectos art\u00edsticos y culturales. [&hellip;]","og_url":"https:\/\/teslafm.net\/en\/maracalab\/","article_publisher":"https:\/\/www.facebook.com\/teslafm.net","article_modified_time":"2022-09-06T15:12:31+00:00","og_image":[{"url":"https:\/\/teslafm.net\/wp-content\/uploads\/2021\/01\/Foto-equip1-300x300.jpeg","type":"","width":"","height":""}],"twitter_card":"summary_large_image","twitter_site":"@teslafm","twitter_misc":{"Est. reading time":"2 minutes"},"schema":{"@context":"https:\/\/schema.org","@graph":[{"@type":"WebPage","@id":"https:\/\/teslafm.net\/maracalab\/","url":"https:\/\/teslafm.net\/maracalab\/","name":"Maracalab -","isPartOf":{"@id":"https:\/\/teslafm.net\/#website"},"primaryImageOfPage":{"@id":"https:\/\/teslafm.net\/maracalab\/#primaryimage"},"image":{"@id":"https:\/\/teslafm.net\/maracalab\/#primaryimage"},"thumbnailUrl":"https:\/\/teslafm.net\/wp-content\/uploads\/2021\/01\/Foto-equip1-300x300.jpeg","datePublished":"2020-12-05T21:47:11+00:00","dateModified":"2022-09-06T15:12:31+00:00","breadcrumb":{"@id":"https:\/\/teslafm.net\/maracalab\/#breadcrumb"},"inLanguage":"en-US","potentialAction":[{"@type":"ReadAction","target":["https:\/\/teslafm.net\/maracalab\/"]}]},{"@type":"ImageObject","inLanguage":"en-US","@id":"https:\/\/teslafm.net\/maracalab\/#primaryimage","url":"https:\/\/teslafm.net\/wp-content\/uploads\/2021\/01\/Foto-equip1-300x300.jpeg","contentUrl":"https:\/\/teslafm.net\/wp-content\/uploads\/2021\/01\/Foto-equip1-300x300.jpeg"},{"@type":"BreadcrumbList","@id":"https:\/\/teslafm.net\/maracalab\/#breadcrumb","itemListElement":[{"@type":"ListItem","position":1,"name":"Portada","item":"https:\/\/teslafm.net\/"},{"@type":"ListItem","position":2,"name":"Maracalab"}]},{"@type":"WebSite","@id":"https:\/\/teslafm.net\/#website","url":"https:\/\/teslafm.net\/","name":"TeslaFM","description":"An experimental and creative radio","publisher":{"@id":"https:\/\/teslafm.net\/#organization"},"potentialAction":[{"@type":"SearchAction","target":{"@type":"EntryPoint","urlTemplate":"https:\/\/teslafm.net\/?s={search_term_string}"},"query-input":{"@type":"PropertyValueSpecification","valueRequired":true,"valueName":"search_term_string"}}],"inLanguage":"en-US"},{"@type":"Organization","@id":"https:\/\/teslafm.net\/#organization","name":"TeslaFM","url":"https:\/\/teslafm.net\/","logo":{"@type":"ImageObject","inLanguage":"en-US","@id":"https:\/\/teslafm.net\/#\/schema\/logo\/image\/","url":"https:\/\/teslafm.net\/wp-content\/uploads\/2020\/06\/logo-tesla.png","contentUrl":"https:\/\/teslafm.net\/wp-content\/uploads\/2020\/06\/logo-tesla.png","width":512,"height":512,"caption":"TeslaFM"},"image":{"@id":"https:\/\/teslafm.net\/#\/schema\/logo\/image\/"},"sameAs":["https:\/\/www.facebook.com\/teslafm.net","https:\/\/x.com\/teslafm"]}]}},"rttpg_featured_image_url":null,"rttpg_author":{"display_name":"Ishak","author_link":"https:\/\/teslafm.net\/en\/author\/cravan\/"},"rttpg_comment":0,"rttpg_category":null,"rttpg_excerpt":"MANUELA FRUD\u00c1, MAR MERINO &#038; EDI POU Edi Pou es buena gente, m\u00fasico, periodista, director art\u00edstico, comisario y activista cultural. Es miembro de la banda Za! Manuela Frud\u00e1 es antirracista, feminista y activista, gestora y comunicadora de proyectos socioculturales. Mar Merino es una currela de la cultura, gestora y comunicadora de proyectos art\u00edsticos y culturales.&hellip;","_links":{"self":[{"href":"https:\/\/teslafm.net\/en\/wp-json\/wp\/v2\/pages\/56435","targetHints":{"allow":["GET"]}}],"collection":[{"href":"https:\/\/teslafm.net\/en\/wp-json\/wp\/v2\/pages"}],"about":[{"href":"https:\/\/teslafm.net\/en\/wp-json\/wp\/v2\/types\/page"}],"author":[{"embeddable":true,"href":"https:\/\/teslafm.net\/en\/wp-json\/wp\/v2\/users\/19"}],"replies":[{"embeddable":true,"href":"https:\/\/teslafm.net\/en\/wp-json\/wp\/v2\/comments?post=56435"}],"version-history":[{"count":15,"href":"https:\/\/teslafm.net\/en\/wp-json\/wp\/v2\/pages\/56435\/revisions"}],"predecessor-version":[{"id":60208,"href":"https:\/\/teslafm.net\/en\/wp-json\/wp\/v2\/pages\/56435\/revisions\/60208"}],"wp:attachment":[{"href":"https:\/\/teslafm.net\/en\/wp-json\/wp\/v2\/media?parent=56435"}],"curies":[{"name":"wp","href":"https:\/\/api.w.org\/{rel}","templated":true}]}}